{"id":985,"date":"2023-06-08T08:50:59","date_gmt":"2023-06-08T08:50:59","guid":{"rendered":"https:\/\/etnoart.amsel.ee\/?post_type=product&#038;p=985"},"modified":"2025-10-09T15:56:33","modified_gmt":"2025-10-09T15:56:33","slug":"kapi-kaepide","status":"publish","type":"product","link":"https:\/\/etnoart.eu\/lv\/toode\/kapi-kaepide\/","title":{"rendered":"Kapi K\u00e4epide"},"content":{"rendered":"<p>See k\u00e4sit\u00f6\u00f6na valmistatud sepistatud <strong>Kapi K\u00e4epide<\/strong> on tugev ja ainulaadse iseloomuga detail, mis lisab igale m\u00f6\u00f6bliesemele erip\u00e4ra ja ajatut stiili. K\u00e4epide on valmistatud kandilisest metallist, millele on kuumalt antud keerduv profiil ja seej\u00e4rel sepistatud k\u00e4epideme vorm. Viimistluseks on kasutatud lakki, mis kaitseb metalli ning toob esile selle musta tooni ja tekstuuri.<\/p>\n<p>M\u00f5\u00f5dud:<\/p>\n<p>Pikkus: 18 cm<\/p>\n<p>K\u00f5rgus: 4 cm<\/p>\n<p>Paigaldus:<br \/>\nKapi K\u00e4epide kinnitatakse kahe kruviga (kruvid ei kuulu komplekti). Sepistatud kruviaugud lisavad tootele veelgi iseloomu.<\/p>\n<p>Kasutuskohad:<br \/>\nSobib suurep\u00e4raselt kappidele, sahtlitele v\u00f5i v\u00e4iksematele luukidele. Ideaalne valik rustikaalse v\u00f5i k\u00e4sit\u00f6\u00f6stiilis sisekujundusega kodudesse ja hoonetesse.<\/p>\n<p>Miks valida just see toode?<br \/>\nTegu on kvaliteetse ja tugeva k\u00e4sit\u00f6\u00f6esemega. Iga k\u00e4epide on oma olemuselt ainulaadne ning lisab m\u00f6\u00f6blile oman\u00e4olist karakterit. Toode sobib suurep\u00e4raselt neile, kes hindavad k\u00e4sit\u00f6\u00f6d ja soovivad oma m\u00f6\u00f6blile eristuvat lahendust.<\/p>\n<p>Sihtgrupp:<br \/>\nIdeaalne valik neile, kes elavad maakodudes, palkmajades v\u00f5i renoveerivad vanemat hoonet. Samuti neile, kes valmistavad v\u00f5i taastavad k\u00e4sit\u00f6\u00f6na m\u00f6\u00f6blit.<\/p>\n<p>Eelised teiste toodetega v\u00f5rreldes:<\/p>\n<p>Originaalne ja silmapaistev v\u00e4limus<\/p>\n<p>Sepistatud kruviaugud annavad erilise viimistluse<\/p>\n<p>Vastupidav ja tugev konstruktsioon<\/p>\n<p>Ainulaadne k\u00e4sit\u00f6\u00f6<\/p>\n<p>T\u00e4iendav info:<br \/>\nHetkel saadaval ainult lakitud viimistlusega. Kruvid ei kuulu komplekti.<\/p>\n","protected":false},"excerpt":{"rendered":"<p>Sepistatud k\u00e4sit\u00f6\u00f6na valmistatud kapi k\u00e4epide \u2013 tugev ja stiilne lisand igale m\u00f6\u00f6bliesemele. Ideaalne neile, kes hindavad k\u00e4sit\u00f6\u00f6d ja iseloomulikku v\u00e4limust.<br \/>\n<strong>Kaal: <\/strong>0,13 kg<br \/>\n<strong>Toote k\u00f5rgus:<\/strong> 4cm<br \/>\n<strong>Laius: <\/strong>18cm<br \/>\n<strong>Toote viimistlus:<\/strong> Lakitud<\/p>\n","protected":false},"featured_media":1083,"template":"","meta":[],"product_brand":[],"product_cat":[43],"product_tag":[],"class_list":{"0":"post-985","1":"product","2":"type-product","3":"status-publish","4":"has-post-thumbnail","6":"product_cat-kaepidemed-ja-uksekoputid","7":"has-post-title","8":"has-post-date","9":"has-post-category","10":"has-post-tag","11":"has-post-comment","12":"has-post-author","13":"","15":"first","16":"instock","17":"taxable","18":"shipping-taxable","19":"purchasable","20":"product-type-simple"},"yoast_head":"<!-- This site is optimized with the Yoast SEO plugin v27.4 - https:\/\/yoast.com\/product\/yoast-seo-wordpress\/ -->\n<title>Kapi K\u00e4epide |EtnoArt| K\u00e4epidemed ja uksekoputid<\/title>\n<meta name=\"description\" content=\"Sepistatud k\u00e4sit\u00f6\u00f6na valmistatud kapi k\u00e4epide \u2013 tugev ja stiilne lisand igale m\u00f6\u00f6bliesemele. Ideaalne neile, kes hindavad k\u00e4sit\u00f6\u00f6d.\" \/>\n<meta name=\"robots\" content=\"index, follow, max-snippet:-1, max-image-preview:large, max-video-preview:-1\" \/>\n<link rel=\"canonical\" href=\"https:\/\/etnoart.eu\/toode\/kapi-kaepide\/\" \/>\n<meta property=\"og:locale\" content=\"lv_LV\" \/>\n<meta property=\"og:type\" content=\"article\" \/>\n<meta property=\"og:title\" content=\"Kapi K\u00e4epide |EtnoArt| K\u00e4epidemed ja uksekoputid\" \/>\n<meta property=\"og:description\" content=\"Sepistatud k\u00e4sit\u00f6\u00f6na valmistatud kapi k\u00e4epide \u2013 tugev ja stiilne lisand igale m\u00f6\u00f6bliesemele. Ideaalne neile, kes hindavad k\u00e4sit\u00f6\u00f6d.\" \/>\n<meta property=\"og:url\" content=\"https:\/\/etnoart.eu\/toode\/kapi-kaepide\/\" \/>\n<meta property=\"og:site_name\" content=\"Etnoart\" \/>\n<meta property=\"article:publisher\" content=\"https:\/\/www.facebook.com\/etnoart.handicraft.shop\" \/>\n<meta property=\"article:modified_time\" content=\"2025-10-09T15:56:33+00:00\" \/>\n<meta property=\"og:image\" content=\"https:\/\/etnoart.eu\/wp-content\/uploads\/2023\/06\/138-Kaepide-kapile-Kaepidemed-ja-uksekoputid.jpg\" \/>\n\t<meta property=\"og:image:width\" content=\"600\" \/>\n\t<meta property=\"og:image:height\" content=\"600\" \/>\n\t<meta property=\"og:image:type\" content=\"image\/jpeg\" \/>\n<meta name=\"twitter:card\" content=\"summary_large_image\" \/>\n<meta name=\"twitter:label1\" content=\"Est. reading time\" \/>\n\t<meta name=\"twitter:data1\" content=\"2 minutes\" \/>\n<script type=\"application\/ld+json\" class=\"yoast-schema-graph\">{\"@context\":\"https:\\\/\\\/schema.org\",\"@graph\":[{\"@type\":\"WebPage\",\"@id\":\"https:\\\/\\\/etnoart.eu\\\/toode\\\/kapi-kaepide\\\/\",\"url\":\"https:\\\/\\\/etnoart.eu\\\/toode\\\/kapi-kaepide\\\/\",\"name\":\"Kapi K\u00e4epide |EtnoArt| K\u00e4epidemed ja uksekoputid\",\"isPartOf\":{\"@id\":\"https:\\\/\\\/etnoart.eu\\\/#website\"},\"primaryImageOfPage\":{\"@id\":\"https:\\\/\\\/etnoart.eu\\\/toode\\\/kapi-kaepide\\\/#primaryimage\"},\"image\":{\"@id\":\"https:\\\/\\\/etnoart.eu\\\/toode\\\/kapi-kaepide\\\/#primaryimage\"},\"thumbnailUrl\":\"https:\\\/\\\/etnoart.eu\\\/wp-content\\\/uploads\\\/2023\\\/06\\\/138-Kaepide-kapile-Kaepidemed-ja-uksekoputid.jpg\",\"datePublished\":\"2023-06-08T08:50:59+00:00\",\"dateModified\":\"2025-10-09T15:56:33+00:00\",\"description\":\"Sepistatud k\u00e4sit\u00f6\u00f6na valmistatud kapi k\u00e4epide \u2013 tugev ja stiilne lisand igale m\u00f6\u00f6bliesemele. Ideaalne neile, kes hindavad k\u00e4sit\u00f6\u00f6d.\",\"breadcrumb\":{\"@id\":\"https:\\\/\\\/etnoart.eu\\\/toode\\\/kapi-kaepide\\\/#breadcrumb\"},\"inLanguage\":\"lv-LV\",\"potentialAction\":[{\"@type\":\"ReadAction\",\"target\":[\"https:\\\/\\\/etnoart.eu\\\/toode\\\/kapi-kaepide\\\/\"]}]},{\"@type\":\"ImageObject\",\"inLanguage\":\"lv-LV\",\"@id\":\"https:\\\/\\\/etnoart.eu\\\/toode\\\/kapi-kaepide\\\/#primaryimage\",\"url\":\"https:\\\/\\\/etnoart.eu\\\/wp-content\\\/uploads\\\/2023\\\/06\\\/138-Kaepide-kapile-Kaepidemed-ja-uksekoputid.jpg\",\"contentUrl\":\"https:\\\/\\\/etnoart.eu\\\/wp-content\\\/uploads\\\/2023\\\/06\\\/138-Kaepide-kapile-Kaepidemed-ja-uksekoputid.jpg\",\"width\":600,\"height\":600,\"caption\":\"Kapi K\u00e4epide\"},{\"@type\":\"BreadcrumbList\",\"@id\":\"https:\\\/\\\/etnoart.eu\\\/toode\\\/kapi-kaepide\\\/#breadcrumb\",\"itemListElement\":[{\"@type\":\"ListItem\",\"position\":1,\"name\":\"Home\",\"item\":\"https:\\\/\\\/etnoart.eu\\\/lv\\\/\"},{\"@type\":\"ListItem\",\"position\":2,\"name\":\"Pood\",\"item\":\"https:\\\/\\\/etnoart.eu\\\/lv\\\/shop\\\/\"},{\"@type\":\"ListItem\",\"position\":3,\"name\":\"Kapi K\u00e4epide\"}]},{\"@type\":\"WebSite\",\"@id\":\"https:\\\/\\\/etnoart.eu\\\/#website\",\"url\":\"https:\\\/\\\/etnoart.eu\\\/\",\"name\":\"Etnoart\",\"description\":\"K&auml;sit&ouml;&ouml;pood\",\"publisher\":{\"@id\":\"https:\\\/\\\/etnoart.eu\\\/#organization\"},\"potentialAction\":[{\"@type\":\"SearchAction\",\"target\":{\"@type\":\"EntryPoint\",\"urlTemplate\":\"https:\\\/\\\/etnoart.eu\\\/?s={search_term_string}\"},\"query-input\":{\"@type\":\"PropertyValueSpecification\",\"valueRequired\":true,\"valueName\":\"search_term_string\"}}],\"inLanguage\":\"lv-LV\"},{\"@type\":\"Organization\",\"@id\":\"https:\\\/\\\/etnoart.eu\\\/#organization\",\"name\":\"Etnoart O\u00dc\",\"url\":\"https:\\\/\\\/etnoart.eu\\\/\",\"logo\":{\"@type\":\"ImageObject\",\"inLanguage\":\"lv-LV\",\"@id\":\"https:\\\/\\\/etnoart.eu\\\/#\\\/schema\\\/logo\\\/image\\\/\",\"url\":\"https:\\\/\\\/etnoart.eu\\\/wp-content\\\/uploads\\\/2023\\\/06\\\/etnoart-logo.png\",\"contentUrl\":\"https:\\\/\\\/etnoart.eu\\\/wp-content\\\/uploads\\\/2023\\\/06\\\/etnoart-logo.png\",\"width\":491,\"height\":184,\"caption\":\"Etnoart O\u00dc\"},\"image\":{\"@id\":\"https:\\\/\\\/etnoart.eu\\\/#\\\/schema\\\/logo\\\/image\\\/\"},\"sameAs\":[\"https:\\\/\\\/www.facebook.com\\\/etnoart.handicraft.shop\"]}]}<\/script>\n<!-- \/ Yoast SEO plugin. -->","yoast_head_json":{"title":"Kapi K\u00e4epide |EtnoArt| K\u00e4epidemed ja uksekoputid","description":"Sepistatud k\u00e4sit\u00f6\u00f6na valmistatud kapi k\u00e4epide \u2013 tugev ja stiilne lisand igale m\u00f6\u00f6bliesemele. Ideaalne neile, kes hindavad k\u00e4sit\u00f6\u00f6d.","robots":{"index":"index","follow":"follow","max-snippet":"max-snippet:-1","max-image-preview":"max-image-preview:large","max-video-preview":"max-video-preview:-1"},"canonical":"https:\/\/etnoart.eu\/toode\/kapi-kaepide\/","og_locale":"lv_LV","og_type":"article","og_title":"Kapi K\u00e4epide |EtnoArt| K\u00e4epidemed ja uksekoputid","og_description":"Sepistatud k\u00e4sit\u00f6\u00f6na valmistatud kapi k\u00e4epide \u2013 tugev ja stiilne lisand igale m\u00f6\u00f6bliesemele. Ideaalne neile, kes hindavad k\u00e4sit\u00f6\u00f6d.","og_url":"https:\/\/etnoart.eu\/toode\/kapi-kaepide\/","og_site_name":"Etnoart","article_publisher":"https:\/\/www.facebook.com\/etnoart.handicraft.shop","article_modified_time":"2025-10-09T15:56:33+00:00","og_image":[{"width":600,"height":600,"url":"https:\/\/etnoart.eu\/wp-content\/uploads\/2023\/06\/138-Kaepide-kapile-Kaepidemed-ja-uksekoputid.jpg","type":"image\/jpeg"}],"twitter_card":"summary_large_image","twitter_misc":{"Est. reading time":"2 minutes"},"schema":{"@context":"https:\/\/schema.org","@graph":[{"@type":"WebPage","@id":"https:\/\/etnoart.eu\/toode\/kapi-kaepide\/","url":"https:\/\/etnoart.eu\/toode\/kapi-kaepide\/","name":"Kapi K\u00e4epide |EtnoArt| K\u00e4epidemed ja uksekoputid","isPartOf":{"@id":"https:\/\/etnoart.eu\/#website"},"primaryImageOfPage":{"@id":"https:\/\/etnoart.eu\/toode\/kapi-kaepide\/#primaryimage"},"image":{"@id":"https:\/\/etnoart.eu\/toode\/kapi-kaepide\/#primaryimage"},"thumbnailUrl":"https:\/\/etnoart.eu\/wp-content\/uploads\/2023\/06\/138-Kaepide-kapile-Kaepidemed-ja-uksekoputid.jpg","datePublished":"2023-06-08T08:50:59+00:00","dateModified":"2025-10-09T15:56:33+00:00","description":"Sepistatud k\u00e4sit\u00f6\u00f6na valmistatud kapi k\u00e4epide \u2013 tugev ja stiilne lisand igale m\u00f6\u00f6bliesemele. Ideaalne neile, kes hindavad k\u00e4sit\u00f6\u00f6d.","breadcrumb":{"@id":"https:\/\/etnoart.eu\/toode\/kapi-kaepide\/#breadcrumb"},"inLanguage":"lv-LV","potentialAction":[{"@type":"ReadAction","target":["https:\/\/etnoart.eu\/toode\/kapi-kaepide\/"]}]},{"@type":"ImageObject","inLanguage":"lv-LV","@id":"https:\/\/etnoart.eu\/toode\/kapi-kaepide\/#primaryimage","url":"https:\/\/etnoart.eu\/wp-content\/uploads\/2023\/06\/138-Kaepide-kapile-Kaepidemed-ja-uksekoputid.jpg","contentUrl":"https:\/\/etnoart.eu\/wp-content\/uploads\/2023\/06\/138-Kaepide-kapile-Kaepidemed-ja-uksekoputid.jpg","width":600,"height":600,"caption":"Kapi K\u00e4epide"},{"@type":"BreadcrumbList","@id":"https:\/\/etnoart.eu\/toode\/kapi-kaepide\/#breadcrumb","itemListElement":[{"@type":"ListItem","position":1,"name":"Home","item":"https:\/\/etnoart.eu\/lv\/"},{"@type":"ListItem","position":2,"name":"Pood","item":"https:\/\/etnoart.eu\/lv\/shop\/"},{"@type":"ListItem","position":3,"name":"Kapi K\u00e4epide"}]},{"@type":"WebSite","@id":"https:\/\/etnoart.eu\/#website","url":"https:\/\/etnoart.eu\/","name":"Etnoart","description":"K&auml;sit&ouml;&ouml;pood","publisher":{"@id":"https:\/\/etnoart.eu\/#organization"},"potentialAction":[{"@type":"SearchAction","target":{"@type":"EntryPoint","urlTemplate":"https:\/\/etnoart.eu\/?s={search_term_string}"},"query-input":{"@type":"PropertyValueSpecification","valueRequired":true,"valueName":"search_term_string"}}],"inLanguage":"lv-LV"},{"@type":"Organization","@id":"https:\/\/etnoart.eu\/#organization","name":"Etnoart O\u00dc","url":"https:\/\/etnoart.eu\/","logo":{"@type":"ImageObject","inLanguage":"lv-LV","@id":"https:\/\/etnoart.eu\/#\/schema\/logo\/image\/","url":"https:\/\/etnoart.eu\/wp-content\/uploads\/2023\/06\/etnoart-logo.png","contentUrl":"https:\/\/etnoart.eu\/wp-content\/uploads\/2023\/06\/etnoart-logo.png","width":491,"height":184,"caption":"Etnoart O\u00dc"},"image":{"@id":"https:\/\/etnoart.eu\/#\/schema\/logo\/image\/"},"sameAs":["https:\/\/www.facebook.com\/etnoart.handicraft.shop"]}]}},"builder_content":"","_links":{"self":[{"href":"https:\/\/etnoart.eu\/lv\/wp-json\/wp\/v2\/product\/985","targetHints":{"allow":["GET"]}}],"collection":[{"href":"https:\/\/etnoart.eu\/lv\/wp-json\/wp\/v2\/product"}],"about":[{"href":"https:\/\/etnoart.eu\/lv\/wp-json\/wp\/v2\/types\/product"}],"wp:featuredmedia":[{"embeddable":true,"href":"https:\/\/etnoart.eu\/lv\/wp-json\/wp\/v2\/media\/1083"}],"wp:attachment":[{"href":"https:\/\/etnoart.eu\/lv\/wp-json\/wp\/v2\/media?parent=985"}],"wp:term":[{"taxonomy":"product_brand","embeddable":true,"href":"https:\/\/etnoart.eu\/lv\/wp-json\/wp\/v2\/product_brand?post=985"},{"taxonomy":"product_cat","embeddable":true,"href":"https:\/\/etnoart.eu\/lv\/wp-json\/wp\/v2\/product_cat?post=985"},{"taxonomy":"product_tag","embeddable":true,"href":"https:\/\/etnoart.eu\/lv\/wp-json\/wp\/v2\/product_tag?post=985"}],"curies":[{"name":"wp","href":"https:\/\/api.w.org\/{rel}","templated":true}]}}