{"id":983,"date":"2023-06-08T08:50:59","date_gmt":"2023-06-08T08:50:59","guid":{"rendered":"https:\/\/etnoart.amsel.ee\/?post_type=product&#038;p=983"},"modified":"2025-07-28T20:09:25","modified_gmt":"2025-07-28T20:09:25","slug":"kaepide-uksele-vint","status":"publish","type":"product","link":"https:\/\/etnoart.eu\/lv\/toode\/kaepide-uksele-vint\/","title":{"rendered":"K\u00e4epide uksele &#8220;Vint&#8221;"},"content":{"rendered":"<p>K\u00e4epide uksele \u201cVint\u201d<br \/>\nSepistatud k\u00e4epide \u201cVint\u201d on tugev ja isikup\u00e4rane k\u00e4sit\u00f6\u00f6toode, mis sobib suurep\u00e4raselt sauna-, aida- v\u00f5i elumaja uksele. Iga k\u00e4epide on unikaalne \u2013 k\u00e4sitsi valmistatud kogenud seppade poolt ja viimistletud kaitsvat lakikihti kasutades. Silmatorkav keerdkujuline disain koos sepistatud kruvipesadega annab sellele ehtsa maal\u00e4hedase ja rustikaalse ilme.<\/p>\n<p>K\u00e4epideme pikkus on 21 cm ja kaaluks pool kilo \u2013 see tagab nii hea haarde kui ka vastupidavuse ka k\u00f5ige raskema ukse avamisel. Toode kinnitatakse kolme kruviga (ei kuulu komplekti), tagades tugeva ja kindla paigalduse.<\/p>\n<p>See k\u00e4epide on ideaalne valik neile, kes hindavad originaalset v\u00e4limust, k\u00f5rget kvaliteeti ning k\u00e4sit\u00f6\u00f6 ilu. Sobib suurep\u00e4raselt traditsioonilise v\u00f5i taluliku stiiliga hoonetele, tuues uksele erip\u00e4ra ja karakterit.<\/p>\n","protected":false},"excerpt":{"rendered":"<p>Sepistatud k\u00e4sit\u00f6\u00f6 k\u00e4epide \u201cVint\u201d \u2013 tugev, lakitud viimistlusega uksek\u00e4epide, sobib ideaalselt sauna, aida v\u00f5i elumaja uksele. Rustikaalne ja ainulaadne disain.<\/p>\n<p><strong>Kaal: <\/strong>0,54 kg<br \/>\n<strong>Toote k\u00f5rgus: <\/strong>9cm<br \/>\n<strong>Laius:<\/strong> 21cm<br \/>\n<strong>Toote viimistlus:<\/strong> Lakitud<\/p>\n","protected":false},"featured_media":5741,"template":"","meta":[],"product_brand":[],"product_cat":[43],"product_tag":[],"class_list":{"0":"post-983","1":"product","2":"type-product","3":"status-publish","4":"has-post-thumbnail","6":"product_cat-kaepidemed-ja-uksekoputid","7":"has-post-title","8":"has-post-date","9":"has-post-category","10":"has-post-tag","11":"has-post-comment","12":"has-post-author","13":"","15":"first","16":"instock","17":"taxable","18":"shipping-taxable","19":"purchasable","20":"product-type-simple"},"yoast_head":"<!-- This site is optimized with the Yoast SEO plugin v27.4 - https:\/\/yoast.com\/product\/yoast-seo-wordpress\/ -->\n<title>K\u00e4epide uksele &quot;Vint&quot; |EtnoArt| K\u00e4epidemed ja uksekoputid<\/title>\n<meta name=\"description\" content=\"K\u00e4epide uksele &quot;Vint&quot; \u2013 tugev, lakitud viimistlusega uksek\u00e4epide, sobib ideaalselt sauna, aida v\u00f5i elumaja uksele. Rustikaalne ja ainulaadne disain.\" \/>\n<meta name=\"robots\" content=\"index, follow, max-snippet:-1, max-image-preview:large, max-video-preview:-1\" \/>\n<link rel=\"canonical\" href=\"https:\/\/etnoart.eu\/toode\/kaepide-uksele-vint\/\" \/>\n<meta property=\"og:locale\" content=\"lv_LV\" \/>\n<meta property=\"og:type\" content=\"article\" \/>\n<meta property=\"og:title\" content=\"K\u00e4epide uksele &quot;Vint&quot; |EtnoArt| K\u00e4epidemed ja uksekoputid\" \/>\n<meta property=\"og:description\" content=\"K\u00e4epide uksele &quot;Vint&quot; \u2013 tugev, lakitud viimistlusega uksek\u00e4epide, sobib ideaalselt sauna, aida v\u00f5i elumaja uksele. Rustikaalne ja ainulaadne disain.\" \/>\n<meta property=\"og:url\" content=\"https:\/\/etnoart.eu\/toode\/kaepide-uksele-vint\/\" \/>\n<meta property=\"og:site_name\" content=\"Etnoart\" \/>\n<meta property=\"article:publisher\" content=\"https:\/\/www.facebook.com\/etnoart.handicraft.shop\" \/>\n<meta property=\"article:modified_time\" content=\"2025-07-28T20:09:25+00:00\" \/>\n<meta property=\"og:image\" content=\"https:\/\/etnoart.eu\/wp-content\/uploads\/2023\/06\/Kaepide-uksele-Vint-Wrought-Iron-Door-Pull-Handle-Vint-Handgeschmiedeter-Turgriff-Taottu-ovenvedin.png\" \/>\n\t<meta property=\"og:image:width\" content=\"1097\" \/>\n\t<meta property=\"og:image:height\" content=\"1097\" \/>\n\t<meta property=\"og:image:type\" content=\"image\/png\" \/>\n<meta name=\"twitter:card\" content=\"summary_large_image\" \/>\n<meta name=\"twitter:label1\" content=\"Est. reading time\" \/>\n\t<meta name=\"twitter:data1\" content=\"1 minute\" \/>\n<script type=\"application\/ld+json\" class=\"yoast-schema-graph\">{\"@context\":\"https:\\\/\\\/schema.org\",\"@graph\":[{\"@type\":\"WebPage\",\"@id\":\"https:\\\/\\\/etnoart.eu\\\/toode\\\/kaepide-uksele-vint\\\/\",\"url\":\"https:\\\/\\\/etnoart.eu\\\/toode\\\/kaepide-uksele-vint\\\/\",\"name\":\"K\u00e4epide uksele \\\"Vint\\\" |EtnoArt| K\u00e4epidemed ja uksekoputid\",\"isPartOf\":{\"@id\":\"https:\\\/\\\/etnoart.eu\\\/#website\"},\"primaryImageOfPage\":{\"@id\":\"https:\\\/\\\/etnoart.eu\\\/toode\\\/kaepide-uksele-vint\\\/#primaryimage\"},\"image\":{\"@id\":\"https:\\\/\\\/etnoart.eu\\\/toode\\\/kaepide-uksele-vint\\\/#primaryimage\"},\"thumbnailUrl\":\"https:\\\/\\\/etnoart.eu\\\/wp-content\\\/uploads\\\/2023\\\/06\\\/Kaepide-uksele-Vint-Wrought-Iron-Door-Pull-Handle-Vint-Handgeschmiedeter-Turgriff-Taottu-ovenvedin.png\",\"datePublished\":\"2023-06-08T08:50:59+00:00\",\"dateModified\":\"2025-07-28T20:09:25+00:00\",\"description\":\"K\u00e4epide uksele \\\"Vint\\\" \u2013 tugev, lakitud viimistlusega uksek\u00e4epide, sobib ideaalselt sauna, aida v\u00f5i elumaja uksele. Rustikaalne ja ainulaadne disain.\",\"breadcrumb\":{\"@id\":\"https:\\\/\\\/etnoart.eu\\\/toode\\\/kaepide-uksele-vint\\\/#breadcrumb\"},\"inLanguage\":\"lv-LV\",\"potentialAction\":[{\"@type\":\"ReadAction\",\"target\":[\"https:\\\/\\\/etnoart.eu\\\/toode\\\/kaepide-uksele-vint\\\/\"]}]},{\"@type\":\"ImageObject\",\"inLanguage\":\"lv-LV\",\"@id\":\"https:\\\/\\\/etnoart.eu\\\/toode\\\/kaepide-uksele-vint\\\/#primaryimage\",\"url\":\"https:\\\/\\\/etnoart.eu\\\/wp-content\\\/uploads\\\/2023\\\/06\\\/Kaepide-uksele-Vint-Wrought-Iron-Door-Pull-Handle-Vint-Handgeschmiedeter-Turgriff-Taottu-ovenvedin.png\",\"contentUrl\":\"https:\\\/\\\/etnoart.eu\\\/wp-content\\\/uploads\\\/2023\\\/06\\\/Kaepide-uksele-Vint-Wrought-Iron-Door-Pull-Handle-Vint-Handgeschmiedeter-Turgriff-Taottu-ovenvedin.png\",\"width\":1097,\"height\":1097,\"caption\":\"K\u00e4epide uksele \u201cVint\u201d\"},{\"@type\":\"BreadcrumbList\",\"@id\":\"https:\\\/\\\/etnoart.eu\\\/toode\\\/kaepide-uksele-vint\\\/#breadcrumb\",\"itemListElement\":[{\"@type\":\"ListItem\",\"position\":1,\"name\":\"Home\",\"item\":\"https:\\\/\\\/etnoart.eu\\\/lv\\\/\"},{\"@type\":\"ListItem\",\"position\":2,\"name\":\"Pood\",\"item\":\"https:\\\/\\\/etnoart.eu\\\/lv\\\/shop\\\/\"},{\"@type\":\"ListItem\",\"position\":3,\"name\":\"K\u00e4epide uksele &#8220;Vint&#8221;\"}]},{\"@type\":\"WebSite\",\"@id\":\"https:\\\/\\\/etnoart.eu\\\/#website\",\"url\":\"https:\\\/\\\/etnoart.eu\\\/\",\"name\":\"Etnoart\",\"description\":\"K&auml;sit&ouml;&ouml;pood\",\"publisher\":{\"@id\":\"https:\\\/\\\/etnoart.eu\\\/#organization\"},\"potentialAction\":[{\"@type\":\"SearchAction\",\"target\":{\"@type\":\"EntryPoint\",\"urlTemplate\":\"https:\\\/\\\/etnoart.eu\\\/?s={search_term_string}\"},\"query-input\":{\"@type\":\"PropertyValueSpecification\",\"valueRequired\":true,\"valueName\":\"search_term_string\"}}],\"inLanguage\":\"lv-LV\"},{\"@type\":\"Organization\",\"@id\":\"https:\\\/\\\/etnoart.eu\\\/#organization\",\"name\":\"Etnoart O\u00dc\",\"url\":\"https:\\\/\\\/etnoart.eu\\\/\",\"logo\":{\"@type\":\"ImageObject\",\"inLanguage\":\"lv-LV\",\"@id\":\"https:\\\/\\\/etnoart.eu\\\/#\\\/schema\\\/logo\\\/image\\\/\",\"url\":\"https:\\\/\\\/etnoart.eu\\\/wp-content\\\/uploads\\\/2023\\\/06\\\/etnoart-logo.png\",\"contentUrl\":\"https:\\\/\\\/etnoart.eu\\\/wp-content\\\/uploads\\\/2023\\\/06\\\/etnoart-logo.png\",\"width\":491,\"height\":184,\"caption\":\"Etnoart O\u00dc\"},\"image\":{\"@id\":\"https:\\\/\\\/etnoart.eu\\\/#\\\/schema\\\/logo\\\/image\\\/\"},\"sameAs\":[\"https:\\\/\\\/www.facebook.com\\\/etnoart.handicraft.shop\"]}]}<\/script>\n<!-- \/ Yoast SEO plugin. -->","yoast_head_json":{"title":"K\u00e4epide uksele \"Vint\" |EtnoArt| K\u00e4epidemed ja uksekoputid","description":"K\u00e4epide uksele \"Vint\" \u2013 tugev, lakitud viimistlusega uksek\u00e4epide, sobib ideaalselt sauna, aida v\u00f5i elumaja uksele. Rustikaalne ja ainulaadne disain.","robots":{"index":"index","follow":"follow","max-snippet":"max-snippet:-1","max-image-preview":"max-image-preview:large","max-video-preview":"max-video-preview:-1"},"canonical":"https:\/\/etnoart.eu\/toode\/kaepide-uksele-vint\/","og_locale":"lv_LV","og_type":"article","og_title":"K\u00e4epide uksele \"Vint\" |EtnoArt| K\u00e4epidemed ja uksekoputid","og_description":"K\u00e4epide uksele \"Vint\" \u2013 tugev, lakitud viimistlusega uksek\u00e4epide, sobib ideaalselt sauna, aida v\u00f5i elumaja uksele. Rustikaalne ja ainulaadne disain.","og_url":"https:\/\/etnoart.eu\/toode\/kaepide-uksele-vint\/","og_site_name":"Etnoart","article_publisher":"https:\/\/www.facebook.com\/etnoart.handicraft.shop","article_modified_time":"2025-07-28T20:09:25+00:00","og_image":[{"width":1097,"height":1097,"url":"https:\/\/etnoart.eu\/wp-content\/uploads\/2023\/06\/Kaepide-uksele-Vint-Wrought-Iron-Door-Pull-Handle-Vint-Handgeschmiedeter-Turgriff-Taottu-ovenvedin.png","type":"image\/png"}],"twitter_card":"summary_large_image","twitter_misc":{"Est. reading time":"1 minute"},"schema":{"@context":"https:\/\/schema.org","@graph":[{"@type":"WebPage","@id":"https:\/\/etnoart.eu\/toode\/kaepide-uksele-vint\/","url":"https:\/\/etnoart.eu\/toode\/kaepide-uksele-vint\/","name":"K\u00e4epide uksele \"Vint\" |EtnoArt| K\u00e4epidemed ja uksekoputid","isPartOf":{"@id":"https:\/\/etnoart.eu\/#website"},"primaryImageOfPage":{"@id":"https:\/\/etnoart.eu\/toode\/kaepide-uksele-vint\/#primaryimage"},"image":{"@id":"https:\/\/etnoart.eu\/toode\/kaepide-uksele-vint\/#primaryimage"},"thumbnailUrl":"https:\/\/etnoart.eu\/wp-content\/uploads\/2023\/06\/Kaepide-uksele-Vint-Wrought-Iron-Door-Pull-Handle-Vint-Handgeschmiedeter-Turgriff-Taottu-ovenvedin.png","datePublished":"2023-06-08T08:50:59+00:00","dateModified":"2025-07-28T20:09:25+00:00","description":"K\u00e4epide uksele \"Vint\" \u2013 tugev, lakitud viimistlusega uksek\u00e4epide, sobib ideaalselt sauna, aida v\u00f5i elumaja uksele. Rustikaalne ja ainulaadne disain.","breadcrumb":{"@id":"https:\/\/etnoart.eu\/toode\/kaepide-uksele-vint\/#breadcrumb"},"inLanguage":"lv-LV","potentialAction":[{"@type":"ReadAction","target":["https:\/\/etnoart.eu\/toode\/kaepide-uksele-vint\/"]}]},{"@type":"ImageObject","inLanguage":"lv-LV","@id":"https:\/\/etnoart.eu\/toode\/kaepide-uksele-vint\/#primaryimage","url":"https:\/\/etnoart.eu\/wp-content\/uploads\/2023\/06\/Kaepide-uksele-Vint-Wrought-Iron-Door-Pull-Handle-Vint-Handgeschmiedeter-Turgriff-Taottu-ovenvedin.png","contentUrl":"https:\/\/etnoart.eu\/wp-content\/uploads\/2023\/06\/Kaepide-uksele-Vint-Wrought-Iron-Door-Pull-Handle-Vint-Handgeschmiedeter-Turgriff-Taottu-ovenvedin.png","width":1097,"height":1097,"caption":"K\u00e4epide uksele \u201cVint\u201d"},{"@type":"BreadcrumbList","@id":"https:\/\/etnoart.eu\/toode\/kaepide-uksele-vint\/#breadcrumb","itemListElement":[{"@type":"ListItem","position":1,"name":"Home","item":"https:\/\/etnoart.eu\/lv\/"},{"@type":"ListItem","position":2,"name":"Pood","item":"https:\/\/etnoart.eu\/lv\/shop\/"},{"@type":"ListItem","position":3,"name":"K\u00e4epide uksele &#8220;Vint&#8221;"}]},{"@type":"WebSite","@id":"https:\/\/etnoart.eu\/#website","url":"https:\/\/etnoart.eu\/","name":"Etnoart","description":"K&auml;sit&ouml;&ouml;pood","publisher":{"@id":"https:\/\/etnoart.eu\/#organization"},"potentialAction":[{"@type":"SearchAction","target":{"@type":"EntryPoint","urlTemplate":"https:\/\/etnoart.eu\/?s={search_term_string}"},"query-input":{"@type":"PropertyValueSpecification","valueRequired":true,"valueName":"search_term_string"}}],"inLanguage":"lv-LV"},{"@type":"Organization","@id":"https:\/\/etnoart.eu\/#organization","name":"Etnoart O\u00dc","url":"https:\/\/etnoart.eu\/","logo":{"@type":"ImageObject","inLanguage":"lv-LV","@id":"https:\/\/etnoart.eu\/#\/schema\/logo\/image\/","url":"https:\/\/etnoart.eu\/wp-content\/uploads\/2023\/06\/etnoart-logo.png","contentUrl":"https:\/\/etnoart.eu\/wp-content\/uploads\/2023\/06\/etnoart-logo.png","width":491,"height":184,"caption":"Etnoart O\u00dc"},"image":{"@id":"https:\/\/etnoart.eu\/#\/schema\/logo\/image\/"},"sameAs":["https:\/\/www.facebook.com\/etnoart.handicraft.shop"]}]}},"builder_content":"","_links":{"self":[{"href":"https:\/\/etnoart.eu\/lv\/wp-json\/wp\/v2\/product\/983","targetHints":{"allow":["GET"]}}],"collection":[{"href":"https:\/\/etnoart.eu\/lv\/wp-json\/wp\/v2\/product"}],"about":[{"href":"https:\/\/etnoart.eu\/lv\/wp-json\/wp\/v2\/types\/product"}],"wp:featuredmedia":[{"embeddable":true,"href":"https:\/\/etnoart.eu\/lv\/wp-json\/wp\/v2\/media\/5741"}],"wp:attachment":[{"href":"https:\/\/etnoart.eu\/lv\/wp-json\/wp\/v2\/media?parent=983"}],"wp:term":[{"taxonomy":"product_brand","embeddable":true,"href":"https:\/\/etnoart.eu\/lv\/wp-json\/wp\/v2\/product_brand?post=983"},{"taxonomy":"product_cat","embeddable":true,"href":"https:\/\/etnoart.eu\/lv\/wp-json\/wp\/v2\/product_cat?post=983"},{"taxonomy":"product_tag","embeddable":true,"href":"https:\/\/etnoart.eu\/lv\/wp-json\/wp\/v2\/product_tag?post=983"}],"curies":[{"name":"wp","href":"https:\/\/api.w.org\/{rel}","templated":true}]}}