{"id":978,"date":"2023-06-08T08:50:59","date_gmt":"2023-06-08T08:50:59","guid":{"rendered":"https:\/\/etnoart.amsel.ee\/?post_type=product&#038;p=978"},"modified":"2025-02-02T16:01:07","modified_gmt":"2025-02-02T16:01:07","slug":"riiulikandur-25x25cm","status":"publish","type":"product","link":"https:\/\/etnoart.eu\/lv\/toode\/riiulikandur-25x25cm\/","title":{"rendered":"Riiulikandur 25x25cm"},"content":{"rendered":"<p>Riiulikandur 25x25cm on valmistatud Eestis. Materjalina kasutatud 20\u00d74 teraslatti. Riiulikanduri m\u00f5lemad toetuspinnad on 25+ cm, seega vabadus valida, kuidas kellelgi meeldib seda toodet seinale kruvida. Kruviaugud on l\u00e4bim\u00f5\u00f5duga 6mm ja neid on kummalgi pinnal 2tk. Lati pind on sepistatud kontuuriga.<br \/>\nRiiulikandur 25x25cm on puhastatud terasharjaga ja viimistletud lakiga. Terashari toob esile metalli tema puhtas eheduses ja lakk viimistlusena pigem toetab seda ehedust. Lakk annab tootele piisava kaitse sise-tingimustes, kuid pole piisav kaitse \u00f5ues.<br \/>\nSama toodet pakume ka m\u00f5\u00f5dus <a href=\"https:\/\/etnoart.eu\/toode\/riiulikandur-20x20cm\/\" target=\"_blank\">20x20cm<\/a> ja <a href=\"https:\/\/etnoart.eu\/toode\/riiulikandur-15x15cm\/\" target=\"_blank\">15x15cm<\/a>.<\/p>\n","protected":false},"excerpt":{"rendered":"<p>Riiulikandur 25x25cm<\/p>\n","protected":false},"featured_media":5274,"template":"","meta":[],"product_brand":[],"product_cat":[95],"product_tag":[],"class_list":{"0":"post-978","1":"product","2":"type-product","3":"status-publish","4":"has-post-thumbnail","6":"product_cat-riiulid-riiulikandurid","7":"has-post-title","8":"has-post-date","9":"has-post-category","10":"has-post-tag","11":"has-post-comment","12":"has-post-author","13":"","15":"first","16":"instock","17":"taxable","18":"shipping-taxable","19":"purchasable","20":"product-type-simple"},"yoast_head":"<!-- This site is optimized with the Yoast SEO plugin v27.4 - https:\/\/yoast.com\/product\/yoast-seo-wordpress\/ -->\n<title>Riiulikandur 25x25cm |EtnoArt| Riiulid, riiulikandurid<\/title>\n<meta name=\"description\" content=\"Riiulikandur 25x25cm m\u00f5eldud laiale riiulile. Toetuspindade vaheline tugi tagab kanduri stabiilsuse ka suuremal koormusel. Toode lakitud.\" \/>\n<meta name=\"robots\" content=\"index, follow, max-snippet:-1, max-image-preview:large, max-video-preview:-1\" \/>\n<link rel=\"canonical\" href=\"https:\/\/etnoart.eu\/toode\/riiulikandur-25x25cm\/\" \/>\n<meta property=\"og:locale\" content=\"lv_LV\" \/>\n<meta property=\"og:type\" content=\"article\" \/>\n<meta property=\"og:title\" content=\"Riiulikandur 25x25cm |EtnoArt| Riiulid, riiulikandurid\" \/>\n<meta property=\"og:description\" content=\"Riiulikandur 25x25cm m\u00f5eldud laiale riiulile. Toetuspindade vaheline tugi tagab kanduri stabiilsuse ka suuremal koormusel. Toode lakitud.\" \/>\n<meta property=\"og:url\" content=\"https:\/\/etnoart.eu\/toode\/riiulikandur-25x25cm\/\" \/>\n<meta property=\"og:site_name\" content=\"Etnoart\" \/>\n<meta property=\"article:publisher\" content=\"https:\/\/www.facebook.com\/etnoart.handicraft.shop\" \/>\n<meta property=\"article:modified_time\" content=\"2025-02-02T16:01:07+00:00\" \/>\n<meta property=\"og:image\" content=\"https:\/\/etnoart.eu\/wp-content\/uploads\/2023\/06\/Riiulikandur-25x25-Shelf-Bracket-hyllynkannattimet-Regalhalter.png\" \/>\n\t<meta property=\"og:image:width\" content=\"804\" \/>\n\t<meta property=\"og:image:height\" content=\"804\" \/>\n\t<meta property=\"og:image:type\" content=\"image\/png\" \/>\n<meta name=\"twitter:card\" content=\"summary_large_image\" \/>\n<meta name=\"twitter:label1\" content=\"Est. reading time\" \/>\n\t<meta name=\"twitter:data1\" content=\"1 minute\" \/>\n<script type=\"application\/ld+json\" class=\"yoast-schema-graph\">{\"@context\":\"https:\\\/\\\/schema.org\",\"@graph\":[{\"@type\":\"WebPage\",\"@id\":\"https:\\\/\\\/etnoart.eu\\\/toode\\\/riiulikandur-25x25cm\\\/\",\"url\":\"https:\\\/\\\/etnoart.eu\\\/toode\\\/riiulikandur-25x25cm\\\/\",\"name\":\"Riiulikandur 25x25cm |EtnoArt| Riiulid, riiulikandurid\",\"isPartOf\":{\"@id\":\"https:\\\/\\\/etnoart.eu\\\/#website\"},\"primaryImageOfPage\":{\"@id\":\"https:\\\/\\\/etnoart.eu\\\/toode\\\/riiulikandur-25x25cm\\\/#primaryimage\"},\"image\":{\"@id\":\"https:\\\/\\\/etnoart.eu\\\/toode\\\/riiulikandur-25x25cm\\\/#primaryimage\"},\"thumbnailUrl\":\"https:\\\/\\\/etnoart.eu\\\/wp-content\\\/uploads\\\/2023\\\/06\\\/Riiulikandur-25x25-Shelf-Bracket-hyllynkannattimet-Regalhalter.png\",\"datePublished\":\"2023-06-08T08:50:59+00:00\",\"dateModified\":\"2025-02-02T16:01:07+00:00\",\"description\":\"Riiulikandur 25x25cm m\u00f5eldud laiale riiulile. Toetuspindade vaheline tugi tagab kanduri stabiilsuse ka suuremal koormusel. Toode lakitud.\",\"breadcrumb\":{\"@id\":\"https:\\\/\\\/etnoart.eu\\\/toode\\\/riiulikandur-25x25cm\\\/#breadcrumb\"},\"inLanguage\":\"lv-LV\",\"potentialAction\":[{\"@type\":\"ReadAction\",\"target\":[\"https:\\\/\\\/etnoart.eu\\\/toode\\\/riiulikandur-25x25cm\\\/\"]}]},{\"@type\":\"ImageObject\",\"inLanguage\":\"lv-LV\",\"@id\":\"https:\\\/\\\/etnoart.eu\\\/toode\\\/riiulikandur-25x25cm\\\/#primaryimage\",\"url\":\"https:\\\/\\\/etnoart.eu\\\/wp-content\\\/uploads\\\/2023\\\/06\\\/Riiulikandur-25x25-Shelf-Bracket-hyllynkannattimet-Regalhalter.png\",\"contentUrl\":\"https:\\\/\\\/etnoart.eu\\\/wp-content\\\/uploads\\\/2023\\\/06\\\/Riiulikandur-25x25-Shelf-Bracket-hyllynkannattimet-Regalhalter.png\",\"width\":804,\"height\":804,\"caption\":\"Riiulikandur 25x25, Shelf Bracket, hyllynkannattimet, Regalhalter\"},{\"@type\":\"BreadcrumbList\",\"@id\":\"https:\\\/\\\/etnoart.eu\\\/toode\\\/riiulikandur-25x25cm\\\/#breadcrumb\",\"itemListElement\":[{\"@type\":\"ListItem\",\"position\":1,\"name\":\"Home\",\"item\":\"https:\\\/\\\/etnoart.eu\\\/lv\\\/\"},{\"@type\":\"ListItem\",\"position\":2,\"name\":\"Pood\",\"item\":\"https:\\\/\\\/etnoart.eu\\\/lv\\\/shop\\\/\"},{\"@type\":\"ListItem\",\"position\":3,\"name\":\"Riiulikandur 25x25cm\"}]},{\"@type\":\"WebSite\",\"@id\":\"https:\\\/\\\/etnoart.eu\\\/#website\",\"url\":\"https:\\\/\\\/etnoart.eu\\\/\",\"name\":\"Etnoart\",\"description\":\"K&auml;sit&ouml;&ouml;pood\",\"publisher\":{\"@id\":\"https:\\\/\\\/etnoart.eu\\\/#organization\"},\"potentialAction\":[{\"@type\":\"SearchAction\",\"target\":{\"@type\":\"EntryPoint\",\"urlTemplate\":\"https:\\\/\\\/etnoart.eu\\\/?s={search_term_string}\"},\"query-input\":{\"@type\":\"PropertyValueSpecification\",\"valueRequired\":true,\"valueName\":\"search_term_string\"}}],\"inLanguage\":\"lv-LV\"},{\"@type\":\"Organization\",\"@id\":\"https:\\\/\\\/etnoart.eu\\\/#organization\",\"name\":\"Etnoart O\u00dc\",\"url\":\"https:\\\/\\\/etnoart.eu\\\/\",\"logo\":{\"@type\":\"ImageObject\",\"inLanguage\":\"lv-LV\",\"@id\":\"https:\\\/\\\/etnoart.eu\\\/#\\\/schema\\\/logo\\\/image\\\/\",\"url\":\"https:\\\/\\\/etnoart.eu\\\/wp-content\\\/uploads\\\/2023\\\/06\\\/etnoart-logo.png\",\"contentUrl\":\"https:\\\/\\\/etnoart.eu\\\/wp-content\\\/uploads\\\/2023\\\/06\\\/etnoart-logo.png\",\"width\":491,\"height\":184,\"caption\":\"Etnoart O\u00dc\"},\"image\":{\"@id\":\"https:\\\/\\\/etnoart.eu\\\/#\\\/schema\\\/logo\\\/image\\\/\"},\"sameAs\":[\"https:\\\/\\\/www.facebook.com\\\/etnoart.handicraft.shop\"]}]}<\/script>\n<!-- \/ Yoast SEO plugin. -->","yoast_head_json":{"title":"Riiulikandur 25x25cm |EtnoArt| Riiulid, riiulikandurid","description":"Riiulikandur 25x25cm m\u00f5eldud laiale riiulile. Toetuspindade vaheline tugi tagab kanduri stabiilsuse ka suuremal koormusel. Toode lakitud.","robots":{"index":"index","follow":"follow","max-snippet":"max-snippet:-1","max-image-preview":"max-image-preview:large","max-video-preview":"max-video-preview:-1"},"canonical":"https:\/\/etnoart.eu\/toode\/riiulikandur-25x25cm\/","og_locale":"lv_LV","og_type":"article","og_title":"Riiulikandur 25x25cm |EtnoArt| Riiulid, riiulikandurid","og_description":"Riiulikandur 25x25cm m\u00f5eldud laiale riiulile. Toetuspindade vaheline tugi tagab kanduri stabiilsuse ka suuremal koormusel. Toode lakitud.","og_url":"https:\/\/etnoart.eu\/toode\/riiulikandur-25x25cm\/","og_site_name":"Etnoart","article_publisher":"https:\/\/www.facebook.com\/etnoart.handicraft.shop","article_modified_time":"2025-02-02T16:01:07+00:00","og_image":[{"width":804,"height":804,"url":"https:\/\/etnoart.eu\/wp-content\/uploads\/2023\/06\/Riiulikandur-25x25-Shelf-Bracket-hyllynkannattimet-Regalhalter.png","type":"image\/png"}],"twitter_card":"summary_large_image","twitter_misc":{"Est. reading time":"1 minute"},"schema":{"@context":"https:\/\/schema.org","@graph":[{"@type":"WebPage","@id":"https:\/\/etnoart.eu\/toode\/riiulikandur-25x25cm\/","url":"https:\/\/etnoart.eu\/toode\/riiulikandur-25x25cm\/","name":"Riiulikandur 25x25cm |EtnoArt| Riiulid, riiulikandurid","isPartOf":{"@id":"https:\/\/etnoart.eu\/#website"},"primaryImageOfPage":{"@id":"https:\/\/etnoart.eu\/toode\/riiulikandur-25x25cm\/#primaryimage"},"image":{"@id":"https:\/\/etnoart.eu\/toode\/riiulikandur-25x25cm\/#primaryimage"},"thumbnailUrl":"https:\/\/etnoart.eu\/wp-content\/uploads\/2023\/06\/Riiulikandur-25x25-Shelf-Bracket-hyllynkannattimet-Regalhalter.png","datePublished":"2023-06-08T08:50:59+00:00","dateModified":"2025-02-02T16:01:07+00:00","description":"Riiulikandur 25x25cm m\u00f5eldud laiale riiulile. Toetuspindade vaheline tugi tagab kanduri stabiilsuse ka suuremal koormusel. Toode lakitud.","breadcrumb":{"@id":"https:\/\/etnoart.eu\/toode\/riiulikandur-25x25cm\/#breadcrumb"},"inLanguage":"lv-LV","potentialAction":[{"@type":"ReadAction","target":["https:\/\/etnoart.eu\/toode\/riiulikandur-25x25cm\/"]}]},{"@type":"ImageObject","inLanguage":"lv-LV","@id":"https:\/\/etnoart.eu\/toode\/riiulikandur-25x25cm\/#primaryimage","url":"https:\/\/etnoart.eu\/wp-content\/uploads\/2023\/06\/Riiulikandur-25x25-Shelf-Bracket-hyllynkannattimet-Regalhalter.png","contentUrl":"https:\/\/etnoart.eu\/wp-content\/uploads\/2023\/06\/Riiulikandur-25x25-Shelf-Bracket-hyllynkannattimet-Regalhalter.png","width":804,"height":804,"caption":"Riiulikandur 25x25, Shelf Bracket, hyllynkannattimet, Regalhalter"},{"@type":"BreadcrumbList","@id":"https:\/\/etnoart.eu\/toode\/riiulikandur-25x25cm\/#breadcrumb","itemListElement":[{"@type":"ListItem","position":1,"name":"Home","item":"https:\/\/etnoart.eu\/lv\/"},{"@type":"ListItem","position":2,"name":"Pood","item":"https:\/\/etnoart.eu\/lv\/shop\/"},{"@type":"ListItem","position":3,"name":"Riiulikandur 25x25cm"}]},{"@type":"WebSite","@id":"https:\/\/etnoart.eu\/#website","url":"https:\/\/etnoart.eu\/","name":"Etnoart","description":"K&auml;sit&ouml;&ouml;pood","publisher":{"@id":"https:\/\/etnoart.eu\/#organization"},"potentialAction":[{"@type":"SearchAction","target":{"@type":"EntryPoint","urlTemplate":"https:\/\/etnoart.eu\/?s={search_term_string}"},"query-input":{"@type":"PropertyValueSpecification","valueRequired":true,"valueName":"search_term_string"}}],"inLanguage":"lv-LV"},{"@type":"Organization","@id":"https:\/\/etnoart.eu\/#organization","name":"Etnoart O\u00dc","url":"https:\/\/etnoart.eu\/","logo":{"@type":"ImageObject","inLanguage":"lv-LV","@id":"https:\/\/etnoart.eu\/#\/schema\/logo\/image\/","url":"https:\/\/etnoart.eu\/wp-content\/uploads\/2023\/06\/etnoart-logo.png","contentUrl":"https:\/\/etnoart.eu\/wp-content\/uploads\/2023\/06\/etnoart-logo.png","width":491,"height":184,"caption":"Etnoart O\u00dc"},"image":{"@id":"https:\/\/etnoart.eu\/#\/schema\/logo\/image\/"},"sameAs":["https:\/\/www.facebook.com\/etnoart.handicraft.shop"]}]}},"builder_content":"","_links":{"self":[{"href":"https:\/\/etnoart.eu\/lv\/wp-json\/wp\/v2\/product\/978","targetHints":{"allow":["GET"]}}],"collection":[{"href":"https:\/\/etnoart.eu\/lv\/wp-json\/wp\/v2\/product"}],"about":[{"href":"https:\/\/etnoart.eu\/lv\/wp-json\/wp\/v2\/types\/product"}],"wp:featuredmedia":[{"embeddable":true,"href":"https:\/\/etnoart.eu\/lv\/wp-json\/wp\/v2\/media\/5274"}],"wp:attachment":[{"href":"https:\/\/etnoart.eu\/lv\/wp-json\/wp\/v2\/media?parent=978"}],"wp:term":[{"taxonomy":"product_brand","embeddable":true,"href":"https:\/\/etnoart.eu\/lv\/wp-json\/wp\/v2\/product_brand?post=978"},{"taxonomy":"product_cat","embeddable":true,"href":"https:\/\/etnoart.eu\/lv\/wp-json\/wp\/v2\/product_cat?post=978"},{"taxonomy":"product_tag","embeddable":true,"href":"https:\/\/etnoart.eu\/lv\/wp-json\/wp\/v2\/product_tag?post=978"}],"curies":[{"name":"wp","href":"https:\/\/api.w.org\/{rel}","templated":true}]}}