{"id":8533,"date":"2023-06-08T08:56:28","date_gmt":"2023-06-08T08:56:28","guid":{"rendered":"https:\/\/etnoart.eu\/toode\/jalatsiriiul\/"},"modified":"2026-03-13T20:59:47","modified_gmt":"2026-03-13T20:59:47","slug":"jalatsiriiul","status":"publish","type":"product","link":"https:\/\/etnoart.eu\/lv\/toode\/jalatsiriiul\/","title":{"rendered":"Jalatsiriiul"},"content":{"rendered":"<p>Jalatsiriiul on valmistatud kvaliteetsest terasest. See jalatsiriiul on ideaalne lahendus, mis aitab hoida teie jalan\u00f5ud korras , kui saabute \u00f5uest. Lisaks sellele, et saate paigutada oma jalan\u00f5ud riiuli alumisele tasapinnale, pakub see riiul ka v\u00f5imalust hoida k\u00e4ekotte v\u00f5i istuda ning mugavamalt jalatseid jalga panna.<\/p>\n<p>Riiuli pealmine osa on loodud k\u00e4ekottide v\u00f5i jalatsite hoidmiseks ning samal ajal pakub see ka mugavat istumisv\u00f5imalust, kui soovite jalatseid jalga panna.<\/p>\n<p>Jalatsiriiul on viimistletud elegantse musta pulberlakiga, mis tagab selle vastupidavuse ja lisab riiulile stiilse ilme. Must v\u00e4rv on mitmek\u00fclgne ning sobib suurep\u00e4raselt erinevate sisekujundusstiilidega, olles samal ajal elegantne ja kaasaegne. Pulberlakk kaitseb riiulit kulumise ja kriimustuste eest, tagades selle pikaajalise kasutuse.<\/p>\n<p>See toode sobib suurep\u00e4raselt koos meie <a href=\"https:\/\/etnoart.eu\/toode\/riidevarn\/\" target=\"_blank\" rel=\"noopener\">Riidevarnaga<\/a>, luues harmoonilise ja praktilise lahenduse. M\u00f5lema toote laiused on omavahel h\u00e4sti sobitatud, luues \u00fchtlase ja tasakaalustatud v\u00e4limuse. <a href=\"https:\/\/etnoart.eu\/toode\/riidevarn\/\" target=\"_blank\" rel=\"noopener\">Riidevarn<\/a> saab kinnitada seinale, pakkudes vertikaalset hoiuruumi, samal ajal kui jalatsiriiul asetatakse selle alla p\u00f5randale, maksimeerides ruumi kasutamist ja luues tervikliku korralduslahenduse.<\/p>\n<p>Kokkuv\u00f5ttes pakub meie jalatsiriiul tugevat ja vastupidavat lahendust jalan\u00f5ude hoidmiseks, kui saabute \u00f5uest. Viimistletud musta pulber<\/p>\n<p>Laius 79 cm<\/p>\n<p>k\u00f5rgus 31 cm<\/p>\n<p>s\u00fcgavus 28,5 cm<\/p>\n<p>kaetud musta pulberv\u00e4rviga.<\/p>\n","protected":false},"excerpt":{"rendered":"<p>Laius 79 cm<\/p>\n<p>k\u00f5rgus 31 cm<\/p>\n<p>s\u00fcgavus 28,5 cm<\/p>\n<p>kaetud musta pulberv\u00e4rviga.<\/p>\n","protected":false},"featured_media":8535,"template":"","meta":[],"product_brand":[],"product_cat":[1145],"product_tag":[],"class_list":{"0":"post-8533","1":"product","2":"type-product","3":"status-publish","4":"has-post-thumbnail","6":"product_cat-plaukti-un-plauktu-turetaji","7":"has-post-title","8":"has-post-date","9":"has-post-category","10":"has-post-tag","11":"has-post-comment","12":"has-post-author","13":"","15":"first","16":"instock","17":"taxable","18":"shipping-taxable","19":"purchasable","20":"product-type-simple"},"yoast_head":"<!-- This site is optimized with the Yoast SEO plugin v27.4 - https:\/\/yoast.com\/product\/yoast-seo-wordpress\/ -->\n<title>Jalatsiriiul |EtnoArt| Riiulid, riiulikandurid<\/title>\n<meta name=\"description\" content=\"Jalatsiriiul on valmistatud kvaliteetsest terasest. See jalatsiriiul on ideaalne lahendus, mis aitab hoida teie jalan\u00f5ud korras , kui saabute \u00f5uest.\" \/>\n<meta name=\"robots\" content=\"index, follow, max-snippet:-1, max-image-preview:large, max-video-preview:-1\" \/>\n<link rel=\"canonical\" href=\"https:\/\/etnoart.eu\/lv\/toode\/jalatsiriiul\/\" \/>\n<meta property=\"og:locale\" content=\"lv_LV\" \/>\n<meta property=\"og:type\" content=\"article\" \/>\n<meta property=\"og:title\" content=\"Jalatsiriiul |EtnoArt| Riiulid, riiulikandurid\" \/>\n<meta property=\"og:description\" content=\"Jalatsiriiul on valmistatud kvaliteetsest terasest. See jalatsiriiul on ideaalne lahendus, mis aitab hoida teie jalan\u00f5ud korras , kui saabute \u00f5uest.\" \/>\n<meta property=\"og:url\" content=\"https:\/\/etnoart.eu\/lv\/toode\/jalatsiriiul\/\" \/>\n<meta property=\"og:site_name\" content=\"Etnoart\" \/>\n<meta property=\"article:publisher\" content=\"https:\/\/www.facebook.com\/etnoart.handicraft.shop\" \/>\n<meta property=\"article:modified_time\" content=\"2026-03-13T20:59:47+00:00\" \/>\n<meta property=\"og:image\" content=\"https:\/\/etnoart.eu\/wp-content\/uploads\/2023\/06\/Jalatsiriiul-Riiulid-riiulikandurid-900.png\" \/>\n\t<meta property=\"og:image:width\" content=\"700\" \/>\n\t<meta property=\"og:image:height\" content=\"700\" \/>\n\t<meta property=\"og:image:type\" content=\"image\/png\" \/>\n<meta name=\"twitter:card\" content=\"summary_large_image\" \/>\n<meta name=\"twitter:label1\" content=\"Est. reading time\" \/>\n\t<meta name=\"twitter:data1\" content=\"2 minutes\" \/>\n<script type=\"application\/ld+json\" class=\"yoast-schema-graph\">{\"@context\":\"https:\\\/\\\/schema.org\",\"@graph\":[{\"@type\":\"WebPage\",\"@id\":\"https:\\\/\\\/etnoart.eu\\\/lv\\\/toode\\\/jalatsiriiul\\\/\",\"url\":\"https:\\\/\\\/etnoart.eu\\\/lv\\\/toode\\\/jalatsiriiul\\\/\",\"name\":\"Jalatsiriiul |EtnoArt| Riiulid, riiulikandurid\",\"isPartOf\":{\"@id\":\"https:\\\/\\\/etnoart.eu\\\/#website\"},\"primaryImageOfPage\":{\"@id\":\"https:\\\/\\\/etnoart.eu\\\/lv\\\/toode\\\/jalatsiriiul\\\/#primaryimage\"},\"image\":{\"@id\":\"https:\\\/\\\/etnoart.eu\\\/lv\\\/toode\\\/jalatsiriiul\\\/#primaryimage\"},\"thumbnailUrl\":\"https:\\\/\\\/etnoart.eu\\\/wp-content\\\/uploads\\\/2023\\\/06\\\/Jalatsiriiul-Riiulid-riiulikandurid-900.png\",\"datePublished\":\"2023-06-08T08:56:28+00:00\",\"dateModified\":\"2026-03-13T20:59:47+00:00\",\"description\":\"Jalatsiriiul on valmistatud kvaliteetsest terasest. See jalatsiriiul on ideaalne lahendus, mis aitab hoida teie jalan\u00f5ud korras , kui saabute \u00f5uest.\",\"breadcrumb\":{\"@id\":\"https:\\\/\\\/etnoart.eu\\\/lv\\\/toode\\\/jalatsiriiul\\\/#breadcrumb\"},\"inLanguage\":\"lv-LV\",\"potentialAction\":[{\"@type\":\"ReadAction\",\"target\":[\"https:\\\/\\\/etnoart.eu\\\/lv\\\/toode\\\/jalatsiriiul\\\/\"]}]},{\"@type\":\"ImageObject\",\"inLanguage\":\"lv-LV\",\"@id\":\"https:\\\/\\\/etnoart.eu\\\/lv\\\/toode\\\/jalatsiriiul\\\/#primaryimage\",\"url\":\"https:\\\/\\\/etnoart.eu\\\/wp-content\\\/uploads\\\/2023\\\/06\\\/Jalatsiriiul-Riiulid-riiulikandurid-900.png\",\"contentUrl\":\"https:\\\/\\\/etnoart.eu\\\/wp-content\\\/uploads\\\/2023\\\/06\\\/Jalatsiriiul-Riiulid-riiulikandurid-900.png\",\"width\":700,\"height\":700,\"caption\":\"Jalatsiriiul-Riiulid-riiulikandurid 900\"},{\"@type\":\"BreadcrumbList\",\"@id\":\"https:\\\/\\\/etnoart.eu\\\/lv\\\/toode\\\/jalatsiriiul\\\/#breadcrumb\",\"itemListElement\":[{\"@type\":\"ListItem\",\"position\":1,\"name\":\"Home\",\"item\":\"https:\\\/\\\/etnoart.eu\\\/lv\\\/\"},{\"@type\":\"ListItem\",\"position\":2,\"name\":\"Pood\",\"item\":\"https:\\\/\\\/etnoart.eu\\\/lv\\\/shop\\\/\"},{\"@type\":\"ListItem\",\"position\":3,\"name\":\"Jalatsiriiul\"}]},{\"@type\":\"WebSite\",\"@id\":\"https:\\\/\\\/etnoart.eu\\\/#website\",\"url\":\"https:\\\/\\\/etnoart.eu\\\/\",\"name\":\"Etnoart\",\"description\":\"K&auml;sit&ouml;&ouml;pood\",\"publisher\":{\"@id\":\"https:\\\/\\\/etnoart.eu\\\/#organization\"},\"potentialAction\":[{\"@type\":\"SearchAction\",\"target\":{\"@type\":\"EntryPoint\",\"urlTemplate\":\"https:\\\/\\\/etnoart.eu\\\/?s={search_term_string}\"},\"query-input\":{\"@type\":\"PropertyValueSpecification\",\"valueRequired\":true,\"valueName\":\"search_term_string\"}}],\"inLanguage\":\"lv-LV\"},{\"@type\":\"Organization\",\"@id\":\"https:\\\/\\\/etnoart.eu\\\/#organization\",\"name\":\"Etnoart O\u00dc\",\"url\":\"https:\\\/\\\/etnoart.eu\\\/\",\"logo\":{\"@type\":\"ImageObject\",\"inLanguage\":\"lv-LV\",\"@id\":\"https:\\\/\\\/etnoart.eu\\\/#\\\/schema\\\/logo\\\/image\\\/\",\"url\":\"https:\\\/\\\/etnoart.eu\\\/wp-content\\\/uploads\\\/2023\\\/06\\\/etnoart-logo.png\",\"contentUrl\":\"https:\\\/\\\/etnoart.eu\\\/wp-content\\\/uploads\\\/2023\\\/06\\\/etnoart-logo.png\",\"width\":491,\"height\":184,\"caption\":\"Etnoart O\u00dc\"},\"image\":{\"@id\":\"https:\\\/\\\/etnoart.eu\\\/#\\\/schema\\\/logo\\\/image\\\/\"},\"sameAs\":[\"https:\\\/\\\/www.facebook.com\\\/etnoart.handicraft.shop\"]}]}<\/script>\n<!-- \/ Yoast SEO plugin. -->","yoast_head_json":{"title":"Jalatsiriiul |EtnoArt| Riiulid, riiulikandurid","description":"Jalatsiriiul on valmistatud kvaliteetsest terasest. See jalatsiriiul on ideaalne lahendus, mis aitab hoida teie jalan\u00f5ud korras , kui saabute \u00f5uest.","robots":{"index":"index","follow":"follow","max-snippet":"max-snippet:-1","max-image-preview":"max-image-preview:large","max-video-preview":"max-video-preview:-1"},"canonical":"https:\/\/etnoart.eu\/lv\/toode\/jalatsiriiul\/","og_locale":"lv_LV","og_type":"article","og_title":"Jalatsiriiul |EtnoArt| Riiulid, riiulikandurid","og_description":"Jalatsiriiul on valmistatud kvaliteetsest terasest. See jalatsiriiul on ideaalne lahendus, mis aitab hoida teie jalan\u00f5ud korras , kui saabute \u00f5uest.","og_url":"https:\/\/etnoart.eu\/lv\/toode\/jalatsiriiul\/","og_site_name":"Etnoart","article_publisher":"https:\/\/www.facebook.com\/etnoart.handicraft.shop","article_modified_time":"2026-03-13T20:59:47+00:00","og_image":[{"width":700,"height":700,"url":"https:\/\/etnoart.eu\/wp-content\/uploads\/2023\/06\/Jalatsiriiul-Riiulid-riiulikandurid-900.png","type":"image\/png"}],"twitter_card":"summary_large_image","twitter_misc":{"Est. reading time":"2 minutes"},"schema":{"@context":"https:\/\/schema.org","@graph":[{"@type":"WebPage","@id":"https:\/\/etnoart.eu\/lv\/toode\/jalatsiriiul\/","url":"https:\/\/etnoart.eu\/lv\/toode\/jalatsiriiul\/","name":"Jalatsiriiul |EtnoArt| Riiulid, riiulikandurid","isPartOf":{"@id":"https:\/\/etnoart.eu\/#website"},"primaryImageOfPage":{"@id":"https:\/\/etnoart.eu\/lv\/toode\/jalatsiriiul\/#primaryimage"},"image":{"@id":"https:\/\/etnoart.eu\/lv\/toode\/jalatsiriiul\/#primaryimage"},"thumbnailUrl":"https:\/\/etnoart.eu\/wp-content\/uploads\/2023\/06\/Jalatsiriiul-Riiulid-riiulikandurid-900.png","datePublished":"2023-06-08T08:56:28+00:00","dateModified":"2026-03-13T20:59:47+00:00","description":"Jalatsiriiul on valmistatud kvaliteetsest terasest. See jalatsiriiul on ideaalne lahendus, mis aitab hoida teie jalan\u00f5ud korras , kui saabute \u00f5uest.","breadcrumb":{"@id":"https:\/\/etnoart.eu\/lv\/toode\/jalatsiriiul\/#breadcrumb"},"inLanguage":"lv-LV","potentialAction":[{"@type":"ReadAction","target":["https:\/\/etnoart.eu\/lv\/toode\/jalatsiriiul\/"]}]},{"@type":"ImageObject","inLanguage":"lv-LV","@id":"https:\/\/etnoart.eu\/lv\/toode\/jalatsiriiul\/#primaryimage","url":"https:\/\/etnoart.eu\/wp-content\/uploads\/2023\/06\/Jalatsiriiul-Riiulid-riiulikandurid-900.png","contentUrl":"https:\/\/etnoart.eu\/wp-content\/uploads\/2023\/06\/Jalatsiriiul-Riiulid-riiulikandurid-900.png","width":700,"height":700,"caption":"Jalatsiriiul-Riiulid-riiulikandurid 900"},{"@type":"BreadcrumbList","@id":"https:\/\/etnoart.eu\/lv\/toode\/jalatsiriiul\/#breadcrumb","itemListElement":[{"@type":"ListItem","position":1,"name":"Home","item":"https:\/\/etnoart.eu\/lv\/"},{"@type":"ListItem","position":2,"name":"Pood","item":"https:\/\/etnoart.eu\/lv\/shop\/"},{"@type":"ListItem","position":3,"name":"Jalatsiriiul"}]},{"@type":"WebSite","@id":"https:\/\/etnoart.eu\/#website","url":"https:\/\/etnoart.eu\/","name":"Etnoart","description":"K&auml;sit&ouml;&ouml;pood","publisher":{"@id":"https:\/\/etnoart.eu\/#organization"},"potentialAction":[{"@type":"SearchAction","target":{"@type":"EntryPoint","urlTemplate":"https:\/\/etnoart.eu\/?s={search_term_string}"},"query-input":{"@type":"PropertyValueSpecification","valueRequired":true,"valueName":"search_term_string"}}],"inLanguage":"lv-LV"},{"@type":"Organization","@id":"https:\/\/etnoart.eu\/#organization","name":"Etnoart O\u00dc","url":"https:\/\/etnoart.eu\/","logo":{"@type":"ImageObject","inLanguage":"lv-LV","@id":"https:\/\/etnoart.eu\/#\/schema\/logo\/image\/","url":"https:\/\/etnoart.eu\/wp-content\/uploads\/2023\/06\/etnoart-logo.png","contentUrl":"https:\/\/etnoart.eu\/wp-content\/uploads\/2023\/06\/etnoart-logo.png","width":491,"height":184,"caption":"Etnoart O\u00dc"},"image":{"@id":"https:\/\/etnoart.eu\/#\/schema\/logo\/image\/"},"sameAs":["https:\/\/www.facebook.com\/etnoart.handicraft.shop"]}]}},"builder_content":"","_links":{"self":[{"href":"https:\/\/etnoart.eu\/lv\/wp-json\/wp\/v2\/product\/8533","targetHints":{"allow":["GET"]}}],"collection":[{"href":"https:\/\/etnoart.eu\/lv\/wp-json\/wp\/v2\/product"}],"about":[{"href":"https:\/\/etnoart.eu\/lv\/wp-json\/wp\/v2\/types\/product"}],"wp:featuredmedia":[{"embeddable":true,"href":"https:\/\/etnoart.eu\/lv\/wp-json\/wp\/v2\/media\/8535"}],"wp:attachment":[{"href":"https:\/\/etnoart.eu\/lv\/wp-json\/wp\/v2\/media?parent=8533"}],"wp:term":[{"taxonomy":"product_brand","embeddable":true,"href":"https:\/\/etnoart.eu\/lv\/wp-json\/wp\/v2\/product_brand?post=8533"},{"taxonomy":"product_cat","embeddable":true,"href":"https:\/\/etnoart.eu\/lv\/wp-json\/wp\/v2\/product_cat?post=8533"},{"taxonomy":"product_tag","embeddable":true,"href":"https:\/\/etnoart.eu\/lv\/wp-json\/wp\/v2\/product_tag?post=8533"}],"curies":[{"name":"wp","href":"https:\/\/api.w.org\/{rel}","templated":true}]}}