{"id":8473,"date":"2023-06-08T08:56:27","date_gmt":"2023-06-08T08:56:27","guid":{"rendered":"https:\/\/etnoart.eu\/toode\/latthinged-30-cm-zn\/"},"modified":"2026-03-13T20:52:56","modified_gmt":"2026-03-13T20:52:56","slug":"lentes-enges-30-cm-zn","status":"publish","type":"product","link":"https:\/\/etnoart.eu\/lv\/toode\/lentes-enges-30-cm-zn\/","title":{"rendered":"Lentes e\u0146\u0123es 30 cm (Zn)"},"content":{"rendered":"<p data-start=\"2880\" data-end=\"3135\"><strong data-start=\"2880\" data-end=\"2907\">Lentes e\u0146\u0123es 30 cm (Zn)<\/strong> ir cinkotas un kr\u0101sotas ar pulverkr\u0101su, kas nodro\u0161ina augstu iztur\u012bbu pret koroziju un ilgu kalpo\u0161anas laiku. \u0160\u012bs e\u0146\u0123es ir piem\u0113rotas durv\u012bm, v\u0101rtiem un cit\u0101m koka konstrukcij\u0101m, kur nepiecie\u0161ams dro\u0161s un iztur\u012bgs stiprin\u0101jums.<\/p>\n<p data-start=\"3137\" data-end=\"3241\">Komplekt\u0101 ietilpst <strong data-start=\"3156\" data-end=\"3240\">p\u0101ris lentes e\u0146\u0123u ar stiprin\u0101juma pl\u0101ksn\u0113m un div\u0101m stiprin\u0101juma skr\u016bv\u0113m 8\u00d770 mm<\/strong>.<\/p>\n<ul data-start=\"3243\" data-end=\"3281\">\n<li data-section-id=\"16mhbn2\" data-start=\"3243\" data-end=\"3255\">\n<p data-start=\"3245\" data-end=\"3255\">Cinkotas<\/p>\n<\/li>\n<li data-section-id=\"hkjhzj\" data-start=\"3256\" data-end=\"3281\">\n<p data-start=\"3258\" data-end=\"3281\">Kr\u0101sotas ar pulverkr\u0101su<\/p>\n<\/li>\n<\/ul>\n<p data-start=\"3283\" data-end=\"3376\">Ieteicams stiprin\u0101t ar <strong data-start=\"3306\" data-end=\"3329\">60 mm kal\u0113ja nagl\u0101m<\/strong>. Vienam komplektam nepiecie\u0161amas <strong data-start=\"3363\" data-end=\"3375\">8 naglas<\/strong>.<\/p>\n<hr data-start=\"3378\" data-end=\"3381\" \/>\n<h3 data-section-id=\"hhvxv9\" data-start=\"3383\" data-end=\"3413\">\ud83d\udee0\ufe0f Kalto e\u0146\u0123u uzst\u0101d\u012b\u0161ana<\/h3>\n<p data-start=\"3415\" data-end=\"3490\">Lentes e\u0146\u0123u uzst\u0101d\u012b\u0161anai papildus e\u0146\u0123\u0113m un stiprin\u0101jumiem b\u016bs nepiecie\u0161ams:<\/p>\n<ul data-start=\"3492\" data-end=\"3667\">\n<li data-section-id=\"dh93uf\" data-start=\"3492\" data-end=\"3501\">\n<p data-start=\"3494\" data-end=\"3501\">urbis<\/p>\n<\/li>\n<li data-section-id=\"1sz789s\" data-start=\"3502\" data-end=\"3516\">\n<p data-start=\"3504\" data-end=\"3516\">koka urbji<\/p>\n<\/li>\n<li data-section-id=\"jvciz4\" data-start=\"3517\" data-end=\"3526\">\n<p data-start=\"3519\" data-end=\"3526\">\u0101murs<\/p>\n<\/li>\n<li data-section-id=\"gyikwc\" data-start=\"3527\" data-end=\"3548\">\n<p data-start=\"3529\" data-end=\"3548\">uzgrie\u017e\u0146u atsl\u0113ga<\/p>\n<\/li>\n<li data-section-id=\"dvw57x\" data-start=\"3549\" data-end=\"3615\">\n<p data-start=\"3551\" data-end=\"3615\">ja stabs vai r\u0101mis ir no m\u016bra \u2013 m\u016bra urbji un atbilsto\u0161s urbis<\/p>\n<\/li>\n<li data-section-id=\"w8d9c1\" data-start=\"3616\" data-end=\"3667\">\n<p data-start=\"3618\" data-end=\"3667\">m\u016brjava vai \u0137\u012bmiskais enkurs stiprin\u0101juma skr\u016bv\u0113m<\/p>\n<\/li>\n<\/ul>\n<p data-start=\"3669\" data-end=\"3826\">Stiprin\u0101juma pl\u0101ksnes paredz\u0113tas gad\u012bjumam, kad durvis un r\u0101mis atrodas vien\u0101 plakn\u0113. Ja augstumi at\u0161\u0137iras, varam izgatavot individu\u0101las pl\u0101ksnes p\u0113c izm\u0113ra.<\/p>\n<p data-start=\"3828\" data-end=\"4086\">E\u0146\u0123es piestiprina pie durv\u012bm t\u0101, lai skr\u016bves, naglas vai skr\u016bvju stiprin\u0101jumi izietu cauri durvju konstrukcijai. Tas \u013cauj noteikt prec\u012bzu e\u0146\u0123u augstumu un atz\u012bm\u0113t vietas stiprin\u0101juma skr\u016bv\u0113m r\u0101m\u012b. J\u0101\u0146em v\u0113r\u0101, ka e\u0146\u0123u lente balst\u012bsies uz skr\u016bves plakano galu.<\/p>\n<p data-start=\"4088\" data-end=\"4359\">Kok\u0101 j\u0101izurbj apm\u0113ram <strong data-start=\"4110\" data-end=\"4146\">3 mm \u0161aur\u0101ks caurums nek\u0101 skr\u016bve<\/strong>, kur\u0101 skr\u016bve tiek ieskr\u016bv\u0113ta. Ja stabs ir no m\u016bra, j\u0101izurbj caurums, kur\u0101 skr\u016bve br\u012bvi ieiet, un t\u0101 j\u0101nostiprina ar <strong data-start=\"4263\" data-end=\"4293\">m\u016brjavu vai \u0137\u012bmisko enkuru<\/strong>. \u0160aj\u0101 gad\u012bjum\u0101 durvis nevar uzst\u0101d\u012bt, kam\u0113r java nav saciet\u0113jusi.<\/p>\n<p data-start=\"4361\" data-end=\"4591\">Atz\u012bm\u0113jot e\u0146\u0123u lentes stiprin\u0101juma vietas, j\u0101atst\u0101j neliela br\u012bvkust\u012bba starp e\u0146\u0123i un stiprin\u0101juma pl\u0101ksni, lai durvis var\u0113tu br\u012bvi kust\u0113ties. T\u0101p\u0113c aug\u0161\u0113j\u0101 durvju da\u013ca j\u0101novieto nedaudz tuv\u0101k r\u0101mim, bet apak\u0161\u0113j\u0101 \u2013 nedaudz uz \u0101ru.<\/p>\n<p data-start=\"4593\" data-end=\"4814\">E\u0146\u0123es lentes galu pie stiprin\u0101juma pl\u0101ksnes ieteicams <strong data-start=\"4647\" data-end=\"4681\">noteikti nostiprin\u0101t ar skr\u016bvi<\/strong>, bet p\u0101r\u0113jos stiprin\u0101jumus var veikt ar kal\u0113ja nagl\u0101m vai skr\u016bv\u0113m. Abos gad\u012bjumos ieteicams iepriek\u0161 izurbt nedaudz \u0161aur\u0101ku caurumu.<\/p>\n<p data-start=\"4816\" data-end=\"5078\">Kal\u0113ja naglu v\u0113lams izv\u0113l\u0113ties tik garu, lai t\u0101s gals izietu cauri kokam par da\u017eiem centimetriem. Tad ar <strong data-start=\"4921\" data-end=\"4939\">diviem \u0101muriem<\/strong> naglas gals tiek saliekts 90\u00b0 le\u0146\u0137\u012b un iesists atpaka\u013c kok\u0101. Tas nodro\u0161ina \u013coti stingru savienojumu, kuru praktiski nav iesp\u0113jams izvilkt.<\/p>\n","protected":false},"excerpt":{"rendered":"<p>Latthinged 30 cm (Zn). Komplekti kuulub latthingede paar sagarate ja kahe sagarapoldiga 8x70mm,<\/p>\n<p>Tsingitud ja pulberv\u00e4rviga v\u00e4rvitud<\/p>\n","protected":false},"featured_media":8476,"template":"","meta":[],"product_brand":[],"product_cat":[1165],"product_tag":[],"class_list":{"0":"post-8473","1":"product","2":"type-product","3":"status-publish","4":"has-post-thumbnail","6":"product_cat-durvju-un-logu-enges","7":"has-post-title","8":"has-post-date","9":"has-post-category","10":"has-post-tag","11":"has-post-comment","12":"has-post-author","13":"","15":"first","16":"instock","17":"taxable","18":"shipping-taxable","19":"purchasable","20":"product-type-simple"},"yoast_head":"<!-- This site is optimized with the Yoast SEO plugin v27.3 - https:\/\/yoast.com\/product\/yoast-seo-wordpress\/ -->\n<title>Lentes e\u0146\u0123es 30 cm (Zn) |EtnoArt| Durvju un logu e\u0146\u0123es<\/title>\n<meta name=\"description\" content=\"Cinkotas un pulverkr\u0101sotas lentes e\u0146\u0123es 30 cm durv\u012bm un v\u0101rtiem. Iztur\u012bgas met\u0101la e\u0146\u0123es ar stiprin\u0101juma skr\u016bv\u0113m. \u2013 cinkotas durvju un v\u0101rtu e\u0146\u0123es\" \/>\n<meta name=\"robots\" content=\"index, follow, max-snippet:-1, max-image-preview:large, max-video-preview:-1\" \/>\n<link rel=\"canonical\" href=\"https:\/\/etnoart.eu\/lv\/toode\/lentes-enges-30-cm-zn\/\" \/>\n<meta property=\"og:locale\" content=\"lv_LV\" \/>\n<meta property=\"og:type\" content=\"article\" \/>\n<meta property=\"og:title\" content=\"Lentes e\u0146\u0123es 30 cm (Zn) |EtnoArt| Durvju un logu e\u0146\u0123es\" \/>\n<meta property=\"og:description\" content=\"Cinkotas un pulverkr\u0101sotas lentes e\u0146\u0123es 30 cm durv\u012bm un v\u0101rtiem. Iztur\u012bgas met\u0101la e\u0146\u0123es ar stiprin\u0101juma skr\u016bv\u0113m. \u2013 cinkotas durvju un v\u0101rtu e\u0146\u0123es\" \/>\n<meta property=\"og:url\" content=\"https:\/\/etnoart.eu\/lv\/toode\/lentes-enges-30-cm-zn\/\" \/>\n<meta property=\"og:site_name\" content=\"Etnoart\" \/>\n<meta property=\"article:publisher\" content=\"https:\/\/www.facebook.com\/etnoart.handicraft.shop\" \/>\n<meta property=\"article:modified_time\" content=\"2026-03-13T20:52:56+00:00\" \/>\n<meta property=\"og:image\" content=\"https:\/\/etnoart.eu\/wp-content\/uploads\/2023\/06\/Latthinged-30cm-ZN.png\" \/>\n\t<meta property=\"og:image:width\" content=\"900\" \/>\n\t<meta property=\"og:image:height\" content=\"900\" \/>\n\t<meta property=\"og:image:type\" content=\"image\/png\" \/>\n<meta name=\"twitter:card\" content=\"summary_large_image\" \/>\n<meta name=\"twitter:label1\" content=\"Est. reading time\" \/>\n\t<meta name=\"twitter:data1\" content=\"2 minutes\" \/>\n<script type=\"application\/ld+json\" class=\"yoast-schema-graph\">{\"@context\":\"https:\\\/\\\/schema.org\",\"@graph\":[{\"@type\":\"WebPage\",\"@id\":\"https:\\\/\\\/etnoart.eu\\\/lv\\\/toode\\\/lentes-enges-30-cm-zn\\\/\",\"url\":\"https:\\\/\\\/etnoart.eu\\\/lv\\\/toode\\\/lentes-enges-30-cm-zn\\\/\",\"name\":\"Lentes e\u0146\u0123es 30 cm (Zn) |EtnoArt| Durvju un logu e\u0146\u0123es\",\"isPartOf\":{\"@id\":\"https:\\\/\\\/etnoart.eu\\\/#website\"},\"primaryImageOfPage\":{\"@id\":\"https:\\\/\\\/etnoart.eu\\\/lv\\\/toode\\\/lentes-enges-30-cm-zn\\\/#primaryimage\"},\"image\":{\"@id\":\"https:\\\/\\\/etnoart.eu\\\/lv\\\/toode\\\/lentes-enges-30-cm-zn\\\/#primaryimage\"},\"thumbnailUrl\":\"https:\\\/\\\/etnoart.eu\\\/wp-content\\\/uploads\\\/2023\\\/06\\\/Latthinged-30cm-ZN.png\",\"datePublished\":\"2023-06-08T08:56:27+00:00\",\"dateModified\":\"2026-03-13T20:52:56+00:00\",\"description\":\"Cinkotas un pulverkr\u0101sotas lentes e\u0146\u0123es 30 cm durv\u012bm un v\u0101rtiem. Iztur\u012bgas met\u0101la e\u0146\u0123es ar stiprin\u0101juma skr\u016bv\u0113m. \u2013 cinkotas durvju un v\u0101rtu e\u0146\u0123es\",\"breadcrumb\":{\"@id\":\"https:\\\/\\\/etnoart.eu\\\/lv\\\/toode\\\/lentes-enges-30-cm-zn\\\/#breadcrumb\"},\"inLanguage\":\"lv-LV\",\"potentialAction\":[{\"@type\":\"ReadAction\",\"target\":[\"https:\\\/\\\/etnoart.eu\\\/lv\\\/toode\\\/lentes-enges-30-cm-zn\\\/\"]}]},{\"@type\":\"ImageObject\",\"inLanguage\":\"lv-LV\",\"@id\":\"https:\\\/\\\/etnoart.eu\\\/lv\\\/toode\\\/lentes-enges-30-cm-zn\\\/#primaryimage\",\"url\":\"https:\\\/\\\/etnoart.eu\\\/wp-content\\\/uploads\\\/2023\\\/06\\\/Latthinged-30cm-ZN.png\",\"contentUrl\":\"https:\\\/\\\/etnoart.eu\\\/wp-content\\\/uploads\\\/2023\\\/06\\\/Latthinged-30cm-ZN.png\",\"width\":900,\"height\":900,\"caption\":\"Latthinged 30cm ZN\"},{\"@type\":\"BreadcrumbList\",\"@id\":\"https:\\\/\\\/etnoart.eu\\\/lv\\\/toode\\\/lentes-enges-30-cm-zn\\\/#breadcrumb\",\"itemListElement\":[{\"@type\":\"ListItem\",\"position\":1,\"name\":\"Home\",\"item\":\"https:\\\/\\\/etnoart.eu\\\/lv\\\/\"},{\"@type\":\"ListItem\",\"position\":2,\"name\":\"Pood\",\"item\":\"https:\\\/\\\/etnoart.eu\\\/lv\\\/shop\\\/\"},{\"@type\":\"ListItem\",\"position\":3,\"name\":\"Lentes e\u0146\u0123es 30 cm (Zn)\"}]},{\"@type\":\"WebSite\",\"@id\":\"https:\\\/\\\/etnoart.eu\\\/#website\",\"url\":\"https:\\\/\\\/etnoart.eu\\\/\",\"name\":\"Etnoart\",\"description\":\"K&auml;sit&ouml;&ouml;pood\",\"publisher\":{\"@id\":\"https:\\\/\\\/etnoart.eu\\\/#organization\"},\"potentialAction\":[{\"@type\":\"SearchAction\",\"target\":{\"@type\":\"EntryPoint\",\"urlTemplate\":\"https:\\\/\\\/etnoart.eu\\\/?s={search_term_string}\"},\"query-input\":{\"@type\":\"PropertyValueSpecification\",\"valueRequired\":true,\"valueName\":\"search_term_string\"}}],\"inLanguage\":\"lv-LV\"},{\"@type\":\"Organization\",\"@id\":\"https:\\\/\\\/etnoart.eu\\\/#organization\",\"name\":\"Etnoart O\u00dc\",\"url\":\"https:\\\/\\\/etnoart.eu\\\/\",\"logo\":{\"@type\":\"ImageObject\",\"inLanguage\":\"lv-LV\",\"@id\":\"https:\\\/\\\/etnoart.eu\\\/#\\\/schema\\\/logo\\\/image\\\/\",\"url\":\"https:\\\/\\\/etnoart.eu\\\/wp-content\\\/uploads\\\/2023\\\/06\\\/etnoart-logo.png\",\"contentUrl\":\"https:\\\/\\\/etnoart.eu\\\/wp-content\\\/uploads\\\/2023\\\/06\\\/etnoart-logo.png\",\"width\":491,\"height\":184,\"caption\":\"Etnoart O\u00dc\"},\"image\":{\"@id\":\"https:\\\/\\\/etnoart.eu\\\/#\\\/schema\\\/logo\\\/image\\\/\"},\"sameAs\":[\"https:\\\/\\\/www.facebook.com\\\/etnoart.handicraft.shop\"]}]}<\/script>\n<!-- \/ Yoast SEO plugin. -->","yoast_head_json":{"title":"Lentes e\u0146\u0123es 30 cm (Zn) |EtnoArt| Durvju un logu e\u0146\u0123es","description":"Cinkotas un pulverkr\u0101sotas lentes e\u0146\u0123es 30 cm durv\u012bm un v\u0101rtiem. Iztur\u012bgas met\u0101la e\u0146\u0123es ar stiprin\u0101juma skr\u016bv\u0113m. \u2013 cinkotas durvju un v\u0101rtu e\u0146\u0123es","robots":{"index":"index","follow":"follow","max-snippet":"max-snippet:-1","max-image-preview":"max-image-preview:large","max-video-preview":"max-video-preview:-1"},"canonical":"https:\/\/etnoart.eu\/lv\/toode\/lentes-enges-30-cm-zn\/","og_locale":"lv_LV","og_type":"article","og_title":"Lentes e\u0146\u0123es 30 cm (Zn) |EtnoArt| Durvju un logu e\u0146\u0123es","og_description":"Cinkotas un pulverkr\u0101sotas lentes e\u0146\u0123es 30 cm durv\u012bm un v\u0101rtiem. Iztur\u012bgas met\u0101la e\u0146\u0123es ar stiprin\u0101juma skr\u016bv\u0113m. \u2013 cinkotas durvju un v\u0101rtu e\u0146\u0123es","og_url":"https:\/\/etnoart.eu\/lv\/toode\/lentes-enges-30-cm-zn\/","og_site_name":"Etnoart","article_publisher":"https:\/\/www.facebook.com\/etnoart.handicraft.shop","article_modified_time":"2026-03-13T20:52:56+00:00","og_image":[{"width":900,"height":900,"url":"https:\/\/etnoart.eu\/wp-content\/uploads\/2023\/06\/Latthinged-30cm-ZN.png","type":"image\/png"}],"twitter_card":"summary_large_image","twitter_misc":{"Est. reading time":"2 minutes"},"schema":{"@context":"https:\/\/schema.org","@graph":[{"@type":"WebPage","@id":"https:\/\/etnoart.eu\/lv\/toode\/lentes-enges-30-cm-zn\/","url":"https:\/\/etnoart.eu\/lv\/toode\/lentes-enges-30-cm-zn\/","name":"Lentes e\u0146\u0123es 30 cm (Zn) |EtnoArt| Durvju un logu e\u0146\u0123es","isPartOf":{"@id":"https:\/\/etnoart.eu\/#website"},"primaryImageOfPage":{"@id":"https:\/\/etnoart.eu\/lv\/toode\/lentes-enges-30-cm-zn\/#primaryimage"},"image":{"@id":"https:\/\/etnoart.eu\/lv\/toode\/lentes-enges-30-cm-zn\/#primaryimage"},"thumbnailUrl":"https:\/\/etnoart.eu\/wp-content\/uploads\/2023\/06\/Latthinged-30cm-ZN.png","datePublished":"2023-06-08T08:56:27+00:00","dateModified":"2026-03-13T20:52:56+00:00","description":"Cinkotas un pulverkr\u0101sotas lentes e\u0146\u0123es 30 cm durv\u012bm un v\u0101rtiem. Iztur\u012bgas met\u0101la e\u0146\u0123es ar stiprin\u0101juma skr\u016bv\u0113m. \u2013 cinkotas durvju un v\u0101rtu e\u0146\u0123es","breadcrumb":{"@id":"https:\/\/etnoart.eu\/lv\/toode\/lentes-enges-30-cm-zn\/#breadcrumb"},"inLanguage":"lv-LV","potentialAction":[{"@type":"ReadAction","target":["https:\/\/etnoart.eu\/lv\/toode\/lentes-enges-30-cm-zn\/"]}]},{"@type":"ImageObject","inLanguage":"lv-LV","@id":"https:\/\/etnoart.eu\/lv\/toode\/lentes-enges-30-cm-zn\/#primaryimage","url":"https:\/\/etnoart.eu\/wp-content\/uploads\/2023\/06\/Latthinged-30cm-ZN.png","contentUrl":"https:\/\/etnoart.eu\/wp-content\/uploads\/2023\/06\/Latthinged-30cm-ZN.png","width":900,"height":900,"caption":"Latthinged 30cm ZN"},{"@type":"BreadcrumbList","@id":"https:\/\/etnoart.eu\/lv\/toode\/lentes-enges-30-cm-zn\/#breadcrumb","itemListElement":[{"@type":"ListItem","position":1,"name":"Home","item":"https:\/\/etnoart.eu\/lv\/"},{"@type":"ListItem","position":2,"name":"Pood","item":"https:\/\/etnoart.eu\/lv\/shop\/"},{"@type":"ListItem","position":3,"name":"Lentes e\u0146\u0123es 30 cm (Zn)"}]},{"@type":"WebSite","@id":"https:\/\/etnoart.eu\/#website","url":"https:\/\/etnoart.eu\/","name":"Etnoart","description":"K&auml;sit&ouml;&ouml;pood","publisher":{"@id":"https:\/\/etnoart.eu\/#organization"},"potentialAction":[{"@type":"SearchAction","target":{"@type":"EntryPoint","urlTemplate":"https:\/\/etnoart.eu\/?s={search_term_string}"},"query-input":{"@type":"PropertyValueSpecification","valueRequired":true,"valueName":"search_term_string"}}],"inLanguage":"lv-LV"},{"@type":"Organization","@id":"https:\/\/etnoart.eu\/#organization","name":"Etnoart O\u00dc","url":"https:\/\/etnoart.eu\/","logo":{"@type":"ImageObject","inLanguage":"lv-LV","@id":"https:\/\/etnoart.eu\/#\/schema\/logo\/image\/","url":"https:\/\/etnoart.eu\/wp-content\/uploads\/2023\/06\/etnoart-logo.png","contentUrl":"https:\/\/etnoart.eu\/wp-content\/uploads\/2023\/06\/etnoart-logo.png","width":491,"height":184,"caption":"Etnoart O\u00dc"},"image":{"@id":"https:\/\/etnoart.eu\/#\/schema\/logo\/image\/"},"sameAs":["https:\/\/www.facebook.com\/etnoart.handicraft.shop"]}]}},"builder_content":"","_links":{"self":[{"href":"https:\/\/etnoart.eu\/lv\/wp-json\/wp\/v2\/product\/8473","targetHints":{"allow":["GET"]}}],"collection":[{"href":"https:\/\/etnoart.eu\/lv\/wp-json\/wp\/v2\/product"}],"about":[{"href":"https:\/\/etnoart.eu\/lv\/wp-json\/wp\/v2\/types\/product"}],"wp:featuredmedia":[{"embeddable":true,"href":"https:\/\/etnoart.eu\/lv\/wp-json\/wp\/v2\/media\/8476"}],"wp:attachment":[{"href":"https:\/\/etnoart.eu\/lv\/wp-json\/wp\/v2\/media?parent=8473"}],"wp:term":[{"taxonomy":"product_brand","embeddable":true,"href":"https:\/\/etnoart.eu\/lv\/wp-json\/wp\/v2\/product_brand?post=8473"},{"taxonomy":"product_cat","embeddable":true,"href":"https:\/\/etnoart.eu\/lv\/wp-json\/wp\/v2\/product_cat?post=8473"},{"taxonomy":"product_tag","embeddable":true,"href":"https:\/\/etnoart.eu\/lv\/wp-json\/wp\/v2\/product_tag?post=8473"}],"curies":[{"name":"wp","href":"https:\/\/api.w.org\/{rel}","templated":true}]}}