{"id":8465,"date":"2023-06-08T08:56:28","date_gmt":"2023-06-08T08:56:28","guid":{"rendered":"https:\/\/etnoart.eu\/toode\/sepistatud-haak-11cm\/"},"modified":"2026-03-13T20:45:26","modified_gmt":"2026-03-13T20:45:26","slug":"kalts-akis-11-cm","status":"publish","type":"product","link":"https:\/\/etnoart.eu\/lv\/toode\/kalts-akis-11-cm\/","title":{"rendered":"Kalts \u0101\u0137is 11 cm"},"content":{"rendered":"<h3 data-section-id=\"i7be8p\" data-start=\"2141\" data-end=\"2164\">Produkta apraksts<\/h3>\n<p data-start=\"2165\" data-end=\"2394\"><strong data-start=\"2165\" data-end=\"2194\">Ar rok\u0101m kalts \u0101\u0137is 11 cm<\/strong> ir klasiskas formas neliels, bet iztur\u012bgs aizv\u0113r\u0161anas risin\u0101jums logiem, sl\u0113\u0123iem vai m\u0113be\u013cu durti\u0146\u0101m. Tas lieliski iederas \u0113k\u0101s ar v\u0113sturisku noska\u0146u, kur svar\u012bgas ir autentiskas un dabiskas deta\u013cas.<\/p>\n<hr data-start=\"2396\" data-end=\"2399\" \/>\n<h3 data-section-id=\"1jqe2a\" data-start=\"2401\" data-end=\"2427\">\ud83d\udd29 Materi\u0101ls un apdare<\/h3>\n<ul data-start=\"2429\" data-end=\"2634\">\n<li data-section-id=\"nihole\" data-start=\"2429\" data-end=\"2454\">\n<p data-start=\"2431\" data-end=\"2454\">Ar rok\u0101m kalts met\u0101ls<\/p>\n<\/li>\n<li data-section-id=\"jeto0l\" data-start=\"2455\" data-end=\"2506\">\n<p data-start=\"2457\" data-end=\"2506\">Apstr\u0101d\u0101ts ar tradicion\u0101lu melnin\u0101\u0161anas tehniku<\/p>\n<\/li>\n<li data-section-id=\"1n04xik\" data-start=\"2507\" data-end=\"2577\">\n<p data-start=\"2509\" data-end=\"2577\">Viegli kopjams \u2013 nepiecie\u0161am\u012bbas gad\u012bjum\u0101 not\u012br\u012bt ar e\u013c\u013cainu dr\u0101nu<\/p>\n<\/li>\n<li data-section-id=\"s7pqt\" data-start=\"2578\" data-end=\"2634\">\n<p data-start=\"2580\" data-end=\"2634\">Nodro\u0161ina pietiekamu aizsardz\u012bbu lieto\u0161anai iek\u0161telp\u0101s<\/p>\n<\/li>\n<\/ul>\n<hr data-start=\"2636\" data-end=\"2639\" \/>\n<h3 data-section-id=\"1uw694s\" data-start=\"2641\" data-end=\"2663\">\ud83d\udccf Izm\u0113ri un svars<\/h3>\n<ul data-start=\"2665\" data-end=\"2768\">\n<li data-section-id=\"jtna45\" data-start=\"2665\" data-end=\"2690\">\n<p data-start=\"2667\" data-end=\"2690\">\u0100\u0137a garums: <strong data-start=\"2679\" data-end=\"2688\">11 cm<\/strong><\/p>\n<\/li>\n<li data-section-id=\"3jo0fd\" data-start=\"2691\" data-end=\"2718\">\n<p data-start=\"2693\" data-end=\"2718\">Svars: apm\u0113ram <strong data-start=\"2708\" data-end=\"2716\">80 g<\/strong><\/p>\n<\/li>\n<li data-section-id=\"1odocj2\" data-start=\"2719\" data-end=\"2768\">\n<p data-start=\"2721\" data-end=\"2768\">Cilpu skr\u016bvju v\u012bt\u0146ot\u0101s da\u013cas garums: <strong data-start=\"2758\" data-end=\"2768\">2,5 cm<\/strong><\/p>\n<\/li>\n<\/ul>\n<hr data-start=\"2770\" data-end=\"2773\" \/>\n<h3 data-section-id=\"lauikd\" data-start=\"2775\" data-end=\"2794\">\ud83d\udee0\ufe0f Uzst\u0101d\u012b\u0161ana<\/h3>\n<ul data-start=\"2796\" data-end=\"3046\">\n<li data-section-id=\"1qo20vj\" data-start=\"2796\" data-end=\"2851\">\n<p data-start=\"2798\" data-end=\"2851\">Komplekt\u0101 <strong data-start=\"2808\" data-end=\"2827\">2 cilpu skr\u016bves<\/strong> (viena jau uzst\u0101d\u012bta)<\/p>\n<\/li>\n<li data-section-id=\"qo939y\" data-start=\"2852\" data-end=\"2913\">\n<p data-start=\"2854\" data-end=\"2913\">Skr\u016bves ieskr\u016bv\u0113 kok\u0101 \u2013 ieteicams iepriek\u0161 izurbt caurumu<\/p>\n<\/li>\n<li data-section-id=\"w8wzjp\" data-start=\"2914\" data-end=\"2976\">\n<p data-start=\"2916\" data-end=\"2976\">Parasti uzst\u0101da <strong data-start=\"2932\" data-end=\"2974\">2 \u0101\u0137us uz loga r\u0101mja \u2013 aug\u0161\u0101 un apak\u0161\u0101<\/strong><\/p>\n<\/li>\n<li data-section-id=\"19gjc2t\" data-start=\"2977\" data-end=\"3046\">\n<p data-start=\"2979\" data-end=\"3046\">Ja v\u0113laties fiks\u0113t logu atv\u0113rt\u0101 st\u0101vokl\u012b, izmantojiet <strong data-start=\"3033\" data-end=\"3046\">14 cm \u0101\u0137i<\/strong><\/p>\n<\/li>\n<\/ul>\n<hr data-start=\"3048\" data-end=\"3051\" \/>\n<h3 data-section-id=\"1fqd61l\" data-start=\"3053\" data-end=\"3089\">\ud83c\udfe1 Galven\u0101s pielieto\u0161anas vietas<\/h3>\n<ul data-start=\"3091\" data-end=\"3224\">\n<li data-section-id=\"1ucbvxq\" data-start=\"3091\" data-end=\"3127\">\n<p data-start=\"3093\" data-end=\"3127\">Lauku m\u0101ju logi, durvis un sl\u0113\u0123i<\/p>\n<\/li>\n<li data-section-id=\"no9zul\" data-start=\"3128\" data-end=\"3179\">\n<p data-start=\"3130\" data-end=\"3179\">Maz\u0101ki m\u0113be\u013cu elementi ar dekorat\u012bvu aizv\u0113r\u0161anu<\/p>\n<\/li>\n<li data-section-id=\"h2frs5\" data-start=\"3180\" data-end=\"3224\">\n<p data-start=\"3182\" data-end=\"3224\">\u012apa\u0161i piem\u0113rots tradicion\u0101liem koka logiem<\/p>\n<\/li>\n<\/ul>\n<hr data-start=\"3226\" data-end=\"3229\" \/>\n<h3 data-section-id=\"1ckfy9v\" data-start=\"3231\" data-end=\"3274\">\ud83d\udc4d K\u0101p\u0113c izv\u0113l\u0113ties \u0161o kalto \u0101\u0137i 11 cm?<\/h3>\n<ul data-start=\"3276\" data-end=\"3396\">\n<li data-section-id=\"ndij1e\" data-start=\"3276\" data-end=\"3300\">\n<p data-start=\"3278\" data-end=\"3300\">Iztur\u012bgs un uzticams<\/p>\n<\/li>\n<li data-section-id=\"11bthfk\" data-start=\"3301\" data-end=\"3352\">\n<p data-start=\"3303\" data-end=\"3352\">Katram izstr\u0101d\u0101jumam ir unik\u0101la kaluma tekst\u016bra<\/p>\n<\/li>\n<li data-section-id=\"le8ira\" data-start=\"3353\" data-end=\"3396\">\n<p data-start=\"3355\" data-end=\"3396\">Pie\u0161\u0137ir koka elementiem est\u0113tisku v\u0113rt\u012bbu<\/p>\n<\/li>\n<\/ul>\n<hr data-start=\"3398\" data-end=\"3401\" \/>\n<h3 data-section-id=\"1luxron\" data-start=\"3403\" data-end=\"3428\">\ud83c\udfaf Kam tas paredz\u0113ts?<\/h3>\n<p data-start=\"3430\" data-end=\"3500\">Cilv\u0113kiem, kuri nov\u0113rt\u0113 v\u0113sturi, roku darbu un autentisku kalvniec\u012bbu.<\/p>\n<hr data-start=\"3502\" data-end=\"3505\" \/>\n<h3 data-section-id=\"1iju8rb\" data-start=\"3507\" data-end=\"3526\">\u2b50 Priek\u0161roc\u012bbas<\/h3>\n<ul data-start=\"3528\" data-end=\"3625\">\n<li data-section-id=\"ar7te9\" data-start=\"3528\" data-end=\"3580\">\n<p data-start=\"3530\" data-end=\"3580\"><strong data-start=\"3530\" data-end=\"3578\">100% roku darbs \u2013 katrs izstr\u0101d\u0101jums unik\u0101ls<\/strong><\/p>\n<\/li>\n<li data-section-id=\"1j2q51u\" data-start=\"3581\" data-end=\"3625\">\n<p data-start=\"3583\" data-end=\"3625\">Autentiska apdare un iztur\u012bga konstrukcija<\/p>\n<\/li>\n<\/ul>\n<hr data-start=\"3627\" data-end=\"3630\" \/>\n<h3 data-section-id=\"15jhqjd\" data-start=\"3632\" data-end=\"3658\">\ud83d\udce6 Papildu inform\u0101cija<\/h3>\n<ul data-start=\"3660\" data-end=\"3759\">\n<li data-section-id=\"2nni77\" data-start=\"3660\" data-end=\"3713\">\n<p data-start=\"3662\" data-end=\"3713\">Komplekt\u0101 ir visi nepiecie\u0161amie mont\u0101\u017eas elementi<\/p>\n<\/li>\n<li data-section-id=\"107tw89\" data-start=\"3714\" data-end=\"3759\">\n<p data-start=\"3716\" data-end=\"3759\">Pa\u0161laik pieejams tikai <strong data-start=\"3739\" data-end=\"3759\">melnin\u0101t\u0101 apdar\u0113<\/strong><\/p>\n<\/li>\n<\/ul>\n","protected":false},"excerpt":{"rendered":"<ul data-start=\"2665\" data-end=\"2768\">\n<li data-section-id=\"jtna45\" data-start=\"2665\" data-end=\"2690\">\n<p data-start=\"2667\" data-end=\"2690\">\u0100\u0137a garums: <strong data-start=\"2679\" data-end=\"2688\">11 cm<\/strong><\/p>\n<\/li>\n<li data-section-id=\"3jo0fd\" data-start=\"2691\" data-end=\"2718\">\n<p data-start=\"2693\" data-end=\"2718\">Svars: apm\u0113ram <strong data-start=\"2708\" data-end=\"2716\">80 g<\/strong><\/p>\n<\/li>\n<li data-section-id=\"1odocj2\" data-start=\"2719\" data-end=\"2768\">\n<p data-start=\"2721\" data-end=\"2768\">Cilpu skr\u016bvju v\u012bt\u0146ot\u0101s da\u013cas garums: <strong data-start=\"2758\" data-end=\"2768\">2,5 cm<\/strong><\/p>\n<\/li>\n<\/ul>\n<hr data-start=\"2770\" data-end=\"2773\" \/>\n","protected":false},"featured_media":8467,"template":"","meta":[],"product_brand":[],"product_cat":[1169],"product_tag":[],"class_list":{"0":"post-8465","1":"product","2":"type-product","3":"status-publish","4":"has-post-thumbnail","6":"product_cat-aizbidni-sledzi-un-sledzenes","7":"has-post-title","8":"has-post-date","9":"has-post-category","10":"has-post-tag","11":"has-post-comment","12":"has-post-author","13":"","15":"first","16":"instock","17":"taxable","18":"shipping-taxable","19":"purchasable","20":"product-type-simple"},"yoast_head":"<!-- This site is optimized with the Yoast SEO plugin v27.3 - https:\/\/yoast.com\/product\/yoast-seo-wordpress\/ -->\n<title>Kalts \u0101\u0137is 11 cm |EtnoArt| Aizb\u012bd\u0146i, sl\u0113d\u017ei un sl\u0113dzenes<\/title>\n<meta name=\"description\" content=\"Ar rok\u0101m kalts met\u0101la \u0101\u0137is 11 cm logiem, sl\u0113\u0123iem un m\u0113be\u013cu durti\u0146\u0101m. Iztur\u012bgs un autentiska dizaina aizv\u0113r\u0161anas risin\u0101jums.\" \/>\n<meta name=\"robots\" content=\"index, follow, max-snippet:-1, max-image-preview:large, max-video-preview:-1\" \/>\n<link rel=\"canonical\" href=\"https:\/\/etnoart.eu\/lv\/toode\/kalts-akis-11-cm\/\" \/>\n<meta property=\"og:locale\" content=\"lv_LV\" \/>\n<meta property=\"og:type\" content=\"article\" \/>\n<meta property=\"og:title\" content=\"Kalts \u0101\u0137is 11 cm |EtnoArt| Aizb\u012bd\u0146i, sl\u0113d\u017ei un sl\u0113dzenes\" \/>\n<meta property=\"og:description\" content=\"Ar rok\u0101m kalts met\u0101la \u0101\u0137is 11 cm logiem, sl\u0113\u0123iem un m\u0113be\u013cu durti\u0146\u0101m. Iztur\u012bgs un autentiska dizaina aizv\u0113r\u0161anas risin\u0101jums.\" \/>\n<meta property=\"og:url\" content=\"https:\/\/etnoart.eu\/lv\/toode\/kalts-akis-11-cm\/\" \/>\n<meta property=\"og:site_name\" content=\"Etnoart\" \/>\n<meta property=\"article:publisher\" content=\"https:\/\/www.facebook.com\/etnoart.handicraft.shop\" \/>\n<meta property=\"article:modified_time\" content=\"2026-03-13T20:45:26+00:00\" \/>\n<meta property=\"og:image\" content=\"https:\/\/etnoart.eu\/wp-content\/uploads\/2023\/06\/Sepisatud-Haak-11cm.png\" \/>\n\t<meta property=\"og:image:width\" content=\"700\" \/>\n\t<meta property=\"og:image:height\" content=\"701\" \/>\n\t<meta property=\"og:image:type\" content=\"image\/png\" \/>\n<meta name=\"twitter:card\" content=\"summary_large_image\" \/>\n<meta name=\"twitter:label1\" content=\"Est. reading time\" \/>\n\t<meta name=\"twitter:data1\" content=\"2 minutes\" \/>\n<script type=\"application\/ld+json\" class=\"yoast-schema-graph\">{\"@context\":\"https:\\\/\\\/schema.org\",\"@graph\":[{\"@type\":\"WebPage\",\"@id\":\"https:\\\/\\\/etnoart.eu\\\/lv\\\/toode\\\/kalts-akis-11-cm\\\/\",\"url\":\"https:\\\/\\\/etnoart.eu\\\/lv\\\/toode\\\/kalts-akis-11-cm\\\/\",\"name\":\"Kalts \u0101\u0137is 11 cm |EtnoArt| Aizb\u012bd\u0146i, sl\u0113d\u017ei un sl\u0113dzenes\",\"isPartOf\":{\"@id\":\"https:\\\/\\\/etnoart.eu\\\/#website\"},\"primaryImageOfPage\":{\"@id\":\"https:\\\/\\\/etnoart.eu\\\/lv\\\/toode\\\/kalts-akis-11-cm\\\/#primaryimage\"},\"image\":{\"@id\":\"https:\\\/\\\/etnoart.eu\\\/lv\\\/toode\\\/kalts-akis-11-cm\\\/#primaryimage\"},\"thumbnailUrl\":\"https:\\\/\\\/etnoart.eu\\\/wp-content\\\/uploads\\\/2023\\\/06\\\/Sepisatud-Haak-11cm.png\",\"datePublished\":\"2023-06-08T08:56:28+00:00\",\"dateModified\":\"2026-03-13T20:45:26+00:00\",\"description\":\"Ar rok\u0101m kalts met\u0101la \u0101\u0137is 11 cm logiem, sl\u0113\u0123iem un m\u0113be\u013cu durti\u0146\u0101m. Iztur\u012bgs un autentiska dizaina aizv\u0113r\u0161anas risin\u0101jums.\",\"breadcrumb\":{\"@id\":\"https:\\\/\\\/etnoart.eu\\\/lv\\\/toode\\\/kalts-akis-11-cm\\\/#breadcrumb\"},\"inLanguage\":\"lv-LV\",\"potentialAction\":[{\"@type\":\"ReadAction\",\"target\":[\"https:\\\/\\\/etnoart.eu\\\/lv\\\/toode\\\/kalts-akis-11-cm\\\/\"]}]},{\"@type\":\"ImageObject\",\"inLanguage\":\"lv-LV\",\"@id\":\"https:\\\/\\\/etnoart.eu\\\/lv\\\/toode\\\/kalts-akis-11-cm\\\/#primaryimage\",\"url\":\"https:\\\/\\\/etnoart.eu\\\/wp-content\\\/uploads\\\/2023\\\/06\\\/Sepisatud-Haak-11cm.png\",\"contentUrl\":\"https:\\\/\\\/etnoart.eu\\\/wp-content\\\/uploads\\\/2023\\\/06\\\/Sepisatud-Haak-11cm.png\",\"width\":700,\"height\":701,\"caption\":\"Sepisatud-Haak-11cm\"},{\"@type\":\"BreadcrumbList\",\"@id\":\"https:\\\/\\\/etnoart.eu\\\/lv\\\/toode\\\/kalts-akis-11-cm\\\/#breadcrumb\",\"itemListElement\":[{\"@type\":\"ListItem\",\"position\":1,\"name\":\"Home\",\"item\":\"https:\\\/\\\/etnoart.eu\\\/lv\\\/\"},{\"@type\":\"ListItem\",\"position\":2,\"name\":\"Pood\",\"item\":\"https:\\\/\\\/etnoart.eu\\\/lv\\\/shop\\\/\"},{\"@type\":\"ListItem\",\"position\":3,\"name\":\"Kalts \u0101\u0137is 11 cm\"}]},{\"@type\":\"WebSite\",\"@id\":\"https:\\\/\\\/etnoart.eu\\\/#website\",\"url\":\"https:\\\/\\\/etnoart.eu\\\/\",\"name\":\"Etnoart\",\"description\":\"K&auml;sit&ouml;&ouml;pood\",\"publisher\":{\"@id\":\"https:\\\/\\\/etnoart.eu\\\/#organization\"},\"potentialAction\":[{\"@type\":\"SearchAction\",\"target\":{\"@type\":\"EntryPoint\",\"urlTemplate\":\"https:\\\/\\\/etnoart.eu\\\/?s={search_term_string}\"},\"query-input\":{\"@type\":\"PropertyValueSpecification\",\"valueRequired\":true,\"valueName\":\"search_term_string\"}}],\"inLanguage\":\"lv-LV\"},{\"@type\":\"Organization\",\"@id\":\"https:\\\/\\\/etnoart.eu\\\/#organization\",\"name\":\"Etnoart O\u00dc\",\"url\":\"https:\\\/\\\/etnoart.eu\\\/\",\"logo\":{\"@type\":\"ImageObject\",\"inLanguage\":\"lv-LV\",\"@id\":\"https:\\\/\\\/etnoart.eu\\\/#\\\/schema\\\/logo\\\/image\\\/\",\"url\":\"https:\\\/\\\/etnoart.eu\\\/wp-content\\\/uploads\\\/2023\\\/06\\\/etnoart-logo.png\",\"contentUrl\":\"https:\\\/\\\/etnoart.eu\\\/wp-content\\\/uploads\\\/2023\\\/06\\\/etnoart-logo.png\",\"width\":491,\"height\":184,\"caption\":\"Etnoart O\u00dc\"},\"image\":{\"@id\":\"https:\\\/\\\/etnoart.eu\\\/#\\\/schema\\\/logo\\\/image\\\/\"},\"sameAs\":[\"https:\\\/\\\/www.facebook.com\\\/etnoart.handicraft.shop\"]}]}<\/script>\n<!-- \/ Yoast SEO plugin. -->","yoast_head_json":{"title":"Kalts \u0101\u0137is 11 cm |EtnoArt| Aizb\u012bd\u0146i, sl\u0113d\u017ei un sl\u0113dzenes","description":"Ar rok\u0101m kalts met\u0101la \u0101\u0137is 11 cm logiem, sl\u0113\u0123iem un m\u0113be\u013cu durti\u0146\u0101m. Iztur\u012bgs un autentiska dizaina aizv\u0113r\u0161anas risin\u0101jums.","robots":{"index":"index","follow":"follow","max-snippet":"max-snippet:-1","max-image-preview":"max-image-preview:large","max-video-preview":"max-video-preview:-1"},"canonical":"https:\/\/etnoart.eu\/lv\/toode\/kalts-akis-11-cm\/","og_locale":"lv_LV","og_type":"article","og_title":"Kalts \u0101\u0137is 11 cm |EtnoArt| Aizb\u012bd\u0146i, sl\u0113d\u017ei un sl\u0113dzenes","og_description":"Ar rok\u0101m kalts met\u0101la \u0101\u0137is 11 cm logiem, sl\u0113\u0123iem un m\u0113be\u013cu durti\u0146\u0101m. Iztur\u012bgs un autentiska dizaina aizv\u0113r\u0161anas risin\u0101jums.","og_url":"https:\/\/etnoart.eu\/lv\/toode\/kalts-akis-11-cm\/","og_site_name":"Etnoart","article_publisher":"https:\/\/www.facebook.com\/etnoart.handicraft.shop","article_modified_time":"2026-03-13T20:45:26+00:00","og_image":[{"width":700,"height":701,"url":"https:\/\/etnoart.eu\/wp-content\/uploads\/2023\/06\/Sepisatud-Haak-11cm.png","type":"image\/png"}],"twitter_card":"summary_large_image","twitter_misc":{"Est. reading time":"2 minutes"},"schema":{"@context":"https:\/\/schema.org","@graph":[{"@type":"WebPage","@id":"https:\/\/etnoart.eu\/lv\/toode\/kalts-akis-11-cm\/","url":"https:\/\/etnoart.eu\/lv\/toode\/kalts-akis-11-cm\/","name":"Kalts \u0101\u0137is 11 cm |EtnoArt| Aizb\u012bd\u0146i, sl\u0113d\u017ei un sl\u0113dzenes","isPartOf":{"@id":"https:\/\/etnoart.eu\/#website"},"primaryImageOfPage":{"@id":"https:\/\/etnoart.eu\/lv\/toode\/kalts-akis-11-cm\/#primaryimage"},"image":{"@id":"https:\/\/etnoart.eu\/lv\/toode\/kalts-akis-11-cm\/#primaryimage"},"thumbnailUrl":"https:\/\/etnoart.eu\/wp-content\/uploads\/2023\/06\/Sepisatud-Haak-11cm.png","datePublished":"2023-06-08T08:56:28+00:00","dateModified":"2026-03-13T20:45:26+00:00","description":"Ar rok\u0101m kalts met\u0101la \u0101\u0137is 11 cm logiem, sl\u0113\u0123iem un m\u0113be\u013cu durti\u0146\u0101m. Iztur\u012bgs un autentiska dizaina aizv\u0113r\u0161anas risin\u0101jums.","breadcrumb":{"@id":"https:\/\/etnoart.eu\/lv\/toode\/kalts-akis-11-cm\/#breadcrumb"},"inLanguage":"lv-LV","potentialAction":[{"@type":"ReadAction","target":["https:\/\/etnoart.eu\/lv\/toode\/kalts-akis-11-cm\/"]}]},{"@type":"ImageObject","inLanguage":"lv-LV","@id":"https:\/\/etnoart.eu\/lv\/toode\/kalts-akis-11-cm\/#primaryimage","url":"https:\/\/etnoart.eu\/wp-content\/uploads\/2023\/06\/Sepisatud-Haak-11cm.png","contentUrl":"https:\/\/etnoart.eu\/wp-content\/uploads\/2023\/06\/Sepisatud-Haak-11cm.png","width":700,"height":701,"caption":"Sepisatud-Haak-11cm"},{"@type":"BreadcrumbList","@id":"https:\/\/etnoart.eu\/lv\/toode\/kalts-akis-11-cm\/#breadcrumb","itemListElement":[{"@type":"ListItem","position":1,"name":"Home","item":"https:\/\/etnoart.eu\/lv\/"},{"@type":"ListItem","position":2,"name":"Pood","item":"https:\/\/etnoart.eu\/lv\/shop\/"},{"@type":"ListItem","position":3,"name":"Kalts \u0101\u0137is 11 cm"}]},{"@type":"WebSite","@id":"https:\/\/etnoart.eu\/#website","url":"https:\/\/etnoart.eu\/","name":"Etnoart","description":"K&auml;sit&ouml;&ouml;pood","publisher":{"@id":"https:\/\/etnoart.eu\/#organization"},"potentialAction":[{"@type":"SearchAction","target":{"@type":"EntryPoint","urlTemplate":"https:\/\/etnoart.eu\/?s={search_term_string}"},"query-input":{"@type":"PropertyValueSpecification","valueRequired":true,"valueName":"search_term_string"}}],"inLanguage":"lv-LV"},{"@type":"Organization","@id":"https:\/\/etnoart.eu\/#organization","name":"Etnoart O\u00dc","url":"https:\/\/etnoart.eu\/","logo":{"@type":"ImageObject","inLanguage":"lv-LV","@id":"https:\/\/etnoart.eu\/#\/schema\/logo\/image\/","url":"https:\/\/etnoart.eu\/wp-content\/uploads\/2023\/06\/etnoart-logo.png","contentUrl":"https:\/\/etnoart.eu\/wp-content\/uploads\/2023\/06\/etnoart-logo.png","width":491,"height":184,"caption":"Etnoart O\u00dc"},"image":{"@id":"https:\/\/etnoart.eu\/#\/schema\/logo\/image\/"},"sameAs":["https:\/\/www.facebook.com\/etnoart.handicraft.shop"]}]}},"builder_content":"","_links":{"self":[{"href":"https:\/\/etnoart.eu\/lv\/wp-json\/wp\/v2\/product\/8465","targetHints":{"allow":["GET"]}}],"collection":[{"href":"https:\/\/etnoart.eu\/lv\/wp-json\/wp\/v2\/product"}],"about":[{"href":"https:\/\/etnoart.eu\/lv\/wp-json\/wp\/v2\/types\/product"}],"wp:featuredmedia":[{"embeddable":true,"href":"https:\/\/etnoart.eu\/lv\/wp-json\/wp\/v2\/media\/8467"}],"wp:attachment":[{"href":"https:\/\/etnoart.eu\/lv\/wp-json\/wp\/v2\/media?parent=8465"}],"wp:term":[{"taxonomy":"product_brand","embeddable":true,"href":"https:\/\/etnoart.eu\/lv\/wp-json\/wp\/v2\/product_brand?post=8465"},{"taxonomy":"product_cat","embeddable":true,"href":"https:\/\/etnoart.eu\/lv\/wp-json\/wp\/v2\/product_cat?post=8465"},{"taxonomy":"product_tag","embeddable":true,"href":"https:\/\/etnoart.eu\/lv\/wp-json\/wp\/v2\/product_tag?post=8465"}],"curies":[{"name":"wp","href":"https:\/\/api.w.org\/{rel}","templated":true}]}}