{"id":8452,"date":"2025-04-05T06:27:01","date_gmt":"2025-04-05T06:27:01","guid":{"rendered":"https:\/\/etnoart.eu\/toode\/suur-sepa-kaepide\/"},"modified":"2026-03-13T20:24:15","modified_gmt":"2026-03-13T20:24:15","slug":"liels-kaleja-rokturis","status":"publish","type":"product","link":"https:\/\/etnoart.eu\/lv\/toode\/liels-kaleja-rokturis\/","title":{"rendered":"Liels kal\u0113ja rokturis"},"content":{"rendered":"<p data-start=\"1993\" data-end=\"2261\">Liels kal\u0113ja rokturis ir augstas kvalit\u0101tes roku darbs kalts rokturis, kas lieliski iederas tradicion\u0101l\u0101 un rustik\u0101l\u0101 vid\u0113. Rokturi izgatavoju\u0161i prasm\u012bgi kal\u0113ji, izmantojot klasisk\u0101s kal\u0161anas metodes. Tas ir apstr\u0101d\u0101ts ar melnu e\u013c\u013cas p\u0101rkl\u0101jumu un aizsarg\u0101ts ar vasku.<\/p>\n<p data-start=\"2263\" data-end=\"2493\">Laika gait\u0101, lietojot \u0101rpus telp\u0101m, var par\u0101d\u012bties r\u016bsa, ta\u010du to ir viegli no\u0146emt \u2013 pietiek viegli not\u012br\u012bt r\u016bs\u0113ju\u0161o virsmu ar e\u013c\u013c\u0101 samitrin\u0101tu dr\u0101nu. Tas ne tikai att\u012bra virsmu, bet ar\u012b izveido aizsargsl\u0101ni pret turpm\u0101ku r\u016bs\u0113\u0161anu.<\/p>\n<p data-start=\"2495\" data-end=\"2677\">Roktura kop\u0113jais garums ir 30 cm un augstums 6,5 cm, t\u0101p\u0113c tas lieliski piem\u0113rots liel\u0101kiem v\u0101rtiem un durv\u012bm. Uzst\u0101d\u012b\u0161ana notiek ar \u010detr\u0101m skr\u016bv\u0113m (skr\u016bves komplekt\u0101 nav iek\u013cautas).<\/p>\n<h3 data-section-id=\"txsap5\" data-start=\"2679\" data-end=\"2712\">K\u0101p\u0113c izv\u0113l\u0113ties \u0161o produktu?<\/h3>\n<p data-start=\"2713\" data-end=\"2978\">Liels kal\u0113ja rokturis ir iztur\u012bgs un kvalitat\u012bvs izstr\u0101d\u0101jums, kas pie\u0161\u0137ir jebkur\u0101m durv\u012bm vai v\u0101rtiem v\u0113sturisku un autentisku roku darba izskatu. \u012apa\u0161i piem\u0113rots gu\u013cb\u016bv\u0113m, restaur\u0113t\u0101m lauku m\u0101j\u0101m vai tiem, kas nov\u0113rt\u0113 amatniec\u012bbas kvalit\u0101ti un autentisku dizainu.<\/p>\n<h3 data-section-id=\"r0x7k4\" data-start=\"2980\" data-end=\"3001\">Produkta \u012bpa\u0161\u012bbas<\/h3>\n<p data-start=\"3003\" data-end=\"3221\"><strong data-start=\"3003\" data-end=\"3017\">Materi\u0101ls:<\/strong> kalts met\u0101ls, melna e\u013c\u013cas apdare, p\u0101rkl\u0101ts ar vasku<br data-start=\"3069\" data-end=\"3072\" \/><strong data-start=\"3072\" data-end=\"3083\">Izm\u0113ri:<\/strong> 30 cm gar\u0161, 6,5 cm augsts<br data-start=\"3109\" data-end=\"3112\" \/><strong data-start=\"3112\" data-end=\"3128\">Uzst\u0101d\u012b\u0161ana:<\/strong> ar \u010detr\u0101m skr\u016bv\u0113m (nav komplekt\u0101)<br data-start=\"3162\" data-end=\"3165\" \/><strong data-start=\"3165\" data-end=\"3182\">Pielietojums:<\/strong> v\u0101rti, durvis, lauku m\u0101jas, gu\u013cb\u016bves<\/p>\n<p data-start=\"3223\" data-end=\"3311\"><strong data-start=\"3223\" data-end=\"3241\">Priek\u0161roc\u012bbas:<\/strong> tradicion\u0101ls izskats, iztur\u012bga amatniec\u012bbas kvalit\u0101te, viegla kop\u0161ana<\/p>\n","protected":false},"excerpt":{"rendered":"<p>Suur Sepa K\u00e4epide on traditsiooniline sepistatud k\u00e4sit\u00f6\u00f6 k\u00e4epide suurtele ustele ja v\u00e4ravatele. Tugev ja stiilne valik palk- ja talumajadele.<br \/>\n<strong>Kaal:<\/strong> 0,5 kg<br \/>\n<strong>Toote pikkus:<\/strong> 30cm<br \/>\n<strong>Toote k\u00f5rgus:<\/strong> 6,5cm<br \/>\n<strong>Toote viimistlus:<\/strong> Vahatatud<\/p>\n","protected":false},"featured_media":8453,"template":"","meta":[],"product_brand":[],"product_cat":[1206],"product_tag":[],"class_list":{"0":"post-8452","1":"product","2":"type-product","3":"status-publish","4":"has-post-thumbnail","6":"product_cat-kalti-durvju-rokturi-un-klauvetaji","7":"has-post-title","8":"has-post-date","9":"has-post-category","10":"has-post-tag","11":"has-post-comment","12":"has-post-author","13":"","15":"first","16":"instock","17":"taxable","18":"shipping-taxable","19":"purchasable","20":"product-type-simple"},"yoast_head":"<!-- This site is optimized with the Yoast SEO plugin v27.3 - https:\/\/yoast.com\/product\/yoast-seo-wordpress\/ -->\n<title>Liels kal\u0113ja rokturis - Etnoart - K\u00e4epidemed ja uksekoputid<\/title>\n<meta name=\"description\" content=\"Suur Sepa K\u00e4epide on traditsiooniline sepistatud k\u00e4sit\u00f6\u00f6 k\u00e4epide suurtele ustele ja v\u00e4ravatele. Tugev ja stiilne valik palk- ja talumajadele.\" \/>\n<meta name=\"robots\" content=\"index, follow, max-snippet:-1, max-image-preview:large, max-video-preview:-1\" \/>\n<link rel=\"canonical\" href=\"https:\/\/etnoart.eu\/lv\/toode\/liels-kaleja-rokturis\/\" \/>\n<meta property=\"og:locale\" content=\"lv_LV\" \/>\n<meta property=\"og:type\" content=\"article\" \/>\n<meta property=\"og:title\" content=\"Liels kal\u0113ja rokturis - Etnoart - K\u00e4epidemed ja uksekoputid\" \/>\n<meta property=\"og:description\" content=\"Suur Sepa K\u00e4epide on traditsiooniline sepistatud k\u00e4sit\u00f6\u00f6 k\u00e4epide suurtele ustele ja v\u00e4ravatele. Tugev ja stiilne valik palk- ja talumajadele.\" \/>\n<meta property=\"og:url\" content=\"https:\/\/etnoart.eu\/lv\/toode\/liels-kaleja-rokturis\/\" \/>\n<meta property=\"og:site_name\" content=\"Etnoart\" \/>\n<meta property=\"article:publisher\" content=\"https:\/\/www.facebook.com\/etnoart.handicraft.shop\" \/>\n<meta property=\"article:modified_time\" content=\"2026-03-13T20:24:15+00:00\" \/>\n<meta property=\"og:image\" content=\"https:\/\/etnoart.eu\/wp-content\/uploads\/2025\/04\/Suur-Sepa-Kaepide.png\" \/>\n\t<meta property=\"og:image:width\" content=\"1200\" \/>\n\t<meta property=\"og:image:height\" content=\"1200\" \/>\n\t<meta property=\"og:image:type\" content=\"image\/png\" \/>\n<meta name=\"twitter:card\" content=\"summary_large_image\" \/>\n<meta name=\"twitter:label1\" content=\"Est. reading time\" \/>\n\t<meta name=\"twitter:data1\" content=\"2 minutes\" \/>\n<script type=\"application\/ld+json\" class=\"yoast-schema-graph\">{\"@context\":\"https:\\\/\\\/schema.org\",\"@graph\":[{\"@type\":\"WebPage\",\"@id\":\"https:\\\/\\\/etnoart.eu\\\/lv\\\/toode\\\/liels-kaleja-rokturis\\\/\",\"url\":\"https:\\\/\\\/etnoart.eu\\\/lv\\\/toode\\\/liels-kaleja-rokturis\\\/\",\"name\":\"Liels kal\u0113ja rokturis - Etnoart - K\u00e4epidemed ja uksekoputid\",\"isPartOf\":{\"@id\":\"https:\\\/\\\/etnoart.eu\\\/#website\"},\"primaryImageOfPage\":{\"@id\":\"https:\\\/\\\/etnoart.eu\\\/lv\\\/toode\\\/liels-kaleja-rokturis\\\/#primaryimage\"},\"image\":{\"@id\":\"https:\\\/\\\/etnoart.eu\\\/lv\\\/toode\\\/liels-kaleja-rokturis\\\/#primaryimage\"},\"thumbnailUrl\":\"https:\\\/\\\/etnoart.eu\\\/wp-content\\\/uploads\\\/2025\\\/04\\\/Suur-Sepa-Kaepide.png\",\"datePublished\":\"2025-04-05T06:27:01+00:00\",\"dateModified\":\"2026-03-13T20:24:15+00:00\",\"description\":\"Suur Sepa K\u00e4epide on traditsiooniline sepistatud k\u00e4sit\u00f6\u00f6 k\u00e4epide suurtele ustele ja v\u00e4ravatele. Tugev ja stiilne valik palk- ja talumajadele.\",\"breadcrumb\":{\"@id\":\"https:\\\/\\\/etnoart.eu\\\/lv\\\/toode\\\/liels-kaleja-rokturis\\\/#breadcrumb\"},\"inLanguage\":\"lv-LV\",\"potentialAction\":[{\"@type\":\"ReadAction\",\"target\":[\"https:\\\/\\\/etnoart.eu\\\/lv\\\/toode\\\/liels-kaleja-rokturis\\\/\"]}]},{\"@type\":\"ImageObject\",\"inLanguage\":\"lv-LV\",\"@id\":\"https:\\\/\\\/etnoart.eu\\\/lv\\\/toode\\\/liels-kaleja-rokturis\\\/#primaryimage\",\"url\":\"https:\\\/\\\/etnoart.eu\\\/wp-content\\\/uploads\\\/2025\\\/04\\\/Suur-Sepa-Kaepide.png\",\"contentUrl\":\"https:\\\/\\\/etnoart.eu\\\/wp-content\\\/uploads\\\/2025\\\/04\\\/Suur-Sepa-Kaepide.png\",\"width\":1200,\"height\":1200,\"caption\":\"Suur Sepa K\u00e4epide\"},{\"@type\":\"BreadcrumbList\",\"@id\":\"https:\\\/\\\/etnoart.eu\\\/lv\\\/toode\\\/liels-kaleja-rokturis\\\/#breadcrumb\",\"itemListElement\":[{\"@type\":\"ListItem\",\"position\":1,\"name\":\"Home\",\"item\":\"https:\\\/\\\/etnoart.eu\\\/lv\\\/\"},{\"@type\":\"ListItem\",\"position\":2,\"name\":\"Pood\",\"item\":\"https:\\\/\\\/etnoart.eu\\\/lv\\\/shop\\\/\"},{\"@type\":\"ListItem\",\"position\":3,\"name\":\"Liels kal\u0113ja rokturis\"}]},{\"@type\":\"WebSite\",\"@id\":\"https:\\\/\\\/etnoart.eu\\\/#website\",\"url\":\"https:\\\/\\\/etnoart.eu\\\/\",\"name\":\"Etnoart\",\"description\":\"K&auml;sit&ouml;&ouml;pood\",\"publisher\":{\"@id\":\"https:\\\/\\\/etnoart.eu\\\/#organization\"},\"potentialAction\":[{\"@type\":\"SearchAction\",\"target\":{\"@type\":\"EntryPoint\",\"urlTemplate\":\"https:\\\/\\\/etnoart.eu\\\/?s={search_term_string}\"},\"query-input\":{\"@type\":\"PropertyValueSpecification\",\"valueRequired\":true,\"valueName\":\"search_term_string\"}}],\"inLanguage\":\"lv-LV\"},{\"@type\":\"Organization\",\"@id\":\"https:\\\/\\\/etnoart.eu\\\/#organization\",\"name\":\"Etnoart O\u00dc\",\"url\":\"https:\\\/\\\/etnoart.eu\\\/\",\"logo\":{\"@type\":\"ImageObject\",\"inLanguage\":\"lv-LV\",\"@id\":\"https:\\\/\\\/etnoart.eu\\\/#\\\/schema\\\/logo\\\/image\\\/\",\"url\":\"https:\\\/\\\/etnoart.eu\\\/wp-content\\\/uploads\\\/2023\\\/06\\\/etnoart-logo.png\",\"contentUrl\":\"https:\\\/\\\/etnoart.eu\\\/wp-content\\\/uploads\\\/2023\\\/06\\\/etnoart-logo.png\",\"width\":491,\"height\":184,\"caption\":\"Etnoart O\u00dc\"},\"image\":{\"@id\":\"https:\\\/\\\/etnoart.eu\\\/#\\\/schema\\\/logo\\\/image\\\/\"},\"sameAs\":[\"https:\\\/\\\/www.facebook.com\\\/etnoart.handicraft.shop\"]}]}<\/script>\n<!-- \/ Yoast SEO plugin. -->","yoast_head_json":{"title":"Liels kal\u0113ja rokturis - Etnoart - K\u00e4epidemed ja uksekoputid","description":"Suur Sepa K\u00e4epide on traditsiooniline sepistatud k\u00e4sit\u00f6\u00f6 k\u00e4epide suurtele ustele ja v\u00e4ravatele. Tugev ja stiilne valik palk- ja talumajadele.","robots":{"index":"index","follow":"follow","max-snippet":"max-snippet:-1","max-image-preview":"max-image-preview:large","max-video-preview":"max-video-preview:-1"},"canonical":"https:\/\/etnoart.eu\/lv\/toode\/liels-kaleja-rokturis\/","og_locale":"lv_LV","og_type":"article","og_title":"Liels kal\u0113ja rokturis - Etnoart - K\u00e4epidemed ja uksekoputid","og_description":"Suur Sepa K\u00e4epide on traditsiooniline sepistatud k\u00e4sit\u00f6\u00f6 k\u00e4epide suurtele ustele ja v\u00e4ravatele. Tugev ja stiilne valik palk- ja talumajadele.","og_url":"https:\/\/etnoart.eu\/lv\/toode\/liels-kaleja-rokturis\/","og_site_name":"Etnoart","article_publisher":"https:\/\/www.facebook.com\/etnoart.handicraft.shop","article_modified_time":"2026-03-13T20:24:15+00:00","og_image":[{"width":1200,"height":1200,"url":"https:\/\/etnoart.eu\/wp-content\/uploads\/2025\/04\/Suur-Sepa-Kaepide.png","type":"image\/png"}],"twitter_card":"summary_large_image","twitter_misc":{"Est. reading time":"2 minutes"},"schema":{"@context":"https:\/\/schema.org","@graph":[{"@type":"WebPage","@id":"https:\/\/etnoart.eu\/lv\/toode\/liels-kaleja-rokturis\/","url":"https:\/\/etnoart.eu\/lv\/toode\/liels-kaleja-rokturis\/","name":"Liels kal\u0113ja rokturis - Etnoart - K\u00e4epidemed ja uksekoputid","isPartOf":{"@id":"https:\/\/etnoart.eu\/#website"},"primaryImageOfPage":{"@id":"https:\/\/etnoart.eu\/lv\/toode\/liels-kaleja-rokturis\/#primaryimage"},"image":{"@id":"https:\/\/etnoart.eu\/lv\/toode\/liels-kaleja-rokturis\/#primaryimage"},"thumbnailUrl":"https:\/\/etnoart.eu\/wp-content\/uploads\/2025\/04\/Suur-Sepa-Kaepide.png","datePublished":"2025-04-05T06:27:01+00:00","dateModified":"2026-03-13T20:24:15+00:00","description":"Suur Sepa K\u00e4epide on traditsiooniline sepistatud k\u00e4sit\u00f6\u00f6 k\u00e4epide suurtele ustele ja v\u00e4ravatele. Tugev ja stiilne valik palk- ja talumajadele.","breadcrumb":{"@id":"https:\/\/etnoart.eu\/lv\/toode\/liels-kaleja-rokturis\/#breadcrumb"},"inLanguage":"lv-LV","potentialAction":[{"@type":"ReadAction","target":["https:\/\/etnoart.eu\/lv\/toode\/liels-kaleja-rokturis\/"]}]},{"@type":"ImageObject","inLanguage":"lv-LV","@id":"https:\/\/etnoart.eu\/lv\/toode\/liels-kaleja-rokturis\/#primaryimage","url":"https:\/\/etnoart.eu\/wp-content\/uploads\/2025\/04\/Suur-Sepa-Kaepide.png","contentUrl":"https:\/\/etnoart.eu\/wp-content\/uploads\/2025\/04\/Suur-Sepa-Kaepide.png","width":1200,"height":1200,"caption":"Suur Sepa K\u00e4epide"},{"@type":"BreadcrumbList","@id":"https:\/\/etnoart.eu\/lv\/toode\/liels-kaleja-rokturis\/#breadcrumb","itemListElement":[{"@type":"ListItem","position":1,"name":"Home","item":"https:\/\/etnoart.eu\/lv\/"},{"@type":"ListItem","position":2,"name":"Pood","item":"https:\/\/etnoart.eu\/lv\/shop\/"},{"@type":"ListItem","position":3,"name":"Liels kal\u0113ja rokturis"}]},{"@type":"WebSite","@id":"https:\/\/etnoart.eu\/#website","url":"https:\/\/etnoart.eu\/","name":"Etnoart","description":"K&auml;sit&ouml;&ouml;pood","publisher":{"@id":"https:\/\/etnoart.eu\/#organization"},"potentialAction":[{"@type":"SearchAction","target":{"@type":"EntryPoint","urlTemplate":"https:\/\/etnoart.eu\/?s={search_term_string}"},"query-input":{"@type":"PropertyValueSpecification","valueRequired":true,"valueName":"search_term_string"}}],"inLanguage":"lv-LV"},{"@type":"Organization","@id":"https:\/\/etnoart.eu\/#organization","name":"Etnoart O\u00dc","url":"https:\/\/etnoart.eu\/","logo":{"@type":"ImageObject","inLanguage":"lv-LV","@id":"https:\/\/etnoart.eu\/#\/schema\/logo\/image\/","url":"https:\/\/etnoart.eu\/wp-content\/uploads\/2023\/06\/etnoart-logo.png","contentUrl":"https:\/\/etnoart.eu\/wp-content\/uploads\/2023\/06\/etnoart-logo.png","width":491,"height":184,"caption":"Etnoart O\u00dc"},"image":{"@id":"https:\/\/etnoart.eu\/#\/schema\/logo\/image\/"},"sameAs":["https:\/\/www.facebook.com\/etnoart.handicraft.shop"]}]}},"builder_content":"","_links":{"self":[{"href":"https:\/\/etnoart.eu\/lv\/wp-json\/wp\/v2\/product\/8452","targetHints":{"allow":["GET"]}}],"collection":[{"href":"https:\/\/etnoart.eu\/lv\/wp-json\/wp\/v2\/product"}],"about":[{"href":"https:\/\/etnoart.eu\/lv\/wp-json\/wp\/v2\/types\/product"}],"wp:featuredmedia":[{"embeddable":true,"href":"https:\/\/etnoart.eu\/lv\/wp-json\/wp\/v2\/media\/8453"}],"wp:attachment":[{"href":"https:\/\/etnoart.eu\/lv\/wp-json\/wp\/v2\/media?parent=8452"}],"wp:term":[{"taxonomy":"product_brand","embeddable":true,"href":"https:\/\/etnoart.eu\/lv\/wp-json\/wp\/v2\/product_brand?post=8452"},{"taxonomy":"product_cat","embeddable":true,"href":"https:\/\/etnoart.eu\/lv\/wp-json\/wp\/v2\/product_cat?post=8452"},{"taxonomy":"product_tag","embeddable":true,"href":"https:\/\/etnoart.eu\/lv\/wp-json\/wp\/v2\/product_tag?post=8452"}],"curies":[{"name":"wp","href":"https:\/\/api.w.org\/{rel}","templated":true}]}}