{"id":8444,"date":"2023-06-08T08:54:10","date_gmt":"2023-06-08T08:54:10","guid":{"rendered":"https:\/\/etnoart.eu\/toode\/lilleampli-hoidja\/"},"modified":"2026-03-13T20:15:10","modified_gmt":"2026-03-13T20:15:10","slug":"puku-podu-turetajs","status":"publish","type":"product","link":"https:\/\/etnoart.eu\/lv\/toode\/puku-podu-turetajs\/","title":{"rendered":"Pu\u0137u podu tur\u0113t\u0101js"},"content":{"rendered":"<h3 data-section-id=\"172d7mh\" data-start=\"2201\" data-end=\"2222\">Produkta apraksts<\/h3>\n<p data-start=\"2223\" data-end=\"2452\">Pu\u0137u podu tur\u0113t\u0101js ir vienk\u0101r\u0161s, bet \u013coti praktisks izstr\u0101d\u0101jums, kas paredz\u0113ts, lai atvieglotu pu\u0137u podu piek\u0101r\u0161anu gan telp\u0101s, gan \u0101r\u0101. \u0160is produkts ir lielisks funkcionalit\u0101tes un kvalit\u0101tes piem\u0113rs vienk\u0101r\u0161a dizaina ietvaros.<\/p>\n<p data-start=\"2454\" data-end=\"2796\">Tur\u0113t\u0101js ir konstru\u0113ts t\u0101, lai to var\u0113tu piestiprin\u0101t pie sienas ar div\u0101m skr\u016bv\u0113m. J\u0101\u0146em v\u0113r\u0101, ka skr\u016bves komplekt\u0101 nav iek\u013cautas. Uzst\u0101d\u012b\u0161ana ar skr\u016bv\u0113m ir \u0101tra un vienk\u0101r\u0161a, t\u0101p\u0113c tur\u0113t\u0101js ir \u0101tri gatavs lieto\u0161anai. Turkl\u0101t konstrukcija ir iztur\u012bga un stabila, kas noz\u012bm\u0113, ka t\u0101 dro\u0161i var notur\u0113t pat lielus un smagus piekaramos pu\u0137u podus.<\/p>\n<p data-start=\"2798\" data-end=\"3131\">Papildus praktiskumam pu\u0137u podu tur\u0113t\u0101js ir ar\u012b iztur\u012bgs pret laikapst\u0101k\u013ciem. Tas noz\u012bm\u0113, ka to var atst\u0101t \u0101r\u0101 pat ziem\u0101, neuztraucoties par kvalit\u0101ti vai iztur\u012bbu. To var izmantot ar\u012b citos veidos \u2013 piem\u0113ram, k\u0101 laternas tur\u0113t\u0101ju \u0101ra apgaismojumam vai dekorat\u012bvu ziedu kompoz\u012bciju tur\u0113t\u0101ju, lai padar\u012btu j\u016bsu \u0101ra vidi v\u0113l skaist\u0101ku.<\/p>\n<p data-start=\"3133\" data-end=\"3539\">Pu\u0137u podu tur\u0113t\u0101js pied\u0101v\u0101 daudzpus\u012bgu risin\u0101jumu da\u017e\u0101du dekorat\u012bvu kompoz\u012bciju veido\u0161anai gan telp\u0101s, gan \u0101r\u0101. T\u0101 vienk\u0101r\u0161ais, bet praktiskais dizains lieliski iederas jebkur\u0101 interjer\u0101 un eksterjer\u0101, nodro\u0161inot uzticamu atbalstu pu\u0137u podiem un citiem piekaramiem priek\u0161metiem. Pateicoties iztur\u012bbai pret laikapst\u0101k\u013ciem un robustajai konstrukcijai, tas ir ilgtermi\u0146a ieguld\u012bjums, kas kalpos daudzus gadus.<\/p>\n<p data-start=\"3541\" data-end=\"3558\">Augstums \u2013 24 cm.<\/p>\n<p data-start=\"3560\" data-end=\"3748\">Att\u0101lums no sienas \u2013 40 cm. Piem\u0113rots ar\u012b liel\u0101kiem piekaramajiem pu\u0137u podiem, piem\u0113ram: bidens, pelargonij\u0101m, sanvit\u0101lij\u0101m, spatif\u012blij\u0101m, lant\u0101n\u0101m un dekorat\u012bvajiem saldajiem kartupe\u013ciem.<\/p>\n<h3 data-section-id=\"ynk1jv\" data-start=\"3750\" data-end=\"3758\">Meta<\/h3>\n<p data-start=\"3759\" data-end=\"3848\"><strong data-start=\"3759\" data-end=\"3774\">Meta title:<\/strong><br data-start=\"3774\" data-end=\"3777\" \/>Pu\u0137u podu tur\u0113t\u0101js pie sienas 24 cm | Iztur\u012bgs un laikapst\u0101k\u013cu notur\u012bgs<\/p>\n<p data-start=\"3850\" data-end=\"4033\"><strong data-start=\"3850\" data-end=\"3871\">Meta description:<\/strong><br data-start=\"3871\" data-end=\"3874\" \/>Iztur\u012bgs sienas tur\u0113t\u0101js pu\u0137u podiem lieto\u0161anai telp\u0101s un \u0101r\u0101. Vienk\u0101r\u0161a uzst\u0101d\u012b\u0161ana, laikapst\u0101k\u013cu notur\u012bgs un piem\u0113rots ar\u012b lieliem piekaramajiem pu\u0137u podiem.<\/p>\n","protected":false},"excerpt":{"rendered":"<p class=\"MsoNormal\">Lilleampli hoidja on seinale kinnitav ja kannab \u00e4ra probleemideta ka suure ja raske lilleampli.<\/p>\n<p class=\"MsoNormal\">Lilleampli hoidja on ilmastikukindel ja v\u00f5ib j\u00e4\u00e4da \u00f5ue ka talveks, siis v\u00f5ib kasutada seda n\u00e4iteks laterna hoidjana v\u00f5i lilleseade hoidjana.<\/p>\n<p><strong>Lilleampli hoidja m\u00f5\u00f5dud:<\/strong><\/p>\n<p>Hoidja on pulberv\u00e4rvitud<\/p>\n<p>K\u00f5rgus on 24cm<\/p>\n<p>Riputuskaugus seinast 35cm<\/p>\n","protected":false},"featured_media":8445,"template":"","meta":[],"product_brand":[],"product_cat":[1139],"product_tag":[353,364,363],"class_list":{"0":"post-8444","1":"product","2":"type-product","3":"status-publish","4":"has-post-thumbnail","6":"product_cat-konsoles-un-stativi-ziediem","7":"product_tag-amplikandur","8":"product_tag-konsool-lillepotile","9":"product_tag-lilleampli-hoidja","10":"has-post-title","11":"has-post-date","12":"has-post-category","13":"has-post-tag","14":"has-post-comment","15":"has-post-author","16":"","18":"first","19":"instock","20":"taxable","21":"shipping-taxable","22":"purchasable","23":"product-type-simple"},"yoast_head":"<!-- This site is optimized with the Yoast SEO plugin v27.3 - https:\/\/yoast.com\/product\/yoast-seo-wordpress\/ -->\n<title>Pu\u0137u podu tur\u0113t\u0101js |EtnoArt| Konsoles un stat\u012bvi ziediem<\/title>\n<meta name=\"description\" content=\"Iztur\u012bgs sienas tur\u0113t\u0101js pu\u0137u podiem lieto\u0161anai telp\u0101s un \u0101r\u0101. Vienk\u0101r\u0161a uzst\u0101d\u012b\u0161ana, laikapst\u0101k\u013cu notur\u012bgs un piem\u0113rots ar\u012b ...\" \/>\n<meta name=\"robots\" content=\"index, follow, max-snippet:-1, max-image-preview:large, max-video-preview:-1\" \/>\n<link rel=\"canonical\" href=\"https:\/\/etnoart.eu\/lv\/toode\/puku-podu-turetajs\/\" \/>\n<meta property=\"og:locale\" content=\"lv_LV\" \/>\n<meta property=\"og:type\" content=\"article\" \/>\n<meta property=\"og:title\" content=\"Pu\u0137u podu tur\u0113t\u0101js |EtnoArt| Konsoles un stat\u012bvi ziediem\" \/>\n<meta property=\"og:description\" content=\"Iztur\u012bgs sienas tur\u0113t\u0101js pu\u0137u podiem lieto\u0161anai telp\u0101s un \u0101r\u0101. Vienk\u0101r\u0161a uzst\u0101d\u012b\u0161ana, laikapst\u0101k\u013cu notur\u012bgs un piem\u0113rots ar\u012b ...\" \/>\n<meta property=\"og:url\" content=\"https:\/\/etnoart.eu\/lv\/toode\/puku-podu-turetajs\/\" \/>\n<meta property=\"og:site_name\" content=\"Etnoart\" \/>\n<meta property=\"article:publisher\" content=\"https:\/\/www.facebook.com\/etnoart.handicraft.shop\" \/>\n<meta property=\"article:modified_time\" content=\"2026-03-13T20:15:10+00:00\" \/>\n<meta property=\"og:image\" content=\"https:\/\/etnoart.eu\/wp-content\/uploads\/2023\/06\/945-Lilleampli-hoidja-Konsoolid-ja-alused-lilledele.jpg\" \/>\n\t<meta property=\"og:image:width\" content=\"750\" \/>\n\t<meta property=\"og:image:height\" content=\"750\" \/>\n\t<meta property=\"og:image:type\" content=\"image\/jpeg\" \/>\n<meta name=\"twitter:card\" content=\"summary_large_image\" \/>\n<meta name=\"twitter:label1\" content=\"Est. reading time\" \/>\n\t<meta name=\"twitter:data1\" content=\"2 minutes\" \/>\n<script type=\"application\/ld+json\" class=\"yoast-schema-graph\">{\"@context\":\"https:\\\/\\\/schema.org\",\"@graph\":[{\"@type\":\"WebPage\",\"@id\":\"https:\\\/\\\/etnoart.eu\\\/lv\\\/toode\\\/puku-podu-turetajs\\\/\",\"url\":\"https:\\\/\\\/etnoart.eu\\\/lv\\\/toode\\\/puku-podu-turetajs\\\/\",\"name\":\"Pu\u0137u podu tur\u0113t\u0101js |EtnoArt| Konsoles un stat\u012bvi ziediem\",\"isPartOf\":{\"@id\":\"https:\\\/\\\/etnoart.eu\\\/#website\"},\"primaryImageOfPage\":{\"@id\":\"https:\\\/\\\/etnoart.eu\\\/lv\\\/toode\\\/puku-podu-turetajs\\\/#primaryimage\"},\"image\":{\"@id\":\"https:\\\/\\\/etnoart.eu\\\/lv\\\/toode\\\/puku-podu-turetajs\\\/#primaryimage\"},\"thumbnailUrl\":\"https:\\\/\\\/etnoart.eu\\\/wp-content\\\/uploads\\\/2023\\\/06\\\/945-Lilleampli-hoidja-Konsoolid-ja-alused-lilledele.jpg\",\"datePublished\":\"2023-06-08T08:54:10+00:00\",\"dateModified\":\"2026-03-13T20:15:10+00:00\",\"description\":\"Iztur\u012bgs sienas tur\u0113t\u0101js pu\u0137u podiem lieto\u0161anai telp\u0101s un \u0101r\u0101. Vienk\u0101r\u0161a uzst\u0101d\u012b\u0161ana, laikapst\u0101k\u013cu notur\u012bgs un piem\u0113rots ar\u012b ...\",\"breadcrumb\":{\"@id\":\"https:\\\/\\\/etnoart.eu\\\/lv\\\/toode\\\/puku-podu-turetajs\\\/#breadcrumb\"},\"inLanguage\":\"lv-LV\",\"potentialAction\":[{\"@type\":\"ReadAction\",\"target\":[\"https:\\\/\\\/etnoart.eu\\\/lv\\\/toode\\\/puku-podu-turetajs\\\/\"]}]},{\"@type\":\"ImageObject\",\"inLanguage\":\"lv-LV\",\"@id\":\"https:\\\/\\\/etnoart.eu\\\/lv\\\/toode\\\/puku-podu-turetajs\\\/#primaryimage\",\"url\":\"https:\\\/\\\/etnoart.eu\\\/wp-content\\\/uploads\\\/2023\\\/06\\\/945-Lilleampli-hoidja-Konsoolid-ja-alused-lilledele.jpg\",\"contentUrl\":\"https:\\\/\\\/etnoart.eu\\\/wp-content\\\/uploads\\\/2023\\\/06\\\/945-Lilleampli-hoidja-Konsoolid-ja-alused-lilledele.jpg\",\"width\":750,\"height\":750,\"caption\":\"Lilleampli hoidja\"},{\"@type\":\"BreadcrumbList\",\"@id\":\"https:\\\/\\\/etnoart.eu\\\/lv\\\/toode\\\/puku-podu-turetajs\\\/#breadcrumb\",\"itemListElement\":[{\"@type\":\"ListItem\",\"position\":1,\"name\":\"Home\",\"item\":\"https:\\\/\\\/etnoart.eu\\\/lv\\\/\"},{\"@type\":\"ListItem\",\"position\":2,\"name\":\"Pood\",\"item\":\"https:\\\/\\\/etnoart.eu\\\/lv\\\/shop\\\/\"},{\"@type\":\"ListItem\",\"position\":3,\"name\":\"Pu\u0137u podu tur\u0113t\u0101js\"}]},{\"@type\":\"WebSite\",\"@id\":\"https:\\\/\\\/etnoart.eu\\\/#website\",\"url\":\"https:\\\/\\\/etnoart.eu\\\/\",\"name\":\"Etnoart\",\"description\":\"K&auml;sit&ouml;&ouml;pood\",\"publisher\":{\"@id\":\"https:\\\/\\\/etnoart.eu\\\/#organization\"},\"potentialAction\":[{\"@type\":\"SearchAction\",\"target\":{\"@type\":\"EntryPoint\",\"urlTemplate\":\"https:\\\/\\\/etnoart.eu\\\/?s={search_term_string}\"},\"query-input\":{\"@type\":\"PropertyValueSpecification\",\"valueRequired\":true,\"valueName\":\"search_term_string\"}}],\"inLanguage\":\"lv-LV\"},{\"@type\":\"Organization\",\"@id\":\"https:\\\/\\\/etnoart.eu\\\/#organization\",\"name\":\"Etnoart O\u00dc\",\"url\":\"https:\\\/\\\/etnoart.eu\\\/\",\"logo\":{\"@type\":\"ImageObject\",\"inLanguage\":\"lv-LV\",\"@id\":\"https:\\\/\\\/etnoart.eu\\\/#\\\/schema\\\/logo\\\/image\\\/\",\"url\":\"https:\\\/\\\/etnoart.eu\\\/wp-content\\\/uploads\\\/2023\\\/06\\\/etnoart-logo.png\",\"contentUrl\":\"https:\\\/\\\/etnoart.eu\\\/wp-content\\\/uploads\\\/2023\\\/06\\\/etnoart-logo.png\",\"width\":491,\"height\":184,\"caption\":\"Etnoart O\u00dc\"},\"image\":{\"@id\":\"https:\\\/\\\/etnoart.eu\\\/#\\\/schema\\\/logo\\\/image\\\/\"},\"sameAs\":[\"https:\\\/\\\/www.facebook.com\\\/etnoart.handicraft.shop\"]}]}<\/script>\n<!-- \/ Yoast SEO plugin. -->","yoast_head_json":{"title":"Pu\u0137u podu tur\u0113t\u0101js |EtnoArt| Konsoles un stat\u012bvi ziediem","description":"Iztur\u012bgs sienas tur\u0113t\u0101js pu\u0137u podiem lieto\u0161anai telp\u0101s un \u0101r\u0101. Vienk\u0101r\u0161a uzst\u0101d\u012b\u0161ana, laikapst\u0101k\u013cu notur\u012bgs un piem\u0113rots ar\u012b ...","robots":{"index":"index","follow":"follow","max-snippet":"max-snippet:-1","max-image-preview":"max-image-preview:large","max-video-preview":"max-video-preview:-1"},"canonical":"https:\/\/etnoart.eu\/lv\/toode\/puku-podu-turetajs\/","og_locale":"lv_LV","og_type":"article","og_title":"Pu\u0137u podu tur\u0113t\u0101js |EtnoArt| Konsoles un stat\u012bvi ziediem","og_description":"Iztur\u012bgs sienas tur\u0113t\u0101js pu\u0137u podiem lieto\u0161anai telp\u0101s un \u0101r\u0101. Vienk\u0101r\u0161a uzst\u0101d\u012b\u0161ana, laikapst\u0101k\u013cu notur\u012bgs un piem\u0113rots ar\u012b ...","og_url":"https:\/\/etnoart.eu\/lv\/toode\/puku-podu-turetajs\/","og_site_name":"Etnoart","article_publisher":"https:\/\/www.facebook.com\/etnoart.handicraft.shop","article_modified_time":"2026-03-13T20:15:10+00:00","og_image":[{"width":750,"height":750,"url":"https:\/\/etnoart.eu\/wp-content\/uploads\/2023\/06\/945-Lilleampli-hoidja-Konsoolid-ja-alused-lilledele.jpg","type":"image\/jpeg"}],"twitter_card":"summary_large_image","twitter_misc":{"Est. reading time":"2 minutes"},"schema":{"@context":"https:\/\/schema.org","@graph":[{"@type":"WebPage","@id":"https:\/\/etnoart.eu\/lv\/toode\/puku-podu-turetajs\/","url":"https:\/\/etnoart.eu\/lv\/toode\/puku-podu-turetajs\/","name":"Pu\u0137u podu tur\u0113t\u0101js |EtnoArt| Konsoles un stat\u012bvi ziediem","isPartOf":{"@id":"https:\/\/etnoart.eu\/#website"},"primaryImageOfPage":{"@id":"https:\/\/etnoart.eu\/lv\/toode\/puku-podu-turetajs\/#primaryimage"},"image":{"@id":"https:\/\/etnoart.eu\/lv\/toode\/puku-podu-turetajs\/#primaryimage"},"thumbnailUrl":"https:\/\/etnoart.eu\/wp-content\/uploads\/2023\/06\/945-Lilleampli-hoidja-Konsoolid-ja-alused-lilledele.jpg","datePublished":"2023-06-08T08:54:10+00:00","dateModified":"2026-03-13T20:15:10+00:00","description":"Iztur\u012bgs sienas tur\u0113t\u0101js pu\u0137u podiem lieto\u0161anai telp\u0101s un \u0101r\u0101. Vienk\u0101r\u0161a uzst\u0101d\u012b\u0161ana, laikapst\u0101k\u013cu notur\u012bgs un piem\u0113rots ar\u012b ...","breadcrumb":{"@id":"https:\/\/etnoart.eu\/lv\/toode\/puku-podu-turetajs\/#breadcrumb"},"inLanguage":"lv-LV","potentialAction":[{"@type":"ReadAction","target":["https:\/\/etnoart.eu\/lv\/toode\/puku-podu-turetajs\/"]}]},{"@type":"ImageObject","inLanguage":"lv-LV","@id":"https:\/\/etnoart.eu\/lv\/toode\/puku-podu-turetajs\/#primaryimage","url":"https:\/\/etnoart.eu\/wp-content\/uploads\/2023\/06\/945-Lilleampli-hoidja-Konsoolid-ja-alused-lilledele.jpg","contentUrl":"https:\/\/etnoart.eu\/wp-content\/uploads\/2023\/06\/945-Lilleampli-hoidja-Konsoolid-ja-alused-lilledele.jpg","width":750,"height":750,"caption":"Lilleampli hoidja"},{"@type":"BreadcrumbList","@id":"https:\/\/etnoart.eu\/lv\/toode\/puku-podu-turetajs\/#breadcrumb","itemListElement":[{"@type":"ListItem","position":1,"name":"Home","item":"https:\/\/etnoart.eu\/lv\/"},{"@type":"ListItem","position":2,"name":"Pood","item":"https:\/\/etnoart.eu\/lv\/shop\/"},{"@type":"ListItem","position":3,"name":"Pu\u0137u podu tur\u0113t\u0101js"}]},{"@type":"WebSite","@id":"https:\/\/etnoart.eu\/#website","url":"https:\/\/etnoart.eu\/","name":"Etnoart","description":"K&auml;sit&ouml;&ouml;pood","publisher":{"@id":"https:\/\/etnoart.eu\/#organization"},"potentialAction":[{"@type":"SearchAction","target":{"@type":"EntryPoint","urlTemplate":"https:\/\/etnoart.eu\/?s={search_term_string}"},"query-input":{"@type":"PropertyValueSpecification","valueRequired":true,"valueName":"search_term_string"}}],"inLanguage":"lv-LV"},{"@type":"Organization","@id":"https:\/\/etnoart.eu\/#organization","name":"Etnoart O\u00dc","url":"https:\/\/etnoart.eu\/","logo":{"@type":"ImageObject","inLanguage":"lv-LV","@id":"https:\/\/etnoart.eu\/#\/schema\/logo\/image\/","url":"https:\/\/etnoart.eu\/wp-content\/uploads\/2023\/06\/etnoart-logo.png","contentUrl":"https:\/\/etnoart.eu\/wp-content\/uploads\/2023\/06\/etnoart-logo.png","width":491,"height":184,"caption":"Etnoart O\u00dc"},"image":{"@id":"https:\/\/etnoart.eu\/#\/schema\/logo\/image\/"},"sameAs":["https:\/\/www.facebook.com\/etnoart.handicraft.shop"]}]}},"builder_content":"","_links":{"self":[{"href":"https:\/\/etnoart.eu\/lv\/wp-json\/wp\/v2\/product\/8444","targetHints":{"allow":["GET"]}}],"collection":[{"href":"https:\/\/etnoart.eu\/lv\/wp-json\/wp\/v2\/product"}],"about":[{"href":"https:\/\/etnoart.eu\/lv\/wp-json\/wp\/v2\/types\/product"}],"wp:featuredmedia":[{"embeddable":true,"href":"https:\/\/etnoart.eu\/lv\/wp-json\/wp\/v2\/media\/8445"}],"wp:attachment":[{"href":"https:\/\/etnoart.eu\/lv\/wp-json\/wp\/v2\/media?parent=8444"}],"wp:term":[{"taxonomy":"product_brand","embeddable":true,"href":"https:\/\/etnoart.eu\/lv\/wp-json\/wp\/v2\/product_brand?post=8444"},{"taxonomy":"product_cat","embeddable":true,"href":"https:\/\/etnoart.eu\/lv\/wp-json\/wp\/v2\/product_cat?post=8444"},{"taxonomy":"product_tag","embeddable":true,"href":"https:\/\/etnoart.eu\/lv\/wp-json\/wp\/v2\/product_tag?post=8444"}],"curies":[{"name":"wp","href":"https:\/\/api.w.org\/{rel}","templated":true}]}}