{"id":8432,"date":"2026-01-23T05:02:44","date_gmt":"2026-01-23T05:02:44","guid":{"rendered":"https:\/\/etnoart.eu\/toode\/lokkealus\/"},"modified":"2026-03-13T18:07:37","modified_gmt":"2026-03-13T18:07:37","slug":"uguns-vieta","status":"publish","type":"product","link":"https:\/\/etnoart.eu\/lv\/toode\/uguns-vieta\/","title":{"rendered":"Uguns vieta \/ grils"},"content":{"rendered":"<h2 data-section-id=\"s0umvs\" data-start=\"253\" data-end=\"264\">P\u0101rskats<\/h2>\n<p data-start=\"266\" data-end=\"474\">\u0160\u012b saliekam\u0101 met\u0101la uguns vieta ir paredz\u0113ta k\u0101 praktisks un iztur\u012bgs risin\u0101jums d\u0101rzam, pagalmam vai vasarn\u012bcai, kur nepiecie\u0161ams dro\u0161i un \u0113rti kurin\u0101t ugunskuru un p\u0113c v\u0113l\u0113\u0161an\u0101s ar\u012b vienk\u0101r\u0161i gril\u0113t \u0113dienu.<\/p>\n<p data-start=\"476\" data-end=\"722\">Konstrukcija balst\u0101s uz prec\u012bzi izgriezt\u0101m 3 mm t\u0113rauda deta\u013c\u0101m, kas savstarp\u0113ji savienojas ar speci\u0101liem ielikt\u0146iem bez skr\u016bv\u0113m un uzgrie\u017e\u0146iem. Rezult\u0101t\u0101 ieg\u016bst stabilu un iztur\u012bgu ugunskura vietu, kuru var \u0101tri izjaukt, transport\u0113t un uzglab\u0101t.<\/p>\n<p data-start=\"724\" data-end=\"932\">Uguns vietai ir dab\u012bga, nekr\u0101sota met\u0101la virsma, kas pie\u0161\u0137ir produktam autentisku un funkcion\u0101lu izskatu. Lieto\u0161anas laik\u0101 uz virsmas veidojas dab\u012bga patina, kas katram izstr\u0101d\u0101jumam pie\u0161\u0137ir unik\u0101lu raksturu.<\/p>\n<hr data-start=\"934\" data-end=\"937\" \/>\n<h2 data-section-id=\"1njt5q5\" data-start=\"939\" data-end=\"958\">Pamatinform\u0101cija<\/h2>\n<p data-start=\"960\" data-end=\"1104\"><strong data-start=\"960\" data-end=\"993\">Produkta nosaukums \/ modelis:<\/strong> Uguns vieta \/ grils<br data-start=\"1013\" data-end=\"1016\" \/><strong data-start=\"1016\" data-end=\"1027\">Izm\u0113ri:<\/strong> 600 \u00d7 600 mm (platums \u00d7 dzi\u013cums)<br data-start=\"1060\" data-end=\"1063\" \/><strong data-start=\"1063\" data-end=\"1076\">Augstums:<\/strong> 430 mm<br data-start=\"1083\" data-end=\"1086\" \/><strong data-start=\"1086\" data-end=\"1096\">Svars:<\/strong> 32 kg<\/p>\n<p data-start=\"1106\" data-end=\"1181\"><strong data-start=\"1106\" data-end=\"1120\">Materi\u0101ls:<\/strong> 3 mm t\u0113rauda loksne<br data-start=\"1140\" data-end=\"1143\" \/><strong data-start=\"1143\" data-end=\"1154\">Apdare:<\/strong> dab\u012bgs, nekr\u0101sots met\u0101ls<\/p>\n<h3 data-section-id=\"1kvncn6\" data-start=\"1183\" data-end=\"1205\">Komplekt\u0101 ietilpst<\/h3>\n<p data-start=\"1207\" data-end=\"1235\">\u2022 4 s\u0101nu deta\u013cas<br data-start=\"1223\" data-end=\"1226\" \/>\u2022 pamatne<\/p>\n<h3 data-section-id=\"1ei74zk\" data-start=\"1237\" data-end=\"1248\">Mont\u0101\u017ea<\/h3>\n<p data-start=\"1250\" data-end=\"1398\">Komplekts netiek pieg\u0101d\u0101ts salikt\u0101 veid\u0101. S\u0101nu deta\u013cas un pamatne ir atsevi\u0161\u0137i. Mont\u0101\u017ea ir vienk\u0101r\u0161a un \u0101tra un parasti aiz\u0146em maz\u0101k nek\u0101 2 min\u016btes.<\/p>\n<p data-start=\"1400\" data-end=\"1507\">Nav nepiecie\u0161ami nek\u0101di instrumenti \u2013 deta\u013cas savstarp\u0113ji nostiprin\u0101s ar prec\u012bzi izgrieztiem savienojumiem.<\/p>\n<hr data-start=\"1509\" data-end=\"1512\" \/>\n<h2 data-section-id=\"k9syue\" data-start=\"1514\" data-end=\"1528\">Piem\u0113rot\u012bba<\/h2>\n<p data-start=\"1530\" data-end=\"1638\">Piem\u0113rots lieto\u0161anai d\u0101rz\u0101 vai pagalm\u0101 zaru, koksnes un d\u0101rza atkritumu dedzin\u0101\u0161anai vai ugunskura kur\u0161anai.<\/p>\n<p data-start=\"1640\" data-end=\"1704\">Papildapr\u012bkojum\u0101 iesp\u0113jams izmantot grila resti, lai virs ogl\u0113m:<\/p>\n<ul data-start=\"1706\" data-end=\"1786\">\n<li data-section-id=\"ahq3i3\" data-start=\"1706\" data-end=\"1732\">\n<p data-start=\"1708\" data-end=\"1732\">v\u0101r\u012btu t\u0113ju vai kafiju<\/p>\n<\/li>\n<li data-section-id=\"7bo85v\" data-start=\"1733\" data-end=\"1765\">\n<p data-start=\"1735\" data-end=\"1765\">gril\u0113tu desi\u0146as vai d\u0101rze\u0146us<\/p>\n<\/li>\n<li data-section-id=\"xw2r33\" data-start=\"1766\" data-end=\"1786\">\n<p data-start=\"1768\" data-end=\"1786\">uzsild\u012btu \u0113dienu<\/p>\n<\/li>\n<\/ul>\n<hr data-start=\"1788\" data-end=\"1791\" \/>\n<h1 data-section-id=\"459hmg\" data-start=\"1793\" data-end=\"1819\">Praktisk\u0101s priek\u0161roc\u012bbas<\/h1>\n<h3 data-section-id=\"1xjdp0t\" data-start=\"1821\" data-end=\"1863\">Kompakta transport\u0113\u0161ana un uzglab\u0101\u0161ana<\/h3>\n<p data-start=\"1865\" data-end=\"2020\">Izjaukt\u0101 veid\u0101 produkts aiz\u0146em \u013coti maz vietas. Komplektu pieg\u0101d\u0101 aptuveni <strong data-start=\"1940\" data-end=\"1958\">63 \u00d7 45 \u00d7 8 cm<\/strong> liel\u0101 iepakojum\u0101, kas viegli ietilpst automa\u0161\u012bn\u0101 vai plaukt\u0101.<\/p>\n<p data-start=\"2022\" data-end=\"2133\">Tas ir \u012bpa\u0161i \u0113rti tiem, kas uguns vietu izmanto sezon\u0101li vai v\u0113las to p\u0101rvietot uz vasarn\u012bcu vai atp\u016btas vietu.<\/p>\n<hr data-start=\"2135\" data-end=\"2138\" \/>\n<h3 data-section-id=\"jf966h\" data-start=\"2140\" data-end=\"2169\">Mont\u0101\u017ea bez instrumentiem<\/h3>\n<p data-start=\"2171\" data-end=\"2220\">Mont\u0101\u017eai nav nepiecie\u0161amas skr\u016bves vai uzgrie\u017e\u0146i.<\/p>\n<p data-start=\"2222\" data-end=\"2233\">Tas noz\u012bm\u0113:<\/p>\n<ul data-start=\"2235\" data-end=\"2368\">\n<li data-section-id=\"18pxz0\" data-start=\"2235\" data-end=\"2282\">\n<p data-start=\"2237\" data-end=\"2282\">nav deta\u013cu, kas karstuma d\u0113\u013c var\u0113tu sar\u016bs\u0113t<\/p>\n<\/li>\n<li data-section-id=\"1resdp2\" data-start=\"2283\" data-end=\"2324\">\n<p data-start=\"2285\" data-end=\"2324\">nav mazu stiprin\u0101jumu, kas var pazust<\/p>\n<\/li>\n<li data-section-id=\"1fl5eel\" data-start=\"2325\" data-end=\"2368\">\n<p data-start=\"2327\" data-end=\"2368\">uguns vietu var tikpat viegli ar\u012b izjaukt<\/p>\n<\/li>\n<\/ul>\n<hr data-start=\"2370\" data-end=\"2373\" \/>\n<h3 data-section-id=\"mda8p\" data-start=\"2375\" data-end=\"2402\">Stabilit\u0101te un iztur\u012bba<\/h3>\n<p data-start=\"2404\" data-end=\"2486\">3 mm t\u0113rauda loksne nodro\u0161ina konstrukcijai nepiecie\u0161amo stingr\u012bbu un stabilit\u0101ti.<\/p>\n<p data-start=\"2488\" data-end=\"2586\">Integr\u0113tie rokturi \u013cauj uguns vietu p\u0101rvietot ar\u012b tad, kad t\u0101 jau ir salikta (atdzisu\u0161\u0101 st\u0101vokl\u012b).<\/p>\n<hr data-start=\"2588\" data-end=\"2591\" \/>\n<h3 data-section-id=\"emj5o3\" data-start=\"2593\" data-end=\"2615\">Sezon\u0101la lieto\u0161ana<\/h3>\n<p data-start=\"2617\" data-end=\"2738\">T\u0101 k\u0101 konstrukcij\u0101 nav v\u012bt\u0146otu stiprin\u0101jumu, kas var\u0113tu sar\u016bs\u0113t, uguns vietu ir viegli ruden\u012b izjaukt un uzglab\u0101t ziemai.<\/p>\n<hr data-start=\"2740\" data-end=\"2743\" \/>\n<h3 data-section-id=\"1hwwtqe\" data-start=\"2745\" data-end=\"2763\">Iesp\u0113ja gril\u0113t<\/h3>\n<p data-start=\"2765\" data-end=\"2850\">Ar papildus grila resti uguns vieta k\u013c\u016bst par daudzfunkcion\u0101lu \u0101ra virtuves elementu.<\/p>\n<hr data-start=\"2852\" data-end=\"2855\" \/>\n<h2 data-section-id=\"1cetf7g\" data-start=\"2857\" data-end=\"2875\">Lieto\u0161anas vide<\/h2>\n<p data-start=\"2877\" data-end=\"2902\">Uguns vieta ir piem\u0113rota:<\/p>\n<ul data-start=\"2904\" data-end=\"2974\">\n<li data-section-id=\"1m1lc7x\" data-start=\"2904\" data-end=\"2920\">\n<p data-start=\"2906\" data-end=\"2920\">m\u0101jas d\u0101rzam<\/p>\n<\/li>\n<li data-section-id=\"1brtbmo\" data-start=\"2921\" data-end=\"2936\">\n<p data-start=\"2923\" data-end=\"2936\">lauku m\u0101jai<\/p>\n<\/li>\n<li data-section-id=\"qw5ob5\" data-start=\"2937\" data-end=\"2951\">\n<p data-start=\"2939\" data-end=\"2951\">vasarn\u012bcai<\/p>\n<\/li>\n<li data-section-id=\"jz1fip\" data-start=\"2952\" data-end=\"2974\">\n<p data-start=\"2954\" data-end=\"2974\">atp\u016btas zon\u0101m dab\u0101<\/p>\n<\/li>\n<\/ul>\n<p data-start=\"2976\" data-end=\"3071\">Ieteicams izmantot uz <strong data-start=\"2998\" data-end=\"3019\">nedego\u0161as virsmas<\/strong> (akmens, grants, betons vai zeme bez sausas z\u0101les).<\/p>\n<hr data-start=\"3073\" data-end=\"3076\" \/>\n<h2 data-section-id=\"s665hk\" data-start=\"3078\" data-end=\"3100\">Ra\u017eo\u0161ana un pieg\u0101de<\/h2>\n<p data-start=\"3102\" data-end=\"3170\">Ra\u017eots Igaunij\u0101.<br data-start=\"3118\" data-end=\"3121\" \/>Katrs komplekts tiek izgatavots viet\u0113j\u0101 ra\u017eo\u0161an\u0101.<\/p>\n<p data-start=\"3172\" data-end=\"3242\">Pas\u016bt\u012bjumi tiek nos\u016bt\u012bti <strong data-start=\"3197\" data-end=\"3241\">ne v\u0113l\u0101k k\u0101 7 dienu laik\u0101 p\u0113c pas\u016bt\u012bjuma<\/strong>.<\/p>\n","protected":false},"excerpt":{"rendered":"<p data-start=\"960\" data-end=\"1104\"><strong data-start=\"1016\" data-end=\"1027\">Izm\u0113ri:<\/strong> 600 \u00d7 600 mm (platums \u00d7 dzi\u013cums)<br data-start=\"1060\" data-end=\"1063\" \/><strong data-start=\"1063\" data-end=\"1076\">Augstums:<\/strong> 430 mm<br data-start=\"1083\" data-end=\"1086\" \/><strong data-start=\"1086\" data-end=\"1096\">Svars:<\/strong> 32 kg<\/p>\n<p data-start=\"1106\" data-end=\"1181\"><strong data-start=\"1106\" data-end=\"1120\">Materi\u0101ls:<\/strong> 3 mm t\u0113rauda loksne<br data-start=\"1140\" data-end=\"1143\" \/><strong data-start=\"1143\" data-end=\"1154\">Apdare:<\/strong> dab\u012bgs, nekr\u0101sots met\u0101ls<\/p>\n","protected":false},"featured_media":8433,"template":"","meta":[],"product_brand":[],"product_cat":[1137],"product_tag":[],"class_list":{"0":"post-8432","1":"product","2":"type-product","3":"status-publish","4":"has-post-thumbnail","6":"product_cat-grilesana","7":"product_shipping_class-liiga-suur-pakiautomaadile","8":"has-post-title","9":"has-post-date","10":"has-post-category","11":"has-post-tag","12":"has-post-comment","13":"has-post-author","14":"","16":"first","17":"instock","18":"taxable","19":"shipping-taxable","20":"purchasable","21":"product-type-simple"},"yoast_head":"<!-- This site is optimized with the Yoast SEO plugin v27.3 - https:\/\/yoast.com\/product\/yoast-seo-wordpress\/ -->\n<title>Uguns vieta \/ grils - Etnoart<\/title>\n<meta name=\"description\" content=\"Saliekama t\u0113rauda uguns vieta d\u0101rzam vai pagalmam. Stabils 3 mm t\u0113rauds, mont\u0101\u017ea bez instrumentiem un iesp\u0113ja izmantot k\u0101 grilu.\" \/>\n<meta name=\"robots\" content=\"index, follow, max-snippet:-1, max-image-preview:large, max-video-preview:-1\" \/>\n<link rel=\"canonical\" href=\"https:\/\/etnoart.eu\/lt\/toode\/lokkealus\/\" \/>\n<meta property=\"og:locale\" content=\"lv_LV\" \/>\n<meta property=\"og:type\" content=\"article\" \/>\n<meta property=\"og:title\" content=\"Uguns vieta \/ grils - Etnoart\" \/>\n<meta property=\"og:description\" content=\"Saliekama t\u0113rauda uguns vieta d\u0101rzam vai pagalmam. Stabils 3 mm t\u0113rauds, mont\u0101\u017ea bez instrumentiem un iesp\u0113ja izmantot k\u0101 grilu.\" \/>\n<meta property=\"og:url\" content=\"https:\/\/etnoart.eu\/lt\/toode\/lokkealus\/\" \/>\n<meta property=\"og:site_name\" content=\"Etnoart\" \/>\n<meta property=\"article:publisher\" content=\"https:\/\/www.facebook.com\/etnoart.handicraft.shop\" \/>\n<meta property=\"article:modified_time\" content=\"2026-03-13T18:07:37+00:00\" \/>\n<meta property=\"og:image\" content=\"https:\/\/etnoart.eu\/wp-content\/uploads\/2026\/01\/Tulisija_tulease_Feuerstelle_Fire-Pit.webp\" \/>\n\t<meta property=\"og:image:width\" content=\"2560\" \/>\n\t<meta property=\"og:image:height\" content=\"2068\" \/>\n\t<meta property=\"og:image:type\" content=\"image\/webp\" \/>\n<meta name=\"twitter:card\" content=\"summary_large_image\" \/>\n<meta name=\"twitter:label1\" content=\"Est. reading time\" \/>\n\t<meta name=\"twitter:data1\" content=\"3 minutes\" \/>\n<script type=\"application\/ld+json\" class=\"yoast-schema-graph\">{\"@context\":\"https:\\\/\\\/schema.org\",\"@graph\":[{\"@type\":\"WebPage\",\"@id\":\"https:\\\/\\\/etnoart.eu\\\/lt\\\/toode\\\/lokkealus\\\/\",\"url\":\"https:\\\/\\\/etnoart.eu\\\/lt\\\/toode\\\/lokkealus\\\/\",\"name\":\"Uguns vieta \\\/ grils - Etnoart\",\"isPartOf\":{\"@id\":\"https:\\\/\\\/etnoart.eu\\\/#website\"},\"primaryImageOfPage\":{\"@id\":\"https:\\\/\\\/etnoart.eu\\\/lt\\\/toode\\\/lokkealus\\\/#primaryimage\"},\"image\":{\"@id\":\"https:\\\/\\\/etnoart.eu\\\/lt\\\/toode\\\/lokkealus\\\/#primaryimage\"},\"thumbnailUrl\":\"https:\\\/\\\/etnoart.eu\\\/wp-content\\\/uploads\\\/2026\\\/01\\\/Tulisija_tulease_Feuerstelle_Fire-Pit.webp\",\"datePublished\":\"2026-01-23T05:02:44+00:00\",\"dateModified\":\"2026-03-13T18:07:37+00:00\",\"description\":\"Saliekama t\u0113rauda uguns vieta d\u0101rzam vai pagalmam. Stabils 3 mm t\u0113rauds, mont\u0101\u017ea bez instrumentiem un iesp\u0113ja izmantot k\u0101 grilu.\",\"breadcrumb\":{\"@id\":\"https:\\\/\\\/etnoart.eu\\\/lt\\\/toode\\\/lokkealus\\\/#breadcrumb\"},\"inLanguage\":\"lv-LV\",\"potentialAction\":[{\"@type\":\"ReadAction\",\"target\":[\"https:\\\/\\\/etnoart.eu\\\/lt\\\/toode\\\/lokkealus\\\/\"]}]},{\"@type\":\"ImageObject\",\"inLanguage\":\"lv-LV\",\"@id\":\"https:\\\/\\\/etnoart.eu\\\/lt\\\/toode\\\/lokkealus\\\/#primaryimage\",\"url\":\"https:\\\/\\\/etnoart.eu\\\/wp-content\\\/uploads\\\/2026\\\/01\\\/Tulisija_tulease_Feuerstelle_Fire-Pit.webp\",\"contentUrl\":\"https:\\\/\\\/etnoart.eu\\\/wp-content\\\/uploads\\\/2026\\\/01\\\/Tulisija_tulease_Feuerstelle_Fire-Pit.webp\",\"width\":2560,\"height\":2068,\"caption\":\"Tulisija, tulease, Feuerstelle, Fire Pit\"},{\"@type\":\"BreadcrumbList\",\"@id\":\"https:\\\/\\\/etnoart.eu\\\/lt\\\/toode\\\/lokkealus\\\/#breadcrumb\",\"itemListElement\":[{\"@type\":\"ListItem\",\"position\":1,\"name\":\"Home\",\"item\":\"https:\\\/\\\/etnoart.eu\\\/lv\\\/\"},{\"@type\":\"ListItem\",\"position\":2,\"name\":\"Pood\",\"item\":\"https:\\\/\\\/etnoart.eu\\\/lv\\\/shop\\\/\"},{\"@type\":\"ListItem\",\"position\":3,\"name\":\"Uguns vieta \\\/ grils\"}]},{\"@type\":\"WebSite\",\"@id\":\"https:\\\/\\\/etnoart.eu\\\/#website\",\"url\":\"https:\\\/\\\/etnoart.eu\\\/\",\"name\":\"Etnoart\",\"description\":\"K&auml;sit&ouml;&ouml;pood\",\"publisher\":{\"@id\":\"https:\\\/\\\/etnoart.eu\\\/#organization\"},\"potentialAction\":[{\"@type\":\"SearchAction\",\"target\":{\"@type\":\"EntryPoint\",\"urlTemplate\":\"https:\\\/\\\/etnoart.eu\\\/?s={search_term_string}\"},\"query-input\":{\"@type\":\"PropertyValueSpecification\",\"valueRequired\":true,\"valueName\":\"search_term_string\"}}],\"inLanguage\":\"lv-LV\"},{\"@type\":\"Organization\",\"@id\":\"https:\\\/\\\/etnoart.eu\\\/#organization\",\"name\":\"Etnoart O\u00dc\",\"url\":\"https:\\\/\\\/etnoart.eu\\\/\",\"logo\":{\"@type\":\"ImageObject\",\"inLanguage\":\"lv-LV\",\"@id\":\"https:\\\/\\\/etnoart.eu\\\/#\\\/schema\\\/logo\\\/image\\\/\",\"url\":\"https:\\\/\\\/etnoart.eu\\\/wp-content\\\/uploads\\\/2023\\\/06\\\/etnoart-logo.png\",\"contentUrl\":\"https:\\\/\\\/etnoart.eu\\\/wp-content\\\/uploads\\\/2023\\\/06\\\/etnoart-logo.png\",\"width\":491,\"height\":184,\"caption\":\"Etnoart O\u00dc\"},\"image\":{\"@id\":\"https:\\\/\\\/etnoart.eu\\\/#\\\/schema\\\/logo\\\/image\\\/\"},\"sameAs\":[\"https:\\\/\\\/www.facebook.com\\\/etnoart.handicraft.shop\"]}]}<\/script>\n<!-- \/ Yoast SEO plugin. -->","yoast_head_json":{"title":"Uguns vieta \/ grils - Etnoart","description":"Saliekama t\u0113rauda uguns vieta d\u0101rzam vai pagalmam. Stabils 3 mm t\u0113rauds, mont\u0101\u017ea bez instrumentiem un iesp\u0113ja izmantot k\u0101 grilu.","robots":{"index":"index","follow":"follow","max-snippet":"max-snippet:-1","max-image-preview":"max-image-preview:large","max-video-preview":"max-video-preview:-1"},"canonical":"https:\/\/etnoart.eu\/lt\/toode\/lokkealus\/","og_locale":"lv_LV","og_type":"article","og_title":"Uguns vieta \/ grils - Etnoart","og_description":"Saliekama t\u0113rauda uguns vieta d\u0101rzam vai pagalmam. Stabils 3 mm t\u0113rauds, mont\u0101\u017ea bez instrumentiem un iesp\u0113ja izmantot k\u0101 grilu.","og_url":"https:\/\/etnoart.eu\/lt\/toode\/lokkealus\/","og_site_name":"Etnoart","article_publisher":"https:\/\/www.facebook.com\/etnoart.handicraft.shop","article_modified_time":"2026-03-13T18:07:37+00:00","og_image":[{"width":2560,"height":2068,"url":"https:\/\/etnoart.eu\/wp-content\/uploads\/2026\/01\/Tulisija_tulease_Feuerstelle_Fire-Pit.webp","type":"image\/webp"}],"twitter_card":"summary_large_image","twitter_misc":{"Est. reading time":"3 minutes"},"schema":{"@context":"https:\/\/schema.org","@graph":[{"@type":"WebPage","@id":"https:\/\/etnoart.eu\/lt\/toode\/lokkealus\/","url":"https:\/\/etnoart.eu\/lt\/toode\/lokkealus\/","name":"Uguns vieta \/ grils - Etnoart","isPartOf":{"@id":"https:\/\/etnoart.eu\/#website"},"primaryImageOfPage":{"@id":"https:\/\/etnoart.eu\/lt\/toode\/lokkealus\/#primaryimage"},"image":{"@id":"https:\/\/etnoart.eu\/lt\/toode\/lokkealus\/#primaryimage"},"thumbnailUrl":"https:\/\/etnoart.eu\/wp-content\/uploads\/2026\/01\/Tulisija_tulease_Feuerstelle_Fire-Pit.webp","datePublished":"2026-01-23T05:02:44+00:00","dateModified":"2026-03-13T18:07:37+00:00","description":"Saliekama t\u0113rauda uguns vieta d\u0101rzam vai pagalmam. Stabils 3 mm t\u0113rauds, mont\u0101\u017ea bez instrumentiem un iesp\u0113ja izmantot k\u0101 grilu.","breadcrumb":{"@id":"https:\/\/etnoart.eu\/lt\/toode\/lokkealus\/#breadcrumb"},"inLanguage":"lv-LV","potentialAction":[{"@type":"ReadAction","target":["https:\/\/etnoart.eu\/lt\/toode\/lokkealus\/"]}]},{"@type":"ImageObject","inLanguage":"lv-LV","@id":"https:\/\/etnoart.eu\/lt\/toode\/lokkealus\/#primaryimage","url":"https:\/\/etnoart.eu\/wp-content\/uploads\/2026\/01\/Tulisija_tulease_Feuerstelle_Fire-Pit.webp","contentUrl":"https:\/\/etnoart.eu\/wp-content\/uploads\/2026\/01\/Tulisija_tulease_Feuerstelle_Fire-Pit.webp","width":2560,"height":2068,"caption":"Tulisija, tulease, Feuerstelle, Fire Pit"},{"@type":"BreadcrumbList","@id":"https:\/\/etnoart.eu\/lt\/toode\/lokkealus\/#breadcrumb","itemListElement":[{"@type":"ListItem","position":1,"name":"Home","item":"https:\/\/etnoart.eu\/lv\/"},{"@type":"ListItem","position":2,"name":"Pood","item":"https:\/\/etnoart.eu\/lv\/shop\/"},{"@type":"ListItem","position":3,"name":"Uguns vieta \/ grils"}]},{"@type":"WebSite","@id":"https:\/\/etnoart.eu\/#website","url":"https:\/\/etnoart.eu\/","name":"Etnoart","description":"K&auml;sit&ouml;&ouml;pood","publisher":{"@id":"https:\/\/etnoart.eu\/#organization"},"potentialAction":[{"@type":"SearchAction","target":{"@type":"EntryPoint","urlTemplate":"https:\/\/etnoart.eu\/?s={search_term_string}"},"query-input":{"@type":"PropertyValueSpecification","valueRequired":true,"valueName":"search_term_string"}}],"inLanguage":"lv-LV"},{"@type":"Organization","@id":"https:\/\/etnoart.eu\/#organization","name":"Etnoart O\u00dc","url":"https:\/\/etnoart.eu\/","logo":{"@type":"ImageObject","inLanguage":"lv-LV","@id":"https:\/\/etnoart.eu\/#\/schema\/logo\/image\/","url":"https:\/\/etnoart.eu\/wp-content\/uploads\/2023\/06\/etnoart-logo.png","contentUrl":"https:\/\/etnoart.eu\/wp-content\/uploads\/2023\/06\/etnoart-logo.png","width":491,"height":184,"caption":"Etnoart O\u00dc"},"image":{"@id":"https:\/\/etnoart.eu\/#\/schema\/logo\/image\/"},"sameAs":["https:\/\/www.facebook.com\/etnoart.handicraft.shop"]}]}},"builder_content":"","_links":{"self":[{"href":"https:\/\/etnoart.eu\/lv\/wp-json\/wp\/v2\/product\/8432","targetHints":{"allow":["GET"]}}],"collection":[{"href":"https:\/\/etnoart.eu\/lv\/wp-json\/wp\/v2\/product"}],"about":[{"href":"https:\/\/etnoart.eu\/lv\/wp-json\/wp\/v2\/types\/product"}],"wp:featuredmedia":[{"embeddable":true,"href":"https:\/\/etnoart.eu\/lv\/wp-json\/wp\/v2\/media\/8433"}],"wp:attachment":[{"href":"https:\/\/etnoart.eu\/lv\/wp-json\/wp\/v2\/media?parent=8432"}],"wp:term":[{"taxonomy":"product_brand","embeddable":true,"href":"https:\/\/etnoart.eu\/lv\/wp-json\/wp\/v2\/product_brand?post=8432"},{"taxonomy":"product_cat","embeddable":true,"href":"https:\/\/etnoart.eu\/lv\/wp-json\/wp\/v2\/product_cat?post=8432"},{"taxonomy":"product_tag","embeddable":true,"href":"https:\/\/etnoart.eu\/lv\/wp-json\/wp\/v2\/product_tag?post=8432"}],"curies":[{"name":"wp","href":"https:\/\/api.w.org\/{rel}","templated":true}]}}