{"id":8409,"date":"2026-03-13T17:00:01","date_gmt":"2026-03-13T17:00:01","guid":{"rendered":"https:\/\/etnoart.eu\/toode\/metalltrepp-restastmetega\/"},"modified":"2026-03-13T17:46:50","modified_gmt":"2026-03-13T17:46:50","slug":"metala-kapnes-ar-rezga-pakapieniem","status":"publish","type":"product","link":"https:\/\/etnoart.eu\/lv\/toode\/metala-kapnes-ar-rezga-pakapieniem\/","title":{"rendered":"Met\u0101la k\u0101pnes ar re\u017e\u0123a pak\u0101pieniem"},"content":{"rendered":"<p data-start=\"301\" data-end=\"564\">Met\u0101la k\u0101pnes ar re\u017e\u0123a pak\u0101pieniem ir vienk\u0101r\u0161s un iztur\u012bgs risin\u0101jums viet\u0101m, kur nepiecie\u0161ams p\u0101rvar\u0113t nelielu augstuma starp\u012bbu. K\u0101p\u0146u konstrukcija sast\u0101v no iztur\u012bga met\u0101la r\u0101mja un re\u017e\u0123a pak\u0101pieniem, kas nodro\u0161ina labu sa\u0137eri ar\u012b mitros vai ziemas apst\u0101k\u013cos.<\/p>\n<p data-start=\"566\" data-end=\"720\">Re\u017e\u0123a pak\u0101pieni \u013cauj sniegam, \u016bdenim un net\u012brumiem izkrist cauri, t\u0101d\u0113j\u0101di k\u0101pnes saglab\u0101 dro\u0161\u012bbu ar\u012b situ\u0101cij\u0101s, kad parastie pak\u0101pieni var k\u013c\u016bt slideni.<\/p>\n<p data-start=\"722\" data-end=\"985\">K\u0101pnes var izmantot gan iek\u0161telp\u0101s, gan \u0101rpus telp\u0101m. Standarta apdare ir grunts un kr\u0101sa, kas vislab\u0101k piem\u0113rota saus\u0101k\u0101m viet\u0101m, piem\u0113ram, pagrabam vai zem nojumes. Lieto\u0161anai \u0101rpus telp\u0101m k\u0101pnes iesp\u0113jams pas\u016bt\u012bt ar\u012b cinkotas vai cinkotas un papildus kr\u0101sotas.<\/p>\n<p data-start=\"987\" data-end=\"1175\">K\u0101pnes tiek pieg\u0101d\u0101tas vai nu salikt\u0101 veid\u0101 (ja tiek sa\u0146emtas uz vietas), vai izjauktas transport\u0113\u0161anai. Mont\u0101\u017ea ir vienk\u0101r\u0161a \u2013 nepiecie\u0161ams pievilkt 8 skr\u016bves, kas ir iek\u013cautas komplekt\u0101.<\/p>\n<p data-start=\"1177\" data-end=\"1339\">Piem\u0113rotas lieto\u0161anai m\u0101jsaimniec\u012bb\u0101s, r\u016bpniec\u012bb\u0101, noliktav\u0101s, pie konteineriem, piekab\u0113m un cit\u0101s viet\u0101s, kur nepiecie\u0161amas kompaktas un uzticamas met\u0101la k\u0101pnes.<\/p>\n<hr data-start=\"1341\" data-end=\"1344\" \/>\n<h2 data-section-id=\"7cpzmo\" data-start=\"1346\" data-end=\"1366\">Galven\u0101s \u012bpa\u0161\u012bbas<\/h2>\n<ul data-start=\"1368\" data-end=\"1658\">\n<li data-section-id=\"hehdfn\" data-start=\"1368\" data-end=\"1393\">\n<p data-start=\"1370\" data-end=\"1393\">iztur\u012bgs met\u0101la r\u0101mis<\/p>\n<\/li>\n<li data-section-id=\"125xxnj\" data-start=\"1394\" data-end=\"1423\">\n<p data-start=\"1396\" data-end=\"1423\">nesl\u012bdo\u0161i re\u017e\u0123a pak\u0101pieni<\/p>\n<\/li>\n<li data-section-id=\"5lf225\" data-start=\"1424\" data-end=\"1469\">\n<p data-start=\"1426\" data-end=\"1469\">piem\u0113rotas lieto\u0161anai gan telp\u0101s, gan \u0101r\u0101<\/p>\n<\/li>\n<li data-section-id=\"vl83j0\" data-start=\"1470\" data-end=\"1528\">\n<p data-start=\"1472\" data-end=\"1528\">iesp\u0113jams pas\u016bt\u012bt cinkotu vai cinkotu + kr\u0101sotu apdari<\/p>\n<\/li>\n<li data-section-id=\"8mic1n\" data-start=\"1529\" data-end=\"1576\">\n<p data-start=\"1531\" data-end=\"1576\">vienk\u0101r\u0161a uzst\u0101d\u012b\u0161ana (8 skr\u016bves komplekt\u0101)<\/p>\n<\/li>\n<li data-section-id=\"1q28bnt\" data-start=\"1577\" data-end=\"1658\">\n<p data-start=\"1579\" data-end=\"1658\">univers\u0101ls pielietojums \u2013 m\u0101jas, r\u016bpniec\u012bba, noliktavas, konteineri, piekabes<\/p>\n<\/li>\n<\/ul>\n<hr data-start=\"1660\" data-end=\"1663\" \/>\n<h2 data-section-id=\"k69kvr\" data-start=\"1665\" data-end=\"1682\">Tehniskie dati<\/h2>\n<p data-start=\"1684\" data-end=\"1740\">Produkta nosaukums: Met\u0101la k\u0101pnes ar re\u017e\u0123a pak\u0101pieniem<\/p>\n<p data-start=\"1742\" data-end=\"1799\">Izm\u0113ri: 500 \u00d7 500 \u00d7 900 mm (augstums \u00d7 dzi\u013cums \u00d7 platums)<\/p>\n<p data-start=\"1801\" data-end=\"1855\">Augstums: 500 mm<br data-start=\"1817\" data-end=\"1820\" \/>Platums: 900 mm<br data-start=\"1835\" data-end=\"1838\" \/>Dzi\u013cums: 500 mm<\/p>\n<p data-start=\"1857\" data-end=\"1982\">Materi\u0101ls: met\u0101la r\u0101mis (8 mm)<br data-start=\"1887\" data-end=\"1890\" \/>Apdare: grunts + kr\u0101sa<br data-start=\"1912\" data-end=\"1915\" \/>Standarta kr\u0101sa: pel\u0113ka<br data-start=\"1938\" data-end=\"1941\" \/>Papildu iesp\u0113ja: kr\u0101sa p\u0113c RAL kataloga<\/p>\n<p data-start=\"1984\" data-end=\"2057\">Pak\u0101pieni: met\u0101la re\u017e\u0123a pak\u0101pieni<br data-start=\"2017\" data-end=\"2020\" \/>Nestsp\u0113ja: l\u012bdz 200 kg uz pak\u0101piena<\/p>\n<p data-start=\"2059\" data-end=\"2162\">Lieto\u0161ana: iek\u0161telp\u0101s un \u0101r\u0101<br data-start=\"2087\" data-end=\"2090\" \/>Pieg\u0101de: salikt\u0101 veid\u0101 vai izjaukt\u0101 veid\u0101 iepakojum\u0101 (skr\u016bves komplekt\u0101)<\/p>\n<hr data-start=\"2164\" data-end=\"2167\" \/>\n<h2 data-section-id=\"58zg80\" data-start=\"2169\" data-end=\"2192\">Piem\u0113rots lieto\u0161anai<\/h2>\n<p data-start=\"2194\" data-end=\"2333\">m\u0101j\u0101s un m\u0101jsaimniec\u012bb\u0101s<br data-start=\"2218\" data-end=\"2221\" \/>noliktav\u0101s un darbn\u012bc\u0101s<br data-start=\"2244\" data-end=\"2247\" \/>pie konteineriem un modu\u013cu \u0113k\u0101m<br data-start=\"2278\" data-end=\"2281\" \/>pie piekab\u0113m un tehnikas<br data-start=\"2305\" data-end=\"2308\" \/>uz teras\u0113m un balkoniem<\/p>\n","protected":false},"excerpt":{"rendered":"<p data-start=\"1801\" data-end=\"1855\">Augstums: 500 mm<br data-start=\"1817\" data-end=\"1820\" \/>Platums: 900 mm<br data-start=\"1835\" data-end=\"1838\" \/>Dzi\u013cums: 500 mm<\/p>\n<p data-start=\"1857\" data-end=\"1982\">Materi\u0101ls: met\u0101la r\u0101mis (8 mm)<br data-start=\"1887\" data-end=\"1890\" \/>Apdare: grunts + kr\u0101sa<br data-start=\"1912\" data-end=\"1915\" \/>Standarta kr\u0101sa: pel\u0113ka<br data-start=\"1938\" data-end=\"1941\" \/>Papildu iesp\u0113ja: kr\u0101sa p\u0113c RAL kataloga<\/p>\n<p data-start=\"1984\" data-end=\"2057\">Pak\u0101pieni: met\u0101la re\u017e\u0123a pak\u0101pieni<br data-start=\"2017\" data-end=\"2020\" \/>Nestsp\u0113ja: l\u012bdz 200 kg uz pak\u0101piena<\/p>\n","protected":false},"featured_media":8410,"template":"","meta":[],"product_brand":[],"product_cat":[1184],"product_tag":[],"class_list":{"0":"post-8409","1":"product","2":"type-product","3":"status-publish","4":"has-post-thumbnail","6":"product_cat-metala-konstrukcijas-un-piederumi","7":"product_shipping_class-liiga-suur-pakiautomaadile","8":"has-post-title","9":"has-post-date","10":"has-post-category","11":"has-post-tag","12":"has-post-comment","13":"has-post-author","14":"","16":"first","17":"instock","18":"taxable","19":"shipping-taxable","20":"purchasable","21":"product-type-simple"},"yoast_head":"<!-- This site is optimized with the Yoast SEO plugin v27.3 - https:\/\/yoast.com\/product\/yoast-seo-wordpress\/ -->\n<title>Met\u0101la k\u0101pnes ar re\u017e\u0123a pak\u0101pieniem - Etnoart<\/title>\n<meta name=\"description\" content=\"Iztur\u012bgas met\u0101la k\u0101pnes ar nesl\u012bdo\u0161iem re\u017e\u0123a pak\u0101pieniem. Piem\u0113rotas lieto\u0161anai gan telp\u0101s, gan \u0101r\u0101. Stabils t\u0113rauda r\u0101mis un vienk\u0101r\u0161a mont\u0101\u017ea.\" \/>\n<meta name=\"robots\" content=\"index, follow, max-snippet:-1, max-image-preview:large, max-video-preview:-1\" \/>\n<link rel=\"canonical\" href=\"https:\/\/etnoart.eu\/lt\/toode\/metalltrepp-restastmetega\/\" \/>\n<meta property=\"og:locale\" content=\"lv_LV\" \/>\n<meta property=\"og:type\" content=\"article\" \/>\n<meta property=\"og:title\" content=\"Met\u0101la k\u0101pnes ar re\u017e\u0123a pak\u0101pieniem - Etnoart\" \/>\n<meta property=\"og:description\" content=\"Iztur\u012bgas met\u0101la k\u0101pnes ar nesl\u012bdo\u0161iem re\u017e\u0123a pak\u0101pieniem. Piem\u0113rotas lieto\u0161anai gan telp\u0101s, gan \u0101r\u0101. Stabils t\u0113rauda r\u0101mis un vienk\u0101r\u0161a mont\u0101\u017ea.\" \/>\n<meta property=\"og:url\" content=\"https:\/\/etnoart.eu\/lt\/toode\/metalltrepp-restastmetega\/\" \/>\n<meta property=\"og:site_name\" content=\"Etnoart\" \/>\n<meta property=\"article:publisher\" content=\"https:\/\/www.facebook.com\/etnoart.handicraft.shop\" \/>\n<meta property=\"article:modified_time\" content=\"2026-03-13T17:46:50+00:00\" \/>\n<meta property=\"og:image\" content=\"https:\/\/etnoart.eu\/wp-content\/uploads\/2026\/03\/vaike-restastmetega-trepp.png\" \/>\n\t<meta property=\"og:image:width\" content=\"1877\" \/>\n\t<meta property=\"og:image:height\" content=\"1591\" \/>\n\t<meta property=\"og:image:type\" content=\"image\/png\" \/>\n<meta name=\"twitter:card\" content=\"summary_large_image\" \/>\n<meta name=\"twitter:label1\" content=\"Est. reading time\" \/>\n\t<meta name=\"twitter:data1\" content=\"2 minutes\" \/>\n<script type=\"application\/ld+json\" class=\"yoast-schema-graph\">{\"@context\":\"https:\\\/\\\/schema.org\",\"@graph\":[{\"@type\":\"WebPage\",\"@id\":\"https:\\\/\\\/etnoart.eu\\\/lt\\\/toode\\\/metalltrepp-restastmetega\\\/\",\"url\":\"https:\\\/\\\/etnoart.eu\\\/lt\\\/toode\\\/metalltrepp-restastmetega\\\/\",\"name\":\"Met\u0101la k\u0101pnes ar re\u017e\u0123a pak\u0101pieniem - Etnoart\",\"isPartOf\":{\"@id\":\"https:\\\/\\\/etnoart.eu\\\/#website\"},\"primaryImageOfPage\":{\"@id\":\"https:\\\/\\\/etnoart.eu\\\/lt\\\/toode\\\/metalltrepp-restastmetega\\\/#primaryimage\"},\"image\":{\"@id\":\"https:\\\/\\\/etnoart.eu\\\/lt\\\/toode\\\/metalltrepp-restastmetega\\\/#primaryimage\"},\"thumbnailUrl\":\"https:\\\/\\\/etnoart.eu\\\/wp-content\\\/uploads\\\/2026\\\/03\\\/vaike-restastmetega-trepp.png\",\"datePublished\":\"2026-03-13T17:00:01+00:00\",\"dateModified\":\"2026-03-13T17:46:50+00:00\",\"description\":\"Iztur\u012bgas met\u0101la k\u0101pnes ar nesl\u012bdo\u0161iem re\u017e\u0123a pak\u0101pieniem. Piem\u0113rotas lieto\u0161anai gan telp\u0101s, gan \u0101r\u0101. Stabils t\u0113rauda r\u0101mis un vienk\u0101r\u0161a mont\u0101\u017ea.\",\"breadcrumb\":{\"@id\":\"https:\\\/\\\/etnoart.eu\\\/lt\\\/toode\\\/metalltrepp-restastmetega\\\/#breadcrumb\"},\"inLanguage\":\"lv-LV\",\"potentialAction\":[{\"@type\":\"ReadAction\",\"target\":[\"https:\\\/\\\/etnoart.eu\\\/lt\\\/toode\\\/metalltrepp-restastmetega\\\/\"]}]},{\"@type\":\"ImageObject\",\"inLanguage\":\"lv-LV\",\"@id\":\"https:\\\/\\\/etnoart.eu\\\/lt\\\/toode\\\/metalltrepp-restastmetega\\\/#primaryimage\",\"url\":\"https:\\\/\\\/etnoart.eu\\\/wp-content\\\/uploads\\\/2026\\\/03\\\/vaike-restastmetega-trepp.png\",\"contentUrl\":\"https:\\\/\\\/etnoart.eu\\\/wp-content\\\/uploads\\\/2026\\\/03\\\/vaike-restastmetega-trepp.png\",\"width\":1877,\"height\":1591,\"caption\":\"v\u00e4ike restastmetega trepp keldrisse v\u00f5i r\u00f5dule\"},{\"@type\":\"BreadcrumbList\",\"@id\":\"https:\\\/\\\/etnoart.eu\\\/lt\\\/toode\\\/metalltrepp-restastmetega\\\/#breadcrumb\",\"itemListElement\":[{\"@type\":\"ListItem\",\"position\":1,\"name\":\"Home\",\"item\":\"https:\\\/\\\/etnoart.eu\\\/lv\\\/\"},{\"@type\":\"ListItem\",\"position\":2,\"name\":\"Pood\",\"item\":\"https:\\\/\\\/etnoart.eu\\\/lv\\\/shop\\\/\"},{\"@type\":\"ListItem\",\"position\":3,\"name\":\"Met\u0101la k\u0101pnes ar re\u017e\u0123a pak\u0101pieniem\"}]},{\"@type\":\"WebSite\",\"@id\":\"https:\\\/\\\/etnoart.eu\\\/#website\",\"url\":\"https:\\\/\\\/etnoart.eu\\\/\",\"name\":\"Etnoart\",\"description\":\"K&auml;sit&ouml;&ouml;pood\",\"publisher\":{\"@id\":\"https:\\\/\\\/etnoart.eu\\\/#organization\"},\"potentialAction\":[{\"@type\":\"SearchAction\",\"target\":{\"@type\":\"EntryPoint\",\"urlTemplate\":\"https:\\\/\\\/etnoart.eu\\\/?s={search_term_string}\"},\"query-input\":{\"@type\":\"PropertyValueSpecification\",\"valueRequired\":true,\"valueName\":\"search_term_string\"}}],\"inLanguage\":\"lv-LV\"},{\"@type\":\"Organization\",\"@id\":\"https:\\\/\\\/etnoart.eu\\\/#organization\",\"name\":\"Etnoart O\u00dc\",\"url\":\"https:\\\/\\\/etnoart.eu\\\/\",\"logo\":{\"@type\":\"ImageObject\",\"inLanguage\":\"lv-LV\",\"@id\":\"https:\\\/\\\/etnoart.eu\\\/#\\\/schema\\\/logo\\\/image\\\/\",\"url\":\"https:\\\/\\\/etnoart.eu\\\/wp-content\\\/uploads\\\/2023\\\/06\\\/etnoart-logo.png\",\"contentUrl\":\"https:\\\/\\\/etnoart.eu\\\/wp-content\\\/uploads\\\/2023\\\/06\\\/etnoart-logo.png\",\"width\":491,\"height\":184,\"caption\":\"Etnoart O\u00dc\"},\"image\":{\"@id\":\"https:\\\/\\\/etnoart.eu\\\/#\\\/schema\\\/logo\\\/image\\\/\"},\"sameAs\":[\"https:\\\/\\\/www.facebook.com\\\/etnoart.handicraft.shop\"]}]}<\/script>\n<!-- \/ Yoast SEO plugin. -->","yoast_head_json":{"title":"Met\u0101la k\u0101pnes ar re\u017e\u0123a pak\u0101pieniem - Etnoart","description":"Iztur\u012bgas met\u0101la k\u0101pnes ar nesl\u012bdo\u0161iem re\u017e\u0123a pak\u0101pieniem. Piem\u0113rotas lieto\u0161anai gan telp\u0101s, gan \u0101r\u0101. Stabils t\u0113rauda r\u0101mis un vienk\u0101r\u0161a mont\u0101\u017ea.","robots":{"index":"index","follow":"follow","max-snippet":"max-snippet:-1","max-image-preview":"max-image-preview:large","max-video-preview":"max-video-preview:-1"},"canonical":"https:\/\/etnoart.eu\/lt\/toode\/metalltrepp-restastmetega\/","og_locale":"lv_LV","og_type":"article","og_title":"Met\u0101la k\u0101pnes ar re\u017e\u0123a pak\u0101pieniem - Etnoart","og_description":"Iztur\u012bgas met\u0101la k\u0101pnes ar nesl\u012bdo\u0161iem re\u017e\u0123a pak\u0101pieniem. Piem\u0113rotas lieto\u0161anai gan telp\u0101s, gan \u0101r\u0101. Stabils t\u0113rauda r\u0101mis un vienk\u0101r\u0161a mont\u0101\u017ea.","og_url":"https:\/\/etnoart.eu\/lt\/toode\/metalltrepp-restastmetega\/","og_site_name":"Etnoart","article_publisher":"https:\/\/www.facebook.com\/etnoart.handicraft.shop","article_modified_time":"2026-03-13T17:46:50+00:00","og_image":[{"width":1877,"height":1591,"url":"https:\/\/etnoart.eu\/wp-content\/uploads\/2026\/03\/vaike-restastmetega-trepp.png","type":"image\/png"}],"twitter_card":"summary_large_image","twitter_misc":{"Est. reading time":"2 minutes"},"schema":{"@context":"https:\/\/schema.org","@graph":[{"@type":"WebPage","@id":"https:\/\/etnoart.eu\/lt\/toode\/metalltrepp-restastmetega\/","url":"https:\/\/etnoart.eu\/lt\/toode\/metalltrepp-restastmetega\/","name":"Met\u0101la k\u0101pnes ar re\u017e\u0123a pak\u0101pieniem - Etnoart","isPartOf":{"@id":"https:\/\/etnoart.eu\/#website"},"primaryImageOfPage":{"@id":"https:\/\/etnoart.eu\/lt\/toode\/metalltrepp-restastmetega\/#primaryimage"},"image":{"@id":"https:\/\/etnoart.eu\/lt\/toode\/metalltrepp-restastmetega\/#primaryimage"},"thumbnailUrl":"https:\/\/etnoart.eu\/wp-content\/uploads\/2026\/03\/vaike-restastmetega-trepp.png","datePublished":"2026-03-13T17:00:01+00:00","dateModified":"2026-03-13T17:46:50+00:00","description":"Iztur\u012bgas met\u0101la k\u0101pnes ar nesl\u012bdo\u0161iem re\u017e\u0123a pak\u0101pieniem. Piem\u0113rotas lieto\u0161anai gan telp\u0101s, gan \u0101r\u0101. Stabils t\u0113rauda r\u0101mis un vienk\u0101r\u0161a mont\u0101\u017ea.","breadcrumb":{"@id":"https:\/\/etnoart.eu\/lt\/toode\/metalltrepp-restastmetega\/#breadcrumb"},"inLanguage":"lv-LV","potentialAction":[{"@type":"ReadAction","target":["https:\/\/etnoart.eu\/lt\/toode\/metalltrepp-restastmetega\/"]}]},{"@type":"ImageObject","inLanguage":"lv-LV","@id":"https:\/\/etnoart.eu\/lt\/toode\/metalltrepp-restastmetega\/#primaryimage","url":"https:\/\/etnoart.eu\/wp-content\/uploads\/2026\/03\/vaike-restastmetega-trepp.png","contentUrl":"https:\/\/etnoart.eu\/wp-content\/uploads\/2026\/03\/vaike-restastmetega-trepp.png","width":1877,"height":1591,"caption":"v\u00e4ike restastmetega trepp keldrisse v\u00f5i r\u00f5dule"},{"@type":"BreadcrumbList","@id":"https:\/\/etnoart.eu\/lt\/toode\/metalltrepp-restastmetega\/#breadcrumb","itemListElement":[{"@type":"ListItem","position":1,"name":"Home","item":"https:\/\/etnoart.eu\/lv\/"},{"@type":"ListItem","position":2,"name":"Pood","item":"https:\/\/etnoart.eu\/lv\/shop\/"},{"@type":"ListItem","position":3,"name":"Met\u0101la k\u0101pnes ar re\u017e\u0123a pak\u0101pieniem"}]},{"@type":"WebSite","@id":"https:\/\/etnoart.eu\/#website","url":"https:\/\/etnoart.eu\/","name":"Etnoart","description":"K&auml;sit&ouml;&ouml;pood","publisher":{"@id":"https:\/\/etnoart.eu\/#organization"},"potentialAction":[{"@type":"SearchAction","target":{"@type":"EntryPoint","urlTemplate":"https:\/\/etnoart.eu\/?s={search_term_string}"},"query-input":{"@type":"PropertyValueSpecification","valueRequired":true,"valueName":"search_term_string"}}],"inLanguage":"lv-LV"},{"@type":"Organization","@id":"https:\/\/etnoart.eu\/#organization","name":"Etnoart O\u00dc","url":"https:\/\/etnoart.eu\/","logo":{"@type":"ImageObject","inLanguage":"lv-LV","@id":"https:\/\/etnoart.eu\/#\/schema\/logo\/image\/","url":"https:\/\/etnoart.eu\/wp-content\/uploads\/2023\/06\/etnoart-logo.png","contentUrl":"https:\/\/etnoart.eu\/wp-content\/uploads\/2023\/06\/etnoart-logo.png","width":491,"height":184,"caption":"Etnoart O\u00dc"},"image":{"@id":"https:\/\/etnoart.eu\/#\/schema\/logo\/image\/"},"sameAs":["https:\/\/www.facebook.com\/etnoart.handicraft.shop"]}]}},"builder_content":"","_links":{"self":[{"href":"https:\/\/etnoart.eu\/lv\/wp-json\/wp\/v2\/product\/8409","targetHints":{"allow":["GET"]}}],"collection":[{"href":"https:\/\/etnoart.eu\/lv\/wp-json\/wp\/v2\/product"}],"about":[{"href":"https:\/\/etnoart.eu\/lv\/wp-json\/wp\/v2\/types\/product"}],"wp:featuredmedia":[{"embeddable":true,"href":"https:\/\/etnoart.eu\/lv\/wp-json\/wp\/v2\/media\/8410"}],"wp:attachment":[{"href":"https:\/\/etnoart.eu\/lv\/wp-json\/wp\/v2\/media?parent=8409"}],"wp:term":[{"taxonomy":"product_brand","embeddable":true,"href":"https:\/\/etnoart.eu\/lv\/wp-json\/wp\/v2\/product_brand?post=8409"},{"taxonomy":"product_cat","embeddable":true,"href":"https:\/\/etnoart.eu\/lv\/wp-json\/wp\/v2\/product_cat?post=8409"},{"taxonomy":"product_tag","embeddable":true,"href":"https:\/\/etnoart.eu\/lv\/wp-json\/wp\/v2\/product_tag?post=8409"}],"curies":[{"name":"wp","href":"https:\/\/api.w.org\/{rel}","templated":true}]}}