{"id":788,"date":"2023-06-08T08:50:36","date_gmt":"2023-06-08T08:50:36","guid":{"rendered":"https:\/\/etnoart.amsel.ee\/?post_type=product&#038;p=788"},"modified":"2026-01-16T17:44:10","modified_gmt":"2026-01-16T17:44:10","slug":"puudehoidja","status":"publish","type":"product","link":"https:\/\/etnoart.eu\/lv\/toode\/puudehoidja\/","title":{"rendered":"Puudehoidja"},"content":{"rendered":"<p>Puudehoidja, mille on valmistanud Eesti sepad 20&#215;6 teraslatist, on t\u00f5eliselt vastupidav ja funktsionaalne. Selle tugevuse tagab p\u00f5hjaks kasutatud 2 mm paksune metallplaat, mis suudab kanda olulist koormust ilma j\u00e4releandmisteta. Selle puudealuse konstruktsioon on m\u00f5eldud olema kerge, kuid samal ajal \u00e4\u00e4rmiselt tugev, v\u00f5imaldades mugavalt ladustada soovitud hulga puid, ilma et see ohustaks aluse stabiilsust.<\/p>\n<p>Eesm\u00e4rk on pakkuda mitmek\u00fclgset lahendust, seet\u00f5ttu on puudealusel ka valmidus kaminatarvikute lisamiseks. See annab teile v\u00f5imaluse isikup\u00e4rastada oma tulekolde \u00fcmbrust vastavalt vajadustele ja eelistustele. Meie poest leiate ka eraldi need <a href=\"https:\/\/etnoart.eu\/tootekategooria\/kaminatarbed-ja-puukorvid\/\" target=\"_blank\" rel=\"noopener\">lisatarvikud<\/a>, et t\u00e4iendada puudealust vastavalt oma kodu vajadustele.<\/p>\n<p>Puudehoidja m\u00f5\u00f5tmed on hoolikalt valitud optimaalseks kasutuseks: 92 cm k\u00f5rgus, 42 cm laius ja 38 cm s\u00fcgavus. Need m\u00f5\u00f5tmed tagavad mitmek\u00fclgse kasutuse erinevates kodudes ja ruumides. Lisaks funktsionaalsusele oleme p\u00f6\u00f6ranud t\u00e4helepanu ka disainile, tagades, et puudealus oleks mitte ainult praktiline, vaid ka esteetiliselt meeldiv ning sobituks sujuvalt teie kodu interj\u00f6\u00f6riga.<\/p>\n<p>Meie puudealune on loodud vastu pidama igap\u00e4evasele kasutusele ning pakkuma vastupidavust ja praktilisust. Lisaks sellele, et see mahutab piisavalt palju puid, v\u00f5imaldab see teil luua oma tulekolde \u00fcmbruses hubase ja stiilse atmosf\u00e4\u00e4ri. Olles valmistatud kvaliteetsetest materjalidest ning p\u00f6\u00f6rates t\u00e4helepanu nii funktsionaalsusele kui ka disainile, usume, et meie puudealus on just see, mida vajate oma kodu t\u00e4iustamiseks.<\/p>\n<p>Vajadusel saame valmistada ka just Teie m\u00f5\u00f5tudele vajaliku Puudehoidja. Selleks v\u00f5tke meiega \u00fchendust meilitsi ja andke oma ideest ja vajadustes meile m\u00e4rku.<\/p>\n","protected":false},"excerpt":{"rendered":"<p>Puudehoidja, mille on valmistanud Eesti sepade poolt. Toode on viimistletud lakiga<\/p>\n","protected":false},"featured_media":4298,"template":"","meta":[],"product_brand":[],"product_cat":[116],"product_tag":[],"class_list":{"0":"post-788","1":"product","2":"type-product","3":"status-publish","4":"has-post-thumbnail","6":"product_cat-kaminatarbed-ja-puukorvid","7":"has-post-title","8":"has-post-date","9":"has-post-category","10":"has-post-tag","11":"has-post-comment","12":"has-post-author","13":"","15":"first","16":"instock","17":"taxable","18":"shipping-taxable","19":"purchasable","20":"product-type-simple"},"yoast_head":"<!-- This site is optimized with the Yoast SEO plugin v27.4 - https:\/\/yoast.com\/product\/yoast-seo-wordpress\/ -->\n<title>Puudehoidja |EtnoArt| Kaminatarbed ja puukorvid<\/title>\n<meta name=\"description\" content=\"Puudehoidja, mille on valmistanud Eesti sepad 20x6 teraslatist, on t\u00f5eliselt vastupidav ja funktsionaalne. Toode on viimistletud lakiga\" \/>\n<meta name=\"robots\" content=\"index, follow, max-snippet:-1, max-image-preview:large, max-video-preview:-1\" \/>\n<link rel=\"canonical\" href=\"https:\/\/etnoart.eu\/toode\/puudehoidja\/\" \/>\n<meta property=\"og:locale\" content=\"lv_LV\" \/>\n<meta property=\"og:type\" content=\"article\" \/>\n<meta property=\"og:title\" content=\"Puudehoidja |EtnoArt| Kaminatarbed ja puukorvid\" \/>\n<meta property=\"og:description\" content=\"Puudehoidja, mille on valmistanud Eesti sepad 20x6 teraslatist, on t\u00f5eliselt vastupidav ja funktsionaalne. Toode on viimistletud lakiga\" \/>\n<meta property=\"og:url\" content=\"https:\/\/etnoart.eu\/toode\/puudehoidja\/\" \/>\n<meta property=\"og:site_name\" content=\"Etnoart\" \/>\n<meta property=\"article:publisher\" content=\"https:\/\/www.facebook.com\/etnoart.handicraft.shop\" \/>\n<meta property=\"article:modified_time\" content=\"2026-01-16T17:44:10+00:00\" \/>\n<meta property=\"og:image\" content=\"https:\/\/etnoart.eu\/wp-content\/uploads\/2023\/06\/Puudehoidja-metallist-ilma-kaminariistadeta-1.png\" \/>\n\t<meta property=\"og:image:width\" content=\"967\" \/>\n\t<meta property=\"og:image:height\" content=\"967\" \/>\n\t<meta property=\"og:image:type\" content=\"image\/png\" \/>\n<meta name=\"twitter:card\" content=\"summary_large_image\" \/>\n<meta name=\"twitter:label1\" content=\"Est. reading time\" \/>\n\t<meta name=\"twitter:data1\" content=\"2 minutes\" \/>\n<script type=\"application\/ld+json\" class=\"yoast-schema-graph\">{\"@context\":\"https:\\\/\\\/schema.org\",\"@graph\":[{\"@type\":\"WebPage\",\"@id\":\"https:\\\/\\\/etnoart.eu\\\/toode\\\/puudehoidja\\\/\",\"url\":\"https:\\\/\\\/etnoart.eu\\\/toode\\\/puudehoidja\\\/\",\"name\":\"Puudehoidja |EtnoArt| Kaminatarbed ja puukorvid\",\"isPartOf\":{\"@id\":\"https:\\\/\\\/etnoart.eu\\\/#website\"},\"primaryImageOfPage\":{\"@id\":\"https:\\\/\\\/etnoart.eu\\\/toode\\\/puudehoidja\\\/#primaryimage\"},\"image\":{\"@id\":\"https:\\\/\\\/etnoart.eu\\\/toode\\\/puudehoidja\\\/#primaryimage\"},\"thumbnailUrl\":\"https:\\\/\\\/etnoart.eu\\\/wp-content\\\/uploads\\\/2023\\\/06\\\/Puudehoidja-metallist-ilma-kaminariistadeta-1.png\",\"datePublished\":\"2023-06-08T08:50:36+00:00\",\"dateModified\":\"2026-01-16T17:44:10+00:00\",\"description\":\"Puudehoidja, mille on valmistanud Eesti sepad 20x6 teraslatist, on t\u00f5eliselt vastupidav ja funktsionaalne. Toode on viimistletud lakiga\",\"breadcrumb\":{\"@id\":\"https:\\\/\\\/etnoart.eu\\\/toode\\\/puudehoidja\\\/#breadcrumb\"},\"inLanguage\":\"lv-LV\",\"potentialAction\":[{\"@type\":\"ReadAction\",\"target\":[\"https:\\\/\\\/etnoart.eu\\\/toode\\\/puudehoidja\\\/\"]}]},{\"@type\":\"ImageObject\",\"inLanguage\":\"lv-LV\",\"@id\":\"https:\\\/\\\/etnoart.eu\\\/toode\\\/puudehoidja\\\/#primaryimage\",\"url\":\"https:\\\/\\\/etnoart.eu\\\/wp-content\\\/uploads\\\/2023\\\/06\\\/Puudehoidja-metallist-ilma-kaminariistadeta-1.png\",\"contentUrl\":\"https:\\\/\\\/etnoart.eu\\\/wp-content\\\/uploads\\\/2023\\\/06\\\/Puudehoidja-metallist-ilma-kaminariistadeta-1.png\",\"width\":967,\"height\":967,\"caption\":\"Puudehoidja metallist ilma kaminariistadeta\"},{\"@type\":\"BreadcrumbList\",\"@id\":\"https:\\\/\\\/etnoart.eu\\\/toode\\\/puudehoidja\\\/#breadcrumb\",\"itemListElement\":[{\"@type\":\"ListItem\",\"position\":1,\"name\":\"Home\",\"item\":\"https:\\\/\\\/etnoart.eu\\\/lv\\\/\"},{\"@type\":\"ListItem\",\"position\":2,\"name\":\"Pood\",\"item\":\"https:\\\/\\\/etnoart.eu\\\/lv\\\/shop\\\/\"},{\"@type\":\"ListItem\",\"position\":3,\"name\":\"Puudehoidja\"}]},{\"@type\":\"WebSite\",\"@id\":\"https:\\\/\\\/etnoart.eu\\\/#website\",\"url\":\"https:\\\/\\\/etnoart.eu\\\/\",\"name\":\"Etnoart\",\"description\":\"K&auml;sit&ouml;&ouml;pood\",\"publisher\":{\"@id\":\"https:\\\/\\\/etnoart.eu\\\/#organization\"},\"potentialAction\":[{\"@type\":\"SearchAction\",\"target\":{\"@type\":\"EntryPoint\",\"urlTemplate\":\"https:\\\/\\\/etnoart.eu\\\/?s={search_term_string}\"},\"query-input\":{\"@type\":\"PropertyValueSpecification\",\"valueRequired\":true,\"valueName\":\"search_term_string\"}}],\"inLanguage\":\"lv-LV\"},{\"@type\":\"Organization\",\"@id\":\"https:\\\/\\\/etnoart.eu\\\/#organization\",\"name\":\"Etnoart O\u00dc\",\"url\":\"https:\\\/\\\/etnoart.eu\\\/\",\"logo\":{\"@type\":\"ImageObject\",\"inLanguage\":\"lv-LV\",\"@id\":\"https:\\\/\\\/etnoart.eu\\\/#\\\/schema\\\/logo\\\/image\\\/\",\"url\":\"https:\\\/\\\/etnoart.eu\\\/wp-content\\\/uploads\\\/2023\\\/06\\\/etnoart-logo.png\",\"contentUrl\":\"https:\\\/\\\/etnoart.eu\\\/wp-content\\\/uploads\\\/2023\\\/06\\\/etnoart-logo.png\",\"width\":491,\"height\":184,\"caption\":\"Etnoart O\u00dc\"},\"image\":{\"@id\":\"https:\\\/\\\/etnoart.eu\\\/#\\\/schema\\\/logo\\\/image\\\/\"},\"sameAs\":[\"https:\\\/\\\/www.facebook.com\\\/etnoart.handicraft.shop\"]}]}<\/script>\n<!-- \/ Yoast SEO plugin. -->","yoast_head_json":{"title":"Puudehoidja |EtnoArt| Kaminatarbed ja puukorvid","description":"Puudehoidja, mille on valmistanud Eesti sepad 20x6 teraslatist, on t\u00f5eliselt vastupidav ja funktsionaalne. Toode on viimistletud lakiga","robots":{"index":"index","follow":"follow","max-snippet":"max-snippet:-1","max-image-preview":"max-image-preview:large","max-video-preview":"max-video-preview:-1"},"canonical":"https:\/\/etnoart.eu\/toode\/puudehoidja\/","og_locale":"lv_LV","og_type":"article","og_title":"Puudehoidja |EtnoArt| Kaminatarbed ja puukorvid","og_description":"Puudehoidja, mille on valmistanud Eesti sepad 20x6 teraslatist, on t\u00f5eliselt vastupidav ja funktsionaalne. Toode on viimistletud lakiga","og_url":"https:\/\/etnoart.eu\/toode\/puudehoidja\/","og_site_name":"Etnoart","article_publisher":"https:\/\/www.facebook.com\/etnoart.handicraft.shop","article_modified_time":"2026-01-16T17:44:10+00:00","og_image":[{"width":967,"height":967,"url":"https:\/\/etnoart.eu\/wp-content\/uploads\/2023\/06\/Puudehoidja-metallist-ilma-kaminariistadeta-1.png","type":"image\/png"}],"twitter_card":"summary_large_image","twitter_misc":{"Est. reading time":"2 minutes"},"schema":{"@context":"https:\/\/schema.org","@graph":[{"@type":"WebPage","@id":"https:\/\/etnoart.eu\/toode\/puudehoidja\/","url":"https:\/\/etnoart.eu\/toode\/puudehoidja\/","name":"Puudehoidja |EtnoArt| Kaminatarbed ja puukorvid","isPartOf":{"@id":"https:\/\/etnoart.eu\/#website"},"primaryImageOfPage":{"@id":"https:\/\/etnoart.eu\/toode\/puudehoidja\/#primaryimage"},"image":{"@id":"https:\/\/etnoart.eu\/toode\/puudehoidja\/#primaryimage"},"thumbnailUrl":"https:\/\/etnoart.eu\/wp-content\/uploads\/2023\/06\/Puudehoidja-metallist-ilma-kaminariistadeta-1.png","datePublished":"2023-06-08T08:50:36+00:00","dateModified":"2026-01-16T17:44:10+00:00","description":"Puudehoidja, mille on valmistanud Eesti sepad 20x6 teraslatist, on t\u00f5eliselt vastupidav ja funktsionaalne. Toode on viimistletud lakiga","breadcrumb":{"@id":"https:\/\/etnoart.eu\/toode\/puudehoidja\/#breadcrumb"},"inLanguage":"lv-LV","potentialAction":[{"@type":"ReadAction","target":["https:\/\/etnoart.eu\/toode\/puudehoidja\/"]}]},{"@type":"ImageObject","inLanguage":"lv-LV","@id":"https:\/\/etnoart.eu\/toode\/puudehoidja\/#primaryimage","url":"https:\/\/etnoart.eu\/wp-content\/uploads\/2023\/06\/Puudehoidja-metallist-ilma-kaminariistadeta-1.png","contentUrl":"https:\/\/etnoart.eu\/wp-content\/uploads\/2023\/06\/Puudehoidja-metallist-ilma-kaminariistadeta-1.png","width":967,"height":967,"caption":"Puudehoidja metallist ilma kaminariistadeta"},{"@type":"BreadcrumbList","@id":"https:\/\/etnoart.eu\/toode\/puudehoidja\/#breadcrumb","itemListElement":[{"@type":"ListItem","position":1,"name":"Home","item":"https:\/\/etnoart.eu\/lv\/"},{"@type":"ListItem","position":2,"name":"Pood","item":"https:\/\/etnoart.eu\/lv\/shop\/"},{"@type":"ListItem","position":3,"name":"Puudehoidja"}]},{"@type":"WebSite","@id":"https:\/\/etnoart.eu\/#website","url":"https:\/\/etnoart.eu\/","name":"Etnoart","description":"K&auml;sit&ouml;&ouml;pood","publisher":{"@id":"https:\/\/etnoart.eu\/#organization"},"potentialAction":[{"@type":"SearchAction","target":{"@type":"EntryPoint","urlTemplate":"https:\/\/etnoart.eu\/?s={search_term_string}"},"query-input":{"@type":"PropertyValueSpecification","valueRequired":true,"valueName":"search_term_string"}}],"inLanguage":"lv-LV"},{"@type":"Organization","@id":"https:\/\/etnoart.eu\/#organization","name":"Etnoart O\u00dc","url":"https:\/\/etnoart.eu\/","logo":{"@type":"ImageObject","inLanguage":"lv-LV","@id":"https:\/\/etnoart.eu\/#\/schema\/logo\/image\/","url":"https:\/\/etnoart.eu\/wp-content\/uploads\/2023\/06\/etnoart-logo.png","contentUrl":"https:\/\/etnoart.eu\/wp-content\/uploads\/2023\/06\/etnoart-logo.png","width":491,"height":184,"caption":"Etnoart O\u00dc"},"image":{"@id":"https:\/\/etnoart.eu\/#\/schema\/logo\/image\/"},"sameAs":["https:\/\/www.facebook.com\/etnoart.handicraft.shop"]}]}},"builder_content":"","_links":{"self":[{"href":"https:\/\/etnoart.eu\/lv\/wp-json\/wp\/v2\/product\/788","targetHints":{"allow":["GET"]}}],"collection":[{"href":"https:\/\/etnoart.eu\/lv\/wp-json\/wp\/v2\/product"}],"about":[{"href":"https:\/\/etnoart.eu\/lv\/wp-json\/wp\/v2\/types\/product"}],"wp:featuredmedia":[{"embeddable":true,"href":"https:\/\/etnoart.eu\/lv\/wp-json\/wp\/v2\/media\/4298"}],"wp:attachment":[{"href":"https:\/\/etnoart.eu\/lv\/wp-json\/wp\/v2\/media?parent=788"}],"wp:term":[{"taxonomy":"product_brand","embeddable":true,"href":"https:\/\/etnoart.eu\/lv\/wp-json\/wp\/v2\/product_brand?post=788"},{"taxonomy":"product_cat","embeddable":true,"href":"https:\/\/etnoart.eu\/lv\/wp-json\/wp\/v2\/product_cat?post=788"},{"taxonomy":"product_tag","embeddable":true,"href":"https:\/\/etnoart.eu\/lv\/wp-json\/wp\/v2\/product_tag?post=788"}],"curies":[{"name":"wp","href":"https:\/\/api.w.org\/{rel}","templated":true}]}}