{"id":787,"date":"2023-06-08T08:50:36","date_gmt":"2023-06-08T08:50:36","guid":{"rendered":"https:\/\/etnoart.amsel.ee\/?post_type=product&#038;p=787"},"modified":"2023-12-16T10:49:57","modified_gmt":"2023-12-16T10:49:57","slug":"puudehoidja-kaminariistadega","status":"publish","type":"product","link":"https:\/\/etnoart.eu\/lv\/toode\/puudehoidja-kaminariistadega\/","title":{"rendered":"Puudehoidja kaminariistadega"},"content":{"rendered":"<div class=\"flex-1 overflow-hidden\">\n<div class=\"react-scroll-to-bottom--css-wcmkr-79elbk h-full\">\n<div class=\"react-scroll-to-bottom--css-wcmkr-1n7m0yu\">\n<div class=\"flex flex-col pb-9 text-sm\">\n<div class=\"w-full text-token-text-primary\" data-testid=\"conversation-turn-11\">\n<div class=\"px-4 py-2 justify-center text-base md:gap-6 m-auto\">\n<div class=\"flex flex-1 text-base mx-auto gap-3 md:px-5 lg:px-1 xl:px-5 md:max-w-3xl lg:max-w-[40rem] xl:max-w-[48rem] group final-completion\">\n<div class=\"relative flex w-full flex-col lg:w-[calc(100%-115px)] agent-turn\">\n<div class=\"flex-col gap-1 md:gap-3\">\n<div class=\"flex flex-grow flex-col max-w-full\">\n<div class=\"min-h-[20px] text-message flex flex-col items-start gap-3 whitespace-pre-wrap break-words [.text-message+&amp;]:mt-5 overflow-x-auto\" data-message-author-role=\"assistant\" data-message-id=\"7bf519c7-7516-48a4-8a43-84f5d4209f49\">\n<div class=\"markdown prose w-full break-words dark:prose-invert light\">\n<p>Puudehoidja kaminariistadega- praktiline komplekt kamina v\u00f5i pliidi k\u00f5rvale<\/p>\n<p>Komplektis sisalduvad peale puudehoidja veel kaminariistad &#8211; k\u00fchvel, hari ja roop &#8211; pakuvad vajalikku t\u00f6\u00f6kindlust ja -mugavust, olles samal ajal vastupidavad ja praktilised. Need on loodud t\u00e4itma tulekolde hooldamise vajadusi ning lihtsustama igap\u00e4evaseid \u00fclesandeid. Puudehoidja ise on m\u00f5eldud optimaalsete m\u00f5\u00f5tmetega: 92 cm k\u00f5rgus, 42 cm laius ja 38 cm s\u00fcgavus. Tugev raam, valmistatud 20&#215;6 teraslattidest, toetab kergelt liigutatavat, kuid vastupidavat korvi, mis mahutab mugavalt vajaliku hulga kaminapuid.<\/p>\n<p>Komplekt on kaetud lakikihiga, mis r\u00f5hutab k\u00e4sit\u00f6\u00f6na t\u00f6\u00f6deldud metalli loomulikku ilu ja vastupidavust. Lakikiht ei varja k\u00e4sit\u00f6\u00f6j\u00e4lge, vaid pigem esitleb seda, v\u00f5imaldades metalli originaalset ilu s\u00e4ilitada. See annab tootele visuaalse elegantsi ja vastupidavuse, pakkudes samal ajal kaitset igap\u00e4evase kasutamise eest.<\/p>\n<p>See k\u00e4sit\u00f6\u00f6na valminud puudehoidja ja kaminariistade komplekt toob teie koju mitte ainult funktsionaalsust, vaid ka kvaliteeti ja elegantsi. Eesti seppade loodud toode kujutab endast mitte ainult tulekolde hoolduse praktilist k\u00fclge, vaid ka kunstilist lisav\u00e4\u00e4rtust kodu interj\u00f6\u00f6ris. Iga detail on hoolikalt valmistatud, et pakkuda mitmek\u00fclgset kasutust ning lisada ruumile isikup\u00e4ra ja stiili, olles samal ajal vastupidav ja funktsionaalne.<\/p>\n<p>Komplekt puudehoidja kaminariistadega on v\u00f5imalik osta ka eraldi toodetena. Meie poes on saadaval eraldi nii <a href=\"https:\/\/etnoart.eu\/toode\/puudehoidja\/\" target=\"_blank\" rel=\"noopener\">puudealus<\/a>, kui k\u00f5ik komplektis sisalduvad kaminariistad.<\/p>\n<p>Vajadusel saame valmistada ka just Teie m\u00f5\u00f5tudele vajaliku puudealuse. Selleks v\u00f5tke meiega \u00fchendust meilitsi ja andke oma ideest ja vajadustes meile m\u00e4rku.<\/p>\n<\/div>\n<\/div>\n<\/div>\n<div class=\"mt-1 flex justify-start gap-3 empty:hidden\">\n<div class=\"text-gray-400 flex self-end lg:self-center justify-center lg:justify-start mt-0 gap-1 visible\">\n<p>&nbsp;<\/p>\n<div class=\"flex gap-1\"><\/div>\n<div class=\"flex items-center gap-1.5 text-xs\"><\/div>\n<\/div>\n<\/div>\n<\/div>\n<\/div>\n<\/div>\n<\/div>\n<\/div>\n<\/div>\n<\/div>\n<\/div>\n<\/div>\n<div class=\"w-full pt-2 md:pt-0 dark:border-white\/20 md:border-transparent md:dark:border-transparent md:w-[calc(100%-.5rem)]\">\n<form class=\"stretch mx-2 flex flex-row gap-3 last:mb-2 md:mx-4 md:last:mb-6 lg:mx-auto lg:max-w-2xl xl:max-w-3xl\">\n<div class=\"relative flex h-full flex-1 items-stretch md:flex-col\">\n<div class=\"flex w-full items-center\"><\/div>\n<\/div>\n<\/form>\n<\/div>\n","protected":false},"excerpt":{"rendered":"<p>Puudehoidja kaminariistadega- praktiline komplekt kamina v\u00f5i pliidi k\u00f5rvale<\/p>\n<p>Komplektis sisalduvad peale puudehoidja veel kaminariistad \u2013 k\u00fchvel, hari ja roop<\/p>\n","protected":false},"featured_media":4292,"template":"","meta":[],"product_brand":[],"product_cat":[116],"product_tag":[],"class_list":{"0":"post-787","1":"product","2":"type-product","3":"status-publish","4":"has-post-thumbnail","6":"product_cat-kaminatarbed-ja-puukorvid","7":"has-post-title","8":"has-post-date","9":"has-post-category","10":"has-post-tag","11":"has-post-comment","12":"has-post-author","13":"","15":"first","16":"instock","17":"taxable","18":"shipping-taxable","19":"purchasable","20":"product-type-simple"},"yoast_head":"<!-- This site is optimized with the Yoast SEO plugin v27.4 - https:\/\/yoast.com\/product\/yoast-seo-wordpress\/ -->\n<title>Puudehoidja kaminariistadega |EtnoArt| Kaminatarbed ja puukorvid<\/title>\n<meta name=\"description\" content=\"Puudehoidja kaminariistadega- praktiline komplekt kamina v\u00f5i pliidi k\u00f5rvale. Komplektis sisalduvad peale puudehoidja veel - k\u00fchvel, hari ja roop\" \/>\n<meta name=\"robots\" content=\"index, follow, max-snippet:-1, max-image-preview:large, max-video-preview:-1\" \/>\n<link rel=\"canonical\" href=\"https:\/\/etnoart.eu\/toode\/puudehoidja-kaminariistadega\/\" \/>\n<meta property=\"og:locale\" content=\"lv_LV\" \/>\n<meta property=\"og:type\" content=\"article\" \/>\n<meta property=\"og:title\" content=\"Puudehoidja kaminariistadega |EtnoArt| Kaminatarbed ja puukorvid\" \/>\n<meta property=\"og:description\" content=\"Puudehoidja kaminariistadega- praktiline komplekt kamina v\u00f5i pliidi k\u00f5rvale. Komplektis sisalduvad peale puudehoidja veel - k\u00fchvel, hari ja roop\" \/>\n<meta property=\"og:url\" content=\"https:\/\/etnoart.eu\/toode\/puudehoidja-kaminariistadega\/\" \/>\n<meta property=\"og:site_name\" content=\"Etnoart\" \/>\n<meta property=\"article:publisher\" content=\"https:\/\/www.facebook.com\/etnoart.handicraft.shop\" \/>\n<meta property=\"article:modified_time\" content=\"2023-12-16T10:49:57+00:00\" \/>\n<meta property=\"og:image\" content=\"https:\/\/etnoart.eu\/wp-content\/uploads\/2023\/06\/Puudehoidja-kaminariistadega-puidust-kaepidemetega.png\" \/>\n\t<meta property=\"og:image:width\" content=\"589\" \/>\n\t<meta property=\"og:image:height\" content=\"589\" \/>\n\t<meta property=\"og:image:type\" content=\"image\/png\" \/>\n<meta name=\"twitter:card\" content=\"summary_large_image\" \/>\n<meta name=\"twitter:label1\" content=\"Est. reading time\" \/>\n\t<meta name=\"twitter:data1\" content=\"2 minutes\" \/>\n<script type=\"application\/ld+json\" class=\"yoast-schema-graph\">{\"@context\":\"https:\\\/\\\/schema.org\",\"@graph\":[{\"@type\":\"WebPage\",\"@id\":\"https:\\\/\\\/etnoart.eu\\\/toode\\\/puudehoidja-kaminariistadega\\\/\",\"url\":\"https:\\\/\\\/etnoart.eu\\\/toode\\\/puudehoidja-kaminariistadega\\\/\",\"name\":\"Puudehoidja kaminariistadega |EtnoArt| Kaminatarbed ja puukorvid\",\"isPartOf\":{\"@id\":\"https:\\\/\\\/etnoart.eu\\\/#website\"},\"primaryImageOfPage\":{\"@id\":\"https:\\\/\\\/etnoart.eu\\\/toode\\\/puudehoidja-kaminariistadega\\\/#primaryimage\"},\"image\":{\"@id\":\"https:\\\/\\\/etnoart.eu\\\/toode\\\/puudehoidja-kaminariistadega\\\/#primaryimage\"},\"thumbnailUrl\":\"https:\\\/\\\/etnoart.eu\\\/wp-content\\\/uploads\\\/2023\\\/06\\\/Puudehoidja-kaminariistadega-puidust-kaepidemetega.png\",\"datePublished\":\"2023-06-08T08:50:36+00:00\",\"dateModified\":\"2023-12-16T10:49:57+00:00\",\"description\":\"Puudehoidja kaminariistadega- praktiline komplekt kamina v\u00f5i pliidi k\u00f5rvale. Komplektis sisalduvad peale puudehoidja veel - k\u00fchvel, hari ja roop\",\"breadcrumb\":{\"@id\":\"https:\\\/\\\/etnoart.eu\\\/toode\\\/puudehoidja-kaminariistadega\\\/#breadcrumb\"},\"inLanguage\":\"lv-LV\",\"potentialAction\":[{\"@type\":\"ReadAction\",\"target\":[\"https:\\\/\\\/etnoart.eu\\\/toode\\\/puudehoidja-kaminariistadega\\\/\"]}]},{\"@type\":\"ImageObject\",\"inLanguage\":\"lv-LV\",\"@id\":\"https:\\\/\\\/etnoart.eu\\\/toode\\\/puudehoidja-kaminariistadega\\\/#primaryimage\",\"url\":\"https:\\\/\\\/etnoart.eu\\\/wp-content\\\/uploads\\\/2023\\\/06\\\/Puudehoidja-kaminariistadega-puidust-kaepidemetega.png\",\"contentUrl\":\"https:\\\/\\\/etnoart.eu\\\/wp-content\\\/uploads\\\/2023\\\/06\\\/Puudehoidja-kaminariistadega-puidust-kaepidemetega.png\",\"width\":589,\"height\":589,\"caption\":\"Puudehoidja kaminariistadega puidust k\u00e4epidemetega\"},{\"@type\":\"BreadcrumbList\",\"@id\":\"https:\\\/\\\/etnoart.eu\\\/toode\\\/puudehoidja-kaminariistadega\\\/#breadcrumb\",\"itemListElement\":[{\"@type\":\"ListItem\",\"position\":1,\"name\":\"Home\",\"item\":\"https:\\\/\\\/etnoart.eu\\\/lv\\\/\"},{\"@type\":\"ListItem\",\"position\":2,\"name\":\"Pood\",\"item\":\"https:\\\/\\\/etnoart.eu\\\/lv\\\/shop\\\/\"},{\"@type\":\"ListItem\",\"position\":3,\"name\":\"Puudehoidja kaminariistadega\"}]},{\"@type\":\"WebSite\",\"@id\":\"https:\\\/\\\/etnoart.eu\\\/#website\",\"url\":\"https:\\\/\\\/etnoart.eu\\\/\",\"name\":\"Etnoart\",\"description\":\"K&auml;sit&ouml;&ouml;pood\",\"publisher\":{\"@id\":\"https:\\\/\\\/etnoart.eu\\\/#organization\"},\"potentialAction\":[{\"@type\":\"SearchAction\",\"target\":{\"@type\":\"EntryPoint\",\"urlTemplate\":\"https:\\\/\\\/etnoart.eu\\\/?s={search_term_string}\"},\"query-input\":{\"@type\":\"PropertyValueSpecification\",\"valueRequired\":true,\"valueName\":\"search_term_string\"}}],\"inLanguage\":\"lv-LV\"},{\"@type\":\"Organization\",\"@id\":\"https:\\\/\\\/etnoart.eu\\\/#organization\",\"name\":\"Etnoart O\u00dc\",\"url\":\"https:\\\/\\\/etnoart.eu\\\/\",\"logo\":{\"@type\":\"ImageObject\",\"inLanguage\":\"lv-LV\",\"@id\":\"https:\\\/\\\/etnoart.eu\\\/#\\\/schema\\\/logo\\\/image\\\/\",\"url\":\"https:\\\/\\\/etnoart.eu\\\/wp-content\\\/uploads\\\/2023\\\/06\\\/etnoart-logo.png\",\"contentUrl\":\"https:\\\/\\\/etnoart.eu\\\/wp-content\\\/uploads\\\/2023\\\/06\\\/etnoart-logo.png\",\"width\":491,\"height\":184,\"caption\":\"Etnoart O\u00dc\"},\"image\":{\"@id\":\"https:\\\/\\\/etnoart.eu\\\/#\\\/schema\\\/logo\\\/image\\\/\"},\"sameAs\":[\"https:\\\/\\\/www.facebook.com\\\/etnoart.handicraft.shop\"]}]}<\/script>\n<!-- \/ Yoast SEO plugin. -->","yoast_head_json":{"title":"Puudehoidja kaminariistadega |EtnoArt| Kaminatarbed ja puukorvid","description":"Puudehoidja kaminariistadega- praktiline komplekt kamina v\u00f5i pliidi k\u00f5rvale. Komplektis sisalduvad peale puudehoidja veel - k\u00fchvel, hari ja roop","robots":{"index":"index","follow":"follow","max-snippet":"max-snippet:-1","max-image-preview":"max-image-preview:large","max-video-preview":"max-video-preview:-1"},"canonical":"https:\/\/etnoart.eu\/toode\/puudehoidja-kaminariistadega\/","og_locale":"lv_LV","og_type":"article","og_title":"Puudehoidja kaminariistadega |EtnoArt| Kaminatarbed ja puukorvid","og_description":"Puudehoidja kaminariistadega- praktiline komplekt kamina v\u00f5i pliidi k\u00f5rvale. Komplektis sisalduvad peale puudehoidja veel - k\u00fchvel, hari ja roop","og_url":"https:\/\/etnoart.eu\/toode\/puudehoidja-kaminariistadega\/","og_site_name":"Etnoart","article_publisher":"https:\/\/www.facebook.com\/etnoart.handicraft.shop","article_modified_time":"2023-12-16T10:49:57+00:00","og_image":[{"width":589,"height":589,"url":"https:\/\/etnoart.eu\/wp-content\/uploads\/2023\/06\/Puudehoidja-kaminariistadega-puidust-kaepidemetega.png","type":"image\/png"}],"twitter_card":"summary_large_image","twitter_misc":{"Est. reading time":"2 minutes"},"schema":{"@context":"https:\/\/schema.org","@graph":[{"@type":"WebPage","@id":"https:\/\/etnoart.eu\/toode\/puudehoidja-kaminariistadega\/","url":"https:\/\/etnoart.eu\/toode\/puudehoidja-kaminariistadega\/","name":"Puudehoidja kaminariistadega |EtnoArt| Kaminatarbed ja puukorvid","isPartOf":{"@id":"https:\/\/etnoart.eu\/#website"},"primaryImageOfPage":{"@id":"https:\/\/etnoart.eu\/toode\/puudehoidja-kaminariistadega\/#primaryimage"},"image":{"@id":"https:\/\/etnoart.eu\/toode\/puudehoidja-kaminariistadega\/#primaryimage"},"thumbnailUrl":"https:\/\/etnoart.eu\/wp-content\/uploads\/2023\/06\/Puudehoidja-kaminariistadega-puidust-kaepidemetega.png","datePublished":"2023-06-08T08:50:36+00:00","dateModified":"2023-12-16T10:49:57+00:00","description":"Puudehoidja kaminariistadega- praktiline komplekt kamina v\u00f5i pliidi k\u00f5rvale. Komplektis sisalduvad peale puudehoidja veel - k\u00fchvel, hari ja roop","breadcrumb":{"@id":"https:\/\/etnoart.eu\/toode\/puudehoidja-kaminariistadega\/#breadcrumb"},"inLanguage":"lv-LV","potentialAction":[{"@type":"ReadAction","target":["https:\/\/etnoart.eu\/toode\/puudehoidja-kaminariistadega\/"]}]},{"@type":"ImageObject","inLanguage":"lv-LV","@id":"https:\/\/etnoart.eu\/toode\/puudehoidja-kaminariistadega\/#primaryimage","url":"https:\/\/etnoart.eu\/wp-content\/uploads\/2023\/06\/Puudehoidja-kaminariistadega-puidust-kaepidemetega.png","contentUrl":"https:\/\/etnoart.eu\/wp-content\/uploads\/2023\/06\/Puudehoidja-kaminariistadega-puidust-kaepidemetega.png","width":589,"height":589,"caption":"Puudehoidja kaminariistadega puidust k\u00e4epidemetega"},{"@type":"BreadcrumbList","@id":"https:\/\/etnoart.eu\/toode\/puudehoidja-kaminariistadega\/#breadcrumb","itemListElement":[{"@type":"ListItem","position":1,"name":"Home","item":"https:\/\/etnoart.eu\/lv\/"},{"@type":"ListItem","position":2,"name":"Pood","item":"https:\/\/etnoart.eu\/lv\/shop\/"},{"@type":"ListItem","position":3,"name":"Puudehoidja kaminariistadega"}]},{"@type":"WebSite","@id":"https:\/\/etnoart.eu\/#website","url":"https:\/\/etnoart.eu\/","name":"Etnoart","description":"K&auml;sit&ouml;&ouml;pood","publisher":{"@id":"https:\/\/etnoart.eu\/#organization"},"potentialAction":[{"@type":"SearchAction","target":{"@type":"EntryPoint","urlTemplate":"https:\/\/etnoart.eu\/?s={search_term_string}"},"query-input":{"@type":"PropertyValueSpecification","valueRequired":true,"valueName":"search_term_string"}}],"inLanguage":"lv-LV"},{"@type":"Organization","@id":"https:\/\/etnoart.eu\/#organization","name":"Etnoart O\u00dc","url":"https:\/\/etnoart.eu\/","logo":{"@type":"ImageObject","inLanguage":"lv-LV","@id":"https:\/\/etnoart.eu\/#\/schema\/logo\/image\/","url":"https:\/\/etnoart.eu\/wp-content\/uploads\/2023\/06\/etnoart-logo.png","contentUrl":"https:\/\/etnoart.eu\/wp-content\/uploads\/2023\/06\/etnoart-logo.png","width":491,"height":184,"caption":"Etnoart O\u00dc"},"image":{"@id":"https:\/\/etnoart.eu\/#\/schema\/logo\/image\/"},"sameAs":["https:\/\/www.facebook.com\/etnoart.handicraft.shop"]}]}},"builder_content":"","_links":{"self":[{"href":"https:\/\/etnoart.eu\/lv\/wp-json\/wp\/v2\/product\/787","targetHints":{"allow":["GET"]}}],"collection":[{"href":"https:\/\/etnoart.eu\/lv\/wp-json\/wp\/v2\/product"}],"about":[{"href":"https:\/\/etnoart.eu\/lv\/wp-json\/wp\/v2\/types\/product"}],"wp:featuredmedia":[{"embeddable":true,"href":"https:\/\/etnoart.eu\/lv\/wp-json\/wp\/v2\/media\/4292"}],"wp:attachment":[{"href":"https:\/\/etnoart.eu\/lv\/wp-json\/wp\/v2\/media?parent=787"}],"wp:term":[{"taxonomy":"product_brand","embeddable":true,"href":"https:\/\/etnoart.eu\/lv\/wp-json\/wp\/v2\/product_brand?post=787"},{"taxonomy":"product_cat","embeddable":true,"href":"https:\/\/etnoart.eu\/lv\/wp-json\/wp\/v2\/product_cat?post=787"},{"taxonomy":"product_tag","embeddable":true,"href":"https:\/\/etnoart.eu\/lv\/wp-json\/wp\/v2\/product_tag?post=787"}],"curies":[{"name":"wp","href":"https:\/\/api.w.org\/{rel}","templated":true}]}}