{"id":2845,"date":"2023-06-08T08:55:19","date_gmt":"2023-06-08T08:55:19","guid":{"rendered":"https:\/\/etnoart.amsel.ee\/?post_type=product&#038;p=2845"},"modified":"2025-02-02T17:22:14","modified_gmt":"2025-02-02T17:22:14","slug":"riiulikandur-15x15-cm","status":"publish","type":"product","link":"https:\/\/etnoart.eu\/lv\/toode\/riiulikandur-15x15-cm\/","title":{"rendered":"Riiulikandur 15&#215;15 cm"},"content":{"rendered":"<p>Riiulikandur 15&#215;15 cm on tugev ja praktiline lahendus v\u00e4iksemate riiulite paigaldamiseks, olles valmistatud vastupidavast terasest. Eesti sepikoda on selle toote valmistaja, mis tagab kvaliteedi ja usaldusv\u00e4\u00e4rsuse. Selle riiulikanduri m\u00f5\u00f5tmed on 15 cm x 15 cm, mis muudab selle ideaalseks valikuks v\u00e4iksemate riiulite jaoks, olgu need siis k\u00f6\u00f6gis, vannitoas v\u00f5i mujal.<\/p>\n<p>Riiulikandurit saab paigaldada mitmel erineval viisil, olenevalt sellest, kuidas soovite riiulit kasutada. \u00dcks osa kandurist toetub seinale, tagades stabiilsuse, samas kui teine osa ulatub riiuli allapoole, pakkudes tuge riiuli enda jaoks. Need kanduriosad on m\u00f5lemad 15 cm pikad, mis tagab \u00fchtlase toetuse ja jaotab koormuse \u00fchtlaselt.<\/p>\n<p>Riiulikanduri paigaldamine on lihtne, kuna see kinnitub seinale kahe kruviga. Lisaks on olemas kaks kruviauku, mille abil saab riiuli kindlalt kinnitada kanduri k\u00fclge. See konstruktsioon tagab stabiilsuse ja usaldusv\u00e4\u00e4rse toetuse ka siis, kui riiulile asetatakse raskemaid esemeid.<\/p>\n<p>Toote on viimistletud pulberlakiga, mis kaitseb riiulikandurit niiskuse ja kulumise eest. See omadus teeb selle eriti sobivaks kasutamiseks k\u00f6\u00f6gis, eriti pliidi k\u00f5rval, kus v\u00f5ib esineda rohkem niiskust ja kuumust. N\u00e4iteks saab selle abil mugavalt paigaldada maitseainete riiuli pliidi k\u00f5rvale, hoides vajalikud maitseained k\u00e4eulatuses, samas kaitstes riiulikandurit kahjulike m\u00f5jude eest.<\/p>\n<p>Kokkuv\u00f5ttes on Riiulikandur 15&#215;15 cm praktiline, vastupidav ja h\u00e4sti l\u00e4bim\u00f5eldud toode, mis aitab teil efektiivselt kasutada v\u00e4iksemaid ruume ning hoida oma esemed korras ja k\u00e4ttesaadavalt.<br \/>\nPakume sarnase disainiga kandurit ka <a href=\"https:\/\/etnoart.eu\/toode\/riiulikandur-20x20-cm\/\" target=\"_blank\">20cm<\/a> ja 25cm riiulile.<\/p>\n","protected":false},"excerpt":{"rendered":"<p>Sepistatud konsool riiulile. Viimistletud pulberlakiga.<\/p>\n","protected":false},"featured_media":4209,"template":"","meta":[],"product_brand":[],"product_cat":[95],"product_tag":[],"class_list":{"0":"post-2845","1":"product","2":"type-product","3":"status-publish","4":"has-post-thumbnail","6":"product_cat-riiulid-riiulikandurid","7":"has-post-title","8":"has-post-date","9":"has-post-category","10":"has-post-tag","11":"has-post-comment","12":"has-post-author","13":"","15":"first","16":"instock","17":"taxable","18":"shipping-taxable","19":"purchasable","20":"product-type-simple"},"yoast_head":"<!-- This site is optimized with the Yoast SEO plugin v27.4 - https:\/\/yoast.com\/product\/yoast-seo-wordpress\/ -->\n<title>Riiulikandur 15x15 cm |EtnoArt| Riiulid, riiulikandurid<\/title>\n<meta name=\"description\" content=\"Riiulikandur 15x15 cm on tugev ja praktiline lahendus v\u00e4iksemate riiulite paigaldamiseks, olles valmistatud vastupidavast terasest.\" \/>\n<meta name=\"robots\" content=\"index, follow, max-snippet:-1, max-image-preview:large, max-video-preview:-1\" \/>\n<link rel=\"canonical\" href=\"https:\/\/etnoart.eu\/toode\/riiulikandur-15x15-cm\/\" \/>\n<meta property=\"og:locale\" content=\"lv_LV\" \/>\n<meta property=\"og:type\" content=\"article\" \/>\n<meta property=\"og:title\" content=\"Riiulikandur 15x15 cm |EtnoArt| Riiulid, riiulikandurid\" \/>\n<meta property=\"og:description\" content=\"Riiulikandur 15x15 cm on tugev ja praktiline lahendus v\u00e4iksemate riiulite paigaldamiseks, olles valmistatud vastupidavast terasest.\" \/>\n<meta property=\"og:url\" content=\"https:\/\/etnoart.eu\/toode\/riiulikandur-15x15-cm\/\" \/>\n<meta property=\"og:site_name\" content=\"Etnoart\" \/>\n<meta property=\"article:publisher\" content=\"https:\/\/www.facebook.com\/etnoart.handicraft.shop\" \/>\n<meta property=\"article:modified_time\" content=\"2025-02-02T17:22:14+00:00\" \/>\n<meta property=\"og:image\" content=\"https:\/\/etnoart.eu\/wp-content\/uploads\/2023\/06\/Riiulikandur-15\u00d715-cm.png\" \/>\n\t<meta property=\"og:image:width\" content=\"1759\" \/>\n\t<meta property=\"og:image:height\" content=\"1759\" \/>\n\t<meta property=\"og:image:type\" content=\"image\/png\" \/>\n<meta name=\"twitter:card\" content=\"summary_large_image\" \/>\n<meta name=\"twitter:label1\" content=\"Est. reading time\" \/>\n\t<meta name=\"twitter:data1\" content=\"2 minutes\" \/>\n<script type=\"application\/ld+json\" class=\"yoast-schema-graph\">{\"@context\":\"https:\\\/\\\/schema.org\",\"@graph\":[{\"@type\":\"WebPage\",\"@id\":\"https:\\\/\\\/etnoart.eu\\\/toode\\\/riiulikandur-15x15-cm\\\/\",\"url\":\"https:\\\/\\\/etnoart.eu\\\/toode\\\/riiulikandur-15x15-cm\\\/\",\"name\":\"Riiulikandur 15x15 cm |EtnoArt| Riiulid, riiulikandurid\",\"isPartOf\":{\"@id\":\"https:\\\/\\\/etnoart.eu\\\/#website\"},\"primaryImageOfPage\":{\"@id\":\"https:\\\/\\\/etnoart.eu\\\/toode\\\/riiulikandur-15x15-cm\\\/#primaryimage\"},\"image\":{\"@id\":\"https:\\\/\\\/etnoart.eu\\\/toode\\\/riiulikandur-15x15-cm\\\/#primaryimage\"},\"thumbnailUrl\":\"https:\\\/\\\/etnoart.eu\\\/wp-content\\\/uploads\\\/2023\\\/06\\\/Riiulikandur-15\u00d715-cm.png\",\"datePublished\":\"2023-06-08T08:55:19+00:00\",\"dateModified\":\"2025-02-02T17:22:14+00:00\",\"description\":\"Riiulikandur 15x15 cm on tugev ja praktiline lahendus v\u00e4iksemate riiulite paigaldamiseks, olles valmistatud vastupidavast terasest.\",\"breadcrumb\":{\"@id\":\"https:\\\/\\\/etnoart.eu\\\/toode\\\/riiulikandur-15x15-cm\\\/#breadcrumb\"},\"inLanguage\":\"lv-LV\",\"potentialAction\":[{\"@type\":\"ReadAction\",\"target\":[\"https:\\\/\\\/etnoart.eu\\\/toode\\\/riiulikandur-15x15-cm\\\/\"]}]},{\"@type\":\"ImageObject\",\"inLanguage\":\"lv-LV\",\"@id\":\"https:\\\/\\\/etnoart.eu\\\/toode\\\/riiulikandur-15x15-cm\\\/#primaryimage\",\"url\":\"https:\\\/\\\/etnoart.eu\\\/wp-content\\\/uploads\\\/2023\\\/06\\\/Riiulikandur-15\u00d715-cm.png\",\"contentUrl\":\"https:\\\/\\\/etnoart.eu\\\/wp-content\\\/uploads\\\/2023\\\/06\\\/Riiulikandur-15\u00d715-cm.png\",\"width\":1759,\"height\":1759,\"caption\":\"Riiulikandur 15\u00d715 cm\"},{\"@type\":\"BreadcrumbList\",\"@id\":\"https:\\\/\\\/etnoart.eu\\\/toode\\\/riiulikandur-15x15-cm\\\/#breadcrumb\",\"itemListElement\":[{\"@type\":\"ListItem\",\"position\":1,\"name\":\"Home\",\"item\":\"https:\\\/\\\/etnoart.eu\\\/lv\\\/\"},{\"@type\":\"ListItem\",\"position\":2,\"name\":\"Pood\",\"item\":\"https:\\\/\\\/etnoart.eu\\\/lv\\\/shop\\\/\"},{\"@type\":\"ListItem\",\"position\":3,\"name\":\"Riiulikandur 15&#215;15 cm\"}]},{\"@type\":\"WebSite\",\"@id\":\"https:\\\/\\\/etnoart.eu\\\/#website\",\"url\":\"https:\\\/\\\/etnoart.eu\\\/\",\"name\":\"Etnoart\",\"description\":\"K&auml;sit&ouml;&ouml;pood\",\"publisher\":{\"@id\":\"https:\\\/\\\/etnoart.eu\\\/#organization\"},\"potentialAction\":[{\"@type\":\"SearchAction\",\"target\":{\"@type\":\"EntryPoint\",\"urlTemplate\":\"https:\\\/\\\/etnoart.eu\\\/?s={search_term_string}\"},\"query-input\":{\"@type\":\"PropertyValueSpecification\",\"valueRequired\":true,\"valueName\":\"search_term_string\"}}],\"inLanguage\":\"lv-LV\"},{\"@type\":\"Organization\",\"@id\":\"https:\\\/\\\/etnoart.eu\\\/#organization\",\"name\":\"Etnoart O\u00dc\",\"url\":\"https:\\\/\\\/etnoart.eu\\\/\",\"logo\":{\"@type\":\"ImageObject\",\"inLanguage\":\"lv-LV\",\"@id\":\"https:\\\/\\\/etnoart.eu\\\/#\\\/schema\\\/logo\\\/image\\\/\",\"url\":\"https:\\\/\\\/etnoart.eu\\\/wp-content\\\/uploads\\\/2023\\\/06\\\/etnoart-logo.png\",\"contentUrl\":\"https:\\\/\\\/etnoart.eu\\\/wp-content\\\/uploads\\\/2023\\\/06\\\/etnoart-logo.png\",\"width\":491,\"height\":184,\"caption\":\"Etnoart O\u00dc\"},\"image\":{\"@id\":\"https:\\\/\\\/etnoart.eu\\\/#\\\/schema\\\/logo\\\/image\\\/\"},\"sameAs\":[\"https:\\\/\\\/www.facebook.com\\\/etnoart.handicraft.shop\"]}]}<\/script>\n<!-- \/ Yoast SEO plugin. -->","yoast_head_json":{"title":"Riiulikandur 15x15 cm |EtnoArt| Riiulid, riiulikandurid","description":"Riiulikandur 15x15 cm on tugev ja praktiline lahendus v\u00e4iksemate riiulite paigaldamiseks, olles valmistatud vastupidavast terasest.","robots":{"index":"index","follow":"follow","max-snippet":"max-snippet:-1","max-image-preview":"max-image-preview:large","max-video-preview":"max-video-preview:-1"},"canonical":"https:\/\/etnoart.eu\/toode\/riiulikandur-15x15-cm\/","og_locale":"lv_LV","og_type":"article","og_title":"Riiulikandur 15x15 cm |EtnoArt| Riiulid, riiulikandurid","og_description":"Riiulikandur 15x15 cm on tugev ja praktiline lahendus v\u00e4iksemate riiulite paigaldamiseks, olles valmistatud vastupidavast terasest.","og_url":"https:\/\/etnoart.eu\/toode\/riiulikandur-15x15-cm\/","og_site_name":"Etnoart","article_publisher":"https:\/\/www.facebook.com\/etnoart.handicraft.shop","article_modified_time":"2025-02-02T17:22:14+00:00","og_image":[{"width":1759,"height":1759,"url":"https:\/\/etnoart.eu\/wp-content\/uploads\/2023\/06\/Riiulikandur-15\u00d715-cm.png","type":"image\/png"}],"twitter_card":"summary_large_image","twitter_misc":{"Est. reading time":"2 minutes"},"schema":{"@context":"https:\/\/schema.org","@graph":[{"@type":"WebPage","@id":"https:\/\/etnoart.eu\/toode\/riiulikandur-15x15-cm\/","url":"https:\/\/etnoart.eu\/toode\/riiulikandur-15x15-cm\/","name":"Riiulikandur 15x15 cm |EtnoArt| Riiulid, riiulikandurid","isPartOf":{"@id":"https:\/\/etnoart.eu\/#website"},"primaryImageOfPage":{"@id":"https:\/\/etnoart.eu\/toode\/riiulikandur-15x15-cm\/#primaryimage"},"image":{"@id":"https:\/\/etnoart.eu\/toode\/riiulikandur-15x15-cm\/#primaryimage"},"thumbnailUrl":"https:\/\/etnoart.eu\/wp-content\/uploads\/2023\/06\/Riiulikandur-15\u00d715-cm.png","datePublished":"2023-06-08T08:55:19+00:00","dateModified":"2025-02-02T17:22:14+00:00","description":"Riiulikandur 15x15 cm on tugev ja praktiline lahendus v\u00e4iksemate riiulite paigaldamiseks, olles valmistatud vastupidavast terasest.","breadcrumb":{"@id":"https:\/\/etnoart.eu\/toode\/riiulikandur-15x15-cm\/#breadcrumb"},"inLanguage":"lv-LV","potentialAction":[{"@type":"ReadAction","target":["https:\/\/etnoart.eu\/toode\/riiulikandur-15x15-cm\/"]}]},{"@type":"ImageObject","inLanguage":"lv-LV","@id":"https:\/\/etnoart.eu\/toode\/riiulikandur-15x15-cm\/#primaryimage","url":"https:\/\/etnoart.eu\/wp-content\/uploads\/2023\/06\/Riiulikandur-15\u00d715-cm.png","contentUrl":"https:\/\/etnoart.eu\/wp-content\/uploads\/2023\/06\/Riiulikandur-15\u00d715-cm.png","width":1759,"height":1759,"caption":"Riiulikandur 15\u00d715 cm"},{"@type":"BreadcrumbList","@id":"https:\/\/etnoart.eu\/toode\/riiulikandur-15x15-cm\/#breadcrumb","itemListElement":[{"@type":"ListItem","position":1,"name":"Home","item":"https:\/\/etnoart.eu\/lv\/"},{"@type":"ListItem","position":2,"name":"Pood","item":"https:\/\/etnoart.eu\/lv\/shop\/"},{"@type":"ListItem","position":3,"name":"Riiulikandur 15&#215;15 cm"}]},{"@type":"WebSite","@id":"https:\/\/etnoart.eu\/#website","url":"https:\/\/etnoart.eu\/","name":"Etnoart","description":"K&auml;sit&ouml;&ouml;pood","publisher":{"@id":"https:\/\/etnoart.eu\/#organization"},"potentialAction":[{"@type":"SearchAction","target":{"@type":"EntryPoint","urlTemplate":"https:\/\/etnoart.eu\/?s={search_term_string}"},"query-input":{"@type":"PropertyValueSpecification","valueRequired":true,"valueName":"search_term_string"}}],"inLanguage":"lv-LV"},{"@type":"Organization","@id":"https:\/\/etnoart.eu\/#organization","name":"Etnoart O\u00dc","url":"https:\/\/etnoart.eu\/","logo":{"@type":"ImageObject","inLanguage":"lv-LV","@id":"https:\/\/etnoart.eu\/#\/schema\/logo\/image\/","url":"https:\/\/etnoart.eu\/wp-content\/uploads\/2023\/06\/etnoart-logo.png","contentUrl":"https:\/\/etnoart.eu\/wp-content\/uploads\/2023\/06\/etnoart-logo.png","width":491,"height":184,"caption":"Etnoart O\u00dc"},"image":{"@id":"https:\/\/etnoart.eu\/#\/schema\/logo\/image\/"},"sameAs":["https:\/\/www.facebook.com\/etnoart.handicraft.shop"]}]}},"builder_content":"","_links":{"self":[{"href":"https:\/\/etnoart.eu\/lv\/wp-json\/wp\/v2\/product\/2845","targetHints":{"allow":["GET"]}}],"collection":[{"href":"https:\/\/etnoart.eu\/lv\/wp-json\/wp\/v2\/product"}],"about":[{"href":"https:\/\/etnoart.eu\/lv\/wp-json\/wp\/v2\/types\/product"}],"wp:featuredmedia":[{"embeddable":true,"href":"https:\/\/etnoart.eu\/lv\/wp-json\/wp\/v2\/media\/4209"}],"wp:attachment":[{"href":"https:\/\/etnoart.eu\/lv\/wp-json\/wp\/v2\/media?parent=2845"}],"wp:term":[{"taxonomy":"product_brand","embeddable":true,"href":"https:\/\/etnoart.eu\/lv\/wp-json\/wp\/v2\/product_brand?post=2845"},{"taxonomy":"product_cat","embeddable":true,"href":"https:\/\/etnoart.eu\/lv\/wp-json\/wp\/v2\/product_cat?post=2845"},{"taxonomy":"product_tag","embeddable":true,"href":"https:\/\/etnoart.eu\/lv\/wp-json\/wp\/v2\/product_tag?post=2845"}],"curies":[{"name":"wp","href":"https:\/\/api.w.org\/{rel}","templated":true}]}}