{"id":2794,"date":"2023-06-08T08:54:57","date_gmt":"2023-06-08T08:54:57","guid":{"rendered":"https:\/\/etnoart.amsel.ee\/?post_type=product&#038;p=2794"},"modified":"2025-02-02T18:01:18","modified_gmt":"2025-02-02T18:01:18","slug":"riiulikandur-20x20-cm","status":"publish","type":"product","link":"https:\/\/etnoart.eu\/lv\/toode\/riiulikandur-20x20-cm\/","title":{"rendered":"Riiulikandur 20\u00d720 cm"},"content":{"rendered":"<p>Riiulikandur 20\u00d720 cm on tugev ja kvaliteetne toode, mis on valmistatud vastupidavast terasest ning mille on loonud Eesti sepikoda \u2013 see garanteerib kvaliteedi ja usaldusv\u00e4\u00e4rsuse. Selle riiulikanduri m\u00f5\u00f5tmed on 20 cm x 20 cm, tehes sellest suurep\u00e4rase valiku suuremate riiulite paigaldamiseks erinevates ruumides nagu kodu, kontor v\u00f5i koridor.<\/p>\n<p>\u00dcks osa kandurist toetub seinale, luues kindla aluse, samal ajal kui teine osa ulatub riiuli alla, pakkudes tuge ja kandev\u00f5imet riiuli jaoks. M\u00f5lemad kanduriosad on 20 cm pikad, pakkudes piisavalt ruumi riiuli kaalule ja koormusele.<\/p>\n<p>Selle riiulikanduri paigaldamine on lihtne ja mugav, kuna see kinnitub seinale kahe kruviga. Lisaks on olemas kaks kruviauku, mille abil saab riiuli turvaliselt kinnitada kanduri k\u00fclge, olgu see konsool v\u00f5i muu tugipind. Selline paigaldus tagab kindla ja stabiilse riiuli, mis suudab kanda ka raskemat koormust.<\/p>\n<p>Pulberlakiga viimistlemine on oluline lisav\u00e4\u00e4rtus, mis kaitseb riiulikandurit niiskuse, korrosiooni ja kulumise eest. See teeb sellest riiulikandurist suurep\u00e4rase valiku lillepottide hoidmiseks, luues stiilse ja praktilise riiuli lilledele. Lisaks v\u00f5imaldab selle tugev konstruktsioon ehitada raamaturiiuleid v\u00f5i v\u00e4iksemaid koridori riiuleid, kuhu saab toetada n\u00e4iteks k\u00e4ekoti v\u00f5i auto v\u00f5tmed.<\/p>\n<p>Kokkuv\u00f5ttes on Riiulikandur 20\u00d720 cm mitmek\u00fclgne ja vastupidav toode, mis sobib suurep\u00e4raselt erinevateks kodu- ja kontoriprojektideks. Selle funktsionaalsus, vastupidavus ja viimistlus teevad sellest suurep\u00e4rase valiku erinevateks kasutusaladeks.<\/p>\n","protected":false},"excerpt":{"rendered":"<p>Lihtne sepistatud konsool riiulile. Viimistletud pulberlakiga.<\/p>\n","protected":false},"featured_media":4217,"template":"","meta":[],"product_brand":[],"product_cat":[95],"product_tag":[],"class_list":{"0":"post-2794","1":"product","2":"type-product","3":"status-publish","4":"has-post-thumbnail","6":"product_cat-riiulid-riiulikandurid","7":"has-post-title","8":"has-post-date","9":"has-post-category","10":"has-post-tag","11":"has-post-comment","12":"has-post-author","13":"","15":"first","16":"instock","17":"taxable","18":"shipping-taxable","19":"purchasable","20":"product-type-simple"},"yoast_head":"<!-- This site is optimized with the Yoast SEO plugin v27.4 - https:\/\/yoast.com\/product\/yoast-seo-wordpress\/ -->\n<title>Riiulikandur 20\u00d720 cm |EtnoArt| Riiulid, riiulikandurid<\/title>\n<meta name=\"description\" content=\"Riiulikandur 20\u00d720 cm on tugev ja kvaliteetne toode, mis on valmistatud vastupidavast terasest ning mille on loonud Eesti sepikoda.\" \/>\n<meta name=\"robots\" content=\"index, follow, max-snippet:-1, max-image-preview:large, max-video-preview:-1\" \/>\n<link rel=\"canonical\" href=\"https:\/\/etnoart.eu\/toode\/riiulikandur-20x20-cm\/\" \/>\n<meta property=\"og:locale\" content=\"lv_LV\" \/>\n<meta property=\"og:type\" content=\"article\" \/>\n<meta property=\"og:title\" content=\"Riiulikandur 20\u00d720 cm |EtnoArt| Riiulid, riiulikandurid\" \/>\n<meta property=\"og:description\" content=\"Riiulikandur 20\u00d720 cm on tugev ja kvaliteetne toode, mis on valmistatud vastupidavast terasest ning mille on loonud Eesti sepikoda.\" \/>\n<meta property=\"og:url\" content=\"https:\/\/etnoart.eu\/toode\/riiulikandur-20x20-cm\/\" \/>\n<meta property=\"og:site_name\" content=\"Etnoart\" \/>\n<meta property=\"article:publisher\" content=\"https:\/\/www.facebook.com\/etnoart.handicraft.shop\" \/>\n<meta property=\"article:modified_time\" content=\"2025-02-02T18:01:18+00:00\" \/>\n<meta property=\"og:image\" content=\"https:\/\/etnoart.eu\/wp-content\/uploads\/2023\/06\/Riiulikandur-20\u00d720-cm.png\" \/>\n\t<meta property=\"og:image:width\" content=\"823\" \/>\n\t<meta property=\"og:image:height\" content=\"823\" \/>\n\t<meta property=\"og:image:type\" content=\"image\/png\" \/>\n<meta name=\"twitter:card\" content=\"summary_large_image\" \/>\n<meta name=\"twitter:label1\" content=\"Est. reading time\" \/>\n\t<meta name=\"twitter:data1\" content=\"2 minutes\" \/>\n<script type=\"application\/ld+json\" class=\"yoast-schema-graph\">{\"@context\":\"https:\\\/\\\/schema.org\",\"@graph\":[{\"@type\":\"WebPage\",\"@id\":\"https:\\\/\\\/etnoart.eu\\\/toode\\\/riiulikandur-20x20-cm\\\/\",\"url\":\"https:\\\/\\\/etnoart.eu\\\/toode\\\/riiulikandur-20x20-cm\\\/\",\"name\":\"Riiulikandur 20\u00d720 cm |EtnoArt| Riiulid, riiulikandurid\",\"isPartOf\":{\"@id\":\"https:\\\/\\\/etnoart.eu\\\/#website\"},\"primaryImageOfPage\":{\"@id\":\"https:\\\/\\\/etnoart.eu\\\/toode\\\/riiulikandur-20x20-cm\\\/#primaryimage\"},\"image\":{\"@id\":\"https:\\\/\\\/etnoart.eu\\\/toode\\\/riiulikandur-20x20-cm\\\/#primaryimage\"},\"thumbnailUrl\":\"https:\\\/\\\/etnoart.eu\\\/wp-content\\\/uploads\\\/2023\\\/06\\\/Riiulikandur-20\u00d720-cm.png\",\"datePublished\":\"2023-06-08T08:54:57+00:00\",\"dateModified\":\"2025-02-02T18:01:18+00:00\",\"description\":\"Riiulikandur 20\u00d720 cm on tugev ja kvaliteetne toode, mis on valmistatud vastupidavast terasest ning mille on loonud Eesti sepikoda.\",\"breadcrumb\":{\"@id\":\"https:\\\/\\\/etnoart.eu\\\/toode\\\/riiulikandur-20x20-cm\\\/#breadcrumb\"},\"inLanguage\":\"lv-LV\",\"potentialAction\":[{\"@type\":\"ReadAction\",\"target\":[\"https:\\\/\\\/etnoart.eu\\\/toode\\\/riiulikandur-20x20-cm\\\/\"]}]},{\"@type\":\"ImageObject\",\"inLanguage\":\"lv-LV\",\"@id\":\"https:\\\/\\\/etnoart.eu\\\/toode\\\/riiulikandur-20x20-cm\\\/#primaryimage\",\"url\":\"https:\\\/\\\/etnoart.eu\\\/wp-content\\\/uploads\\\/2023\\\/06\\\/Riiulikandur-20\u00d720-cm.png\",\"contentUrl\":\"https:\\\/\\\/etnoart.eu\\\/wp-content\\\/uploads\\\/2023\\\/06\\\/Riiulikandur-20\u00d720-cm.png\",\"width\":823,\"height\":823,\"caption\":\"Riiulikandur 20\u00d720 cm\"},{\"@type\":\"BreadcrumbList\",\"@id\":\"https:\\\/\\\/etnoart.eu\\\/toode\\\/riiulikandur-20x20-cm\\\/#breadcrumb\",\"itemListElement\":[{\"@type\":\"ListItem\",\"position\":1,\"name\":\"Home\",\"item\":\"https:\\\/\\\/etnoart.eu\\\/lv\\\/\"},{\"@type\":\"ListItem\",\"position\":2,\"name\":\"Pood\",\"item\":\"https:\\\/\\\/etnoart.eu\\\/lv\\\/shop\\\/\"},{\"@type\":\"ListItem\",\"position\":3,\"name\":\"Riiulikandur 20\u00d720 cm\"}]},{\"@type\":\"WebSite\",\"@id\":\"https:\\\/\\\/etnoart.eu\\\/#website\",\"url\":\"https:\\\/\\\/etnoart.eu\\\/\",\"name\":\"Etnoart\",\"description\":\"K&auml;sit&ouml;&ouml;pood\",\"publisher\":{\"@id\":\"https:\\\/\\\/etnoart.eu\\\/#organization\"},\"potentialAction\":[{\"@type\":\"SearchAction\",\"target\":{\"@type\":\"EntryPoint\",\"urlTemplate\":\"https:\\\/\\\/etnoart.eu\\\/?s={search_term_string}\"},\"query-input\":{\"@type\":\"PropertyValueSpecification\",\"valueRequired\":true,\"valueName\":\"search_term_string\"}}],\"inLanguage\":\"lv-LV\"},{\"@type\":\"Organization\",\"@id\":\"https:\\\/\\\/etnoart.eu\\\/#organization\",\"name\":\"Etnoart O\u00dc\",\"url\":\"https:\\\/\\\/etnoart.eu\\\/\",\"logo\":{\"@type\":\"ImageObject\",\"inLanguage\":\"lv-LV\",\"@id\":\"https:\\\/\\\/etnoart.eu\\\/#\\\/schema\\\/logo\\\/image\\\/\",\"url\":\"https:\\\/\\\/etnoart.eu\\\/wp-content\\\/uploads\\\/2023\\\/06\\\/etnoart-logo.png\",\"contentUrl\":\"https:\\\/\\\/etnoart.eu\\\/wp-content\\\/uploads\\\/2023\\\/06\\\/etnoart-logo.png\",\"width\":491,\"height\":184,\"caption\":\"Etnoart O\u00dc\"},\"image\":{\"@id\":\"https:\\\/\\\/etnoart.eu\\\/#\\\/schema\\\/logo\\\/image\\\/\"},\"sameAs\":[\"https:\\\/\\\/www.facebook.com\\\/etnoart.handicraft.shop\"]}]}<\/script>\n<!-- \/ Yoast SEO plugin. -->","yoast_head_json":{"title":"Riiulikandur 20\u00d720 cm |EtnoArt| Riiulid, riiulikandurid","description":"Riiulikandur 20\u00d720 cm on tugev ja kvaliteetne toode, mis on valmistatud vastupidavast terasest ning mille on loonud Eesti sepikoda.","robots":{"index":"index","follow":"follow","max-snippet":"max-snippet:-1","max-image-preview":"max-image-preview:large","max-video-preview":"max-video-preview:-1"},"canonical":"https:\/\/etnoart.eu\/toode\/riiulikandur-20x20-cm\/","og_locale":"lv_LV","og_type":"article","og_title":"Riiulikandur 20\u00d720 cm |EtnoArt| Riiulid, riiulikandurid","og_description":"Riiulikandur 20\u00d720 cm on tugev ja kvaliteetne toode, mis on valmistatud vastupidavast terasest ning mille on loonud Eesti sepikoda.","og_url":"https:\/\/etnoart.eu\/toode\/riiulikandur-20x20-cm\/","og_site_name":"Etnoart","article_publisher":"https:\/\/www.facebook.com\/etnoart.handicraft.shop","article_modified_time":"2025-02-02T18:01:18+00:00","og_image":[{"width":823,"height":823,"url":"https:\/\/etnoart.eu\/wp-content\/uploads\/2023\/06\/Riiulikandur-20\u00d720-cm.png","type":"image\/png"}],"twitter_card":"summary_large_image","twitter_misc":{"Est. reading time":"2 minutes"},"schema":{"@context":"https:\/\/schema.org","@graph":[{"@type":"WebPage","@id":"https:\/\/etnoart.eu\/toode\/riiulikandur-20x20-cm\/","url":"https:\/\/etnoart.eu\/toode\/riiulikandur-20x20-cm\/","name":"Riiulikandur 20\u00d720 cm |EtnoArt| Riiulid, riiulikandurid","isPartOf":{"@id":"https:\/\/etnoart.eu\/#website"},"primaryImageOfPage":{"@id":"https:\/\/etnoart.eu\/toode\/riiulikandur-20x20-cm\/#primaryimage"},"image":{"@id":"https:\/\/etnoart.eu\/toode\/riiulikandur-20x20-cm\/#primaryimage"},"thumbnailUrl":"https:\/\/etnoart.eu\/wp-content\/uploads\/2023\/06\/Riiulikandur-20\u00d720-cm.png","datePublished":"2023-06-08T08:54:57+00:00","dateModified":"2025-02-02T18:01:18+00:00","description":"Riiulikandur 20\u00d720 cm on tugev ja kvaliteetne toode, mis on valmistatud vastupidavast terasest ning mille on loonud Eesti sepikoda.","breadcrumb":{"@id":"https:\/\/etnoart.eu\/toode\/riiulikandur-20x20-cm\/#breadcrumb"},"inLanguage":"lv-LV","potentialAction":[{"@type":"ReadAction","target":["https:\/\/etnoart.eu\/toode\/riiulikandur-20x20-cm\/"]}]},{"@type":"ImageObject","inLanguage":"lv-LV","@id":"https:\/\/etnoart.eu\/toode\/riiulikandur-20x20-cm\/#primaryimage","url":"https:\/\/etnoart.eu\/wp-content\/uploads\/2023\/06\/Riiulikandur-20\u00d720-cm.png","contentUrl":"https:\/\/etnoart.eu\/wp-content\/uploads\/2023\/06\/Riiulikandur-20\u00d720-cm.png","width":823,"height":823,"caption":"Riiulikandur 20\u00d720 cm"},{"@type":"BreadcrumbList","@id":"https:\/\/etnoart.eu\/toode\/riiulikandur-20x20-cm\/#breadcrumb","itemListElement":[{"@type":"ListItem","position":1,"name":"Home","item":"https:\/\/etnoart.eu\/lv\/"},{"@type":"ListItem","position":2,"name":"Pood","item":"https:\/\/etnoart.eu\/lv\/shop\/"},{"@type":"ListItem","position":3,"name":"Riiulikandur 20\u00d720 cm"}]},{"@type":"WebSite","@id":"https:\/\/etnoart.eu\/#website","url":"https:\/\/etnoart.eu\/","name":"Etnoart","description":"K&auml;sit&ouml;&ouml;pood","publisher":{"@id":"https:\/\/etnoart.eu\/#organization"},"potentialAction":[{"@type":"SearchAction","target":{"@type":"EntryPoint","urlTemplate":"https:\/\/etnoart.eu\/?s={search_term_string}"},"query-input":{"@type":"PropertyValueSpecification","valueRequired":true,"valueName":"search_term_string"}}],"inLanguage":"lv-LV"},{"@type":"Organization","@id":"https:\/\/etnoart.eu\/#organization","name":"Etnoart O\u00dc","url":"https:\/\/etnoart.eu\/","logo":{"@type":"ImageObject","inLanguage":"lv-LV","@id":"https:\/\/etnoart.eu\/#\/schema\/logo\/image\/","url":"https:\/\/etnoart.eu\/wp-content\/uploads\/2023\/06\/etnoart-logo.png","contentUrl":"https:\/\/etnoart.eu\/wp-content\/uploads\/2023\/06\/etnoart-logo.png","width":491,"height":184,"caption":"Etnoart O\u00dc"},"image":{"@id":"https:\/\/etnoart.eu\/#\/schema\/logo\/image\/"},"sameAs":["https:\/\/www.facebook.com\/etnoart.handicraft.shop"]}]}},"builder_content":"","_links":{"self":[{"href":"https:\/\/etnoart.eu\/lv\/wp-json\/wp\/v2\/product\/2794","targetHints":{"allow":["GET"]}}],"collection":[{"href":"https:\/\/etnoart.eu\/lv\/wp-json\/wp\/v2\/product"}],"about":[{"href":"https:\/\/etnoart.eu\/lv\/wp-json\/wp\/v2\/types\/product"}],"wp:featuredmedia":[{"embeddable":true,"href":"https:\/\/etnoart.eu\/lv\/wp-json\/wp\/v2\/media\/4217"}],"wp:attachment":[{"href":"https:\/\/etnoart.eu\/lv\/wp-json\/wp\/v2\/media?parent=2794"}],"wp:term":[{"taxonomy":"product_brand","embeddable":true,"href":"https:\/\/etnoart.eu\/lv\/wp-json\/wp\/v2\/product_brand?post=2794"},{"taxonomy":"product_cat","embeddable":true,"href":"https:\/\/etnoart.eu\/lv\/wp-json\/wp\/v2\/product_cat?post=2794"},{"taxonomy":"product_tag","embeddable":true,"href":"https:\/\/etnoart.eu\/lv\/wp-json\/wp\/v2\/product_tag?post=2794"}],"curies":[{"name":"wp","href":"https:\/\/api.w.org\/{rel}","templated":true}]}}