{"id":2784,"date":"2023-06-08T08:54:55","date_gmt":"2023-06-08T08:54:55","guid":{"rendered":"https:\/\/etnoart.amsel.ee\/?post_type=product&#038;p=2784"},"modified":"2025-03-23T14:51:03","modified_gmt":"2025-03-23T14:51:03","slug":"amplikandur-38-cm","status":"publish","type":"product","link":"https:\/\/etnoart.eu\/lv\/toode\/amplikandur-38-cm\/","title":{"rendered":"Amplikandur 38 cm"},"content":{"rendered":"<p>Amplikandur 38 cm on lihtne, kuid funktsionaalne lahendus lilleampleid riputamiseks. Selle toote lihtne disain r\u00f5hutab praktilisust ja sobivust erinevatesse ruumidesse ja \u00f5ue. See on ideaalne valik suuremate lillepottide jaoks.<\/p>\n<p>Amplikanduri riputuskonks ulatub seinast 38 cm kaugusele, tagades stabiilse toetuse ja sobiva k\u00f5rguse suuremate lillevanikute riputamiseks, mis on \u00fcle 50 cm laiad.<\/p>\n<p>Kui eelistate v\u00e4iksemaid lilleampleid, siis pakume alternatiivina amplikandurit suurusega <a href=\"https:\/\/etnoart.eu\/toode\/amplikandur-24-cm\/\" target=\"_blank\" rel=\"noopener\">24 cm<\/a>. Sarnane disain tagab ka selles tootes praktilisuse ja vastupidavuse ning on m\u00f5eldud spetsiaalselt v\u00e4iksemate lillevanikute toetamiseks.<\/p>\n<p>M\u00f5lemad amplikandurid, nii 24 cm kui ka 38 cm, on valmistatud Eesti osavate seppade poolt. Nende k\u00e4sit\u00f6\u00f6nduslik kvaliteet ja vastupidavus tagavad toodete pikaajalise kasutusmugavuse ja stabiilsuse. Need amplikandurid on loodud vastu pidama erinevates tingimustes ja toetama erineva suuruse ja kaaluga lillepotte.<\/p>\n<p>Amplikanduri m\u00f5\u00f5tmed on seinast 38 cm ning k\u00f5rgus 42 cm. Toodet on viimistletud musta pulberv\u00e4rviga, mis teeb selle v\u00e4ga ilmastikukindlaks. See tagab toote vastupidavuse erinevatele ilmastikuoludele, olgu need p\u00e4ikesepaistelised p\u00e4evad v\u00f5i vihmased \u00f5htud.<\/p>\n<p>Kokkuv\u00f5ttes on Amplikandur 38 cm suurep\u00e4rane valik neile, kes soovivad praktilist ja vastupidavat lahendust lilleampleid kaunilt esitlemiseks. Selle disain ja funktsionaalsus sobivad nii sise- kui ka v\u00e4listingimustesse, lisades ruumile elegantsi ja rohelust.<\/p>\n<p>Seinast 38 cm, k\u00f5rgus 42 cm, v\u00e4rvitud musta pulberv\u00e4rviga.<\/p>\n","protected":false},"excerpt":{"rendered":"<p>Seinast 38 cm, k\u00f5rgus 42 cm, v\u00e4rvitud musta pulberv\u00e4rviga.<\/p>\n","protected":false},"featured_media":4250,"template":"","meta":[],"product_brand":[],"product_cat":[97],"product_tag":[],"class_list":{"0":"post-2784","1":"product","2":"type-product","3":"status-publish","4":"has-post-thumbnail","6":"product_cat-konsoolid-ja-alused-lilledele","7":"has-post-title","8":"has-post-date","9":"has-post-category","10":"has-post-tag","11":"has-post-comment","12":"has-post-author","13":"","15":"first","16":"instock","17":"taxable","18":"shipping-taxable","19":"purchasable","20":"product-type-simple"},"yoast_head":"<!-- This site is optimized with the Yoast SEO plugin v27.4 - https:\/\/yoast.com\/product\/yoast-seo-wordpress\/ -->\n<title>Amplikandur 38 cm |EtnoArt| Konsoolid ja alused lilledele<\/title>\n<meta name=\"description\" content=\"Amplikandur 38 cm on lihtne, kuid funktsionaalne lahendus lilleampleid riputamiseks. Sobivust erinevatesse ruumidesse ja \u00f5ue.\" \/>\n<meta name=\"robots\" content=\"index, follow, max-snippet:-1, max-image-preview:large, max-video-preview:-1\" \/>\n<link rel=\"canonical\" href=\"https:\/\/etnoart.eu\/de\/toode\/amplikandur-38-cm\/\" \/>\n<meta property=\"og:locale\" content=\"lv_LV\" \/>\n<meta property=\"og:type\" content=\"article\" \/>\n<meta property=\"og:title\" content=\"Amplikandur 38 cm |EtnoArt| Konsoolid ja alused lilledele\" \/>\n<meta property=\"og:description\" content=\"Amplikandur 38 cm on lihtne, kuid funktsionaalne lahendus lilleampleid riputamiseks. Sobivust erinevatesse ruumidesse ja \u00f5ue.\" \/>\n<meta property=\"og:url\" content=\"https:\/\/etnoart.eu\/de\/toode\/amplikandur-38-cm\/\" \/>\n<meta property=\"og:site_name\" content=\"Etnoart\" \/>\n<meta property=\"article:publisher\" content=\"https:\/\/www.facebook.com\/etnoart.handicraft.shop\" \/>\n<meta property=\"article:modified_time\" content=\"2025-03-23T14:51:03+00:00\" \/>\n<meta property=\"og:image\" content=\"https:\/\/etnoart.eu\/wp-content\/uploads\/2023\/06\/Amplikandur-38-cm.png\" \/>\n\t<meta property=\"og:image:width\" content=\"609\" \/>\n\t<meta property=\"og:image:height\" content=\"609\" \/>\n\t<meta property=\"og:image:type\" content=\"image\/png\" \/>\n<meta name=\"twitter:card\" content=\"summary_large_image\" \/>\n<meta name=\"twitter:label1\" content=\"Est. reading time\" \/>\n\t<meta name=\"twitter:data1\" content=\"2 minutes\" \/>\n<script type=\"application\/ld+json\" class=\"yoast-schema-graph\">{\"@context\":\"https:\\\/\\\/schema.org\",\"@graph\":[{\"@type\":\"WebPage\",\"@id\":\"https:\\\/\\\/etnoart.eu\\\/de\\\/toode\\\/amplikandur-38-cm\\\/\",\"url\":\"https:\\\/\\\/etnoart.eu\\\/de\\\/toode\\\/amplikandur-38-cm\\\/\",\"name\":\"Amplikandur 38 cm |EtnoArt| Konsoolid ja alused lilledele\",\"isPartOf\":{\"@id\":\"https:\\\/\\\/etnoart.eu\\\/#website\"},\"primaryImageOfPage\":{\"@id\":\"https:\\\/\\\/etnoart.eu\\\/de\\\/toode\\\/amplikandur-38-cm\\\/#primaryimage\"},\"image\":{\"@id\":\"https:\\\/\\\/etnoart.eu\\\/de\\\/toode\\\/amplikandur-38-cm\\\/#primaryimage\"},\"thumbnailUrl\":\"https:\\\/\\\/etnoart.eu\\\/wp-content\\\/uploads\\\/2023\\\/06\\\/Amplikandur-38-cm.png\",\"datePublished\":\"2023-06-08T08:54:55+00:00\",\"dateModified\":\"2025-03-23T14:51:03+00:00\",\"description\":\"Amplikandur 38 cm on lihtne, kuid funktsionaalne lahendus lilleampleid riputamiseks. Sobivust erinevatesse ruumidesse ja \u00f5ue.\",\"breadcrumb\":{\"@id\":\"https:\\\/\\\/etnoart.eu\\\/de\\\/toode\\\/amplikandur-38-cm\\\/#breadcrumb\"},\"inLanguage\":\"lv-LV\",\"potentialAction\":[{\"@type\":\"ReadAction\",\"target\":[\"https:\\\/\\\/etnoart.eu\\\/de\\\/toode\\\/amplikandur-38-cm\\\/\"]}]},{\"@type\":\"ImageObject\",\"inLanguage\":\"lv-LV\",\"@id\":\"https:\\\/\\\/etnoart.eu\\\/de\\\/toode\\\/amplikandur-38-cm\\\/#primaryimage\",\"url\":\"https:\\\/\\\/etnoart.eu\\\/wp-content\\\/uploads\\\/2023\\\/06\\\/Amplikandur-38-cm.png\",\"contentUrl\":\"https:\\\/\\\/etnoart.eu\\\/wp-content\\\/uploads\\\/2023\\\/06\\\/Amplikandur-38-cm.png\",\"width\":609,\"height\":609,\"caption\":\"Amplikandur 38 cm\"},{\"@type\":\"BreadcrumbList\",\"@id\":\"https:\\\/\\\/etnoart.eu\\\/de\\\/toode\\\/amplikandur-38-cm\\\/#breadcrumb\",\"itemListElement\":[{\"@type\":\"ListItem\",\"position\":1,\"name\":\"Home\",\"item\":\"https:\\\/\\\/etnoart.eu\\\/lv\\\/\"},{\"@type\":\"ListItem\",\"position\":2,\"name\":\"Pood\",\"item\":\"https:\\\/\\\/etnoart.eu\\\/lv\\\/shop\\\/\"},{\"@type\":\"ListItem\",\"position\":3,\"name\":\"Amplikandur 38 cm\"}]},{\"@type\":\"WebSite\",\"@id\":\"https:\\\/\\\/etnoart.eu\\\/#website\",\"url\":\"https:\\\/\\\/etnoart.eu\\\/\",\"name\":\"Etnoart\",\"description\":\"K&auml;sit&ouml;&ouml;pood\",\"publisher\":{\"@id\":\"https:\\\/\\\/etnoart.eu\\\/#organization\"},\"potentialAction\":[{\"@type\":\"SearchAction\",\"target\":{\"@type\":\"EntryPoint\",\"urlTemplate\":\"https:\\\/\\\/etnoart.eu\\\/?s={search_term_string}\"},\"query-input\":{\"@type\":\"PropertyValueSpecification\",\"valueRequired\":true,\"valueName\":\"search_term_string\"}}],\"inLanguage\":\"lv-LV\"},{\"@type\":\"Organization\",\"@id\":\"https:\\\/\\\/etnoart.eu\\\/#organization\",\"name\":\"Etnoart O\u00dc\",\"url\":\"https:\\\/\\\/etnoart.eu\\\/\",\"logo\":{\"@type\":\"ImageObject\",\"inLanguage\":\"lv-LV\",\"@id\":\"https:\\\/\\\/etnoart.eu\\\/#\\\/schema\\\/logo\\\/image\\\/\",\"url\":\"https:\\\/\\\/etnoart.eu\\\/wp-content\\\/uploads\\\/2023\\\/06\\\/etnoart-logo.png\",\"contentUrl\":\"https:\\\/\\\/etnoart.eu\\\/wp-content\\\/uploads\\\/2023\\\/06\\\/etnoart-logo.png\",\"width\":491,\"height\":184,\"caption\":\"Etnoart O\u00dc\"},\"image\":{\"@id\":\"https:\\\/\\\/etnoart.eu\\\/#\\\/schema\\\/logo\\\/image\\\/\"},\"sameAs\":[\"https:\\\/\\\/www.facebook.com\\\/etnoart.handicraft.shop\"]}]}<\/script>\n<!-- \/ Yoast SEO plugin. -->","yoast_head_json":{"title":"Amplikandur 38 cm |EtnoArt| Konsoolid ja alused lilledele","description":"Amplikandur 38 cm on lihtne, kuid funktsionaalne lahendus lilleampleid riputamiseks. Sobivust erinevatesse ruumidesse ja \u00f5ue.","robots":{"index":"index","follow":"follow","max-snippet":"max-snippet:-1","max-image-preview":"max-image-preview:large","max-video-preview":"max-video-preview:-1"},"canonical":"https:\/\/etnoart.eu\/de\/toode\/amplikandur-38-cm\/","og_locale":"lv_LV","og_type":"article","og_title":"Amplikandur 38 cm |EtnoArt| Konsoolid ja alused lilledele","og_description":"Amplikandur 38 cm on lihtne, kuid funktsionaalne lahendus lilleampleid riputamiseks. Sobivust erinevatesse ruumidesse ja \u00f5ue.","og_url":"https:\/\/etnoart.eu\/de\/toode\/amplikandur-38-cm\/","og_site_name":"Etnoart","article_publisher":"https:\/\/www.facebook.com\/etnoart.handicraft.shop","article_modified_time":"2025-03-23T14:51:03+00:00","og_image":[{"width":609,"height":609,"url":"https:\/\/etnoart.eu\/wp-content\/uploads\/2023\/06\/Amplikandur-38-cm.png","type":"image\/png"}],"twitter_card":"summary_large_image","twitter_misc":{"Est. reading time":"2 minutes"},"schema":{"@context":"https:\/\/schema.org","@graph":[{"@type":"WebPage","@id":"https:\/\/etnoart.eu\/de\/toode\/amplikandur-38-cm\/","url":"https:\/\/etnoart.eu\/de\/toode\/amplikandur-38-cm\/","name":"Amplikandur 38 cm |EtnoArt| Konsoolid ja alused lilledele","isPartOf":{"@id":"https:\/\/etnoart.eu\/#website"},"primaryImageOfPage":{"@id":"https:\/\/etnoart.eu\/de\/toode\/amplikandur-38-cm\/#primaryimage"},"image":{"@id":"https:\/\/etnoart.eu\/de\/toode\/amplikandur-38-cm\/#primaryimage"},"thumbnailUrl":"https:\/\/etnoart.eu\/wp-content\/uploads\/2023\/06\/Amplikandur-38-cm.png","datePublished":"2023-06-08T08:54:55+00:00","dateModified":"2025-03-23T14:51:03+00:00","description":"Amplikandur 38 cm on lihtne, kuid funktsionaalne lahendus lilleampleid riputamiseks. Sobivust erinevatesse ruumidesse ja \u00f5ue.","breadcrumb":{"@id":"https:\/\/etnoart.eu\/de\/toode\/amplikandur-38-cm\/#breadcrumb"},"inLanguage":"lv-LV","potentialAction":[{"@type":"ReadAction","target":["https:\/\/etnoart.eu\/de\/toode\/amplikandur-38-cm\/"]}]},{"@type":"ImageObject","inLanguage":"lv-LV","@id":"https:\/\/etnoart.eu\/de\/toode\/amplikandur-38-cm\/#primaryimage","url":"https:\/\/etnoart.eu\/wp-content\/uploads\/2023\/06\/Amplikandur-38-cm.png","contentUrl":"https:\/\/etnoart.eu\/wp-content\/uploads\/2023\/06\/Amplikandur-38-cm.png","width":609,"height":609,"caption":"Amplikandur 38 cm"},{"@type":"BreadcrumbList","@id":"https:\/\/etnoart.eu\/de\/toode\/amplikandur-38-cm\/#breadcrumb","itemListElement":[{"@type":"ListItem","position":1,"name":"Home","item":"https:\/\/etnoart.eu\/lv\/"},{"@type":"ListItem","position":2,"name":"Pood","item":"https:\/\/etnoart.eu\/lv\/shop\/"},{"@type":"ListItem","position":3,"name":"Amplikandur 38 cm"}]},{"@type":"WebSite","@id":"https:\/\/etnoart.eu\/#website","url":"https:\/\/etnoart.eu\/","name":"Etnoart","description":"K&auml;sit&ouml;&ouml;pood","publisher":{"@id":"https:\/\/etnoart.eu\/#organization"},"potentialAction":[{"@type":"SearchAction","target":{"@type":"EntryPoint","urlTemplate":"https:\/\/etnoart.eu\/?s={search_term_string}"},"query-input":{"@type":"PropertyValueSpecification","valueRequired":true,"valueName":"search_term_string"}}],"inLanguage":"lv-LV"},{"@type":"Organization","@id":"https:\/\/etnoart.eu\/#organization","name":"Etnoart O\u00dc","url":"https:\/\/etnoart.eu\/","logo":{"@type":"ImageObject","inLanguage":"lv-LV","@id":"https:\/\/etnoart.eu\/#\/schema\/logo\/image\/","url":"https:\/\/etnoart.eu\/wp-content\/uploads\/2023\/06\/etnoart-logo.png","contentUrl":"https:\/\/etnoart.eu\/wp-content\/uploads\/2023\/06\/etnoart-logo.png","width":491,"height":184,"caption":"Etnoart O\u00dc"},"image":{"@id":"https:\/\/etnoart.eu\/#\/schema\/logo\/image\/"},"sameAs":["https:\/\/www.facebook.com\/etnoart.handicraft.shop"]}]}},"builder_content":"","_links":{"self":[{"href":"https:\/\/etnoart.eu\/lv\/wp-json\/wp\/v2\/product\/2784","targetHints":{"allow":["GET"]}}],"collection":[{"href":"https:\/\/etnoart.eu\/lv\/wp-json\/wp\/v2\/product"}],"about":[{"href":"https:\/\/etnoart.eu\/lv\/wp-json\/wp\/v2\/types\/product"}],"wp:featuredmedia":[{"embeddable":true,"href":"https:\/\/etnoart.eu\/lv\/wp-json\/wp\/v2\/media\/4250"}],"wp:attachment":[{"href":"https:\/\/etnoart.eu\/lv\/wp-json\/wp\/v2\/media?parent=2784"}],"wp:term":[{"taxonomy":"product_brand","embeddable":true,"href":"https:\/\/etnoart.eu\/lv\/wp-json\/wp\/v2\/product_brand?post=2784"},{"taxonomy":"product_cat","embeddable":true,"href":"https:\/\/etnoart.eu\/lv\/wp-json\/wp\/v2\/product_cat?post=2784"},{"taxonomy":"product_tag","embeddable":true,"href":"https:\/\/etnoart.eu\/lv\/wp-json\/wp\/v2\/product_tag?post=2784"}],"curies":[{"name":"wp","href":"https:\/\/api.w.org\/{rel}","templated":true}]}}