{"id":2600,"date":"2023-06-08T08:54:30","date_gmt":"2023-06-08T08:54:30","guid":{"rendered":"https:\/\/etnoart.amsel.ee\/?post_type=product&#038;p=2600"},"modified":"2025-04-05T15:06:00","modified_gmt":"2025-04-05T15:06:00","slug":"kaepide-keerus","status":"publish","type":"product","link":"https:\/\/etnoart.eu\/lv\/toode\/kaepide-keerus\/","title":{"rendered":"K\u00c4EPIDE KEERUS"},"content":{"rendered":"<p><strong>K\u00e4epide keerus<\/strong> on praktiline ja vastupidav k\u00e4epide, mis sobib suurep\u00e4raselt kasutamiseks suurte uste ja v\u00e4ravate puhul. K\u00e4epide on valmistatud nelikant-terasest, millele on keeratud dekoratiivne keere. Otsad on sepistatud lehekujuliseks, mis lisab tootele visuaalset elegantsi.<\/p>\n<p>Tugev konstruktsioon ja ilmakindel v\u00e4rvitud viimistlus teevad sellest suurep\u00e4rase valiku nii sise- kui ka v\u00e4listingimustes kasutamiseks. K\u00e4epide on piisava k\u00f5rgusega, et sellest oleks mugav haarata ka paksude kinnastega \u2013 ideaalne k\u00fclmas kliimas kasutamiseks.<\/p>\n<p>M\u00f5\u00f5dud:<\/p>\n<p>Pikkus: 35 cm (lehe otsast lehe otsani)<\/p>\n<p>Kaal: ca 400 g<\/p>\n<p>Paigaldus: K\u00e4epide Keerus kinnitatakse uksele kas kahe pikema poldi abil l\u00e4bi ukselehe v\u00f5i kruvidega (ei kuulu komplekti).<\/p>\n<p>See toode on eelk\u00f5ige funktsionaalne ja tugev, sobides h\u00e4sti neile, kes otsivad t\u00f6\u00f6kindlat ja vastupidavat lahendust ilma liigse ilustamiseta. Samas s\u00e4ilitab toode oma k\u00e4sit\u00f6\u00f6 isikup\u00e4ra \u2013 iga k\u00e4epide on natuke erinev ja kordumatu.<\/p>\n","protected":false},"excerpt":{"rendered":"<p>Tugev keeruga k\u00e4epide suurtele ustele ja v\u00e4ravatele. Ilmastikukindel viimistlus, sobib nii tuppa kui \u00f5ue. Kvaliteetne ja praktiline lahendus.<br \/>\n<strong>Toote k\u00f5rgus:<\/strong> 350mm<br \/>\n<strong>Toote kaal:<\/strong> 400g<br \/>\n<strong>Toote viimistlus:<\/strong> V\u00e4rvitud<\/p>\n","protected":false},"featured_media":2689,"template":"","meta":[],"product_brand":[],"product_cat":[43],"product_tag":[],"class_list":{"0":"post-2600","1":"product","2":"type-product","3":"status-publish","4":"has-post-thumbnail","6":"product_cat-kaepidemed-ja-uksekoputid","7":"has-post-title","8":"has-post-date","9":"has-post-category","10":"has-post-tag","11":"has-post-comment","12":"has-post-author","13":"","15":"first","16":"instock","17":"taxable","18":"shipping-taxable","19":"purchasable","20":"product-type-simple"},"yoast_head":"<!-- This site is optimized with the Yoast SEO plugin v27.4 - https:\/\/yoast.com\/product\/yoast-seo-wordpress\/ -->\n<title>K\u00e4epide keerus |EtnoArt| K\u00e4epidemed ja uksekoputid<\/title>\n<meta name=\"description\" content=\"K\u00e4epide keerus. K\u00e4epide valmistatud nelikant-terasest, millele on ``keere`` peale v\u00e4\u00e4natud. K\u00e4epideme otsad sepistatud lehed. Uksele m\u00f5eldud k\u00e4epide\" \/>\n<meta name=\"robots\" content=\"index, follow, max-snippet:-1, max-image-preview:large, max-video-preview:-1\" \/>\n<link rel=\"canonical\" href=\"https:\/\/etnoart.eu\/toode\/kaepide-keerus\/\" \/>\n<meta property=\"og:locale\" content=\"lv_LV\" \/>\n<meta property=\"og:type\" content=\"article\" \/>\n<meta property=\"og:title\" content=\"K\u00e4epide keerus |EtnoArt| K\u00e4epidemed ja uksekoputid\" \/>\n<meta property=\"og:description\" content=\"K\u00e4epide keerus. K\u00e4epide valmistatud nelikant-terasest, millele on ``keere`` peale v\u00e4\u00e4natud. K\u00e4epideme otsad sepistatud lehed. Uksele m\u00f5eldud k\u00e4epide\" \/>\n<meta property=\"og:url\" content=\"https:\/\/etnoart.eu\/toode\/kaepide-keerus\/\" \/>\n<meta property=\"og:site_name\" content=\"Etnoart\" \/>\n<meta property=\"article:publisher\" content=\"https:\/\/www.facebook.com\/etnoart.handicraft.shop\" \/>\n<meta property=\"article:modified_time\" content=\"2025-04-05T15:06:00+00:00\" \/>\n<meta property=\"og:image\" content=\"https:\/\/etnoart.eu\/wp-content\/uploads\/2023\/06\/961-KAEPIDE-KEERUS-Kaepidemed-ja-uksekoputid.jpg\" \/>\n\t<meta property=\"og:image:width\" content=\"750\" \/>\n\t<meta property=\"og:image:height\" content=\"750\" \/>\n\t<meta property=\"og:image:type\" content=\"image\/jpeg\" \/>\n<meta name=\"twitter:card\" content=\"summary_large_image\" \/>\n<meta name=\"twitter:label1\" content=\"Est. reading time\" \/>\n\t<meta name=\"twitter:data1\" content=\"1 minute\" \/>\n<script type=\"application\/ld+json\" class=\"yoast-schema-graph\">{\"@context\":\"https:\\\/\\\/schema.org\",\"@graph\":[{\"@type\":\"WebPage\",\"@id\":\"https:\\\/\\\/etnoart.eu\\\/toode\\\/kaepide-keerus\\\/\",\"url\":\"https:\\\/\\\/etnoart.eu\\\/toode\\\/kaepide-keerus\\\/\",\"name\":\"K\u00e4epide keerus |EtnoArt| K\u00e4epidemed ja uksekoputid\",\"isPartOf\":{\"@id\":\"https:\\\/\\\/etnoart.eu\\\/#website\"},\"primaryImageOfPage\":{\"@id\":\"https:\\\/\\\/etnoart.eu\\\/toode\\\/kaepide-keerus\\\/#primaryimage\"},\"image\":{\"@id\":\"https:\\\/\\\/etnoart.eu\\\/toode\\\/kaepide-keerus\\\/#primaryimage\"},\"thumbnailUrl\":\"https:\\\/\\\/etnoart.eu\\\/wp-content\\\/uploads\\\/2023\\\/06\\\/961-KAEPIDE-KEERUS-Kaepidemed-ja-uksekoputid.jpg\",\"datePublished\":\"2023-06-08T08:54:30+00:00\",\"dateModified\":\"2025-04-05T15:06:00+00:00\",\"description\":\"K\u00e4epide keerus. K\u00e4epide valmistatud nelikant-terasest, millele on ``keere`` peale v\u00e4\u00e4natud. K\u00e4epideme otsad sepistatud lehed. Uksele m\u00f5eldud k\u00e4epide\",\"breadcrumb\":{\"@id\":\"https:\\\/\\\/etnoart.eu\\\/toode\\\/kaepide-keerus\\\/#breadcrumb\"},\"inLanguage\":\"lv-LV\",\"potentialAction\":[{\"@type\":\"ReadAction\",\"target\":[\"https:\\\/\\\/etnoart.eu\\\/toode\\\/kaepide-keerus\\\/\"]}]},{\"@type\":\"ImageObject\",\"inLanguage\":\"lv-LV\",\"@id\":\"https:\\\/\\\/etnoart.eu\\\/toode\\\/kaepide-keerus\\\/#primaryimage\",\"url\":\"https:\\\/\\\/etnoart.eu\\\/wp-content\\\/uploads\\\/2023\\\/06\\\/961-KAEPIDE-KEERUS-Kaepidemed-ja-uksekoputid.jpg\",\"contentUrl\":\"https:\\\/\\\/etnoart.eu\\\/wp-content\\\/uploads\\\/2023\\\/06\\\/961-KAEPIDE-KEERUS-Kaepidemed-ja-uksekoputid.jpg\",\"width\":750,\"height\":750,\"caption\":\"K\u00e4epide keerus\"},{\"@type\":\"BreadcrumbList\",\"@id\":\"https:\\\/\\\/etnoart.eu\\\/toode\\\/kaepide-keerus\\\/#breadcrumb\",\"itemListElement\":[{\"@type\":\"ListItem\",\"position\":1,\"name\":\"Home\",\"item\":\"https:\\\/\\\/etnoart.eu\\\/lv\\\/\"},{\"@type\":\"ListItem\",\"position\":2,\"name\":\"Pood\",\"item\":\"https:\\\/\\\/etnoart.eu\\\/lv\\\/shop\\\/\"},{\"@type\":\"ListItem\",\"position\":3,\"name\":\"K\u00c4EPIDE KEERUS\"}]},{\"@type\":\"WebSite\",\"@id\":\"https:\\\/\\\/etnoart.eu\\\/#website\",\"url\":\"https:\\\/\\\/etnoart.eu\\\/\",\"name\":\"Etnoart\",\"description\":\"K&auml;sit&ouml;&ouml;pood\",\"publisher\":{\"@id\":\"https:\\\/\\\/etnoart.eu\\\/#organization\"},\"potentialAction\":[{\"@type\":\"SearchAction\",\"target\":{\"@type\":\"EntryPoint\",\"urlTemplate\":\"https:\\\/\\\/etnoart.eu\\\/?s={search_term_string}\"},\"query-input\":{\"@type\":\"PropertyValueSpecification\",\"valueRequired\":true,\"valueName\":\"search_term_string\"}}],\"inLanguage\":\"lv-LV\"},{\"@type\":\"Organization\",\"@id\":\"https:\\\/\\\/etnoart.eu\\\/#organization\",\"name\":\"Etnoart O\u00dc\",\"url\":\"https:\\\/\\\/etnoart.eu\\\/\",\"logo\":{\"@type\":\"ImageObject\",\"inLanguage\":\"lv-LV\",\"@id\":\"https:\\\/\\\/etnoart.eu\\\/#\\\/schema\\\/logo\\\/image\\\/\",\"url\":\"https:\\\/\\\/etnoart.eu\\\/wp-content\\\/uploads\\\/2023\\\/06\\\/etnoart-logo.png\",\"contentUrl\":\"https:\\\/\\\/etnoart.eu\\\/wp-content\\\/uploads\\\/2023\\\/06\\\/etnoart-logo.png\",\"width\":491,\"height\":184,\"caption\":\"Etnoart O\u00dc\"},\"image\":{\"@id\":\"https:\\\/\\\/etnoart.eu\\\/#\\\/schema\\\/logo\\\/image\\\/\"},\"sameAs\":[\"https:\\\/\\\/www.facebook.com\\\/etnoart.handicraft.shop\"]}]}<\/script>\n<!-- \/ Yoast SEO plugin. -->","yoast_head_json":{"title":"K\u00e4epide keerus |EtnoArt| K\u00e4epidemed ja uksekoputid","description":"K\u00e4epide keerus. K\u00e4epide valmistatud nelikant-terasest, millele on ``keere`` peale v\u00e4\u00e4natud. K\u00e4epideme otsad sepistatud lehed. Uksele m\u00f5eldud k\u00e4epide","robots":{"index":"index","follow":"follow","max-snippet":"max-snippet:-1","max-image-preview":"max-image-preview:large","max-video-preview":"max-video-preview:-1"},"canonical":"https:\/\/etnoart.eu\/toode\/kaepide-keerus\/","og_locale":"lv_LV","og_type":"article","og_title":"K\u00e4epide keerus |EtnoArt| K\u00e4epidemed ja uksekoputid","og_description":"K\u00e4epide keerus. K\u00e4epide valmistatud nelikant-terasest, millele on ``keere`` peale v\u00e4\u00e4natud. K\u00e4epideme otsad sepistatud lehed. Uksele m\u00f5eldud k\u00e4epide","og_url":"https:\/\/etnoart.eu\/toode\/kaepide-keerus\/","og_site_name":"Etnoart","article_publisher":"https:\/\/www.facebook.com\/etnoart.handicraft.shop","article_modified_time":"2025-04-05T15:06:00+00:00","og_image":[{"width":750,"height":750,"url":"https:\/\/etnoart.eu\/wp-content\/uploads\/2023\/06\/961-KAEPIDE-KEERUS-Kaepidemed-ja-uksekoputid.jpg","type":"image\/jpeg"}],"twitter_card":"summary_large_image","twitter_misc":{"Est. reading time":"1 minute"},"schema":{"@context":"https:\/\/schema.org","@graph":[{"@type":"WebPage","@id":"https:\/\/etnoart.eu\/toode\/kaepide-keerus\/","url":"https:\/\/etnoart.eu\/toode\/kaepide-keerus\/","name":"K\u00e4epide keerus |EtnoArt| K\u00e4epidemed ja uksekoputid","isPartOf":{"@id":"https:\/\/etnoart.eu\/#website"},"primaryImageOfPage":{"@id":"https:\/\/etnoart.eu\/toode\/kaepide-keerus\/#primaryimage"},"image":{"@id":"https:\/\/etnoart.eu\/toode\/kaepide-keerus\/#primaryimage"},"thumbnailUrl":"https:\/\/etnoart.eu\/wp-content\/uploads\/2023\/06\/961-KAEPIDE-KEERUS-Kaepidemed-ja-uksekoputid.jpg","datePublished":"2023-06-08T08:54:30+00:00","dateModified":"2025-04-05T15:06:00+00:00","description":"K\u00e4epide keerus. K\u00e4epide valmistatud nelikant-terasest, millele on ``keere`` peale v\u00e4\u00e4natud. K\u00e4epideme otsad sepistatud lehed. Uksele m\u00f5eldud k\u00e4epide","breadcrumb":{"@id":"https:\/\/etnoart.eu\/toode\/kaepide-keerus\/#breadcrumb"},"inLanguage":"lv-LV","potentialAction":[{"@type":"ReadAction","target":["https:\/\/etnoart.eu\/toode\/kaepide-keerus\/"]}]},{"@type":"ImageObject","inLanguage":"lv-LV","@id":"https:\/\/etnoart.eu\/toode\/kaepide-keerus\/#primaryimage","url":"https:\/\/etnoart.eu\/wp-content\/uploads\/2023\/06\/961-KAEPIDE-KEERUS-Kaepidemed-ja-uksekoputid.jpg","contentUrl":"https:\/\/etnoart.eu\/wp-content\/uploads\/2023\/06\/961-KAEPIDE-KEERUS-Kaepidemed-ja-uksekoputid.jpg","width":750,"height":750,"caption":"K\u00e4epide keerus"},{"@type":"BreadcrumbList","@id":"https:\/\/etnoart.eu\/toode\/kaepide-keerus\/#breadcrumb","itemListElement":[{"@type":"ListItem","position":1,"name":"Home","item":"https:\/\/etnoart.eu\/lv\/"},{"@type":"ListItem","position":2,"name":"Pood","item":"https:\/\/etnoart.eu\/lv\/shop\/"},{"@type":"ListItem","position":3,"name":"K\u00c4EPIDE KEERUS"}]},{"@type":"WebSite","@id":"https:\/\/etnoart.eu\/#website","url":"https:\/\/etnoart.eu\/","name":"Etnoart","description":"K&auml;sit&ouml;&ouml;pood","publisher":{"@id":"https:\/\/etnoart.eu\/#organization"},"potentialAction":[{"@type":"SearchAction","target":{"@type":"EntryPoint","urlTemplate":"https:\/\/etnoart.eu\/?s={search_term_string}"},"query-input":{"@type":"PropertyValueSpecification","valueRequired":true,"valueName":"search_term_string"}}],"inLanguage":"lv-LV"},{"@type":"Organization","@id":"https:\/\/etnoart.eu\/#organization","name":"Etnoart O\u00dc","url":"https:\/\/etnoart.eu\/","logo":{"@type":"ImageObject","inLanguage":"lv-LV","@id":"https:\/\/etnoart.eu\/#\/schema\/logo\/image\/","url":"https:\/\/etnoart.eu\/wp-content\/uploads\/2023\/06\/etnoart-logo.png","contentUrl":"https:\/\/etnoart.eu\/wp-content\/uploads\/2023\/06\/etnoart-logo.png","width":491,"height":184,"caption":"Etnoart O\u00dc"},"image":{"@id":"https:\/\/etnoart.eu\/#\/schema\/logo\/image\/"},"sameAs":["https:\/\/www.facebook.com\/etnoart.handicraft.shop"]}]}},"builder_content":"","_links":{"self":[{"href":"https:\/\/etnoart.eu\/lv\/wp-json\/wp\/v2\/product\/2600","targetHints":{"allow":["GET"]}}],"collection":[{"href":"https:\/\/etnoart.eu\/lv\/wp-json\/wp\/v2\/product"}],"about":[{"href":"https:\/\/etnoart.eu\/lv\/wp-json\/wp\/v2\/types\/product"}],"wp:featuredmedia":[{"embeddable":true,"href":"https:\/\/etnoart.eu\/lv\/wp-json\/wp\/v2\/media\/2689"}],"wp:attachment":[{"href":"https:\/\/etnoart.eu\/lv\/wp-json\/wp\/v2\/media?parent=2600"}],"wp:term":[{"taxonomy":"product_brand","embeddable":true,"href":"https:\/\/etnoart.eu\/lv\/wp-json\/wp\/v2\/product_brand?post=2600"},{"taxonomy":"product_cat","embeddable":true,"href":"https:\/\/etnoart.eu\/lv\/wp-json\/wp\/v2\/product_cat?post=2600"},{"taxonomy":"product_tag","embeddable":true,"href":"https:\/\/etnoart.eu\/lv\/wp-json\/wp\/v2\/product_tag?post=2600"}],"curies":[{"name":"wp","href":"https:\/\/api.w.org\/{rel}","templated":true}]}}