{"id":2197,"date":"2023-06-08T08:53:46","date_gmt":"2023-06-08T08:53:46","guid":{"rendered":"https:\/\/etnoart.amsel.ee\/?post_type=product&#038;p=2197"},"modified":"2026-01-20T04:51:42","modified_gmt":"2026-01-20T04:51:42","slug":"kutteuualus-tarvikutega","status":"publish","type":"product","link":"https:\/\/etnoart.eu\/lv\/toode\/kutteuualus-tarvikutega\/","title":{"rendered":"K\u00fctteuualus tarvikutega"},"content":{"rendered":"<p>Kui hindad lihtsust, vastupidavust ja praktilist disaini, on see k\u00fctteuualus tarvikutega loodud just sinu kamina, ahju v\u00f5i pliidi k\u00f5rvale. Kompaktne metallkonstruktsioon hoiab k\u00fcttepuud ja k\u00f5ik vajalikud kaminariistad \u00fches kohas \u2013 alati k\u00e4eulatuses ja korrektselt paigutatuna.<\/p>\n<p>Tugev puudealus annab stabiilse toe ka raskemale puukoormale, samal ajal kui sepistatud konksudele riputatud tarvikud loovad korra ja lisavad visuaalset iseloomu. Sirgjooneline, k\u00e4sit\u00f6\u00f6 h\u00f5nguga disain sobitub nii traditsioonilisse maakoju kui ka kaasaegsesse elutuppa.<\/p>\n<p>Pulberv\u00e4rvitud metallpind kaitseb toodet kulumise ja niiskuse eest, muutes selle sobivaks nii sise- kui ka katusealustesse v\u00e4litingimustesse. See on praktiline ja ajatu lahendus, mis teenib sind aastaid.<\/p>\n<p>P\u00f5hiandmed<\/p>\n<p>Toote nimi \/ mudel:<br \/>\nK\u00fctteuualus tarvikutega<\/p>\n<p>M\u00f5\u00f5dud:<br \/>\nToote k\u00f5rgus: 770 mm<br \/>\nVajalik p\u00f5randapind: 340 \u00d7 400 mm<\/p>\n<p>Kaal:<br \/>\n8,6 kg<\/p>\n<p>Materjal:<br \/>\nMetall (pulberv\u00e4rvitud viimistlus)<\/p>\n<p>Komplekti sisu:<\/p>\n<p>Puude hoidja<\/p>\n<p>Roop<\/p>\n<p>Hari<\/p>\n<p>K\u00fchvel<\/p>\n<p>Tuletangid<\/p>\n<p>Kokkupanek:<br \/>\nToode saabub kokkupandult<\/p>\n<p>Sobivus:<br \/>\nSobib nii sise- kui ka v\u00e4lisruumidesse. Pulberv\u00e4rvitud pind pakub kaitset niiskuse ja kulumise eest.<\/p>\n","protected":false},"excerpt":{"rendered":"<p>Toote k\u00f5rgus: 770 mm<br \/>\nVajalik p\u00f5randapind: 340 \u00d7 400 mm<br \/>\nKaal:<br \/>\n8,6 kg<br \/>\nMaterjal:<br \/>\nMetall (pulberv\u00e4rvitud viimistlus)<br \/>\nKomplekti sisu:<br \/>\nPuude hoidja<br \/>\nRoop<br \/>\nHari<br \/>\nK\u00fchvel<br \/>\nTuletangid<br \/>\nKokkupanek:<br \/>\nToode saabub kokkupandult<\/p>\n","protected":false},"featured_media":2329,"template":"","meta":[],"product_brand":[],"product_cat":[116],"product_tag":[],"class_list":{"0":"post-2197","1":"product","2":"type-product","3":"status-publish","4":"has-post-thumbnail","6":"product_cat-kaminatarbed-ja-puukorvid","7":"product_shipping_class-liiga-suur-pakiautomaadile","8":"has-post-title","9":"has-post-date","10":"has-post-category","11":"has-post-tag","12":"has-post-comment","13":"has-post-author","14":"","16":"first","17":"instock","18":"taxable","19":"shipping-taxable","20":"purchasable","21":"product-type-simple"},"yoast_head":"<!-- This site is optimized with the Yoast SEO plugin v27.4 - https:\/\/yoast.com\/product\/yoast-seo-wordpress\/ -->\n<title>K\u00fctteuualus tarvikutega |EtnoArt| Kaminatarbed ja puukorvid<\/title>\n<meta name=\"description\" content=\"Tugev ja praktiline K\u00fctteuualus tarvikutega. Metallist k\u00fctteuualus koos roobi, harja, k\u00fchvli ja tuletangidega hoiab k\u00f5ik kaminat\u00f6\u00f6ks vajaliku \u00fches kohas.\" \/>\n<meta name=\"robots\" content=\"index, follow, max-snippet:-1, max-image-preview:large, max-video-preview:-1\" \/>\n<link rel=\"canonical\" href=\"https:\/\/etnoart.eu\/toode\/kutteuualus-tarvikutega\/\" \/>\n<meta property=\"og:locale\" content=\"lv_LV\" \/>\n<meta property=\"og:type\" content=\"article\" \/>\n<meta property=\"og:title\" content=\"K\u00fctteuualus tarvikutega |EtnoArt| Kaminatarbed ja puukorvid\" \/>\n<meta property=\"og:description\" content=\"Tugev ja praktiline K\u00fctteuualus tarvikutega. Metallist k\u00fctteuualus koos roobi, harja, k\u00fchvli ja tuletangidega hoiab k\u00f5ik kaminat\u00f6\u00f6ks vajaliku \u00fches kohas.\" \/>\n<meta property=\"og:url\" content=\"https:\/\/etnoart.eu\/toode\/kutteuualus-tarvikutega\/\" \/>\n<meta property=\"og:site_name\" content=\"Etnoart\" \/>\n<meta property=\"article:publisher\" content=\"https:\/\/www.facebook.com\/etnoart.handicraft.shop\" \/>\n<meta property=\"article:modified_time\" content=\"2026-01-20T04:51:42+00:00\" \/>\n<meta property=\"og:image\" content=\"https:\/\/etnoart.eu\/wp-content\/uploads\/2023\/06\/1008-Puualus-tarvikutega-Kaminatarbed-ja-puukorvid.jpg\" \/>\n\t<meta property=\"og:image:width\" content=\"750\" \/>\n\t<meta property=\"og:image:height\" content=\"750\" \/>\n\t<meta property=\"og:image:type\" content=\"image\/jpeg\" \/>\n<meta name=\"twitter:card\" content=\"summary_large_image\" \/>\n<meta name=\"twitter:label1\" content=\"Est. reading time\" \/>\n\t<meta name=\"twitter:data1\" content=\"1 minute\" \/>\n<script type=\"application\/ld+json\" class=\"yoast-schema-graph\">{\"@context\":\"https:\\\/\\\/schema.org\",\"@graph\":[{\"@type\":\"WebPage\",\"@id\":\"https:\\\/\\\/etnoart.eu\\\/toode\\\/kutteuualus-tarvikutega\\\/\",\"url\":\"https:\\\/\\\/etnoart.eu\\\/toode\\\/kutteuualus-tarvikutega\\\/\",\"name\":\"K\u00fctteuualus tarvikutega |EtnoArt| Kaminatarbed ja puukorvid\",\"isPartOf\":{\"@id\":\"https:\\\/\\\/etnoart.eu\\\/#website\"},\"primaryImageOfPage\":{\"@id\":\"https:\\\/\\\/etnoart.eu\\\/toode\\\/kutteuualus-tarvikutega\\\/#primaryimage\"},\"image\":{\"@id\":\"https:\\\/\\\/etnoart.eu\\\/toode\\\/kutteuualus-tarvikutega\\\/#primaryimage\"},\"thumbnailUrl\":\"https:\\\/\\\/etnoart.eu\\\/wp-content\\\/uploads\\\/2023\\\/06\\\/1008-Puualus-tarvikutega-Kaminatarbed-ja-puukorvid.jpg\",\"datePublished\":\"2023-06-08T08:53:46+00:00\",\"dateModified\":\"2026-01-20T04:51:42+00:00\",\"description\":\"Tugev ja praktiline K\u00fctteuualus tarvikutega. Metallist k\u00fctteuualus koos roobi, harja, k\u00fchvli ja tuletangidega hoiab k\u00f5ik kaminat\u00f6\u00f6ks vajaliku \u00fches kohas.\",\"breadcrumb\":{\"@id\":\"https:\\\/\\\/etnoart.eu\\\/toode\\\/kutteuualus-tarvikutega\\\/#breadcrumb\"},\"inLanguage\":\"lv-LV\",\"potentialAction\":[{\"@type\":\"ReadAction\",\"target\":[\"https:\\\/\\\/etnoart.eu\\\/toode\\\/kutteuualus-tarvikutega\\\/\"]}]},{\"@type\":\"ImageObject\",\"inLanguage\":\"lv-LV\",\"@id\":\"https:\\\/\\\/etnoart.eu\\\/toode\\\/kutteuualus-tarvikutega\\\/#primaryimage\",\"url\":\"https:\\\/\\\/etnoart.eu\\\/wp-content\\\/uploads\\\/2023\\\/06\\\/1008-Puualus-tarvikutega-Kaminatarbed-ja-puukorvid.jpg\",\"contentUrl\":\"https:\\\/\\\/etnoart.eu\\\/wp-content\\\/uploads\\\/2023\\\/06\\\/1008-Puualus-tarvikutega-Kaminatarbed-ja-puukorvid.jpg\",\"width\":750,\"height\":750},{\"@type\":\"BreadcrumbList\",\"@id\":\"https:\\\/\\\/etnoart.eu\\\/toode\\\/kutteuualus-tarvikutega\\\/#breadcrumb\",\"itemListElement\":[{\"@type\":\"ListItem\",\"position\":1,\"name\":\"Home\",\"item\":\"https:\\\/\\\/etnoart.eu\\\/lv\\\/\"},{\"@type\":\"ListItem\",\"position\":2,\"name\":\"Pood\",\"item\":\"https:\\\/\\\/etnoart.eu\\\/lv\\\/shop\\\/\"},{\"@type\":\"ListItem\",\"position\":3,\"name\":\"K\u00fctteuualus tarvikutega\"}]},{\"@type\":\"WebSite\",\"@id\":\"https:\\\/\\\/etnoart.eu\\\/#website\",\"url\":\"https:\\\/\\\/etnoart.eu\\\/\",\"name\":\"Etnoart\",\"description\":\"K&auml;sit&ouml;&ouml;pood\",\"publisher\":{\"@id\":\"https:\\\/\\\/etnoart.eu\\\/#organization\"},\"potentialAction\":[{\"@type\":\"SearchAction\",\"target\":{\"@type\":\"EntryPoint\",\"urlTemplate\":\"https:\\\/\\\/etnoart.eu\\\/?s={search_term_string}\"},\"query-input\":{\"@type\":\"PropertyValueSpecification\",\"valueRequired\":true,\"valueName\":\"search_term_string\"}}],\"inLanguage\":\"lv-LV\"},{\"@type\":\"Organization\",\"@id\":\"https:\\\/\\\/etnoart.eu\\\/#organization\",\"name\":\"Etnoart O\u00dc\",\"url\":\"https:\\\/\\\/etnoart.eu\\\/\",\"logo\":{\"@type\":\"ImageObject\",\"inLanguage\":\"lv-LV\",\"@id\":\"https:\\\/\\\/etnoart.eu\\\/#\\\/schema\\\/logo\\\/image\\\/\",\"url\":\"https:\\\/\\\/etnoart.eu\\\/wp-content\\\/uploads\\\/2023\\\/06\\\/etnoart-logo.png\",\"contentUrl\":\"https:\\\/\\\/etnoart.eu\\\/wp-content\\\/uploads\\\/2023\\\/06\\\/etnoart-logo.png\",\"width\":491,\"height\":184,\"caption\":\"Etnoart O\u00dc\"},\"image\":{\"@id\":\"https:\\\/\\\/etnoart.eu\\\/#\\\/schema\\\/logo\\\/image\\\/\"},\"sameAs\":[\"https:\\\/\\\/www.facebook.com\\\/etnoart.handicraft.shop\"]}]}<\/script>\n<!-- \/ Yoast SEO plugin. -->","yoast_head_json":{"title":"K\u00fctteuualus tarvikutega |EtnoArt| Kaminatarbed ja puukorvid","description":"Tugev ja praktiline K\u00fctteuualus tarvikutega. Metallist k\u00fctteuualus koos roobi, harja, k\u00fchvli ja tuletangidega hoiab k\u00f5ik kaminat\u00f6\u00f6ks vajaliku \u00fches kohas.","robots":{"index":"index","follow":"follow","max-snippet":"max-snippet:-1","max-image-preview":"max-image-preview:large","max-video-preview":"max-video-preview:-1"},"canonical":"https:\/\/etnoart.eu\/toode\/kutteuualus-tarvikutega\/","og_locale":"lv_LV","og_type":"article","og_title":"K\u00fctteuualus tarvikutega |EtnoArt| Kaminatarbed ja puukorvid","og_description":"Tugev ja praktiline K\u00fctteuualus tarvikutega. Metallist k\u00fctteuualus koos roobi, harja, k\u00fchvli ja tuletangidega hoiab k\u00f5ik kaminat\u00f6\u00f6ks vajaliku \u00fches kohas.","og_url":"https:\/\/etnoart.eu\/toode\/kutteuualus-tarvikutega\/","og_site_name":"Etnoart","article_publisher":"https:\/\/www.facebook.com\/etnoart.handicraft.shop","article_modified_time":"2026-01-20T04:51:42+00:00","og_image":[{"width":750,"height":750,"url":"https:\/\/etnoart.eu\/wp-content\/uploads\/2023\/06\/1008-Puualus-tarvikutega-Kaminatarbed-ja-puukorvid.jpg","type":"image\/jpeg"}],"twitter_card":"summary_large_image","twitter_misc":{"Est. reading time":"1 minute"},"schema":{"@context":"https:\/\/schema.org","@graph":[{"@type":"WebPage","@id":"https:\/\/etnoart.eu\/toode\/kutteuualus-tarvikutega\/","url":"https:\/\/etnoart.eu\/toode\/kutteuualus-tarvikutega\/","name":"K\u00fctteuualus tarvikutega |EtnoArt| Kaminatarbed ja puukorvid","isPartOf":{"@id":"https:\/\/etnoart.eu\/#website"},"primaryImageOfPage":{"@id":"https:\/\/etnoart.eu\/toode\/kutteuualus-tarvikutega\/#primaryimage"},"image":{"@id":"https:\/\/etnoart.eu\/toode\/kutteuualus-tarvikutega\/#primaryimage"},"thumbnailUrl":"https:\/\/etnoart.eu\/wp-content\/uploads\/2023\/06\/1008-Puualus-tarvikutega-Kaminatarbed-ja-puukorvid.jpg","datePublished":"2023-06-08T08:53:46+00:00","dateModified":"2026-01-20T04:51:42+00:00","description":"Tugev ja praktiline K\u00fctteuualus tarvikutega. Metallist k\u00fctteuualus koos roobi, harja, k\u00fchvli ja tuletangidega hoiab k\u00f5ik kaminat\u00f6\u00f6ks vajaliku \u00fches kohas.","breadcrumb":{"@id":"https:\/\/etnoart.eu\/toode\/kutteuualus-tarvikutega\/#breadcrumb"},"inLanguage":"lv-LV","potentialAction":[{"@type":"ReadAction","target":["https:\/\/etnoart.eu\/toode\/kutteuualus-tarvikutega\/"]}]},{"@type":"ImageObject","inLanguage":"lv-LV","@id":"https:\/\/etnoart.eu\/toode\/kutteuualus-tarvikutega\/#primaryimage","url":"https:\/\/etnoart.eu\/wp-content\/uploads\/2023\/06\/1008-Puualus-tarvikutega-Kaminatarbed-ja-puukorvid.jpg","contentUrl":"https:\/\/etnoart.eu\/wp-content\/uploads\/2023\/06\/1008-Puualus-tarvikutega-Kaminatarbed-ja-puukorvid.jpg","width":750,"height":750},{"@type":"BreadcrumbList","@id":"https:\/\/etnoart.eu\/toode\/kutteuualus-tarvikutega\/#breadcrumb","itemListElement":[{"@type":"ListItem","position":1,"name":"Home","item":"https:\/\/etnoart.eu\/lv\/"},{"@type":"ListItem","position":2,"name":"Pood","item":"https:\/\/etnoart.eu\/lv\/shop\/"},{"@type":"ListItem","position":3,"name":"K\u00fctteuualus tarvikutega"}]},{"@type":"WebSite","@id":"https:\/\/etnoart.eu\/#website","url":"https:\/\/etnoart.eu\/","name":"Etnoart","description":"K&auml;sit&ouml;&ouml;pood","publisher":{"@id":"https:\/\/etnoart.eu\/#organization"},"potentialAction":[{"@type":"SearchAction","target":{"@type":"EntryPoint","urlTemplate":"https:\/\/etnoart.eu\/?s={search_term_string}"},"query-input":{"@type":"PropertyValueSpecification","valueRequired":true,"valueName":"search_term_string"}}],"inLanguage":"lv-LV"},{"@type":"Organization","@id":"https:\/\/etnoart.eu\/#organization","name":"Etnoart O\u00dc","url":"https:\/\/etnoart.eu\/","logo":{"@type":"ImageObject","inLanguage":"lv-LV","@id":"https:\/\/etnoart.eu\/#\/schema\/logo\/image\/","url":"https:\/\/etnoart.eu\/wp-content\/uploads\/2023\/06\/etnoart-logo.png","contentUrl":"https:\/\/etnoart.eu\/wp-content\/uploads\/2023\/06\/etnoart-logo.png","width":491,"height":184,"caption":"Etnoart O\u00dc"},"image":{"@id":"https:\/\/etnoart.eu\/#\/schema\/logo\/image\/"},"sameAs":["https:\/\/www.facebook.com\/etnoart.handicraft.shop"]}]}},"builder_content":"","_links":{"self":[{"href":"https:\/\/etnoart.eu\/lv\/wp-json\/wp\/v2\/product\/2197","targetHints":{"allow":["GET"]}}],"collection":[{"href":"https:\/\/etnoart.eu\/lv\/wp-json\/wp\/v2\/product"}],"about":[{"href":"https:\/\/etnoart.eu\/lv\/wp-json\/wp\/v2\/types\/product"}],"wp:featuredmedia":[{"embeddable":true,"href":"https:\/\/etnoart.eu\/lv\/wp-json\/wp\/v2\/media\/2329"}],"wp:attachment":[{"href":"https:\/\/etnoart.eu\/lv\/wp-json\/wp\/v2\/media?parent=2197"}],"wp:term":[{"taxonomy":"product_brand","embeddable":true,"href":"https:\/\/etnoart.eu\/lv\/wp-json\/wp\/v2\/product_brand?post=2197"},{"taxonomy":"product_cat","embeddable":true,"href":"https:\/\/etnoart.eu\/lv\/wp-json\/wp\/v2\/product_cat?post=2197"},{"taxonomy":"product_tag","embeddable":true,"href":"https:\/\/etnoart.eu\/lv\/wp-json\/wp\/v2\/product_tag?post=2197"}],"curies":[{"name":"wp","href":"https:\/\/api.w.org\/{rel}","templated":true}]}}