{"id":1996,"date":"2023-06-08T08:53:23","date_gmt":"2023-06-08T08:53:23","guid":{"rendered":"https:\/\/etnoart.amsel.ee\/?post_type=product&#038;p=1996"},"modified":"2025-03-18T08:03:11","modified_gmt":"2025-03-18T08:03:11","slug":"riidenagi-kaar","status":"publish","type":"product","link":"https:\/\/etnoart.eu\/lv\/toode\/riidenagi-kaar\/","title":{"rendered":"Riidenagi \u201cKaar\u201d"},"content":{"rendered":"<p><strong>Riidenagi \u201cKaar\u201d<\/strong> on Eestis valmistatud kvaliteetne ja stiilne nagi, mis sobib suurep\u00e4raselt nii esikusse, k\u00f6\u00f6ki kui ka v\u00e4lik\u00f6\u00f6ki. Selle kaarjas disain lisab interj\u00f6\u00f6rile elegantsi ning tagab rohkem ruumi riiete ja aksessuaaride riputamiseks.<\/p>\n<p>66 cm pikkusele metallist aluslatile on needitud 4 tugevat nagikonksu, mis on valmistatud \u00fcmara profiiliga metallist. Konksude \u00fclemised otsad on sepistatud dekoratiivseks, andes nagile unikaalse v\u00e4limuse.<\/p>\n<p>Seinale kinnitamine on lihtne \u2013 nagi fikseeritakse kahe kruviga. Viimistluseks on vastupidav v\u00e4rvkate, mis kaitseb toodet niiskuse ja kulumise eest, v\u00f5imaldades selle kasutamist ka niiskemates ruumides nagu saun v\u00f5i v\u00e4lik\u00f6\u00f6k.<\/p>\n<p>Riidenagi &#8220;Kaar&#8221; on praktiline ja ajatu valik igasse koju, \u00fchendades vastupidavuse, funktsionaalsuse ja lihtsa, kuid elegantse disaini.<\/p>\n","protected":false},"excerpt":{"rendered":"<p> Riidenagi \u201cKaar\u201d \u2013 66 cm pikkune metallnagi 4 tugeva konksuga. Sobib esikusse, k\u00f6\u00f6ki ja v\u00e4lik\u00f6\u00f6ki. Niiskuskindel v\u00e4rvkate ja elegantne disain.<br \/>\n<strong>Kaal:<\/strong> 0,8 kg<br \/>\n<strong>Toote k\u00f5rgus:<\/strong> 140mm<br \/>\n<strong>Laius:<\/strong> 660mm<br \/>\n<strong>Toote viimistlus:<\/strong> V\u00e4rvitud<\/p>\n","protected":false},"featured_media":2234,"template":"","meta":[],"product_brand":[],"product_cat":[44],"product_tag":[],"class_list":{"0":"post-1996","1":"product","2":"type-product","3":"status-publish","4":"has-post-thumbnail","6":"product_cat-nagid-ja-lattnagid","7":"has-post-title","8":"has-post-date","9":"has-post-category","10":"has-post-tag","11":"has-post-comment","12":"has-post-author","13":"","15":"first","16":"instock","17":"taxable","18":"shipping-taxable","19":"purchasable","20":"product-type-simple"},"yoast_head":"<!-- This site is optimized with the Yoast SEO plugin v27.5 - https:\/\/yoast.com\/product\/yoast-seo-wordpress\/ -->\n<title>Riidenagi ``Kaar`` |EtnoArt| Nagid ja lattnagid<\/title>\n<meta name=\"description\" content=\"Riidenagi \u201cKaar\u201d \u2013 66 cm pikkune metallnagi 4 tugeva konksuga. Sobib esikusse, k\u00f6\u00f6ki ja v\u00e4lik\u00f6\u00f6ki. Niiskuskindel v\u00e4rvkate ja elegantne disain.\" \/>\n<meta name=\"robots\" content=\"index, follow, max-snippet:-1, max-image-preview:large, max-video-preview:-1\" \/>\n<link rel=\"canonical\" href=\"https:\/\/etnoart.eu\/toode\/riidenagi-kaar\/\" \/>\n<meta property=\"og:locale\" content=\"lv_LV\" \/>\n<meta property=\"og:type\" content=\"article\" \/>\n<meta property=\"og:title\" content=\"Riidenagi ``Kaar`` |EtnoArt| Nagid ja lattnagid\" \/>\n<meta property=\"og:description\" content=\"Riidenagi \u201cKaar\u201d \u2013 66 cm pikkune metallnagi 4 tugeva konksuga. Sobib esikusse, k\u00f6\u00f6ki ja v\u00e4lik\u00f6\u00f6ki. Niiskuskindel v\u00e4rvkate ja elegantne disain.\" \/>\n<meta property=\"og:url\" content=\"https:\/\/etnoart.eu\/toode\/riidenagi-kaar\/\" \/>\n<meta property=\"og:site_name\" content=\"Etnoart\" \/>\n<meta property=\"article:publisher\" content=\"https:\/\/www.facebook.com\/etnoart.handicraft.shop\" \/>\n<meta property=\"article:modified_time\" content=\"2025-03-18T08:03:11+00:00\" \/>\n<meta property=\"og:image\" content=\"https:\/\/etnoart.eu\/wp-content\/uploads\/2023\/06\/970-Riidenagi-Kaar-Nagid-ja-lattnagid.jpg\" \/>\n\t<meta property=\"og:image:width\" content=\"750\" \/>\n\t<meta property=\"og:image:height\" content=\"750\" \/>\n\t<meta property=\"og:image:type\" content=\"image\/jpeg\" \/>\n<meta name=\"twitter:card\" content=\"summary_large_image\" \/>\n<meta name=\"twitter:label1\" content=\"Est. reading time\" \/>\n\t<meta name=\"twitter:data1\" content=\"1 minute\" \/>\n<script type=\"application\/ld+json\" class=\"yoast-schema-graph\">{\"@context\":\"https:\\\/\\\/schema.org\",\"@graph\":[{\"@type\":\"WebPage\",\"@id\":\"https:\\\/\\\/etnoart.eu\\\/toode\\\/riidenagi-kaar\\\/\",\"url\":\"https:\\\/\\\/etnoart.eu\\\/toode\\\/riidenagi-kaar\\\/\",\"name\":\"Riidenagi ``Kaar`` |EtnoArt| Nagid ja lattnagid\",\"isPartOf\":{\"@id\":\"https:\\\/\\\/etnoart.eu\\\/#website\"},\"primaryImageOfPage\":{\"@id\":\"https:\\\/\\\/etnoart.eu\\\/toode\\\/riidenagi-kaar\\\/#primaryimage\"},\"image\":{\"@id\":\"https:\\\/\\\/etnoart.eu\\\/toode\\\/riidenagi-kaar\\\/#primaryimage\"},\"thumbnailUrl\":\"https:\\\/\\\/etnoart.eu\\\/wp-content\\\/uploads\\\/2023\\\/06\\\/970-Riidenagi-Kaar-Nagid-ja-lattnagid.jpg\",\"datePublished\":\"2023-06-08T08:53:23+00:00\",\"dateModified\":\"2025-03-18T08:03:11+00:00\",\"description\":\"Riidenagi \u201cKaar\u201d \u2013 66 cm pikkune metallnagi 4 tugeva konksuga. Sobib esikusse, k\u00f6\u00f6ki ja v\u00e4lik\u00f6\u00f6ki. Niiskuskindel v\u00e4rvkate ja elegantne disain.\",\"breadcrumb\":{\"@id\":\"https:\\\/\\\/etnoart.eu\\\/toode\\\/riidenagi-kaar\\\/#breadcrumb\"},\"inLanguage\":\"lv-LV\",\"potentialAction\":[{\"@type\":\"ReadAction\",\"target\":[\"https:\\\/\\\/etnoart.eu\\\/toode\\\/riidenagi-kaar\\\/\"]}]},{\"@type\":\"ImageObject\",\"inLanguage\":\"lv-LV\",\"@id\":\"https:\\\/\\\/etnoart.eu\\\/toode\\\/riidenagi-kaar\\\/#primaryimage\",\"url\":\"https:\\\/\\\/etnoart.eu\\\/wp-content\\\/uploads\\\/2023\\\/06\\\/970-Riidenagi-Kaar-Nagid-ja-lattnagid.jpg\",\"contentUrl\":\"https:\\\/\\\/etnoart.eu\\\/wp-content\\\/uploads\\\/2023\\\/06\\\/970-Riidenagi-Kaar-Nagid-ja-lattnagid.jpg\",\"width\":750,\"height\":750,\"caption\":\"Riidenagi \u201cKaar\u201d\"},{\"@type\":\"BreadcrumbList\",\"@id\":\"https:\\\/\\\/etnoart.eu\\\/toode\\\/riidenagi-kaar\\\/#breadcrumb\",\"itemListElement\":[{\"@type\":\"ListItem\",\"position\":1,\"name\":\"Home\",\"item\":\"https:\\\/\\\/etnoart.eu\\\/lv\\\/\"},{\"@type\":\"ListItem\",\"position\":2,\"name\":\"Pood\",\"item\":\"https:\\\/\\\/etnoart.eu\\\/lv\\\/shop\\\/\"},{\"@type\":\"ListItem\",\"position\":3,\"name\":\"Riidenagi \u201cKaar\u201d\"}]},{\"@type\":\"WebSite\",\"@id\":\"https:\\\/\\\/etnoart.eu\\\/#website\",\"url\":\"https:\\\/\\\/etnoart.eu\\\/\",\"name\":\"Etnoart\",\"description\":\"K&auml;sit&ouml;&ouml;pood\",\"publisher\":{\"@id\":\"https:\\\/\\\/etnoart.eu\\\/#organization\"},\"potentialAction\":[{\"@type\":\"SearchAction\",\"target\":{\"@type\":\"EntryPoint\",\"urlTemplate\":\"https:\\\/\\\/etnoart.eu\\\/?s={search_term_string}\"},\"query-input\":{\"@type\":\"PropertyValueSpecification\",\"valueRequired\":true,\"valueName\":\"search_term_string\"}}],\"inLanguage\":\"lv-LV\"},{\"@type\":\"Organization\",\"@id\":\"https:\\\/\\\/etnoart.eu\\\/#organization\",\"name\":\"Etnoart O\u00dc\",\"url\":\"https:\\\/\\\/etnoart.eu\\\/\",\"logo\":{\"@type\":\"ImageObject\",\"inLanguage\":\"lv-LV\",\"@id\":\"https:\\\/\\\/etnoart.eu\\\/#\\\/schema\\\/logo\\\/image\\\/\",\"url\":\"https:\\\/\\\/etnoart.eu\\\/wp-content\\\/uploads\\\/2023\\\/06\\\/etnoart-logo.png\",\"contentUrl\":\"https:\\\/\\\/etnoart.eu\\\/wp-content\\\/uploads\\\/2023\\\/06\\\/etnoart-logo.png\",\"width\":491,\"height\":184,\"caption\":\"Etnoart O\u00dc\"},\"image\":{\"@id\":\"https:\\\/\\\/etnoart.eu\\\/#\\\/schema\\\/logo\\\/image\\\/\"},\"sameAs\":[\"https:\\\/\\\/www.facebook.com\\\/etnoart.handicraft.shop\"]}]}<\/script>\n<!-- \/ Yoast SEO plugin. -->","yoast_head_json":{"title":"Riidenagi ``Kaar`` |EtnoArt| Nagid ja lattnagid","description":"Riidenagi \u201cKaar\u201d \u2013 66 cm pikkune metallnagi 4 tugeva konksuga. Sobib esikusse, k\u00f6\u00f6ki ja v\u00e4lik\u00f6\u00f6ki. Niiskuskindel v\u00e4rvkate ja elegantne disain.","robots":{"index":"index","follow":"follow","max-snippet":"max-snippet:-1","max-image-preview":"max-image-preview:large","max-video-preview":"max-video-preview:-1"},"canonical":"https:\/\/etnoart.eu\/toode\/riidenagi-kaar\/","og_locale":"lv_LV","og_type":"article","og_title":"Riidenagi ``Kaar`` |EtnoArt| Nagid ja lattnagid","og_description":"Riidenagi \u201cKaar\u201d \u2013 66 cm pikkune metallnagi 4 tugeva konksuga. Sobib esikusse, k\u00f6\u00f6ki ja v\u00e4lik\u00f6\u00f6ki. Niiskuskindel v\u00e4rvkate ja elegantne disain.","og_url":"https:\/\/etnoart.eu\/toode\/riidenagi-kaar\/","og_site_name":"Etnoart","article_publisher":"https:\/\/www.facebook.com\/etnoart.handicraft.shop","article_modified_time":"2025-03-18T08:03:11+00:00","og_image":[{"width":750,"height":750,"url":"https:\/\/etnoart.eu\/wp-content\/uploads\/2023\/06\/970-Riidenagi-Kaar-Nagid-ja-lattnagid.jpg","type":"image\/jpeg"}],"twitter_card":"summary_large_image","twitter_misc":{"Est. reading time":"1 minute"},"schema":{"@context":"https:\/\/schema.org","@graph":[{"@type":"WebPage","@id":"https:\/\/etnoart.eu\/toode\/riidenagi-kaar\/","url":"https:\/\/etnoart.eu\/toode\/riidenagi-kaar\/","name":"Riidenagi ``Kaar`` |EtnoArt| Nagid ja lattnagid","isPartOf":{"@id":"https:\/\/etnoart.eu\/#website"},"primaryImageOfPage":{"@id":"https:\/\/etnoart.eu\/toode\/riidenagi-kaar\/#primaryimage"},"image":{"@id":"https:\/\/etnoart.eu\/toode\/riidenagi-kaar\/#primaryimage"},"thumbnailUrl":"https:\/\/etnoart.eu\/wp-content\/uploads\/2023\/06\/970-Riidenagi-Kaar-Nagid-ja-lattnagid.jpg","datePublished":"2023-06-08T08:53:23+00:00","dateModified":"2025-03-18T08:03:11+00:00","description":"Riidenagi \u201cKaar\u201d \u2013 66 cm pikkune metallnagi 4 tugeva konksuga. Sobib esikusse, k\u00f6\u00f6ki ja v\u00e4lik\u00f6\u00f6ki. Niiskuskindel v\u00e4rvkate ja elegantne disain.","breadcrumb":{"@id":"https:\/\/etnoart.eu\/toode\/riidenagi-kaar\/#breadcrumb"},"inLanguage":"lv-LV","potentialAction":[{"@type":"ReadAction","target":["https:\/\/etnoart.eu\/toode\/riidenagi-kaar\/"]}]},{"@type":"ImageObject","inLanguage":"lv-LV","@id":"https:\/\/etnoart.eu\/toode\/riidenagi-kaar\/#primaryimage","url":"https:\/\/etnoart.eu\/wp-content\/uploads\/2023\/06\/970-Riidenagi-Kaar-Nagid-ja-lattnagid.jpg","contentUrl":"https:\/\/etnoart.eu\/wp-content\/uploads\/2023\/06\/970-Riidenagi-Kaar-Nagid-ja-lattnagid.jpg","width":750,"height":750,"caption":"Riidenagi \u201cKaar\u201d"},{"@type":"BreadcrumbList","@id":"https:\/\/etnoart.eu\/toode\/riidenagi-kaar\/#breadcrumb","itemListElement":[{"@type":"ListItem","position":1,"name":"Home","item":"https:\/\/etnoart.eu\/lv\/"},{"@type":"ListItem","position":2,"name":"Pood","item":"https:\/\/etnoart.eu\/lv\/shop\/"},{"@type":"ListItem","position":3,"name":"Riidenagi \u201cKaar\u201d"}]},{"@type":"WebSite","@id":"https:\/\/etnoart.eu\/#website","url":"https:\/\/etnoart.eu\/","name":"Etnoart","description":"K&auml;sit&ouml;&ouml;pood","publisher":{"@id":"https:\/\/etnoart.eu\/#organization"},"potentialAction":[{"@type":"SearchAction","target":{"@type":"EntryPoint","urlTemplate":"https:\/\/etnoart.eu\/?s={search_term_string}"},"query-input":{"@type":"PropertyValueSpecification","valueRequired":true,"valueName":"search_term_string"}}],"inLanguage":"lv-LV"},{"@type":"Organization","@id":"https:\/\/etnoart.eu\/#organization","name":"Etnoart O\u00dc","url":"https:\/\/etnoart.eu\/","logo":{"@type":"ImageObject","inLanguage":"lv-LV","@id":"https:\/\/etnoart.eu\/#\/schema\/logo\/image\/","url":"https:\/\/etnoart.eu\/wp-content\/uploads\/2023\/06\/etnoart-logo.png","contentUrl":"https:\/\/etnoart.eu\/wp-content\/uploads\/2023\/06\/etnoart-logo.png","width":491,"height":184,"caption":"Etnoart O\u00dc"},"image":{"@id":"https:\/\/etnoart.eu\/#\/schema\/logo\/image\/"},"sameAs":["https:\/\/www.facebook.com\/etnoart.handicraft.shop"]}]}},"builder_content":"","_links":{"self":[{"href":"https:\/\/etnoart.eu\/lv\/wp-json\/wp\/v2\/product\/1996","targetHints":{"allow":["GET"]}}],"collection":[{"href":"https:\/\/etnoart.eu\/lv\/wp-json\/wp\/v2\/product"}],"about":[{"href":"https:\/\/etnoart.eu\/lv\/wp-json\/wp\/v2\/types\/product"}],"wp:featuredmedia":[{"embeddable":true,"href":"https:\/\/etnoart.eu\/lv\/wp-json\/wp\/v2\/media\/2234"}],"wp:attachment":[{"href":"https:\/\/etnoart.eu\/lv\/wp-json\/wp\/v2\/media?parent=1996"}],"wp:term":[{"taxonomy":"product_brand","embeddable":true,"href":"https:\/\/etnoart.eu\/lv\/wp-json\/wp\/v2\/product_brand?post=1996"},{"taxonomy":"product_cat","embeddable":true,"href":"https:\/\/etnoart.eu\/lv\/wp-json\/wp\/v2\/product_cat?post=1996"},{"taxonomy":"product_tag","embeddable":true,"href":"https:\/\/etnoart.eu\/lv\/wp-json\/wp\/v2\/product_tag?post=1996"}],"curies":[{"name":"wp","href":"https:\/\/api.w.org\/{rel}","templated":true}]}}