{"id":1585,"date":"2023-06-08T08:52:33","date_gmt":"2023-06-08T08:52:33","guid":{"rendered":"https:\/\/etnoart.amsel.ee\/?post_type=product&#038;p=1585"},"modified":"2025-04-05T14:09:36","modified_gmt":"2025-04-05T14:09:36","slug":"kaepide-aknale","status":"publish","type":"product","link":"https:\/\/etnoart.eu\/lv\/toode\/kaepide-aknale\/","title":{"rendered":"K\u00e4epide aknale"},"content":{"rendered":"<p>See sepistatud akna k\u00e4epide on valmistatud k\u00e4sit\u00f6\u00f6na kogenud seppade poolt, j\u00e4rgides vanu traditsioonilisi t\u00f6\u00f6v\u00f5tteid. K\u00e4epide on sepistatud rauast, mis on p\u00e4rast puhastamist kuumutatud \u00f5igesse temperatuurivahemikku ning kastetud lina\u00f5lisse. Tulemuseks on must viimistlus, mida nimetatakse mustamiseks \u2013 see kaitseb pinda ja toob kaunilt esile sepisraua ainulaadsed jooned. Puhastamiseks sobib \u00f5lise lapiga h\u00f5\u00f5rumine. Viimistlus ei ole sobilik otsese vihma k\u00e4es kasutamiseks.<\/p>\n<p>K\u00e4epide kaalub umbes 80 grammi ja on 8,5 cm laiune. Alusplaadi kruviaukude vahed vastavad standardsetele m\u00f5\u00f5tudele, mis on kasutusel ka kaubandusv\u00f5rgus levinud aknalukkudel \u2013 t\u00e4nu sellele sobib see k\u00e4epide enamikele aknalukkudele ilma erilahendust vajamata.<\/p>\n<p>Toode sobib h\u00e4sti akna lukusti avamiseks, eriti palkmajadele, saunadele ja suvilatele, kus hinnatakse maal\u00e4hedast k\u00e4sit\u00f6\u00f6 h\u00f5ngu. K\u00e4epide lisab isikup\u00e4ra ning \u00fchendab praktilisuse kauni sepisdisainiga.<\/p>\n<p>Iga toode on unikaalne, sest k\u00e4sit\u00f6\u00f6na valmivad esemed ei ole kunagi t\u00e4iesti identsed. Tugev, kvaliteetne ja esteetiline valik neile, kes soovivad midagi enamat kui tavap\u00e4rane masstoodang.<\/p>\n<p>\ud83d\udee0 Kruvid ei kuulu komplekti. Hetkel on saadaval ainult musta viimistlusega versioon.<\/p>\n","protected":false},"excerpt":{"rendered":"<p>K\u00e4sit\u00f6\u00f6na sepistatud k\u00e4epide aknale. Mustatud viimistlus, sobib palkmajadele ja suvilatele. Tugev ja ainulaadne sepisdetail.<br \/>\n<strong>Laius:<\/strong> 8,5cm<br \/>\n<strong>Toote kaal:<\/strong> 100g<br \/>\n<strong>Toote viimistlus:<\/strong> Mustatud \u00f5liga<\/p>\n","protected":false},"featured_media":5889,"template":"","meta":[],"product_brand":[],"product_cat":[43],"product_tag":[],"class_list":{"0":"post-1585","1":"product","2":"type-product","3":"status-publish","4":"has-post-thumbnail","6":"product_cat-kaepidemed-ja-uksekoputid","7":"has-post-title","8":"has-post-date","9":"has-post-category","10":"has-post-tag","11":"has-post-comment","12":"has-post-author","13":"","15":"first","16":"instock","17":"taxable","18":"shipping-taxable","19":"purchasable","20":"product-type-simple"},"yoast_head":"<!-- This site is optimized with the Yoast SEO plugin v27.4 - https:\/\/yoast.com\/product\/yoast-seo-wordpress\/ -->\n<title>K\u00e4epide aknale |EtnoArt| K\u00e4epidemed ja uksekoputid<\/title>\n<meta name=\"description\" content=\"K\u00e4sit\u00f6\u00f6na sepistatud k\u00e4epide aknale. Mustatud viimistlus, sobib palkmajadele ja suvilatele. Tugev ja ainulaadne sepisdetail.\" \/>\n<meta name=\"robots\" content=\"index, follow, max-snippet:-1, max-image-preview:large, max-video-preview:-1\" \/>\n<link rel=\"canonical\" href=\"https:\/\/etnoart.eu\/toode\/kaepide-aknale\/\" \/>\n<meta property=\"og:locale\" content=\"lv_LV\" \/>\n<meta property=\"og:type\" content=\"article\" \/>\n<meta property=\"og:title\" content=\"K\u00e4epide aknale |EtnoArt| K\u00e4epidemed ja uksekoputid\" \/>\n<meta property=\"og:description\" content=\"K\u00e4sit\u00f6\u00f6na sepistatud k\u00e4epide aknale. Mustatud viimistlus, sobib palkmajadele ja suvilatele. Tugev ja ainulaadne sepisdetail.\" \/>\n<meta property=\"og:url\" content=\"https:\/\/etnoart.eu\/toode\/kaepide-aknale\/\" \/>\n<meta property=\"og:site_name\" content=\"Etnoart\" \/>\n<meta property=\"article:publisher\" content=\"https:\/\/www.facebook.com\/etnoart.handicraft.shop\" \/>\n<meta property=\"article:modified_time\" content=\"2025-04-05T14:09:36+00:00\" \/>\n<meta property=\"og:image\" content=\"https:\/\/etnoart.eu\/wp-content\/uploads\/2023\/06\/Kaepide-aknale.png\" \/>\n\t<meta property=\"og:image:width\" content=\"1000\" \/>\n\t<meta property=\"og:image:height\" content=\"1000\" \/>\n\t<meta property=\"og:image:type\" content=\"image\/png\" \/>\n<meta name=\"twitter:card\" content=\"summary_large_image\" \/>\n<meta name=\"twitter:label1\" content=\"Est. reading time\" \/>\n\t<meta name=\"twitter:data1\" content=\"2 minutes\" \/>\n<script type=\"application\/ld+json\" class=\"yoast-schema-graph\">{\"@context\":\"https:\\\/\\\/schema.org\",\"@graph\":[{\"@type\":\"WebPage\",\"@id\":\"https:\\\/\\\/etnoart.eu\\\/toode\\\/kaepide-aknale\\\/\",\"url\":\"https:\\\/\\\/etnoart.eu\\\/toode\\\/kaepide-aknale\\\/\",\"name\":\"K\u00e4epide aknale |EtnoArt| K\u00e4epidemed ja uksekoputid\",\"isPartOf\":{\"@id\":\"https:\\\/\\\/etnoart.eu\\\/#website\"},\"primaryImageOfPage\":{\"@id\":\"https:\\\/\\\/etnoart.eu\\\/toode\\\/kaepide-aknale\\\/#primaryimage\"},\"image\":{\"@id\":\"https:\\\/\\\/etnoart.eu\\\/toode\\\/kaepide-aknale\\\/#primaryimage\"},\"thumbnailUrl\":\"https:\\\/\\\/etnoart.eu\\\/wp-content\\\/uploads\\\/2023\\\/06\\\/Kaepide-aknale.png\",\"datePublished\":\"2023-06-08T08:52:33+00:00\",\"dateModified\":\"2025-04-05T14:09:36+00:00\",\"description\":\"K\u00e4sit\u00f6\u00f6na sepistatud k\u00e4epide aknale. Mustatud viimistlus, sobib palkmajadele ja suvilatele. Tugev ja ainulaadne sepisdetail.\",\"breadcrumb\":{\"@id\":\"https:\\\/\\\/etnoart.eu\\\/toode\\\/kaepide-aknale\\\/#breadcrumb\"},\"inLanguage\":\"lv-LV\",\"potentialAction\":[{\"@type\":\"ReadAction\",\"target\":[\"https:\\\/\\\/etnoart.eu\\\/toode\\\/kaepide-aknale\\\/\"]}]},{\"@type\":\"ImageObject\",\"inLanguage\":\"lv-LV\",\"@id\":\"https:\\\/\\\/etnoart.eu\\\/toode\\\/kaepide-aknale\\\/#primaryimage\",\"url\":\"https:\\\/\\\/etnoart.eu\\\/wp-content\\\/uploads\\\/2023\\\/06\\\/Kaepide-aknale.png\",\"contentUrl\":\"https:\\\/\\\/etnoart.eu\\\/wp-content\\\/uploads\\\/2023\\\/06\\\/Kaepide-aknale.png\",\"width\":1000,\"height\":1000,\"caption\":\"K\u00e4epide aknale\"},{\"@type\":\"BreadcrumbList\",\"@id\":\"https:\\\/\\\/etnoart.eu\\\/toode\\\/kaepide-aknale\\\/#breadcrumb\",\"itemListElement\":[{\"@type\":\"ListItem\",\"position\":1,\"name\":\"Home\",\"item\":\"https:\\\/\\\/etnoart.eu\\\/lv\\\/\"},{\"@type\":\"ListItem\",\"position\":2,\"name\":\"Pood\",\"item\":\"https:\\\/\\\/etnoart.eu\\\/lv\\\/shop\\\/\"},{\"@type\":\"ListItem\",\"position\":3,\"name\":\"K\u00e4epide aknale\"}]},{\"@type\":\"WebSite\",\"@id\":\"https:\\\/\\\/etnoart.eu\\\/#website\",\"url\":\"https:\\\/\\\/etnoart.eu\\\/\",\"name\":\"Etnoart\",\"description\":\"K&auml;sit&ouml;&ouml;pood\",\"publisher\":{\"@id\":\"https:\\\/\\\/etnoart.eu\\\/#organization\"},\"potentialAction\":[{\"@type\":\"SearchAction\",\"target\":{\"@type\":\"EntryPoint\",\"urlTemplate\":\"https:\\\/\\\/etnoart.eu\\\/?s={search_term_string}\"},\"query-input\":{\"@type\":\"PropertyValueSpecification\",\"valueRequired\":true,\"valueName\":\"search_term_string\"}}],\"inLanguage\":\"lv-LV\"},{\"@type\":\"Organization\",\"@id\":\"https:\\\/\\\/etnoart.eu\\\/#organization\",\"name\":\"Etnoart O\u00dc\",\"url\":\"https:\\\/\\\/etnoart.eu\\\/\",\"logo\":{\"@type\":\"ImageObject\",\"inLanguage\":\"lv-LV\",\"@id\":\"https:\\\/\\\/etnoart.eu\\\/#\\\/schema\\\/logo\\\/image\\\/\",\"url\":\"https:\\\/\\\/etnoart.eu\\\/wp-content\\\/uploads\\\/2023\\\/06\\\/etnoart-logo.png\",\"contentUrl\":\"https:\\\/\\\/etnoart.eu\\\/wp-content\\\/uploads\\\/2023\\\/06\\\/etnoart-logo.png\",\"width\":491,\"height\":184,\"caption\":\"Etnoart O\u00dc\"},\"image\":{\"@id\":\"https:\\\/\\\/etnoart.eu\\\/#\\\/schema\\\/logo\\\/image\\\/\"},\"sameAs\":[\"https:\\\/\\\/www.facebook.com\\\/etnoart.handicraft.shop\"]}]}<\/script>\n<!-- \/ Yoast SEO plugin. -->","yoast_head_json":{"title":"K\u00e4epide aknale |EtnoArt| K\u00e4epidemed ja uksekoputid","description":"K\u00e4sit\u00f6\u00f6na sepistatud k\u00e4epide aknale. Mustatud viimistlus, sobib palkmajadele ja suvilatele. Tugev ja ainulaadne sepisdetail.","robots":{"index":"index","follow":"follow","max-snippet":"max-snippet:-1","max-image-preview":"max-image-preview:large","max-video-preview":"max-video-preview:-1"},"canonical":"https:\/\/etnoart.eu\/toode\/kaepide-aknale\/","og_locale":"lv_LV","og_type":"article","og_title":"K\u00e4epide aknale |EtnoArt| K\u00e4epidemed ja uksekoputid","og_description":"K\u00e4sit\u00f6\u00f6na sepistatud k\u00e4epide aknale. Mustatud viimistlus, sobib palkmajadele ja suvilatele. Tugev ja ainulaadne sepisdetail.","og_url":"https:\/\/etnoart.eu\/toode\/kaepide-aknale\/","og_site_name":"Etnoart","article_publisher":"https:\/\/www.facebook.com\/etnoart.handicraft.shop","article_modified_time":"2025-04-05T14:09:36+00:00","og_image":[{"width":1000,"height":1000,"url":"https:\/\/etnoart.eu\/wp-content\/uploads\/2023\/06\/Kaepide-aknale.png","type":"image\/png"}],"twitter_card":"summary_large_image","twitter_misc":{"Est. reading time":"2 minutes"},"schema":{"@context":"https:\/\/schema.org","@graph":[{"@type":"WebPage","@id":"https:\/\/etnoart.eu\/toode\/kaepide-aknale\/","url":"https:\/\/etnoart.eu\/toode\/kaepide-aknale\/","name":"K\u00e4epide aknale |EtnoArt| K\u00e4epidemed ja uksekoputid","isPartOf":{"@id":"https:\/\/etnoart.eu\/#website"},"primaryImageOfPage":{"@id":"https:\/\/etnoart.eu\/toode\/kaepide-aknale\/#primaryimage"},"image":{"@id":"https:\/\/etnoart.eu\/toode\/kaepide-aknale\/#primaryimage"},"thumbnailUrl":"https:\/\/etnoart.eu\/wp-content\/uploads\/2023\/06\/Kaepide-aknale.png","datePublished":"2023-06-08T08:52:33+00:00","dateModified":"2025-04-05T14:09:36+00:00","description":"K\u00e4sit\u00f6\u00f6na sepistatud k\u00e4epide aknale. Mustatud viimistlus, sobib palkmajadele ja suvilatele. Tugev ja ainulaadne sepisdetail.","breadcrumb":{"@id":"https:\/\/etnoart.eu\/toode\/kaepide-aknale\/#breadcrumb"},"inLanguage":"lv-LV","potentialAction":[{"@type":"ReadAction","target":["https:\/\/etnoart.eu\/toode\/kaepide-aknale\/"]}]},{"@type":"ImageObject","inLanguage":"lv-LV","@id":"https:\/\/etnoart.eu\/toode\/kaepide-aknale\/#primaryimage","url":"https:\/\/etnoart.eu\/wp-content\/uploads\/2023\/06\/Kaepide-aknale.png","contentUrl":"https:\/\/etnoart.eu\/wp-content\/uploads\/2023\/06\/Kaepide-aknale.png","width":1000,"height":1000,"caption":"K\u00e4epide aknale"},{"@type":"BreadcrumbList","@id":"https:\/\/etnoart.eu\/toode\/kaepide-aknale\/#breadcrumb","itemListElement":[{"@type":"ListItem","position":1,"name":"Home","item":"https:\/\/etnoart.eu\/lv\/"},{"@type":"ListItem","position":2,"name":"Pood","item":"https:\/\/etnoart.eu\/lv\/shop\/"},{"@type":"ListItem","position":3,"name":"K\u00e4epide aknale"}]},{"@type":"WebSite","@id":"https:\/\/etnoart.eu\/#website","url":"https:\/\/etnoart.eu\/","name":"Etnoart","description":"K&auml;sit&ouml;&ouml;pood","publisher":{"@id":"https:\/\/etnoart.eu\/#organization"},"potentialAction":[{"@type":"SearchAction","target":{"@type":"EntryPoint","urlTemplate":"https:\/\/etnoart.eu\/?s={search_term_string}"},"query-input":{"@type":"PropertyValueSpecification","valueRequired":true,"valueName":"search_term_string"}}],"inLanguage":"lv-LV"},{"@type":"Organization","@id":"https:\/\/etnoart.eu\/#organization","name":"Etnoart O\u00dc","url":"https:\/\/etnoart.eu\/","logo":{"@type":"ImageObject","inLanguage":"lv-LV","@id":"https:\/\/etnoart.eu\/#\/schema\/logo\/image\/","url":"https:\/\/etnoart.eu\/wp-content\/uploads\/2023\/06\/etnoart-logo.png","contentUrl":"https:\/\/etnoart.eu\/wp-content\/uploads\/2023\/06\/etnoart-logo.png","width":491,"height":184,"caption":"Etnoart O\u00dc"},"image":{"@id":"https:\/\/etnoart.eu\/#\/schema\/logo\/image\/"},"sameAs":["https:\/\/www.facebook.com\/etnoart.handicraft.shop"]}]}},"builder_content":"","_links":{"self":[{"href":"https:\/\/etnoart.eu\/lv\/wp-json\/wp\/v2\/product\/1585","targetHints":{"allow":["GET"]}}],"collection":[{"href":"https:\/\/etnoart.eu\/lv\/wp-json\/wp\/v2\/product"}],"about":[{"href":"https:\/\/etnoart.eu\/lv\/wp-json\/wp\/v2\/types\/product"}],"wp:featuredmedia":[{"embeddable":true,"href":"https:\/\/etnoart.eu\/lv\/wp-json\/wp\/v2\/media\/5889"}],"wp:attachment":[{"href":"https:\/\/etnoart.eu\/lv\/wp-json\/wp\/v2\/media?parent=1585"}],"wp:term":[{"taxonomy":"product_brand","embeddable":true,"href":"https:\/\/etnoart.eu\/lv\/wp-json\/wp\/v2\/product_brand?post=1585"},{"taxonomy":"product_cat","embeddable":true,"href":"https:\/\/etnoart.eu\/lv\/wp-json\/wp\/v2\/product_cat?post=1585"},{"taxonomy":"product_tag","embeddable":true,"href":"https:\/\/etnoart.eu\/lv\/wp-json\/wp\/v2\/product_tag?post=1585"}],"curies":[{"name":"wp","href":"https:\/\/api.w.org\/{rel}","templated":true}]}}