{"id":1577,"date":"2023-06-08T08:52:33","date_gmt":"2023-06-08T08:52:33","guid":{"rendered":"https:\/\/etnoart.amsel.ee\/?post_type=product&#038;p=1577"},"modified":"2025-03-17T16:26:09","modified_gmt":"2025-03-17T16:26:09","slug":"nagi-kala","status":"publish","type":"product","link":"https:\/\/etnoart.eu\/lv\/toode\/nagi-kala\/","title":{"rendered":"Nagi &#8220;Kala&#8220;"},"content":{"rendered":"<p><strong>Nagi &#8220;Kala&#8220;<\/strong> on k\u00e4sit\u00f6\u00f6na valmistatud ainulaadne seinale kinnitatav nagi, mille disain on inspireeritud kala skelettidest. See sepisest nagi \u00fchendab endas praktilisuse ja dekoratiivse kunsti, tuues ruumi oman\u00e4olise ja rustikaalse ilme.<\/p>\n<p>Tootel on 5 tugevat nagikonksu, mis sobivad suurep\u00e4raselt kergete \u00fcleriiete, sallide, kottide v\u00f5i r\u00e4tikute riputamiseks. Oma kompaktse suuruse t\u00f5ttu sobib Nagi &#8220;Kala&#8220; ideaalselt k\u00f6\u00f6ki, suvekodusse, sauna eesruumi v\u00f5i isegi kalameeste t\u00f6\u00f6kohta, andes sellele isikup\u00e4rase aktsendi.<\/p>\n<p>Viimistluseks on kasutatud vastupidavat pulberlakki, mis s\u00e4ilitab metalli loomuliku struktuuri ning annab pinnale niiskuskindluse. See tagab, et nagi s\u00e4ilitab oma kvaliteedi ka niiskemates ruumides.<\/p>\n<p>Kala-kujuline nagi on ideaalne valik neile, kes armastavad mereteemalisi dekoratsioone ja soovivad lisada oma interj\u00f6\u00f6ri midagi unikaalset ja funktsionaalset.<\/p>\n","protected":false},"excerpt":{"rendered":"<p>Nagi &#8220;Kala&#8220; \u2013 k\u00e4sitsi sepistatud dekoratiivne seinanagi 5 konksuga. Ideaalne k\u00f6\u00f6ki, sauna eesruumi v\u00f5i suvekodusse. Rustikaalne ja praktiline valik!<br \/>\n<strong>Kaal:<\/strong> 3 kg<br \/>\n<strong>Toote k\u00f5rgus:<\/strong> 12cm<br \/>\n<strong>Laius:<\/strong> 54cm<br \/>\n<strong>Toote kaal:<\/strong> 3kg<br \/>\n<strong>Toote viimistlus:<\/strong> Lakitud<\/p>\n","protected":false},"featured_media":5545,"template":"","meta":[],"product_brand":[],"product_cat":[44],"product_tag":[],"class_list":{"0":"post-1577","1":"product","2":"type-product","3":"status-publish","4":"has-post-thumbnail","6":"product_cat-nagid-ja-lattnagid","7":"has-post-title","8":"has-post-date","9":"has-post-category","10":"has-post-tag","11":"has-post-comment","12":"has-post-author","13":"","15":"first","16":"instock","17":"taxable","18":"shipping-taxable","19":"purchasable","20":"product-type-simple"},"yoast_head":"<!-- This site is optimized with the Yoast SEO plugin v27.3 - https:\/\/yoast.com\/product\/yoast-seo-wordpress\/ -->\n<title>Nagi ``Kala``|EtnoArt| Nagid ja lattnagid<\/title>\n<meta name=\"description\" content=\"Nagi ``Kala`` \u2013 k\u00e4sitsi sepistatud dekoratiivne seinanagi 5 konksuga. Ideaalne k\u00f6\u00f6ki, sauna eesruumi v\u00f5i suvekodusse. Rustikaalne ja praktiline valik!\" \/>\n<meta name=\"robots\" content=\"index, follow, max-snippet:-1, max-image-preview:large, max-video-preview:-1\" \/>\n<link rel=\"canonical\" href=\"https:\/\/etnoart.eu\/toode\/nagi-kala\/\" \/>\n<meta property=\"og:locale\" content=\"lv_LV\" \/>\n<meta property=\"og:type\" content=\"article\" \/>\n<meta property=\"og:title\" content=\"Nagi ``Kala``|EtnoArt| Nagid ja lattnagid\" \/>\n<meta property=\"og:description\" content=\"Nagi ``Kala`` \u2013 k\u00e4sitsi sepistatud dekoratiivne seinanagi 5 konksuga. Ideaalne k\u00f6\u00f6ki, sauna eesruumi v\u00f5i suvekodusse. Rustikaalne ja praktiline valik!\" \/>\n<meta property=\"og:url\" content=\"https:\/\/etnoart.eu\/toode\/nagi-kala\/\" \/>\n<meta property=\"og:site_name\" content=\"Etnoart\" \/>\n<meta property=\"article:publisher\" content=\"https:\/\/www.facebook.com\/etnoart.handicraft.shop\" \/>\n<meta property=\"article:modified_time\" content=\"2025-03-17T16:26:09+00:00\" \/>\n<meta property=\"og:image\" content=\"https:\/\/etnoart.eu\/wp-content\/uploads\/2023\/06\/Fishbone-Wall-Hook-Rack-Nagi-Kala-seinalle-kiinnitettava-kalanmuotoinen-naulakko-Garderobenhaken-Fischgrate.png\" \/>\n\t<meta property=\"og:image:width\" content=\"1300\" \/>\n\t<meta property=\"og:image:height\" content=\"1300\" \/>\n\t<meta property=\"og:image:type\" content=\"image\/png\" \/>\n<meta name=\"twitter:card\" content=\"summary_large_image\" \/>\n<meta name=\"twitter:label1\" content=\"Est. reading time\" \/>\n\t<meta name=\"twitter:data1\" content=\"1 minute\" \/>\n<script type=\"application\/ld+json\" class=\"yoast-schema-graph\">{\"@context\":\"https:\\\/\\\/schema.org\",\"@graph\":[{\"@type\":\"WebPage\",\"@id\":\"https:\\\/\\\/etnoart.eu\\\/toode\\\/nagi-kala\\\/\",\"url\":\"https:\\\/\\\/etnoart.eu\\\/toode\\\/nagi-kala\\\/\",\"name\":\"Nagi ``Kala``|EtnoArt| Nagid ja lattnagid\",\"isPartOf\":{\"@id\":\"https:\\\/\\\/etnoart.eu\\\/#website\"},\"primaryImageOfPage\":{\"@id\":\"https:\\\/\\\/etnoart.eu\\\/toode\\\/nagi-kala\\\/#primaryimage\"},\"image\":{\"@id\":\"https:\\\/\\\/etnoart.eu\\\/toode\\\/nagi-kala\\\/#primaryimage\"},\"thumbnailUrl\":\"https:\\\/\\\/etnoart.eu\\\/wp-content\\\/uploads\\\/2023\\\/06\\\/Fishbone-Wall-Hook-Rack-Nagi-Kala-seinalle-kiinnitettava-kalanmuotoinen-naulakko-Garderobenhaken-Fischgrate.png\",\"datePublished\":\"2023-06-08T08:52:33+00:00\",\"dateModified\":\"2025-03-17T16:26:09+00:00\",\"description\":\"Nagi ``Kala`` \u2013 k\u00e4sitsi sepistatud dekoratiivne seinanagi 5 konksuga. Ideaalne k\u00f6\u00f6ki, sauna eesruumi v\u00f5i suvekodusse. Rustikaalne ja praktiline valik!\",\"breadcrumb\":{\"@id\":\"https:\\\/\\\/etnoart.eu\\\/toode\\\/nagi-kala\\\/#breadcrumb\"},\"inLanguage\":\"lv-LV\",\"potentialAction\":[{\"@type\":\"ReadAction\",\"target\":[\"https:\\\/\\\/etnoart.eu\\\/toode\\\/nagi-kala\\\/\"]}]},{\"@type\":\"ImageObject\",\"inLanguage\":\"lv-LV\",\"@id\":\"https:\\\/\\\/etnoart.eu\\\/toode\\\/nagi-kala\\\/#primaryimage\",\"url\":\"https:\\\/\\\/etnoart.eu\\\/wp-content\\\/uploads\\\/2023\\\/06\\\/Fishbone-Wall-Hook-Rack-Nagi-Kala-seinalle-kiinnitettava-kalanmuotoinen-naulakko-Garderobenhaken-Fischgrate.png\",\"contentUrl\":\"https:\\\/\\\/etnoart.eu\\\/wp-content\\\/uploads\\\/2023\\\/06\\\/Fishbone-Wall-Hook-Rack-Nagi-Kala-seinalle-kiinnitettava-kalanmuotoinen-naulakko-Garderobenhaken-Fischgrate.png\",\"width\":1300,\"height\":1300,\"caption\":\"Nagi \u201cKala\u201c \u2013 k\u00e4sitsi sepistatud dekoratiivne seinanagi\"},{\"@type\":\"BreadcrumbList\",\"@id\":\"https:\\\/\\\/etnoart.eu\\\/toode\\\/nagi-kala\\\/#breadcrumb\",\"itemListElement\":[{\"@type\":\"ListItem\",\"position\":1,\"name\":\"Home\",\"item\":\"https:\\\/\\\/etnoart.eu\\\/lv\\\/\"},{\"@type\":\"ListItem\",\"position\":2,\"name\":\"Pood\",\"item\":\"https:\\\/\\\/etnoart.eu\\\/lv\\\/shop\\\/\"},{\"@type\":\"ListItem\",\"position\":3,\"name\":\"Nagi &#8220;Kala&#8220;\"}]},{\"@type\":\"WebSite\",\"@id\":\"https:\\\/\\\/etnoart.eu\\\/#website\",\"url\":\"https:\\\/\\\/etnoart.eu\\\/\",\"name\":\"Etnoart\",\"description\":\"K&auml;sit&ouml;&ouml;pood\",\"publisher\":{\"@id\":\"https:\\\/\\\/etnoart.eu\\\/#organization\"},\"potentialAction\":[{\"@type\":\"SearchAction\",\"target\":{\"@type\":\"EntryPoint\",\"urlTemplate\":\"https:\\\/\\\/etnoart.eu\\\/?s={search_term_string}\"},\"query-input\":{\"@type\":\"PropertyValueSpecification\",\"valueRequired\":true,\"valueName\":\"search_term_string\"}}],\"inLanguage\":\"lv-LV\"},{\"@type\":\"Organization\",\"@id\":\"https:\\\/\\\/etnoart.eu\\\/#organization\",\"name\":\"Etnoart O\u00dc\",\"url\":\"https:\\\/\\\/etnoart.eu\\\/\",\"logo\":{\"@type\":\"ImageObject\",\"inLanguage\":\"lv-LV\",\"@id\":\"https:\\\/\\\/etnoart.eu\\\/#\\\/schema\\\/logo\\\/image\\\/\",\"url\":\"https:\\\/\\\/etnoart.eu\\\/wp-content\\\/uploads\\\/2023\\\/06\\\/etnoart-logo.png\",\"contentUrl\":\"https:\\\/\\\/etnoart.eu\\\/wp-content\\\/uploads\\\/2023\\\/06\\\/etnoart-logo.png\",\"width\":491,\"height\":184,\"caption\":\"Etnoart O\u00dc\"},\"image\":{\"@id\":\"https:\\\/\\\/etnoart.eu\\\/#\\\/schema\\\/logo\\\/image\\\/\"},\"sameAs\":[\"https:\\\/\\\/www.facebook.com\\\/etnoart.handicraft.shop\"]}]}<\/script>\n<!-- \/ Yoast SEO plugin. -->","yoast_head_json":{"title":"Nagi ``Kala``|EtnoArt| Nagid ja lattnagid","description":"Nagi ``Kala`` \u2013 k\u00e4sitsi sepistatud dekoratiivne seinanagi 5 konksuga. Ideaalne k\u00f6\u00f6ki, sauna eesruumi v\u00f5i suvekodusse. Rustikaalne ja praktiline valik!","robots":{"index":"index","follow":"follow","max-snippet":"max-snippet:-1","max-image-preview":"max-image-preview:large","max-video-preview":"max-video-preview:-1"},"canonical":"https:\/\/etnoart.eu\/toode\/nagi-kala\/","og_locale":"lv_LV","og_type":"article","og_title":"Nagi ``Kala``|EtnoArt| Nagid ja lattnagid","og_description":"Nagi ``Kala`` \u2013 k\u00e4sitsi sepistatud dekoratiivne seinanagi 5 konksuga. Ideaalne k\u00f6\u00f6ki, sauna eesruumi v\u00f5i suvekodusse. Rustikaalne ja praktiline valik!","og_url":"https:\/\/etnoart.eu\/toode\/nagi-kala\/","og_site_name":"Etnoart","article_publisher":"https:\/\/www.facebook.com\/etnoart.handicraft.shop","article_modified_time":"2025-03-17T16:26:09+00:00","og_image":[{"width":1300,"height":1300,"url":"https:\/\/etnoart.eu\/wp-content\/uploads\/2023\/06\/Fishbone-Wall-Hook-Rack-Nagi-Kala-seinalle-kiinnitettava-kalanmuotoinen-naulakko-Garderobenhaken-Fischgrate.png","type":"image\/png"}],"twitter_card":"summary_large_image","twitter_misc":{"Est. reading time":"1 minute"},"schema":{"@context":"https:\/\/schema.org","@graph":[{"@type":"WebPage","@id":"https:\/\/etnoart.eu\/toode\/nagi-kala\/","url":"https:\/\/etnoart.eu\/toode\/nagi-kala\/","name":"Nagi ``Kala``|EtnoArt| Nagid ja lattnagid","isPartOf":{"@id":"https:\/\/etnoart.eu\/#website"},"primaryImageOfPage":{"@id":"https:\/\/etnoart.eu\/toode\/nagi-kala\/#primaryimage"},"image":{"@id":"https:\/\/etnoart.eu\/toode\/nagi-kala\/#primaryimage"},"thumbnailUrl":"https:\/\/etnoart.eu\/wp-content\/uploads\/2023\/06\/Fishbone-Wall-Hook-Rack-Nagi-Kala-seinalle-kiinnitettava-kalanmuotoinen-naulakko-Garderobenhaken-Fischgrate.png","datePublished":"2023-06-08T08:52:33+00:00","dateModified":"2025-03-17T16:26:09+00:00","description":"Nagi ``Kala`` \u2013 k\u00e4sitsi sepistatud dekoratiivne seinanagi 5 konksuga. Ideaalne k\u00f6\u00f6ki, sauna eesruumi v\u00f5i suvekodusse. Rustikaalne ja praktiline valik!","breadcrumb":{"@id":"https:\/\/etnoart.eu\/toode\/nagi-kala\/#breadcrumb"},"inLanguage":"lv-LV","potentialAction":[{"@type":"ReadAction","target":["https:\/\/etnoart.eu\/toode\/nagi-kala\/"]}]},{"@type":"ImageObject","inLanguage":"lv-LV","@id":"https:\/\/etnoart.eu\/toode\/nagi-kala\/#primaryimage","url":"https:\/\/etnoart.eu\/wp-content\/uploads\/2023\/06\/Fishbone-Wall-Hook-Rack-Nagi-Kala-seinalle-kiinnitettava-kalanmuotoinen-naulakko-Garderobenhaken-Fischgrate.png","contentUrl":"https:\/\/etnoart.eu\/wp-content\/uploads\/2023\/06\/Fishbone-Wall-Hook-Rack-Nagi-Kala-seinalle-kiinnitettava-kalanmuotoinen-naulakko-Garderobenhaken-Fischgrate.png","width":1300,"height":1300,"caption":"Nagi \u201cKala\u201c \u2013 k\u00e4sitsi sepistatud dekoratiivne seinanagi"},{"@type":"BreadcrumbList","@id":"https:\/\/etnoart.eu\/toode\/nagi-kala\/#breadcrumb","itemListElement":[{"@type":"ListItem","position":1,"name":"Home","item":"https:\/\/etnoart.eu\/lv\/"},{"@type":"ListItem","position":2,"name":"Pood","item":"https:\/\/etnoart.eu\/lv\/shop\/"},{"@type":"ListItem","position":3,"name":"Nagi &#8220;Kala&#8220;"}]},{"@type":"WebSite","@id":"https:\/\/etnoart.eu\/#website","url":"https:\/\/etnoart.eu\/","name":"Etnoart","description":"K&auml;sit&ouml;&ouml;pood","publisher":{"@id":"https:\/\/etnoart.eu\/#organization"},"potentialAction":[{"@type":"SearchAction","target":{"@type":"EntryPoint","urlTemplate":"https:\/\/etnoart.eu\/?s={search_term_string}"},"query-input":{"@type":"PropertyValueSpecification","valueRequired":true,"valueName":"search_term_string"}}],"inLanguage":"lv-LV"},{"@type":"Organization","@id":"https:\/\/etnoart.eu\/#organization","name":"Etnoart O\u00dc","url":"https:\/\/etnoart.eu\/","logo":{"@type":"ImageObject","inLanguage":"lv-LV","@id":"https:\/\/etnoart.eu\/#\/schema\/logo\/image\/","url":"https:\/\/etnoart.eu\/wp-content\/uploads\/2023\/06\/etnoart-logo.png","contentUrl":"https:\/\/etnoart.eu\/wp-content\/uploads\/2023\/06\/etnoart-logo.png","width":491,"height":184,"caption":"Etnoart O\u00dc"},"image":{"@id":"https:\/\/etnoart.eu\/#\/schema\/logo\/image\/"},"sameAs":["https:\/\/www.facebook.com\/etnoart.handicraft.shop"]}]}},"builder_content":"","_links":{"self":[{"href":"https:\/\/etnoart.eu\/lv\/wp-json\/wp\/v2\/product\/1577","targetHints":{"allow":["GET"]}}],"collection":[{"href":"https:\/\/etnoart.eu\/lv\/wp-json\/wp\/v2\/product"}],"about":[{"href":"https:\/\/etnoart.eu\/lv\/wp-json\/wp\/v2\/types\/product"}],"wp:featuredmedia":[{"embeddable":true,"href":"https:\/\/etnoart.eu\/lv\/wp-json\/wp\/v2\/media\/5545"}],"wp:attachment":[{"href":"https:\/\/etnoart.eu\/lv\/wp-json\/wp\/v2\/media?parent=1577"}],"wp:term":[{"taxonomy":"product_brand","embeddable":true,"href":"https:\/\/etnoart.eu\/lv\/wp-json\/wp\/v2\/product_brand?post=1577"},{"taxonomy":"product_cat","embeddable":true,"href":"https:\/\/etnoart.eu\/lv\/wp-json\/wp\/v2\/product_cat?post=1577"},{"taxonomy":"product_tag","embeddable":true,"href":"https:\/\/etnoart.eu\/lv\/wp-json\/wp\/v2\/product_tag?post=1577"}],"curies":[{"name":"wp","href":"https:\/\/api.w.org\/{rel}","templated":true}]}}