{"id":1343,"date":"2023-06-08T08:51:44","date_gmt":"2023-06-08T08:51:44","guid":{"rendered":"https:\/\/etnoart.amsel.ee\/?post_type=product&#038;p=1343"},"modified":"2025-02-02T13:14:25","modified_gmt":"2025-02-02T13:14:25","slug":"riiulikandur-15cm","status":"publish","type":"product","link":"https:\/\/etnoart.eu\/lv\/toode\/riiulikandur-15cm\/","title":{"rendered":"Riiulikandur 15cm"},"content":{"rendered":"<p>Riiulikandur 15cm \u2013 tugevus ja stiil \u00fches<\/p>\n<p>Riiulikandur on valmistatud k\u00f5rgekvaliteedilisest tugvast metallist, mis tagab pikaajalise kasutuse ja suure koormusv\u00f5ime. Toetuspinnad on valmistatud 20&#215;4 mm lattraudest. Tugevduseks kasutatakse 10&#215;10 mm nelikanttoru, mille dekoratiivsed sepistatud otsad lisavad tootele stiilse ilme.<\/p>\n<p>Riiulikandur 15cm kinnitatakse seinale kolme kruviga. Altpoolt 1 kruvi ja \u00fclevalt 2 kruvi, mis kinnituvad l\u00e4bi dekoratiivse &#8220;lipsu&#8221;, tagades stabiilsuse isegi suuremate koormuste korral. Riiulilaua kinnitamiseks on ette n\u00e4htud 2 lisakruviauku. K\u00f5ik avad on 6 mm l\u00e4bim\u00f5\u00f5duga, mis tagab lihtsa ja turvalise paigaldamise.<\/p>\n<p>Toode on puhastatud terasharjaga ja kaetud k\u00f5rgekvaliteedilise pulberv\u00e4rviga, mis annab lisaks esteetilise v\u00e4limuse ka korrosioonikindluse.<\/p>\n<p>Tehnilised andmed:<\/p>\n<p>Materjal: Tugvas metall<\/p>\n<p>Toetuspinnad: 20&#215;4 mm lattraud<\/p>\n<p>Tugevdus: 10&#215;10 mm nelikanttoru dekoratiivsete otstega<\/p>\n<p>Kinnitus: 3 kruvi (1 alt, 2 \u00fclevalt dekoratiivse &#8220;lipsuga&#8221;)<\/p>\n<p>Riiuli kinnitus: 2 kruviauku<\/p>\n<p>Avad: 6 mm<\/p>\n<p>Pinnat\u00f6\u00f6tlus: Terasharjaga puhastatud ja pulberlakitud<\/p>\n<p>Ideaalseks valikuks, kui otsite tugevat, ilusat ja usaldusv\u00e4\u00e4rset riiulikandurit!<\/p>\n<p>Pakume sama disainiga riiulikandurit ka m\u00f5\u00f5duga 20cm ja <a href=\"https:\/\/etnoart.eu\/fi\/toode\/riiulikandur-25-cm\/\" target=\"_blank\">25cm<\/a><\/p>\n","protected":false},"excerpt":{"rendered":"<p>Kaugus seinast 15 cm, k\u00f5rgus ~19 cm, seinakinnituse laius ~8 cm, katsetatud 20 kg raskusega, kaetud mati pulberlakiga.<\/p>\n","protected":false},"featured_media":5237,"template":"","meta":[],"product_brand":[],"product_cat":[95],"product_tag":[],"class_list":{"0":"post-1343","1":"product","2":"type-product","3":"status-publish","4":"has-post-thumbnail","6":"product_cat-riiulid-riiulikandurid","7":"has-post-title","8":"has-post-date","9":"has-post-category","10":"has-post-tag","11":"has-post-comment","12":"has-post-author","13":"","15":"first","16":"instock","17":"taxable","18":"shipping-taxable","19":"purchasable","20":"product-type-simple"},"yoast_head":"<!-- This site is optimized with the Yoast SEO plugin v27.4 - https:\/\/yoast.com\/product\/yoast-seo-wordpress\/ -->\n<title>Riiulikandur 15cm |EtnoArt| Riiulid, riiulikandurid<\/title>\n<meta name=\"description\" content=\"Riiulikandur 15cm. Kaugus seinast 15 cm, k\u00f5rgus ~19 cm, seinakinnituse laius ~8 cm, katsetatud 20 kg raskusega, kaetud mati pulberlakiga.\" \/>\n<meta name=\"robots\" content=\"index, follow, max-snippet:-1, max-image-preview:large, max-video-preview:-1\" \/>\n<link rel=\"canonical\" href=\"https:\/\/etnoart.eu\/toode\/riiulikandur-15cm\/\" \/>\n<meta property=\"og:locale\" content=\"lv_LV\" \/>\n<meta property=\"og:type\" content=\"article\" \/>\n<meta property=\"og:title\" content=\"Riiulikandur 15cm |EtnoArt| Riiulid, riiulikandurid\" \/>\n<meta property=\"og:description\" content=\"Riiulikandur 15cm. Kaugus seinast 15 cm, k\u00f5rgus ~19 cm, seinakinnituse laius ~8 cm, katsetatud 20 kg raskusega, kaetud mati pulberlakiga.\" \/>\n<meta property=\"og:url\" content=\"https:\/\/etnoart.eu\/toode\/riiulikandur-15cm\/\" \/>\n<meta property=\"og:site_name\" content=\"Etnoart\" \/>\n<meta property=\"article:publisher\" content=\"https:\/\/www.facebook.com\/etnoart.handicraft.shop\" \/>\n<meta property=\"article:modified_time\" content=\"2025-02-02T13:14:25+00:00\" \/>\n<meta property=\"og:image\" content=\"https:\/\/etnoart.eu\/wp-content\/uploads\/2023\/06\/Riiulikandur-15cm-Shelf-carrier-15cm-Hyllynkannatin-15cm.png\" \/>\n\t<meta property=\"og:image:width\" content=\"1000\" \/>\n\t<meta property=\"og:image:height\" content=\"1000\" \/>\n\t<meta property=\"og:image:type\" content=\"image\/png\" \/>\n<meta name=\"twitter:card\" content=\"summary_large_image\" \/>\n<meta name=\"twitter:label1\" content=\"Est. reading time\" \/>\n\t<meta name=\"twitter:data1\" content=\"2 minutes\" \/>\n<script type=\"application\/ld+json\" class=\"yoast-schema-graph\">{\"@context\":\"https:\\\/\\\/schema.org\",\"@graph\":[{\"@type\":\"WebPage\",\"@id\":\"https:\\\/\\\/etnoart.eu\\\/toode\\\/riiulikandur-15cm\\\/\",\"url\":\"https:\\\/\\\/etnoart.eu\\\/toode\\\/riiulikandur-15cm\\\/\",\"name\":\"Riiulikandur 15cm |EtnoArt| Riiulid, riiulikandurid\",\"isPartOf\":{\"@id\":\"https:\\\/\\\/etnoart.eu\\\/#website\"},\"primaryImageOfPage\":{\"@id\":\"https:\\\/\\\/etnoart.eu\\\/toode\\\/riiulikandur-15cm\\\/#primaryimage\"},\"image\":{\"@id\":\"https:\\\/\\\/etnoart.eu\\\/toode\\\/riiulikandur-15cm\\\/#primaryimage\"},\"thumbnailUrl\":\"https:\\\/\\\/etnoart.eu\\\/wp-content\\\/uploads\\\/2023\\\/06\\\/Riiulikandur-15cm-Shelf-carrier-15cm-Hyllynkannatin-15cm.png\",\"datePublished\":\"2023-06-08T08:51:44+00:00\",\"dateModified\":\"2025-02-02T13:14:25+00:00\",\"description\":\"Riiulikandur 15cm. Kaugus seinast 15 cm, k\u00f5rgus ~19 cm, seinakinnituse laius ~8 cm, katsetatud 20 kg raskusega, kaetud mati pulberlakiga.\",\"breadcrumb\":{\"@id\":\"https:\\\/\\\/etnoart.eu\\\/toode\\\/riiulikandur-15cm\\\/#breadcrumb\"},\"inLanguage\":\"lv-LV\",\"potentialAction\":[{\"@type\":\"ReadAction\",\"target\":[\"https:\\\/\\\/etnoart.eu\\\/toode\\\/riiulikandur-15cm\\\/\"]}]},{\"@type\":\"ImageObject\",\"inLanguage\":\"lv-LV\",\"@id\":\"https:\\\/\\\/etnoart.eu\\\/toode\\\/riiulikandur-15cm\\\/#primaryimage\",\"url\":\"https:\\\/\\\/etnoart.eu\\\/wp-content\\\/uploads\\\/2023\\\/06\\\/Riiulikandur-15cm-Shelf-carrier-15cm-Hyllynkannatin-15cm.png\",\"contentUrl\":\"https:\\\/\\\/etnoart.eu\\\/wp-content\\\/uploads\\\/2023\\\/06\\\/Riiulikandur-15cm-Shelf-carrier-15cm-Hyllynkannatin-15cm.png\",\"width\":1000,\"height\":1000,\"caption\":\"Riiulikandur 15cm, Shelf-carrier 15cm, Hyllynkannatin 15cm\"},{\"@type\":\"BreadcrumbList\",\"@id\":\"https:\\\/\\\/etnoart.eu\\\/toode\\\/riiulikandur-15cm\\\/#breadcrumb\",\"itemListElement\":[{\"@type\":\"ListItem\",\"position\":1,\"name\":\"Home\",\"item\":\"https:\\\/\\\/etnoart.eu\\\/lv\\\/\"},{\"@type\":\"ListItem\",\"position\":2,\"name\":\"Pood\",\"item\":\"https:\\\/\\\/etnoart.eu\\\/lv\\\/shop\\\/\"},{\"@type\":\"ListItem\",\"position\":3,\"name\":\"Riiulikandur 15cm\"}]},{\"@type\":\"WebSite\",\"@id\":\"https:\\\/\\\/etnoart.eu\\\/#website\",\"url\":\"https:\\\/\\\/etnoart.eu\\\/\",\"name\":\"Etnoart\",\"description\":\"K&auml;sit&ouml;&ouml;pood\",\"publisher\":{\"@id\":\"https:\\\/\\\/etnoart.eu\\\/#organization\"},\"potentialAction\":[{\"@type\":\"SearchAction\",\"target\":{\"@type\":\"EntryPoint\",\"urlTemplate\":\"https:\\\/\\\/etnoart.eu\\\/?s={search_term_string}\"},\"query-input\":{\"@type\":\"PropertyValueSpecification\",\"valueRequired\":true,\"valueName\":\"search_term_string\"}}],\"inLanguage\":\"lv-LV\"},{\"@type\":\"Organization\",\"@id\":\"https:\\\/\\\/etnoart.eu\\\/#organization\",\"name\":\"Etnoart O\u00dc\",\"url\":\"https:\\\/\\\/etnoart.eu\\\/\",\"logo\":{\"@type\":\"ImageObject\",\"inLanguage\":\"lv-LV\",\"@id\":\"https:\\\/\\\/etnoart.eu\\\/#\\\/schema\\\/logo\\\/image\\\/\",\"url\":\"https:\\\/\\\/etnoart.eu\\\/wp-content\\\/uploads\\\/2023\\\/06\\\/etnoart-logo.png\",\"contentUrl\":\"https:\\\/\\\/etnoart.eu\\\/wp-content\\\/uploads\\\/2023\\\/06\\\/etnoart-logo.png\",\"width\":491,\"height\":184,\"caption\":\"Etnoart O\u00dc\"},\"image\":{\"@id\":\"https:\\\/\\\/etnoart.eu\\\/#\\\/schema\\\/logo\\\/image\\\/\"},\"sameAs\":[\"https:\\\/\\\/www.facebook.com\\\/etnoart.handicraft.shop\"]}]}<\/script>\n<!-- \/ Yoast SEO plugin. -->","yoast_head_json":{"title":"Riiulikandur 15cm |EtnoArt| Riiulid, riiulikandurid","description":"Riiulikandur 15cm. Kaugus seinast 15 cm, k\u00f5rgus ~19 cm, seinakinnituse laius ~8 cm, katsetatud 20 kg raskusega, kaetud mati pulberlakiga.","robots":{"index":"index","follow":"follow","max-snippet":"max-snippet:-1","max-image-preview":"max-image-preview:large","max-video-preview":"max-video-preview:-1"},"canonical":"https:\/\/etnoart.eu\/toode\/riiulikandur-15cm\/","og_locale":"lv_LV","og_type":"article","og_title":"Riiulikandur 15cm |EtnoArt| Riiulid, riiulikandurid","og_description":"Riiulikandur 15cm. Kaugus seinast 15 cm, k\u00f5rgus ~19 cm, seinakinnituse laius ~8 cm, katsetatud 20 kg raskusega, kaetud mati pulberlakiga.","og_url":"https:\/\/etnoart.eu\/toode\/riiulikandur-15cm\/","og_site_name":"Etnoart","article_publisher":"https:\/\/www.facebook.com\/etnoart.handicraft.shop","article_modified_time":"2025-02-02T13:14:25+00:00","og_image":[{"width":1000,"height":1000,"url":"https:\/\/etnoart.eu\/wp-content\/uploads\/2023\/06\/Riiulikandur-15cm-Shelf-carrier-15cm-Hyllynkannatin-15cm.png","type":"image\/png"}],"twitter_card":"summary_large_image","twitter_misc":{"Est. reading time":"2 minutes"},"schema":{"@context":"https:\/\/schema.org","@graph":[{"@type":"WebPage","@id":"https:\/\/etnoart.eu\/toode\/riiulikandur-15cm\/","url":"https:\/\/etnoart.eu\/toode\/riiulikandur-15cm\/","name":"Riiulikandur 15cm |EtnoArt| Riiulid, riiulikandurid","isPartOf":{"@id":"https:\/\/etnoart.eu\/#website"},"primaryImageOfPage":{"@id":"https:\/\/etnoart.eu\/toode\/riiulikandur-15cm\/#primaryimage"},"image":{"@id":"https:\/\/etnoart.eu\/toode\/riiulikandur-15cm\/#primaryimage"},"thumbnailUrl":"https:\/\/etnoart.eu\/wp-content\/uploads\/2023\/06\/Riiulikandur-15cm-Shelf-carrier-15cm-Hyllynkannatin-15cm.png","datePublished":"2023-06-08T08:51:44+00:00","dateModified":"2025-02-02T13:14:25+00:00","description":"Riiulikandur 15cm. Kaugus seinast 15 cm, k\u00f5rgus ~19 cm, seinakinnituse laius ~8 cm, katsetatud 20 kg raskusega, kaetud mati pulberlakiga.","breadcrumb":{"@id":"https:\/\/etnoart.eu\/toode\/riiulikandur-15cm\/#breadcrumb"},"inLanguage":"lv-LV","potentialAction":[{"@type":"ReadAction","target":["https:\/\/etnoart.eu\/toode\/riiulikandur-15cm\/"]}]},{"@type":"ImageObject","inLanguage":"lv-LV","@id":"https:\/\/etnoart.eu\/toode\/riiulikandur-15cm\/#primaryimage","url":"https:\/\/etnoart.eu\/wp-content\/uploads\/2023\/06\/Riiulikandur-15cm-Shelf-carrier-15cm-Hyllynkannatin-15cm.png","contentUrl":"https:\/\/etnoart.eu\/wp-content\/uploads\/2023\/06\/Riiulikandur-15cm-Shelf-carrier-15cm-Hyllynkannatin-15cm.png","width":1000,"height":1000,"caption":"Riiulikandur 15cm, Shelf-carrier 15cm, Hyllynkannatin 15cm"},{"@type":"BreadcrumbList","@id":"https:\/\/etnoart.eu\/toode\/riiulikandur-15cm\/#breadcrumb","itemListElement":[{"@type":"ListItem","position":1,"name":"Home","item":"https:\/\/etnoart.eu\/lv\/"},{"@type":"ListItem","position":2,"name":"Pood","item":"https:\/\/etnoart.eu\/lv\/shop\/"},{"@type":"ListItem","position":3,"name":"Riiulikandur 15cm"}]},{"@type":"WebSite","@id":"https:\/\/etnoart.eu\/#website","url":"https:\/\/etnoart.eu\/","name":"Etnoart","description":"K&auml;sit&ouml;&ouml;pood","publisher":{"@id":"https:\/\/etnoart.eu\/#organization"},"potentialAction":[{"@type":"SearchAction","target":{"@type":"EntryPoint","urlTemplate":"https:\/\/etnoart.eu\/?s={search_term_string}"},"query-input":{"@type":"PropertyValueSpecification","valueRequired":true,"valueName":"search_term_string"}}],"inLanguage":"lv-LV"},{"@type":"Organization","@id":"https:\/\/etnoart.eu\/#organization","name":"Etnoart O\u00dc","url":"https:\/\/etnoart.eu\/","logo":{"@type":"ImageObject","inLanguage":"lv-LV","@id":"https:\/\/etnoart.eu\/#\/schema\/logo\/image\/","url":"https:\/\/etnoart.eu\/wp-content\/uploads\/2023\/06\/etnoart-logo.png","contentUrl":"https:\/\/etnoart.eu\/wp-content\/uploads\/2023\/06\/etnoart-logo.png","width":491,"height":184,"caption":"Etnoart O\u00dc"},"image":{"@id":"https:\/\/etnoart.eu\/#\/schema\/logo\/image\/"},"sameAs":["https:\/\/www.facebook.com\/etnoart.handicraft.shop"]}]}},"builder_content":"","_links":{"self":[{"href":"https:\/\/etnoart.eu\/lv\/wp-json\/wp\/v2\/product\/1343","targetHints":{"allow":["GET"]}}],"collection":[{"href":"https:\/\/etnoart.eu\/lv\/wp-json\/wp\/v2\/product"}],"about":[{"href":"https:\/\/etnoart.eu\/lv\/wp-json\/wp\/v2\/types\/product"}],"wp:featuredmedia":[{"embeddable":true,"href":"https:\/\/etnoart.eu\/lv\/wp-json\/wp\/v2\/media\/5237"}],"wp:attachment":[{"href":"https:\/\/etnoart.eu\/lv\/wp-json\/wp\/v2\/media?parent=1343"}],"wp:term":[{"taxonomy":"product_brand","embeddable":true,"href":"https:\/\/etnoart.eu\/lv\/wp-json\/wp\/v2\/product_brand?post=1343"},{"taxonomy":"product_cat","embeddable":true,"href":"https:\/\/etnoart.eu\/lv\/wp-json\/wp\/v2\/product_cat?post=1343"},{"taxonomy":"product_tag","embeddable":true,"href":"https:\/\/etnoart.eu\/lv\/wp-json\/wp\/v2\/product_tag?post=1343"}],"curies":[{"name":"wp","href":"https:\/\/api.w.org\/{rel}","templated":true}]}}