{"id":8114,"date":"2024-03-26T08:55:36","date_gmt":"2024-03-26T08:55:36","guid":{"rendered":"https:\/\/etnoart.eu\/blogi\/"},"modified":"2026-03-12T18:46:41","modified_gmt":"2026-03-12T18:46:41","slug":"blogi","status":"publish","type":"page","link":"https:\/\/etnoart.eu\/lv\/blogi\/","title":{"rendered":"Blogi"},"content":{"rendered":"<!--themify_builder_content-->\n<div id=\"themify_builder_content-8114\" data-postid=\"8114\" class=\"themify_builder_content themify_builder_content-8114 themify_builder tf_clear\">\n                    <div  data-anchor=\"content\" data-hide-anchor=\"1\" data-lazy=\"1\" class=\"module_row themify_builder_row tb_has_section tb_section-content tb_rmms469 tb_first tf_w\">\n                        <div class=\"row_inner col_align_top tb_col_count_1 tf_box tf_rel\">\n                        <div  data-lazy=\"1\" class=\"module_column tb-column col-full tb_hc22469 first\">\n                            <div  data-lazy=\"1\" class=\"module_subrow themify_builder_sub_row tf_w col_align_top tb_col_count_1 tb_h11e469\">\n                <div  data-lazy=\"1\" class=\"module_column sub_column col-full tb_tptt469 first\">\n                    <!-- module menu -->\n<div  class=\"module module-menu tb_okzx469  mobile-menu-slide\" data-menu-style=\"mobile-menu-slide\" data-menu-breakpoint=\"0\" data-element-id=\"tb_okzx469\" data-lazy=\"1\">\n        \n    <div class=\"module-menu-container\"><ul id=\"menu-blogi\" class=\"ui tf_clearfix nav tf_rel tf_scrollbar  transparent\"><li id=\"menu-item-7818\" class=\"menu-item-category-1 menu-item menu-item-type-taxonomy menu-item-object-category menu-item-7818\"><a href=\"https:\/\/etnoart.eu\/lv\/category\/uncategorized-lv\/\">Uncategorized @lv<\/a><\/li>\n<li id=\"menu-item-7817\" class=\"menu-item-category-1115 menu-item menu-item-type-taxonomy menu-item-object-category menu-item-7817\"><a href=\"https:\/\/etnoart.eu\/lv\/category\/kasulik-teada\/\">Kasulik teada<\/a><\/li>\n<li id=\"menu-item-7819\" class=\"menu-item-category-1119 menu-item menu-item-type-taxonomy menu-item-object-category menu-item-7819\"><a href=\"https:\/\/etnoart.eu\/category\/meie-tegemised\/\">Meie tegemised<\/a><\/li>\n<li id=\"menu-item-7820\" class=\"menu-item-category-372 menu-item menu-item-type-taxonomy menu-item-object-category menu-item-7820\"><a href=\"https:\/\/etnoart.eu\/category\/opetused\/\">\u00d5petused<\/a><\/li>\n<\/ul><\/div>        <style>\n            .mobile-menu-module[data-module=\"tb_okzx469\"]{\n                right:-300px            }\n        <\/style>\n    <\/div>\n<!-- \/module menu -->\n<!-- Archive Title module -->\n<div  class=\"module module-archive-title tb_3ax7469 \" data-lazy=\"1\">\n\t    <h2><\/h2>\n<\/div>\n<!-- \/Archive Title module -->\n<!-- advanced-posts module -->\n<div  class=\"module module-advanced-posts tb_wxzd469   themify_builder_content-wxzd469\" data-lazy=\"1\">\n\t\n\t\t\n\t\t<div  class=\"builder-posts-wrap loops-wrapper grid3 tf_clear tf_clearfix\" data-lazy=\"1\">\n\n\t\t\t\n\t\t\t\n\t\t\t\t\n\t\t\t\t\n\t\t\t\t<article id=\"post-8050\" class=\"post tf_clearfix post-8050 type-post status-publish format-standard has-post-thumbnail hentry category-uncategorized-lv has-post-title has-post-date has-post-category has-post-tag has-post-comment has-post-author \">\n\t\t\t\t\t    <div class=\"tbp_advanced_archive_wrap\">\n\t                <div  data-lazy=\"1\" class=\"module_row themify_builder_row tb_0dhu469 tf_w\">\n                        <div class=\"row_inner col_align_top tb_col_count_1 tf_box tf_rel\">\n                        <div  data-lazy=\"1\" class=\"module_column tb-column col-full tb_r1q9469 first\">\n                    <!-- Featured Image module -->\n<div  class=\"module module-image module-featured-image tb_px4l469  \" data-lazy=\"1\">\n    <div class=\"image-wrap tf_rel\">\n\t\t\t\t\t\t\t\t\t\t\t<a  href=\"https:\/\/etnoart.eu\/lv\/uncategorized-lv\/ziedu-balsti-darza-ka-un-kapec-balstit-ziedus\/\"> \n\t\t\t\t\t\n\t\t\t\t\t\t\t\t\t\t\t\t\t\t\t\t<img loading=\"lazy\" decoding=\"async\" src=\"https:\/\/etnoart.eu\/wp-content\/uploads\/2026\/03\/Lillede-toestamine-1024x551-600x400.png\" width=\"600\" height=\"400\" class=\"wp-post-image wp-image-8052\" title=\"Lillede toestamine\" alt=\"K\u0101 atbalst\u012bt d\u0101rz\u0101 augo\u0161os ziedus?\">\t\t\t\t\t\n\t\t\t\t\t\t\t\t\t\t<\/a>\n\t\t\t\t\t\t\t\t\t\t\t\t<\/div>\n\t\t<!-- \/image-wrap -->\n\t\t\t<\/div>\n<!-- \/Featured Image module -->\n<!-- Post Meta module -->\n<div  class=\"module module-post-meta tb_2jfv469 \" data-lazy=\"1\">\n\t\t<div class=\"entry-meta tbp_post_meta\">\n\t\t<span class=\"tbp_post_meta_item tbp_post_meta_date\"><time content=\"2026-03-07T11:53:26+00:00\" class=\"entry-date updated\" datetime=\"2026-03-07T11:53:26+00:00\">\n\t<span class=\"tbp_post_day\">7<\/span> <span class=\"tbp_post_month\">Mar<\/span>\t\t\t<meta content=\"2026-03-12T13:53:47+00:00\">\n\t<\/time>\n<\/span><!-- .tbp_post_meta_item -->\t<\/div><!-- .tbp_post_meta -->\n\n<\/div>\n<!-- \/Post Meta module -->\n<!-- Post Title module -->\n<div  class=\"module module-post-title tb_rd0y469 \" data-lazy=\"1\">\n\t<h2 class=\"tbp_title\">\n\t<a  href=\"https:\/\/etnoart.eu\/lv\/uncategorized-lv\/ziedu-balsti-darza-ka-un-kapec-balstit-ziedus\/\">\n\t\tK\u0101 atbalst\u012bt d\u0101rz\u0101 augo\u0161os ziedus?\t\t<\/a>\n<\/h2><\/div>\n<!-- \/Post Title module -->\n<!-- Post Content module -->\n<div  class=\"module module-post-content tb_02q3469 \" data-lazy=\"1\">\n\t\n\n    <div class=\"tb_text_wrap\">\n\t\tK\u0101p\u0113c un k\u0101 atbalst\u012bt ziedus? <div class=\"more-link-wrap\"><a class=\"more-link\" href=\"https:\/\/etnoart.eu\/lv\/uncategorized-lv\/ziedu-balsti-darza-ka-un-kapec-balstit-ziedus\/\">Loe edasi<\/a><\/div>    <\/div><!-- .tb_text_wrap -->\n\n\n<\/div>\n<!-- \/Post Content module -->        <\/div>\n                        <\/div>\n        <\/div>\n            <\/div>\n\t\t\t\t<\/article>\n\n\t\t\t\t\n\t\t\t\t\n\t\t\t\n\t\t\t\t\n\t\t\t\t\n\t\t\t\t<article id=\"post-8071\" class=\"post tf_clearfix post-8071 type-post status-publish format-standard has-post-thumbnail hentry category-kasulik-teada has-post-title has-post-date has-post-category has-post-tag has-post-comment has-post-author \">\n\t\t\t\t\t    <div class=\"tbp_advanced_archive_wrap\">\n\t                <div  data-lazy=\"1\" class=\"module_row themify_builder_row tb_0dhu469 tf_w\">\n                        <div class=\"row_inner col_align_top tb_col_count_1 tf_box tf_rel\">\n                        <div  data-lazy=\"1\" class=\"module_column tb-column col-full tb_r1q9469 first\">\n                    <!-- Featured Image module -->\n<div  class=\"module module-image module-featured-image tb_px4l469  \" data-lazy=\"1\">\n    <div class=\"image-wrap tf_rel\">\n\t\t\t\t\t\t\t\t\t\t\t<a  href=\"https:\/\/etnoart.eu\/lv\/kasulik-teada\/ozola-koksne-izturiba-pret-trupi-un-laikapstakliem\/\"> \n\t\t\t\t\t\n\t\t\t\t\t\t\t\t\t\t\t\t\t\t\t\t<img loading=\"lazy\" decoding=\"async\" src=\"https:\/\/etnoart.eu\/wp-content\/uploads\/2026\/01\/vastupidav-Tamm-1024x559-600x400.jpg\" width=\"600\" height=\"400\" class=\"wp-post-image wp-image-8072\" title=\"vastupidav Tamm\" alt=\"K\u0101p\u0113c ozola koksne ir iztur\u012bga pret laikapst\u0101k\u013ciem un trupi?\">\t\t\t\t\t\n\t\t\t\t\t\t\t\t\t\t<\/a>\n\t\t\t\t\t\t\t\t\t\t\t\t<\/div>\n\t\t<!-- \/image-wrap -->\n\t\t\t<\/div>\n<!-- \/Featured Image module -->\n<!-- Post Meta module -->\n<div  class=\"module module-post-meta tb_2jfv469 \" data-lazy=\"1\">\n\t\t<div class=\"entry-meta tbp_post_meta\">\n\t\t<span class=\"tbp_post_meta_item tbp_post_meta_date\"><time content=\"2026-01-30T22:41:36+00:00\" class=\"entry-date updated\" datetime=\"2026-01-30T22:41:36+00:00\">\n\t<span class=\"tbp_post_day\">30<\/span> <span class=\"tbp_post_month\">Jan<\/span>\t\t\t<meta content=\"2026-03-12T14:22:43+00:00\">\n\t<\/time>\n<\/span><!-- .tbp_post_meta_item -->\t<\/div><!-- .tbp_post_meta -->\n\n<\/div>\n<!-- \/Post Meta module -->\n<!-- Post Title module -->\n<div  class=\"module module-post-title tb_rd0y469 \" data-lazy=\"1\">\n\t<h2 class=\"tbp_title\">\n\t<a  href=\"https:\/\/etnoart.eu\/lv\/kasulik-teada\/ozola-koksne-izturiba-pret-trupi-un-laikapstakliem\/\">\n\t\tK\u0101p\u0113c ozola koksne ir iztur\u012bga pret laikapst\u0101k\u013ciem un trupi?\t\t<\/a>\n<\/h2><\/div>\n<!-- \/Post Title module -->\n<!-- Post Content module -->\n<div  class=\"module module-post-content tb_02q3469 \" data-lazy=\"1\">\n\t\n\n    <div class=\"tb_text_wrap\">\n\t\tOzola koksnes iztur\u012bbas pret laikapst\u0101k\u013ciem un trupi iemesli <div class=\"more-link-wrap\"><a class=\"more-link\" href=\"https:\/\/etnoart.eu\/lv\/kasulik-teada\/ozola-koksne-izturiba-pret-trupi-un-laikapstakliem\/\">Loe edasi<\/a><\/div>    <\/div><!-- .tb_text_wrap -->\n\n\n<\/div>\n<!-- \/Post Content module -->        <\/div>\n                        <\/div>\n        <\/div>\n            <\/div>\n\t\t\t\t<\/article>\n\n\t\t\t\t\n\t\t\t\t\n\t\t\t\n\t\t\t\t\n\t\t\t\t\n\t\t\t\t<article id=\"post-8553\" class=\"post tf_clearfix post-8553 type-post status-publish format-standard has-post-thumbnail hentry category-uncategorized-lv has-post-title has-post-date has-post-category has-post-tag has-post-comment has-post-author \">\n\t\t\t\t\t    <div class=\"tbp_advanced_archive_wrap\">\n\t                <div  data-lazy=\"1\" class=\"module_row themify_builder_row tb_0dhu469 tf_w\">\n                        <div class=\"row_inner col_align_top tb_col_count_1 tf_box tf_rel\">\n                        <div  data-lazy=\"1\" class=\"module_column tb-column col-full tb_r1q9469 first\">\n                    <!-- Featured Image module -->\n<div  class=\"module module-image module-featured-image tb_px4l469  \" data-lazy=\"1\">\n    <div class=\"image-wrap tf_rel\">\n\t\t\t\t\t\t\t\t\t\t\t<a  href=\"https:\/\/etnoart.eu\/lv\/uncategorized-lv\/garsaugu-audzesana-podos\/\"> \n\t\t\t\t\t\n\t\t\t\t\t\t\t\t\t\t\t\t\t\t\t\t<img loading=\"lazy\" decoding=\"async\" src=\"https:\/\/etnoart.eu\/wp-content\/uploads\/2026\/01\/Urtide-kasvatamine-korteris-600x400.webp\" width=\"600\" height=\"400\" class=\"wp-post-image wp-image-8554\" title=\"\u00dcrtide kasvatamine korteris\" alt=\"Vai gar\u0161augi dz\u012bvokl\u012b patie\u0161\u0101m ir svaigi visu gadu?\">\t\t\t\t\t\n\t\t\t\t\t\t\t\t\t\t<\/a>\n\t\t\t\t\t\t\t\t\t\t\t\t<\/div>\n\t\t<!-- \/image-wrap -->\n\t\t\t<\/div>\n<!-- \/Featured Image module -->\n<!-- Post Meta module -->\n<div  class=\"module module-post-meta tb_2jfv469 \" data-lazy=\"1\">\n\t\t<div class=\"entry-meta tbp_post_meta\">\n\t\t<span class=\"tbp_post_meta_item tbp_post_meta_date\"><time content=\"2026-01-30T22:26:39+00:00\" class=\"entry-date updated\" datetime=\"2026-01-30T22:26:39+00:00\">\n\t<span class=\"tbp_post_day\">30<\/span> <span class=\"tbp_post_month\">Jan<\/span>\t\t\t<meta content=\"2026-03-15T07:14:09+00:00\">\n\t<\/time>\n<\/span><!-- .tbp_post_meta_item -->\t<\/div><!-- .tbp_post_meta -->\n\n<\/div>\n<!-- \/Post Meta module -->\n<!-- Post Title module -->\n<div  class=\"module module-post-title tb_rd0y469 \" data-lazy=\"1\">\n\t<h2 class=\"tbp_title\">\n\t<a  href=\"https:\/\/etnoart.eu\/lv\/uncategorized-lv\/garsaugu-audzesana-podos\/\">\n\t\tVai gar\u0161augi dz\u012bvokl\u012b patie\u0161\u0101m ir svaigi visu gadu?\t\t<\/a>\n<\/h2><\/div>\n<!-- \/Post Title module -->\n<!-- Post Content module -->\n<div  class=\"module module-post-content tb_02q3469 \" data-lazy=\"1\">\n\t\n\n    <div class=\"tb_text_wrap\">\n\t\t    <\/div><!-- .tb_text_wrap -->\n\n\n<\/div>\n<!-- \/Post Content module -->        <\/div>\n                        <\/div>\n        <\/div>\n            <\/div>\n\t\t\t\t<\/article>\n\n\t\t\t\t\n\t\t\t\t\n\t\t\t\n\t\t\t\t\n\t\t\t\t\n\t\t\t\t<article id=\"post-8589\" class=\"post tf_clearfix post-8589 type-post status-publish format-standard has-post-thumbnail hentry category-uncategorized-lv has-post-title has-post-date has-post-category has-post-tag has-post-comment has-post-author \">\n\t\t\t\t\t    <div class=\"tbp_advanced_archive_wrap\">\n\t                <div  data-lazy=\"1\" class=\"module_row themify_builder_row tb_0dhu469 tf_w\">\n                        <div class=\"row_inner col_align_top tb_col_count_1 tf_box tf_rel\">\n                        <div  data-lazy=\"1\" class=\"module_column tb-column col-full tb_r1q9469 first\">\n                    <!-- Featured Image module -->\n<div  class=\"module module-image module-featured-image tb_px4l469  \" data-lazy=\"1\">\n    <div class=\"image-wrap tf_rel\">\n\t\t\t\t\t\t\t\t\t\t\t<a  href=\"https:\/\/etnoart.eu\/lv\/uncategorized-lv\/garsaugu-audzesana\/\"> \n\t\t\t\t\t\n\t\t\t\t\t\t\t\t\t\t\t\t\t\t\t\t<img loading=\"lazy\" decoding=\"async\" src=\"https:\/\/etnoart.eu\/wp-content\/uploads\/2026\/01\/Urtide-kasvatamine-pohamaal-600x400.jpg\" width=\"600\" height=\"400\" class=\"wp-post-image wp-image-8590\" title=\"\u00dcrtide kasvatamine p\u00f5hamaal\" alt=\"K\u0101das gar\u0161augus audz\u0113t v\u0113s\u0101 klimat\u0101?\">\t\t\t\t\t\n\t\t\t\t\t\t\t\t\t\t<\/a>\n\t\t\t\t\t\t\t\t\t\t\t\t<\/div>\n\t\t<!-- \/image-wrap -->\n\t\t\t<\/div>\n<!-- \/Featured Image module -->\n<!-- Post Meta module -->\n<div  class=\"module module-post-meta tb_2jfv469 \" data-lazy=\"1\">\n\t\t<div class=\"entry-meta tbp_post_meta\">\n\t\t<span class=\"tbp_post_meta_item tbp_post_meta_date\"><time content=\"2026-01-30T22:05:43+00:00\" class=\"entry-date updated\" datetime=\"2026-01-30T22:05:43+00:00\">\n\t<span class=\"tbp_post_day\">30<\/span> <span class=\"tbp_post_month\">Jan<\/span>\t\t\t<meta content=\"2026-03-15T07:46:47+00:00\">\n\t<\/time>\n<\/span><!-- .tbp_post_meta_item -->\t<\/div><!-- .tbp_post_meta -->\n\n<\/div>\n<!-- \/Post Meta module -->\n<!-- Post Title module -->\n<div  class=\"module module-post-title tb_rd0y469 \" data-lazy=\"1\">\n\t<h2 class=\"tbp_title\">\n\t<a  href=\"https:\/\/etnoart.eu\/lv\/uncategorized-lv\/garsaugu-audzesana\/\">\n\t\tK\u0101das gar\u0161augus audz\u0113t v\u0113s\u0101 klimat\u0101?\t\t<\/a>\n<\/h2><\/div>\n<!-- \/Post Title module -->\n<!-- Post Content module -->\n<div  class=\"module module-post-content tb_02q3469 \" data-lazy=\"1\">\n\t\n\n    <div class=\"tb_text_wrap\">\n\t\tDa\u017e\u0101di gar\u0161augi un to loma Zieme\u013cvalstu virtuv\u0113 \u2013 ieguvumi un audz\u0113\u0161anas \u012bpatn\u012bbas <div class=\"more-link-wrap\"><a class=\"more-link\" href=\"https:\/\/etnoart.eu\/lv\/uncategorized-lv\/garsaugu-audzesana\/\">Loe edasi<\/a><\/div>    <\/div><!-- .tb_text_wrap -->\n\n\n<\/div>\n<!-- \/Post Content module -->        <\/div>\n                        <\/div>\n        <\/div>\n            <\/div>\n\t\t\t\t<\/article>\n\n\t\t\t\t\n\t\t\t\t\n\t\t\t\t\t\t\n\t\t<\/div><!-- .builder-posts-wrap -->\n\n\t\t\t\n<\/div><!-- \/advanced-posts module -->\n        <\/div>\n                    <\/div>\n                <\/div>\n                        <\/div>\n        <\/div>\n        <\/div>\n<!--\/themify_builder_content-->","protected":false},"excerpt":{"rendered":"","protected":false},"author":1,"featured_media":0,"parent":0,"menu_order":0,"comment_status":"closed","ping_status":"closed","template":"","meta":{"footnotes":""},"class_list":["post-8114","page","type-page","status-publish","hentry","has-post-title","has-post-date","has-post-category","has-post-tag","has-post-comment","has-post-author",""],"yoast_head":"<!-- This site is optimized with the Yoast SEO plugin v27.3 - https:\/\/yoast.com\/product\/yoast-seo-wordpress\/ -->\n<title>Blogi - Etnoart<\/title>\n<meta name=\"robots\" content=\"index, follow, max-snippet:-1, max-image-preview:large, max-video-preview:-1\" \/>\n<link rel=\"canonical\" href=\"https:\/\/etnoart.eu\/lv\/blogi\/\" \/>\n<meta property=\"og:locale\" content=\"lv_LV\" \/>\n<meta property=\"og:type\" content=\"article\" \/>\n<meta property=\"og:title\" content=\"Blogi - Etnoart\" \/>\n<meta property=\"og:url\" content=\"https:\/\/etnoart.eu\/lv\/blogi\/\" \/>\n<meta property=\"og:site_name\" content=\"Etnoart\" \/>\n<meta property=\"article:publisher\" content=\"https:\/\/www.facebook.com\/etnoart.handicraft.shop\" \/>\n<meta property=\"article:modified_time\" content=\"2026-03-12T18:46:41+00:00\" \/>\n<meta name=\"twitter:card\" content=\"summary_large_image\" \/>\n<meta name=\"twitter:label1\" content=\"Est. reading time\" \/>\n\t<meta name=\"twitter:data1\" content=\"1 minute\" \/>\n<script type=\"application\/ld+json\" class=\"yoast-schema-graph\">{\"@context\":\"https:\\\/\\\/schema.org\",\"@graph\":[{\"@type\":\"WebPage\",\"@id\":\"https:\\\/\\\/etnoart.eu\\\/lv\\\/blogi\\\/\",\"url\":\"https:\\\/\\\/etnoart.eu\\\/lv\\\/blogi\\\/\",\"name\":\"Blogi - Etnoart\",\"isPartOf\":{\"@id\":\"https:\\\/\\\/etnoart.eu\\\/#website\"},\"datePublished\":\"2024-03-26T08:55:36+00:00\",\"dateModified\":\"2026-03-12T18:46:41+00:00\",\"breadcrumb\":{\"@id\":\"https:\\\/\\\/etnoart.eu\\\/lv\\\/blogi\\\/#breadcrumb\"},\"inLanguage\":\"lv-LV\",\"potentialAction\":[{\"@type\":\"ReadAction\",\"target\":[\"https:\\\/\\\/etnoart.eu\\\/lv\\\/blogi\\\/\"]}]},{\"@type\":\"BreadcrumbList\",\"@id\":\"https:\\\/\\\/etnoart.eu\\\/lv\\\/blogi\\\/#breadcrumb\",\"itemListElement\":[{\"@type\":\"ListItem\",\"position\":1,\"name\":\"Home\",\"item\":\"https:\\\/\\\/etnoart.eu\\\/lv\\\/\"},{\"@type\":\"ListItem\",\"position\":2,\"name\":\"Blogi\"}]},{\"@type\":\"WebSite\",\"@id\":\"https:\\\/\\\/etnoart.eu\\\/#website\",\"url\":\"https:\\\/\\\/etnoart.eu\\\/\",\"name\":\"Etnoart\",\"description\":\"K&auml;sit&ouml;&ouml;pood\",\"publisher\":{\"@id\":\"https:\\\/\\\/etnoart.eu\\\/#organization\"},\"potentialAction\":[{\"@type\":\"SearchAction\",\"target\":{\"@type\":\"EntryPoint\",\"urlTemplate\":\"https:\\\/\\\/etnoart.eu\\\/?s={search_term_string}\"},\"query-input\":{\"@type\":\"PropertyValueSpecification\",\"valueRequired\":true,\"valueName\":\"search_term_string\"}}],\"inLanguage\":\"lv-LV\"},{\"@type\":\"Organization\",\"@id\":\"https:\\\/\\\/etnoart.eu\\\/#organization\",\"name\":\"Etnoart O\u00dc\",\"url\":\"https:\\\/\\\/etnoart.eu\\\/\",\"logo\":{\"@type\":\"ImageObject\",\"inLanguage\":\"lv-LV\",\"@id\":\"https:\\\/\\\/etnoart.eu\\\/#\\\/schema\\\/logo\\\/image\\\/\",\"url\":\"https:\\\/\\\/etnoart.eu\\\/wp-content\\\/uploads\\\/2023\\\/06\\\/etnoart-logo.png\",\"contentUrl\":\"https:\\\/\\\/etnoart.eu\\\/wp-content\\\/uploads\\\/2023\\\/06\\\/etnoart-logo.png\",\"width\":491,\"height\":184,\"caption\":\"Etnoart O\u00dc\"},\"image\":{\"@id\":\"https:\\\/\\\/etnoart.eu\\\/#\\\/schema\\\/logo\\\/image\\\/\"},\"sameAs\":[\"https:\\\/\\\/www.facebook.com\\\/etnoart.handicraft.shop\"]}]}<\/script>\n<!-- \/ Yoast SEO plugin. -->","yoast_head_json":{"title":"Blogi - Etnoart","robots":{"index":"index","follow":"follow","max-snippet":"max-snippet:-1","max-image-preview":"max-image-preview:large","max-video-preview":"max-video-preview:-1"},"canonical":"https:\/\/etnoart.eu\/lv\/blogi\/","og_locale":"lv_LV","og_type":"article","og_title":"Blogi - Etnoart","og_url":"https:\/\/etnoart.eu\/lv\/blogi\/","og_site_name":"Etnoart","article_publisher":"https:\/\/www.facebook.com\/etnoart.handicraft.shop","article_modified_time":"2026-03-12T18:46:41+00:00","twitter_card":"summary_large_image","twitter_misc":{"Est. reading time":"1 minute"},"schema":{"@context":"https:\/\/schema.org","@graph":[{"@type":"WebPage","@id":"https:\/\/etnoart.eu\/lv\/blogi\/","url":"https:\/\/etnoart.eu\/lv\/blogi\/","name":"Blogi - Etnoart","isPartOf":{"@id":"https:\/\/etnoart.eu\/#website"},"datePublished":"2024-03-26T08:55:36+00:00","dateModified":"2026-03-12T18:46:41+00:00","breadcrumb":{"@id":"https:\/\/etnoart.eu\/lv\/blogi\/#breadcrumb"},"inLanguage":"lv-LV","potentialAction":[{"@type":"ReadAction","target":["https:\/\/etnoart.eu\/lv\/blogi\/"]}]},{"@type":"BreadcrumbList","@id":"https:\/\/etnoart.eu\/lv\/blogi\/#breadcrumb","itemListElement":[{"@type":"ListItem","position":1,"name":"Home","item":"https:\/\/etnoart.eu\/lv\/"},{"@type":"ListItem","position":2,"name":"Blogi"}]},{"@type":"WebSite","@id":"https:\/\/etnoart.eu\/#website","url":"https:\/\/etnoart.eu\/","name":"Etnoart","description":"K&auml;sit&ouml;&ouml;pood","publisher":{"@id":"https:\/\/etnoart.eu\/#organization"},"potentialAction":[{"@type":"SearchAction","target":{"@type":"EntryPoint","urlTemplate":"https:\/\/etnoart.eu\/?s={search_term_string}"},"query-input":{"@type":"PropertyValueSpecification","valueRequired":true,"valueName":"search_term_string"}}],"inLanguage":"lv-LV"},{"@type":"Organization","@id":"https:\/\/etnoart.eu\/#organization","name":"Etnoart O\u00dc","url":"https:\/\/etnoart.eu\/","logo":{"@type":"ImageObject","inLanguage":"lv-LV","@id":"https:\/\/etnoart.eu\/#\/schema\/logo\/image\/","url":"https:\/\/etnoart.eu\/wp-content\/uploads\/2023\/06\/etnoart-logo.png","contentUrl":"https:\/\/etnoart.eu\/wp-content\/uploads\/2023\/06\/etnoart-logo.png","width":491,"height":184,"caption":"Etnoart O\u00dc"},"image":{"@id":"https:\/\/etnoart.eu\/#\/schema\/logo\/image\/"},"sameAs":["https:\/\/www.facebook.com\/etnoart.handicraft.shop"]}]}},"builder_content":"<ul id=\"menu-blogi\"><li id=\"menu-item-7818\"><a href=\"https:\/\/etnoart.eu\/lv\/category\/uncategorized-lv\/\">Uncategorized @lv<\/a><\/li> <li id=\"menu-item-7817\"><a href=\"https:\/\/etnoart.eu\/lv\/category\/kasulik-teada\/\">Kasulik teada<\/a><\/li> <li id=\"menu-item-7819\"><a href=\"https:\/\/etnoart.eu\/category\/meie-tegemised\/\">Meie tegemised<\/a><\/li> <li id=\"menu-item-7820\"><a href=\"https:\/\/etnoart.eu\/category\/opetused\/\">\u00d5petused<\/a><\/li> <\/ul>","_links":{"self":[{"href":"https:\/\/etnoart.eu\/lv\/wp-json\/wp\/v2\/pages\/8114","targetHints":{"allow":["GET"]}}],"collection":[{"href":"https:\/\/etnoart.eu\/lv\/wp-json\/wp\/v2\/pages"}],"about":[{"href":"https:\/\/etnoart.eu\/lv\/wp-json\/wp\/v2\/types\/page"}],"author":[{"embeddable":true,"href":"https:\/\/etnoart.eu\/lv\/wp-json\/wp\/v2\/users\/1"}],"replies":[{"embeddable":true,"href":"https:\/\/etnoart.eu\/lv\/wp-json\/wp\/v2\/comments?post=8114"}],"version-history":[{"count":5,"href":"https:\/\/etnoart.eu\/lv\/wp-json\/wp\/v2\/pages\/8114\/revisions"}],"predecessor-version":[{"id":8222,"href":"https:\/\/etnoart.eu\/lv\/wp-json\/wp\/v2\/pages\/8114\/revisions\/8222"}],"wp:attachment":[{"href":"https:\/\/etnoart.eu\/lv\/wp-json\/wp\/v2\/media?parent=8114"}],"curies":[{"name":"wp","href":"https:\/\/api.w.org\/{rel}","templated":true}]}}