{"id":982,"date":"2023-06-08T08:50:59","date_gmt":"2023-06-08T08:50:59","guid":{"rendered":"https:\/\/etnoart.amsel.ee\/?post_type=product&#038;p=982"},"modified":"2025-05-01T20:18:05","modified_gmt":"2025-05-01T20:18:05","slug":"nagi-sarvega-3-ne","status":"publish","type":"product","link":"https:\/\/etnoart.eu\/lt\/toode\/nagi-sarvega-3-ne\/","title":{"rendered":"Nagi Sarvega 3-ne"},"content":{"rendered":"<p><strong>Nagi Sarvega 3-ne<\/strong> on seppade k\u00e4sit\u00f6\u00f6na valmistatud elegantne ja vastupidav riidevarn seinale . Reljeefseks sepistatud nagilatt on kergelt kaardus, andes riputatavatele esemetele rohkem ruumi.<\/p>\n<p>Nagil on kolm tugevast rauast konksu, mis on kaheosalised \u2013 alumine konks sobib mantlite ja r\u00f5ivaste riputamiseks, \u00fclemine sarvekujuline konks peakatete jaoks.<\/p>\n<p>Sobib suurep\u00e4raselt esikusse, magamistuppa v\u00f5i k\u00f6\u00f6ki, olles nii praktiline kui ka dekoratiivne. Toode on kaetud lakiga, seega sobib ainult sisetingimustes kasutamiseks.<\/p>\n<p>M\u00f5\u00f5dud: laius 39 cm.<\/p>\n<p>Lisa oma kodu sisekujundusse sepistatud detailide ainulaadne v\u00f5lu Nagi Sarvega 3-ne abil!<\/p>\n","protected":false},"excerpt":{"rendered":"<p>Nagi Sarvega 3-ne \u2013 k\u00e4sitsi sepistatud seinanagi kolme konksuga. Stiilne ja vastupidav lahendus riiete ning aksessuaaride riputamiseks. Sobib sisetingimustesse.<br \/>\nKaal:0,9 kg<br \/>\nToote k\u00f5rgus: 15cm<br \/>\nLaius: 39cm<br \/>\nToote viimistlus: Lakitud<\/p>\n","protected":false},"featured_media":5466,"template":"","meta":[],"product_brand":[],"product_cat":[44],"product_tag":[],"class_list":{"0":"post-982","1":"product","2":"type-product","3":"status-publish","4":"has-post-thumbnail","6":"product_cat-nagid-ja-lattnagid","7":"has-post-title","8":"has-post-date","9":"has-post-category","10":"has-post-tag","11":"has-post-comment","12":"has-post-author","13":"","15":"first","16":"instock","17":"taxable","18":"shipping-taxable","19":"purchasable","20":"product-type-simple"},"yoast_head":"<!-- This site is optimized with the Yoast SEO plugin v27.4 - https:\/\/yoast.com\/product\/yoast-seo-wordpress\/ -->\n<title>Nagi Sarvega 3-ne |EtnoArt| Nagid ja lattnagid<\/title>\n<meta name=\"description\" content=\"Nagi Sarvega 3-ne \u2013 k\u00e4sitsi sepistatud seinanagi kolme konksuga. Stiilne ja vastupidav lahendus riiete ning aksessuaaride riputamiseks. Sisetingimustesse.\" \/>\n<meta name=\"robots\" content=\"index, follow, max-snippet:-1, max-image-preview:large, max-video-preview:-1\" \/>\n<link rel=\"canonical\" href=\"https:\/\/etnoart.eu\/toode\/nagi-sarvega-3-ne\/\" \/>\n<meta property=\"og:locale\" content=\"lt_LT\" \/>\n<meta property=\"og:type\" content=\"article\" \/>\n<meta property=\"og:title\" content=\"Nagi Sarvega 3-ne |EtnoArt| Nagid ja lattnagid\" \/>\n<meta property=\"og:description\" content=\"Nagi Sarvega 3-ne \u2013 k\u00e4sitsi sepistatud seinanagi kolme konksuga. Stiilne ja vastupidav lahendus riiete ning aksessuaaride riputamiseks. Sisetingimustesse.\" \/>\n<meta property=\"og:url\" content=\"https:\/\/etnoart.eu\/toode\/nagi-sarvega-3-ne\/\" \/>\n<meta property=\"og:site_name\" content=\"Etnoart\" \/>\n<meta property=\"article:publisher\" content=\"https:\/\/www.facebook.com\/etnoart.handicraft.shop\" \/>\n<meta property=\"article:modified_time\" content=\"2025-05-01T20:18:05+00:00\" \/>\n<meta property=\"og:image\" content=\"https:\/\/etnoart.eu\/wp-content\/uploads\/2023\/06\/Seinaan-kiinnitettava-naulakko-3-koukulla-Hand-Forged-Wall-Hook-Rack-Nagi-Sarvega-3-ne-Schmiedeeiserne-Garderobenhakenleiste-3-Haken.png\" \/>\n\t<meta property=\"og:image:width\" content=\"998\" \/>\n\t<meta property=\"og:image:height\" content=\"998\" \/>\n\t<meta property=\"og:image:type\" content=\"image\/png\" \/>\n<meta name=\"twitter:card\" content=\"summary_large_image\" \/>\n<meta name=\"twitter:label1\" content=\"Est. reading time\" \/>\n\t<meta name=\"twitter:data1\" content=\"1 minut\u0117\" \/>\n<script type=\"application\/ld+json\" class=\"yoast-schema-graph\">{\"@context\":\"https:\\\/\\\/schema.org\",\"@graph\":[{\"@type\":\"WebPage\",\"@id\":\"https:\\\/\\\/etnoart.eu\\\/toode\\\/nagi-sarvega-3-ne\\\/\",\"url\":\"https:\\\/\\\/etnoart.eu\\\/toode\\\/nagi-sarvega-3-ne\\\/\",\"name\":\"Nagi Sarvega 3-ne |EtnoArt| Nagid ja lattnagid\",\"isPartOf\":{\"@id\":\"https:\\\/\\\/etnoart.eu\\\/#website\"},\"primaryImageOfPage\":{\"@id\":\"https:\\\/\\\/etnoart.eu\\\/toode\\\/nagi-sarvega-3-ne\\\/#primaryimage\"},\"image\":{\"@id\":\"https:\\\/\\\/etnoart.eu\\\/toode\\\/nagi-sarvega-3-ne\\\/#primaryimage\"},\"thumbnailUrl\":\"https:\\\/\\\/etnoart.eu\\\/wp-content\\\/uploads\\\/2023\\\/06\\\/Seinaan-kiinnitettava-naulakko-3-koukulla-Hand-Forged-Wall-Hook-Rack-Nagi-Sarvega-3-ne-Schmiedeeiserne-Garderobenhakenleiste-3-Haken.png\",\"datePublished\":\"2023-06-08T08:50:59+00:00\",\"dateModified\":\"2025-05-01T20:18:05+00:00\",\"description\":\"Nagi Sarvega 3-ne \u2013 k\u00e4sitsi sepistatud seinanagi kolme konksuga. Stiilne ja vastupidav lahendus riiete ning aksessuaaride riputamiseks. Sisetingimustesse.\",\"breadcrumb\":{\"@id\":\"https:\\\/\\\/etnoart.eu\\\/toode\\\/nagi-sarvega-3-ne\\\/#breadcrumb\"},\"inLanguage\":\"lt-LT\",\"potentialAction\":[{\"@type\":\"ReadAction\",\"target\":[\"https:\\\/\\\/etnoart.eu\\\/toode\\\/nagi-sarvega-3-ne\\\/\"]}]},{\"@type\":\"ImageObject\",\"inLanguage\":\"lt-LT\",\"@id\":\"https:\\\/\\\/etnoart.eu\\\/toode\\\/nagi-sarvega-3-ne\\\/#primaryimage\",\"url\":\"https:\\\/\\\/etnoart.eu\\\/wp-content\\\/uploads\\\/2023\\\/06\\\/Seinaan-kiinnitettava-naulakko-3-koukulla-Hand-Forged-Wall-Hook-Rack-Nagi-Sarvega-3-ne-Schmiedeeiserne-Garderobenhakenleiste-3-Haken.png\",\"contentUrl\":\"https:\\\/\\\/etnoart.eu\\\/wp-content\\\/uploads\\\/2023\\\/06\\\/Seinaan-kiinnitettava-naulakko-3-koukulla-Hand-Forged-Wall-Hook-Rack-Nagi-Sarvega-3-ne-Schmiedeeiserne-Garderobenhakenleiste-3-Haken.png\",\"width\":998,\"height\":998,\"caption\":\"Nagi Sarvega 3-ne\"},{\"@type\":\"BreadcrumbList\",\"@id\":\"https:\\\/\\\/etnoart.eu\\\/toode\\\/nagi-sarvega-3-ne\\\/#breadcrumb\",\"itemListElement\":[{\"@type\":\"ListItem\",\"position\":1,\"name\":\"Home\",\"item\":\"https:\\\/\\\/etnoart.eu\\\/lt\\\/\"},{\"@type\":\"ListItem\",\"position\":2,\"name\":\"Pood\",\"item\":\"https:\\\/\\\/etnoart.eu\\\/lt\\\/shop\\\/\"},{\"@type\":\"ListItem\",\"position\":3,\"name\":\"Nagi Sarvega 3-ne\"}]},{\"@type\":\"WebSite\",\"@id\":\"https:\\\/\\\/etnoart.eu\\\/#website\",\"url\":\"https:\\\/\\\/etnoart.eu\\\/\",\"name\":\"Etnoart\",\"description\":\"K&auml;sit&ouml;&ouml;pood\",\"publisher\":{\"@id\":\"https:\\\/\\\/etnoart.eu\\\/#organization\"},\"potentialAction\":[{\"@type\":\"SearchAction\",\"target\":{\"@type\":\"EntryPoint\",\"urlTemplate\":\"https:\\\/\\\/etnoart.eu\\\/?s={search_term_string}\"},\"query-input\":{\"@type\":\"PropertyValueSpecification\",\"valueRequired\":true,\"valueName\":\"search_term_string\"}}],\"inLanguage\":\"lt-LT\"},{\"@type\":\"Organization\",\"@id\":\"https:\\\/\\\/etnoart.eu\\\/#organization\",\"name\":\"Etnoart O\u00dc\",\"url\":\"https:\\\/\\\/etnoart.eu\\\/\",\"logo\":{\"@type\":\"ImageObject\",\"inLanguage\":\"lt-LT\",\"@id\":\"https:\\\/\\\/etnoart.eu\\\/#\\\/schema\\\/logo\\\/image\\\/\",\"url\":\"https:\\\/\\\/etnoart.eu\\\/wp-content\\\/uploads\\\/2023\\\/06\\\/etnoart-logo.png\",\"contentUrl\":\"https:\\\/\\\/etnoart.eu\\\/wp-content\\\/uploads\\\/2023\\\/06\\\/etnoart-logo.png\",\"width\":491,\"height\":184,\"caption\":\"Etnoart O\u00dc\"},\"image\":{\"@id\":\"https:\\\/\\\/etnoart.eu\\\/#\\\/schema\\\/logo\\\/image\\\/\"},\"sameAs\":[\"https:\\\/\\\/www.facebook.com\\\/etnoart.handicraft.shop\"]}]}<\/script>\n<!-- \/ Yoast SEO plugin. -->","yoast_head_json":{"title":"Nagi Sarvega 3-ne |EtnoArt| Nagid ja lattnagid","description":"Nagi Sarvega 3-ne \u2013 k\u00e4sitsi sepistatud seinanagi kolme konksuga. Stiilne ja vastupidav lahendus riiete ning aksessuaaride riputamiseks. Sisetingimustesse.","robots":{"index":"index","follow":"follow","max-snippet":"max-snippet:-1","max-image-preview":"max-image-preview:large","max-video-preview":"max-video-preview:-1"},"canonical":"https:\/\/etnoart.eu\/toode\/nagi-sarvega-3-ne\/","og_locale":"lt_LT","og_type":"article","og_title":"Nagi Sarvega 3-ne |EtnoArt| Nagid ja lattnagid","og_description":"Nagi Sarvega 3-ne \u2013 k\u00e4sitsi sepistatud seinanagi kolme konksuga. Stiilne ja vastupidav lahendus riiete ning aksessuaaride riputamiseks. Sisetingimustesse.","og_url":"https:\/\/etnoart.eu\/toode\/nagi-sarvega-3-ne\/","og_site_name":"Etnoart","article_publisher":"https:\/\/www.facebook.com\/etnoart.handicraft.shop","article_modified_time":"2025-05-01T20:18:05+00:00","og_image":[{"width":998,"height":998,"url":"https:\/\/etnoart.eu\/wp-content\/uploads\/2023\/06\/Seinaan-kiinnitettava-naulakko-3-koukulla-Hand-Forged-Wall-Hook-Rack-Nagi-Sarvega-3-ne-Schmiedeeiserne-Garderobenhakenleiste-3-Haken.png","type":"image\/png"}],"twitter_card":"summary_large_image","twitter_misc":{"Est. reading time":"1 minut\u0117"},"schema":{"@context":"https:\/\/schema.org","@graph":[{"@type":"WebPage","@id":"https:\/\/etnoart.eu\/toode\/nagi-sarvega-3-ne\/","url":"https:\/\/etnoart.eu\/toode\/nagi-sarvega-3-ne\/","name":"Nagi Sarvega 3-ne |EtnoArt| Nagid ja lattnagid","isPartOf":{"@id":"https:\/\/etnoart.eu\/#website"},"primaryImageOfPage":{"@id":"https:\/\/etnoart.eu\/toode\/nagi-sarvega-3-ne\/#primaryimage"},"image":{"@id":"https:\/\/etnoart.eu\/toode\/nagi-sarvega-3-ne\/#primaryimage"},"thumbnailUrl":"https:\/\/etnoart.eu\/wp-content\/uploads\/2023\/06\/Seinaan-kiinnitettava-naulakko-3-koukulla-Hand-Forged-Wall-Hook-Rack-Nagi-Sarvega-3-ne-Schmiedeeiserne-Garderobenhakenleiste-3-Haken.png","datePublished":"2023-06-08T08:50:59+00:00","dateModified":"2025-05-01T20:18:05+00:00","description":"Nagi Sarvega 3-ne \u2013 k\u00e4sitsi sepistatud seinanagi kolme konksuga. Stiilne ja vastupidav lahendus riiete ning aksessuaaride riputamiseks. Sisetingimustesse.","breadcrumb":{"@id":"https:\/\/etnoart.eu\/toode\/nagi-sarvega-3-ne\/#breadcrumb"},"inLanguage":"lt-LT","potentialAction":[{"@type":"ReadAction","target":["https:\/\/etnoart.eu\/toode\/nagi-sarvega-3-ne\/"]}]},{"@type":"ImageObject","inLanguage":"lt-LT","@id":"https:\/\/etnoart.eu\/toode\/nagi-sarvega-3-ne\/#primaryimage","url":"https:\/\/etnoart.eu\/wp-content\/uploads\/2023\/06\/Seinaan-kiinnitettava-naulakko-3-koukulla-Hand-Forged-Wall-Hook-Rack-Nagi-Sarvega-3-ne-Schmiedeeiserne-Garderobenhakenleiste-3-Haken.png","contentUrl":"https:\/\/etnoart.eu\/wp-content\/uploads\/2023\/06\/Seinaan-kiinnitettava-naulakko-3-koukulla-Hand-Forged-Wall-Hook-Rack-Nagi-Sarvega-3-ne-Schmiedeeiserne-Garderobenhakenleiste-3-Haken.png","width":998,"height":998,"caption":"Nagi Sarvega 3-ne"},{"@type":"BreadcrumbList","@id":"https:\/\/etnoart.eu\/toode\/nagi-sarvega-3-ne\/#breadcrumb","itemListElement":[{"@type":"ListItem","position":1,"name":"Home","item":"https:\/\/etnoart.eu\/lt\/"},{"@type":"ListItem","position":2,"name":"Pood","item":"https:\/\/etnoart.eu\/lt\/shop\/"},{"@type":"ListItem","position":3,"name":"Nagi Sarvega 3-ne"}]},{"@type":"WebSite","@id":"https:\/\/etnoart.eu\/#website","url":"https:\/\/etnoart.eu\/","name":"Etnoart","description":"K&auml;sit&ouml;&ouml;pood","publisher":{"@id":"https:\/\/etnoart.eu\/#organization"},"potentialAction":[{"@type":"SearchAction","target":{"@type":"EntryPoint","urlTemplate":"https:\/\/etnoart.eu\/?s={search_term_string}"},"query-input":{"@type":"PropertyValueSpecification","valueRequired":true,"valueName":"search_term_string"}}],"inLanguage":"lt-LT"},{"@type":"Organization","@id":"https:\/\/etnoart.eu\/#organization","name":"Etnoart O\u00dc","url":"https:\/\/etnoart.eu\/","logo":{"@type":"ImageObject","inLanguage":"lt-LT","@id":"https:\/\/etnoart.eu\/#\/schema\/logo\/image\/","url":"https:\/\/etnoart.eu\/wp-content\/uploads\/2023\/06\/etnoart-logo.png","contentUrl":"https:\/\/etnoart.eu\/wp-content\/uploads\/2023\/06\/etnoart-logo.png","width":491,"height":184,"caption":"Etnoart O\u00dc"},"image":{"@id":"https:\/\/etnoart.eu\/#\/schema\/logo\/image\/"},"sameAs":["https:\/\/www.facebook.com\/etnoart.handicraft.shop"]}]}},"builder_content":"","_links":{"self":[{"href":"https:\/\/etnoart.eu\/lt\/wp-json\/wp\/v2\/product\/982","targetHints":{"allow":["GET"]}}],"collection":[{"href":"https:\/\/etnoart.eu\/lt\/wp-json\/wp\/v2\/product"}],"about":[{"href":"https:\/\/etnoart.eu\/lt\/wp-json\/wp\/v2\/types\/product"}],"wp:featuredmedia":[{"embeddable":true,"href":"https:\/\/etnoart.eu\/lt\/wp-json\/wp\/v2\/media\/5466"}],"wp:attachment":[{"href":"https:\/\/etnoart.eu\/lt\/wp-json\/wp\/v2\/media?parent=982"}],"wp:term":[{"taxonomy":"product_brand","embeddable":true,"href":"https:\/\/etnoart.eu\/lt\/wp-json\/wp\/v2\/product_brand?post=982"},{"taxonomy":"product_cat","embeddable":true,"href":"https:\/\/etnoart.eu\/lt\/wp-json\/wp\/v2\/product_cat?post=982"},{"taxonomy":"product_tag","embeddable":true,"href":"https:\/\/etnoart.eu\/lt\/wp-json\/wp\/v2\/product_tag?post=982"}],"curies":[{"name":"wp","href":"https:\/\/api.w.org\/{rel}","templated":true}]}}