{"id":981,"date":"2023-06-08T08:50:59","date_gmt":"2023-06-08T08:50:59","guid":{"rendered":"https:\/\/etnoart.amsel.ee\/?post_type=product&#038;p=981"},"modified":"2025-03-16T14:06:06","modified_gmt":"2025-03-16T14:06:06","slug":"riputusnagi-5-ne","status":"publish","type":"product","link":"https:\/\/etnoart.eu\/lt\/toode\/riputusnagi-5-ne\/","title":{"rendered":"Riputusnagi 5-ne"},"content":{"rendered":"<p><strong>Riputusnagi 5-ne<\/strong> \u2013 k\u00e4sitsi sepistatud viie konksuga nagi seinale<\/p>\n<p>See Riputusnagi 5-ne on praktiline ja vastupidav lahendus riiete, r\u00e4tikute v\u00f5i pajakinnaste riputamiseks.<\/p>\n<p>Sepistatud reljeefse pinnaga nagilatt on kergelt kaardus, pakkudes riputatavatele esemetele rohkem ruumi.<\/p>\n<p>Latile on kinnitatud viis tugevat nagikonksu, mis tagavad mugava ja kindla riputamise.<\/p>\n<p>K\u00e4sit\u00f6\u00f6na valmistatud metallkonstruktsioon tagab vastupidavuse ja unikaalse disaini.<\/p>\n<p>Lakkviimistlus kaitseb pinda, kuid toode sobib ainult sisetingimustes kasutamiseks.<\/p>\n<p>Ideaalne esikusse, k\u00f6\u00f6ki v\u00f5i majapidamisruumi, pakkudes funktsionaalsust ja stiili.<\/p>\n","protected":false},"excerpt":{"rendered":"<p>Riputusnagi 5-ne \u2013 k\u00e4sitsi sepistatud viie konksuga nagi esikusse v\u00f5i k\u00f6\u00f6ki. Vastupidav ja praktiline, sobib sisetingimustesse.<br \/>\n<strong>Kaal:<\/strong> 1,2 kg<br \/>\n<strong>Toote k\u00f5rgus:<\/strong> 10cm<br \/>\n<strong>Laius:<\/strong> 62cm<br \/>\n<strong>Toote viimistlus:<\/strong> Lakitud<\/p>\n","protected":false},"featured_media":5455,"template":"","meta":[],"product_brand":[],"product_cat":[44],"product_tag":[],"class_list":{"0":"post-981","1":"product","2":"type-product","3":"status-publish","4":"has-post-thumbnail","6":"product_cat-nagid-ja-lattnagid","7":"has-post-title","8":"has-post-date","9":"has-post-category","10":"has-post-tag","11":"has-post-comment","12":"has-post-author","13":"","15":"first","16":"instock","17":"taxable","18":"shipping-taxable","19":"purchasable","20":"product-type-simple"},"yoast_head":"<!-- This site is optimized with the Yoast SEO plugin v27.4 - https:\/\/yoast.com\/product\/yoast-seo-wordpress\/ -->\n<title>Riputusnagi 5-ne |EtnoArt| Nagid ja lattnagid<\/title>\n<meta name=\"description\" content=\"Riputusnagi 5-ne \u2013 k\u00e4sitsi sepistatud viie konksuga nagi esikusse v\u00f5i k\u00f6\u00f6ki. Vastupidav ja praktiline, sobib sisetingimustesse.\" \/>\n<meta name=\"robots\" content=\"index, follow, max-snippet:-1, max-image-preview:large, max-video-preview:-1\" \/>\n<link rel=\"canonical\" href=\"https:\/\/etnoart.eu\/toode\/riputusnagi-5-ne\/\" \/>\n<meta property=\"og:locale\" content=\"lt_LT\" \/>\n<meta property=\"og:type\" content=\"article\" \/>\n<meta property=\"og:title\" content=\"Riputusnagi 5-ne |EtnoArt| Nagid ja lattnagid\" \/>\n<meta property=\"og:description\" content=\"Riputusnagi 5-ne \u2013 k\u00e4sitsi sepistatud viie konksuga nagi esikusse v\u00f5i k\u00f6\u00f6ki. Vastupidav ja praktiline, sobib sisetingimustesse.\" \/>\n<meta property=\"og:url\" content=\"https:\/\/etnoart.eu\/toode\/riputusnagi-5-ne\/\" \/>\n<meta property=\"og:site_name\" content=\"Etnoart\" \/>\n<meta property=\"article:publisher\" content=\"https:\/\/www.facebook.com\/etnoart.handicraft.shop\" \/>\n<meta property=\"article:modified_time\" content=\"2025-03-16T14:06:06+00:00\" \/>\n<meta property=\"og:image\" content=\"https:\/\/etnoart.eu\/wp-content\/uploads\/2023\/06\/Seinanaulakko-5-koukulla-Wall-mounted-coat-rack-with-5-hooks-Riputusnagi-5-ne-Seinanaulakko-5-koukulla.png\" \/>\n\t<meta property=\"og:image:width\" content=\"589\" \/>\n\t<meta property=\"og:image:height\" content=\"589\" \/>\n\t<meta property=\"og:image:type\" content=\"image\/png\" \/>\n<meta name=\"twitter:card\" content=\"summary_large_image\" \/>\n<meta name=\"twitter:label1\" content=\"Est. reading time\" \/>\n\t<meta name=\"twitter:data1\" content=\"1 minut\u0117\" \/>\n<script type=\"application\/ld+json\" class=\"yoast-schema-graph\">{\"@context\":\"https:\\\/\\\/schema.org\",\"@graph\":[{\"@type\":\"WebPage\",\"@id\":\"https:\\\/\\\/etnoart.eu\\\/toode\\\/riputusnagi-5-ne\\\/\",\"url\":\"https:\\\/\\\/etnoart.eu\\\/toode\\\/riputusnagi-5-ne\\\/\",\"name\":\"Riputusnagi 5-ne |EtnoArt| Nagid ja lattnagid\",\"isPartOf\":{\"@id\":\"https:\\\/\\\/etnoart.eu\\\/#website\"},\"primaryImageOfPage\":{\"@id\":\"https:\\\/\\\/etnoart.eu\\\/toode\\\/riputusnagi-5-ne\\\/#primaryimage\"},\"image\":{\"@id\":\"https:\\\/\\\/etnoart.eu\\\/toode\\\/riputusnagi-5-ne\\\/#primaryimage\"},\"thumbnailUrl\":\"https:\\\/\\\/etnoart.eu\\\/wp-content\\\/uploads\\\/2023\\\/06\\\/Seinanaulakko-5-koukulla-Wall-mounted-coat-rack-with-5-hooks-Riputusnagi-5-ne-Seinanaulakko-5-koukulla.png\",\"datePublished\":\"2023-06-08T08:50:59+00:00\",\"dateModified\":\"2025-03-16T14:06:06+00:00\",\"description\":\"Riputusnagi 5-ne \u2013 k\u00e4sitsi sepistatud viie konksuga nagi esikusse v\u00f5i k\u00f6\u00f6ki. Vastupidav ja praktiline, sobib sisetingimustesse.\",\"breadcrumb\":{\"@id\":\"https:\\\/\\\/etnoart.eu\\\/toode\\\/riputusnagi-5-ne\\\/#breadcrumb\"},\"inLanguage\":\"lt-LT\",\"potentialAction\":[{\"@type\":\"ReadAction\",\"target\":[\"https:\\\/\\\/etnoart.eu\\\/toode\\\/riputusnagi-5-ne\\\/\"]}]},{\"@type\":\"ImageObject\",\"inLanguage\":\"lt-LT\",\"@id\":\"https:\\\/\\\/etnoart.eu\\\/toode\\\/riputusnagi-5-ne\\\/#primaryimage\",\"url\":\"https:\\\/\\\/etnoart.eu\\\/wp-content\\\/uploads\\\/2023\\\/06\\\/Seinanaulakko-5-koukulla-Wall-mounted-coat-rack-with-5-hooks-Riputusnagi-5-ne-Seinanaulakko-5-koukulla.png\",\"contentUrl\":\"https:\\\/\\\/etnoart.eu\\\/wp-content\\\/uploads\\\/2023\\\/06\\\/Seinanaulakko-5-koukulla-Wall-mounted-coat-rack-with-5-hooks-Riputusnagi-5-ne-Seinanaulakko-5-koukulla.png\",\"width\":589,\"height\":589,\"caption\":\"Riputusnagi 5-ne \u2013 k\u00e4sitsi sepistatud\"},{\"@type\":\"BreadcrumbList\",\"@id\":\"https:\\\/\\\/etnoart.eu\\\/toode\\\/riputusnagi-5-ne\\\/#breadcrumb\",\"itemListElement\":[{\"@type\":\"ListItem\",\"position\":1,\"name\":\"Home\",\"item\":\"https:\\\/\\\/etnoart.eu\\\/lt\\\/\"},{\"@type\":\"ListItem\",\"position\":2,\"name\":\"Pood\",\"item\":\"https:\\\/\\\/etnoart.eu\\\/lt\\\/shop\\\/\"},{\"@type\":\"ListItem\",\"position\":3,\"name\":\"Riputusnagi 5-ne\"}]},{\"@type\":\"WebSite\",\"@id\":\"https:\\\/\\\/etnoart.eu\\\/#website\",\"url\":\"https:\\\/\\\/etnoart.eu\\\/\",\"name\":\"Etnoart\",\"description\":\"K&auml;sit&ouml;&ouml;pood\",\"publisher\":{\"@id\":\"https:\\\/\\\/etnoart.eu\\\/#organization\"},\"potentialAction\":[{\"@type\":\"SearchAction\",\"target\":{\"@type\":\"EntryPoint\",\"urlTemplate\":\"https:\\\/\\\/etnoart.eu\\\/?s={search_term_string}\"},\"query-input\":{\"@type\":\"PropertyValueSpecification\",\"valueRequired\":true,\"valueName\":\"search_term_string\"}}],\"inLanguage\":\"lt-LT\"},{\"@type\":\"Organization\",\"@id\":\"https:\\\/\\\/etnoart.eu\\\/#organization\",\"name\":\"Etnoart O\u00dc\",\"url\":\"https:\\\/\\\/etnoart.eu\\\/\",\"logo\":{\"@type\":\"ImageObject\",\"inLanguage\":\"lt-LT\",\"@id\":\"https:\\\/\\\/etnoart.eu\\\/#\\\/schema\\\/logo\\\/image\\\/\",\"url\":\"https:\\\/\\\/etnoart.eu\\\/wp-content\\\/uploads\\\/2023\\\/06\\\/etnoart-logo.png\",\"contentUrl\":\"https:\\\/\\\/etnoart.eu\\\/wp-content\\\/uploads\\\/2023\\\/06\\\/etnoart-logo.png\",\"width\":491,\"height\":184,\"caption\":\"Etnoart O\u00dc\"},\"image\":{\"@id\":\"https:\\\/\\\/etnoart.eu\\\/#\\\/schema\\\/logo\\\/image\\\/\"},\"sameAs\":[\"https:\\\/\\\/www.facebook.com\\\/etnoart.handicraft.shop\"]}]}<\/script>\n<!-- \/ Yoast SEO plugin. -->","yoast_head_json":{"title":"Riputusnagi 5-ne |EtnoArt| Nagid ja lattnagid","description":"Riputusnagi 5-ne \u2013 k\u00e4sitsi sepistatud viie konksuga nagi esikusse v\u00f5i k\u00f6\u00f6ki. Vastupidav ja praktiline, sobib sisetingimustesse.","robots":{"index":"index","follow":"follow","max-snippet":"max-snippet:-1","max-image-preview":"max-image-preview:large","max-video-preview":"max-video-preview:-1"},"canonical":"https:\/\/etnoart.eu\/toode\/riputusnagi-5-ne\/","og_locale":"lt_LT","og_type":"article","og_title":"Riputusnagi 5-ne |EtnoArt| Nagid ja lattnagid","og_description":"Riputusnagi 5-ne \u2013 k\u00e4sitsi sepistatud viie konksuga nagi esikusse v\u00f5i k\u00f6\u00f6ki. Vastupidav ja praktiline, sobib sisetingimustesse.","og_url":"https:\/\/etnoart.eu\/toode\/riputusnagi-5-ne\/","og_site_name":"Etnoart","article_publisher":"https:\/\/www.facebook.com\/etnoart.handicraft.shop","article_modified_time":"2025-03-16T14:06:06+00:00","og_image":[{"width":589,"height":589,"url":"https:\/\/etnoart.eu\/wp-content\/uploads\/2023\/06\/Seinanaulakko-5-koukulla-Wall-mounted-coat-rack-with-5-hooks-Riputusnagi-5-ne-Seinanaulakko-5-koukulla.png","type":"image\/png"}],"twitter_card":"summary_large_image","twitter_misc":{"Est. reading time":"1 minut\u0117"},"schema":{"@context":"https:\/\/schema.org","@graph":[{"@type":"WebPage","@id":"https:\/\/etnoart.eu\/toode\/riputusnagi-5-ne\/","url":"https:\/\/etnoart.eu\/toode\/riputusnagi-5-ne\/","name":"Riputusnagi 5-ne |EtnoArt| Nagid ja lattnagid","isPartOf":{"@id":"https:\/\/etnoart.eu\/#website"},"primaryImageOfPage":{"@id":"https:\/\/etnoart.eu\/toode\/riputusnagi-5-ne\/#primaryimage"},"image":{"@id":"https:\/\/etnoart.eu\/toode\/riputusnagi-5-ne\/#primaryimage"},"thumbnailUrl":"https:\/\/etnoart.eu\/wp-content\/uploads\/2023\/06\/Seinanaulakko-5-koukulla-Wall-mounted-coat-rack-with-5-hooks-Riputusnagi-5-ne-Seinanaulakko-5-koukulla.png","datePublished":"2023-06-08T08:50:59+00:00","dateModified":"2025-03-16T14:06:06+00:00","description":"Riputusnagi 5-ne \u2013 k\u00e4sitsi sepistatud viie konksuga nagi esikusse v\u00f5i k\u00f6\u00f6ki. Vastupidav ja praktiline, sobib sisetingimustesse.","breadcrumb":{"@id":"https:\/\/etnoart.eu\/toode\/riputusnagi-5-ne\/#breadcrumb"},"inLanguage":"lt-LT","potentialAction":[{"@type":"ReadAction","target":["https:\/\/etnoart.eu\/toode\/riputusnagi-5-ne\/"]}]},{"@type":"ImageObject","inLanguage":"lt-LT","@id":"https:\/\/etnoart.eu\/toode\/riputusnagi-5-ne\/#primaryimage","url":"https:\/\/etnoart.eu\/wp-content\/uploads\/2023\/06\/Seinanaulakko-5-koukulla-Wall-mounted-coat-rack-with-5-hooks-Riputusnagi-5-ne-Seinanaulakko-5-koukulla.png","contentUrl":"https:\/\/etnoart.eu\/wp-content\/uploads\/2023\/06\/Seinanaulakko-5-koukulla-Wall-mounted-coat-rack-with-5-hooks-Riputusnagi-5-ne-Seinanaulakko-5-koukulla.png","width":589,"height":589,"caption":"Riputusnagi 5-ne \u2013 k\u00e4sitsi sepistatud"},{"@type":"BreadcrumbList","@id":"https:\/\/etnoart.eu\/toode\/riputusnagi-5-ne\/#breadcrumb","itemListElement":[{"@type":"ListItem","position":1,"name":"Home","item":"https:\/\/etnoart.eu\/lt\/"},{"@type":"ListItem","position":2,"name":"Pood","item":"https:\/\/etnoart.eu\/lt\/shop\/"},{"@type":"ListItem","position":3,"name":"Riputusnagi 5-ne"}]},{"@type":"WebSite","@id":"https:\/\/etnoart.eu\/#website","url":"https:\/\/etnoart.eu\/","name":"Etnoart","description":"K&auml;sit&ouml;&ouml;pood","publisher":{"@id":"https:\/\/etnoart.eu\/#organization"},"potentialAction":[{"@type":"SearchAction","target":{"@type":"EntryPoint","urlTemplate":"https:\/\/etnoart.eu\/?s={search_term_string}"},"query-input":{"@type":"PropertyValueSpecification","valueRequired":true,"valueName":"search_term_string"}}],"inLanguage":"lt-LT"},{"@type":"Organization","@id":"https:\/\/etnoart.eu\/#organization","name":"Etnoart O\u00dc","url":"https:\/\/etnoart.eu\/","logo":{"@type":"ImageObject","inLanguage":"lt-LT","@id":"https:\/\/etnoart.eu\/#\/schema\/logo\/image\/","url":"https:\/\/etnoart.eu\/wp-content\/uploads\/2023\/06\/etnoart-logo.png","contentUrl":"https:\/\/etnoart.eu\/wp-content\/uploads\/2023\/06\/etnoart-logo.png","width":491,"height":184,"caption":"Etnoart O\u00dc"},"image":{"@id":"https:\/\/etnoart.eu\/#\/schema\/logo\/image\/"},"sameAs":["https:\/\/www.facebook.com\/etnoart.handicraft.shop"]}]}},"builder_content":"","_links":{"self":[{"href":"https:\/\/etnoart.eu\/lt\/wp-json\/wp\/v2\/product\/981","targetHints":{"allow":["GET"]}}],"collection":[{"href":"https:\/\/etnoart.eu\/lt\/wp-json\/wp\/v2\/product"}],"about":[{"href":"https:\/\/etnoart.eu\/lt\/wp-json\/wp\/v2\/types\/product"}],"wp:featuredmedia":[{"embeddable":true,"href":"https:\/\/etnoart.eu\/lt\/wp-json\/wp\/v2\/media\/5455"}],"wp:attachment":[{"href":"https:\/\/etnoart.eu\/lt\/wp-json\/wp\/v2\/media?parent=981"}],"wp:term":[{"taxonomy":"product_brand","embeddable":true,"href":"https:\/\/etnoart.eu\/lt\/wp-json\/wp\/v2\/product_brand?post=981"},{"taxonomy":"product_cat","embeddable":true,"href":"https:\/\/etnoart.eu\/lt\/wp-json\/wp\/v2\/product_cat?post=981"},{"taxonomy":"product_tag","embeddable":true,"href":"https:\/\/etnoart.eu\/lt\/wp-json\/wp\/v2\/product_tag?post=981"}],"curies":[{"name":"wp","href":"https:\/\/api.w.org\/{rel}","templated":true}]}}