{"id":972,"date":"2023-06-08T08:50:58","date_gmt":"2023-06-08T08:50:58","guid":{"rendered":"https:\/\/etnoart.amsel.ee\/?post_type=product&#038;p=972"},"modified":"2023-12-16T15:31:24","modified_gmt":"2023-12-16T15:31:24","slug":"kaminariistad-rolf-4","status":"publish","type":"product","link":"https:\/\/etnoart.eu\/lt\/toode\/kaminariistad-rolf-4\/","title":{"rendered":"Kaminariistad Rolf 4"},"content":{"rendered":"<p>Kaminariistad Rolf 4 on komplekt, mis on valminud Eesti seppade k\u00e4e all k\u00e4sit\u00f6\u00f6na, et pakkuda teie kodule tuleaseme hooldamise t\u00e4iuslikku lahendust. Kvaliteetsed ja esteetilised, need tarvikud on loodud mitte ainult praktilisteks abimeesteks, vaid ka kaunistuseks teie tulekolde \u00fcmbruses.<\/p>\n<p>Komplekti kuuluv kaminatarvikute jalg on valmistatud \u00fchest tervest teraslatist, kasutades traditsioonilisi sepat\u00f6\u00f6 v\u00f5tteid. See jalg on mitte ainult omap\u00e4rane, vaid ka \u00e4\u00e4rmiselt stabiilne, olles ideaalne alus k\u00f5igile komplekti kuuluvatele tarvikutele. Jala k\u00f5rgus, 80 cm, on hoolikalt valitud, et tagada stabiilsus ja sobitumine erinevatesse kodudes ja keskkondadesse.<\/p>\n<p>Kaminariistad Rolf 4 komplekti kuulub neli olulist tarvikut: k\u00fchvel, hari, roop ja tuletangid. Tuletangid on praktiline lisa, mis v\u00f5ib enamikes kodudes, kus on vaid \u00fcks tulease, saada v\u00e4hem kasutust. Nende eesm\u00e4rk on lihtsustada kuumade t\u00fckkide liigutamist teise tulekoldesse, v\u00f5imaldades sulgeda \u00fche tulekolde siibri ja s\u00e4\u00e4sta energiat. Meie valikus on ka lihtsam variant, <a href=\"https:\/\/etnoart.eu\/toode\/kaminariistad-rolf-3\/\" target=\"_blank\" rel=\"noopener\">Rolf 3<\/a>, kus tuletangid ei sisaldu komplektis.<\/p>\n<p>Tarvikute pikkus on umbes 60 cm, tagades mugava kasutamise ja k\u00e4sitlemise. Komplekt on viimistletud lakikihiga, mis r\u00f5hutab k\u00e4sitsi viimistletud metalli loomulikku struktuuri, s\u00e4ilitades autentsuse ja vastupidavuse. See viimistlus mitte ainult ei kaitse tarvikuid, vaid annab ka tootele elegantse ja loomuliku v\u00e4ljan\u00e4gemise.<\/p>\n<p>Kaminariistad Rolf 4 on rohkem kui lihtsalt tarvikute komplekt; need on kvaliteetsed k\u00e4sit\u00f6\u00f6esemed, mis lisavad teie tulekoldele mitmek\u00fclgsust ja elegantsi. Valmistatud kogenud seppade poolt, need tarvikud on vastupidavad, funktsionaalsed ja kaunid, tuues esile Eesti seppade kirge ja oskusteavet.<\/p>\n","protected":false},"excerpt":{"rendered":"<p>Kaminariistad Rolf 4 on komplekt, mis on valminud Eesti seppade k\u00e4e all k\u00e4sit\u00f6\u00f6na, et pakkuda teie kodule tuleaseme hooldamise t\u00e4iuslikku lahendust.<\/p>\n<p>Viimistletud lakiga.<\/p>\n","protected":false},"featured_media":4308,"template":"","meta":[],"product_brand":[],"product_cat":[116],"product_tag":[],"class_list":{"0":"post-972","1":"product","2":"type-product","3":"status-publish","4":"has-post-thumbnail","6":"product_cat-kaminatarbed-ja-puukorvid","7":"has-post-title","8":"has-post-date","9":"has-post-category","10":"has-post-tag","11":"has-post-comment","12":"has-post-author","13":"","15":"first","16":"instock","17":"taxable","18":"shipping-taxable","19":"purchasable","20":"product-type-simple"},"yoast_head":"<!-- This site is optimized with the Yoast SEO plugin v27.4 - https:\/\/yoast.com\/product\/yoast-seo-wordpress\/ -->\n<title>Kaminariistad Rolf 4 |EtnoArt| Kaminatarbed ja puukorvid<\/title>\n<meta name=\"description\" content=\"Kaminariistad Rolf 4 on komplekt, mis on valminud Eesti seppade k\u00e4e all k\u00e4sit\u00f6\u00f6na, et pakkuda teie kodule tuleaseme hooldamise t\u00e4iuslikku lahendust.\" \/>\n<meta name=\"robots\" content=\"index, follow, max-snippet:-1, max-image-preview:large, max-video-preview:-1\" \/>\n<link rel=\"canonical\" href=\"https:\/\/etnoart.eu\/toode\/kaminariistad-rolf-4\/\" \/>\n<meta property=\"og:locale\" content=\"lt_LT\" \/>\n<meta property=\"og:type\" content=\"article\" \/>\n<meta property=\"og:title\" content=\"Kaminariistad Rolf 4 |EtnoArt| Kaminatarbed ja puukorvid\" \/>\n<meta property=\"og:description\" content=\"Kaminariistad Rolf 4 on komplekt, mis on valminud Eesti seppade k\u00e4e all k\u00e4sit\u00f6\u00f6na, et pakkuda teie kodule tuleaseme hooldamise t\u00e4iuslikku lahendust.\" \/>\n<meta property=\"og:url\" content=\"https:\/\/etnoart.eu\/toode\/kaminariistad-rolf-4\/\" \/>\n<meta property=\"og:site_name\" content=\"Etnoart\" \/>\n<meta property=\"article:publisher\" content=\"https:\/\/www.facebook.com\/etnoart.handicraft.shop\" \/>\n<meta property=\"article:modified_time\" content=\"2023-12-16T15:31:24+00:00\" \/>\n<meta property=\"og:image\" content=\"https:\/\/etnoart.eu\/wp-content\/uploads\/2023\/06\/Kaminariistad-Rolf-4.png\" \/>\n\t<meta property=\"og:image:width\" content=\"998\" \/>\n\t<meta property=\"og:image:height\" content=\"998\" \/>\n\t<meta property=\"og:image:type\" content=\"image\/png\" \/>\n<meta name=\"twitter:card\" content=\"summary_large_image\" \/>\n<meta name=\"twitter:label1\" content=\"Est. reading time\" \/>\n\t<meta name=\"twitter:data1\" content=\"2 minut\u0117s\" \/>\n<script type=\"application\/ld+json\" class=\"yoast-schema-graph\">{\"@context\":\"https:\\\/\\\/schema.org\",\"@graph\":[{\"@type\":\"WebPage\",\"@id\":\"https:\\\/\\\/etnoart.eu\\\/toode\\\/kaminariistad-rolf-4\\\/\",\"url\":\"https:\\\/\\\/etnoart.eu\\\/toode\\\/kaminariistad-rolf-4\\\/\",\"name\":\"Kaminariistad Rolf 4 |EtnoArt| Kaminatarbed ja puukorvid\",\"isPartOf\":{\"@id\":\"https:\\\/\\\/etnoart.eu\\\/#website\"},\"primaryImageOfPage\":{\"@id\":\"https:\\\/\\\/etnoart.eu\\\/toode\\\/kaminariistad-rolf-4\\\/#primaryimage\"},\"image\":{\"@id\":\"https:\\\/\\\/etnoart.eu\\\/toode\\\/kaminariistad-rolf-4\\\/#primaryimage\"},\"thumbnailUrl\":\"https:\\\/\\\/etnoart.eu\\\/wp-content\\\/uploads\\\/2023\\\/06\\\/Kaminariistad-Rolf-4.png\",\"datePublished\":\"2023-06-08T08:50:58+00:00\",\"dateModified\":\"2023-12-16T15:31:24+00:00\",\"description\":\"Kaminariistad Rolf 4 on komplekt, mis on valminud Eesti seppade k\u00e4e all k\u00e4sit\u00f6\u00f6na, et pakkuda teie kodule tuleaseme hooldamise t\u00e4iuslikku lahendust.\",\"breadcrumb\":{\"@id\":\"https:\\\/\\\/etnoart.eu\\\/toode\\\/kaminariistad-rolf-4\\\/#breadcrumb\"},\"inLanguage\":\"lt-LT\",\"potentialAction\":[{\"@type\":\"ReadAction\",\"target\":[\"https:\\\/\\\/etnoart.eu\\\/toode\\\/kaminariistad-rolf-4\\\/\"]}]},{\"@type\":\"ImageObject\",\"inLanguage\":\"lt-LT\",\"@id\":\"https:\\\/\\\/etnoart.eu\\\/toode\\\/kaminariistad-rolf-4\\\/#primaryimage\",\"url\":\"https:\\\/\\\/etnoart.eu\\\/wp-content\\\/uploads\\\/2023\\\/06\\\/Kaminariistad-Rolf-4.png\",\"contentUrl\":\"https:\\\/\\\/etnoart.eu\\\/wp-content\\\/uploads\\\/2023\\\/06\\\/Kaminariistad-Rolf-4.png\",\"width\":998,\"height\":998,\"caption\":\"Kaminariistad Rolf 4\"},{\"@type\":\"BreadcrumbList\",\"@id\":\"https:\\\/\\\/etnoart.eu\\\/toode\\\/kaminariistad-rolf-4\\\/#breadcrumb\",\"itemListElement\":[{\"@type\":\"ListItem\",\"position\":1,\"name\":\"Home\",\"item\":\"https:\\\/\\\/etnoart.eu\\\/lt\\\/\"},{\"@type\":\"ListItem\",\"position\":2,\"name\":\"Pood\",\"item\":\"https:\\\/\\\/etnoart.eu\\\/lt\\\/shop\\\/\"},{\"@type\":\"ListItem\",\"position\":3,\"name\":\"Kaminariistad Rolf 4\"}]},{\"@type\":\"WebSite\",\"@id\":\"https:\\\/\\\/etnoart.eu\\\/#website\",\"url\":\"https:\\\/\\\/etnoart.eu\\\/\",\"name\":\"Etnoart\",\"description\":\"K&auml;sit&ouml;&ouml;pood\",\"publisher\":{\"@id\":\"https:\\\/\\\/etnoart.eu\\\/#organization\"},\"potentialAction\":[{\"@type\":\"SearchAction\",\"target\":{\"@type\":\"EntryPoint\",\"urlTemplate\":\"https:\\\/\\\/etnoart.eu\\\/?s={search_term_string}\"},\"query-input\":{\"@type\":\"PropertyValueSpecification\",\"valueRequired\":true,\"valueName\":\"search_term_string\"}}],\"inLanguage\":\"lt-LT\"},{\"@type\":\"Organization\",\"@id\":\"https:\\\/\\\/etnoart.eu\\\/#organization\",\"name\":\"Etnoart O\u00dc\",\"url\":\"https:\\\/\\\/etnoart.eu\\\/\",\"logo\":{\"@type\":\"ImageObject\",\"inLanguage\":\"lt-LT\",\"@id\":\"https:\\\/\\\/etnoart.eu\\\/#\\\/schema\\\/logo\\\/image\\\/\",\"url\":\"https:\\\/\\\/etnoart.eu\\\/wp-content\\\/uploads\\\/2023\\\/06\\\/etnoart-logo.png\",\"contentUrl\":\"https:\\\/\\\/etnoart.eu\\\/wp-content\\\/uploads\\\/2023\\\/06\\\/etnoart-logo.png\",\"width\":491,\"height\":184,\"caption\":\"Etnoart O\u00dc\"},\"image\":{\"@id\":\"https:\\\/\\\/etnoart.eu\\\/#\\\/schema\\\/logo\\\/image\\\/\"},\"sameAs\":[\"https:\\\/\\\/www.facebook.com\\\/etnoart.handicraft.shop\"]}]}<\/script>\n<!-- \/ Yoast SEO plugin. -->","yoast_head_json":{"title":"Kaminariistad Rolf 4 |EtnoArt| Kaminatarbed ja puukorvid","description":"Kaminariistad Rolf 4 on komplekt, mis on valminud Eesti seppade k\u00e4e all k\u00e4sit\u00f6\u00f6na, et pakkuda teie kodule tuleaseme hooldamise t\u00e4iuslikku lahendust.","robots":{"index":"index","follow":"follow","max-snippet":"max-snippet:-1","max-image-preview":"max-image-preview:large","max-video-preview":"max-video-preview:-1"},"canonical":"https:\/\/etnoart.eu\/toode\/kaminariistad-rolf-4\/","og_locale":"lt_LT","og_type":"article","og_title":"Kaminariistad Rolf 4 |EtnoArt| Kaminatarbed ja puukorvid","og_description":"Kaminariistad Rolf 4 on komplekt, mis on valminud Eesti seppade k\u00e4e all k\u00e4sit\u00f6\u00f6na, et pakkuda teie kodule tuleaseme hooldamise t\u00e4iuslikku lahendust.","og_url":"https:\/\/etnoart.eu\/toode\/kaminariistad-rolf-4\/","og_site_name":"Etnoart","article_publisher":"https:\/\/www.facebook.com\/etnoart.handicraft.shop","article_modified_time":"2023-12-16T15:31:24+00:00","og_image":[{"width":998,"height":998,"url":"https:\/\/etnoart.eu\/wp-content\/uploads\/2023\/06\/Kaminariistad-Rolf-4.png","type":"image\/png"}],"twitter_card":"summary_large_image","twitter_misc":{"Est. reading time":"2 minut\u0117s"},"schema":{"@context":"https:\/\/schema.org","@graph":[{"@type":"WebPage","@id":"https:\/\/etnoart.eu\/toode\/kaminariistad-rolf-4\/","url":"https:\/\/etnoart.eu\/toode\/kaminariistad-rolf-4\/","name":"Kaminariistad Rolf 4 |EtnoArt| Kaminatarbed ja puukorvid","isPartOf":{"@id":"https:\/\/etnoart.eu\/#website"},"primaryImageOfPage":{"@id":"https:\/\/etnoart.eu\/toode\/kaminariistad-rolf-4\/#primaryimage"},"image":{"@id":"https:\/\/etnoart.eu\/toode\/kaminariistad-rolf-4\/#primaryimage"},"thumbnailUrl":"https:\/\/etnoart.eu\/wp-content\/uploads\/2023\/06\/Kaminariistad-Rolf-4.png","datePublished":"2023-06-08T08:50:58+00:00","dateModified":"2023-12-16T15:31:24+00:00","description":"Kaminariistad Rolf 4 on komplekt, mis on valminud Eesti seppade k\u00e4e all k\u00e4sit\u00f6\u00f6na, et pakkuda teie kodule tuleaseme hooldamise t\u00e4iuslikku lahendust.","breadcrumb":{"@id":"https:\/\/etnoart.eu\/toode\/kaminariistad-rolf-4\/#breadcrumb"},"inLanguage":"lt-LT","potentialAction":[{"@type":"ReadAction","target":["https:\/\/etnoart.eu\/toode\/kaminariistad-rolf-4\/"]}]},{"@type":"ImageObject","inLanguage":"lt-LT","@id":"https:\/\/etnoart.eu\/toode\/kaminariistad-rolf-4\/#primaryimage","url":"https:\/\/etnoart.eu\/wp-content\/uploads\/2023\/06\/Kaminariistad-Rolf-4.png","contentUrl":"https:\/\/etnoart.eu\/wp-content\/uploads\/2023\/06\/Kaminariistad-Rolf-4.png","width":998,"height":998,"caption":"Kaminariistad Rolf 4"},{"@type":"BreadcrumbList","@id":"https:\/\/etnoart.eu\/toode\/kaminariistad-rolf-4\/#breadcrumb","itemListElement":[{"@type":"ListItem","position":1,"name":"Home","item":"https:\/\/etnoart.eu\/lt\/"},{"@type":"ListItem","position":2,"name":"Pood","item":"https:\/\/etnoart.eu\/lt\/shop\/"},{"@type":"ListItem","position":3,"name":"Kaminariistad Rolf 4"}]},{"@type":"WebSite","@id":"https:\/\/etnoart.eu\/#website","url":"https:\/\/etnoart.eu\/","name":"Etnoart","description":"K&auml;sit&ouml;&ouml;pood","publisher":{"@id":"https:\/\/etnoart.eu\/#organization"},"potentialAction":[{"@type":"SearchAction","target":{"@type":"EntryPoint","urlTemplate":"https:\/\/etnoart.eu\/?s={search_term_string}"},"query-input":{"@type":"PropertyValueSpecification","valueRequired":true,"valueName":"search_term_string"}}],"inLanguage":"lt-LT"},{"@type":"Organization","@id":"https:\/\/etnoart.eu\/#organization","name":"Etnoart O\u00dc","url":"https:\/\/etnoart.eu\/","logo":{"@type":"ImageObject","inLanguage":"lt-LT","@id":"https:\/\/etnoart.eu\/#\/schema\/logo\/image\/","url":"https:\/\/etnoart.eu\/wp-content\/uploads\/2023\/06\/etnoart-logo.png","contentUrl":"https:\/\/etnoart.eu\/wp-content\/uploads\/2023\/06\/etnoart-logo.png","width":491,"height":184,"caption":"Etnoart O\u00dc"},"image":{"@id":"https:\/\/etnoart.eu\/#\/schema\/logo\/image\/"},"sameAs":["https:\/\/www.facebook.com\/etnoart.handicraft.shop"]}]}},"builder_content":"","_links":{"self":[{"href":"https:\/\/etnoart.eu\/lt\/wp-json\/wp\/v2\/product\/972","targetHints":{"allow":["GET"]}}],"collection":[{"href":"https:\/\/etnoart.eu\/lt\/wp-json\/wp\/v2\/product"}],"about":[{"href":"https:\/\/etnoart.eu\/lt\/wp-json\/wp\/v2\/types\/product"}],"wp:featuredmedia":[{"embeddable":true,"href":"https:\/\/etnoart.eu\/lt\/wp-json\/wp\/v2\/media\/4308"}],"wp:attachment":[{"href":"https:\/\/etnoart.eu\/lt\/wp-json\/wp\/v2\/media?parent=972"}],"wp:term":[{"taxonomy":"product_brand","embeddable":true,"href":"https:\/\/etnoart.eu\/lt\/wp-json\/wp\/v2\/product_brand?post=972"},{"taxonomy":"product_cat","embeddable":true,"href":"https:\/\/etnoart.eu\/lt\/wp-json\/wp\/v2\/product_cat?post=972"},{"taxonomy":"product_tag","embeddable":true,"href":"https:\/\/etnoart.eu\/lt\/wp-json\/wp\/v2\/product_tag?post=972"}],"curies":[{"name":"wp","href":"https:\/\/api.w.org\/{rel}","templated":true}]}}