{"id":8477,"date":"2023-06-08T08:56:27","date_gmt":"2023-06-08T08:56:27","guid":{"rendered":"https:\/\/etnoart.eu\/toode\/latthinged-30-cm-zn\/"},"modified":"2026-03-13T20:49:52","modified_gmt":"2026-03-13T20:49:52","slug":"juostiniai-vyriai-30-cm-zn","status":"publish","type":"product","link":"https:\/\/etnoart.eu\/lt\/toode\/juostiniai-vyriai-30-cm-zn\/","title":{"rendered":"Juostiniai vyriai 30 cm (Zn)"},"content":{"rendered":"<h3 data-section-id=\"1awqjf3\" data-start=\"76\" data-end=\"100\">Produkto apra\u0161ymas<\/h3>\n<p data-start=\"101\" data-end=\"374\"><strong data-start=\"101\" data-end=\"133\">Juostiniai vyriai 30 cm (Zn)<\/strong> yra cinkuoti ir da\u017eyti milteliniais da\u017eais, tod\u0117l pasi\u017eymi dideliu atsparumu korozijai ir ilgaam\u017ei\u0161kumu. \u0160ie vyriai puikiai tinka durims, vartams ar kitoms medin\u0117ms konstrukcijoms, kur reikalingas tvirtas ir patikimas tvirtinimo sprendimas.<\/p>\n<p data-start=\"376\" data-end=\"469\">Komplekt\u0105 sudaro <strong data-start=\"393\" data-end=\"468\">por\u0105 juostini\u0173 vyri\u0173 su laikikliais ir dviem laikikli\u0173 var\u017etais 8\u00d770 mm<\/strong>.<\/p>\n<ul data-start=\"471\" data-end=\"512\">\n<li data-section-id=\"1afmvwg\" data-start=\"471\" data-end=\"483\">\n<p data-start=\"473\" data-end=\"483\">Cinkuoti<\/p>\n<\/li>\n<li data-section-id=\"1tj0puf\" data-start=\"484\" data-end=\"512\">\n<p data-start=\"486\" data-end=\"512\">Da\u017eyti milteliniais da\u017eais<\/p>\n<\/li>\n<\/ul>\n<p data-start=\"514\" data-end=\"608\">Rekomenduojame tvirtinti <strong data-start=\"539\" data-end=\"569\">60 mm ilgio kalvio vinimis<\/strong>. Vienam komplektui reik\u0117s <strong data-start=\"596\" data-end=\"607\">8 vini\u0173<\/strong>.<\/p>\n<hr data-start=\"610\" data-end=\"613\" \/>\n<h3 data-section-id=\"1nktt8l\" data-start=\"615\" data-end=\"648\">\ud83d\udee0\ufe0f Kaltini\u0173 vyri\u0173 montavimas<\/h3>\n<p data-start=\"650\" data-end=\"726\">Montuojant juostinius vyrius, be pa\u010di\u0173 vyri\u0173 ir tvirtinimo element\u0173, reik\u0117s:<\/p>\n<ul data-start=\"728\" data-end=\"917\">\n<li data-section-id=\"1am64rh\" data-start=\"728\" data-end=\"738\">\n<p data-start=\"730\" data-end=\"738\">gr\u0105\u017eto<\/p>\n<\/li>\n<li data-section-id=\"4tb9ub\" data-start=\"739\" data-end=\"758\">\n<p data-start=\"741\" data-end=\"758\">medienos gr\u0105\u017et\u0173<\/p>\n<\/li>\n<li data-section-id=\"19zqbuj\" data-start=\"759\" data-end=\"771\">\n<p data-start=\"761\" data-end=\"771\">plaktuko<\/p>\n<\/li>\n<li data-section-id=\"sc6j8g\" data-start=\"772\" data-end=\"789\">\n<p data-start=\"774\" data-end=\"789\">ver\u017eliarak\u010dio<\/p>\n<\/li>\n<li data-section-id=\"rbevhi\" data-start=\"790\" data-end=\"854\">\n<p data-start=\"792\" data-end=\"854\">jei stulpas ar r\u0117mas m\u016brinis \u2013 m\u016bro gr\u0105\u017et\u0173 ir tinkamo gr\u0105\u017eto<\/p>\n<\/li>\n<li data-section-id=\"15i6a76\" data-start=\"855\" data-end=\"917\">\n<p data-start=\"857\" data-end=\"917\">skiedinio arba cheminio ankerio laikikli\u0173 var\u017etams tvirtinti<\/p>\n<\/li>\n<\/ul>\n<p data-start=\"919\" data-end=\"1077\">Laikikli\u0173 dalys skirtos atvejui, kai durys ir stakta yra vienoje plok\u0161tumoje. Jei auk\u0161\u010diai skiriasi, galime pagaminti individualius laikiklius pagal matmenis.<\/p>\n<p data-start=\"1079\" data-end=\"1351\">Vyriai tvirtinami prie dur\u0173 taip, kad var\u017etai, vinys ar sraigtai pereit\u0173 per dur\u0173 konstrukcij\u0105 arba r\u0117m\u0105. Tai leid\u017eia tiksliai nustatyti vyri\u0173 auk\u0161t\u012f ir pa\u017eym\u0117ti laikikli\u0173 var\u017et\u0173 vietas ant staktos. Reikia atsi\u017evelgti \u012f tai, kad vyrio juosta remsis \u012f plok\u0161\u010di\u0105 var\u017eto gal\u0105.<\/p>\n<p data-start=\"1353\" data-end=\"1654\">Medienoje reikia i\u0161gr\u0119\u017eti ma\u017edaug <strong data-start=\"1387\" data-end=\"1423\">3 mm siauresn\u0119 skyl\u0119 nei var\u017etas<\/strong>, \u012f kuri\u0105 var\u017etas \u012fsukamas. Jei stulpas m\u016brinis, reikia i\u0161gr\u0119\u017eti skyl\u0119, \u012f kuri\u0105 var\u017etas laisvai \u012feina, ir pritvirtinti j\u012f <strong data-start=\"1545\" data-end=\"1591\">stipriu m\u016bro mi\u0161iniu arba cheminiu ankeriu<\/strong>. Tokiu atveju dur\u0173 negalima montuoti, kol mi\u0161inys nesukiet\u0117ja.<\/p>\n<p data-start=\"1656\" data-end=\"1902\">\u017dymint vyri\u0173 juostos tvirtinimo vietas, reikia palikti nedidel\u012f tarp\u0105 tarp vyrio ir laikiklio, kad durys gal\u0117t\u0173 laisvai jud\u0117ti. Tod\u0117l \u017eymint vir\u0161utin\u0119 dur\u0173 dal\u012f j\u0105 reikia \u0161iek tiek priartinti prie staktos, o apatin\u0119 \u2013 \u0161iek tiek patraukti \u012f i\u0161or\u0119.<\/p>\n<p data-start=\"1904\" data-end=\"2143\">Rekomenduojame vyrio juostos gal\u0105, esant\u012f prie laikiklio, <strong data-start=\"1962\" data-end=\"1993\">b\u016btinai pritvirtinti var\u017etu<\/strong>, o kitas tvirtinimo vietas galima tvirtinti kalvio vinimis arba var\u017etais. Abiem atvejais rekomenduojama i\u0161 anksto i\u0161gr\u0119\u017eti \u0161iek tiek siauresn\u0119 skyl\u0119.<\/p>\n<p data-start=\"2145\" data-end=\"2493\">Kalvio vin\u012f geriausia pasirinkti tokio ilgio, kad ji praeit\u0173 per medien\u0105 ir keli centimetrai likt\u0173 i\u0161lind\u0119. Tuomet naudojami <strong data-start=\"2270\" data-end=\"2286\">du plaktukai<\/strong> \u2013 vienu prilaikoma vinies galvut\u0117, kitu vinies galas u\u017elenkiamas sta\u010diu kampu ir \u012fkalamas \u012f medien\u0105. Taip vinis \u012fsikabina \u012f med\u012f ir tampa prakti\u0161kai nei\u0161traukiama, o vyris lieka labai tvirtai pritvirtintas.<\/p>\n","protected":false},"excerpt":{"rendered":"<p>Latthinged 30 cm (Zn). Komplekti kuulub latthingede paar sagarate ja kahe sagarapoldiga 8x70mm,<\/p>\n<p>Tsingitud ja pulberv\u00e4rviga v\u00e4rvitud<\/p>\n","protected":false},"featured_media":8480,"template":"","meta":[],"product_brand":[],"product_cat":[1164],"product_tag":[],"class_list":{"0":"post-8477","1":"product","2":"type-product","3":"status-publish","4":"has-post-thumbnail","6":"product_cat-duru-ir-langu-vyriai","7":"has-post-title","8":"has-post-date","9":"has-post-category","10":"has-post-tag","11":"has-post-comment","12":"has-post-author","13":"","15":"first","16":"instock","17":"taxable","18":"shipping-taxable","19":"purchasable","20":"product-type-simple"},"yoast_head":"<!-- This site is optimized with the Yoast SEO plugin v27.3 - https:\/\/yoast.com\/product\/yoast-seo-wordpress\/ -->\n<title>Juostiniai vyriai 30 cm (Zn) |EtnoArt| Dur\u0173 ir lang\u0173 vyriai<\/title>\n<meta name=\"description\" content=\"Cinkuoti ir milteliniu b\u016bdu da\u017eyti juostiniai vyriai 30 cm durims ir vartams. Patvar\u016bs metaliniai vyriai su laikikliais ir var\u017etais.\" \/>\n<meta name=\"robots\" content=\"index, follow, max-snippet:-1, max-image-preview:large, max-video-preview:-1\" \/>\n<link rel=\"canonical\" href=\"https:\/\/etnoart.eu\/lt\/toode\/juostiniai-vyriai-30-cm-zn\/\" \/>\n<meta property=\"og:locale\" content=\"lt_LT\" \/>\n<meta property=\"og:type\" content=\"article\" \/>\n<meta property=\"og:title\" content=\"Juostiniai vyriai 30 cm (Zn) |EtnoArt| Dur\u0173 ir lang\u0173 vyriai\" \/>\n<meta property=\"og:description\" content=\"Cinkuoti ir milteliniu b\u016bdu da\u017eyti juostiniai vyriai 30 cm durims ir vartams. Patvar\u016bs metaliniai vyriai su laikikliais ir var\u017etais.\" \/>\n<meta property=\"og:url\" content=\"https:\/\/etnoart.eu\/lt\/toode\/juostiniai-vyriai-30-cm-zn\/\" \/>\n<meta property=\"og:site_name\" content=\"Etnoart\" \/>\n<meta property=\"article:publisher\" content=\"https:\/\/www.facebook.com\/etnoart.handicraft.shop\" \/>\n<meta property=\"article:modified_time\" content=\"2026-03-13T20:49:52+00:00\" \/>\n<meta property=\"og:image\" content=\"https:\/\/etnoart.eu\/wp-content\/uploads\/2023\/06\/Latthinged-30cm-ZN.png\" \/>\n\t<meta property=\"og:image:width\" content=\"900\" \/>\n\t<meta property=\"og:image:height\" content=\"900\" \/>\n\t<meta property=\"og:image:type\" content=\"image\/png\" \/>\n<meta name=\"twitter:card\" content=\"summary_large_image\" \/>\n<meta name=\"twitter:label1\" content=\"Est. reading time\" \/>\n\t<meta name=\"twitter:data1\" content=\"2 minut\u0117s\" \/>\n<script type=\"application\/ld+json\" class=\"yoast-schema-graph\">{\"@context\":\"https:\\\/\\\/schema.org\",\"@graph\":[{\"@type\":\"WebPage\",\"@id\":\"https:\\\/\\\/etnoart.eu\\\/lt\\\/toode\\\/juostiniai-vyriai-30-cm-zn\\\/\",\"url\":\"https:\\\/\\\/etnoart.eu\\\/lt\\\/toode\\\/juostiniai-vyriai-30-cm-zn\\\/\",\"name\":\"Juostiniai vyriai 30 cm (Zn) |EtnoArt| Dur\u0173 ir lang\u0173 vyriai\",\"isPartOf\":{\"@id\":\"https:\\\/\\\/etnoart.eu\\\/#website\"},\"primaryImageOfPage\":{\"@id\":\"https:\\\/\\\/etnoart.eu\\\/lt\\\/toode\\\/juostiniai-vyriai-30-cm-zn\\\/#primaryimage\"},\"image\":{\"@id\":\"https:\\\/\\\/etnoart.eu\\\/lt\\\/toode\\\/juostiniai-vyriai-30-cm-zn\\\/#primaryimage\"},\"thumbnailUrl\":\"https:\\\/\\\/etnoart.eu\\\/wp-content\\\/uploads\\\/2023\\\/06\\\/Latthinged-30cm-ZN.png\",\"datePublished\":\"2023-06-08T08:56:27+00:00\",\"dateModified\":\"2026-03-13T20:49:52+00:00\",\"description\":\"Cinkuoti ir milteliniu b\u016bdu da\u017eyti juostiniai vyriai 30 cm durims ir vartams. Patvar\u016bs metaliniai vyriai su laikikliais ir var\u017etais.\",\"breadcrumb\":{\"@id\":\"https:\\\/\\\/etnoart.eu\\\/lt\\\/toode\\\/juostiniai-vyriai-30-cm-zn\\\/#breadcrumb\"},\"inLanguage\":\"lt-LT\",\"potentialAction\":[{\"@type\":\"ReadAction\",\"target\":[\"https:\\\/\\\/etnoart.eu\\\/lt\\\/toode\\\/juostiniai-vyriai-30-cm-zn\\\/\"]}]},{\"@type\":\"ImageObject\",\"inLanguage\":\"lt-LT\",\"@id\":\"https:\\\/\\\/etnoart.eu\\\/lt\\\/toode\\\/juostiniai-vyriai-30-cm-zn\\\/#primaryimage\",\"url\":\"https:\\\/\\\/etnoart.eu\\\/wp-content\\\/uploads\\\/2023\\\/06\\\/Latthinged-30cm-ZN.png\",\"contentUrl\":\"https:\\\/\\\/etnoart.eu\\\/wp-content\\\/uploads\\\/2023\\\/06\\\/Latthinged-30cm-ZN.png\",\"width\":900,\"height\":900,\"caption\":\"Latthinged 30cm ZN\"},{\"@type\":\"BreadcrumbList\",\"@id\":\"https:\\\/\\\/etnoart.eu\\\/lt\\\/toode\\\/juostiniai-vyriai-30-cm-zn\\\/#breadcrumb\",\"itemListElement\":[{\"@type\":\"ListItem\",\"position\":1,\"name\":\"Home\",\"item\":\"https:\\\/\\\/etnoart.eu\\\/lt\\\/\"},{\"@type\":\"ListItem\",\"position\":2,\"name\":\"Pood\",\"item\":\"https:\\\/\\\/etnoart.eu\\\/lt\\\/shop\\\/\"},{\"@type\":\"ListItem\",\"position\":3,\"name\":\"Juostiniai vyriai 30 cm (Zn)\"}]},{\"@type\":\"WebSite\",\"@id\":\"https:\\\/\\\/etnoart.eu\\\/#website\",\"url\":\"https:\\\/\\\/etnoart.eu\\\/\",\"name\":\"Etnoart\",\"description\":\"K&auml;sit&ouml;&ouml;pood\",\"publisher\":{\"@id\":\"https:\\\/\\\/etnoart.eu\\\/#organization\"},\"potentialAction\":[{\"@type\":\"SearchAction\",\"target\":{\"@type\":\"EntryPoint\",\"urlTemplate\":\"https:\\\/\\\/etnoart.eu\\\/?s={search_term_string}\"},\"query-input\":{\"@type\":\"PropertyValueSpecification\",\"valueRequired\":true,\"valueName\":\"search_term_string\"}}],\"inLanguage\":\"lt-LT\"},{\"@type\":\"Organization\",\"@id\":\"https:\\\/\\\/etnoart.eu\\\/#organization\",\"name\":\"Etnoart O\u00dc\",\"url\":\"https:\\\/\\\/etnoart.eu\\\/\",\"logo\":{\"@type\":\"ImageObject\",\"inLanguage\":\"lt-LT\",\"@id\":\"https:\\\/\\\/etnoart.eu\\\/#\\\/schema\\\/logo\\\/image\\\/\",\"url\":\"https:\\\/\\\/etnoart.eu\\\/wp-content\\\/uploads\\\/2023\\\/06\\\/etnoart-logo.png\",\"contentUrl\":\"https:\\\/\\\/etnoart.eu\\\/wp-content\\\/uploads\\\/2023\\\/06\\\/etnoart-logo.png\",\"width\":491,\"height\":184,\"caption\":\"Etnoart O\u00dc\"},\"image\":{\"@id\":\"https:\\\/\\\/etnoart.eu\\\/#\\\/schema\\\/logo\\\/image\\\/\"},\"sameAs\":[\"https:\\\/\\\/www.facebook.com\\\/etnoart.handicraft.shop\"]}]}<\/script>\n<!-- \/ Yoast SEO plugin. -->","yoast_head_json":{"title":"Juostiniai vyriai 30 cm (Zn) |EtnoArt| Dur\u0173 ir lang\u0173 vyriai","description":"Cinkuoti ir milteliniu b\u016bdu da\u017eyti juostiniai vyriai 30 cm durims ir vartams. Patvar\u016bs metaliniai vyriai su laikikliais ir var\u017etais.","robots":{"index":"index","follow":"follow","max-snippet":"max-snippet:-1","max-image-preview":"max-image-preview:large","max-video-preview":"max-video-preview:-1"},"canonical":"https:\/\/etnoart.eu\/lt\/toode\/juostiniai-vyriai-30-cm-zn\/","og_locale":"lt_LT","og_type":"article","og_title":"Juostiniai vyriai 30 cm (Zn) |EtnoArt| Dur\u0173 ir lang\u0173 vyriai","og_description":"Cinkuoti ir milteliniu b\u016bdu da\u017eyti juostiniai vyriai 30 cm durims ir vartams. Patvar\u016bs metaliniai vyriai su laikikliais ir var\u017etais.","og_url":"https:\/\/etnoart.eu\/lt\/toode\/juostiniai-vyriai-30-cm-zn\/","og_site_name":"Etnoart","article_publisher":"https:\/\/www.facebook.com\/etnoart.handicraft.shop","article_modified_time":"2026-03-13T20:49:52+00:00","og_image":[{"width":900,"height":900,"url":"https:\/\/etnoart.eu\/wp-content\/uploads\/2023\/06\/Latthinged-30cm-ZN.png","type":"image\/png"}],"twitter_card":"summary_large_image","twitter_misc":{"Est. reading time":"2 minut\u0117s"},"schema":{"@context":"https:\/\/schema.org","@graph":[{"@type":"WebPage","@id":"https:\/\/etnoart.eu\/lt\/toode\/juostiniai-vyriai-30-cm-zn\/","url":"https:\/\/etnoart.eu\/lt\/toode\/juostiniai-vyriai-30-cm-zn\/","name":"Juostiniai vyriai 30 cm (Zn) |EtnoArt| Dur\u0173 ir lang\u0173 vyriai","isPartOf":{"@id":"https:\/\/etnoart.eu\/#website"},"primaryImageOfPage":{"@id":"https:\/\/etnoart.eu\/lt\/toode\/juostiniai-vyriai-30-cm-zn\/#primaryimage"},"image":{"@id":"https:\/\/etnoart.eu\/lt\/toode\/juostiniai-vyriai-30-cm-zn\/#primaryimage"},"thumbnailUrl":"https:\/\/etnoart.eu\/wp-content\/uploads\/2023\/06\/Latthinged-30cm-ZN.png","datePublished":"2023-06-08T08:56:27+00:00","dateModified":"2026-03-13T20:49:52+00:00","description":"Cinkuoti ir milteliniu b\u016bdu da\u017eyti juostiniai vyriai 30 cm durims ir vartams. Patvar\u016bs metaliniai vyriai su laikikliais ir var\u017etais.","breadcrumb":{"@id":"https:\/\/etnoart.eu\/lt\/toode\/juostiniai-vyriai-30-cm-zn\/#breadcrumb"},"inLanguage":"lt-LT","potentialAction":[{"@type":"ReadAction","target":["https:\/\/etnoart.eu\/lt\/toode\/juostiniai-vyriai-30-cm-zn\/"]}]},{"@type":"ImageObject","inLanguage":"lt-LT","@id":"https:\/\/etnoart.eu\/lt\/toode\/juostiniai-vyriai-30-cm-zn\/#primaryimage","url":"https:\/\/etnoart.eu\/wp-content\/uploads\/2023\/06\/Latthinged-30cm-ZN.png","contentUrl":"https:\/\/etnoart.eu\/wp-content\/uploads\/2023\/06\/Latthinged-30cm-ZN.png","width":900,"height":900,"caption":"Latthinged 30cm ZN"},{"@type":"BreadcrumbList","@id":"https:\/\/etnoart.eu\/lt\/toode\/juostiniai-vyriai-30-cm-zn\/#breadcrumb","itemListElement":[{"@type":"ListItem","position":1,"name":"Home","item":"https:\/\/etnoart.eu\/lt\/"},{"@type":"ListItem","position":2,"name":"Pood","item":"https:\/\/etnoart.eu\/lt\/shop\/"},{"@type":"ListItem","position":3,"name":"Juostiniai vyriai 30 cm (Zn)"}]},{"@type":"WebSite","@id":"https:\/\/etnoart.eu\/#website","url":"https:\/\/etnoart.eu\/","name":"Etnoart","description":"K&auml;sit&ouml;&ouml;pood","publisher":{"@id":"https:\/\/etnoart.eu\/#organization"},"potentialAction":[{"@type":"SearchAction","target":{"@type":"EntryPoint","urlTemplate":"https:\/\/etnoart.eu\/?s={search_term_string}"},"query-input":{"@type":"PropertyValueSpecification","valueRequired":true,"valueName":"search_term_string"}}],"inLanguage":"lt-LT"},{"@type":"Organization","@id":"https:\/\/etnoart.eu\/#organization","name":"Etnoart O\u00dc","url":"https:\/\/etnoart.eu\/","logo":{"@type":"ImageObject","inLanguage":"lt-LT","@id":"https:\/\/etnoart.eu\/#\/schema\/logo\/image\/","url":"https:\/\/etnoart.eu\/wp-content\/uploads\/2023\/06\/etnoart-logo.png","contentUrl":"https:\/\/etnoart.eu\/wp-content\/uploads\/2023\/06\/etnoart-logo.png","width":491,"height":184,"caption":"Etnoart O\u00dc"},"image":{"@id":"https:\/\/etnoart.eu\/#\/schema\/logo\/image\/"},"sameAs":["https:\/\/www.facebook.com\/etnoart.handicraft.shop"]}]}},"builder_content":"","_links":{"self":[{"href":"https:\/\/etnoart.eu\/lt\/wp-json\/wp\/v2\/product\/8477","targetHints":{"allow":["GET"]}}],"collection":[{"href":"https:\/\/etnoart.eu\/lt\/wp-json\/wp\/v2\/product"}],"about":[{"href":"https:\/\/etnoart.eu\/lt\/wp-json\/wp\/v2\/types\/product"}],"wp:featuredmedia":[{"embeddable":true,"href":"https:\/\/etnoart.eu\/lt\/wp-json\/wp\/v2\/media\/8480"}],"wp:attachment":[{"href":"https:\/\/etnoart.eu\/lt\/wp-json\/wp\/v2\/media?parent=8477"}],"wp:term":[{"taxonomy":"product_brand","embeddable":true,"href":"https:\/\/etnoart.eu\/lt\/wp-json\/wp\/v2\/product_brand?post=8477"},{"taxonomy":"product_cat","embeddable":true,"href":"https:\/\/etnoart.eu\/lt\/wp-json\/wp\/v2\/product_cat?post=8477"},{"taxonomy":"product_tag","embeddable":true,"href":"https:\/\/etnoart.eu\/lt\/wp-json\/wp\/v2\/product_tag?post=8477"}],"curies":[{"name":"wp","href":"https:\/\/api.w.org\/{rel}","templated":true}]}}