{"id":8454,"date":"2025-04-05T06:27:01","date_gmt":"2025-04-05T06:27:01","guid":{"rendered":"https:\/\/etnoart.eu\/toode\/suur-sepa-kaepide\/"},"modified":"2026-03-13T20:22:23","modified_gmt":"2026-03-13T20:22:23","slug":"didele-kalvio-rankena","status":"publish","type":"product","link":"https:\/\/etnoart.eu\/lt\/toode\/didele-kalvio-rankena\/","title":{"rendered":"Didel\u0117 kalvio rankena"},"content":{"rendered":"<p data-start=\"199\" data-end=\"467\">Didel\u0117 kalvio rankena \u2013 tai auk\u0161tos kokyb\u0117s rank\u0173 darbo kaltin\u0117 rankena, puikiai tinkanti tradicinei ir rustikinei aplinkai. Rankena pagaminta patyrusi\u0173 kalvi\u0173 naudojant klasikines kalvyst\u0117s technikas. Pavir\u0161ius padengtas juodu aliejiniu sluoksniu ir apsaugotas va\u0161ku.<\/p>\n<p data-start=\"469\" data-end=\"710\">Laikui b\u0117gant, naudojant lauke, gali atsirasti r\u016bd\u017ei\u0173, ta\u010diau jas lengva pa\u0161alinti \u2013 pakanka lengvai patrinti r\u016bd\u0117t\u0105 pavir\u0161i\u0173 aliejumi sudr\u0117kinta \u0161luoste. Tai ne tik nuvalo pavir\u0161i\u0173, bet ir sukuria apsaugin\u012f sluoksn\u012f nuo tolimesnio r\u016bdijimo.<\/p>\n<p data-start=\"712\" data-end=\"879\">Rankenos bendras ilgis yra 30 cm, o auk\u0161tis \u2013 6,5 cm, tod\u0117l ji puikiai tinka didesniems vartams ir durims. Montuojama keturiais var\u017etais (var\u017etai \u012f komplekt\u0105 ne\u012feina).<\/p>\n<h3 data-section-id=\"55i69a\" data-start=\"881\" data-end=\"917\">Kod\u0117l verta rinktis \u0161\u012f produkt\u0105?<\/h3>\n<p data-start=\"918\" data-end=\"1199\">Didel\u0117 kalvio rankena yra tvirtos konstrukcijos ir ilgaam\u017eis gaminys, suteikiantis bet kurioms durims ar vartams istorin\u012f ir autenti\u0161k\u0105 rank\u0173 darbo charakter\u012f. Ypa\u010d tinka r\u0105stiniams namams, restauruotoms sodyboms ar tiems, kurie vertina kokybi\u0161k\u0105 rank\u0173 darb\u0105 ir autenti\u0161k\u0105 dizain\u0105.<\/p>\n<h3 data-section-id=\"emzgs1\" data-start=\"1201\" data-end=\"1221\">Produkto savyb\u0117s<\/h3>\n<p data-start=\"1223\" data-end=\"1454\"><strong data-start=\"1223\" data-end=\"1236\">Med\u017eiaga:<\/strong> kaltas metalas, juoda aliejin\u0117 apdaila, padengta va\u0161ku<br data-start=\"1291\" data-end=\"1294\" \/><strong data-start=\"1294\" data-end=\"1307\">Matmenys:<\/strong> 30 cm ilgio, 6,5 cm auk\u0161\u010dio<br data-start=\"1335\" data-end=\"1338\" \/><strong data-start=\"1338\" data-end=\"1353\">Montavimas:<\/strong> keturiais var\u017etais (ne\u012feina \u012f komplekt\u0105)<br data-start=\"1394\" data-end=\"1397\" \/><strong data-start=\"1397\" data-end=\"1412\">Naudojimas:<\/strong> vartai, durys, sodybos, r\u0105stiniai namai<\/p>\n<p data-start=\"1456\" data-end=\"1541\"><strong data-start=\"1456\" data-end=\"1471\">Privalumai:<\/strong> tradicin\u0117 i\u0161vaizda, tvirta rank\u0173 darbo konstrukcija, lengva prie\u017ei\u016bra<\/p>\n","protected":false},"excerpt":{"rendered":"<p>Suur Sepa K\u00e4epide on traditsiooniline sepistatud k\u00e4sit\u00f6\u00f6 k\u00e4epide suurtele ustele ja v\u00e4ravatele. Tugev ja stiilne valik palk- ja talumajadele.<br \/>\n<strong>Kaal:<\/strong> 0,5 kg<br \/>\n<strong>Toote pikkus:<\/strong> 30cm<br \/>\n<strong>Toote k\u00f5rgus:<\/strong> 6,5cm<br \/>\n<strong>Toote viimistlus:<\/strong> Vahatatud<\/p>\n","protected":false},"featured_media":8455,"template":"","meta":[],"product_brand":[],"product_cat":[1162],"product_tag":[],"class_list":{"0":"post-8454","1":"product","2":"type-product","3":"status-publish","4":"has-post-thumbnail","6":"product_cat-duru-rankenos-ir-belstukai","7":"has-post-title","8":"has-post-date","9":"has-post-category","10":"has-post-tag","11":"has-post-comment","12":"has-post-author","13":"","15":"first","16":"instock","17":"taxable","18":"shipping-taxable","19":"purchasable","20":"product-type-simple"},"yoast_head":"<!-- This site is optimized with the Yoast SEO plugin v27.3 - https:\/\/yoast.com\/product\/yoast-seo-wordpress\/ -->\n<title>Didel\u0117 kalvio rankena - Etnoart - Dur\u0173 rankenos ir belstukai<\/title>\n<meta name=\"description\" content=\"Rank\u0173 darbo kaltin\u0117 kalvio rankena vartams ir durims. Tvirta konstrukcija, tradicinis dizainas ir atsparus pavir\u0161ius \u2013 puikus pasirinkimas sodyboms..\" \/>\n<meta name=\"robots\" content=\"index, follow, max-snippet:-1, max-image-preview:large, max-video-preview:-1\" \/>\n<link rel=\"canonical\" href=\"https:\/\/etnoart.eu\/lv\/toode\/suur-sepa-kaepide\/\" \/>\n<meta property=\"og:locale\" content=\"lt_LT\" \/>\n<meta property=\"og:type\" content=\"article\" \/>\n<meta property=\"og:title\" content=\"Didel\u0117 kalvio rankena - Etnoart - Dur\u0173 rankenos ir belstukai\" \/>\n<meta property=\"og:description\" content=\"Rank\u0173 darbo kaltin\u0117 kalvio rankena vartams ir durims. Tvirta konstrukcija, tradicinis dizainas ir atsparus pavir\u0161ius \u2013 puikus pasirinkimas sodyboms..\" \/>\n<meta property=\"og:url\" content=\"https:\/\/etnoart.eu\/lv\/toode\/suur-sepa-kaepide\/\" \/>\n<meta property=\"og:site_name\" content=\"Etnoart\" \/>\n<meta property=\"article:publisher\" content=\"https:\/\/www.facebook.com\/etnoart.handicraft.shop\" \/>\n<meta property=\"article:modified_time\" content=\"2026-03-13T20:22:23+00:00\" \/>\n<meta property=\"og:image\" content=\"https:\/\/etnoart.eu\/wp-content\/uploads\/2025\/04\/Suur-Sepa-Kaepide.png\" \/>\n\t<meta property=\"og:image:width\" content=\"1200\" \/>\n\t<meta property=\"og:image:height\" content=\"1200\" \/>\n\t<meta property=\"og:image:type\" content=\"image\/png\" \/>\n<meta name=\"twitter:card\" content=\"summary_large_image\" \/>\n<meta name=\"twitter:label1\" content=\"Est. reading time\" \/>\n\t<meta name=\"twitter:data1\" content=\"2 minut\u0117s\" \/>\n<script type=\"application\/ld+json\" class=\"yoast-schema-graph\">{\"@context\":\"https:\\\/\\\/schema.org\",\"@graph\":[{\"@type\":\"WebPage\",\"@id\":\"https:\\\/\\\/etnoart.eu\\\/lv\\\/toode\\\/suur-sepa-kaepide\\\/\",\"url\":\"https:\\\/\\\/etnoart.eu\\\/lv\\\/toode\\\/suur-sepa-kaepide\\\/\",\"name\":\"Didel\u0117 kalvio rankena - Etnoart - Dur\u0173 rankenos ir belstukai\",\"isPartOf\":{\"@id\":\"https:\\\/\\\/etnoart.eu\\\/#website\"},\"primaryImageOfPage\":{\"@id\":\"https:\\\/\\\/etnoart.eu\\\/lv\\\/toode\\\/suur-sepa-kaepide\\\/#primaryimage\"},\"image\":{\"@id\":\"https:\\\/\\\/etnoart.eu\\\/lv\\\/toode\\\/suur-sepa-kaepide\\\/#primaryimage\"},\"thumbnailUrl\":\"https:\\\/\\\/etnoart.eu\\\/wp-content\\\/uploads\\\/2025\\\/04\\\/Suur-Sepa-Kaepide.png\",\"datePublished\":\"2025-04-05T06:27:01+00:00\",\"dateModified\":\"2026-03-13T20:22:23+00:00\",\"description\":\"Rank\u0173 darbo kaltin\u0117 kalvio rankena vartams ir durims. Tvirta konstrukcija, tradicinis dizainas ir atsparus pavir\u0161ius \u2013 puikus pasirinkimas sodyboms..\",\"breadcrumb\":{\"@id\":\"https:\\\/\\\/etnoart.eu\\\/lv\\\/toode\\\/suur-sepa-kaepide\\\/#breadcrumb\"},\"inLanguage\":\"lt-LT\",\"potentialAction\":[{\"@type\":\"ReadAction\",\"target\":[\"https:\\\/\\\/etnoart.eu\\\/lv\\\/toode\\\/suur-sepa-kaepide\\\/\"]}]},{\"@type\":\"ImageObject\",\"inLanguage\":\"lt-LT\",\"@id\":\"https:\\\/\\\/etnoart.eu\\\/lv\\\/toode\\\/suur-sepa-kaepide\\\/#primaryimage\",\"url\":\"https:\\\/\\\/etnoart.eu\\\/wp-content\\\/uploads\\\/2025\\\/04\\\/Suur-Sepa-Kaepide.png\",\"contentUrl\":\"https:\\\/\\\/etnoart.eu\\\/wp-content\\\/uploads\\\/2025\\\/04\\\/Suur-Sepa-Kaepide.png\",\"width\":1200,\"height\":1200,\"caption\":\"Suur Sepa K\u00e4epide\"},{\"@type\":\"BreadcrumbList\",\"@id\":\"https:\\\/\\\/etnoart.eu\\\/lv\\\/toode\\\/suur-sepa-kaepide\\\/#breadcrumb\",\"itemListElement\":[{\"@type\":\"ListItem\",\"position\":1,\"name\":\"Home\",\"item\":\"https:\\\/\\\/etnoart.eu\\\/lt\\\/\"},{\"@type\":\"ListItem\",\"position\":2,\"name\":\"Pood\",\"item\":\"https:\\\/\\\/etnoart.eu\\\/lt\\\/shop\\\/\"},{\"@type\":\"ListItem\",\"position\":3,\"name\":\"Didel\u0117 kalvio rankena\"}]},{\"@type\":\"WebSite\",\"@id\":\"https:\\\/\\\/etnoart.eu\\\/#website\",\"url\":\"https:\\\/\\\/etnoart.eu\\\/\",\"name\":\"Etnoart\",\"description\":\"K&auml;sit&ouml;&ouml;pood\",\"publisher\":{\"@id\":\"https:\\\/\\\/etnoart.eu\\\/#organization\"},\"potentialAction\":[{\"@type\":\"SearchAction\",\"target\":{\"@type\":\"EntryPoint\",\"urlTemplate\":\"https:\\\/\\\/etnoart.eu\\\/?s={search_term_string}\"},\"query-input\":{\"@type\":\"PropertyValueSpecification\",\"valueRequired\":true,\"valueName\":\"search_term_string\"}}],\"inLanguage\":\"lt-LT\"},{\"@type\":\"Organization\",\"@id\":\"https:\\\/\\\/etnoart.eu\\\/#organization\",\"name\":\"Etnoart O\u00dc\",\"url\":\"https:\\\/\\\/etnoart.eu\\\/\",\"logo\":{\"@type\":\"ImageObject\",\"inLanguage\":\"lt-LT\",\"@id\":\"https:\\\/\\\/etnoart.eu\\\/#\\\/schema\\\/logo\\\/image\\\/\",\"url\":\"https:\\\/\\\/etnoart.eu\\\/wp-content\\\/uploads\\\/2023\\\/06\\\/etnoart-logo.png\",\"contentUrl\":\"https:\\\/\\\/etnoart.eu\\\/wp-content\\\/uploads\\\/2023\\\/06\\\/etnoart-logo.png\",\"width\":491,\"height\":184,\"caption\":\"Etnoart O\u00dc\"},\"image\":{\"@id\":\"https:\\\/\\\/etnoart.eu\\\/#\\\/schema\\\/logo\\\/image\\\/\"},\"sameAs\":[\"https:\\\/\\\/www.facebook.com\\\/etnoart.handicraft.shop\"]}]}<\/script>\n<!-- \/ Yoast SEO plugin. -->","yoast_head_json":{"title":"Didel\u0117 kalvio rankena - Etnoart - Dur\u0173 rankenos ir belstukai","description":"Rank\u0173 darbo kaltin\u0117 kalvio rankena vartams ir durims. Tvirta konstrukcija, tradicinis dizainas ir atsparus pavir\u0161ius \u2013 puikus pasirinkimas sodyboms..","robots":{"index":"index","follow":"follow","max-snippet":"max-snippet:-1","max-image-preview":"max-image-preview:large","max-video-preview":"max-video-preview:-1"},"canonical":"https:\/\/etnoart.eu\/lv\/toode\/suur-sepa-kaepide\/","og_locale":"lt_LT","og_type":"article","og_title":"Didel\u0117 kalvio rankena - Etnoart - Dur\u0173 rankenos ir belstukai","og_description":"Rank\u0173 darbo kaltin\u0117 kalvio rankena vartams ir durims. Tvirta konstrukcija, tradicinis dizainas ir atsparus pavir\u0161ius \u2013 puikus pasirinkimas sodyboms..","og_url":"https:\/\/etnoart.eu\/lv\/toode\/suur-sepa-kaepide\/","og_site_name":"Etnoart","article_publisher":"https:\/\/www.facebook.com\/etnoart.handicraft.shop","article_modified_time":"2026-03-13T20:22:23+00:00","og_image":[{"width":1200,"height":1200,"url":"https:\/\/etnoart.eu\/wp-content\/uploads\/2025\/04\/Suur-Sepa-Kaepide.png","type":"image\/png"}],"twitter_card":"summary_large_image","twitter_misc":{"Est. reading time":"2 minut\u0117s"},"schema":{"@context":"https:\/\/schema.org","@graph":[{"@type":"WebPage","@id":"https:\/\/etnoart.eu\/lv\/toode\/suur-sepa-kaepide\/","url":"https:\/\/etnoart.eu\/lv\/toode\/suur-sepa-kaepide\/","name":"Didel\u0117 kalvio rankena - Etnoart - Dur\u0173 rankenos ir belstukai","isPartOf":{"@id":"https:\/\/etnoart.eu\/#website"},"primaryImageOfPage":{"@id":"https:\/\/etnoart.eu\/lv\/toode\/suur-sepa-kaepide\/#primaryimage"},"image":{"@id":"https:\/\/etnoart.eu\/lv\/toode\/suur-sepa-kaepide\/#primaryimage"},"thumbnailUrl":"https:\/\/etnoart.eu\/wp-content\/uploads\/2025\/04\/Suur-Sepa-Kaepide.png","datePublished":"2025-04-05T06:27:01+00:00","dateModified":"2026-03-13T20:22:23+00:00","description":"Rank\u0173 darbo kaltin\u0117 kalvio rankena vartams ir durims. Tvirta konstrukcija, tradicinis dizainas ir atsparus pavir\u0161ius \u2013 puikus pasirinkimas sodyboms..","breadcrumb":{"@id":"https:\/\/etnoart.eu\/lv\/toode\/suur-sepa-kaepide\/#breadcrumb"},"inLanguage":"lt-LT","potentialAction":[{"@type":"ReadAction","target":["https:\/\/etnoart.eu\/lv\/toode\/suur-sepa-kaepide\/"]}]},{"@type":"ImageObject","inLanguage":"lt-LT","@id":"https:\/\/etnoart.eu\/lv\/toode\/suur-sepa-kaepide\/#primaryimage","url":"https:\/\/etnoart.eu\/wp-content\/uploads\/2025\/04\/Suur-Sepa-Kaepide.png","contentUrl":"https:\/\/etnoart.eu\/wp-content\/uploads\/2025\/04\/Suur-Sepa-Kaepide.png","width":1200,"height":1200,"caption":"Suur Sepa K\u00e4epide"},{"@type":"BreadcrumbList","@id":"https:\/\/etnoart.eu\/lv\/toode\/suur-sepa-kaepide\/#breadcrumb","itemListElement":[{"@type":"ListItem","position":1,"name":"Home","item":"https:\/\/etnoart.eu\/lt\/"},{"@type":"ListItem","position":2,"name":"Pood","item":"https:\/\/etnoart.eu\/lt\/shop\/"},{"@type":"ListItem","position":3,"name":"Didel\u0117 kalvio rankena"}]},{"@type":"WebSite","@id":"https:\/\/etnoart.eu\/#website","url":"https:\/\/etnoart.eu\/","name":"Etnoart","description":"K&auml;sit&ouml;&ouml;pood","publisher":{"@id":"https:\/\/etnoart.eu\/#organization"},"potentialAction":[{"@type":"SearchAction","target":{"@type":"EntryPoint","urlTemplate":"https:\/\/etnoart.eu\/?s={search_term_string}"},"query-input":{"@type":"PropertyValueSpecification","valueRequired":true,"valueName":"search_term_string"}}],"inLanguage":"lt-LT"},{"@type":"Organization","@id":"https:\/\/etnoart.eu\/#organization","name":"Etnoart O\u00dc","url":"https:\/\/etnoart.eu\/","logo":{"@type":"ImageObject","inLanguage":"lt-LT","@id":"https:\/\/etnoart.eu\/#\/schema\/logo\/image\/","url":"https:\/\/etnoart.eu\/wp-content\/uploads\/2023\/06\/etnoart-logo.png","contentUrl":"https:\/\/etnoart.eu\/wp-content\/uploads\/2023\/06\/etnoart-logo.png","width":491,"height":184,"caption":"Etnoart O\u00dc"},"image":{"@id":"https:\/\/etnoart.eu\/#\/schema\/logo\/image\/"},"sameAs":["https:\/\/www.facebook.com\/etnoart.handicraft.shop"]}]}},"builder_content":"","_links":{"self":[{"href":"https:\/\/etnoart.eu\/lt\/wp-json\/wp\/v2\/product\/8454","targetHints":{"allow":["GET"]}}],"collection":[{"href":"https:\/\/etnoart.eu\/lt\/wp-json\/wp\/v2\/product"}],"about":[{"href":"https:\/\/etnoart.eu\/lt\/wp-json\/wp\/v2\/types\/product"}],"wp:featuredmedia":[{"embeddable":true,"href":"https:\/\/etnoart.eu\/lt\/wp-json\/wp\/v2\/media\/8455"}],"wp:attachment":[{"href":"https:\/\/etnoart.eu\/lt\/wp-json\/wp\/v2\/media?parent=8454"}],"wp:term":[{"taxonomy":"product_brand","embeddable":true,"href":"https:\/\/etnoart.eu\/lt\/wp-json\/wp\/v2\/product_brand?post=8454"},{"taxonomy":"product_cat","embeddable":true,"href":"https:\/\/etnoart.eu\/lt\/wp-json\/wp\/v2\/product_cat?post=8454"},{"taxonomy":"product_tag","embeddable":true,"href":"https:\/\/etnoart.eu\/lt\/wp-json\/wp\/v2\/product_tag?post=8454"}],"curies":[{"name":"wp","href":"https:\/\/api.w.org\/{rel}","templated":true}]}}