{"id":8447,"date":"2023-06-08T08:54:10","date_gmt":"2023-06-08T08:54:10","guid":{"rendered":"https:\/\/etnoart.eu\/toode\/lilleampli-hoidja\/"},"modified":"2026-03-13T20:17:34","modified_gmt":"2026-03-13T20:17:34","slug":"geliu-vazono-laikiklis","status":"publish","type":"product","link":"https:\/\/etnoart.eu\/lt\/toode\/geliu-vazono-laikiklis\/","title":{"rendered":"G\u0117li\u0173 vazono laikiklis"},"content":{"rendered":"<h3 data-section-id=\"2nh4r3\" data-start=\"233\" data-end=\"255\">Produkto apra\u0161ymas<\/h3>\n<p data-start=\"256\" data-end=\"494\">G\u0117li\u0173 vazono laikiklis yra paprastas, ta\u010diau itin prakti\u0161kas gaminys, sukurtas tam, kad b\u016bt\u0173 lengva pakabinti g\u0117li\u0173 vazonus tiek patalpose, tiek lauke. \u0160is produktas yra puikus funkcionalumo ir kokyb\u0117s pavyzdys paprasto dizaino kontekste.<\/p>\n<p data-start=\"496\" data-end=\"869\">Laikiklis sukonstruotas taip, kad j\u012f b\u016bt\u0173 galima pritvirtinti prie sienos dviem var\u017etais. Atkreipkite d\u0117mes\u012f, kad var\u017etai \u012f komplekt\u0105 ne\u012feina. Tvirtinimas var\u017etais yra greitas ir paprastas, tod\u0117l laikiklis greitai paruo\u0161iamas naudojimui. Be to, konstrukcija yra tvirta ir patvari, tod\u0117l gali saugiai ir stabiliai i\u0161laikyti net didelius ir sunkius pakabinamus g\u0117li\u0173 vazonus.<\/p>\n<p data-start=\"871\" data-end=\"1240\">Be prakti\u0161kumo, g\u0117li\u0173 vazono laikiklis taip pat yra atsparus oro s\u0105lygoms. Tai rei\u0161kia, kad jis gali b\u016bti paliktas lauke net ir \u017eiem\u0105, nesibaiminant d\u0117l kokyb\u0117s ar patvarumo. J\u012f galima naudoti ir kitais b\u016bdais \u2013 pavyzd\u017eiui, kaip \u017eibinto laikikl\u012f, suteikiant\u012f lauko ap\u0161vietim\u0105, arba kaip dekoratyvin\u0117s g\u0117li\u0173 kompozicijos laikikl\u012f, kad j\u016bs\u0173 lauko erdv\u0117 b\u016bt\u0173 dar gra\u017eesn\u0117.<\/p>\n<p data-start=\"1242\" data-end=\"1634\">\u0160is laikiklis si\u016blo universal\u0173 sprendim\u0105, leid\u017eiant\u012f kurti \u012fvairias dekoratyvines kompozicijas tiek viduje, tiek lauke. Paprastas, ta\u010diau prakti\u0161kas dizainas puikiai tinka prie bet kokio interjero ar eksterjero ir suteikia patikim\u0105 atram\u0105 g\u0117li\u0173 vazonams bei kitiems pakabinamiems daiktams. D\u0117l atsparumo oro s\u0105lygoms ir patvarumo tai yra ilgalaik\u0117 investicija, kuri d\u017eiugins jus daugel\u012f met\u0173.<\/p>\n<p data-start=\"1636\" data-end=\"1652\">Auk\u0161tis \u2013 24 cm.<\/p>\n<p data-start=\"1654\" data-end=\"1867\">Atstumas nuo sienos \u2013 40 cm. Tinka naudoti ir su didesniais pakabinamais g\u0117li\u0173 vazonais, pavyzd\u017eiui: bidens, pelargonijomis, sanvitalijomis, sparnuotomis g\u0117l\u0117mis, lantana ar dekoratyvin\u0117mis sald\u017eiosiomis bulv\u0117mis.<\/p>\n","protected":false},"excerpt":{"rendered":"<p class=\"MsoNormal\">Lilleampli hoidja on seinale kinnitav ja kannab \u00e4ra probleemideta ka suure ja raske lilleampli.<\/p>\n<p class=\"MsoNormal\">Lilleampli hoidja on ilmastikukindel ja v\u00f5ib j\u00e4\u00e4da \u00f5ue ka talveks, siis v\u00f5ib kasutada seda n\u00e4iteks laterna hoidjana v\u00f5i lilleseade hoidjana.<\/p>\n<p><strong>Lilleampli hoidja m\u00f5\u00f5dud:<\/strong><\/p>\n<p>Hoidja on pulberv\u00e4rvitud<\/p>\n<p>K\u00f5rgus on 24cm<\/p>\n<p>Riputuskaugus seinast 35cm<\/p>\n","protected":false},"featured_media":8448,"template":"","meta":[],"product_brand":[],"product_cat":[1138],"product_tag":[353,364,363],"class_list":{"0":"post-8447","1":"product","2":"type-product","3":"status-publish","4":"has-post-thumbnail","6":"product_cat-konsoles-ir-stovai-gelems","7":"product_tag-amplikandur","8":"product_tag-konsool-lillepotile","9":"product_tag-lilleampli-hoidja","10":"has-post-title","11":"has-post-date","12":"has-post-category","13":"has-post-tag","14":"has-post-comment","15":"has-post-author","16":"","18":"first","19":"instock","20":"taxable","21":"shipping-taxable","22":"purchasable","23":"product-type-simple"},"yoast_head":"<!-- This site is optimized with the Yoast SEO plugin v27.3 - https:\/\/yoast.com\/product\/yoast-seo-wordpress\/ -->\n<title>G\u0117li\u0173 vazono laikiklis |EtnoArt| Konsol\u0117s ir stovai g\u0117l\u0117ms<\/title>\n<meta name=\"description\" content=\"Tvirtas sieninis g\u0117li\u0173 vazono laikiklis, tinkamas naudoti tiek viduje, tiek lauke. Atsparus oro s\u0105lygoms, lengvai montuojamas ir tinkamas ...\" \/>\n<meta name=\"robots\" content=\"index, follow, max-snippet:-1, max-image-preview:large, max-video-preview:-1\" \/>\n<link rel=\"canonical\" href=\"https:\/\/etnoart.eu\/lt\/toode\/geliu-vazono-laikiklis\/\" \/>\n<meta property=\"og:locale\" content=\"lt_LT\" \/>\n<meta property=\"og:type\" content=\"article\" \/>\n<meta property=\"og:title\" content=\"G\u0117li\u0173 vazono laikiklis |EtnoArt| Konsol\u0117s ir stovai g\u0117l\u0117ms\" \/>\n<meta property=\"og:description\" content=\"Tvirtas sieninis g\u0117li\u0173 vazono laikiklis, tinkamas naudoti tiek viduje, tiek lauke. Atsparus oro s\u0105lygoms, lengvai montuojamas ir tinkamas ...\" \/>\n<meta property=\"og:url\" content=\"https:\/\/etnoart.eu\/lt\/toode\/geliu-vazono-laikiklis\/\" \/>\n<meta property=\"og:site_name\" content=\"Etnoart\" \/>\n<meta property=\"article:publisher\" content=\"https:\/\/www.facebook.com\/etnoart.handicraft.shop\" \/>\n<meta property=\"article:modified_time\" content=\"2026-03-13T20:17:34+00:00\" \/>\n<meta property=\"og:image\" content=\"https:\/\/etnoart.eu\/wp-content\/uploads\/2023\/06\/945-Lilleampli-hoidja-Konsoolid-ja-alused-lilledele.jpg\" \/>\n\t<meta property=\"og:image:width\" content=\"750\" \/>\n\t<meta property=\"og:image:height\" content=\"750\" \/>\n\t<meta property=\"og:image:type\" content=\"image\/jpeg\" \/>\n<meta name=\"twitter:card\" content=\"summary_large_image\" \/>\n<meta name=\"twitter:label1\" content=\"Est. reading time\" \/>\n\t<meta name=\"twitter:data1\" content=\"2 minut\u0117s\" \/>\n<script type=\"application\/ld+json\" class=\"yoast-schema-graph\">{\"@context\":\"https:\\\/\\\/schema.org\",\"@graph\":[{\"@type\":\"WebPage\",\"@id\":\"https:\\\/\\\/etnoart.eu\\\/lt\\\/toode\\\/geliu-vazono-laikiklis\\\/\",\"url\":\"https:\\\/\\\/etnoart.eu\\\/lt\\\/toode\\\/geliu-vazono-laikiklis\\\/\",\"name\":\"G\u0117li\u0173 vazono laikiklis |EtnoArt| Konsol\u0117s ir stovai g\u0117l\u0117ms\",\"isPartOf\":{\"@id\":\"https:\\\/\\\/etnoart.eu\\\/#website\"},\"primaryImageOfPage\":{\"@id\":\"https:\\\/\\\/etnoart.eu\\\/lt\\\/toode\\\/geliu-vazono-laikiklis\\\/#primaryimage\"},\"image\":{\"@id\":\"https:\\\/\\\/etnoart.eu\\\/lt\\\/toode\\\/geliu-vazono-laikiklis\\\/#primaryimage\"},\"thumbnailUrl\":\"https:\\\/\\\/etnoart.eu\\\/wp-content\\\/uploads\\\/2023\\\/06\\\/945-Lilleampli-hoidja-Konsoolid-ja-alused-lilledele.jpg\",\"datePublished\":\"2023-06-08T08:54:10+00:00\",\"dateModified\":\"2026-03-13T20:17:34+00:00\",\"description\":\"Tvirtas sieninis g\u0117li\u0173 vazono laikiklis, tinkamas naudoti tiek viduje, tiek lauke. Atsparus oro s\u0105lygoms, lengvai montuojamas ir tinkamas ...\",\"breadcrumb\":{\"@id\":\"https:\\\/\\\/etnoart.eu\\\/lt\\\/toode\\\/geliu-vazono-laikiklis\\\/#breadcrumb\"},\"inLanguage\":\"lt-LT\",\"potentialAction\":[{\"@type\":\"ReadAction\",\"target\":[\"https:\\\/\\\/etnoart.eu\\\/lt\\\/toode\\\/geliu-vazono-laikiklis\\\/\"]}]},{\"@type\":\"ImageObject\",\"inLanguage\":\"lt-LT\",\"@id\":\"https:\\\/\\\/etnoart.eu\\\/lt\\\/toode\\\/geliu-vazono-laikiklis\\\/#primaryimage\",\"url\":\"https:\\\/\\\/etnoart.eu\\\/wp-content\\\/uploads\\\/2023\\\/06\\\/945-Lilleampli-hoidja-Konsoolid-ja-alused-lilledele.jpg\",\"contentUrl\":\"https:\\\/\\\/etnoart.eu\\\/wp-content\\\/uploads\\\/2023\\\/06\\\/945-Lilleampli-hoidja-Konsoolid-ja-alused-lilledele.jpg\",\"width\":750,\"height\":750,\"caption\":\"Lilleampli hoidja\"},{\"@type\":\"BreadcrumbList\",\"@id\":\"https:\\\/\\\/etnoart.eu\\\/lt\\\/toode\\\/geliu-vazono-laikiklis\\\/#breadcrumb\",\"itemListElement\":[{\"@type\":\"ListItem\",\"position\":1,\"name\":\"Home\",\"item\":\"https:\\\/\\\/etnoart.eu\\\/lt\\\/\"},{\"@type\":\"ListItem\",\"position\":2,\"name\":\"Pood\",\"item\":\"https:\\\/\\\/etnoart.eu\\\/lt\\\/shop\\\/\"},{\"@type\":\"ListItem\",\"position\":3,\"name\":\"G\u0117li\u0173 vazono laikiklis\"}]},{\"@type\":\"WebSite\",\"@id\":\"https:\\\/\\\/etnoart.eu\\\/#website\",\"url\":\"https:\\\/\\\/etnoart.eu\\\/\",\"name\":\"Etnoart\",\"description\":\"K&auml;sit&ouml;&ouml;pood\",\"publisher\":{\"@id\":\"https:\\\/\\\/etnoart.eu\\\/#organization\"},\"potentialAction\":[{\"@type\":\"SearchAction\",\"target\":{\"@type\":\"EntryPoint\",\"urlTemplate\":\"https:\\\/\\\/etnoart.eu\\\/?s={search_term_string}\"},\"query-input\":{\"@type\":\"PropertyValueSpecification\",\"valueRequired\":true,\"valueName\":\"search_term_string\"}}],\"inLanguage\":\"lt-LT\"},{\"@type\":\"Organization\",\"@id\":\"https:\\\/\\\/etnoart.eu\\\/#organization\",\"name\":\"Etnoart O\u00dc\",\"url\":\"https:\\\/\\\/etnoart.eu\\\/\",\"logo\":{\"@type\":\"ImageObject\",\"inLanguage\":\"lt-LT\",\"@id\":\"https:\\\/\\\/etnoart.eu\\\/#\\\/schema\\\/logo\\\/image\\\/\",\"url\":\"https:\\\/\\\/etnoart.eu\\\/wp-content\\\/uploads\\\/2023\\\/06\\\/etnoart-logo.png\",\"contentUrl\":\"https:\\\/\\\/etnoart.eu\\\/wp-content\\\/uploads\\\/2023\\\/06\\\/etnoart-logo.png\",\"width\":491,\"height\":184,\"caption\":\"Etnoart O\u00dc\"},\"image\":{\"@id\":\"https:\\\/\\\/etnoart.eu\\\/#\\\/schema\\\/logo\\\/image\\\/\"},\"sameAs\":[\"https:\\\/\\\/www.facebook.com\\\/etnoart.handicraft.shop\"]}]}<\/script>\n<!-- \/ Yoast SEO plugin. -->","yoast_head_json":{"title":"G\u0117li\u0173 vazono laikiklis |EtnoArt| Konsol\u0117s ir stovai g\u0117l\u0117ms","description":"Tvirtas sieninis g\u0117li\u0173 vazono laikiklis, tinkamas naudoti tiek viduje, tiek lauke. Atsparus oro s\u0105lygoms, lengvai montuojamas ir tinkamas ...","robots":{"index":"index","follow":"follow","max-snippet":"max-snippet:-1","max-image-preview":"max-image-preview:large","max-video-preview":"max-video-preview:-1"},"canonical":"https:\/\/etnoart.eu\/lt\/toode\/geliu-vazono-laikiklis\/","og_locale":"lt_LT","og_type":"article","og_title":"G\u0117li\u0173 vazono laikiklis |EtnoArt| Konsol\u0117s ir stovai g\u0117l\u0117ms","og_description":"Tvirtas sieninis g\u0117li\u0173 vazono laikiklis, tinkamas naudoti tiek viduje, tiek lauke. Atsparus oro s\u0105lygoms, lengvai montuojamas ir tinkamas ...","og_url":"https:\/\/etnoart.eu\/lt\/toode\/geliu-vazono-laikiklis\/","og_site_name":"Etnoart","article_publisher":"https:\/\/www.facebook.com\/etnoart.handicraft.shop","article_modified_time":"2026-03-13T20:17:34+00:00","og_image":[{"width":750,"height":750,"url":"https:\/\/etnoart.eu\/wp-content\/uploads\/2023\/06\/945-Lilleampli-hoidja-Konsoolid-ja-alused-lilledele.jpg","type":"image\/jpeg"}],"twitter_card":"summary_large_image","twitter_misc":{"Est. reading time":"2 minut\u0117s"},"schema":{"@context":"https:\/\/schema.org","@graph":[{"@type":"WebPage","@id":"https:\/\/etnoart.eu\/lt\/toode\/geliu-vazono-laikiklis\/","url":"https:\/\/etnoart.eu\/lt\/toode\/geliu-vazono-laikiklis\/","name":"G\u0117li\u0173 vazono laikiklis |EtnoArt| Konsol\u0117s ir stovai g\u0117l\u0117ms","isPartOf":{"@id":"https:\/\/etnoart.eu\/#website"},"primaryImageOfPage":{"@id":"https:\/\/etnoart.eu\/lt\/toode\/geliu-vazono-laikiklis\/#primaryimage"},"image":{"@id":"https:\/\/etnoart.eu\/lt\/toode\/geliu-vazono-laikiklis\/#primaryimage"},"thumbnailUrl":"https:\/\/etnoart.eu\/wp-content\/uploads\/2023\/06\/945-Lilleampli-hoidja-Konsoolid-ja-alused-lilledele.jpg","datePublished":"2023-06-08T08:54:10+00:00","dateModified":"2026-03-13T20:17:34+00:00","description":"Tvirtas sieninis g\u0117li\u0173 vazono laikiklis, tinkamas naudoti tiek viduje, tiek lauke. Atsparus oro s\u0105lygoms, lengvai montuojamas ir tinkamas ...","breadcrumb":{"@id":"https:\/\/etnoart.eu\/lt\/toode\/geliu-vazono-laikiklis\/#breadcrumb"},"inLanguage":"lt-LT","potentialAction":[{"@type":"ReadAction","target":["https:\/\/etnoart.eu\/lt\/toode\/geliu-vazono-laikiklis\/"]}]},{"@type":"ImageObject","inLanguage":"lt-LT","@id":"https:\/\/etnoart.eu\/lt\/toode\/geliu-vazono-laikiklis\/#primaryimage","url":"https:\/\/etnoart.eu\/wp-content\/uploads\/2023\/06\/945-Lilleampli-hoidja-Konsoolid-ja-alused-lilledele.jpg","contentUrl":"https:\/\/etnoart.eu\/wp-content\/uploads\/2023\/06\/945-Lilleampli-hoidja-Konsoolid-ja-alused-lilledele.jpg","width":750,"height":750,"caption":"Lilleampli hoidja"},{"@type":"BreadcrumbList","@id":"https:\/\/etnoart.eu\/lt\/toode\/geliu-vazono-laikiklis\/#breadcrumb","itemListElement":[{"@type":"ListItem","position":1,"name":"Home","item":"https:\/\/etnoart.eu\/lt\/"},{"@type":"ListItem","position":2,"name":"Pood","item":"https:\/\/etnoart.eu\/lt\/shop\/"},{"@type":"ListItem","position":3,"name":"G\u0117li\u0173 vazono laikiklis"}]},{"@type":"WebSite","@id":"https:\/\/etnoart.eu\/#website","url":"https:\/\/etnoart.eu\/","name":"Etnoart","description":"K&auml;sit&ouml;&ouml;pood","publisher":{"@id":"https:\/\/etnoart.eu\/#organization"},"potentialAction":[{"@type":"SearchAction","target":{"@type":"EntryPoint","urlTemplate":"https:\/\/etnoart.eu\/?s={search_term_string}"},"query-input":{"@type":"PropertyValueSpecification","valueRequired":true,"valueName":"search_term_string"}}],"inLanguage":"lt-LT"},{"@type":"Organization","@id":"https:\/\/etnoart.eu\/#organization","name":"Etnoart O\u00dc","url":"https:\/\/etnoart.eu\/","logo":{"@type":"ImageObject","inLanguage":"lt-LT","@id":"https:\/\/etnoart.eu\/#\/schema\/logo\/image\/","url":"https:\/\/etnoart.eu\/wp-content\/uploads\/2023\/06\/etnoart-logo.png","contentUrl":"https:\/\/etnoart.eu\/wp-content\/uploads\/2023\/06\/etnoart-logo.png","width":491,"height":184,"caption":"Etnoart O\u00dc"},"image":{"@id":"https:\/\/etnoart.eu\/#\/schema\/logo\/image\/"},"sameAs":["https:\/\/www.facebook.com\/etnoart.handicraft.shop"]}]}},"builder_content":"","_links":{"self":[{"href":"https:\/\/etnoart.eu\/lt\/wp-json\/wp\/v2\/product\/8447","targetHints":{"allow":["GET"]}}],"collection":[{"href":"https:\/\/etnoart.eu\/lt\/wp-json\/wp\/v2\/product"}],"about":[{"href":"https:\/\/etnoart.eu\/lt\/wp-json\/wp\/v2\/types\/product"}],"wp:featuredmedia":[{"embeddable":true,"href":"https:\/\/etnoart.eu\/lt\/wp-json\/wp\/v2\/media\/8448"}],"wp:attachment":[{"href":"https:\/\/etnoart.eu\/lt\/wp-json\/wp\/v2\/media?parent=8447"}],"wp:term":[{"taxonomy":"product_brand","embeddable":true,"href":"https:\/\/etnoart.eu\/lt\/wp-json\/wp\/v2\/product_brand?post=8447"},{"taxonomy":"product_cat","embeddable":true,"href":"https:\/\/etnoart.eu\/lt\/wp-json\/wp\/v2\/product_cat?post=8447"},{"taxonomy":"product_tag","embeddable":true,"href":"https:\/\/etnoart.eu\/lt\/wp-json\/wp\/v2\/product_tag?post=8447"}],"curies":[{"name":"wp","href":"https:\/\/api.w.org\/{rel}","templated":true}]}}