{"id":8437,"date":"2026-01-23T05:02:44","date_gmt":"2026-01-23T05:02:44","guid":{"rendered":"https:\/\/etnoart.eu\/toode\/lokkealus\/"},"modified":"2026-03-13T18:09:53","modified_gmt":"2026-03-13T18:09:53","slug":"lauzaviete","status":"publish","type":"product","link":"https:\/\/etnoart.eu\/lt\/toode\/lauzaviete\/","title":{"rendered":"Lau\u017eaviet\u0117 \/ grilis"},"content":{"rendered":"<h2 data-section-id=\"1q31qt3\" data-start=\"3521\" data-end=\"3532\">Ap\u017evalga<\/h2>\n<p data-start=\"3534\" data-end=\"3731\">\u0160i sulankstoma metalin\u0117 lau\u017eaviet\u0117 yra prakti\u0161kas ir patvarus sprendimas sodui, kiemui ar sodybai, kur reikia saugiai ir patogiai k\u016brenti lau\u017e\u0105 bei, jei reikia, paprastai kepti maist\u0105 ant groteli\u0173.<\/p>\n<p data-start=\"3733\" data-end=\"3987\">Konstrukcija sudaryta i\u0161 tiksliai i\u0161pjaut\u0173 3 mm plieno detali\u0173, kurios susijungia specialiais \u012fleid\u017eiamais sujungimais be var\u017et\u0173 ar ver\u017eli\u0173. Rezultatas \u2013 tvirta ir stabili lau\u017eaviet\u0117, kuri\u0105 prireikus galima greitai i\u0161ardyti, transportuoti ir sand\u0117liuoti.<\/p>\n<p data-start=\"3989\" data-end=\"4142\">Lau\u017eaviet\u0117 turi nat\u016bralaus, neda\u017eyto metalo pavir\u0161i\u0173. Naudojant ant pavir\u0161iaus susidaro nat\u016brali patina, suteikianti kiekvienam gaminiui savit\u0105 i\u0161vaizd\u0105.<\/p>\n<hr data-start=\"4144\" data-end=\"4147\" \/>\n<h2 data-section-id=\"1aet6ye\" data-start=\"4149\" data-end=\"4173\">Pagrindiniai duomenys<\/h2>\n<p data-start=\"4175\" data-end=\"4320\"><strong data-start=\"4175\" data-end=\"4210\">Produkto pavadinimas \/ modelis:<\/strong> Lau\u017eaviet\u0117 \/ grilis<br data-start=\"4230\" data-end=\"4233\" \/><strong data-start=\"4233\" data-end=\"4246\">Matmenys:<\/strong> 600 \u00d7 600 mm (plotis \u00d7 gylis)<br data-start=\"4276\" data-end=\"4279\" \/><strong data-start=\"4279\" data-end=\"4291\">Auk\u0161tis:<\/strong> 430 mm<br data-start=\"4298\" data-end=\"4301\" \/><strong data-start=\"4301\" data-end=\"4312\">Svoris:<\/strong> 32 kg<\/p>\n<p data-start=\"4322\" data-end=\"4401\"><strong data-start=\"4322\" data-end=\"4335\">Med\u017eiaga:<\/strong> 3 mm plieno lak\u0161tas<br data-start=\"4355\" data-end=\"4358\" \/><strong data-start=\"4358\" data-end=\"4370\">Apdaila:<\/strong> nat\u016bralus, neda\u017eytas metalas<\/p>\n<h3 data-section-id=\"k2s098\" data-start=\"4403\" data-end=\"4416\">Komplekte<\/h3>\n<p data-start=\"4418\" data-end=\"4446\">\u2022 4 \u0161onin\u0117s dalys<br data-start=\"4435\" data-end=\"4438\" \/>\u2022 dugnas<\/p>\n<hr data-start=\"4448\" data-end=\"4451\" \/>\n<h3 data-section-id=\"1qqlcnc\" data-start=\"4453\" data-end=\"4467\">Surinkimas<\/h3>\n<p data-start=\"4469\" data-end=\"4542\">Komplektas pristatomas nesurinktas. \u0160onin\u0117s dalys ir dugnas yra atskirai.<\/p>\n<p data-start=\"4544\" data-end=\"4618\">Surinkimas paprastas ir greitas \u2013 paprastai u\u017etrunka ma\u017eiau nei 2 minutes.<\/p>\n<p data-start=\"4620\" data-end=\"4699\">Joki\u0173 \u012franki\u0173 nereikia \u2013 detal\u0117s susijungia tiksliais \u012fleid\u017eiamais sujungimais.<\/p>\n<hr data-start=\"4701\" data-end=\"4704\" \/>\n<h2 data-section-id=\"wqfmf3\" data-start=\"4706\" data-end=\"4720\">Pritaikymas<\/h2>\n<p data-start=\"4722\" data-end=\"4793\">Tinka naudoti sode ar kieme \u0161akoms, medienai ir sodo atliekoms deginti.<\/p>\n<p data-start=\"4795\" data-end=\"4866\">Papildomai galima naudoti grilio groteles, kad vir\u0161 \u017earij\u0173 b\u016bt\u0173 galima:<\/p>\n<ul data-start=\"4868\" data-end=\"4942\">\n<li data-section-id=\"1qvn8nn\" data-start=\"4868\" data-end=\"4892\">\n<p data-start=\"4870\" data-end=\"4892\">virti arbat\u0105 ar kav\u0105<\/p>\n<\/li>\n<li data-section-id=\"15hzfkj\" data-start=\"4893\" data-end=\"4923\">\n<p data-start=\"4895\" data-end=\"4923\">kepti de\u0161reles ar dar\u017eoves<\/p>\n<\/li>\n<li data-section-id=\"1jnila2\" data-start=\"4924\" data-end=\"4942\">\n<p data-start=\"4926\" data-end=\"4942\">pa\u0161ildyti maist\u0105<\/p>\n<\/li>\n<\/ul>\n<hr data-start=\"4944\" data-end=\"4947\" \/>\n<h1 data-section-id=\"1bl7dbw\" data-start=\"4949\" data-end=\"4972\">Praktiniai privalumai<\/h1>\n<h3 data-section-id=\"1lzz0ky\" data-start=\"4974\" data-end=\"5006\">Kompakti\u0161kas transportavimas<\/h3>\n<p data-start=\"5008\" data-end=\"5051\">I\u0161ardytas gaminys u\u017eima labai ma\u017eai vietos.<\/p>\n<p data-start=\"5053\" data-end=\"5113\">Komplektas pristatomas ma\u017edaug <strong data-start=\"5084\" data-end=\"5102\">63 \u00d7 45 \u00d7 8 cm<\/strong> pakuot\u0117je.<\/p>\n<hr data-start=\"5115\" data-end=\"5118\" \/>\n<h3 data-section-id=\"14zfk3w\" data-start=\"5120\" data-end=\"5145\">Surinkimas be \u012franki\u0173<\/h3>\n<p data-start=\"5147\" data-end=\"5178\">Kadangi n\u0117ra var\u017et\u0173 ar ver\u017eli\u0173:<\/p>\n<ul data-start=\"5180\" data-end=\"5302\">\n<li data-section-id=\"19m7bxa\" data-start=\"5180\" data-end=\"5228\">\n<p data-start=\"5182\" data-end=\"5228\">n\u0117ra dali\u0173, kurios gali sur\u016bdyti nuo kar\u0161\u010dio<\/p>\n<\/li>\n<li data-section-id=\"1pnhyfu\" data-start=\"5229\" data-end=\"5273\">\n<p data-start=\"5231\" data-end=\"5273\">n\u0117ra ma\u017e\u0173 detali\u0173, kurios gali pasimesti<\/p>\n<\/li>\n<li data-section-id=\"q60kr8\" data-start=\"5274\" data-end=\"5302\">\n<p data-start=\"5276\" data-end=\"5302\">lau\u017eaviet\u0119 lengva i\u0161ardyti<\/p>\n<\/li>\n<\/ul>\n<hr data-start=\"5304\" data-end=\"5307\" \/>\n<h3 data-section-id=\"14z0m41\" data-start=\"5309\" data-end=\"5336\">Stabilumas ir tvirtumas<\/h3>\n<p data-start=\"5338\" data-end=\"5403\">3 mm plieno lak\u0161tas suteikia konstrukcijai stabilum\u0105 ir tvirtum\u0105.<\/p>\n<p data-start=\"5405\" data-end=\"5463\">Integruotos rankenos leid\u017eia patogiai perkelti lau\u017eaviet\u0119.<\/p>\n<hr data-start=\"5465\" data-end=\"5468\" \/>\n<h3 data-section-id=\"18a4hx7\" data-start=\"5470\" data-end=\"5494\">Sezoninis naudojimas<\/h3>\n<p data-start=\"5496\" data-end=\"5549\">Lau\u017eaviet\u0119 galima lengvai i\u0161ardyti ir laikyti \u017eiemai.<\/p>\n<hr data-start=\"5551\" data-end=\"5554\" \/>\n<h3 data-section-id=\"1inwvy8\" data-start=\"5556\" data-end=\"5581\">Galimyb\u0117 kepti maist\u0105<\/h3>\n<p data-start=\"5583\" data-end=\"5659\">Su papildomomis grotel\u0117mis lau\u017eaviet\u0117 tampa prakti\u0161ka lauko virtuv\u0117s dalimi.<\/p>\n<hr data-start=\"5661\" data-end=\"5664\" \/>\n<h2 data-section-id=\"1g37s3p\" data-start=\"5666\" data-end=\"5686\">Naudojimo aplinka<\/h2>\n<p data-start=\"5688\" data-end=\"5694\">Tinka:<\/p>\n<ul data-start=\"5696\" data-end=\"5760\">\n<li data-section-id=\"9euknx\" data-start=\"5696\" data-end=\"5710\">\n<p data-start=\"5698\" data-end=\"5710\">nam\u0173 sodui<\/p>\n<\/li>\n<li data-section-id=\"1x0fkwz\" data-start=\"5711\" data-end=\"5722\">\n<p data-start=\"5713\" data-end=\"5722\">sodybai<\/p>\n<\/li>\n<li data-section-id=\"1pf18ri\" data-start=\"5723\" data-end=\"5733\">\n<p data-start=\"5725\" data-end=\"5733\">kiemui<\/p>\n<\/li>\n<li data-section-id=\"173jiz6\" data-start=\"5734\" data-end=\"5760\">\n<p data-start=\"5736\" data-end=\"5760\">poilsio zonoms gamtoje<\/p>\n<\/li>\n<\/ul>\n<p data-start=\"5762\" data-end=\"5837\">Rekomenduojama naudoti ant <strong data-start=\"5789\" data-end=\"5812\">nedegaus pavir\u0161iaus<\/strong> (akmens, \u017evyro, betono).<\/p>\n<hr data-start=\"5839\" data-end=\"5842\" \/>\n<h2 data-section-id=\"5lvx5c\" data-start=\"5844\" data-end=\"5868\">Gamyba ir pristatymas<\/h2>\n<p data-start=\"5870\" data-end=\"5943\">Pagaminta Estijoje.<br data-start=\"5889\" data-end=\"5892\" \/>Kiekvienas komplektas gaminamas vietin\u0117je gamyboje.<\/p>\n<p data-start=\"5945\" data-end=\"5999\">Siun\u010diama <strong data-start=\"5955\" data-end=\"5998\">ne v\u0117liau kaip per 7 dienas po u\u017esakymo<\/strong>.<\/p>\n","protected":false},"excerpt":{"rendered":"<p data-start=\"4175\" data-end=\"4320\"><strong data-start=\"4233\" data-end=\"4246\">Matmenys:<\/strong> 600 \u00d7 600 mm (plotis \u00d7 gylis)<br data-start=\"4276\" data-end=\"4279\" \/><strong data-start=\"4279\" data-end=\"4291\">Auk\u0161tis:<\/strong> 430 mm<br data-start=\"4298\" data-end=\"4301\" \/><strong data-start=\"4301\" data-end=\"4312\">Svoris:<\/strong> 32 kg<\/p>\n<p data-start=\"4322\" data-end=\"4401\"><strong data-start=\"4322\" data-end=\"4335\">Med\u017eiaga:<\/strong> 3 mm plieno lak\u0161tas<br data-start=\"4355\" data-end=\"4358\" \/><strong data-start=\"4358\" data-end=\"4370\">Apdaila:<\/strong> nat\u016bralus, neda\u017eytas metalas<\/p>\n","protected":false},"featured_media":8438,"template":"","meta":[],"product_brand":[],"product_cat":[1136],"product_tag":[],"class_list":{"0":"post-8437","1":"product","2":"type-product","3":"status-publish","4":"has-post-thumbnail","6":"product_cat-grilinimas","7":"product_shipping_class-liiga-suur-pakiautomaadile","8":"has-post-title","9":"has-post-date","10":"has-post-category","11":"has-post-tag","12":"has-post-comment","13":"has-post-author","14":"","16":"first","17":"instock","18":"taxable","19":"shipping-taxable","20":"purchasable","21":"product-type-simple"},"yoast_head":"<!-- This site is optimized with the Yoast SEO plugin v27.3 - https:\/\/yoast.com\/product\/yoast-seo-wordpress\/ -->\n<title>Lau\u017eaviet\u0117 \/ grilis - Etnoart<\/title>\n<meta name=\"description\" content=\"Sulankstoma plienin\u0117 lau\u017eaviet\u0117 sodui ar kiemui. Tvirtas 3 mm plienas, surinkimas be \u012franki\u0173 ir galimyb\u0117 naudoti kaip gril\u012f.\" \/>\n<meta name=\"robots\" content=\"index, follow, max-snippet:-1, max-image-preview:large, max-video-preview:-1\" \/>\n<link rel=\"canonical\" href=\"https:\/\/etnoart.eu\/lt\/toode\/lauzaviete\/\" \/>\n<meta property=\"og:locale\" content=\"lt_LT\" \/>\n<meta property=\"og:type\" content=\"article\" \/>\n<meta property=\"og:title\" content=\"Lau\u017eaviet\u0117 \/ grilis - Etnoart\" \/>\n<meta property=\"og:description\" content=\"Sulankstoma plienin\u0117 lau\u017eaviet\u0117 sodui ar kiemui. Tvirtas 3 mm plienas, surinkimas be \u012franki\u0173 ir galimyb\u0117 naudoti kaip gril\u012f.\" \/>\n<meta property=\"og:url\" content=\"https:\/\/etnoart.eu\/lt\/toode\/lauzaviete\/\" \/>\n<meta property=\"og:site_name\" content=\"Etnoart\" \/>\n<meta property=\"article:publisher\" content=\"https:\/\/www.facebook.com\/etnoart.handicraft.shop\" \/>\n<meta property=\"article:modified_time\" content=\"2026-03-13T18:09:53+00:00\" \/>\n<meta property=\"og:image\" content=\"https:\/\/etnoart.eu\/wp-content\/uploads\/2026\/01\/Tulisija_tulease_Feuerstelle_Fire-Pit.webp\" \/>\n\t<meta property=\"og:image:width\" content=\"2560\" \/>\n\t<meta property=\"og:image:height\" content=\"2068\" \/>\n\t<meta property=\"og:image:type\" content=\"image\/webp\" \/>\n<meta name=\"twitter:card\" content=\"summary_large_image\" \/>\n<meta name=\"twitter:label1\" content=\"Est. reading time\" \/>\n\t<meta name=\"twitter:data1\" content=\"2 minut\u0117s\" \/>\n<script type=\"application\/ld+json\" class=\"yoast-schema-graph\">{\"@context\":\"https:\\\/\\\/schema.org\",\"@graph\":[{\"@type\":\"WebPage\",\"@id\":\"https:\\\/\\\/etnoart.eu\\\/lt\\\/toode\\\/lauzaviete\\\/\",\"url\":\"https:\\\/\\\/etnoart.eu\\\/lt\\\/toode\\\/lauzaviete\\\/\",\"name\":\"Lau\u017eaviet\u0117 \\\/ grilis - Etnoart\",\"isPartOf\":{\"@id\":\"https:\\\/\\\/etnoart.eu\\\/#website\"},\"primaryImageOfPage\":{\"@id\":\"https:\\\/\\\/etnoart.eu\\\/lt\\\/toode\\\/lauzaviete\\\/#primaryimage\"},\"image\":{\"@id\":\"https:\\\/\\\/etnoart.eu\\\/lt\\\/toode\\\/lauzaviete\\\/#primaryimage\"},\"thumbnailUrl\":\"https:\\\/\\\/etnoart.eu\\\/wp-content\\\/uploads\\\/2026\\\/01\\\/Tulisija_tulease_Feuerstelle_Fire-Pit.webp\",\"datePublished\":\"2026-01-23T05:02:44+00:00\",\"dateModified\":\"2026-03-13T18:09:53+00:00\",\"description\":\"Sulankstoma plienin\u0117 lau\u017eaviet\u0117 sodui ar kiemui. Tvirtas 3 mm plienas, surinkimas be \u012franki\u0173 ir galimyb\u0117 naudoti kaip gril\u012f.\",\"breadcrumb\":{\"@id\":\"https:\\\/\\\/etnoart.eu\\\/lt\\\/toode\\\/lauzaviete\\\/#breadcrumb\"},\"inLanguage\":\"lt-LT\",\"potentialAction\":[{\"@type\":\"ReadAction\",\"target\":[\"https:\\\/\\\/etnoart.eu\\\/lt\\\/toode\\\/lauzaviete\\\/\"]}]},{\"@type\":\"ImageObject\",\"inLanguage\":\"lt-LT\",\"@id\":\"https:\\\/\\\/etnoart.eu\\\/lt\\\/toode\\\/lauzaviete\\\/#primaryimage\",\"url\":\"https:\\\/\\\/etnoart.eu\\\/wp-content\\\/uploads\\\/2026\\\/01\\\/Tulisija_tulease_Feuerstelle_Fire-Pit.webp\",\"contentUrl\":\"https:\\\/\\\/etnoart.eu\\\/wp-content\\\/uploads\\\/2026\\\/01\\\/Tulisija_tulease_Feuerstelle_Fire-Pit.webp\",\"width\":2560,\"height\":2068,\"caption\":\"Tulisija, tulease, Feuerstelle, Fire Pit\"},{\"@type\":\"BreadcrumbList\",\"@id\":\"https:\\\/\\\/etnoart.eu\\\/lt\\\/toode\\\/lauzaviete\\\/#breadcrumb\",\"itemListElement\":[{\"@type\":\"ListItem\",\"position\":1,\"name\":\"Home\",\"item\":\"https:\\\/\\\/etnoart.eu\\\/lt\\\/\"},{\"@type\":\"ListItem\",\"position\":2,\"name\":\"Pood\",\"item\":\"https:\\\/\\\/etnoart.eu\\\/lt\\\/shop\\\/\"},{\"@type\":\"ListItem\",\"position\":3,\"name\":\"Lau\u017eaviet\u0117 \\\/ grilis\"}]},{\"@type\":\"WebSite\",\"@id\":\"https:\\\/\\\/etnoart.eu\\\/#website\",\"url\":\"https:\\\/\\\/etnoart.eu\\\/\",\"name\":\"Etnoart\",\"description\":\"K&auml;sit&ouml;&ouml;pood\",\"publisher\":{\"@id\":\"https:\\\/\\\/etnoart.eu\\\/#organization\"},\"potentialAction\":[{\"@type\":\"SearchAction\",\"target\":{\"@type\":\"EntryPoint\",\"urlTemplate\":\"https:\\\/\\\/etnoart.eu\\\/?s={search_term_string}\"},\"query-input\":{\"@type\":\"PropertyValueSpecification\",\"valueRequired\":true,\"valueName\":\"search_term_string\"}}],\"inLanguage\":\"lt-LT\"},{\"@type\":\"Organization\",\"@id\":\"https:\\\/\\\/etnoart.eu\\\/#organization\",\"name\":\"Etnoart O\u00dc\",\"url\":\"https:\\\/\\\/etnoart.eu\\\/\",\"logo\":{\"@type\":\"ImageObject\",\"inLanguage\":\"lt-LT\",\"@id\":\"https:\\\/\\\/etnoart.eu\\\/#\\\/schema\\\/logo\\\/image\\\/\",\"url\":\"https:\\\/\\\/etnoart.eu\\\/wp-content\\\/uploads\\\/2023\\\/06\\\/etnoart-logo.png\",\"contentUrl\":\"https:\\\/\\\/etnoart.eu\\\/wp-content\\\/uploads\\\/2023\\\/06\\\/etnoart-logo.png\",\"width\":491,\"height\":184,\"caption\":\"Etnoart O\u00dc\"},\"image\":{\"@id\":\"https:\\\/\\\/etnoart.eu\\\/#\\\/schema\\\/logo\\\/image\\\/\"},\"sameAs\":[\"https:\\\/\\\/www.facebook.com\\\/etnoart.handicraft.shop\"]}]}<\/script>\n<!-- \/ Yoast SEO plugin. -->","yoast_head_json":{"title":"Lau\u017eaviet\u0117 \/ grilis - Etnoart","description":"Sulankstoma plienin\u0117 lau\u017eaviet\u0117 sodui ar kiemui. Tvirtas 3 mm plienas, surinkimas be \u012franki\u0173 ir galimyb\u0117 naudoti kaip gril\u012f.","robots":{"index":"index","follow":"follow","max-snippet":"max-snippet:-1","max-image-preview":"max-image-preview:large","max-video-preview":"max-video-preview:-1"},"canonical":"https:\/\/etnoart.eu\/lt\/toode\/lauzaviete\/","og_locale":"lt_LT","og_type":"article","og_title":"Lau\u017eaviet\u0117 \/ grilis - Etnoart","og_description":"Sulankstoma plienin\u0117 lau\u017eaviet\u0117 sodui ar kiemui. Tvirtas 3 mm plienas, surinkimas be \u012franki\u0173 ir galimyb\u0117 naudoti kaip gril\u012f.","og_url":"https:\/\/etnoart.eu\/lt\/toode\/lauzaviete\/","og_site_name":"Etnoart","article_publisher":"https:\/\/www.facebook.com\/etnoart.handicraft.shop","article_modified_time":"2026-03-13T18:09:53+00:00","og_image":[{"width":2560,"height":2068,"url":"https:\/\/etnoart.eu\/wp-content\/uploads\/2026\/01\/Tulisija_tulease_Feuerstelle_Fire-Pit.webp","type":"image\/webp"}],"twitter_card":"summary_large_image","twitter_misc":{"Est. reading time":"2 minut\u0117s"},"schema":{"@context":"https:\/\/schema.org","@graph":[{"@type":"WebPage","@id":"https:\/\/etnoart.eu\/lt\/toode\/lauzaviete\/","url":"https:\/\/etnoart.eu\/lt\/toode\/lauzaviete\/","name":"Lau\u017eaviet\u0117 \/ grilis - Etnoart","isPartOf":{"@id":"https:\/\/etnoart.eu\/#website"},"primaryImageOfPage":{"@id":"https:\/\/etnoart.eu\/lt\/toode\/lauzaviete\/#primaryimage"},"image":{"@id":"https:\/\/etnoart.eu\/lt\/toode\/lauzaviete\/#primaryimage"},"thumbnailUrl":"https:\/\/etnoart.eu\/wp-content\/uploads\/2026\/01\/Tulisija_tulease_Feuerstelle_Fire-Pit.webp","datePublished":"2026-01-23T05:02:44+00:00","dateModified":"2026-03-13T18:09:53+00:00","description":"Sulankstoma plienin\u0117 lau\u017eaviet\u0117 sodui ar kiemui. Tvirtas 3 mm plienas, surinkimas be \u012franki\u0173 ir galimyb\u0117 naudoti kaip gril\u012f.","breadcrumb":{"@id":"https:\/\/etnoart.eu\/lt\/toode\/lauzaviete\/#breadcrumb"},"inLanguage":"lt-LT","potentialAction":[{"@type":"ReadAction","target":["https:\/\/etnoart.eu\/lt\/toode\/lauzaviete\/"]}]},{"@type":"ImageObject","inLanguage":"lt-LT","@id":"https:\/\/etnoart.eu\/lt\/toode\/lauzaviete\/#primaryimage","url":"https:\/\/etnoart.eu\/wp-content\/uploads\/2026\/01\/Tulisija_tulease_Feuerstelle_Fire-Pit.webp","contentUrl":"https:\/\/etnoart.eu\/wp-content\/uploads\/2026\/01\/Tulisija_tulease_Feuerstelle_Fire-Pit.webp","width":2560,"height":2068,"caption":"Tulisija, tulease, Feuerstelle, Fire Pit"},{"@type":"BreadcrumbList","@id":"https:\/\/etnoart.eu\/lt\/toode\/lauzaviete\/#breadcrumb","itemListElement":[{"@type":"ListItem","position":1,"name":"Home","item":"https:\/\/etnoart.eu\/lt\/"},{"@type":"ListItem","position":2,"name":"Pood","item":"https:\/\/etnoart.eu\/lt\/shop\/"},{"@type":"ListItem","position":3,"name":"Lau\u017eaviet\u0117 \/ grilis"}]},{"@type":"WebSite","@id":"https:\/\/etnoart.eu\/#website","url":"https:\/\/etnoart.eu\/","name":"Etnoart","description":"K&auml;sit&ouml;&ouml;pood","publisher":{"@id":"https:\/\/etnoart.eu\/#organization"},"potentialAction":[{"@type":"SearchAction","target":{"@type":"EntryPoint","urlTemplate":"https:\/\/etnoart.eu\/?s={search_term_string}"},"query-input":{"@type":"PropertyValueSpecification","valueRequired":true,"valueName":"search_term_string"}}],"inLanguage":"lt-LT"},{"@type":"Organization","@id":"https:\/\/etnoart.eu\/#organization","name":"Etnoart O\u00dc","url":"https:\/\/etnoart.eu\/","logo":{"@type":"ImageObject","inLanguage":"lt-LT","@id":"https:\/\/etnoart.eu\/#\/schema\/logo\/image\/","url":"https:\/\/etnoart.eu\/wp-content\/uploads\/2023\/06\/etnoart-logo.png","contentUrl":"https:\/\/etnoart.eu\/wp-content\/uploads\/2023\/06\/etnoart-logo.png","width":491,"height":184,"caption":"Etnoart O\u00dc"},"image":{"@id":"https:\/\/etnoart.eu\/#\/schema\/logo\/image\/"},"sameAs":["https:\/\/www.facebook.com\/etnoart.handicraft.shop"]}]}},"builder_content":"","_links":{"self":[{"href":"https:\/\/etnoart.eu\/lt\/wp-json\/wp\/v2\/product\/8437","targetHints":{"allow":["GET"]}}],"collection":[{"href":"https:\/\/etnoart.eu\/lt\/wp-json\/wp\/v2\/product"}],"about":[{"href":"https:\/\/etnoart.eu\/lt\/wp-json\/wp\/v2\/types\/product"}],"wp:featuredmedia":[{"embeddable":true,"href":"https:\/\/etnoart.eu\/lt\/wp-json\/wp\/v2\/media\/8438"}],"wp:attachment":[{"href":"https:\/\/etnoart.eu\/lt\/wp-json\/wp\/v2\/media?parent=8437"}],"wp:term":[{"taxonomy":"product_brand","embeddable":true,"href":"https:\/\/etnoart.eu\/lt\/wp-json\/wp\/v2\/product_brand?post=8437"},{"taxonomy":"product_cat","embeddable":true,"href":"https:\/\/etnoart.eu\/lt\/wp-json\/wp\/v2\/product_cat?post=8437"},{"taxonomy":"product_tag","embeddable":true,"href":"https:\/\/etnoart.eu\/lt\/wp-json\/wp\/v2\/product_tag?post=8437"}],"curies":[{"name":"wp","href":"https:\/\/api.w.org\/{rel}","templated":true}]}}