{"id":791,"date":"2023-06-08T08:50:36","date_gmt":"2023-06-08T08:50:36","guid":{"rendered":"https:\/\/etnoart.amsel.ee\/?post_type=product&#038;p=791"},"modified":"2023-12-16T13:18:07","modified_gmt":"2023-12-16T13:18:07","slug":"kaminariistad-rolf-3","status":"publish","type":"product","link":"https:\/\/etnoart.eu\/lt\/toode\/kaminariistad-rolf-3\/","title":{"rendered":"Kaminariistad Rolf 3"},"content":{"rendered":"<p>Kaminariistad Rolf 3 on erakordne tuleaseme tarvikute komplekt, mis on valminud Eesti seppade k\u00e4e all k\u00e4sit\u00f6\u00f6na ning pakub teie kodule vajalikku tulekolde hoolduse lahendust. Iga element on loodud kvaliteetsest materjalist ja p\u00fchendunud t\u00f6\u00f6ga, tagades tulekolde korrashoiu ning lisades samal ajal elegantsi ja iseloomu.<\/p>\n<p>Komplekti kuuluv kaminatarvikute jalg on loodud \u00fchest tervest teraslatist, kasutades traditsioonilisi sepat\u00f6\u00f6 v\u00f5tteid, mis annavad jalgadele omap\u00e4rase ja stabiilse struktuuri. Jala k\u00f5rgus, olles 80 cm, on optimaalne, pakkudes mitmek\u00fclgset kasutust ja stabiilsust erinevates kodudes ja ruumides.<\/p>\n<p>Kaminariistad Rolf 3 komplekti kuulub kolm olulist tarvikut: k\u00fchvel, hari ja roop, mille pikkus on umbes 60 cm. Need tarvikud mitte ainult ei t\u00e4ida tulekolde hoolduse vajadusi, vaid on ka praktilised ning vastupidavad, v\u00f5imaldades mugavat k\u00e4sitlemist ja t\u00f5husat koristust.<\/p>\n<p>Komplekt on viimistletud lakikihiga, mis r\u00f5hutab k\u00e4sitsi t\u00f6\u00f6deldud metalli loomulikku struktuuri, s\u00e4ilitades selle autentsuse ja vastupidavuse. Viimistlus mitte ainult ei kaitse tarvikuid, vaid r\u00f5hutab ka meie seppade t\u00f6\u00f6meisterlikkust. Seelline viimistlus\u00a0 j\u00e4tab n\u00e4htavale k\u00e4sit\u00f6\u00f6 j\u00e4lje ja lisades tootele esteetilist v\u00e4\u00e4rtust.<\/p>\n<p>Kaminariistad Rolf 3 on rohkem kui lihtsalt komplekt tarvikuid. See on kunstiteos, mis t\u00e4iustab teie tulekolde \u00fcmbrust ning pakub praktilist kasutust ja esteetilist naudingut. Kvaliteetse k\u00e4sit\u00f6\u00f6ga loodud, need tarvikud on vastupidavad, funktsionaalsed ja lisavad teie kodule unikaalsust ning soojust, tuues samas esile Eesti seppade kire ja oskusteavet.<\/p>\n","protected":false},"excerpt":{"rendered":"<p>Kaminariistad Rolf 3 on erakordne tuleaseme tarvikute komplekt, mis on valminud Eesti seppade k\u00e4e all k\u00e4sit\u00f6\u00f6na. Viimistletud lakiga.<\/p>\n","protected":false},"featured_media":4305,"template":"","meta":[],"product_brand":[],"product_cat":[116],"product_tag":[],"class_list":{"0":"post-791","1":"product","2":"type-product","3":"status-publish","4":"has-post-thumbnail","6":"product_cat-kaminatarbed-ja-puukorvid","7":"has-post-title","8":"has-post-date","9":"has-post-category","10":"has-post-tag","11":"has-post-comment","12":"has-post-author","13":"","15":"first","16":"instock","17":"taxable","18":"shipping-taxable","19":"purchasable","20":"product-type-simple"},"yoast_head":"<!-- This site is optimized with the Yoast SEO plugin v27.4 - https:\/\/yoast.com\/product\/yoast-seo-wordpress\/ -->\n<title>Kaminariistad Rolf 3 |EtnoArt| Kaminatarbed ja puukorvid<\/title>\n<meta name=\"description\" content=\"Kaminariistad Rolf 3 on erakordne tuleaseme tarvikute komplekt, mis on valminud Eesti seppade k\u00e4e all k\u00e4sit\u00f6\u00f6na. Viimistletud lakiga.\" \/>\n<meta name=\"robots\" content=\"index, follow, max-snippet:-1, max-image-preview:large, max-video-preview:-1\" \/>\n<link rel=\"canonical\" href=\"https:\/\/etnoart.eu\/toode\/kaminariistad-rolf-3\/\" \/>\n<meta property=\"og:locale\" content=\"lt_LT\" \/>\n<meta property=\"og:type\" content=\"article\" \/>\n<meta property=\"og:title\" content=\"Kaminariistad Rolf 3 |EtnoArt| Kaminatarbed ja puukorvid\" \/>\n<meta property=\"og:description\" content=\"Kaminariistad Rolf 3 on erakordne tuleaseme tarvikute komplekt, mis on valminud Eesti seppade k\u00e4e all k\u00e4sit\u00f6\u00f6na. Viimistletud lakiga.\" \/>\n<meta property=\"og:url\" content=\"https:\/\/etnoart.eu\/toode\/kaminariistad-rolf-3\/\" \/>\n<meta property=\"og:site_name\" content=\"Etnoart\" \/>\n<meta property=\"article:publisher\" content=\"https:\/\/www.facebook.com\/etnoart.handicraft.shop\" \/>\n<meta property=\"article:modified_time\" content=\"2023-12-16T13:18:07+00:00\" \/>\n<meta property=\"og:image\" content=\"https:\/\/etnoart.eu\/wp-content\/uploads\/2023\/06\/Kaminariistad-Rolf-3.jpg\" \/>\n\t<meta property=\"og:image:width\" content=\"676\" \/>\n\t<meta property=\"og:image:height\" content=\"658\" \/>\n\t<meta property=\"og:image:type\" content=\"image\/jpeg\" \/>\n<meta name=\"twitter:card\" content=\"summary_large_image\" \/>\n<meta name=\"twitter:label1\" content=\"Est. reading time\" \/>\n\t<meta name=\"twitter:data1\" content=\"2 minut\u0117s\" \/>\n<script type=\"application\/ld+json\" class=\"yoast-schema-graph\">{\"@context\":\"https:\\\/\\\/schema.org\",\"@graph\":[{\"@type\":\"WebPage\",\"@id\":\"https:\\\/\\\/etnoart.eu\\\/toode\\\/kaminariistad-rolf-3\\\/\",\"url\":\"https:\\\/\\\/etnoart.eu\\\/toode\\\/kaminariistad-rolf-3\\\/\",\"name\":\"Kaminariistad Rolf 3 |EtnoArt| Kaminatarbed ja puukorvid\",\"isPartOf\":{\"@id\":\"https:\\\/\\\/etnoart.eu\\\/#website\"},\"primaryImageOfPage\":{\"@id\":\"https:\\\/\\\/etnoart.eu\\\/toode\\\/kaminariistad-rolf-3\\\/#primaryimage\"},\"image\":{\"@id\":\"https:\\\/\\\/etnoart.eu\\\/toode\\\/kaminariistad-rolf-3\\\/#primaryimage\"},\"thumbnailUrl\":\"https:\\\/\\\/etnoart.eu\\\/wp-content\\\/uploads\\\/2023\\\/06\\\/Kaminariistad-Rolf-3.jpg\",\"datePublished\":\"2023-06-08T08:50:36+00:00\",\"dateModified\":\"2023-12-16T13:18:07+00:00\",\"description\":\"Kaminariistad Rolf 3 on erakordne tuleaseme tarvikute komplekt, mis on valminud Eesti seppade k\u00e4e all k\u00e4sit\u00f6\u00f6na. Viimistletud lakiga.\",\"breadcrumb\":{\"@id\":\"https:\\\/\\\/etnoart.eu\\\/toode\\\/kaminariistad-rolf-3\\\/#breadcrumb\"},\"inLanguage\":\"lt-LT\",\"potentialAction\":[{\"@type\":\"ReadAction\",\"target\":[\"https:\\\/\\\/etnoart.eu\\\/toode\\\/kaminariistad-rolf-3\\\/\"]}]},{\"@type\":\"ImageObject\",\"inLanguage\":\"lt-LT\",\"@id\":\"https:\\\/\\\/etnoart.eu\\\/toode\\\/kaminariistad-rolf-3\\\/#primaryimage\",\"url\":\"https:\\\/\\\/etnoart.eu\\\/wp-content\\\/uploads\\\/2023\\\/06\\\/Kaminariistad-Rolf-3.jpg\",\"contentUrl\":\"https:\\\/\\\/etnoart.eu\\\/wp-content\\\/uploads\\\/2023\\\/06\\\/Kaminariistad-Rolf-3.jpg\",\"width\":676,\"height\":658,\"caption\":\"Kaminariistad Rolf 3\"},{\"@type\":\"BreadcrumbList\",\"@id\":\"https:\\\/\\\/etnoart.eu\\\/toode\\\/kaminariistad-rolf-3\\\/#breadcrumb\",\"itemListElement\":[{\"@type\":\"ListItem\",\"position\":1,\"name\":\"Home\",\"item\":\"https:\\\/\\\/etnoart.eu\\\/lt\\\/\"},{\"@type\":\"ListItem\",\"position\":2,\"name\":\"Pood\",\"item\":\"https:\\\/\\\/etnoart.eu\\\/lt\\\/shop\\\/\"},{\"@type\":\"ListItem\",\"position\":3,\"name\":\"Kaminariistad Rolf 3\"}]},{\"@type\":\"WebSite\",\"@id\":\"https:\\\/\\\/etnoart.eu\\\/#website\",\"url\":\"https:\\\/\\\/etnoart.eu\\\/\",\"name\":\"Etnoart\",\"description\":\"K&auml;sit&ouml;&ouml;pood\",\"publisher\":{\"@id\":\"https:\\\/\\\/etnoart.eu\\\/#organization\"},\"potentialAction\":[{\"@type\":\"SearchAction\",\"target\":{\"@type\":\"EntryPoint\",\"urlTemplate\":\"https:\\\/\\\/etnoart.eu\\\/?s={search_term_string}\"},\"query-input\":{\"@type\":\"PropertyValueSpecification\",\"valueRequired\":true,\"valueName\":\"search_term_string\"}}],\"inLanguage\":\"lt-LT\"},{\"@type\":\"Organization\",\"@id\":\"https:\\\/\\\/etnoart.eu\\\/#organization\",\"name\":\"Etnoart O\u00dc\",\"url\":\"https:\\\/\\\/etnoart.eu\\\/\",\"logo\":{\"@type\":\"ImageObject\",\"inLanguage\":\"lt-LT\",\"@id\":\"https:\\\/\\\/etnoart.eu\\\/#\\\/schema\\\/logo\\\/image\\\/\",\"url\":\"https:\\\/\\\/etnoart.eu\\\/wp-content\\\/uploads\\\/2023\\\/06\\\/etnoart-logo.png\",\"contentUrl\":\"https:\\\/\\\/etnoart.eu\\\/wp-content\\\/uploads\\\/2023\\\/06\\\/etnoart-logo.png\",\"width\":491,\"height\":184,\"caption\":\"Etnoart O\u00dc\"},\"image\":{\"@id\":\"https:\\\/\\\/etnoart.eu\\\/#\\\/schema\\\/logo\\\/image\\\/\"},\"sameAs\":[\"https:\\\/\\\/www.facebook.com\\\/etnoart.handicraft.shop\"]}]}<\/script>\n<!-- \/ Yoast SEO plugin. -->","yoast_head_json":{"title":"Kaminariistad Rolf 3 |EtnoArt| Kaminatarbed ja puukorvid","description":"Kaminariistad Rolf 3 on erakordne tuleaseme tarvikute komplekt, mis on valminud Eesti seppade k\u00e4e all k\u00e4sit\u00f6\u00f6na. Viimistletud lakiga.","robots":{"index":"index","follow":"follow","max-snippet":"max-snippet:-1","max-image-preview":"max-image-preview:large","max-video-preview":"max-video-preview:-1"},"canonical":"https:\/\/etnoart.eu\/toode\/kaminariistad-rolf-3\/","og_locale":"lt_LT","og_type":"article","og_title":"Kaminariistad Rolf 3 |EtnoArt| Kaminatarbed ja puukorvid","og_description":"Kaminariistad Rolf 3 on erakordne tuleaseme tarvikute komplekt, mis on valminud Eesti seppade k\u00e4e all k\u00e4sit\u00f6\u00f6na. Viimistletud lakiga.","og_url":"https:\/\/etnoart.eu\/toode\/kaminariistad-rolf-3\/","og_site_name":"Etnoart","article_publisher":"https:\/\/www.facebook.com\/etnoart.handicraft.shop","article_modified_time":"2023-12-16T13:18:07+00:00","og_image":[{"width":676,"height":658,"url":"https:\/\/etnoart.eu\/wp-content\/uploads\/2023\/06\/Kaminariistad-Rolf-3.jpg","type":"image\/jpeg"}],"twitter_card":"summary_large_image","twitter_misc":{"Est. reading time":"2 minut\u0117s"},"schema":{"@context":"https:\/\/schema.org","@graph":[{"@type":"WebPage","@id":"https:\/\/etnoart.eu\/toode\/kaminariistad-rolf-3\/","url":"https:\/\/etnoart.eu\/toode\/kaminariistad-rolf-3\/","name":"Kaminariistad Rolf 3 |EtnoArt| Kaminatarbed ja puukorvid","isPartOf":{"@id":"https:\/\/etnoart.eu\/#website"},"primaryImageOfPage":{"@id":"https:\/\/etnoart.eu\/toode\/kaminariistad-rolf-3\/#primaryimage"},"image":{"@id":"https:\/\/etnoart.eu\/toode\/kaminariistad-rolf-3\/#primaryimage"},"thumbnailUrl":"https:\/\/etnoart.eu\/wp-content\/uploads\/2023\/06\/Kaminariistad-Rolf-3.jpg","datePublished":"2023-06-08T08:50:36+00:00","dateModified":"2023-12-16T13:18:07+00:00","description":"Kaminariistad Rolf 3 on erakordne tuleaseme tarvikute komplekt, mis on valminud Eesti seppade k\u00e4e all k\u00e4sit\u00f6\u00f6na. Viimistletud lakiga.","breadcrumb":{"@id":"https:\/\/etnoart.eu\/toode\/kaminariistad-rolf-3\/#breadcrumb"},"inLanguage":"lt-LT","potentialAction":[{"@type":"ReadAction","target":["https:\/\/etnoart.eu\/toode\/kaminariistad-rolf-3\/"]}]},{"@type":"ImageObject","inLanguage":"lt-LT","@id":"https:\/\/etnoart.eu\/toode\/kaminariistad-rolf-3\/#primaryimage","url":"https:\/\/etnoart.eu\/wp-content\/uploads\/2023\/06\/Kaminariistad-Rolf-3.jpg","contentUrl":"https:\/\/etnoart.eu\/wp-content\/uploads\/2023\/06\/Kaminariistad-Rolf-3.jpg","width":676,"height":658,"caption":"Kaminariistad Rolf 3"},{"@type":"BreadcrumbList","@id":"https:\/\/etnoart.eu\/toode\/kaminariistad-rolf-3\/#breadcrumb","itemListElement":[{"@type":"ListItem","position":1,"name":"Home","item":"https:\/\/etnoart.eu\/lt\/"},{"@type":"ListItem","position":2,"name":"Pood","item":"https:\/\/etnoart.eu\/lt\/shop\/"},{"@type":"ListItem","position":3,"name":"Kaminariistad Rolf 3"}]},{"@type":"WebSite","@id":"https:\/\/etnoart.eu\/#website","url":"https:\/\/etnoart.eu\/","name":"Etnoart","description":"K&auml;sit&ouml;&ouml;pood","publisher":{"@id":"https:\/\/etnoart.eu\/#organization"},"potentialAction":[{"@type":"SearchAction","target":{"@type":"EntryPoint","urlTemplate":"https:\/\/etnoart.eu\/?s={search_term_string}"},"query-input":{"@type":"PropertyValueSpecification","valueRequired":true,"valueName":"search_term_string"}}],"inLanguage":"lt-LT"},{"@type":"Organization","@id":"https:\/\/etnoart.eu\/#organization","name":"Etnoart O\u00dc","url":"https:\/\/etnoart.eu\/","logo":{"@type":"ImageObject","inLanguage":"lt-LT","@id":"https:\/\/etnoart.eu\/#\/schema\/logo\/image\/","url":"https:\/\/etnoart.eu\/wp-content\/uploads\/2023\/06\/etnoart-logo.png","contentUrl":"https:\/\/etnoart.eu\/wp-content\/uploads\/2023\/06\/etnoart-logo.png","width":491,"height":184,"caption":"Etnoart O\u00dc"},"image":{"@id":"https:\/\/etnoart.eu\/#\/schema\/logo\/image\/"},"sameAs":["https:\/\/www.facebook.com\/etnoart.handicraft.shop"]}]}},"builder_content":"","_links":{"self":[{"href":"https:\/\/etnoart.eu\/lt\/wp-json\/wp\/v2\/product\/791","targetHints":{"allow":["GET"]}}],"collection":[{"href":"https:\/\/etnoart.eu\/lt\/wp-json\/wp\/v2\/product"}],"about":[{"href":"https:\/\/etnoart.eu\/lt\/wp-json\/wp\/v2\/types\/product"}],"wp:featuredmedia":[{"embeddable":true,"href":"https:\/\/etnoart.eu\/lt\/wp-json\/wp\/v2\/media\/4305"}],"wp:attachment":[{"href":"https:\/\/etnoart.eu\/lt\/wp-json\/wp\/v2\/media?parent=791"}],"wp:term":[{"taxonomy":"product_brand","embeddable":true,"href":"https:\/\/etnoart.eu\/lt\/wp-json\/wp\/v2\/product_brand?post=791"},{"taxonomy":"product_cat","embeddable":true,"href":"https:\/\/etnoart.eu\/lt\/wp-json\/wp\/v2\/product_cat?post=791"},{"taxonomy":"product_tag","embeddable":true,"href":"https:\/\/etnoart.eu\/lt\/wp-json\/wp\/v2\/product_tag?post=791"}],"curies":[{"name":"wp","href":"https:\/\/api.w.org\/{rel}","templated":true}]}}