{"id":782,"date":"2023-06-08T08:50:35","date_gmt":"2023-06-08T08:50:35","guid":{"rendered":"https:\/\/etnoart.amsel.ee\/?post_type=product&#038;p=782"},"modified":"2026-02-27T19:05:11","modified_gmt":"2026-02-27T19:05:11","slug":"kelluke-seinale","status":"publish","type":"product","link":"https:\/\/etnoart.eu\/lt\/toode\/kelluke-seinale\/","title":{"rendered":"Kelluke seinale"},"content":{"rendered":"<p>Sepistatud <strong>kelluke seinale<\/strong> on k\u00e4sit\u00f6\u00f6na valmistatud kvaliteetne ja vastupidav toode, millel on tugev heli ja ajastutruu v\u00e4limus. Kelluke on koos kanduriga valmistatud sepikojas, kasutades traditsioonilisi t\u00f6\u00f6v\u00f5tteid \u2013 kuumalt metalli venitades, keerates, neetides. Viimistluseks on kasutatud lakki, mis kaitseb pinda ja toob esile sepisdetailid.<\/p>\n<p>Toode sobib ideaalselt talumajadele ja teistele hoonetele, kus soovitakse s\u00e4ilitada ajaloolist h\u00f5ngu. Seda v\u00f5ib kasutada uksekellana v\u00f5i n\u00e4iteks v\u00e4lik\u00f6\u00f6gis rahvale m\u00e4rku andmiseks, et \u201ej\u00e4rjekordne ahjut\u00e4is maitsvat grillliha on valmis\u201c.<\/p>\n<p>Kuna tegemist on k\u00e4sit\u00f6\u00f6ga, on m\u00f5\u00f5dud umbkaudsed ja iga toode ainulaadne. Kanduri pikkus v\u00f5ib erineda 1\u20132 cm ulatuses. Kellukese l\u00e4bim\u00f5\u00f5t on 10 cm, k\u00f5rgus seinale paigaldatult umbes 35 cm, kogu komplekti kaal umbes 1,5 kg.<\/p>\n<p>Paigaldus: kellukese kandur paigaldatakse seinale kahe kruviga (kruvid ei kuulu komplekti). Seej\u00e4rel riputatakse kelluke kandurile spetsiaalse konksu k\u00fclge.<\/p>\n<p>Miks see Kelluke seinale on hea valik?<br \/>\nSee on tugeva ja kauakestva kvaliteediga kelluke, mis ei deformeeru ega purune, isegi intensiivsel kasutamisel. Helin on tugev ja selge \u2013 m\u00e4rguanne kostub ka kaugemalt.<\/p>\n<p>Eelised v\u00f5rreldes teiste toodetega:<br \/>\nK\u00f5ik kellukesed on k\u00e4sit\u00f6\u00f6na sepistatud ja veidi isikup\u00e4rased \u2013 \u00fckski ei ole t\u00e4pselt samasugune. K\u00e4sit\u00f6\u00f6 ei kordu kunagi 100%.<\/p>\n<p>Sobib ideaalselt neile, kes hindavad autentset, rustikaalset ja ajaloolist disaini.<\/p>\n","protected":false},"excerpt":{"rendered":"<p>Sepistatud kelluke seinale \u2013 k\u00e4sit\u00f6\u00f6na sepistatud tugev ja ajastutruu kelluke lakitud viimistlusega. Sobib talumajja, v\u00e4lik\u00f6\u00f6ki v\u00f5i uksekellaks.<br \/>\n<strong>Kaal:<\/strong> 0,95 kg<br \/>\n<strong>Toote k\u00f5rgus:<\/strong> 40cm<br \/>\n<strong>V\u00e4line l\u00e4bim\u00f5\u00f5t:<\/strong>10cm<br \/>\n<strong>Toote viimistlus<\/strong>:Lakitud<\/p>\n","protected":false},"featured_media":5965,"template":"","meta":[],"product_brand":[],"product_cat":[43,77],"product_tag":[],"class_list":{"0":"post-782","1":"product","2":"type-product","3":"status-publish","4":"has-post-thumbnail","6":"product_cat-kaepidemed-ja-uksekoputid","7":"product_cat-suveniirid-ja-kingitused","8":"has-post-title","9":"has-post-date","10":"has-post-category","11":"has-post-tag","12":"has-post-comment","13":"has-post-author","14":"","16":"first","17":"instock","18":"taxable","19":"shipping-taxable","20":"purchasable","21":"product-type-simple"},"yoast_head":"<!-- This site is optimized with the Yoast SEO plugin v27.4 - https:\/\/yoast.com\/product\/yoast-seo-wordpress\/ -->\n<title>Kelluke seinale |EtnoArt| K\u00e4epidemed ja uksekoputid<\/title>\n<meta name=\"description\" content=\"Sepistatud kelluke seinale \u2013 k\u00e4sit\u00f6\u00f6na sepistatud tugev ja ajastutruu kelluke lakitud viimistlusega. Sobib talumajja, v\u00e4lik\u00f6\u00f6ki v\u00f5i uksekellaks.\" \/>\n<meta name=\"robots\" content=\"index, follow, max-snippet:-1, max-image-preview:large, max-video-preview:-1\" \/>\n<link rel=\"canonical\" href=\"https:\/\/etnoart.eu\/toode\/kelluke-seinale\/\" \/>\n<meta property=\"og:locale\" content=\"lt_LT\" \/>\n<meta property=\"og:type\" content=\"article\" \/>\n<meta property=\"og:title\" content=\"Kelluke seinale |EtnoArt| K\u00e4epidemed ja uksekoputid\" \/>\n<meta property=\"og:description\" content=\"Sepistatud kelluke seinale \u2013 k\u00e4sit\u00f6\u00f6na sepistatud tugev ja ajastutruu kelluke lakitud viimistlusega. Sobib talumajja, v\u00e4lik\u00f6\u00f6ki v\u00f5i uksekellaks.\" \/>\n<meta property=\"og:url\" content=\"https:\/\/etnoart.eu\/toode\/kelluke-seinale\/\" \/>\n<meta property=\"og:site_name\" content=\"Etnoart\" \/>\n<meta property=\"article:publisher\" content=\"https:\/\/www.facebook.com\/etnoart.handicraft.shop\" \/>\n<meta property=\"article:modified_time\" content=\"2026-02-27T19:05:11+00:00\" \/>\n<meta property=\"og:image\" content=\"https:\/\/etnoart.eu\/wp-content\/uploads\/2023\/06\/Sepistatud-kelluke-seinale.png\" \/>\n\t<meta property=\"og:image:width\" content=\"1146\" \/>\n\t<meta property=\"og:image:height\" content=\"1146\" \/>\n\t<meta property=\"og:image:type\" content=\"image\/png\" \/>\n<meta name=\"twitter:card\" content=\"summary_large_image\" \/>\n<meta name=\"twitter:label1\" content=\"Est. reading time\" \/>\n\t<meta name=\"twitter:data1\" content=\"2 minut\u0117s\" \/>\n<script type=\"application\/ld+json\" class=\"yoast-schema-graph\">{\"@context\":\"https:\\\/\\\/schema.org\",\"@graph\":[{\"@type\":\"WebPage\",\"@id\":\"https:\\\/\\\/etnoart.eu\\\/toode\\\/kelluke-seinale\\\/\",\"url\":\"https:\\\/\\\/etnoart.eu\\\/toode\\\/kelluke-seinale\\\/\",\"name\":\"Kelluke seinale |EtnoArt| K\u00e4epidemed ja uksekoputid\",\"isPartOf\":{\"@id\":\"https:\\\/\\\/etnoart.eu\\\/#website\"},\"primaryImageOfPage\":{\"@id\":\"https:\\\/\\\/etnoart.eu\\\/toode\\\/kelluke-seinale\\\/#primaryimage\"},\"image\":{\"@id\":\"https:\\\/\\\/etnoart.eu\\\/toode\\\/kelluke-seinale\\\/#primaryimage\"},\"thumbnailUrl\":\"https:\\\/\\\/etnoart.eu\\\/wp-content\\\/uploads\\\/2023\\\/06\\\/Sepistatud-kelluke-seinale.png\",\"datePublished\":\"2023-06-08T08:50:35+00:00\",\"dateModified\":\"2026-02-27T19:05:11+00:00\",\"description\":\"Sepistatud kelluke seinale \u2013 k\u00e4sit\u00f6\u00f6na sepistatud tugev ja ajastutruu kelluke lakitud viimistlusega. Sobib talumajja, v\u00e4lik\u00f6\u00f6ki v\u00f5i uksekellaks.\",\"breadcrumb\":{\"@id\":\"https:\\\/\\\/etnoart.eu\\\/toode\\\/kelluke-seinale\\\/#breadcrumb\"},\"inLanguage\":\"lt-LT\",\"potentialAction\":[{\"@type\":\"ReadAction\",\"target\":[\"https:\\\/\\\/etnoart.eu\\\/toode\\\/kelluke-seinale\\\/\"]}]},{\"@type\":\"ImageObject\",\"inLanguage\":\"lt-LT\",\"@id\":\"https:\\\/\\\/etnoart.eu\\\/toode\\\/kelluke-seinale\\\/#primaryimage\",\"url\":\"https:\\\/\\\/etnoart.eu\\\/wp-content\\\/uploads\\\/2023\\\/06\\\/Sepistatud-kelluke-seinale.png\",\"contentUrl\":\"https:\\\/\\\/etnoart.eu\\\/wp-content\\\/uploads\\\/2023\\\/06\\\/Sepistatud-kelluke-seinale.png\",\"width\":1146,\"height\":1146,\"caption\":\"Kelluke seinale\"},{\"@type\":\"BreadcrumbList\",\"@id\":\"https:\\\/\\\/etnoart.eu\\\/toode\\\/kelluke-seinale\\\/#breadcrumb\",\"itemListElement\":[{\"@type\":\"ListItem\",\"position\":1,\"name\":\"Home\",\"item\":\"https:\\\/\\\/etnoart.eu\\\/lt\\\/\"},{\"@type\":\"ListItem\",\"position\":2,\"name\":\"Pood\",\"item\":\"https:\\\/\\\/etnoart.eu\\\/lt\\\/shop\\\/\"},{\"@type\":\"ListItem\",\"position\":3,\"name\":\"Kelluke seinale\"}]},{\"@type\":\"WebSite\",\"@id\":\"https:\\\/\\\/etnoart.eu\\\/#website\",\"url\":\"https:\\\/\\\/etnoart.eu\\\/\",\"name\":\"Etnoart\",\"description\":\"K&auml;sit&ouml;&ouml;pood\",\"publisher\":{\"@id\":\"https:\\\/\\\/etnoart.eu\\\/#organization\"},\"potentialAction\":[{\"@type\":\"SearchAction\",\"target\":{\"@type\":\"EntryPoint\",\"urlTemplate\":\"https:\\\/\\\/etnoart.eu\\\/?s={search_term_string}\"},\"query-input\":{\"@type\":\"PropertyValueSpecification\",\"valueRequired\":true,\"valueName\":\"search_term_string\"}}],\"inLanguage\":\"lt-LT\"},{\"@type\":\"Organization\",\"@id\":\"https:\\\/\\\/etnoart.eu\\\/#organization\",\"name\":\"Etnoart O\u00dc\",\"url\":\"https:\\\/\\\/etnoart.eu\\\/\",\"logo\":{\"@type\":\"ImageObject\",\"inLanguage\":\"lt-LT\",\"@id\":\"https:\\\/\\\/etnoart.eu\\\/#\\\/schema\\\/logo\\\/image\\\/\",\"url\":\"https:\\\/\\\/etnoart.eu\\\/wp-content\\\/uploads\\\/2023\\\/06\\\/etnoart-logo.png\",\"contentUrl\":\"https:\\\/\\\/etnoart.eu\\\/wp-content\\\/uploads\\\/2023\\\/06\\\/etnoart-logo.png\",\"width\":491,\"height\":184,\"caption\":\"Etnoart O\u00dc\"},\"image\":{\"@id\":\"https:\\\/\\\/etnoart.eu\\\/#\\\/schema\\\/logo\\\/image\\\/\"},\"sameAs\":[\"https:\\\/\\\/www.facebook.com\\\/etnoart.handicraft.shop\"]}]}<\/script>\n<!-- \/ Yoast SEO plugin. -->","yoast_head_json":{"title":"Kelluke seinale |EtnoArt| K\u00e4epidemed ja uksekoputid","description":"Sepistatud kelluke seinale \u2013 k\u00e4sit\u00f6\u00f6na sepistatud tugev ja ajastutruu kelluke lakitud viimistlusega. Sobib talumajja, v\u00e4lik\u00f6\u00f6ki v\u00f5i uksekellaks.","robots":{"index":"index","follow":"follow","max-snippet":"max-snippet:-1","max-image-preview":"max-image-preview:large","max-video-preview":"max-video-preview:-1"},"canonical":"https:\/\/etnoart.eu\/toode\/kelluke-seinale\/","og_locale":"lt_LT","og_type":"article","og_title":"Kelluke seinale |EtnoArt| K\u00e4epidemed ja uksekoputid","og_description":"Sepistatud kelluke seinale \u2013 k\u00e4sit\u00f6\u00f6na sepistatud tugev ja ajastutruu kelluke lakitud viimistlusega. Sobib talumajja, v\u00e4lik\u00f6\u00f6ki v\u00f5i uksekellaks.","og_url":"https:\/\/etnoart.eu\/toode\/kelluke-seinale\/","og_site_name":"Etnoart","article_publisher":"https:\/\/www.facebook.com\/etnoart.handicraft.shop","article_modified_time":"2026-02-27T19:05:11+00:00","og_image":[{"width":1146,"height":1146,"url":"https:\/\/etnoart.eu\/wp-content\/uploads\/2023\/06\/Sepistatud-kelluke-seinale.png","type":"image\/png"}],"twitter_card":"summary_large_image","twitter_misc":{"Est. reading time":"2 minut\u0117s"},"schema":{"@context":"https:\/\/schema.org","@graph":[{"@type":"WebPage","@id":"https:\/\/etnoart.eu\/toode\/kelluke-seinale\/","url":"https:\/\/etnoart.eu\/toode\/kelluke-seinale\/","name":"Kelluke seinale |EtnoArt| K\u00e4epidemed ja uksekoputid","isPartOf":{"@id":"https:\/\/etnoart.eu\/#website"},"primaryImageOfPage":{"@id":"https:\/\/etnoart.eu\/toode\/kelluke-seinale\/#primaryimage"},"image":{"@id":"https:\/\/etnoart.eu\/toode\/kelluke-seinale\/#primaryimage"},"thumbnailUrl":"https:\/\/etnoart.eu\/wp-content\/uploads\/2023\/06\/Sepistatud-kelluke-seinale.png","datePublished":"2023-06-08T08:50:35+00:00","dateModified":"2026-02-27T19:05:11+00:00","description":"Sepistatud kelluke seinale \u2013 k\u00e4sit\u00f6\u00f6na sepistatud tugev ja ajastutruu kelluke lakitud viimistlusega. Sobib talumajja, v\u00e4lik\u00f6\u00f6ki v\u00f5i uksekellaks.","breadcrumb":{"@id":"https:\/\/etnoart.eu\/toode\/kelluke-seinale\/#breadcrumb"},"inLanguage":"lt-LT","potentialAction":[{"@type":"ReadAction","target":["https:\/\/etnoart.eu\/toode\/kelluke-seinale\/"]}]},{"@type":"ImageObject","inLanguage":"lt-LT","@id":"https:\/\/etnoart.eu\/toode\/kelluke-seinale\/#primaryimage","url":"https:\/\/etnoart.eu\/wp-content\/uploads\/2023\/06\/Sepistatud-kelluke-seinale.png","contentUrl":"https:\/\/etnoart.eu\/wp-content\/uploads\/2023\/06\/Sepistatud-kelluke-seinale.png","width":1146,"height":1146,"caption":"Kelluke seinale"},{"@type":"BreadcrumbList","@id":"https:\/\/etnoart.eu\/toode\/kelluke-seinale\/#breadcrumb","itemListElement":[{"@type":"ListItem","position":1,"name":"Home","item":"https:\/\/etnoart.eu\/lt\/"},{"@type":"ListItem","position":2,"name":"Pood","item":"https:\/\/etnoart.eu\/lt\/shop\/"},{"@type":"ListItem","position":3,"name":"Kelluke seinale"}]},{"@type":"WebSite","@id":"https:\/\/etnoart.eu\/#website","url":"https:\/\/etnoart.eu\/","name":"Etnoart","description":"K&auml;sit&ouml;&ouml;pood","publisher":{"@id":"https:\/\/etnoart.eu\/#organization"},"potentialAction":[{"@type":"SearchAction","target":{"@type":"EntryPoint","urlTemplate":"https:\/\/etnoart.eu\/?s={search_term_string}"},"query-input":{"@type":"PropertyValueSpecification","valueRequired":true,"valueName":"search_term_string"}}],"inLanguage":"lt-LT"},{"@type":"Organization","@id":"https:\/\/etnoart.eu\/#organization","name":"Etnoart O\u00dc","url":"https:\/\/etnoart.eu\/","logo":{"@type":"ImageObject","inLanguage":"lt-LT","@id":"https:\/\/etnoart.eu\/#\/schema\/logo\/image\/","url":"https:\/\/etnoart.eu\/wp-content\/uploads\/2023\/06\/etnoart-logo.png","contentUrl":"https:\/\/etnoart.eu\/wp-content\/uploads\/2023\/06\/etnoart-logo.png","width":491,"height":184,"caption":"Etnoart O\u00dc"},"image":{"@id":"https:\/\/etnoart.eu\/#\/schema\/logo\/image\/"},"sameAs":["https:\/\/www.facebook.com\/etnoart.handicraft.shop"]}]}},"builder_content":"","_links":{"self":[{"href":"https:\/\/etnoart.eu\/lt\/wp-json\/wp\/v2\/product\/782","targetHints":{"allow":["GET"]}}],"collection":[{"href":"https:\/\/etnoart.eu\/lt\/wp-json\/wp\/v2\/product"}],"about":[{"href":"https:\/\/etnoart.eu\/lt\/wp-json\/wp\/v2\/types\/product"}],"wp:featuredmedia":[{"embeddable":true,"href":"https:\/\/etnoart.eu\/lt\/wp-json\/wp\/v2\/media\/5965"}],"wp:attachment":[{"href":"https:\/\/etnoart.eu\/lt\/wp-json\/wp\/v2\/media?parent=782"}],"wp:term":[{"taxonomy":"product_brand","embeddable":true,"href":"https:\/\/etnoart.eu\/lt\/wp-json\/wp\/v2\/product_brand?post=782"},{"taxonomy":"product_cat","embeddable":true,"href":"https:\/\/etnoart.eu\/lt\/wp-json\/wp\/v2\/product_cat?post=782"},{"taxonomy":"product_tag","embeddable":true,"href":"https:\/\/etnoart.eu\/lt\/wp-json\/wp\/v2\/product_tag?post=782"}],"curies":[{"name":"wp","href":"https:\/\/api.w.org\/{rel}","templated":true}]}}