{"id":3183,"date":"2023-06-08T08:56:27","date_gmt":"2023-06-08T08:56:27","guid":{"rendered":"https:\/\/etnoart.amsel.ee\/?post_type=product&#038;p=3183"},"modified":"2025-04-07T03:52:04","modified_gmt":"2025-04-07T03:52:04","slug":"sepisatud-haak-14cm","status":"publish","type":"product","link":"https:\/\/etnoart.eu\/lt\/toode\/sepisatud-haak-14cm\/","title":{"rendered":"Sepisatud Haak 14cm"},"content":{"rendered":"<p><strong>Sepistatud Haak 14cm<\/strong> on k\u00e4sit\u00f6\u00f6na valmistatud tugev ja vastupidav ukse- v\u00f5i aknaluugi haak, mis sobib ideaalselt ajaloolise h\u00f5nguga hoonetele. Sepistatud traditsioonilisel viisil ja viimistletud mustamise tehnikas, mis on ajaproovile vastu pidanud ja lisab tootele rustikaalset iseloomu. Vajadusel saab musta pinda h\u00f5lpsalt hooldada \u00f5lise lapiga.<\/p>\n<p>Haagi pikkus on 14 cm ja kaal ca 100 g. Komplekti kuuluvad kaks silmuskruvi, millest \u00fchega on haak juba \u00fchendatud. Keermestatud osa pikkus on 2,5 cm. Paigaldamine on lihtne: esmalt kinnitatakse haagi k\u00fcljes olev kruvi, seej\u00e4rel m\u00e4rgitakse teise kruvi asukoht ja keeratakse see puidu sisse. T\u00e4psemaks ja lihtsamaks paigaldamiseks on soovitatav eelnevalt ette puurida peenike auk.<\/p>\n<p>Sepisatud Haak 14cm sobib suurep\u00e4raselt kasutamiseks talumajades, ajaloolistes hoonetes, luukidel, akendel, m\u00f6\u00f6bliustel v\u00f5i puitakende lahti-olekus fikseerimiseks. T\u00e4nu oma tugevusele ja klassikalisele v\u00e4limusele t\u00e4iendab see naturaalse puitarhitektuuri \u00fcldmuljet ning toob esile k\u00e4sit\u00f6\u00f6 ainulaadsuse \u2013 iga haak on pisut erinev ja isikup\u00e4rane.<\/p>\n<p>Komplektis: haak, 2 silmuskruvi<br \/>\nViimistlus: mustatud<br \/>\nMaterjal: sepistatud metall<br \/>\nM\u00f5\u00f5dud: haak 14 cm, keermestatud osa 2,5 cm<br \/>\nKaal: ~100 g<\/p>\n","protected":false},"excerpt":{"rendered":"<p>Sepistatud Haak 14cm \u2013 k\u00e4sit\u00f6\u00f6na valmistatud mustatud sepisega uksehaak, mis sobib suurep\u00e4raselt ajaloolise h\u00f5nguga hoonetele, akendele ja luukidele.<br \/>\n<strong>Kaal: <\/strong>0,1 kg<br \/>\n<strong>Laius:<\/strong> 14cm<br \/>\n<strong>Toote viimistlus:<\/strong> Mustatud \u00f5liga<\/p>\n","protected":false},"featured_media":4064,"template":"","meta":[],"product_brand":[],"product_cat":[49],"product_tag":[],"class_list":{"0":"post-3183","1":"product","2":"type-product","3":"status-publish","4":"has-post-thumbnail","6":"product_cat-riivid-sulgurid-lukud","7":"has-post-title","8":"has-post-date","9":"has-post-category","10":"has-post-tag","11":"has-post-comment","12":"has-post-author","13":"","15":"first","16":"instock","17":"taxable","18":"shipping-taxable","19":"purchasable","20":"product-type-simple"},"yoast_head":"<!-- This site is optimized with the Yoast SEO plugin v27.4 - https:\/\/yoast.com\/product\/yoast-seo-wordpress\/ -->\n<title>Sepisatud Haak 14cm |EtnoArt| Riivid, Sulgurid, Lukud<\/title>\n<meta name=\"description\" content=\"Sepistatud Haak 14cm \u2013 k\u00e4sit\u00f6\u00f6na valmistatud mustatud sepisega uksehaak, mis sobib suurep\u00e4raselt ajaloolise h\u00f5nguga hoonetele, akendele ja luukidele.\" \/>\n<meta name=\"robots\" content=\"index, follow, max-snippet:-1, max-image-preview:large, max-video-preview:-1\" \/>\n<link rel=\"canonical\" href=\"https:\/\/etnoart.eu\/toode\/sepisatud-haak-14cm\/\" \/>\n<meta property=\"og:locale\" content=\"lt_LT\" \/>\n<meta property=\"og:type\" content=\"article\" \/>\n<meta property=\"og:title\" content=\"Sepisatud Haak 14cm |EtnoArt| Riivid, Sulgurid, Lukud\" \/>\n<meta property=\"og:description\" content=\"Sepistatud Haak 14cm \u2013 k\u00e4sit\u00f6\u00f6na valmistatud mustatud sepisega uksehaak, mis sobib suurep\u00e4raselt ajaloolise h\u00f5nguga hoonetele, akendele ja luukidele.\" \/>\n<meta property=\"og:url\" content=\"https:\/\/etnoart.eu\/toode\/sepisatud-haak-14cm\/\" \/>\n<meta property=\"og:site_name\" content=\"Etnoart\" \/>\n<meta property=\"article:publisher\" content=\"https:\/\/www.facebook.com\/etnoart.handicraft.shop\" \/>\n<meta property=\"article:modified_time\" content=\"2025-04-07T03:52:04+00:00\" \/>\n<meta property=\"og:image\" content=\"https:\/\/etnoart.eu\/wp-content\/uploads\/2023\/06\/Sepisatud-Haak-14cm.png\" \/>\n\t<meta property=\"og:image:width\" content=\"700\" \/>\n\t<meta property=\"og:image:height\" content=\"701\" \/>\n\t<meta property=\"og:image:type\" content=\"image\/png\" \/>\n<meta name=\"twitter:card\" content=\"summary_large_image\" \/>\n<meta name=\"twitter:label1\" content=\"Est. reading time\" \/>\n\t<meta name=\"twitter:data1\" content=\"2 minut\u0117s\" \/>\n<script type=\"application\/ld+json\" class=\"yoast-schema-graph\">{\"@context\":\"https:\\\/\\\/schema.org\",\"@graph\":[{\"@type\":\"WebPage\",\"@id\":\"https:\\\/\\\/etnoart.eu\\\/toode\\\/sepisatud-haak-14cm\\\/\",\"url\":\"https:\\\/\\\/etnoart.eu\\\/toode\\\/sepisatud-haak-14cm\\\/\",\"name\":\"Sepisatud Haak 14cm |EtnoArt| Riivid, Sulgurid, Lukud\",\"isPartOf\":{\"@id\":\"https:\\\/\\\/etnoart.eu\\\/#website\"},\"primaryImageOfPage\":{\"@id\":\"https:\\\/\\\/etnoart.eu\\\/toode\\\/sepisatud-haak-14cm\\\/#primaryimage\"},\"image\":{\"@id\":\"https:\\\/\\\/etnoart.eu\\\/toode\\\/sepisatud-haak-14cm\\\/#primaryimage\"},\"thumbnailUrl\":\"https:\\\/\\\/etnoart.eu\\\/wp-content\\\/uploads\\\/2023\\\/06\\\/Sepisatud-Haak-14cm.png\",\"datePublished\":\"2023-06-08T08:56:27+00:00\",\"dateModified\":\"2025-04-07T03:52:04+00:00\",\"description\":\"Sepistatud Haak 14cm \u2013 k\u00e4sit\u00f6\u00f6na valmistatud mustatud sepisega uksehaak, mis sobib suurep\u00e4raselt ajaloolise h\u00f5nguga hoonetele, akendele ja luukidele.\",\"breadcrumb\":{\"@id\":\"https:\\\/\\\/etnoart.eu\\\/toode\\\/sepisatud-haak-14cm\\\/#breadcrumb\"},\"inLanguage\":\"lt-LT\",\"potentialAction\":[{\"@type\":\"ReadAction\",\"target\":[\"https:\\\/\\\/etnoart.eu\\\/toode\\\/sepisatud-haak-14cm\\\/\"]}]},{\"@type\":\"ImageObject\",\"inLanguage\":\"lt-LT\",\"@id\":\"https:\\\/\\\/etnoart.eu\\\/toode\\\/sepisatud-haak-14cm\\\/#primaryimage\",\"url\":\"https:\\\/\\\/etnoart.eu\\\/wp-content\\\/uploads\\\/2023\\\/06\\\/Sepisatud-Haak-14cm.png\",\"contentUrl\":\"https:\\\/\\\/etnoart.eu\\\/wp-content\\\/uploads\\\/2023\\\/06\\\/Sepisatud-Haak-14cm.png\",\"width\":700,\"height\":701,\"caption\":\"Sepisatud-Haak-14cm\"},{\"@type\":\"BreadcrumbList\",\"@id\":\"https:\\\/\\\/etnoart.eu\\\/toode\\\/sepisatud-haak-14cm\\\/#breadcrumb\",\"itemListElement\":[{\"@type\":\"ListItem\",\"position\":1,\"name\":\"Home\",\"item\":\"https:\\\/\\\/etnoart.eu\\\/lt\\\/\"},{\"@type\":\"ListItem\",\"position\":2,\"name\":\"Pood\",\"item\":\"https:\\\/\\\/etnoart.eu\\\/lt\\\/shop\\\/\"},{\"@type\":\"ListItem\",\"position\":3,\"name\":\"Sepisatud Haak 14cm\"}]},{\"@type\":\"WebSite\",\"@id\":\"https:\\\/\\\/etnoart.eu\\\/#website\",\"url\":\"https:\\\/\\\/etnoart.eu\\\/\",\"name\":\"Etnoart\",\"description\":\"K&auml;sit&ouml;&ouml;pood\",\"publisher\":{\"@id\":\"https:\\\/\\\/etnoart.eu\\\/#organization\"},\"potentialAction\":[{\"@type\":\"SearchAction\",\"target\":{\"@type\":\"EntryPoint\",\"urlTemplate\":\"https:\\\/\\\/etnoart.eu\\\/?s={search_term_string}\"},\"query-input\":{\"@type\":\"PropertyValueSpecification\",\"valueRequired\":true,\"valueName\":\"search_term_string\"}}],\"inLanguage\":\"lt-LT\"},{\"@type\":\"Organization\",\"@id\":\"https:\\\/\\\/etnoart.eu\\\/#organization\",\"name\":\"Etnoart O\u00dc\",\"url\":\"https:\\\/\\\/etnoart.eu\\\/\",\"logo\":{\"@type\":\"ImageObject\",\"inLanguage\":\"lt-LT\",\"@id\":\"https:\\\/\\\/etnoart.eu\\\/#\\\/schema\\\/logo\\\/image\\\/\",\"url\":\"https:\\\/\\\/etnoart.eu\\\/wp-content\\\/uploads\\\/2023\\\/06\\\/etnoart-logo.png\",\"contentUrl\":\"https:\\\/\\\/etnoart.eu\\\/wp-content\\\/uploads\\\/2023\\\/06\\\/etnoart-logo.png\",\"width\":491,\"height\":184,\"caption\":\"Etnoart O\u00dc\"},\"image\":{\"@id\":\"https:\\\/\\\/etnoart.eu\\\/#\\\/schema\\\/logo\\\/image\\\/\"},\"sameAs\":[\"https:\\\/\\\/www.facebook.com\\\/etnoart.handicraft.shop\"]}]}<\/script>\n<!-- \/ Yoast SEO plugin. -->","yoast_head_json":{"title":"Sepisatud Haak 14cm |EtnoArt| Riivid, Sulgurid, Lukud","description":"Sepistatud Haak 14cm \u2013 k\u00e4sit\u00f6\u00f6na valmistatud mustatud sepisega uksehaak, mis sobib suurep\u00e4raselt ajaloolise h\u00f5nguga hoonetele, akendele ja luukidele.","robots":{"index":"index","follow":"follow","max-snippet":"max-snippet:-1","max-image-preview":"max-image-preview:large","max-video-preview":"max-video-preview:-1"},"canonical":"https:\/\/etnoart.eu\/toode\/sepisatud-haak-14cm\/","og_locale":"lt_LT","og_type":"article","og_title":"Sepisatud Haak 14cm |EtnoArt| Riivid, Sulgurid, Lukud","og_description":"Sepistatud Haak 14cm \u2013 k\u00e4sit\u00f6\u00f6na valmistatud mustatud sepisega uksehaak, mis sobib suurep\u00e4raselt ajaloolise h\u00f5nguga hoonetele, akendele ja luukidele.","og_url":"https:\/\/etnoart.eu\/toode\/sepisatud-haak-14cm\/","og_site_name":"Etnoart","article_publisher":"https:\/\/www.facebook.com\/etnoart.handicraft.shop","article_modified_time":"2025-04-07T03:52:04+00:00","og_image":[{"width":700,"height":701,"url":"https:\/\/etnoart.eu\/wp-content\/uploads\/2023\/06\/Sepisatud-Haak-14cm.png","type":"image\/png"}],"twitter_card":"summary_large_image","twitter_misc":{"Est. reading time":"2 minut\u0117s"},"schema":{"@context":"https:\/\/schema.org","@graph":[{"@type":"WebPage","@id":"https:\/\/etnoart.eu\/toode\/sepisatud-haak-14cm\/","url":"https:\/\/etnoart.eu\/toode\/sepisatud-haak-14cm\/","name":"Sepisatud Haak 14cm |EtnoArt| Riivid, Sulgurid, Lukud","isPartOf":{"@id":"https:\/\/etnoart.eu\/#website"},"primaryImageOfPage":{"@id":"https:\/\/etnoart.eu\/toode\/sepisatud-haak-14cm\/#primaryimage"},"image":{"@id":"https:\/\/etnoart.eu\/toode\/sepisatud-haak-14cm\/#primaryimage"},"thumbnailUrl":"https:\/\/etnoart.eu\/wp-content\/uploads\/2023\/06\/Sepisatud-Haak-14cm.png","datePublished":"2023-06-08T08:56:27+00:00","dateModified":"2025-04-07T03:52:04+00:00","description":"Sepistatud Haak 14cm \u2013 k\u00e4sit\u00f6\u00f6na valmistatud mustatud sepisega uksehaak, mis sobib suurep\u00e4raselt ajaloolise h\u00f5nguga hoonetele, akendele ja luukidele.","breadcrumb":{"@id":"https:\/\/etnoart.eu\/toode\/sepisatud-haak-14cm\/#breadcrumb"},"inLanguage":"lt-LT","potentialAction":[{"@type":"ReadAction","target":["https:\/\/etnoart.eu\/toode\/sepisatud-haak-14cm\/"]}]},{"@type":"ImageObject","inLanguage":"lt-LT","@id":"https:\/\/etnoart.eu\/toode\/sepisatud-haak-14cm\/#primaryimage","url":"https:\/\/etnoart.eu\/wp-content\/uploads\/2023\/06\/Sepisatud-Haak-14cm.png","contentUrl":"https:\/\/etnoart.eu\/wp-content\/uploads\/2023\/06\/Sepisatud-Haak-14cm.png","width":700,"height":701,"caption":"Sepisatud-Haak-14cm"},{"@type":"BreadcrumbList","@id":"https:\/\/etnoart.eu\/toode\/sepisatud-haak-14cm\/#breadcrumb","itemListElement":[{"@type":"ListItem","position":1,"name":"Home","item":"https:\/\/etnoart.eu\/lt\/"},{"@type":"ListItem","position":2,"name":"Pood","item":"https:\/\/etnoart.eu\/lt\/shop\/"},{"@type":"ListItem","position":3,"name":"Sepisatud Haak 14cm"}]},{"@type":"WebSite","@id":"https:\/\/etnoart.eu\/#website","url":"https:\/\/etnoart.eu\/","name":"Etnoart","description":"K&auml;sit&ouml;&ouml;pood","publisher":{"@id":"https:\/\/etnoart.eu\/#organization"},"potentialAction":[{"@type":"SearchAction","target":{"@type":"EntryPoint","urlTemplate":"https:\/\/etnoart.eu\/?s={search_term_string}"},"query-input":{"@type":"PropertyValueSpecification","valueRequired":true,"valueName":"search_term_string"}}],"inLanguage":"lt-LT"},{"@type":"Organization","@id":"https:\/\/etnoart.eu\/#organization","name":"Etnoart O\u00dc","url":"https:\/\/etnoart.eu\/","logo":{"@type":"ImageObject","inLanguage":"lt-LT","@id":"https:\/\/etnoart.eu\/#\/schema\/logo\/image\/","url":"https:\/\/etnoart.eu\/wp-content\/uploads\/2023\/06\/etnoart-logo.png","contentUrl":"https:\/\/etnoart.eu\/wp-content\/uploads\/2023\/06\/etnoart-logo.png","width":491,"height":184,"caption":"Etnoart O\u00dc"},"image":{"@id":"https:\/\/etnoart.eu\/#\/schema\/logo\/image\/"},"sameAs":["https:\/\/www.facebook.com\/etnoart.handicraft.shop"]}]}},"builder_content":"","_links":{"self":[{"href":"https:\/\/etnoart.eu\/lt\/wp-json\/wp\/v2\/product\/3183","targetHints":{"allow":["GET"]}}],"collection":[{"href":"https:\/\/etnoart.eu\/lt\/wp-json\/wp\/v2\/product"}],"about":[{"href":"https:\/\/etnoart.eu\/lt\/wp-json\/wp\/v2\/types\/product"}],"wp:featuredmedia":[{"embeddable":true,"href":"https:\/\/etnoart.eu\/lt\/wp-json\/wp\/v2\/media\/4064"}],"wp:attachment":[{"href":"https:\/\/etnoart.eu\/lt\/wp-json\/wp\/v2\/media?parent=3183"}],"wp:term":[{"taxonomy":"product_brand","embeddable":true,"href":"https:\/\/etnoart.eu\/lt\/wp-json\/wp\/v2\/product_brand?post=3183"},{"taxonomy":"product_cat","embeddable":true,"href":"https:\/\/etnoart.eu\/lt\/wp-json\/wp\/v2\/product_cat?post=3183"},{"taxonomy":"product_tag","embeddable":true,"href":"https:\/\/etnoart.eu\/lt\/wp-json\/wp\/v2\/product_tag?post=3183"}],"curies":[{"name":"wp","href":"https:\/\/api.w.org\/{rel}","templated":true}]}}