{"id":3033,"date":"2023-06-08T08:56:04","date_gmt":"2023-06-08T08:56:04","guid":{"rendered":"https:\/\/etnoart.amsel.ee\/?post_type=product&#038;p=3033"},"modified":"2023-08-27T15:21:31","modified_gmt":"2023-08-27T15:21:31","slug":"kellukese-komplekt","status":"publish","type":"product","link":"https:\/\/etnoart.eu\/lt\/toode\/kellukese-komplekt\/","title":{"rendered":"Kellukese komplekt"},"content":{"rendered":"<p>Kellukese komplekt on suurep\u00e4rane kingiidee soolaleivaks, t\u00e4histades uue kodu \u00f5nnistamist ja head algust. Tulevased kingituse omanikud saavad seda komplekti koheselt kasutada uksekellana, ilma et oleks vaja mingeid \u00fchendusi v\u00f5i juhtmeid. See \u00f5rnalt k\u00f5lav kelluke toob endaga kaasa mitmet\u00e4hendusliku s\u00fcmboli, mis seob endas nii traditsioonilist kui ka kaasaegset t\u00e4hendust. Komplekti kuulub\u00a0 elegantne kelluke ja selle jaoks sobilik seinakinnitus. M\u00f5lemad esemed on oskuslikult paigutatud n\u00e4gusasse puidust karpi, mis saab ilusasti suletud l\u00e4bipaistva kaanega, andes edasi eksklusiivsust ja hoolega valitud kingituse tunnet.<\/p>\n<p>Kelluke ja sellele m\u00f5eldud hoidja ei ole pelgalt praktilised esemed, vaid kunstiteosed, mis on k\u00e4sit\u00f6\u00f6na sepistatud Eestis. Meisterlikkus ja detailide t\u00e4psus peegelduvad nende unikaalses disainis ning annavad tunnistust k\u00e4sit\u00f6\u00f6meistrite oskustest. Nii kellukese kui ka hoidja pinnal on n\u00e4ha kvaliteetset sepistust, mis lisab neile rustikaalset v\u00f5lu ja iseloomu.<\/p>\n<p>Kellukese komplekti eriline v\u00e4\u00e4rtus seisneb ka selles, et nii <a href=\"https:\/\/etnoart.eu\/toode\/kelluke\/\" target=\"_blank\" rel=\"noopener\">kelluke<\/a> kui ka <a href=\"https:\/\/etnoart.eu\/toode\/kellukese-kandur\/\" target=\"_blank\" rel=\"noopener\">hoidja<\/a> on saadaval meie poes ka eraldi.<\/p>\n<p>Kokkuv\u00f5ttes on Kellukese komplekt mitmetahuline kingitus, mis k\u00e4tkeb endas nii k\u00e4sit\u00f6\u00f6liste oskusi kui ka s\u00fcgavamaid t\u00e4hendusi. See on rohkemat kui lihtsalt praktiline ese &#8211; see on unikaalne kunstiteos, mis kannab endas headust, \u00f5nne ja uue alguse v\u00f5lu.<\/p>\n<p>Kelluke koos seinakanduriga on puust kinkekarbis, valmis koheseks kinkimiseks!<\/p>\n<p><strong>Karbi m\u00f5\u00f5dud:<\/strong> 13,3x20x9,5 cm.<\/p>\n<p>Karbi sulgeb l\u00e4bipaistev pakend.<\/p>\n<p><strong>Kellukese m\u00f5\u00f5dud:<\/strong> d-7 cm, k\u00f5rgus 10 cm, matt pulberlakk.<\/p>\n<p><strong>Kanduri m\u00f5\u00f5dud:<\/strong> K\u00f5rgus 160mm, kaugus seinast 120mm, kaetud mati pulberlakiga.<\/p>\n","protected":false},"excerpt":{"rendered":"<p>Kelluke koos seinakanduriga on puust kinkekarbis, valmis koheseks kinkimiseks!<\/p>\n<p><strong>Karbi m\u00f5\u00f5dud:<\/strong> 13,3x20x9,5 cm.<\/p>\n<p>Karbi sulgeb l\u00e4bipaistev pakend.<\/p>\n<p><strong>Kellukese m\u00f5\u00f5dud:<\/strong> d-7 cm, k\u00f5rgus 10 cm, matt pulberlakk.<\/p>\n<p><strong>Kanduri m\u00f5\u00f5dud:<\/strong> K\u00f5rgus 160mm, kaugus seinast 120mm, kaetud mati pulberlakiga.<\/p>\n","protected":false},"featured_media":4154,"template":"","meta":[],"product_brand":[],"product_cat":[43,77],"product_tag":[],"class_list":{"0":"post-3033","1":"product","2":"type-product","3":"status-publish","4":"has-post-thumbnail","6":"product_cat-kaepidemed-ja-uksekoputid","7":"product_cat-suveniirid-ja-kingitused","8":"has-post-title","9":"has-post-date","10":"has-post-category","11":"has-post-tag","12":"has-post-comment","13":"has-post-author","14":"","16":"first","17":"instock","18":"taxable","19":"shipping-taxable","20":"purchasable","21":"product-type-simple"},"yoast_head":"<!-- This site is optimized with the Yoast SEO plugin v27.4 - https:\/\/yoast.com\/product\/yoast-seo-wordpress\/ -->\n<title>Kellukese komplekt |EtnoArt| K\u00e4epidemed ja uksekoputid<\/title>\n<meta name=\"description\" content=\"Kellukese komplekt- Kelluke koos seinakanduriga on puust kinkekarbis, valmis koheseks kinkimiseks! Karbi sulgeb l\u00e4bipaistev pakend.\" \/>\n<meta name=\"robots\" content=\"index, follow, max-snippet:-1, max-image-preview:large, max-video-preview:-1\" \/>\n<link rel=\"canonical\" href=\"https:\/\/etnoart.eu\/de\/toode\/kellukese-komplekt\/\" \/>\n<meta property=\"og:locale\" content=\"lt_LT\" \/>\n<meta property=\"og:type\" content=\"article\" \/>\n<meta property=\"og:title\" content=\"Kellukese komplekt |EtnoArt| K\u00e4epidemed ja uksekoputid\" \/>\n<meta property=\"og:description\" content=\"Kellukese komplekt- Kelluke koos seinakanduriga on puust kinkekarbis, valmis koheseks kinkimiseks! Karbi sulgeb l\u00e4bipaistev pakend.\" \/>\n<meta property=\"og:url\" content=\"https:\/\/etnoart.eu\/de\/toode\/kellukese-komplekt\/\" \/>\n<meta property=\"og:site_name\" content=\"Etnoart\" \/>\n<meta property=\"article:publisher\" content=\"https:\/\/www.facebook.com\/etnoart.handicraft.shop\" \/>\n<meta property=\"article:modified_time\" content=\"2023-08-27T15:21:31+00:00\" \/>\n<meta property=\"og:image\" content=\"https:\/\/etnoart.eu\/wp-content\/uploads\/2023\/06\/kelluke-komplekt.jpg\" \/>\n\t<meta property=\"og:image:width\" content=\"945\" \/>\n\t<meta property=\"og:image:height\" content=\"945\" \/>\n\t<meta property=\"og:image:type\" content=\"image\/jpeg\" \/>\n<meta name=\"twitter:card\" content=\"summary_large_image\" \/>\n<meta name=\"twitter:label1\" content=\"Est. reading time\" \/>\n\t<meta name=\"twitter:data1\" content=\"2 minut\u0117s\" \/>\n<script type=\"application\/ld+json\" class=\"yoast-schema-graph\">{\"@context\":\"https:\\\/\\\/schema.org\",\"@graph\":[{\"@type\":\"WebPage\",\"@id\":\"https:\\\/\\\/etnoart.eu\\\/de\\\/toode\\\/kellukese-komplekt\\\/\",\"url\":\"https:\\\/\\\/etnoart.eu\\\/de\\\/toode\\\/kellukese-komplekt\\\/\",\"name\":\"Kellukese komplekt |EtnoArt| K\u00e4epidemed ja uksekoputid\",\"isPartOf\":{\"@id\":\"https:\\\/\\\/etnoart.eu\\\/#website\"},\"primaryImageOfPage\":{\"@id\":\"https:\\\/\\\/etnoart.eu\\\/de\\\/toode\\\/kellukese-komplekt\\\/#primaryimage\"},\"image\":{\"@id\":\"https:\\\/\\\/etnoart.eu\\\/de\\\/toode\\\/kellukese-komplekt\\\/#primaryimage\"},\"thumbnailUrl\":\"https:\\\/\\\/etnoart.eu\\\/wp-content\\\/uploads\\\/2023\\\/06\\\/kelluke-komplekt.jpg\",\"datePublished\":\"2023-06-08T08:56:04+00:00\",\"dateModified\":\"2023-08-27T15:21:31+00:00\",\"description\":\"Kellukese komplekt- Kelluke koos seinakanduriga on puust kinkekarbis, valmis koheseks kinkimiseks! Karbi sulgeb l\u00e4bipaistev pakend.\",\"breadcrumb\":{\"@id\":\"https:\\\/\\\/etnoart.eu\\\/de\\\/toode\\\/kellukese-komplekt\\\/#breadcrumb\"},\"inLanguage\":\"lt-LT\",\"potentialAction\":[{\"@type\":\"ReadAction\",\"target\":[\"https:\\\/\\\/etnoart.eu\\\/de\\\/toode\\\/kellukese-komplekt\\\/\"]}]},{\"@type\":\"ImageObject\",\"inLanguage\":\"lt-LT\",\"@id\":\"https:\\\/\\\/etnoart.eu\\\/de\\\/toode\\\/kellukese-komplekt\\\/#primaryimage\",\"url\":\"https:\\\/\\\/etnoart.eu\\\/wp-content\\\/uploads\\\/2023\\\/06\\\/kelluke-komplekt.jpg\",\"contentUrl\":\"https:\\\/\\\/etnoart.eu\\\/wp-content\\\/uploads\\\/2023\\\/06\\\/kelluke-komplekt.jpg\",\"width\":945,\"height\":945,\"caption\":\"kelluke komplekt\"},{\"@type\":\"BreadcrumbList\",\"@id\":\"https:\\\/\\\/etnoart.eu\\\/de\\\/toode\\\/kellukese-komplekt\\\/#breadcrumb\",\"itemListElement\":[{\"@type\":\"ListItem\",\"position\":1,\"name\":\"Home\",\"item\":\"https:\\\/\\\/etnoart.eu\\\/lt\\\/\"},{\"@type\":\"ListItem\",\"position\":2,\"name\":\"Pood\",\"item\":\"https:\\\/\\\/etnoart.eu\\\/lt\\\/shop\\\/\"},{\"@type\":\"ListItem\",\"position\":3,\"name\":\"Kellukese komplekt\"}]},{\"@type\":\"WebSite\",\"@id\":\"https:\\\/\\\/etnoart.eu\\\/#website\",\"url\":\"https:\\\/\\\/etnoart.eu\\\/\",\"name\":\"Etnoart\",\"description\":\"K&auml;sit&ouml;&ouml;pood\",\"publisher\":{\"@id\":\"https:\\\/\\\/etnoart.eu\\\/#organization\"},\"potentialAction\":[{\"@type\":\"SearchAction\",\"target\":{\"@type\":\"EntryPoint\",\"urlTemplate\":\"https:\\\/\\\/etnoart.eu\\\/?s={search_term_string}\"},\"query-input\":{\"@type\":\"PropertyValueSpecification\",\"valueRequired\":true,\"valueName\":\"search_term_string\"}}],\"inLanguage\":\"lt-LT\"},{\"@type\":\"Organization\",\"@id\":\"https:\\\/\\\/etnoart.eu\\\/#organization\",\"name\":\"Etnoart O\u00dc\",\"url\":\"https:\\\/\\\/etnoart.eu\\\/\",\"logo\":{\"@type\":\"ImageObject\",\"inLanguage\":\"lt-LT\",\"@id\":\"https:\\\/\\\/etnoart.eu\\\/#\\\/schema\\\/logo\\\/image\\\/\",\"url\":\"https:\\\/\\\/etnoart.eu\\\/wp-content\\\/uploads\\\/2023\\\/06\\\/etnoart-logo.png\",\"contentUrl\":\"https:\\\/\\\/etnoart.eu\\\/wp-content\\\/uploads\\\/2023\\\/06\\\/etnoart-logo.png\",\"width\":491,\"height\":184,\"caption\":\"Etnoart O\u00dc\"},\"image\":{\"@id\":\"https:\\\/\\\/etnoart.eu\\\/#\\\/schema\\\/logo\\\/image\\\/\"},\"sameAs\":[\"https:\\\/\\\/www.facebook.com\\\/etnoart.handicraft.shop\"]}]}<\/script>\n<!-- \/ Yoast SEO plugin. -->","yoast_head_json":{"title":"Kellukese komplekt |EtnoArt| K\u00e4epidemed ja uksekoputid","description":"Kellukese komplekt- Kelluke koos seinakanduriga on puust kinkekarbis, valmis koheseks kinkimiseks! Karbi sulgeb l\u00e4bipaistev pakend.","robots":{"index":"index","follow":"follow","max-snippet":"max-snippet:-1","max-image-preview":"max-image-preview:large","max-video-preview":"max-video-preview:-1"},"canonical":"https:\/\/etnoart.eu\/de\/toode\/kellukese-komplekt\/","og_locale":"lt_LT","og_type":"article","og_title":"Kellukese komplekt |EtnoArt| K\u00e4epidemed ja uksekoputid","og_description":"Kellukese komplekt- Kelluke koos seinakanduriga on puust kinkekarbis, valmis koheseks kinkimiseks! Karbi sulgeb l\u00e4bipaistev pakend.","og_url":"https:\/\/etnoart.eu\/de\/toode\/kellukese-komplekt\/","og_site_name":"Etnoart","article_publisher":"https:\/\/www.facebook.com\/etnoart.handicraft.shop","article_modified_time":"2023-08-27T15:21:31+00:00","og_image":[{"width":945,"height":945,"url":"https:\/\/etnoart.eu\/wp-content\/uploads\/2023\/06\/kelluke-komplekt.jpg","type":"image\/jpeg"}],"twitter_card":"summary_large_image","twitter_misc":{"Est. reading time":"2 minut\u0117s"},"schema":{"@context":"https:\/\/schema.org","@graph":[{"@type":"WebPage","@id":"https:\/\/etnoart.eu\/de\/toode\/kellukese-komplekt\/","url":"https:\/\/etnoart.eu\/de\/toode\/kellukese-komplekt\/","name":"Kellukese komplekt |EtnoArt| K\u00e4epidemed ja uksekoputid","isPartOf":{"@id":"https:\/\/etnoart.eu\/#website"},"primaryImageOfPage":{"@id":"https:\/\/etnoart.eu\/de\/toode\/kellukese-komplekt\/#primaryimage"},"image":{"@id":"https:\/\/etnoart.eu\/de\/toode\/kellukese-komplekt\/#primaryimage"},"thumbnailUrl":"https:\/\/etnoart.eu\/wp-content\/uploads\/2023\/06\/kelluke-komplekt.jpg","datePublished":"2023-06-08T08:56:04+00:00","dateModified":"2023-08-27T15:21:31+00:00","description":"Kellukese komplekt- Kelluke koos seinakanduriga on puust kinkekarbis, valmis koheseks kinkimiseks! Karbi sulgeb l\u00e4bipaistev pakend.","breadcrumb":{"@id":"https:\/\/etnoart.eu\/de\/toode\/kellukese-komplekt\/#breadcrumb"},"inLanguage":"lt-LT","potentialAction":[{"@type":"ReadAction","target":["https:\/\/etnoart.eu\/de\/toode\/kellukese-komplekt\/"]}]},{"@type":"ImageObject","inLanguage":"lt-LT","@id":"https:\/\/etnoart.eu\/de\/toode\/kellukese-komplekt\/#primaryimage","url":"https:\/\/etnoart.eu\/wp-content\/uploads\/2023\/06\/kelluke-komplekt.jpg","contentUrl":"https:\/\/etnoart.eu\/wp-content\/uploads\/2023\/06\/kelluke-komplekt.jpg","width":945,"height":945,"caption":"kelluke komplekt"},{"@type":"BreadcrumbList","@id":"https:\/\/etnoart.eu\/de\/toode\/kellukese-komplekt\/#breadcrumb","itemListElement":[{"@type":"ListItem","position":1,"name":"Home","item":"https:\/\/etnoart.eu\/lt\/"},{"@type":"ListItem","position":2,"name":"Pood","item":"https:\/\/etnoart.eu\/lt\/shop\/"},{"@type":"ListItem","position":3,"name":"Kellukese komplekt"}]},{"@type":"WebSite","@id":"https:\/\/etnoart.eu\/#website","url":"https:\/\/etnoart.eu\/","name":"Etnoart","description":"K&auml;sit&ouml;&ouml;pood","publisher":{"@id":"https:\/\/etnoart.eu\/#organization"},"potentialAction":[{"@type":"SearchAction","target":{"@type":"EntryPoint","urlTemplate":"https:\/\/etnoart.eu\/?s={search_term_string}"},"query-input":{"@type":"PropertyValueSpecification","valueRequired":true,"valueName":"search_term_string"}}],"inLanguage":"lt-LT"},{"@type":"Organization","@id":"https:\/\/etnoart.eu\/#organization","name":"Etnoart O\u00dc","url":"https:\/\/etnoart.eu\/","logo":{"@type":"ImageObject","inLanguage":"lt-LT","@id":"https:\/\/etnoart.eu\/#\/schema\/logo\/image\/","url":"https:\/\/etnoart.eu\/wp-content\/uploads\/2023\/06\/etnoart-logo.png","contentUrl":"https:\/\/etnoart.eu\/wp-content\/uploads\/2023\/06\/etnoart-logo.png","width":491,"height":184,"caption":"Etnoart O\u00dc"},"image":{"@id":"https:\/\/etnoart.eu\/#\/schema\/logo\/image\/"},"sameAs":["https:\/\/www.facebook.com\/etnoart.handicraft.shop"]}]}},"builder_content":"","_links":{"self":[{"href":"https:\/\/etnoart.eu\/lt\/wp-json\/wp\/v2\/product\/3033","targetHints":{"allow":["GET"]}}],"collection":[{"href":"https:\/\/etnoart.eu\/lt\/wp-json\/wp\/v2\/product"}],"about":[{"href":"https:\/\/etnoart.eu\/lt\/wp-json\/wp\/v2\/types\/product"}],"wp:featuredmedia":[{"embeddable":true,"href":"https:\/\/etnoart.eu\/lt\/wp-json\/wp\/v2\/media\/4154"}],"wp:attachment":[{"href":"https:\/\/etnoart.eu\/lt\/wp-json\/wp\/v2\/media?parent=3033"}],"wp:term":[{"taxonomy":"product_brand","embeddable":true,"href":"https:\/\/etnoart.eu\/lt\/wp-json\/wp\/v2\/product_brand?post=3033"},{"taxonomy":"product_cat","embeddable":true,"href":"https:\/\/etnoart.eu\/lt\/wp-json\/wp\/v2\/product_cat?post=3033"},{"taxonomy":"product_tag","embeddable":true,"href":"https:\/\/etnoart.eu\/lt\/wp-json\/wp\/v2\/product_tag?post=3033"}],"curies":[{"name":"wp","href":"https:\/\/api.w.org\/{rel}","templated":true}]}}