{"id":2605,"date":"2023-06-08T08:54:31","date_gmt":"2023-06-08T08:54:31","guid":{"rendered":"https:\/\/etnoart.amsel.ee\/?post_type=product&#038;p=2605"},"modified":"2025-03-18T17:26:28","modified_gmt":"2025-03-18T17:26:28","slug":"riidenagi-seinale","status":"publish","type":"product","link":"https:\/\/etnoart.eu\/lt\/toode\/riidenagi-seinale\/","title":{"rendered":"Riidenagi seinale"},"content":{"rendered":"<p>Riidenagi seinale on tugevasti seotud Eesti k\u00e4sit\u00f6\u00f6traditsioonide ja kvaliteetse t\u00f6\u00f6ga. Need elegantsed, kuid samas rustikaalsed riidenagid on valmistatud kohalikus sepikojas, kus sepistamine on kujunenud t\u00f5eliseks kunstiks. Igat riidenagide komplekti iseloomustavad erilised omadused ja hoolega teostatud detailid.<\/p>\n<p>Need riidenagid on kujundatud nii, et need ei ole lihtsalt praktilised r\u00f5ivaste riputamiseks, vaid ka silmapaistva disainiga sisustuselemendid. Iga riidenagi koosneb tugevast sepistatud konksust, mis on kinnitatud puidust alusele. Puitosa valmistamisel kasutatakse hoolikalt valitud servamata plangud, mis on viimistletud vastavalt toote iseloomule. See annab iga riidenagi erilise v\u00e4limuse ja struktuuri.<\/p>\n<p>K\u00e4sitsi sepat\u00f6\u00f6na valmistatud konksud on mitte ainult funktsionaalsed, vaid ka esteetiliselt nauditavad. Sepakunstnikud panustavad oma oskused ja kirg igasse valmistatud riidenagisse, luues seel\u00e4bi t\u00f5eliselt unikaalse toote. Konksude ilmekas sepistatud muster ja tugevus teevad neist usaldusv\u00e4\u00e4rsed ja vastupidavad.<\/p>\n<p>Riidenagi seinale toob teie koju t\u00fcki Eesti k\u00e4sit\u00f6\u00f6p\u00e4randit ja loob hubase, maal\u00e4hedase atmosf\u00e4\u00e4ri. Need nurgelised ja j\u00f5ulised riidenagid on suurep\u00e4rased nii maamajades kui ka kaasaegsetes linnakorterites. Nende disaini ja t\u00f6\u00f6kindluse poolest sobivad nad igasse kodu sisekujundusse.<\/p>\n<p>Nii sepat\u00f6\u00f6 kui ka puidut\u00f6\u00f6 on kombineeritud selleks, et luua ainulaadne esemete komplekt, mis toob endaga kaasa Eesti k\u00e4sit\u00f6\u00f6 pikaajalise p\u00e4randi ja kvaliteedi. Riidenagi seinale on rohkem kui lihtsalt funktsionaalne riidekonks &#8211; see on kunstiteos, mis r\u00f5hutab Eesti k\u00e4sit\u00f6\u00f6 v\u00e4\u00e4rtusi ja ilu.<\/p>\n","protected":false},"excerpt":{"rendered":"<p>Riidenagi seinale toob teie koju t\u00fcki Eesti k\u00e4sit\u00f6\u00f6p\u00e4randit ja loob hubase, maal\u00e4hedase atmosf\u00e4\u00e4ri.<br \/>\n<strong>Kaal:<\/strong> 3 kg<br \/>\n<strong>Laius:<\/strong> 65cm<br \/>\n<strong>Toote k\u00f5rgus:<\/strong> 15cm<\/p>\n","protected":false},"featured_media":4271,"template":"","meta":[],"product_brand":[],"product_cat":[44],"product_tag":[357,355,356],"class_list":{"0":"post-2605","1":"product","2":"type-product","3":"status-publish","4":"has-post-thumbnail","6":"product_cat-nagid-ja-lattnagid","7":"product_tag-nagi-seinale","8":"product_tag-riidenagi-seinale","9":"product_tag-sepistatud-nagi","10":"has-post-title","11":"has-post-date","12":"has-post-category","13":"has-post-tag","14":"has-post-comment","15":"has-post-author","16":"","18":"first","19":"instock","20":"taxable","21":"shipping-taxable","22":"purchasable","23":"product-type-simple"},"yoast_head":"<!-- This site is optimized with the Yoast SEO plugin v27.3 - https:\/\/yoast.com\/product\/yoast-seo-wordpress\/ -->\n<title>Riidenagi seinale |EtnoArt| Nagid ja lattnagid<\/title>\n<meta name=\"description\" content=\"Riidenagi seinale on Eesti seppade kvaliteetne t\u00f6\u00f6. Need elegantsed, kuid samas rustikaalsed riidenagid on valmistatud kohalikus sepikojas\" \/>\n<meta name=\"robots\" content=\"index, follow, max-snippet:-1, max-image-preview:large, max-video-preview:-1\" \/>\n<link rel=\"canonical\" href=\"https:\/\/etnoart.eu\/toode\/riidenagi-seinale\/\" \/>\n<meta property=\"og:locale\" content=\"lt_LT\" \/>\n<meta property=\"og:type\" content=\"article\" \/>\n<meta property=\"og:title\" content=\"Riidenagi seinale |EtnoArt| Nagid ja lattnagid\" \/>\n<meta property=\"og:description\" content=\"Riidenagi seinale on Eesti seppade kvaliteetne t\u00f6\u00f6. Need elegantsed, kuid samas rustikaalsed riidenagid on valmistatud kohalikus sepikojas\" \/>\n<meta property=\"og:url\" content=\"https:\/\/etnoart.eu\/toode\/riidenagi-seinale\/\" \/>\n<meta property=\"og:site_name\" content=\"Etnoart\" \/>\n<meta property=\"article:publisher\" content=\"https:\/\/www.facebook.com\/etnoart.handicraft.shop\" \/>\n<meta property=\"article:modified_time\" content=\"2025-03-18T17:26:28+00:00\" \/>\n<meta property=\"og:image\" content=\"https:\/\/etnoart.eu\/wp-content\/uploads\/2023\/06\/Riidenagi-seinale-Coat-Rack-with-6-hooks.png\" \/>\n\t<meta property=\"og:image:width\" content=\"999\" \/>\n\t<meta property=\"og:image:height\" content=\"999\" \/>\n\t<meta property=\"og:image:type\" content=\"image\/png\" \/>\n<meta name=\"twitter:card\" content=\"summary_large_image\" \/>\n<meta name=\"twitter:label1\" content=\"Est. reading time\" \/>\n\t<meta name=\"twitter:data1\" content=\"2 minut\u0117s\" \/>\n<script type=\"application\/ld+json\" class=\"yoast-schema-graph\">{\"@context\":\"https:\\\/\\\/schema.org\",\"@graph\":[{\"@type\":\"WebPage\",\"@id\":\"https:\\\/\\\/etnoart.eu\\\/toode\\\/riidenagi-seinale\\\/\",\"url\":\"https:\\\/\\\/etnoart.eu\\\/toode\\\/riidenagi-seinale\\\/\",\"name\":\"Riidenagi seinale |EtnoArt| Nagid ja lattnagid\",\"isPartOf\":{\"@id\":\"https:\\\/\\\/etnoart.eu\\\/#website\"},\"primaryImageOfPage\":{\"@id\":\"https:\\\/\\\/etnoart.eu\\\/toode\\\/riidenagi-seinale\\\/#primaryimage\"},\"image\":{\"@id\":\"https:\\\/\\\/etnoart.eu\\\/toode\\\/riidenagi-seinale\\\/#primaryimage\"},\"thumbnailUrl\":\"https:\\\/\\\/etnoart.eu\\\/wp-content\\\/uploads\\\/2023\\\/06\\\/Riidenagi-seinale-Coat-Rack-with-6-hooks.png\",\"datePublished\":\"2023-06-08T08:54:31+00:00\",\"dateModified\":\"2025-03-18T17:26:28+00:00\",\"description\":\"Riidenagi seinale on Eesti seppade kvaliteetne t\u00f6\u00f6. Need elegantsed, kuid samas rustikaalsed riidenagid on valmistatud kohalikus sepikojas\",\"breadcrumb\":{\"@id\":\"https:\\\/\\\/etnoart.eu\\\/toode\\\/riidenagi-seinale\\\/#breadcrumb\"},\"inLanguage\":\"lt-LT\",\"potentialAction\":[{\"@type\":\"ReadAction\",\"target\":[\"https:\\\/\\\/etnoart.eu\\\/toode\\\/riidenagi-seinale\\\/\"]}]},{\"@type\":\"ImageObject\",\"inLanguage\":\"lt-LT\",\"@id\":\"https:\\\/\\\/etnoart.eu\\\/toode\\\/riidenagi-seinale\\\/#primaryimage\",\"url\":\"https:\\\/\\\/etnoart.eu\\\/wp-content\\\/uploads\\\/2023\\\/06\\\/Riidenagi-seinale-Coat-Rack-with-6-hooks.png\",\"contentUrl\":\"https:\\\/\\\/etnoart.eu\\\/wp-content\\\/uploads\\\/2023\\\/06\\\/Riidenagi-seinale-Coat-Rack-with-6-hooks.png\",\"width\":999,\"height\":999,\"caption\":\"Riidenagi seinale\"},{\"@type\":\"BreadcrumbList\",\"@id\":\"https:\\\/\\\/etnoart.eu\\\/toode\\\/riidenagi-seinale\\\/#breadcrumb\",\"itemListElement\":[{\"@type\":\"ListItem\",\"position\":1,\"name\":\"Home\",\"item\":\"https:\\\/\\\/etnoart.eu\\\/lt\\\/\"},{\"@type\":\"ListItem\",\"position\":2,\"name\":\"Pood\",\"item\":\"https:\\\/\\\/etnoart.eu\\\/lt\\\/shop\\\/\"},{\"@type\":\"ListItem\",\"position\":3,\"name\":\"Riidenagi seinale\"}]},{\"@type\":\"WebSite\",\"@id\":\"https:\\\/\\\/etnoart.eu\\\/#website\",\"url\":\"https:\\\/\\\/etnoart.eu\\\/\",\"name\":\"Etnoart\",\"description\":\"K&auml;sit&ouml;&ouml;pood\",\"publisher\":{\"@id\":\"https:\\\/\\\/etnoart.eu\\\/#organization\"},\"potentialAction\":[{\"@type\":\"SearchAction\",\"target\":{\"@type\":\"EntryPoint\",\"urlTemplate\":\"https:\\\/\\\/etnoart.eu\\\/?s={search_term_string}\"},\"query-input\":{\"@type\":\"PropertyValueSpecification\",\"valueRequired\":true,\"valueName\":\"search_term_string\"}}],\"inLanguage\":\"lt-LT\"},{\"@type\":\"Organization\",\"@id\":\"https:\\\/\\\/etnoart.eu\\\/#organization\",\"name\":\"Etnoart O\u00dc\",\"url\":\"https:\\\/\\\/etnoart.eu\\\/\",\"logo\":{\"@type\":\"ImageObject\",\"inLanguage\":\"lt-LT\",\"@id\":\"https:\\\/\\\/etnoart.eu\\\/#\\\/schema\\\/logo\\\/image\\\/\",\"url\":\"https:\\\/\\\/etnoart.eu\\\/wp-content\\\/uploads\\\/2023\\\/06\\\/etnoart-logo.png\",\"contentUrl\":\"https:\\\/\\\/etnoart.eu\\\/wp-content\\\/uploads\\\/2023\\\/06\\\/etnoart-logo.png\",\"width\":491,\"height\":184,\"caption\":\"Etnoart O\u00dc\"},\"image\":{\"@id\":\"https:\\\/\\\/etnoart.eu\\\/#\\\/schema\\\/logo\\\/image\\\/\"},\"sameAs\":[\"https:\\\/\\\/www.facebook.com\\\/etnoart.handicraft.shop\"]}]}<\/script>\n<!-- \/ Yoast SEO plugin. -->","yoast_head_json":{"title":"Riidenagi seinale |EtnoArt| Nagid ja lattnagid","description":"Riidenagi seinale on Eesti seppade kvaliteetne t\u00f6\u00f6. Need elegantsed, kuid samas rustikaalsed riidenagid on valmistatud kohalikus sepikojas","robots":{"index":"index","follow":"follow","max-snippet":"max-snippet:-1","max-image-preview":"max-image-preview:large","max-video-preview":"max-video-preview:-1"},"canonical":"https:\/\/etnoart.eu\/toode\/riidenagi-seinale\/","og_locale":"lt_LT","og_type":"article","og_title":"Riidenagi seinale |EtnoArt| Nagid ja lattnagid","og_description":"Riidenagi seinale on Eesti seppade kvaliteetne t\u00f6\u00f6. Need elegantsed, kuid samas rustikaalsed riidenagid on valmistatud kohalikus sepikojas","og_url":"https:\/\/etnoart.eu\/toode\/riidenagi-seinale\/","og_site_name":"Etnoart","article_publisher":"https:\/\/www.facebook.com\/etnoart.handicraft.shop","article_modified_time":"2025-03-18T17:26:28+00:00","og_image":[{"width":999,"height":999,"url":"https:\/\/etnoart.eu\/wp-content\/uploads\/2023\/06\/Riidenagi-seinale-Coat-Rack-with-6-hooks.png","type":"image\/png"}],"twitter_card":"summary_large_image","twitter_misc":{"Est. reading time":"2 minut\u0117s"},"schema":{"@context":"https:\/\/schema.org","@graph":[{"@type":"WebPage","@id":"https:\/\/etnoart.eu\/toode\/riidenagi-seinale\/","url":"https:\/\/etnoart.eu\/toode\/riidenagi-seinale\/","name":"Riidenagi seinale |EtnoArt| Nagid ja lattnagid","isPartOf":{"@id":"https:\/\/etnoart.eu\/#website"},"primaryImageOfPage":{"@id":"https:\/\/etnoart.eu\/toode\/riidenagi-seinale\/#primaryimage"},"image":{"@id":"https:\/\/etnoart.eu\/toode\/riidenagi-seinale\/#primaryimage"},"thumbnailUrl":"https:\/\/etnoart.eu\/wp-content\/uploads\/2023\/06\/Riidenagi-seinale-Coat-Rack-with-6-hooks.png","datePublished":"2023-06-08T08:54:31+00:00","dateModified":"2025-03-18T17:26:28+00:00","description":"Riidenagi seinale on Eesti seppade kvaliteetne t\u00f6\u00f6. Need elegantsed, kuid samas rustikaalsed riidenagid on valmistatud kohalikus sepikojas","breadcrumb":{"@id":"https:\/\/etnoart.eu\/toode\/riidenagi-seinale\/#breadcrumb"},"inLanguage":"lt-LT","potentialAction":[{"@type":"ReadAction","target":["https:\/\/etnoart.eu\/toode\/riidenagi-seinale\/"]}]},{"@type":"ImageObject","inLanguage":"lt-LT","@id":"https:\/\/etnoart.eu\/toode\/riidenagi-seinale\/#primaryimage","url":"https:\/\/etnoart.eu\/wp-content\/uploads\/2023\/06\/Riidenagi-seinale-Coat-Rack-with-6-hooks.png","contentUrl":"https:\/\/etnoart.eu\/wp-content\/uploads\/2023\/06\/Riidenagi-seinale-Coat-Rack-with-6-hooks.png","width":999,"height":999,"caption":"Riidenagi seinale"},{"@type":"BreadcrumbList","@id":"https:\/\/etnoart.eu\/toode\/riidenagi-seinale\/#breadcrumb","itemListElement":[{"@type":"ListItem","position":1,"name":"Home","item":"https:\/\/etnoart.eu\/lt\/"},{"@type":"ListItem","position":2,"name":"Pood","item":"https:\/\/etnoart.eu\/lt\/shop\/"},{"@type":"ListItem","position":3,"name":"Riidenagi seinale"}]},{"@type":"WebSite","@id":"https:\/\/etnoart.eu\/#website","url":"https:\/\/etnoart.eu\/","name":"Etnoart","description":"K&auml;sit&ouml;&ouml;pood","publisher":{"@id":"https:\/\/etnoart.eu\/#organization"},"potentialAction":[{"@type":"SearchAction","target":{"@type":"EntryPoint","urlTemplate":"https:\/\/etnoart.eu\/?s={search_term_string}"},"query-input":{"@type":"PropertyValueSpecification","valueRequired":true,"valueName":"search_term_string"}}],"inLanguage":"lt-LT"},{"@type":"Organization","@id":"https:\/\/etnoart.eu\/#organization","name":"Etnoart O\u00dc","url":"https:\/\/etnoart.eu\/","logo":{"@type":"ImageObject","inLanguage":"lt-LT","@id":"https:\/\/etnoart.eu\/#\/schema\/logo\/image\/","url":"https:\/\/etnoart.eu\/wp-content\/uploads\/2023\/06\/etnoart-logo.png","contentUrl":"https:\/\/etnoart.eu\/wp-content\/uploads\/2023\/06\/etnoart-logo.png","width":491,"height":184,"caption":"Etnoart O\u00dc"},"image":{"@id":"https:\/\/etnoart.eu\/#\/schema\/logo\/image\/"},"sameAs":["https:\/\/www.facebook.com\/etnoart.handicraft.shop"]}]}},"builder_content":"","_links":{"self":[{"href":"https:\/\/etnoart.eu\/lt\/wp-json\/wp\/v2\/product\/2605","targetHints":{"allow":["GET"]}}],"collection":[{"href":"https:\/\/etnoart.eu\/lt\/wp-json\/wp\/v2\/product"}],"about":[{"href":"https:\/\/etnoart.eu\/lt\/wp-json\/wp\/v2\/types\/product"}],"wp:featuredmedia":[{"embeddable":true,"href":"https:\/\/etnoart.eu\/lt\/wp-json\/wp\/v2\/media\/4271"}],"wp:attachment":[{"href":"https:\/\/etnoart.eu\/lt\/wp-json\/wp\/v2\/media?parent=2605"}],"wp:term":[{"taxonomy":"product_brand","embeddable":true,"href":"https:\/\/etnoart.eu\/lt\/wp-json\/wp\/v2\/product_brand?post=2605"},{"taxonomy":"product_cat","embeddable":true,"href":"https:\/\/etnoart.eu\/lt\/wp-json\/wp\/v2\/product_cat?post=2605"},{"taxonomy":"product_tag","embeddable":true,"href":"https:\/\/etnoart.eu\/lt\/wp-json\/wp\/v2\/product_tag?post=2605"}],"curies":[{"name":"wp","href":"https:\/\/api.w.org\/{rel}","templated":true}]}}