{"id":2410,"date":"2023-06-08T08:54:10","date_gmt":"2023-06-08T08:54:10","guid":{"rendered":"https:\/\/etnoart.amsel.ee\/?post_type=product&#038;p=2410"},"modified":"2025-03-15T06:11:44","modified_gmt":"2025-03-15T06:11:44","slug":"lilleampel-ketiga","status":"publish","type":"product","link":"https:\/\/etnoart.eu\/lt\/toode\/lilleampel-ketiga\/","title":{"rendered":"Lilleampel ketiga"},"content":{"rendered":"<p>Lilleampel ketiga on praktiline ja vastupidav lahendus taimede riputamiseks nii sise- kui ka v\u00e4litingimustes. Metallist konstruktsioon tagab stabiilsuse ning kettidega kinnitus v\u00f5imaldab ampelit lihtsalt ja turvaliselt paigaldada. Sobib kasutamiseks r\u00f5dul, terrassil, verandale v\u00f5i aias. Klassikaline must viimistlus sulandub erinevate keskkondadega ning metallist materjal on ilmastikukindel. Lilleampel ketiga sobib erineva suurusega lillepottidele, pakkudes taimedele kindlat tuge ja paremat eksponeerimist.<\/p>\n","protected":false},"excerpt":{"rendered":"<p>Ilmastikukindel metallist lilleampel ketiga. Stiilne ja vastupidav rippuv taimehoidik aeda, r\u00f5dule v\u00f5i terrassile. Ideaalne sise- ja v\u00e4listingimustesse!<\/p>\n","protected":false},"featured_media":2495,"template":"","meta":[],"product_brand":[],"product_cat":[97],"product_tag":[],"class_list":{"0":"post-2410","1":"product","2":"type-product","3":"status-publish","4":"has-post-thumbnail","6":"product_cat-konsoolid-ja-alused-lilledele","7":"has-post-title","8":"has-post-date","9":"has-post-category","10":"has-post-tag","11":"has-post-comment","12":"has-post-author","13":"","15":"first","16":"instock","17":"taxable","18":"shipping-taxable","19":"purchasable","20":"product-type-simple"},"yoast_head":"<!-- This site is optimized with the Yoast SEO plugin v27.4 - https:\/\/yoast.com\/product\/yoast-seo-wordpress\/ -->\n<title>Lilleampel ketiga |EtnoArt| Konsoolid ja alused lilledele<\/title>\n<meta name=\"description\" content=\"Ilmastikukindel metallist lilleampel ketiga. Stiilne ja vastupidav rippuv taimehoidik aeda, r\u00f5dule v\u00f5i terrassile. Ideaalne sise- ja v\u00e4listingimustesse!\" \/>\n<meta name=\"robots\" content=\"index, follow, max-snippet:-1, max-image-preview:large, max-video-preview:-1\" \/>\n<link rel=\"canonical\" href=\"https:\/\/etnoart.eu\/toode\/lilleampel-ketiga\/\" \/>\n<meta property=\"og:locale\" content=\"lt_LT\" \/>\n<meta property=\"og:type\" content=\"article\" \/>\n<meta property=\"og:title\" content=\"Lilleampel ketiga |EtnoArt| Konsoolid ja alused lilledele\" \/>\n<meta property=\"og:description\" content=\"Ilmastikukindel metallist lilleampel ketiga. Stiilne ja vastupidav rippuv taimehoidik aeda, r\u00f5dule v\u00f5i terrassile. Ideaalne sise- ja v\u00e4listingimustesse!\" \/>\n<meta property=\"og:url\" content=\"https:\/\/etnoart.eu\/toode\/lilleampel-ketiga\/\" \/>\n<meta property=\"og:site_name\" content=\"Etnoart\" \/>\n<meta property=\"article:publisher\" content=\"https:\/\/www.facebook.com\/etnoart.handicraft.shop\" \/>\n<meta property=\"article:modified_time\" content=\"2025-03-15T06:11:44+00:00\" \/>\n<meta property=\"og:image\" content=\"https:\/\/etnoart.eu\/wp-content\/uploads\/2023\/06\/960-Lilleampel-ketiga-Konsoolid-ja-alused-lilledele.jpg\" \/>\n\t<meta property=\"og:image:width\" content=\"750\" \/>\n\t<meta property=\"og:image:height\" content=\"750\" \/>\n\t<meta property=\"og:image:type\" content=\"image\/jpeg\" \/>\n<meta name=\"twitter:card\" content=\"summary_large_image\" \/>\n<meta name=\"twitter:label1\" content=\"Est. reading time\" \/>\n\t<meta name=\"twitter:data1\" content=\"1 minut\u0117\" \/>\n<script type=\"application\/ld+json\" class=\"yoast-schema-graph\">{\"@context\":\"https:\\\/\\\/schema.org\",\"@graph\":[{\"@type\":\"WebPage\",\"@id\":\"https:\\\/\\\/etnoart.eu\\\/toode\\\/lilleampel-ketiga\\\/\",\"url\":\"https:\\\/\\\/etnoart.eu\\\/toode\\\/lilleampel-ketiga\\\/\",\"name\":\"Lilleampel ketiga |EtnoArt| Konsoolid ja alused lilledele\",\"isPartOf\":{\"@id\":\"https:\\\/\\\/etnoart.eu\\\/#website\"},\"primaryImageOfPage\":{\"@id\":\"https:\\\/\\\/etnoart.eu\\\/toode\\\/lilleampel-ketiga\\\/#primaryimage\"},\"image\":{\"@id\":\"https:\\\/\\\/etnoart.eu\\\/toode\\\/lilleampel-ketiga\\\/#primaryimage\"},\"thumbnailUrl\":\"https:\\\/\\\/etnoart.eu\\\/wp-content\\\/uploads\\\/2023\\\/06\\\/960-Lilleampel-ketiga-Konsoolid-ja-alused-lilledele.jpg\",\"datePublished\":\"2023-06-08T08:54:10+00:00\",\"dateModified\":\"2025-03-15T06:11:44+00:00\",\"description\":\"Ilmastikukindel metallist lilleampel ketiga. Stiilne ja vastupidav rippuv taimehoidik aeda, r\u00f5dule v\u00f5i terrassile. Ideaalne sise- ja v\u00e4listingimustesse!\",\"breadcrumb\":{\"@id\":\"https:\\\/\\\/etnoart.eu\\\/toode\\\/lilleampel-ketiga\\\/#breadcrumb\"},\"inLanguage\":\"lt-LT\",\"potentialAction\":[{\"@type\":\"ReadAction\",\"target\":[\"https:\\\/\\\/etnoart.eu\\\/toode\\\/lilleampel-ketiga\\\/\"]}]},{\"@type\":\"ImageObject\",\"inLanguage\":\"lt-LT\",\"@id\":\"https:\\\/\\\/etnoart.eu\\\/toode\\\/lilleampel-ketiga\\\/#primaryimage\",\"url\":\"https:\\\/\\\/etnoart.eu\\\/wp-content\\\/uploads\\\/2023\\\/06\\\/960-Lilleampel-ketiga-Konsoolid-ja-alused-lilledele.jpg\",\"contentUrl\":\"https:\\\/\\\/etnoart.eu\\\/wp-content\\\/uploads\\\/2023\\\/06\\\/960-Lilleampel-ketiga-Konsoolid-ja-alused-lilledele.jpg\",\"width\":750,\"height\":750,\"caption\":\"Lilleampel ketiga\"},{\"@type\":\"BreadcrumbList\",\"@id\":\"https:\\\/\\\/etnoart.eu\\\/toode\\\/lilleampel-ketiga\\\/#breadcrumb\",\"itemListElement\":[{\"@type\":\"ListItem\",\"position\":1,\"name\":\"Home\",\"item\":\"https:\\\/\\\/etnoart.eu\\\/lt\\\/\"},{\"@type\":\"ListItem\",\"position\":2,\"name\":\"Pood\",\"item\":\"https:\\\/\\\/etnoart.eu\\\/lt\\\/shop\\\/\"},{\"@type\":\"ListItem\",\"position\":3,\"name\":\"Lilleampel ketiga\"}]},{\"@type\":\"WebSite\",\"@id\":\"https:\\\/\\\/etnoart.eu\\\/#website\",\"url\":\"https:\\\/\\\/etnoart.eu\\\/\",\"name\":\"Etnoart\",\"description\":\"K&auml;sit&ouml;&ouml;pood\",\"publisher\":{\"@id\":\"https:\\\/\\\/etnoart.eu\\\/#organization\"},\"potentialAction\":[{\"@type\":\"SearchAction\",\"target\":{\"@type\":\"EntryPoint\",\"urlTemplate\":\"https:\\\/\\\/etnoart.eu\\\/?s={search_term_string}\"},\"query-input\":{\"@type\":\"PropertyValueSpecification\",\"valueRequired\":true,\"valueName\":\"search_term_string\"}}],\"inLanguage\":\"lt-LT\"},{\"@type\":\"Organization\",\"@id\":\"https:\\\/\\\/etnoart.eu\\\/#organization\",\"name\":\"Etnoart O\u00dc\",\"url\":\"https:\\\/\\\/etnoart.eu\\\/\",\"logo\":{\"@type\":\"ImageObject\",\"inLanguage\":\"lt-LT\",\"@id\":\"https:\\\/\\\/etnoart.eu\\\/#\\\/schema\\\/logo\\\/image\\\/\",\"url\":\"https:\\\/\\\/etnoart.eu\\\/wp-content\\\/uploads\\\/2023\\\/06\\\/etnoart-logo.png\",\"contentUrl\":\"https:\\\/\\\/etnoart.eu\\\/wp-content\\\/uploads\\\/2023\\\/06\\\/etnoart-logo.png\",\"width\":491,\"height\":184,\"caption\":\"Etnoart O\u00dc\"},\"image\":{\"@id\":\"https:\\\/\\\/etnoart.eu\\\/#\\\/schema\\\/logo\\\/image\\\/\"},\"sameAs\":[\"https:\\\/\\\/www.facebook.com\\\/etnoart.handicraft.shop\"]}]}<\/script>\n<!-- \/ Yoast SEO plugin. -->","yoast_head_json":{"title":"Lilleampel ketiga |EtnoArt| Konsoolid ja alused lilledele","description":"Ilmastikukindel metallist lilleampel ketiga. Stiilne ja vastupidav rippuv taimehoidik aeda, r\u00f5dule v\u00f5i terrassile. Ideaalne sise- ja v\u00e4listingimustesse!","robots":{"index":"index","follow":"follow","max-snippet":"max-snippet:-1","max-image-preview":"max-image-preview:large","max-video-preview":"max-video-preview:-1"},"canonical":"https:\/\/etnoart.eu\/toode\/lilleampel-ketiga\/","og_locale":"lt_LT","og_type":"article","og_title":"Lilleampel ketiga |EtnoArt| Konsoolid ja alused lilledele","og_description":"Ilmastikukindel metallist lilleampel ketiga. Stiilne ja vastupidav rippuv taimehoidik aeda, r\u00f5dule v\u00f5i terrassile. Ideaalne sise- ja v\u00e4listingimustesse!","og_url":"https:\/\/etnoart.eu\/toode\/lilleampel-ketiga\/","og_site_name":"Etnoart","article_publisher":"https:\/\/www.facebook.com\/etnoart.handicraft.shop","article_modified_time":"2025-03-15T06:11:44+00:00","og_image":[{"width":750,"height":750,"url":"https:\/\/etnoart.eu\/wp-content\/uploads\/2023\/06\/960-Lilleampel-ketiga-Konsoolid-ja-alused-lilledele.jpg","type":"image\/jpeg"}],"twitter_card":"summary_large_image","twitter_misc":{"Est. reading time":"1 minut\u0117"},"schema":{"@context":"https:\/\/schema.org","@graph":[{"@type":"WebPage","@id":"https:\/\/etnoart.eu\/toode\/lilleampel-ketiga\/","url":"https:\/\/etnoart.eu\/toode\/lilleampel-ketiga\/","name":"Lilleampel ketiga |EtnoArt| Konsoolid ja alused lilledele","isPartOf":{"@id":"https:\/\/etnoart.eu\/#website"},"primaryImageOfPage":{"@id":"https:\/\/etnoart.eu\/toode\/lilleampel-ketiga\/#primaryimage"},"image":{"@id":"https:\/\/etnoart.eu\/toode\/lilleampel-ketiga\/#primaryimage"},"thumbnailUrl":"https:\/\/etnoart.eu\/wp-content\/uploads\/2023\/06\/960-Lilleampel-ketiga-Konsoolid-ja-alused-lilledele.jpg","datePublished":"2023-06-08T08:54:10+00:00","dateModified":"2025-03-15T06:11:44+00:00","description":"Ilmastikukindel metallist lilleampel ketiga. Stiilne ja vastupidav rippuv taimehoidik aeda, r\u00f5dule v\u00f5i terrassile. Ideaalne sise- ja v\u00e4listingimustesse!","breadcrumb":{"@id":"https:\/\/etnoart.eu\/toode\/lilleampel-ketiga\/#breadcrumb"},"inLanguage":"lt-LT","potentialAction":[{"@type":"ReadAction","target":["https:\/\/etnoart.eu\/toode\/lilleampel-ketiga\/"]}]},{"@type":"ImageObject","inLanguage":"lt-LT","@id":"https:\/\/etnoart.eu\/toode\/lilleampel-ketiga\/#primaryimage","url":"https:\/\/etnoart.eu\/wp-content\/uploads\/2023\/06\/960-Lilleampel-ketiga-Konsoolid-ja-alused-lilledele.jpg","contentUrl":"https:\/\/etnoart.eu\/wp-content\/uploads\/2023\/06\/960-Lilleampel-ketiga-Konsoolid-ja-alused-lilledele.jpg","width":750,"height":750,"caption":"Lilleampel ketiga"},{"@type":"BreadcrumbList","@id":"https:\/\/etnoart.eu\/toode\/lilleampel-ketiga\/#breadcrumb","itemListElement":[{"@type":"ListItem","position":1,"name":"Home","item":"https:\/\/etnoart.eu\/lt\/"},{"@type":"ListItem","position":2,"name":"Pood","item":"https:\/\/etnoart.eu\/lt\/shop\/"},{"@type":"ListItem","position":3,"name":"Lilleampel ketiga"}]},{"@type":"WebSite","@id":"https:\/\/etnoart.eu\/#website","url":"https:\/\/etnoart.eu\/","name":"Etnoart","description":"K&auml;sit&ouml;&ouml;pood","publisher":{"@id":"https:\/\/etnoart.eu\/#organization"},"potentialAction":[{"@type":"SearchAction","target":{"@type":"EntryPoint","urlTemplate":"https:\/\/etnoart.eu\/?s={search_term_string}"},"query-input":{"@type":"PropertyValueSpecification","valueRequired":true,"valueName":"search_term_string"}}],"inLanguage":"lt-LT"},{"@type":"Organization","@id":"https:\/\/etnoart.eu\/#organization","name":"Etnoart O\u00dc","url":"https:\/\/etnoart.eu\/","logo":{"@type":"ImageObject","inLanguage":"lt-LT","@id":"https:\/\/etnoart.eu\/#\/schema\/logo\/image\/","url":"https:\/\/etnoart.eu\/wp-content\/uploads\/2023\/06\/etnoart-logo.png","contentUrl":"https:\/\/etnoart.eu\/wp-content\/uploads\/2023\/06\/etnoart-logo.png","width":491,"height":184,"caption":"Etnoart O\u00dc"},"image":{"@id":"https:\/\/etnoart.eu\/#\/schema\/logo\/image\/"},"sameAs":["https:\/\/www.facebook.com\/etnoart.handicraft.shop"]}]}},"builder_content":"","_links":{"self":[{"href":"https:\/\/etnoart.eu\/lt\/wp-json\/wp\/v2\/product\/2410","targetHints":{"allow":["GET"]}}],"collection":[{"href":"https:\/\/etnoart.eu\/lt\/wp-json\/wp\/v2\/product"}],"about":[{"href":"https:\/\/etnoart.eu\/lt\/wp-json\/wp\/v2\/types\/product"}],"wp:featuredmedia":[{"embeddable":true,"href":"https:\/\/etnoart.eu\/lt\/wp-json\/wp\/v2\/media\/2495"}],"wp:attachment":[{"href":"https:\/\/etnoart.eu\/lt\/wp-json\/wp\/v2\/media?parent=2410"}],"wp:term":[{"taxonomy":"product_brand","embeddable":true,"href":"https:\/\/etnoart.eu\/lt\/wp-json\/wp\/v2\/product_brand?post=2410"},{"taxonomy":"product_cat","embeddable":true,"href":"https:\/\/etnoart.eu\/lt\/wp-json\/wp\/v2\/product_cat?post=2410"},{"taxonomy":"product_tag","embeddable":true,"href":"https:\/\/etnoart.eu\/lt\/wp-json\/wp\/v2\/product_tag?post=2410"}],"curies":[{"name":"wp","href":"https:\/\/api.w.org\/{rel}","templated":true}]}}