{"id":2191,"date":"2023-06-08T08:53:45","date_gmt":"2023-06-08T08:53:45","guid":{"rendered":"https:\/\/etnoart.amsel.ee\/?post_type=product&#038;p=2191"},"modified":"2025-03-18T15:58:20","modified_gmt":"2025-03-18T15:58:20","slug":"vaike-nagi-4-konksuga","status":"publish","type":"product","link":"https:\/\/etnoart.eu\/lt\/toode\/vaike-nagi-4-konksuga\/","title":{"rendered":"V\u00e4ike nagi 4 konksuga"},"content":{"rendered":"<p>V\u00e4ike nagi 4-konksuga\u00a0 on lihtne, praktiline ja mitmek\u00fclgne toode, mis on m\u00f5eldud erinevate esemete riputamiseks. Olgu selleks v\u00f5tmed, r\u00e4tikud v\u00f5i r\u00f5ivaesemed, see nagi pakub mugavat ja efektiivset hoiulahendust. Selle kompaktne suurus ja 4 konksu v\u00f5imaldavad riputada mitmeid esemeid ning samas ei v\u00f5ta see palju ruumi.<\/p>\n<p>V\u00e4ike nagi on vaid 33 cm lai, mist\u00f5ttu sobib see suurep\u00e4raselt ka kitsamatesse ruumidesse, kus iga sentimeeter on oluline. Olenemata piiratud ruumist on sellel nagi nelja konksu abil v\u00f5imalik riputada mitmeid esemeid ning hoida need k\u00e4ep\u00e4raselt ja korras. Olgu see v\u00f5tmed, r\u00e4tikud v\u00f5i isegi v\u00e4iksemad r\u00f5ivaesemed, 4-konksuga nagi pakub teile v\u00f5imalust hoida asjad k\u00e4eulatuses ja organiseeritult.<\/p>\n<p>Nagi kinnitatakse seinale kahe kruviga, mis tagab kindla ja stabiilse paigalduse. Tugev ja vastupidav terasest valmistatud konstruktsioon tagab nagi pikaajalise kasutusea. See on valmistatud Eestis kogenud meistrite poolt, kes p\u00f6\u00f6ravad suurt t\u00e4helepanu toodete kvaliteedile ja vastupidavusele.<\/p>\n<p>Nagi viimistluseks on kasutatud pulberv\u00e4rvi, mis annab sellele stiilse ja vastupidava v\u00e4limuse. Pulberv\u00e4rv on vastupidav nii kuivas kui ka niiskemas keskkonnas, mis teeb selle nagi sobivaks erinevatesse ruumidesse, sealhulgas vannituppa v\u00f5i k\u00f6\u00f6ki. See tagab, et nagi n\u00e4eb aastaid v\u00e4lja nagu uus ning suudab vastu pidada igap\u00e4evasele kasutamisele.<\/p>\n<p>Kokkuv\u00f5tvalt v\u00f5ib \u00f6elda, et v\u00e4ike nagi 4-konksuga on praktiline ja stiilne valik esemete hoidmiseks ja organiseerimiseks. Selle kompaktne suurus ja mitmek\u00fclgsed kasutusv\u00f5imalused teevad sellest sobiva lahenduse nii kodudesse kui ka kontoritesse. Valmistatud kvaliteetsest terasest ja viimistletud vastupidava pulberv\u00e4rviga, see nagi pakub teile mitte ainult praktilisust, vaid ka vastupidavust ja stiili.<\/p>\n","protected":false},"excerpt":{"rendered":"<p>V\u00e4ike nagi 4-konksuga\u00a0 on lihtne, praktiline ja mitmek\u00fclgne toode, mis on m\u00f5eldud erinevate esemete riputamiseks. Olgu selleks v\u00f5tmed, r\u00e4tikud..<br \/>\n<strong>Kaal:<\/strong> 0,5 kg<br \/>\n<strong>Toote k\u00f5rgus:<\/strong> 100mm<br \/>\n<strong>Laius:<\/strong> 330mm<br \/>\n<strong>Toote viimistlus:<\/strong> V\u00e4rvitud<\/p>\n","protected":false},"featured_media":4028,"template":"","meta":[],"product_brand":[],"product_cat":[44],"product_tag":[],"class_list":{"0":"post-2191","1":"product","2":"type-product","3":"status-publish","4":"has-post-thumbnail","6":"product_cat-nagid-ja-lattnagid","7":"has-post-title","8":"has-post-date","9":"has-post-category","10":"has-post-tag","11":"has-post-comment","12":"has-post-author","13":"","15":"first","16":"instock","17":"taxable","18":"shipping-taxable","19":"purchasable","20":"product-type-simple"},"yoast_head":"<!-- This site is optimized with the Yoast SEO plugin v27.3 - https:\/\/yoast.com\/product\/yoast-seo-wordpress\/ -->\n<title>V\u00e4ike nagi 4 konksuga |EtnoArt| Nagid ja lattnagid<\/title>\n<meta name=\"description\" content=\"V\u00e4ike nagi 4-konksuga\u00a0 on lihtne, praktiline ja mitmek\u00fclgne toode, mis on m\u00f5eldud erinevate esemete riputamiseks. Olgu selleks v\u00f5tmed, r\u00e4tikud..\" \/>\n<meta name=\"robots\" content=\"index, follow, max-snippet:-1, max-image-preview:large, max-video-preview:-1\" \/>\n<link rel=\"canonical\" href=\"https:\/\/etnoart.eu\/toode\/vaike-nagi-4-konksuga\/\" \/>\n<meta property=\"og:locale\" content=\"lt_LT\" \/>\n<meta property=\"og:type\" content=\"article\" \/>\n<meta property=\"og:title\" content=\"V\u00e4ike nagi 4 konksuga |EtnoArt| Nagid ja lattnagid\" \/>\n<meta property=\"og:description\" content=\"V\u00e4ike nagi 4-konksuga\u00a0 on lihtne, praktiline ja mitmek\u00fclgne toode, mis on m\u00f5eldud erinevate esemete riputamiseks. Olgu selleks v\u00f5tmed, r\u00e4tikud..\" \/>\n<meta property=\"og:url\" content=\"https:\/\/etnoart.eu\/toode\/vaike-nagi-4-konksuga\/\" \/>\n<meta property=\"og:site_name\" content=\"Etnoart\" \/>\n<meta property=\"article:publisher\" content=\"https:\/\/www.facebook.com\/etnoart.handicraft.shop\" \/>\n<meta property=\"article:modified_time\" content=\"2025-03-18T15:58:20+00:00\" \/>\n<meta property=\"og:image\" content=\"https:\/\/etnoart.eu\/wp-content\/uploads\/2023\/06\/964-Vaike-nagi-4-konksuga-Nagid-ja-lattnagid-1.jpg\" \/>\n\t<meta property=\"og:image:width\" content=\"750\" \/>\n\t<meta property=\"og:image:height\" content=\"750\" \/>\n\t<meta property=\"og:image:type\" content=\"image\/jpeg\" \/>\n<meta name=\"twitter:card\" content=\"summary_large_image\" \/>\n<meta name=\"twitter:label1\" content=\"Est. reading time\" \/>\n\t<meta name=\"twitter:data1\" content=\"2 minut\u0117s\" \/>\n<script type=\"application\/ld+json\" class=\"yoast-schema-graph\">{\"@context\":\"https:\\\/\\\/schema.org\",\"@graph\":[{\"@type\":\"WebPage\",\"@id\":\"https:\\\/\\\/etnoart.eu\\\/toode\\\/vaike-nagi-4-konksuga\\\/\",\"url\":\"https:\\\/\\\/etnoart.eu\\\/toode\\\/vaike-nagi-4-konksuga\\\/\",\"name\":\"V\u00e4ike nagi 4 konksuga |EtnoArt| Nagid ja lattnagid\",\"isPartOf\":{\"@id\":\"https:\\\/\\\/etnoart.eu\\\/#website\"},\"primaryImageOfPage\":{\"@id\":\"https:\\\/\\\/etnoart.eu\\\/toode\\\/vaike-nagi-4-konksuga\\\/#primaryimage\"},\"image\":{\"@id\":\"https:\\\/\\\/etnoart.eu\\\/toode\\\/vaike-nagi-4-konksuga\\\/#primaryimage\"},\"thumbnailUrl\":\"https:\\\/\\\/etnoart.eu\\\/wp-content\\\/uploads\\\/2023\\\/06\\\/964-Vaike-nagi-4-konksuga-Nagid-ja-lattnagid-1.jpg\",\"datePublished\":\"2023-06-08T08:53:45+00:00\",\"dateModified\":\"2025-03-18T15:58:20+00:00\",\"description\":\"V\u00e4ike nagi 4-konksuga\u00a0 on lihtne, praktiline ja mitmek\u00fclgne toode, mis on m\u00f5eldud erinevate esemete riputamiseks. Olgu selleks v\u00f5tmed, r\u00e4tikud..\",\"breadcrumb\":{\"@id\":\"https:\\\/\\\/etnoart.eu\\\/toode\\\/vaike-nagi-4-konksuga\\\/#breadcrumb\"},\"inLanguage\":\"lt-LT\",\"potentialAction\":[{\"@type\":\"ReadAction\",\"target\":[\"https:\\\/\\\/etnoart.eu\\\/toode\\\/vaike-nagi-4-konksuga\\\/\"]}]},{\"@type\":\"ImageObject\",\"inLanguage\":\"lt-LT\",\"@id\":\"https:\\\/\\\/etnoart.eu\\\/toode\\\/vaike-nagi-4-konksuga\\\/#primaryimage\",\"url\":\"https:\\\/\\\/etnoart.eu\\\/wp-content\\\/uploads\\\/2023\\\/06\\\/964-Vaike-nagi-4-konksuga-Nagid-ja-lattnagid-1.jpg\",\"contentUrl\":\"https:\\\/\\\/etnoart.eu\\\/wp-content\\\/uploads\\\/2023\\\/06\\\/964-Vaike-nagi-4-konksuga-Nagid-ja-lattnagid-1.jpg\",\"width\":750,\"height\":750,\"caption\":\"V\u00e4ike nagi 4 konksuga\"},{\"@type\":\"BreadcrumbList\",\"@id\":\"https:\\\/\\\/etnoart.eu\\\/toode\\\/vaike-nagi-4-konksuga\\\/#breadcrumb\",\"itemListElement\":[{\"@type\":\"ListItem\",\"position\":1,\"name\":\"Home\",\"item\":\"https:\\\/\\\/etnoart.eu\\\/lt\\\/\"},{\"@type\":\"ListItem\",\"position\":2,\"name\":\"Pood\",\"item\":\"https:\\\/\\\/etnoart.eu\\\/lt\\\/shop\\\/\"},{\"@type\":\"ListItem\",\"position\":3,\"name\":\"V\u00e4ike nagi 4 konksuga\"}]},{\"@type\":\"WebSite\",\"@id\":\"https:\\\/\\\/etnoart.eu\\\/#website\",\"url\":\"https:\\\/\\\/etnoart.eu\\\/\",\"name\":\"Etnoart\",\"description\":\"K&auml;sit&ouml;&ouml;pood\",\"publisher\":{\"@id\":\"https:\\\/\\\/etnoart.eu\\\/#organization\"},\"potentialAction\":[{\"@type\":\"SearchAction\",\"target\":{\"@type\":\"EntryPoint\",\"urlTemplate\":\"https:\\\/\\\/etnoart.eu\\\/?s={search_term_string}\"},\"query-input\":{\"@type\":\"PropertyValueSpecification\",\"valueRequired\":true,\"valueName\":\"search_term_string\"}}],\"inLanguage\":\"lt-LT\"},{\"@type\":\"Organization\",\"@id\":\"https:\\\/\\\/etnoart.eu\\\/#organization\",\"name\":\"Etnoart O\u00dc\",\"url\":\"https:\\\/\\\/etnoart.eu\\\/\",\"logo\":{\"@type\":\"ImageObject\",\"inLanguage\":\"lt-LT\",\"@id\":\"https:\\\/\\\/etnoart.eu\\\/#\\\/schema\\\/logo\\\/image\\\/\",\"url\":\"https:\\\/\\\/etnoart.eu\\\/wp-content\\\/uploads\\\/2023\\\/06\\\/etnoart-logo.png\",\"contentUrl\":\"https:\\\/\\\/etnoart.eu\\\/wp-content\\\/uploads\\\/2023\\\/06\\\/etnoart-logo.png\",\"width\":491,\"height\":184,\"caption\":\"Etnoart O\u00dc\"},\"image\":{\"@id\":\"https:\\\/\\\/etnoart.eu\\\/#\\\/schema\\\/logo\\\/image\\\/\"},\"sameAs\":[\"https:\\\/\\\/www.facebook.com\\\/etnoart.handicraft.shop\"]}]}<\/script>\n<!-- \/ Yoast SEO plugin. -->","yoast_head_json":{"title":"V\u00e4ike nagi 4 konksuga |EtnoArt| Nagid ja lattnagid","description":"V\u00e4ike nagi 4-konksuga\u00a0 on lihtne, praktiline ja mitmek\u00fclgne toode, mis on m\u00f5eldud erinevate esemete riputamiseks. Olgu selleks v\u00f5tmed, r\u00e4tikud..","robots":{"index":"index","follow":"follow","max-snippet":"max-snippet:-1","max-image-preview":"max-image-preview:large","max-video-preview":"max-video-preview:-1"},"canonical":"https:\/\/etnoart.eu\/toode\/vaike-nagi-4-konksuga\/","og_locale":"lt_LT","og_type":"article","og_title":"V\u00e4ike nagi 4 konksuga |EtnoArt| Nagid ja lattnagid","og_description":"V\u00e4ike nagi 4-konksuga\u00a0 on lihtne, praktiline ja mitmek\u00fclgne toode, mis on m\u00f5eldud erinevate esemete riputamiseks. Olgu selleks v\u00f5tmed, r\u00e4tikud..","og_url":"https:\/\/etnoart.eu\/toode\/vaike-nagi-4-konksuga\/","og_site_name":"Etnoart","article_publisher":"https:\/\/www.facebook.com\/etnoart.handicraft.shop","article_modified_time":"2025-03-18T15:58:20+00:00","og_image":[{"width":750,"height":750,"url":"https:\/\/etnoart.eu\/wp-content\/uploads\/2023\/06\/964-Vaike-nagi-4-konksuga-Nagid-ja-lattnagid-1.jpg","type":"image\/jpeg"}],"twitter_card":"summary_large_image","twitter_misc":{"Est. reading time":"2 minut\u0117s"},"schema":{"@context":"https:\/\/schema.org","@graph":[{"@type":"WebPage","@id":"https:\/\/etnoart.eu\/toode\/vaike-nagi-4-konksuga\/","url":"https:\/\/etnoart.eu\/toode\/vaike-nagi-4-konksuga\/","name":"V\u00e4ike nagi 4 konksuga |EtnoArt| Nagid ja lattnagid","isPartOf":{"@id":"https:\/\/etnoart.eu\/#website"},"primaryImageOfPage":{"@id":"https:\/\/etnoart.eu\/toode\/vaike-nagi-4-konksuga\/#primaryimage"},"image":{"@id":"https:\/\/etnoart.eu\/toode\/vaike-nagi-4-konksuga\/#primaryimage"},"thumbnailUrl":"https:\/\/etnoart.eu\/wp-content\/uploads\/2023\/06\/964-Vaike-nagi-4-konksuga-Nagid-ja-lattnagid-1.jpg","datePublished":"2023-06-08T08:53:45+00:00","dateModified":"2025-03-18T15:58:20+00:00","description":"V\u00e4ike nagi 4-konksuga\u00a0 on lihtne, praktiline ja mitmek\u00fclgne toode, mis on m\u00f5eldud erinevate esemete riputamiseks. Olgu selleks v\u00f5tmed, r\u00e4tikud..","breadcrumb":{"@id":"https:\/\/etnoart.eu\/toode\/vaike-nagi-4-konksuga\/#breadcrumb"},"inLanguage":"lt-LT","potentialAction":[{"@type":"ReadAction","target":["https:\/\/etnoart.eu\/toode\/vaike-nagi-4-konksuga\/"]}]},{"@type":"ImageObject","inLanguage":"lt-LT","@id":"https:\/\/etnoart.eu\/toode\/vaike-nagi-4-konksuga\/#primaryimage","url":"https:\/\/etnoart.eu\/wp-content\/uploads\/2023\/06\/964-Vaike-nagi-4-konksuga-Nagid-ja-lattnagid-1.jpg","contentUrl":"https:\/\/etnoart.eu\/wp-content\/uploads\/2023\/06\/964-Vaike-nagi-4-konksuga-Nagid-ja-lattnagid-1.jpg","width":750,"height":750,"caption":"V\u00e4ike nagi 4 konksuga"},{"@type":"BreadcrumbList","@id":"https:\/\/etnoart.eu\/toode\/vaike-nagi-4-konksuga\/#breadcrumb","itemListElement":[{"@type":"ListItem","position":1,"name":"Home","item":"https:\/\/etnoart.eu\/lt\/"},{"@type":"ListItem","position":2,"name":"Pood","item":"https:\/\/etnoart.eu\/lt\/shop\/"},{"@type":"ListItem","position":3,"name":"V\u00e4ike nagi 4 konksuga"}]},{"@type":"WebSite","@id":"https:\/\/etnoart.eu\/#website","url":"https:\/\/etnoart.eu\/","name":"Etnoart","description":"K&auml;sit&ouml;&ouml;pood","publisher":{"@id":"https:\/\/etnoart.eu\/#organization"},"potentialAction":[{"@type":"SearchAction","target":{"@type":"EntryPoint","urlTemplate":"https:\/\/etnoart.eu\/?s={search_term_string}"},"query-input":{"@type":"PropertyValueSpecification","valueRequired":true,"valueName":"search_term_string"}}],"inLanguage":"lt-LT"},{"@type":"Organization","@id":"https:\/\/etnoart.eu\/#organization","name":"Etnoart O\u00dc","url":"https:\/\/etnoart.eu\/","logo":{"@type":"ImageObject","inLanguage":"lt-LT","@id":"https:\/\/etnoart.eu\/#\/schema\/logo\/image\/","url":"https:\/\/etnoart.eu\/wp-content\/uploads\/2023\/06\/etnoart-logo.png","contentUrl":"https:\/\/etnoart.eu\/wp-content\/uploads\/2023\/06\/etnoart-logo.png","width":491,"height":184,"caption":"Etnoart O\u00dc"},"image":{"@id":"https:\/\/etnoart.eu\/#\/schema\/logo\/image\/"},"sameAs":["https:\/\/www.facebook.com\/etnoart.handicraft.shop"]}]}},"builder_content":"","_links":{"self":[{"href":"https:\/\/etnoart.eu\/lt\/wp-json\/wp\/v2\/product\/2191","targetHints":{"allow":["GET"]}}],"collection":[{"href":"https:\/\/etnoart.eu\/lt\/wp-json\/wp\/v2\/product"}],"about":[{"href":"https:\/\/etnoart.eu\/lt\/wp-json\/wp\/v2\/types\/product"}],"wp:featuredmedia":[{"embeddable":true,"href":"https:\/\/etnoart.eu\/lt\/wp-json\/wp\/v2\/media\/4028"}],"wp:attachment":[{"href":"https:\/\/etnoart.eu\/lt\/wp-json\/wp\/v2\/media?parent=2191"}],"wp:term":[{"taxonomy":"product_brand","embeddable":true,"href":"https:\/\/etnoart.eu\/lt\/wp-json\/wp\/v2\/product_brand?post=2191"},{"taxonomy":"product_cat","embeddable":true,"href":"https:\/\/etnoart.eu\/lt\/wp-json\/wp\/v2\/product_cat?post=2191"},{"taxonomy":"product_tag","embeddable":true,"href":"https:\/\/etnoart.eu\/lt\/wp-json\/wp\/v2\/product_tag?post=2191"}],"curies":[{"name":"wp","href":"https:\/\/api.w.org\/{rel}","templated":true}]}}