{"id":1583,"date":"2023-06-08T08:52:33","date_gmt":"2023-06-08T08:52:33","guid":{"rendered":"https:\/\/etnoart.amsel.ee\/?post_type=product&#038;p=1583"},"modified":"2025-10-09T15:56:33","modified_gmt":"2025-10-09T15:56:33","slug":"rongas-sahtlile","status":"publish","type":"product","link":"https:\/\/etnoart.eu\/lt\/toode\/rongas-sahtlile\/","title":{"rendered":"R\u00f5ngas sahtlile"},"content":{"rendered":"<p>See k\u00e4sit\u00f6\u00f6na sepistatud R\u00f5ngas sahtlile on kvaliteetne ja stiilne lisa igale ukselahendusele v\u00f5i sahtlile. Valmistatud sepisrauast traditsioonilise meetodiga \u2013 k\u00e4epide kuumutatakse ja kastetakse lina\u00f5lisse, mis j\u00e4tab rauale kaitsva musta viimistluse. Tulemuseks on tugev ja isikup\u00e4rane toode, millel on n\u00e4ha ehtsa sepat\u00f6\u00f6 jooned.<\/p>\n<p>K\u00e4epideme r\u00f5nga v\u00e4lisl\u00e4bim\u00f5\u00f5t on 3,5 cm ning toode kaalub 30 grammi. R\u00f5ngas on kinnitatud rombi kujulisele alusele, mida saab paigaldada nii vertikaalselt kui horisontaalselt, s\u00f5ltuvalt ukse v\u00f5i sahtli disainist. Paigaldus toimub kahe kruviga (ei kuulu komplekti).<\/p>\n<p>T\u00e4nu madalale profiilile sobib see R\u00f5ngas sahtlile ideaalselt kohtadesse, kus soovitakse v\u00e4ltida liigselt v\u00e4ljaulatuvaid detaile. R\u00f5ngas on liigutatav ja rippuvas asendis ulatub ukse v\u00f5i sahtli tasapinnast vaid ca 1 cm k\u00f5rgemale.<\/p>\n<p>Sobib suurep\u00e4raselt maal\u00e4hedase v\u00f5i k\u00e4sit\u00f6\u00f6lise ilmega hoonetesse \u2013 ideaalne k\u00e4sit\u00f6\u00f6m\u00f6\u00f6bli valmistajatele, sisustajatele ja neile, kes hindavad ehtsat k\u00e4sit\u00f6\u00f6d. Iga r\u00f5ngas on unikaalne \u2013 k\u00e4sit\u00f6\u00f6na valmistatud tooted ei ole kunagi t\u00e4iesti identsed.<\/p>\n","protected":false},"excerpt":{"rendered":"<p>K\u00e4sit\u00f6\u00f6na sepistatud mustatud r\u00f5ngask\u00e4epide sahtlile v\u00f5i uksele. Ideaalne rustikaalse stiiliga m\u00f6\u00f6bli juurde. Kvaliteetne ja ainulaadne k\u00e4sit\u00f6\u00f6.<br \/>\n<strong>Toote kaal:<\/strong> 30g<br \/>\n<strong>V\u00e4line l\u00e4bim\u00f5\u00f5t:<\/strong> 3,5cm<br \/>\n<strong>Toote viimistlus:<\/strong> Mustatud \u00f5liga<\/p>\n","protected":false},"featured_media":5873,"template":"","meta":[],"product_brand":[],"product_cat":[43],"product_tag":[],"class_list":{"0":"post-1583","1":"product","2":"type-product","3":"status-publish","4":"has-post-thumbnail","6":"product_cat-kaepidemed-ja-uksekoputid","7":"has-post-title","8":"has-post-date","9":"has-post-category","10":"has-post-tag","11":"has-post-comment","12":"has-post-author","13":"","15":"first","16":"instock","17":"taxable","18":"shipping-taxable","19":"purchasable","20":"product-type-simple"},"yoast_head":"<!-- This site is optimized with the Yoast SEO plugin v27.4 - https:\/\/yoast.com\/product\/yoast-seo-wordpress\/ -->\n<title>R\u00f5ngas sahtlile |EtnoArt| K\u00e4epidemed ja uksekoputid<\/title>\n<meta name=\"description\" content=\"R\u00f5ngas sahtlile on k\u00e4sit\u00f6\u00f6na sepistatud mustatud r\u00f5ngask\u00e4epide sahtlile v\u00f5i uksele. Ideaalne rustikaalse stiiliga m\u00f6\u00f6bli juurde.\" \/>\n<meta name=\"robots\" content=\"index, follow, max-snippet:-1, max-image-preview:large, max-video-preview:-1\" \/>\n<link rel=\"canonical\" href=\"https:\/\/etnoart.eu\/toode\/rongas-sahtlile\/\" \/>\n<meta property=\"og:locale\" content=\"lt_LT\" \/>\n<meta property=\"og:type\" content=\"article\" \/>\n<meta property=\"og:title\" content=\"R\u00f5ngas sahtlile |EtnoArt| K\u00e4epidemed ja uksekoputid\" \/>\n<meta property=\"og:description\" content=\"R\u00f5ngas sahtlile on k\u00e4sit\u00f6\u00f6na sepistatud mustatud r\u00f5ngask\u00e4epide sahtlile v\u00f5i uksele. Ideaalne rustikaalse stiiliga m\u00f6\u00f6bli juurde.\" \/>\n<meta property=\"og:url\" content=\"https:\/\/etnoart.eu\/toode\/rongas-sahtlile\/\" \/>\n<meta property=\"og:site_name\" content=\"Etnoart\" \/>\n<meta property=\"article:publisher\" content=\"https:\/\/www.facebook.com\/etnoart.handicraft.shop\" \/>\n<meta property=\"article:modified_time\" content=\"2025-10-09T15:56:33+00:00\" \/>\n<meta property=\"og:image\" content=\"https:\/\/etnoart.eu\/wp-content\/uploads\/2023\/06\/Rongas-sahtlile.png\" \/>\n\t<meta property=\"og:image:width\" content=\"1200\" \/>\n\t<meta property=\"og:image:height\" content=\"1200\" \/>\n\t<meta property=\"og:image:type\" content=\"image\/png\" \/>\n<meta name=\"twitter:card\" content=\"summary_large_image\" \/>\n<meta name=\"twitter:label1\" content=\"Est. reading time\" \/>\n\t<meta name=\"twitter:data1\" content=\"1 minut\u0117\" \/>\n<script type=\"application\/ld+json\" class=\"yoast-schema-graph\">{\"@context\":\"https:\\\/\\\/schema.org\",\"@graph\":[{\"@type\":\"WebPage\",\"@id\":\"https:\\\/\\\/etnoart.eu\\\/toode\\\/rongas-sahtlile\\\/\",\"url\":\"https:\\\/\\\/etnoart.eu\\\/toode\\\/rongas-sahtlile\\\/\",\"name\":\"R\u00f5ngas sahtlile |EtnoArt| K\u00e4epidemed ja uksekoputid\",\"isPartOf\":{\"@id\":\"https:\\\/\\\/etnoart.eu\\\/#website\"},\"primaryImageOfPage\":{\"@id\":\"https:\\\/\\\/etnoart.eu\\\/toode\\\/rongas-sahtlile\\\/#primaryimage\"},\"image\":{\"@id\":\"https:\\\/\\\/etnoart.eu\\\/toode\\\/rongas-sahtlile\\\/#primaryimage\"},\"thumbnailUrl\":\"https:\\\/\\\/etnoart.eu\\\/wp-content\\\/uploads\\\/2023\\\/06\\\/Rongas-sahtlile.png\",\"datePublished\":\"2023-06-08T08:52:33+00:00\",\"dateModified\":\"2025-10-09T15:56:33+00:00\",\"description\":\"R\u00f5ngas sahtlile on k\u00e4sit\u00f6\u00f6na sepistatud mustatud r\u00f5ngask\u00e4epide sahtlile v\u00f5i uksele. Ideaalne rustikaalse stiiliga m\u00f6\u00f6bli juurde.\",\"breadcrumb\":{\"@id\":\"https:\\\/\\\/etnoart.eu\\\/toode\\\/rongas-sahtlile\\\/#breadcrumb\"},\"inLanguage\":\"lt-LT\",\"potentialAction\":[{\"@type\":\"ReadAction\",\"target\":[\"https:\\\/\\\/etnoart.eu\\\/toode\\\/rongas-sahtlile\\\/\"]}]},{\"@type\":\"ImageObject\",\"inLanguage\":\"lt-LT\",\"@id\":\"https:\\\/\\\/etnoart.eu\\\/toode\\\/rongas-sahtlile\\\/#primaryimage\",\"url\":\"https:\\\/\\\/etnoart.eu\\\/wp-content\\\/uploads\\\/2023\\\/06\\\/Rongas-sahtlile.png\",\"contentUrl\":\"https:\\\/\\\/etnoart.eu\\\/wp-content\\\/uploads\\\/2023\\\/06\\\/Rongas-sahtlile.png\",\"width\":1200,\"height\":1200,\"caption\":\"R\u00f5ngas sahtlile\"},{\"@type\":\"BreadcrumbList\",\"@id\":\"https:\\\/\\\/etnoart.eu\\\/toode\\\/rongas-sahtlile\\\/#breadcrumb\",\"itemListElement\":[{\"@type\":\"ListItem\",\"position\":1,\"name\":\"Home\",\"item\":\"https:\\\/\\\/etnoart.eu\\\/lt\\\/\"},{\"@type\":\"ListItem\",\"position\":2,\"name\":\"Pood\",\"item\":\"https:\\\/\\\/etnoart.eu\\\/lt\\\/shop\\\/\"},{\"@type\":\"ListItem\",\"position\":3,\"name\":\"R\u00f5ngas sahtlile\"}]},{\"@type\":\"WebSite\",\"@id\":\"https:\\\/\\\/etnoart.eu\\\/#website\",\"url\":\"https:\\\/\\\/etnoart.eu\\\/\",\"name\":\"Etnoart\",\"description\":\"K&auml;sit&ouml;&ouml;pood\",\"publisher\":{\"@id\":\"https:\\\/\\\/etnoart.eu\\\/#organization\"},\"potentialAction\":[{\"@type\":\"SearchAction\",\"target\":{\"@type\":\"EntryPoint\",\"urlTemplate\":\"https:\\\/\\\/etnoart.eu\\\/?s={search_term_string}\"},\"query-input\":{\"@type\":\"PropertyValueSpecification\",\"valueRequired\":true,\"valueName\":\"search_term_string\"}}],\"inLanguage\":\"lt-LT\"},{\"@type\":\"Organization\",\"@id\":\"https:\\\/\\\/etnoart.eu\\\/#organization\",\"name\":\"Etnoart O\u00dc\",\"url\":\"https:\\\/\\\/etnoart.eu\\\/\",\"logo\":{\"@type\":\"ImageObject\",\"inLanguage\":\"lt-LT\",\"@id\":\"https:\\\/\\\/etnoart.eu\\\/#\\\/schema\\\/logo\\\/image\\\/\",\"url\":\"https:\\\/\\\/etnoart.eu\\\/wp-content\\\/uploads\\\/2023\\\/06\\\/etnoart-logo.png\",\"contentUrl\":\"https:\\\/\\\/etnoart.eu\\\/wp-content\\\/uploads\\\/2023\\\/06\\\/etnoart-logo.png\",\"width\":491,\"height\":184,\"caption\":\"Etnoart O\u00dc\"},\"image\":{\"@id\":\"https:\\\/\\\/etnoart.eu\\\/#\\\/schema\\\/logo\\\/image\\\/\"},\"sameAs\":[\"https:\\\/\\\/www.facebook.com\\\/etnoart.handicraft.shop\"]}]}<\/script>\n<!-- \/ Yoast SEO plugin. -->","yoast_head_json":{"title":"R\u00f5ngas sahtlile |EtnoArt| K\u00e4epidemed ja uksekoputid","description":"R\u00f5ngas sahtlile on k\u00e4sit\u00f6\u00f6na sepistatud mustatud r\u00f5ngask\u00e4epide sahtlile v\u00f5i uksele. Ideaalne rustikaalse stiiliga m\u00f6\u00f6bli juurde.","robots":{"index":"index","follow":"follow","max-snippet":"max-snippet:-1","max-image-preview":"max-image-preview:large","max-video-preview":"max-video-preview:-1"},"canonical":"https:\/\/etnoart.eu\/toode\/rongas-sahtlile\/","og_locale":"lt_LT","og_type":"article","og_title":"R\u00f5ngas sahtlile |EtnoArt| K\u00e4epidemed ja uksekoputid","og_description":"R\u00f5ngas sahtlile on k\u00e4sit\u00f6\u00f6na sepistatud mustatud r\u00f5ngask\u00e4epide sahtlile v\u00f5i uksele. Ideaalne rustikaalse stiiliga m\u00f6\u00f6bli juurde.","og_url":"https:\/\/etnoart.eu\/toode\/rongas-sahtlile\/","og_site_name":"Etnoart","article_publisher":"https:\/\/www.facebook.com\/etnoart.handicraft.shop","article_modified_time":"2025-10-09T15:56:33+00:00","og_image":[{"width":1200,"height":1200,"url":"https:\/\/etnoart.eu\/wp-content\/uploads\/2023\/06\/Rongas-sahtlile.png","type":"image\/png"}],"twitter_card":"summary_large_image","twitter_misc":{"Est. reading time":"1 minut\u0117"},"schema":{"@context":"https:\/\/schema.org","@graph":[{"@type":"WebPage","@id":"https:\/\/etnoart.eu\/toode\/rongas-sahtlile\/","url":"https:\/\/etnoart.eu\/toode\/rongas-sahtlile\/","name":"R\u00f5ngas sahtlile |EtnoArt| K\u00e4epidemed ja uksekoputid","isPartOf":{"@id":"https:\/\/etnoart.eu\/#website"},"primaryImageOfPage":{"@id":"https:\/\/etnoart.eu\/toode\/rongas-sahtlile\/#primaryimage"},"image":{"@id":"https:\/\/etnoart.eu\/toode\/rongas-sahtlile\/#primaryimage"},"thumbnailUrl":"https:\/\/etnoart.eu\/wp-content\/uploads\/2023\/06\/Rongas-sahtlile.png","datePublished":"2023-06-08T08:52:33+00:00","dateModified":"2025-10-09T15:56:33+00:00","description":"R\u00f5ngas sahtlile on k\u00e4sit\u00f6\u00f6na sepistatud mustatud r\u00f5ngask\u00e4epide sahtlile v\u00f5i uksele. Ideaalne rustikaalse stiiliga m\u00f6\u00f6bli juurde.","breadcrumb":{"@id":"https:\/\/etnoart.eu\/toode\/rongas-sahtlile\/#breadcrumb"},"inLanguage":"lt-LT","potentialAction":[{"@type":"ReadAction","target":["https:\/\/etnoart.eu\/toode\/rongas-sahtlile\/"]}]},{"@type":"ImageObject","inLanguage":"lt-LT","@id":"https:\/\/etnoart.eu\/toode\/rongas-sahtlile\/#primaryimage","url":"https:\/\/etnoart.eu\/wp-content\/uploads\/2023\/06\/Rongas-sahtlile.png","contentUrl":"https:\/\/etnoart.eu\/wp-content\/uploads\/2023\/06\/Rongas-sahtlile.png","width":1200,"height":1200,"caption":"R\u00f5ngas sahtlile"},{"@type":"BreadcrumbList","@id":"https:\/\/etnoart.eu\/toode\/rongas-sahtlile\/#breadcrumb","itemListElement":[{"@type":"ListItem","position":1,"name":"Home","item":"https:\/\/etnoart.eu\/lt\/"},{"@type":"ListItem","position":2,"name":"Pood","item":"https:\/\/etnoart.eu\/lt\/shop\/"},{"@type":"ListItem","position":3,"name":"R\u00f5ngas sahtlile"}]},{"@type":"WebSite","@id":"https:\/\/etnoart.eu\/#website","url":"https:\/\/etnoart.eu\/","name":"Etnoart","description":"K&auml;sit&ouml;&ouml;pood","publisher":{"@id":"https:\/\/etnoart.eu\/#organization"},"potentialAction":[{"@type":"SearchAction","target":{"@type":"EntryPoint","urlTemplate":"https:\/\/etnoart.eu\/?s={search_term_string}"},"query-input":{"@type":"PropertyValueSpecification","valueRequired":true,"valueName":"search_term_string"}}],"inLanguage":"lt-LT"},{"@type":"Organization","@id":"https:\/\/etnoart.eu\/#organization","name":"Etnoart O\u00dc","url":"https:\/\/etnoart.eu\/","logo":{"@type":"ImageObject","inLanguage":"lt-LT","@id":"https:\/\/etnoart.eu\/#\/schema\/logo\/image\/","url":"https:\/\/etnoart.eu\/wp-content\/uploads\/2023\/06\/etnoart-logo.png","contentUrl":"https:\/\/etnoart.eu\/wp-content\/uploads\/2023\/06\/etnoart-logo.png","width":491,"height":184,"caption":"Etnoart O\u00dc"},"image":{"@id":"https:\/\/etnoart.eu\/#\/schema\/logo\/image\/"},"sameAs":["https:\/\/www.facebook.com\/etnoart.handicraft.shop"]}]}},"builder_content":"","_links":{"self":[{"href":"https:\/\/etnoart.eu\/lt\/wp-json\/wp\/v2\/product\/1583","targetHints":{"allow":["GET"]}}],"collection":[{"href":"https:\/\/etnoart.eu\/lt\/wp-json\/wp\/v2\/product"}],"about":[{"href":"https:\/\/etnoart.eu\/lt\/wp-json\/wp\/v2\/types\/product"}],"wp:featuredmedia":[{"embeddable":true,"href":"https:\/\/etnoart.eu\/lt\/wp-json\/wp\/v2\/media\/5873"}],"wp:attachment":[{"href":"https:\/\/etnoart.eu\/lt\/wp-json\/wp\/v2\/media?parent=1583"}],"wp:term":[{"taxonomy":"product_brand","embeddable":true,"href":"https:\/\/etnoart.eu\/lt\/wp-json\/wp\/v2\/product_brand?post=1583"},{"taxonomy":"product_cat","embeddable":true,"href":"https:\/\/etnoart.eu\/lt\/wp-json\/wp\/v2\/product_cat?post=1583"},{"taxonomy":"product_tag","embeddable":true,"href":"https:\/\/etnoart.eu\/lt\/wp-json\/wp\/v2\/product_tag?post=1583"}],"curies":[{"name":"wp","href":"https:\/\/api.w.org\/{rel}","templated":true}]}}