{"id":1463,"date":"2023-06-08T08:52:09","date_gmt":"2023-06-08T08:52:09","guid":{"rendered":"https:\/\/etnoart.amsel.ee\/?post_type=product&#038;p=1463"},"modified":"2025-04-08T07:18:23","modified_gmt":"2025-04-08T07:18:23","slug":"latthinged-90-cm","status":"publish","type":"product","link":"https:\/\/etnoart.eu\/lt\/toode\/latthinged-90-cm\/","title":{"rendered":"Latthinged 90 cm"},"content":{"rendered":"<p><strong>Latthinged 90 cm<\/strong> on tugevad ja vastupidavad k\u00e4sit\u00f6\u00f6na sepistatud uksehinged, mis on loodud just suuremate uste ja v\u00e4ravate jaoks. Viimistluseks on kasutatud traditsioonilist mustamist, mis r\u00f5hutab k\u00e4sit\u00f6\u00f6 iseloomu ning aitab v\u00e4hesel m\u00e4\u00e4ral ka korrosiooni eest kaitsta. Musta pinda on lihtne hooldada \u00f5lise lapiga.<\/p>\n<p>Hingede pikkus on 90 cm ning kaal ca 6 kg. Komplektis on 2 hingelatti, 2 sepistatud hingetappi (sagarat) ja 2 vastavat poldiga kinnitatavat sagarat (tapi-polti). Hingetapid kinnitatakse ukselengi silmuspoltide abil \u2013 nende l\u00e4bim\u00f5\u00f5t on 16 mm ja pikkus ca 14 cm.<\/p>\n<p>Paigaldamine:<br \/>\nLatthingede korrektseks paigaldamiseks on vajalikud t\u00f6\u00f6riistad nagu trell, puu- ja kivipuuri otsikud, haamer, mutriv\u00f5ti ning vajadusel ka keemiline ankur v\u00f5i m\u00fc\u00fcrisegu kivipostide puhul. Hinged kinnitatakse uksele nii, et poldid v\u00f5i kruvid l\u00e4bistavad ukse konstruktsiooni, tagades maksimaalse stabiilsuse. Hingede sagarad sobivad juhul, kui uks ja leng j\u00e4\u00e4vad samasse tasapinda \u2013 kui need j\u00e4\u00e4vad eri tasandile, saab tellida vastava m\u00f5\u00f5duga sagarad.<\/p>\n<p>Hingelattide ja sagarate \u00fchendamisel j\u00e4etakse v\u00e4ike l\u00f5tk, et uks saaks vabalt liikuda. Erilise tugevuse tagamiseks soovitatakse hingelati sagarapoolne ots kindlasti poldiga kinnitada. Sepanaelte kasutamisel soovitame need otsast k\u00f5veraks l\u00fc\u00fca ja kinnitada kobana \u2013 see tagab naela p\u00f6\u00f6rdumatu kinnitumise puitu.<\/p>\n<p>Komplektis:<\/p>\n<p>2 k\u00e4sit\u00f6\u00f6na sepistatud hingelatti<\/p>\n<p>2 hingetappi (sagarat)<\/p>\n<p>2 tapi-polti (sagarapolti)<br \/>\nNB! Uksele kinnitamiseks vajalikud poldid v\u00f5i kruvid ei kuulu komplekti.<\/p>\n<p>Peamised kasutuskohad:<br \/>\nIdeaalne lahendus talumajade, ajalooliste hoonete, palkmajade suurtele ustele ja v\u00e4ravatele. Hoiab alles traditsioonilise v\u00e4limuse ja lisab arhitektuurile tugeva ajaloolise h\u00f5ngu.<\/p>\n<p>Miks valida see toode?<br \/>\nTegemist on tugeva, kvaliteetse ja visuaalselt kauni lahendusega. K\u00e4sit\u00f6\u00f6na valmistatud, igati sobilik restauraatoritele ja neile, kes v\u00e4\u00e4rtustavad naturaalset puitarhitektuuri ja kordumatut v\u00e4limust.<\/p>\n<p>Sobib:<br \/>\nPalkmajade ehitajatele, restauraatoritele, ajaloolise arhitektuuri austajatele ja k\u00e4sit\u00f6\u00f6d hindavatele inimestele.<\/p>\n","protected":false},"excerpt":{"rendered":"<p>Latthinged 90 cm \u2013 K\u00e4sit\u00f6\u00f6na sepistatud tugevad ja mustatud viimistlusega suured uksehinged suurtele ustele ja v\u00e4ravatele. Sobib h\u00e4sti ajaloolise h\u00f5nguga hoonetele.<br \/>\n<strong>Kaal:<\/strong> 6 kg<br \/>\n<strong>Laius:<\/strong> 90cm<br \/>\n<strong>Toote viimistlus:<\/strong> Mustatud \u00f5liga<\/p>\n","protected":false},"featured_media":6057,"template":"","meta":[],"product_brand":[],"product_cat":[48],"product_tag":[],"class_list":{"0":"post-1463","1":"product","2":"type-product","3":"status-publish","4":"has-post-thumbnail","6":"product_cat-ukse-ja-aknahinged","7":"product_shipping_class-liiga-suur-pakiautomaadile","8":"has-post-title","9":"has-post-date","10":"has-post-category","11":"has-post-tag","12":"has-post-comment","13":"has-post-author","14":"","16":"first","17":"instock","18":"taxable","19":"shipping-taxable","20":"purchasable","21":"product-type-simple"},"yoast_head":"<!-- This site is optimized with the Yoast SEO plugin v27.4 - https:\/\/yoast.com\/product\/yoast-seo-wordpress\/ -->\n<title>Latthinged 90 cm |EtnoArt| Ukse ja aknahinged<\/title>\n<meta name=\"description\" content=\"Latthinged 90 cm \u2013 K\u00e4sit\u00f6\u00f6na sepistatud tugevad ja mustatud viimistlusega suured uksehinged suurtele ustele ja v\u00e4ravatele. Sobib ajaloolistele hoonetele.\" \/>\n<meta name=\"robots\" content=\"index, follow, max-snippet:-1, max-image-preview:large, max-video-preview:-1\" \/>\n<link rel=\"canonical\" href=\"https:\/\/etnoart.eu\/toode\/latthinged-90-cm\/\" \/>\n<meta property=\"og:locale\" content=\"lt_LT\" \/>\n<meta property=\"og:type\" content=\"article\" \/>\n<meta property=\"og:title\" content=\"Latthinged 90 cm |EtnoArt| Ukse ja aknahinged\" \/>\n<meta property=\"og:description\" content=\"Latthinged 90 cm \u2013 K\u00e4sit\u00f6\u00f6na sepistatud tugevad ja mustatud viimistlusega suured uksehinged suurtele ustele ja v\u00e4ravatele. Sobib ajaloolistele hoonetele.\" \/>\n<meta property=\"og:url\" content=\"https:\/\/etnoart.eu\/toode\/latthinged-90-cm\/\" \/>\n<meta property=\"og:site_name\" content=\"Etnoart\" \/>\n<meta property=\"article:publisher\" content=\"https:\/\/www.facebook.com\/etnoart.handicraft.shop\" \/>\n<meta property=\"article:modified_time\" content=\"2025-04-08T07:18:23+00:00\" \/>\n<meta property=\"og:image\" content=\"https:\/\/etnoart.eu\/wp-content\/uploads\/2023\/06\/Latthinged-90-cm.png\" \/>\n\t<meta property=\"og:image:width\" content=\"1500\" \/>\n\t<meta property=\"og:image:height\" content=\"1500\" \/>\n\t<meta property=\"og:image:type\" content=\"image\/png\" \/>\n<meta name=\"twitter:card\" content=\"summary_large_image\" \/>\n<meta name=\"twitter:label1\" content=\"Est. reading time\" \/>\n\t<meta name=\"twitter:data1\" content=\"2 minut\u0117s\" \/>\n<script type=\"application\/ld+json\" class=\"yoast-schema-graph\">{\"@context\":\"https:\\\/\\\/schema.org\",\"@graph\":[{\"@type\":\"WebPage\",\"@id\":\"https:\\\/\\\/etnoart.eu\\\/toode\\\/latthinged-90-cm\\\/\",\"url\":\"https:\\\/\\\/etnoart.eu\\\/toode\\\/latthinged-90-cm\\\/\",\"name\":\"Latthinged 90 cm |EtnoArt| Ukse ja aknahinged\",\"isPartOf\":{\"@id\":\"https:\\\/\\\/etnoart.eu\\\/#website\"},\"primaryImageOfPage\":{\"@id\":\"https:\\\/\\\/etnoart.eu\\\/toode\\\/latthinged-90-cm\\\/#primaryimage\"},\"image\":{\"@id\":\"https:\\\/\\\/etnoart.eu\\\/toode\\\/latthinged-90-cm\\\/#primaryimage\"},\"thumbnailUrl\":\"https:\\\/\\\/etnoart.eu\\\/wp-content\\\/uploads\\\/2023\\\/06\\\/Latthinged-90-cm.png\",\"datePublished\":\"2023-06-08T08:52:09+00:00\",\"dateModified\":\"2025-04-08T07:18:23+00:00\",\"description\":\"Latthinged 90 cm \u2013 K\u00e4sit\u00f6\u00f6na sepistatud tugevad ja mustatud viimistlusega suured uksehinged suurtele ustele ja v\u00e4ravatele. Sobib ajaloolistele hoonetele.\",\"breadcrumb\":{\"@id\":\"https:\\\/\\\/etnoart.eu\\\/toode\\\/latthinged-90-cm\\\/#breadcrumb\"},\"inLanguage\":\"lt-LT\",\"potentialAction\":[{\"@type\":\"ReadAction\",\"target\":[\"https:\\\/\\\/etnoart.eu\\\/toode\\\/latthinged-90-cm\\\/\"]}]},{\"@type\":\"ImageObject\",\"inLanguage\":\"lt-LT\",\"@id\":\"https:\\\/\\\/etnoart.eu\\\/toode\\\/latthinged-90-cm\\\/#primaryimage\",\"url\":\"https:\\\/\\\/etnoart.eu\\\/wp-content\\\/uploads\\\/2023\\\/06\\\/Latthinged-90-cm.png\",\"contentUrl\":\"https:\\\/\\\/etnoart.eu\\\/wp-content\\\/uploads\\\/2023\\\/06\\\/Latthinged-90-cm.png\",\"width\":1500,\"height\":1500,\"caption\":\"Latthinged 90 cm\"},{\"@type\":\"BreadcrumbList\",\"@id\":\"https:\\\/\\\/etnoart.eu\\\/toode\\\/latthinged-90-cm\\\/#breadcrumb\",\"itemListElement\":[{\"@type\":\"ListItem\",\"position\":1,\"name\":\"Home\",\"item\":\"https:\\\/\\\/etnoart.eu\\\/lt\\\/\"},{\"@type\":\"ListItem\",\"position\":2,\"name\":\"Pood\",\"item\":\"https:\\\/\\\/etnoart.eu\\\/lt\\\/shop\\\/\"},{\"@type\":\"ListItem\",\"position\":3,\"name\":\"Latthinged 90 cm\"}]},{\"@type\":\"WebSite\",\"@id\":\"https:\\\/\\\/etnoart.eu\\\/#website\",\"url\":\"https:\\\/\\\/etnoart.eu\\\/\",\"name\":\"Etnoart\",\"description\":\"K&auml;sit&ouml;&ouml;pood\",\"publisher\":{\"@id\":\"https:\\\/\\\/etnoart.eu\\\/#organization\"},\"potentialAction\":[{\"@type\":\"SearchAction\",\"target\":{\"@type\":\"EntryPoint\",\"urlTemplate\":\"https:\\\/\\\/etnoart.eu\\\/?s={search_term_string}\"},\"query-input\":{\"@type\":\"PropertyValueSpecification\",\"valueRequired\":true,\"valueName\":\"search_term_string\"}}],\"inLanguage\":\"lt-LT\"},{\"@type\":\"Organization\",\"@id\":\"https:\\\/\\\/etnoart.eu\\\/#organization\",\"name\":\"Etnoart O\u00dc\",\"url\":\"https:\\\/\\\/etnoart.eu\\\/\",\"logo\":{\"@type\":\"ImageObject\",\"inLanguage\":\"lt-LT\",\"@id\":\"https:\\\/\\\/etnoart.eu\\\/#\\\/schema\\\/logo\\\/image\\\/\",\"url\":\"https:\\\/\\\/etnoart.eu\\\/wp-content\\\/uploads\\\/2023\\\/06\\\/etnoart-logo.png\",\"contentUrl\":\"https:\\\/\\\/etnoart.eu\\\/wp-content\\\/uploads\\\/2023\\\/06\\\/etnoart-logo.png\",\"width\":491,\"height\":184,\"caption\":\"Etnoart O\u00dc\"},\"image\":{\"@id\":\"https:\\\/\\\/etnoart.eu\\\/#\\\/schema\\\/logo\\\/image\\\/\"},\"sameAs\":[\"https:\\\/\\\/www.facebook.com\\\/etnoart.handicraft.shop\"]}]}<\/script>\n<!-- \/ Yoast SEO plugin. -->","yoast_head_json":{"title":"Latthinged 90 cm |EtnoArt| Ukse ja aknahinged","description":"Latthinged 90 cm \u2013 K\u00e4sit\u00f6\u00f6na sepistatud tugevad ja mustatud viimistlusega suured uksehinged suurtele ustele ja v\u00e4ravatele. Sobib ajaloolistele hoonetele.","robots":{"index":"index","follow":"follow","max-snippet":"max-snippet:-1","max-image-preview":"max-image-preview:large","max-video-preview":"max-video-preview:-1"},"canonical":"https:\/\/etnoart.eu\/toode\/latthinged-90-cm\/","og_locale":"lt_LT","og_type":"article","og_title":"Latthinged 90 cm |EtnoArt| Ukse ja aknahinged","og_description":"Latthinged 90 cm \u2013 K\u00e4sit\u00f6\u00f6na sepistatud tugevad ja mustatud viimistlusega suured uksehinged suurtele ustele ja v\u00e4ravatele. Sobib ajaloolistele hoonetele.","og_url":"https:\/\/etnoart.eu\/toode\/latthinged-90-cm\/","og_site_name":"Etnoart","article_publisher":"https:\/\/www.facebook.com\/etnoart.handicraft.shop","article_modified_time":"2025-04-08T07:18:23+00:00","og_image":[{"width":1500,"height":1500,"url":"https:\/\/etnoart.eu\/wp-content\/uploads\/2023\/06\/Latthinged-90-cm.png","type":"image\/png"}],"twitter_card":"summary_large_image","twitter_misc":{"Est. reading time":"2 minut\u0117s"},"schema":{"@context":"https:\/\/schema.org","@graph":[{"@type":"WebPage","@id":"https:\/\/etnoart.eu\/toode\/latthinged-90-cm\/","url":"https:\/\/etnoart.eu\/toode\/latthinged-90-cm\/","name":"Latthinged 90 cm |EtnoArt| Ukse ja aknahinged","isPartOf":{"@id":"https:\/\/etnoart.eu\/#website"},"primaryImageOfPage":{"@id":"https:\/\/etnoart.eu\/toode\/latthinged-90-cm\/#primaryimage"},"image":{"@id":"https:\/\/etnoart.eu\/toode\/latthinged-90-cm\/#primaryimage"},"thumbnailUrl":"https:\/\/etnoart.eu\/wp-content\/uploads\/2023\/06\/Latthinged-90-cm.png","datePublished":"2023-06-08T08:52:09+00:00","dateModified":"2025-04-08T07:18:23+00:00","description":"Latthinged 90 cm \u2013 K\u00e4sit\u00f6\u00f6na sepistatud tugevad ja mustatud viimistlusega suured uksehinged suurtele ustele ja v\u00e4ravatele. Sobib ajaloolistele hoonetele.","breadcrumb":{"@id":"https:\/\/etnoart.eu\/toode\/latthinged-90-cm\/#breadcrumb"},"inLanguage":"lt-LT","potentialAction":[{"@type":"ReadAction","target":["https:\/\/etnoart.eu\/toode\/latthinged-90-cm\/"]}]},{"@type":"ImageObject","inLanguage":"lt-LT","@id":"https:\/\/etnoart.eu\/toode\/latthinged-90-cm\/#primaryimage","url":"https:\/\/etnoart.eu\/wp-content\/uploads\/2023\/06\/Latthinged-90-cm.png","contentUrl":"https:\/\/etnoart.eu\/wp-content\/uploads\/2023\/06\/Latthinged-90-cm.png","width":1500,"height":1500,"caption":"Latthinged 90 cm"},{"@type":"BreadcrumbList","@id":"https:\/\/etnoart.eu\/toode\/latthinged-90-cm\/#breadcrumb","itemListElement":[{"@type":"ListItem","position":1,"name":"Home","item":"https:\/\/etnoart.eu\/lt\/"},{"@type":"ListItem","position":2,"name":"Pood","item":"https:\/\/etnoart.eu\/lt\/shop\/"},{"@type":"ListItem","position":3,"name":"Latthinged 90 cm"}]},{"@type":"WebSite","@id":"https:\/\/etnoart.eu\/#website","url":"https:\/\/etnoart.eu\/","name":"Etnoart","description":"K&auml;sit&ouml;&ouml;pood","publisher":{"@id":"https:\/\/etnoart.eu\/#organization"},"potentialAction":[{"@type":"SearchAction","target":{"@type":"EntryPoint","urlTemplate":"https:\/\/etnoart.eu\/?s={search_term_string}"},"query-input":{"@type":"PropertyValueSpecification","valueRequired":true,"valueName":"search_term_string"}}],"inLanguage":"lt-LT"},{"@type":"Organization","@id":"https:\/\/etnoart.eu\/#organization","name":"Etnoart O\u00dc","url":"https:\/\/etnoart.eu\/","logo":{"@type":"ImageObject","inLanguage":"lt-LT","@id":"https:\/\/etnoart.eu\/#\/schema\/logo\/image\/","url":"https:\/\/etnoart.eu\/wp-content\/uploads\/2023\/06\/etnoart-logo.png","contentUrl":"https:\/\/etnoart.eu\/wp-content\/uploads\/2023\/06\/etnoart-logo.png","width":491,"height":184,"caption":"Etnoart O\u00dc"},"image":{"@id":"https:\/\/etnoart.eu\/#\/schema\/logo\/image\/"},"sameAs":["https:\/\/www.facebook.com\/etnoart.handicraft.shop"]}]}},"builder_content":"","_links":{"self":[{"href":"https:\/\/etnoart.eu\/lt\/wp-json\/wp\/v2\/product\/1463","targetHints":{"allow":["GET"]}}],"collection":[{"href":"https:\/\/etnoart.eu\/lt\/wp-json\/wp\/v2\/product"}],"about":[{"href":"https:\/\/etnoart.eu\/lt\/wp-json\/wp\/v2\/types\/product"}],"wp:featuredmedia":[{"embeddable":true,"href":"https:\/\/etnoart.eu\/lt\/wp-json\/wp\/v2\/media\/6057"}],"wp:attachment":[{"href":"https:\/\/etnoart.eu\/lt\/wp-json\/wp\/v2\/media?parent=1463"}],"wp:term":[{"taxonomy":"product_brand","embeddable":true,"href":"https:\/\/etnoart.eu\/lt\/wp-json\/wp\/v2\/product_brand?post=1463"},{"taxonomy":"product_cat","embeddable":true,"href":"https:\/\/etnoart.eu\/lt\/wp-json\/wp\/v2\/product_cat?post=1463"},{"taxonomy":"product_tag","embeddable":true,"href":"https:\/\/etnoart.eu\/lt\/wp-json\/wp\/v2\/product_tag?post=1463"}],"curies":[{"name":"wp","href":"https:\/\/api.w.org\/{rel}","templated":true}]}}