{"id":1358,"date":"2023-06-08T08:51:46","date_gmt":"2023-06-08T08:51:46","guid":{"rendered":"https:\/\/etnoart.amsel.ee\/?post_type=product&#038;p=1358"},"modified":"2025-03-17T13:33:33","modified_gmt":"2025-03-17T13:33:33","slug":"riidevarn-2-nagiga","status":"publish","type":"product","link":"https:\/\/etnoart.eu\/lt\/toode\/riidevarn-2-nagiga\/","title":{"rendered":"Riidevarn 2 nagiga"},"content":{"rendered":"<p>Sepistatud <strong>riidevarn 2 nagiga<\/strong> \u2013 vastupidav ja ruumis\u00e4\u00e4stlik lahendus<\/p>\n<p>See Riidevarn on praktiline ja tugev seinale kinnitatav nagi, mis sobib nii kitsastesse esikutesse kui ka suurematesse ruumidesse. Selle kaarde painutatud konstruktsioon tagab, et nagikonksud asetsevad seinast eemal, andes rohkem ruumi r\u00f5ivaste, m\u00fctside ja aksessuaaride riputamiseks.<\/p>\n<p>Nagil on kaks kaheosalise disainiga sepistatud konksu. Alumine konks on m\u00f5eldud mantlite, jakkide ja kottide jaoks, \u00fclemine aga m\u00fctside ja sallide riputamiseks. T\u00e4nu l\u00e4bim\u00f5eldud konstruktsioonile mahub riidevarn 2 nagiga ka v\u00e4iksematesse ruumidesse, pakkudes samas maksimaalset funktsionaalsust.<\/p>\n<p>Viimistluseks on kasutatud vastupidavat pulberlakki, mis moodustab l\u00e4bipaistva kaitsekihi. See s\u00e4ilitab metalli loomuliku tekstuuri ja annab tootele rustikaalse, kuid elegantse v\u00e4limuse. T\u00e4nu niiskuskindlale pinnat\u00f6\u00f6tlusele v\u00f5ib see toode olla kasutuses ka k\u00fctmata esikus, sauna eesruumis v\u00f5i muudes niiskemates tingimustes.<\/p>\n<p>See k\u00e4sitsi sepistatud nagi on ideaalne valik igasse kodusse, pakkudes nii praktilisust kui ka ajatut stiili.<\/p>\n","protected":false},"excerpt":{"rendered":"<p>Riidevarn 2 nagiga \u2013 k\u00e4sitsi sepistatud vastupidav nagi kaarekujulise disainiga. Pulberlakitud pind tagab kaitse ka niisketes tingimustes.<br \/>\n<strong>Kaal:<\/strong> 0,45 kg<br \/>\n<strong>Toote k\u00f5rgus:<\/strong> 15cm<br \/>\n<strong>Laius:<\/strong> 30cm<br \/>\n<strong>Toote kaal:<\/strong> 450g<br \/>\n<strong>Toote viimistlus:<\/strong> Matt pulberlakk<\/p>\n","protected":false},"featured_media":5530,"template":"","meta":[],"product_brand":[],"product_cat":[44],"product_tag":[],"class_list":{"0":"post-1358","1":"product","2":"type-product","3":"status-publish","4":"has-post-thumbnail","6":"product_cat-nagid-ja-lattnagid","7":"has-post-title","8":"has-post-date","9":"has-post-category","10":"has-post-tag","11":"has-post-comment","12":"has-post-author","13":"","15":"first","16":"instock","17":"taxable","18":"shipping-taxable","19":"purchasable","20":"product-type-simple"},"yoast_head":"<!-- This site is optimized with the Yoast SEO plugin v27.3 - https:\/\/yoast.com\/product\/yoast-seo-wordpress\/ -->\n<title>Riidevarn 2 nagiga |EtnoArt| Nagid ja lattnagid<\/title>\n<meta name=\"description\" content=\"Riidevarn 2 nagiga \u2013 k\u00e4sitsi sepistatud vastupidav nagi kaarekujulise disainiga. Pulberlakitud pind tagab kaitse ka niisketes tingimustes.\" \/>\n<meta name=\"robots\" content=\"index, follow, max-snippet:-1, max-image-preview:large, max-video-preview:-1\" \/>\n<link rel=\"canonical\" href=\"https:\/\/etnoart.eu\/toode\/riidevarn-2-nagiga\/\" \/>\n<meta property=\"og:locale\" content=\"lt_LT\" \/>\n<meta property=\"og:type\" content=\"article\" \/>\n<meta property=\"og:title\" content=\"Riidevarn 2 nagiga |EtnoArt| Nagid ja lattnagid\" \/>\n<meta property=\"og:description\" content=\"Riidevarn 2 nagiga \u2013 k\u00e4sitsi sepistatud vastupidav nagi kaarekujulise disainiga. Pulberlakitud pind tagab kaitse ka niisketes tingimustes.\" \/>\n<meta property=\"og:url\" content=\"https:\/\/etnoart.eu\/toode\/riidevarn-2-nagiga\/\" \/>\n<meta property=\"og:site_name\" content=\"Etnoart\" \/>\n<meta property=\"article:publisher\" content=\"https:\/\/www.facebook.com\/etnoart.handicraft.shop\" \/>\n<meta property=\"article:modified_time\" content=\"2025-03-17T13:33:33+00:00\" \/>\n<meta property=\"og:image\" content=\"https:\/\/etnoart.eu\/wp-content\/uploads\/2023\/06\/Seinaan-kiinnitettava-takorautainen-naulakko-2-koukulla-Riidevarn-2-nagiga-Wandgarderobe-aus-Schmiedeeisen-mit-2-Haken-Hand-Forged-Wall-Hook-Rack-with-2-Hooks.png\" \/>\n\t<meta property=\"og:image:width\" content=\"1200\" \/>\n\t<meta property=\"og:image:height\" content=\"1200\" \/>\n\t<meta property=\"og:image:type\" content=\"image\/png\" \/>\n<meta name=\"twitter:card\" content=\"summary_large_image\" \/>\n<meta name=\"twitter:label1\" content=\"Est. reading time\" \/>\n\t<meta name=\"twitter:data1\" content=\"1 minut\u0117\" \/>\n<script type=\"application\/ld+json\" class=\"yoast-schema-graph\">{\"@context\":\"https:\\\/\\\/schema.org\",\"@graph\":[{\"@type\":\"WebPage\",\"@id\":\"https:\\\/\\\/etnoart.eu\\\/toode\\\/riidevarn-2-nagiga\\\/\",\"url\":\"https:\\\/\\\/etnoart.eu\\\/toode\\\/riidevarn-2-nagiga\\\/\",\"name\":\"Riidevarn 2 nagiga |EtnoArt| Nagid ja lattnagid\",\"isPartOf\":{\"@id\":\"https:\\\/\\\/etnoart.eu\\\/#website\"},\"primaryImageOfPage\":{\"@id\":\"https:\\\/\\\/etnoart.eu\\\/toode\\\/riidevarn-2-nagiga\\\/#primaryimage\"},\"image\":{\"@id\":\"https:\\\/\\\/etnoart.eu\\\/toode\\\/riidevarn-2-nagiga\\\/#primaryimage\"},\"thumbnailUrl\":\"https:\\\/\\\/etnoart.eu\\\/wp-content\\\/uploads\\\/2023\\\/06\\\/Seinaan-kiinnitettava-takorautainen-naulakko-2-koukulla-Riidevarn-2-nagiga-Wandgarderobe-aus-Schmiedeeisen-mit-2-Haken-Hand-Forged-Wall-Hook-Rack-with-2-Hooks.png\",\"datePublished\":\"2023-06-08T08:51:46+00:00\",\"dateModified\":\"2025-03-17T13:33:33+00:00\",\"description\":\"Riidevarn 2 nagiga \u2013 k\u00e4sitsi sepistatud vastupidav nagi kaarekujulise disainiga. Pulberlakitud pind tagab kaitse ka niisketes tingimustes.\",\"breadcrumb\":{\"@id\":\"https:\\\/\\\/etnoart.eu\\\/toode\\\/riidevarn-2-nagiga\\\/#breadcrumb\"},\"inLanguage\":\"lt-LT\",\"potentialAction\":[{\"@type\":\"ReadAction\",\"target\":[\"https:\\\/\\\/etnoart.eu\\\/toode\\\/riidevarn-2-nagiga\\\/\"]}]},{\"@type\":\"ImageObject\",\"inLanguage\":\"lt-LT\",\"@id\":\"https:\\\/\\\/etnoart.eu\\\/toode\\\/riidevarn-2-nagiga\\\/#primaryimage\",\"url\":\"https:\\\/\\\/etnoart.eu\\\/wp-content\\\/uploads\\\/2023\\\/06\\\/Seinaan-kiinnitettava-takorautainen-naulakko-2-koukulla-Riidevarn-2-nagiga-Wandgarderobe-aus-Schmiedeeisen-mit-2-Haken-Hand-Forged-Wall-Hook-Rack-with-2-Hooks.png\",\"contentUrl\":\"https:\\\/\\\/etnoart.eu\\\/wp-content\\\/uploads\\\/2023\\\/06\\\/Seinaan-kiinnitettava-takorautainen-naulakko-2-koukulla-Riidevarn-2-nagiga-Wandgarderobe-aus-Schmiedeeisen-mit-2-Haken-Hand-Forged-Wall-Hook-Rack-with-2-Hooks.png\",\"width\":1200,\"height\":1200,\"caption\":\"Riidevarn 2 nagiga\"},{\"@type\":\"BreadcrumbList\",\"@id\":\"https:\\\/\\\/etnoart.eu\\\/toode\\\/riidevarn-2-nagiga\\\/#breadcrumb\",\"itemListElement\":[{\"@type\":\"ListItem\",\"position\":1,\"name\":\"Home\",\"item\":\"https:\\\/\\\/etnoart.eu\\\/lt\\\/\"},{\"@type\":\"ListItem\",\"position\":2,\"name\":\"Pood\",\"item\":\"https:\\\/\\\/etnoart.eu\\\/lt\\\/shop\\\/\"},{\"@type\":\"ListItem\",\"position\":3,\"name\":\"Riidevarn 2 nagiga\"}]},{\"@type\":\"WebSite\",\"@id\":\"https:\\\/\\\/etnoart.eu\\\/#website\",\"url\":\"https:\\\/\\\/etnoart.eu\\\/\",\"name\":\"Etnoart\",\"description\":\"K&auml;sit&ouml;&ouml;pood\",\"publisher\":{\"@id\":\"https:\\\/\\\/etnoart.eu\\\/#organization\"},\"potentialAction\":[{\"@type\":\"SearchAction\",\"target\":{\"@type\":\"EntryPoint\",\"urlTemplate\":\"https:\\\/\\\/etnoart.eu\\\/?s={search_term_string}\"},\"query-input\":{\"@type\":\"PropertyValueSpecification\",\"valueRequired\":true,\"valueName\":\"search_term_string\"}}],\"inLanguage\":\"lt-LT\"},{\"@type\":\"Organization\",\"@id\":\"https:\\\/\\\/etnoart.eu\\\/#organization\",\"name\":\"Etnoart O\u00dc\",\"url\":\"https:\\\/\\\/etnoart.eu\\\/\",\"logo\":{\"@type\":\"ImageObject\",\"inLanguage\":\"lt-LT\",\"@id\":\"https:\\\/\\\/etnoart.eu\\\/#\\\/schema\\\/logo\\\/image\\\/\",\"url\":\"https:\\\/\\\/etnoart.eu\\\/wp-content\\\/uploads\\\/2023\\\/06\\\/etnoart-logo.png\",\"contentUrl\":\"https:\\\/\\\/etnoart.eu\\\/wp-content\\\/uploads\\\/2023\\\/06\\\/etnoart-logo.png\",\"width\":491,\"height\":184,\"caption\":\"Etnoart O\u00dc\"},\"image\":{\"@id\":\"https:\\\/\\\/etnoart.eu\\\/#\\\/schema\\\/logo\\\/image\\\/\"},\"sameAs\":[\"https:\\\/\\\/www.facebook.com\\\/etnoart.handicraft.shop\"]}]}<\/script>\n<!-- \/ Yoast SEO plugin. -->","yoast_head_json":{"title":"Riidevarn 2 nagiga |EtnoArt| Nagid ja lattnagid","description":"Riidevarn 2 nagiga \u2013 k\u00e4sitsi sepistatud vastupidav nagi kaarekujulise disainiga. Pulberlakitud pind tagab kaitse ka niisketes tingimustes.","robots":{"index":"index","follow":"follow","max-snippet":"max-snippet:-1","max-image-preview":"max-image-preview:large","max-video-preview":"max-video-preview:-1"},"canonical":"https:\/\/etnoart.eu\/toode\/riidevarn-2-nagiga\/","og_locale":"lt_LT","og_type":"article","og_title":"Riidevarn 2 nagiga |EtnoArt| Nagid ja lattnagid","og_description":"Riidevarn 2 nagiga \u2013 k\u00e4sitsi sepistatud vastupidav nagi kaarekujulise disainiga. Pulberlakitud pind tagab kaitse ka niisketes tingimustes.","og_url":"https:\/\/etnoart.eu\/toode\/riidevarn-2-nagiga\/","og_site_name":"Etnoart","article_publisher":"https:\/\/www.facebook.com\/etnoart.handicraft.shop","article_modified_time":"2025-03-17T13:33:33+00:00","og_image":[{"width":1200,"height":1200,"url":"https:\/\/etnoart.eu\/wp-content\/uploads\/2023\/06\/Seinaan-kiinnitettava-takorautainen-naulakko-2-koukulla-Riidevarn-2-nagiga-Wandgarderobe-aus-Schmiedeeisen-mit-2-Haken-Hand-Forged-Wall-Hook-Rack-with-2-Hooks.png","type":"image\/png"}],"twitter_card":"summary_large_image","twitter_misc":{"Est. reading time":"1 minut\u0117"},"schema":{"@context":"https:\/\/schema.org","@graph":[{"@type":"WebPage","@id":"https:\/\/etnoart.eu\/toode\/riidevarn-2-nagiga\/","url":"https:\/\/etnoart.eu\/toode\/riidevarn-2-nagiga\/","name":"Riidevarn 2 nagiga |EtnoArt| Nagid ja lattnagid","isPartOf":{"@id":"https:\/\/etnoart.eu\/#website"},"primaryImageOfPage":{"@id":"https:\/\/etnoart.eu\/toode\/riidevarn-2-nagiga\/#primaryimage"},"image":{"@id":"https:\/\/etnoart.eu\/toode\/riidevarn-2-nagiga\/#primaryimage"},"thumbnailUrl":"https:\/\/etnoart.eu\/wp-content\/uploads\/2023\/06\/Seinaan-kiinnitettava-takorautainen-naulakko-2-koukulla-Riidevarn-2-nagiga-Wandgarderobe-aus-Schmiedeeisen-mit-2-Haken-Hand-Forged-Wall-Hook-Rack-with-2-Hooks.png","datePublished":"2023-06-08T08:51:46+00:00","dateModified":"2025-03-17T13:33:33+00:00","description":"Riidevarn 2 nagiga \u2013 k\u00e4sitsi sepistatud vastupidav nagi kaarekujulise disainiga. Pulberlakitud pind tagab kaitse ka niisketes tingimustes.","breadcrumb":{"@id":"https:\/\/etnoart.eu\/toode\/riidevarn-2-nagiga\/#breadcrumb"},"inLanguage":"lt-LT","potentialAction":[{"@type":"ReadAction","target":["https:\/\/etnoart.eu\/toode\/riidevarn-2-nagiga\/"]}]},{"@type":"ImageObject","inLanguage":"lt-LT","@id":"https:\/\/etnoart.eu\/toode\/riidevarn-2-nagiga\/#primaryimage","url":"https:\/\/etnoart.eu\/wp-content\/uploads\/2023\/06\/Seinaan-kiinnitettava-takorautainen-naulakko-2-koukulla-Riidevarn-2-nagiga-Wandgarderobe-aus-Schmiedeeisen-mit-2-Haken-Hand-Forged-Wall-Hook-Rack-with-2-Hooks.png","contentUrl":"https:\/\/etnoart.eu\/wp-content\/uploads\/2023\/06\/Seinaan-kiinnitettava-takorautainen-naulakko-2-koukulla-Riidevarn-2-nagiga-Wandgarderobe-aus-Schmiedeeisen-mit-2-Haken-Hand-Forged-Wall-Hook-Rack-with-2-Hooks.png","width":1200,"height":1200,"caption":"Riidevarn 2 nagiga"},{"@type":"BreadcrumbList","@id":"https:\/\/etnoart.eu\/toode\/riidevarn-2-nagiga\/#breadcrumb","itemListElement":[{"@type":"ListItem","position":1,"name":"Home","item":"https:\/\/etnoart.eu\/lt\/"},{"@type":"ListItem","position":2,"name":"Pood","item":"https:\/\/etnoart.eu\/lt\/shop\/"},{"@type":"ListItem","position":3,"name":"Riidevarn 2 nagiga"}]},{"@type":"WebSite","@id":"https:\/\/etnoart.eu\/#website","url":"https:\/\/etnoart.eu\/","name":"Etnoart","description":"K&auml;sit&ouml;&ouml;pood","publisher":{"@id":"https:\/\/etnoart.eu\/#organization"},"potentialAction":[{"@type":"SearchAction","target":{"@type":"EntryPoint","urlTemplate":"https:\/\/etnoart.eu\/?s={search_term_string}"},"query-input":{"@type":"PropertyValueSpecification","valueRequired":true,"valueName":"search_term_string"}}],"inLanguage":"lt-LT"},{"@type":"Organization","@id":"https:\/\/etnoart.eu\/#organization","name":"Etnoart O\u00dc","url":"https:\/\/etnoart.eu\/","logo":{"@type":"ImageObject","inLanguage":"lt-LT","@id":"https:\/\/etnoart.eu\/#\/schema\/logo\/image\/","url":"https:\/\/etnoart.eu\/wp-content\/uploads\/2023\/06\/etnoart-logo.png","contentUrl":"https:\/\/etnoart.eu\/wp-content\/uploads\/2023\/06\/etnoart-logo.png","width":491,"height":184,"caption":"Etnoart O\u00dc"},"image":{"@id":"https:\/\/etnoart.eu\/#\/schema\/logo\/image\/"},"sameAs":["https:\/\/www.facebook.com\/etnoart.handicraft.shop"]}]}},"builder_content":"","_links":{"self":[{"href":"https:\/\/etnoart.eu\/lt\/wp-json\/wp\/v2\/product\/1358","targetHints":{"allow":["GET"]}}],"collection":[{"href":"https:\/\/etnoart.eu\/lt\/wp-json\/wp\/v2\/product"}],"about":[{"href":"https:\/\/etnoart.eu\/lt\/wp-json\/wp\/v2\/types\/product"}],"wp:featuredmedia":[{"embeddable":true,"href":"https:\/\/etnoart.eu\/lt\/wp-json\/wp\/v2\/media\/5530"}],"wp:attachment":[{"href":"https:\/\/etnoart.eu\/lt\/wp-json\/wp\/v2\/media?parent=1358"}],"wp:term":[{"taxonomy":"product_brand","embeddable":true,"href":"https:\/\/etnoart.eu\/lt\/wp-json\/wp\/v2\/product_brand?post=1358"},{"taxonomy":"product_cat","embeddable":true,"href":"https:\/\/etnoart.eu\/lt\/wp-json\/wp\/v2\/product_cat?post=1358"},{"taxonomy":"product_tag","embeddable":true,"href":"https:\/\/etnoart.eu\/lt\/wp-json\/wp\/v2\/product_tag?post=1358"}],"curies":[{"name":"wp","href":"https:\/\/api.w.org\/{rel}","templated":true}]}}