{"id":1356,"date":"2023-06-08T08:51:46","date_gmt":"2023-06-08T08:51:46","guid":{"rendered":"https:\/\/etnoart.amsel.ee\/?post_type=product&#038;p=1356"},"modified":"2025-12-20T09:39:28","modified_gmt":"2025-12-20T09:39:28","slug":"sepistatud-nagi-seinale","status":"publish","type":"product","link":"https:\/\/etnoart.eu\/lt\/toode\/sepistatud-nagi-seinale\/","title":{"rendered":"Sepistatud nagi seinale"},"content":{"rendered":"<p><strong>Sepistatud nagi seinale<\/strong> on ainulaadne k\u00e4sit\u00f6\u00f6na valminud metallist riidenagi, mis \u00fchendab tugevuse ja dekoratiivse sepistustehnika. Nagilatt on tugevasti kaares, mis annab rohkem ruumi riiete, mantlite ja aksessuaaride riputamiseks. Viis vastupidavat metallist konksu on kindlalt aluslatile needitud, tagades pika kasutusea ja suure kandev\u00f5ime.<\/p>\n<p>Nagilati otsad on sepat\u00f6\u00f6 v\u00f5tteid kasutades l\u00f5hestatud, andes sellele unikaalse ja rustikaalse v\u00e4limuse. \u00dcks l\u00f5hestatud osa on keeratud allapoole vastu seina, mis lisab konstruktsioonile t\u00e4iendavat stabiilsust ja v\u00f5imaldab kanda ka raskemaid esemeid.<\/p>\n<p>Viimistluseks on kasutatud kvaliteetset pulberlakki. Selle l\u00e4bipaistev kiht j\u00e4tab n\u00e4htavale sepistatud metalli loomuliku tekstuuri ja mustrid, kuid tagab parema kaitse niiskuse ja kulumise vastu kui tavaline lakk.<\/p>\n<p>Sepistatud nagi seinale suurep\u00e4raselt nii esikusse, garderoobi kui ka k\u00f6\u00f6ki, andes interj\u00f6\u00f6rile elegantse ja ajatu sepiselemendi.<\/p>\n","protected":false},"excerpt":{"rendered":"<p>Sepistatud nagi seinale viie tugeva metallkonksuga. Kaarjas disain, needitud kinnitused ja pulberlakiga viimistlus tagavad vastupidavuse ja stiili.<br \/>\n<strong>Kaal:<\/strong> 1,9 kg<br \/>\n<strong>Toote k\u00f5rgus:<\/strong> 24cm<br \/>\n<strong>Laius:<\/strong> 68cm<br \/>\n<strong>Toote kaal:<\/strong> 1,8kg<br \/>\n<strong>Toote viimistlus:<\/strong> Matt pulberlakk<\/p>\n","protected":false},"featured_media":5500,"template":"","meta":[],"product_brand":[],"product_cat":[44],"product_tag":[],"class_list":{"0":"post-1356","1":"product","2":"type-product","3":"status-publish","4":"has-post-thumbnail","6":"product_cat-nagid-ja-lattnagid","7":"has-post-title","8":"has-post-date","9":"has-post-category","10":"has-post-tag","11":"has-post-comment","12":"has-post-author","13":"","15":"first","16":"instock","17":"taxable","18":"shipping-taxable","19":"purchasable","20":"product-type-simple"},"yoast_head":"<!-- This site is optimized with the Yoast SEO plugin v27.4 - https:\/\/yoast.com\/product\/yoast-seo-wordpress\/ -->\n<title>Sepistatud nagi seinale |EtnoArt| Nagid ja lattnagid<\/title>\n<meta name=\"description\" content=\"Sepistatud nagi seinale viie tugeva metallkonksuga. Kaarjas disain, needitud kinnitused ja pulberlakiga viimistlus tagavad vastupidavuse ja stiili.\" \/>\n<meta name=\"robots\" content=\"index, follow, max-snippet:-1, max-image-preview:large, max-video-preview:-1\" \/>\n<link rel=\"canonical\" href=\"https:\/\/etnoart.eu\/toode\/sepistatud-nagi-seinale\/\" \/>\n<meta property=\"og:locale\" content=\"lt_LT\" \/>\n<meta property=\"og:type\" content=\"article\" \/>\n<meta property=\"og:title\" content=\"Sepistatud nagi seinale |EtnoArt| Nagid ja lattnagid\" \/>\n<meta property=\"og:description\" content=\"Sepistatud nagi seinale viie tugeva metallkonksuga. Kaarjas disain, needitud kinnitused ja pulberlakiga viimistlus tagavad vastupidavuse ja stiili.\" \/>\n<meta property=\"og:url\" content=\"https:\/\/etnoart.eu\/toode\/sepistatud-nagi-seinale\/\" \/>\n<meta property=\"og:site_name\" content=\"Etnoart\" \/>\n<meta property=\"article:publisher\" content=\"https:\/\/www.facebook.com\/etnoart.handicraft.shop\" \/>\n<meta property=\"article:modified_time\" content=\"2025-12-20T09:39:28+00:00\" \/>\n<meta property=\"og:image\" content=\"https:\/\/etnoart.eu\/wp-content\/uploads\/2023\/06\/Kasintaottu-seinanaulakko-viidella-koukulla-Hand-Forged-Wall-Mounted-Coat-Rack-with-5-Hooks-Sepistatud-nagi-seinale-Handgeschmiedete-Wandgarderobe-mit-5-Haken.png\" \/>\n\t<meta property=\"og:image:width\" content=\"1000\" \/>\n\t<meta property=\"og:image:height\" content=\"1000\" \/>\n\t<meta property=\"og:image:type\" content=\"image\/png\" \/>\n<meta name=\"twitter:card\" content=\"summary_large_image\" \/>\n<meta name=\"twitter:label1\" content=\"Est. reading time\" \/>\n\t<meta name=\"twitter:data1\" content=\"1 minut\u0117\" \/>\n<script type=\"application\/ld+json\" class=\"yoast-schema-graph\">{\"@context\":\"https:\\\/\\\/schema.org\",\"@graph\":[{\"@type\":\"WebPage\",\"@id\":\"https:\\\/\\\/etnoart.eu\\\/toode\\\/sepistatud-nagi-seinale\\\/\",\"url\":\"https:\\\/\\\/etnoart.eu\\\/toode\\\/sepistatud-nagi-seinale\\\/\",\"name\":\"Sepistatud nagi seinale |EtnoArt| Nagid ja lattnagid\",\"isPartOf\":{\"@id\":\"https:\\\/\\\/etnoart.eu\\\/#website\"},\"primaryImageOfPage\":{\"@id\":\"https:\\\/\\\/etnoart.eu\\\/toode\\\/sepistatud-nagi-seinale\\\/#primaryimage\"},\"image\":{\"@id\":\"https:\\\/\\\/etnoart.eu\\\/toode\\\/sepistatud-nagi-seinale\\\/#primaryimage\"},\"thumbnailUrl\":\"https:\\\/\\\/etnoart.eu\\\/wp-content\\\/uploads\\\/2023\\\/06\\\/Kasintaottu-seinanaulakko-viidella-koukulla-Hand-Forged-Wall-Mounted-Coat-Rack-with-5-Hooks-Sepistatud-nagi-seinale-Handgeschmiedete-Wandgarderobe-mit-5-Haken.png\",\"datePublished\":\"2023-06-08T08:51:46+00:00\",\"dateModified\":\"2025-12-20T09:39:28+00:00\",\"description\":\"Sepistatud nagi seinale viie tugeva metallkonksuga. Kaarjas disain, needitud kinnitused ja pulberlakiga viimistlus tagavad vastupidavuse ja stiili.\",\"breadcrumb\":{\"@id\":\"https:\\\/\\\/etnoart.eu\\\/toode\\\/sepistatud-nagi-seinale\\\/#breadcrumb\"},\"inLanguage\":\"lt-LT\",\"potentialAction\":[{\"@type\":\"ReadAction\",\"target\":[\"https:\\\/\\\/etnoart.eu\\\/toode\\\/sepistatud-nagi-seinale\\\/\"]}]},{\"@type\":\"ImageObject\",\"inLanguage\":\"lt-LT\",\"@id\":\"https:\\\/\\\/etnoart.eu\\\/toode\\\/sepistatud-nagi-seinale\\\/#primaryimage\",\"url\":\"https:\\\/\\\/etnoart.eu\\\/wp-content\\\/uploads\\\/2023\\\/06\\\/Kasintaottu-seinanaulakko-viidella-koukulla-Hand-Forged-Wall-Mounted-Coat-Rack-with-5-Hooks-Sepistatud-nagi-seinale-Handgeschmiedete-Wandgarderobe-mit-5-Haken.png\",\"contentUrl\":\"https:\\\/\\\/etnoart.eu\\\/wp-content\\\/uploads\\\/2023\\\/06\\\/Kasintaottu-seinanaulakko-viidella-koukulla-Hand-Forged-Wall-Mounted-Coat-Rack-with-5-Hooks-Sepistatud-nagi-seinale-Handgeschmiedete-Wandgarderobe-mit-5-Haken.png\",\"width\":1000,\"height\":1000,\"caption\":\"Sepistatud nagi seinale\"},{\"@type\":\"BreadcrumbList\",\"@id\":\"https:\\\/\\\/etnoart.eu\\\/toode\\\/sepistatud-nagi-seinale\\\/#breadcrumb\",\"itemListElement\":[{\"@type\":\"ListItem\",\"position\":1,\"name\":\"Home\",\"item\":\"https:\\\/\\\/etnoart.eu\\\/lt\\\/\"},{\"@type\":\"ListItem\",\"position\":2,\"name\":\"Pood\",\"item\":\"https:\\\/\\\/etnoart.eu\\\/lt\\\/shop\\\/\"},{\"@type\":\"ListItem\",\"position\":3,\"name\":\"Sepistatud nagi seinale\"}]},{\"@type\":\"WebSite\",\"@id\":\"https:\\\/\\\/etnoart.eu\\\/#website\",\"url\":\"https:\\\/\\\/etnoart.eu\\\/\",\"name\":\"Etnoart\",\"description\":\"K&auml;sit&ouml;&ouml;pood\",\"publisher\":{\"@id\":\"https:\\\/\\\/etnoart.eu\\\/#organization\"},\"potentialAction\":[{\"@type\":\"SearchAction\",\"target\":{\"@type\":\"EntryPoint\",\"urlTemplate\":\"https:\\\/\\\/etnoart.eu\\\/?s={search_term_string}\"},\"query-input\":{\"@type\":\"PropertyValueSpecification\",\"valueRequired\":true,\"valueName\":\"search_term_string\"}}],\"inLanguage\":\"lt-LT\"},{\"@type\":\"Organization\",\"@id\":\"https:\\\/\\\/etnoart.eu\\\/#organization\",\"name\":\"Etnoart O\u00dc\",\"url\":\"https:\\\/\\\/etnoart.eu\\\/\",\"logo\":{\"@type\":\"ImageObject\",\"inLanguage\":\"lt-LT\",\"@id\":\"https:\\\/\\\/etnoart.eu\\\/#\\\/schema\\\/logo\\\/image\\\/\",\"url\":\"https:\\\/\\\/etnoart.eu\\\/wp-content\\\/uploads\\\/2023\\\/06\\\/etnoart-logo.png\",\"contentUrl\":\"https:\\\/\\\/etnoart.eu\\\/wp-content\\\/uploads\\\/2023\\\/06\\\/etnoart-logo.png\",\"width\":491,\"height\":184,\"caption\":\"Etnoart O\u00dc\"},\"image\":{\"@id\":\"https:\\\/\\\/etnoart.eu\\\/#\\\/schema\\\/logo\\\/image\\\/\"},\"sameAs\":[\"https:\\\/\\\/www.facebook.com\\\/etnoart.handicraft.shop\"]}]}<\/script>\n<!-- \/ Yoast SEO plugin. -->","yoast_head_json":{"title":"Sepistatud nagi seinale |EtnoArt| Nagid ja lattnagid","description":"Sepistatud nagi seinale viie tugeva metallkonksuga. Kaarjas disain, needitud kinnitused ja pulberlakiga viimistlus tagavad vastupidavuse ja stiili.","robots":{"index":"index","follow":"follow","max-snippet":"max-snippet:-1","max-image-preview":"max-image-preview:large","max-video-preview":"max-video-preview:-1"},"canonical":"https:\/\/etnoart.eu\/toode\/sepistatud-nagi-seinale\/","og_locale":"lt_LT","og_type":"article","og_title":"Sepistatud nagi seinale |EtnoArt| Nagid ja lattnagid","og_description":"Sepistatud nagi seinale viie tugeva metallkonksuga. Kaarjas disain, needitud kinnitused ja pulberlakiga viimistlus tagavad vastupidavuse ja stiili.","og_url":"https:\/\/etnoart.eu\/toode\/sepistatud-nagi-seinale\/","og_site_name":"Etnoart","article_publisher":"https:\/\/www.facebook.com\/etnoart.handicraft.shop","article_modified_time":"2025-12-20T09:39:28+00:00","og_image":[{"width":1000,"height":1000,"url":"https:\/\/etnoart.eu\/wp-content\/uploads\/2023\/06\/Kasintaottu-seinanaulakko-viidella-koukulla-Hand-Forged-Wall-Mounted-Coat-Rack-with-5-Hooks-Sepistatud-nagi-seinale-Handgeschmiedete-Wandgarderobe-mit-5-Haken.png","type":"image\/png"}],"twitter_card":"summary_large_image","twitter_misc":{"Est. reading time":"1 minut\u0117"},"schema":{"@context":"https:\/\/schema.org","@graph":[{"@type":"WebPage","@id":"https:\/\/etnoart.eu\/toode\/sepistatud-nagi-seinale\/","url":"https:\/\/etnoart.eu\/toode\/sepistatud-nagi-seinale\/","name":"Sepistatud nagi seinale |EtnoArt| Nagid ja lattnagid","isPartOf":{"@id":"https:\/\/etnoart.eu\/#website"},"primaryImageOfPage":{"@id":"https:\/\/etnoart.eu\/toode\/sepistatud-nagi-seinale\/#primaryimage"},"image":{"@id":"https:\/\/etnoart.eu\/toode\/sepistatud-nagi-seinale\/#primaryimage"},"thumbnailUrl":"https:\/\/etnoart.eu\/wp-content\/uploads\/2023\/06\/Kasintaottu-seinanaulakko-viidella-koukulla-Hand-Forged-Wall-Mounted-Coat-Rack-with-5-Hooks-Sepistatud-nagi-seinale-Handgeschmiedete-Wandgarderobe-mit-5-Haken.png","datePublished":"2023-06-08T08:51:46+00:00","dateModified":"2025-12-20T09:39:28+00:00","description":"Sepistatud nagi seinale viie tugeva metallkonksuga. Kaarjas disain, needitud kinnitused ja pulberlakiga viimistlus tagavad vastupidavuse ja stiili.","breadcrumb":{"@id":"https:\/\/etnoart.eu\/toode\/sepistatud-nagi-seinale\/#breadcrumb"},"inLanguage":"lt-LT","potentialAction":[{"@type":"ReadAction","target":["https:\/\/etnoart.eu\/toode\/sepistatud-nagi-seinale\/"]}]},{"@type":"ImageObject","inLanguage":"lt-LT","@id":"https:\/\/etnoart.eu\/toode\/sepistatud-nagi-seinale\/#primaryimage","url":"https:\/\/etnoart.eu\/wp-content\/uploads\/2023\/06\/Kasintaottu-seinanaulakko-viidella-koukulla-Hand-Forged-Wall-Mounted-Coat-Rack-with-5-Hooks-Sepistatud-nagi-seinale-Handgeschmiedete-Wandgarderobe-mit-5-Haken.png","contentUrl":"https:\/\/etnoart.eu\/wp-content\/uploads\/2023\/06\/Kasintaottu-seinanaulakko-viidella-koukulla-Hand-Forged-Wall-Mounted-Coat-Rack-with-5-Hooks-Sepistatud-nagi-seinale-Handgeschmiedete-Wandgarderobe-mit-5-Haken.png","width":1000,"height":1000,"caption":"Sepistatud nagi seinale"},{"@type":"BreadcrumbList","@id":"https:\/\/etnoart.eu\/toode\/sepistatud-nagi-seinale\/#breadcrumb","itemListElement":[{"@type":"ListItem","position":1,"name":"Home","item":"https:\/\/etnoart.eu\/lt\/"},{"@type":"ListItem","position":2,"name":"Pood","item":"https:\/\/etnoart.eu\/lt\/shop\/"},{"@type":"ListItem","position":3,"name":"Sepistatud nagi seinale"}]},{"@type":"WebSite","@id":"https:\/\/etnoart.eu\/#website","url":"https:\/\/etnoart.eu\/","name":"Etnoart","description":"K&auml;sit&ouml;&ouml;pood","publisher":{"@id":"https:\/\/etnoart.eu\/#organization"},"potentialAction":[{"@type":"SearchAction","target":{"@type":"EntryPoint","urlTemplate":"https:\/\/etnoart.eu\/?s={search_term_string}"},"query-input":{"@type":"PropertyValueSpecification","valueRequired":true,"valueName":"search_term_string"}}],"inLanguage":"lt-LT"},{"@type":"Organization","@id":"https:\/\/etnoart.eu\/#organization","name":"Etnoart O\u00dc","url":"https:\/\/etnoart.eu\/","logo":{"@type":"ImageObject","inLanguage":"lt-LT","@id":"https:\/\/etnoart.eu\/#\/schema\/logo\/image\/","url":"https:\/\/etnoart.eu\/wp-content\/uploads\/2023\/06\/etnoart-logo.png","contentUrl":"https:\/\/etnoart.eu\/wp-content\/uploads\/2023\/06\/etnoart-logo.png","width":491,"height":184,"caption":"Etnoart O\u00dc"},"image":{"@id":"https:\/\/etnoart.eu\/#\/schema\/logo\/image\/"},"sameAs":["https:\/\/www.facebook.com\/etnoart.handicraft.shop"]}]}},"builder_content":"","_links":{"self":[{"href":"https:\/\/etnoart.eu\/lt\/wp-json\/wp\/v2\/product\/1356","targetHints":{"allow":["GET"]}}],"collection":[{"href":"https:\/\/etnoart.eu\/lt\/wp-json\/wp\/v2\/product"}],"about":[{"href":"https:\/\/etnoart.eu\/lt\/wp-json\/wp\/v2\/types\/product"}],"wp:featuredmedia":[{"embeddable":true,"href":"https:\/\/etnoart.eu\/lt\/wp-json\/wp\/v2\/media\/5500"}],"wp:attachment":[{"href":"https:\/\/etnoart.eu\/lt\/wp-json\/wp\/v2\/media?parent=1356"}],"wp:term":[{"taxonomy":"product_brand","embeddable":true,"href":"https:\/\/etnoart.eu\/lt\/wp-json\/wp\/v2\/product_brand?post=1356"},{"taxonomy":"product_cat","embeddable":true,"href":"https:\/\/etnoart.eu\/lt\/wp-json\/wp\/v2\/product_cat?post=1356"},{"taxonomy":"product_tag","embeddable":true,"href":"https:\/\/etnoart.eu\/lt\/wp-json\/wp\/v2\/product_tag?post=1356"}],"curies":[{"name":"wp","href":"https:\/\/api.w.org\/{rel}","templated":true}]}}