{"id":1347,"date":"2023-06-08T08:51:44","date_gmt":"2023-06-08T08:51:44","guid":{"rendered":"https:\/\/etnoart.amsel.ee\/?post_type=product&#038;p=1347"},"modified":"2025-02-11T15:21:11","modified_gmt":"2025-02-11T15:21:11","slug":"laternakandur","status":"publish","type":"product","link":"https:\/\/etnoart.eu\/lt\/toode\/laternakandur\/","title":{"rendered":"Laternakandur"},"content":{"rendered":"<p><strong>Seinale kinnitatav Laternakandur<\/strong> \u2013 lihtne ja asjalik lahendus laternale v\u00f5i lillepotile<br \/>\nOtsid lihtsat ja funktsionaalset lahendust laterna v\u00f5i v\u00e4iksemate lillepottide riputamiseks? Meie seinale kinnitatav laternakandur on lihtne, asjalik ja valmistatud Eesti seppade poolt. See ei ole \u00fclimoodne ega keeruline, kuid t\u00e4idab oma \u00fclesande korralikult \u2013 pakkub praktilist lahendust laterna v\u00f5i lillepottide kinnitamiseks.<\/p>\n<p><strong>Miks valida seda laternakandurit?<\/strong><br \/>\nLihtne ja asjalik: See on lihtne seadeldus, mis ei vaja keerulist paigaldust ega hooldust.<\/p>\n<p>Kvaliteetne materjal: Valmistatud terasest ja viimistletud mati pulberlakiga, mis annab sellele korraliku ilme.<\/p>\n<p>Mitmek\u00fclgsus: Sobib nii laterna kui ka v\u00e4iksemate lillepottide riputamiseks.<\/p>\n<p><strong>Paigaldus<\/strong>: Lihtne seinale kinnitamine kahe kruviga. Kruve komplektis kaasas ei ole.<\/p>\n<p>Kus seda kasutada?<br \/>\nSiseruumides: N\u00e4iteks k\u00f6\u00f6gis, elutoas v\u00f5i koridoris, kus soovid riputada laternat v\u00f5i v\u00e4ikseid lillepotte.<\/p>\n<p>Kuivatel terrassidel v\u00f5i verandadel: Kui laternakandur on kaitstud vihma ja tuule eest, v\u00f5ib seda kasutada ka v\u00e4litingimustes.<\/p>\n<p>T\u00e4helepanu!<br \/>\nV\u00e4liskasutus: Laternakandur ei ole m\u00f5eldud pidevaks kasutamiseks v\u00e4litingimustes. Pikapeale v\u00f5ib pulberlakk kaotada oma kaitseomadused rooste vastu. Seet\u00f5ttu on soovitatav kasutada seda siseruumides v\u00f5i kuivatel terrassidel.<\/p>\n<p>Hooldus: Puhastamiseks kasuta kuiva v\u00f5i veidi niisket lapiga.<\/p>\n","protected":false},"excerpt":{"rendered":"<p>K\u00f5rgus ~41 cm, kaugus seinast ~26 cm, kaetud mati lakiga.<\/p>\n","protected":false},"featured_media":5328,"template":"","meta":[],"product_brand":[],"product_cat":[97],"product_tag":[],"class_list":{"0":"post-1347","1":"product","2":"type-product","3":"status-publish","4":"has-post-thumbnail","6":"product_cat-konsoolid-ja-alused-lilledele","7":"has-post-title","8":"has-post-date","9":"has-post-category","10":"has-post-tag","11":"has-post-comment","12":"has-post-author","13":"","15":"first","16":"instock","17":"taxable","18":"shipping-taxable","19":"purchasable","20":"product-type-simple"},"yoast_head":"<!-- This site is optimized with the Yoast SEO plugin v27.4 - https:\/\/yoast.com\/product\/yoast-seo-wordpress\/ -->\n<title>Laternakandur |EtnoArt| Konsoolid ja alused lilledele<\/title>\n<meta name=\"description\" content=\"Terasest sepistatud laternakandur. Sobib ka v\u00e4iksemate lillepottide riputamiseks. kaetud mati lakiga. K\u00f5rgus ~41 cm, kaugus seinast ~26 cm\" \/>\n<meta name=\"robots\" content=\"index, follow, max-snippet:-1, max-image-preview:large, max-video-preview:-1\" \/>\n<link rel=\"canonical\" href=\"https:\/\/etnoart.eu\/toode\/laternakandur\/\" \/>\n<meta property=\"og:locale\" content=\"lt_LT\" \/>\n<meta property=\"og:type\" content=\"article\" \/>\n<meta property=\"og:title\" content=\"Laternakandur |EtnoArt| Konsoolid ja alused lilledele\" \/>\n<meta property=\"og:description\" content=\"Terasest sepistatud laternakandur. Sobib ka v\u00e4iksemate lillepottide riputamiseks. kaetud mati lakiga. K\u00f5rgus ~41 cm, kaugus seinast ~26 cm\" \/>\n<meta property=\"og:url\" content=\"https:\/\/etnoart.eu\/toode\/laternakandur\/\" \/>\n<meta property=\"og:site_name\" content=\"Etnoart\" \/>\n<meta property=\"article:publisher\" content=\"https:\/\/www.facebook.com\/etnoart.handicraft.shop\" \/>\n<meta property=\"article:modified_time\" content=\"2025-02-11T15:21:11+00:00\" \/>\n<meta property=\"og:image\" content=\"https:\/\/etnoart.eu\/wp-content\/uploads\/2023\/06\/Laternakandur-Bell-holder-Kellon-kannatin-Glockenhalter.png\" \/>\n\t<meta property=\"og:image:width\" content=\"1000\" \/>\n\t<meta property=\"og:image:height\" content=\"1000\" \/>\n\t<meta property=\"og:image:type\" content=\"image\/png\" \/>\n<meta name=\"twitter:card\" content=\"summary_large_image\" \/>\n<meta name=\"twitter:label1\" content=\"Est. reading time\" \/>\n\t<meta name=\"twitter:data1\" content=\"2 minut\u0117s\" \/>\n<script type=\"application\/ld+json\" class=\"yoast-schema-graph\">{\"@context\":\"https:\\\/\\\/schema.org\",\"@graph\":[{\"@type\":\"WebPage\",\"@id\":\"https:\\\/\\\/etnoart.eu\\\/toode\\\/laternakandur\\\/\",\"url\":\"https:\\\/\\\/etnoart.eu\\\/toode\\\/laternakandur\\\/\",\"name\":\"Laternakandur |EtnoArt| Konsoolid ja alused lilledele\",\"isPartOf\":{\"@id\":\"https:\\\/\\\/etnoart.eu\\\/#website\"},\"primaryImageOfPage\":{\"@id\":\"https:\\\/\\\/etnoart.eu\\\/toode\\\/laternakandur\\\/#primaryimage\"},\"image\":{\"@id\":\"https:\\\/\\\/etnoart.eu\\\/toode\\\/laternakandur\\\/#primaryimage\"},\"thumbnailUrl\":\"https:\\\/\\\/etnoart.eu\\\/wp-content\\\/uploads\\\/2023\\\/06\\\/Laternakandur-Bell-holder-Kellon-kannatin-Glockenhalter.png\",\"datePublished\":\"2023-06-08T08:51:44+00:00\",\"dateModified\":\"2025-02-11T15:21:11+00:00\",\"description\":\"Terasest sepistatud laternakandur. Sobib ka v\u00e4iksemate lillepottide riputamiseks. kaetud mati lakiga. K\u00f5rgus ~41 cm, kaugus seinast ~26 cm\",\"breadcrumb\":{\"@id\":\"https:\\\/\\\/etnoart.eu\\\/toode\\\/laternakandur\\\/#breadcrumb\"},\"inLanguage\":\"lt-LT\",\"potentialAction\":[{\"@type\":\"ReadAction\",\"target\":[\"https:\\\/\\\/etnoart.eu\\\/toode\\\/laternakandur\\\/\"]}]},{\"@type\":\"ImageObject\",\"inLanguage\":\"lt-LT\",\"@id\":\"https:\\\/\\\/etnoart.eu\\\/toode\\\/laternakandur\\\/#primaryimage\",\"url\":\"https:\\\/\\\/etnoart.eu\\\/wp-content\\\/uploads\\\/2023\\\/06\\\/Laternakandur-Bell-holder-Kellon-kannatin-Glockenhalter.png\",\"contentUrl\":\"https:\\\/\\\/etnoart.eu\\\/wp-content\\\/uploads\\\/2023\\\/06\\\/Laternakandur-Bell-holder-Kellon-kannatin-Glockenhalter.png\",\"width\":1000,\"height\":1000,\"caption\":\"Laternakandur\"},{\"@type\":\"BreadcrumbList\",\"@id\":\"https:\\\/\\\/etnoart.eu\\\/toode\\\/laternakandur\\\/#breadcrumb\",\"itemListElement\":[{\"@type\":\"ListItem\",\"position\":1,\"name\":\"Home\",\"item\":\"https:\\\/\\\/etnoart.eu\\\/lt\\\/\"},{\"@type\":\"ListItem\",\"position\":2,\"name\":\"Pood\",\"item\":\"https:\\\/\\\/etnoart.eu\\\/lt\\\/shop\\\/\"},{\"@type\":\"ListItem\",\"position\":3,\"name\":\"Laternakandur\"}]},{\"@type\":\"WebSite\",\"@id\":\"https:\\\/\\\/etnoart.eu\\\/#website\",\"url\":\"https:\\\/\\\/etnoart.eu\\\/\",\"name\":\"Etnoart\",\"description\":\"K&auml;sit&ouml;&ouml;pood\",\"publisher\":{\"@id\":\"https:\\\/\\\/etnoart.eu\\\/#organization\"},\"potentialAction\":[{\"@type\":\"SearchAction\",\"target\":{\"@type\":\"EntryPoint\",\"urlTemplate\":\"https:\\\/\\\/etnoart.eu\\\/?s={search_term_string}\"},\"query-input\":{\"@type\":\"PropertyValueSpecification\",\"valueRequired\":true,\"valueName\":\"search_term_string\"}}],\"inLanguage\":\"lt-LT\"},{\"@type\":\"Organization\",\"@id\":\"https:\\\/\\\/etnoart.eu\\\/#organization\",\"name\":\"Etnoart O\u00dc\",\"url\":\"https:\\\/\\\/etnoart.eu\\\/\",\"logo\":{\"@type\":\"ImageObject\",\"inLanguage\":\"lt-LT\",\"@id\":\"https:\\\/\\\/etnoart.eu\\\/#\\\/schema\\\/logo\\\/image\\\/\",\"url\":\"https:\\\/\\\/etnoart.eu\\\/wp-content\\\/uploads\\\/2023\\\/06\\\/etnoart-logo.png\",\"contentUrl\":\"https:\\\/\\\/etnoart.eu\\\/wp-content\\\/uploads\\\/2023\\\/06\\\/etnoart-logo.png\",\"width\":491,\"height\":184,\"caption\":\"Etnoart O\u00dc\"},\"image\":{\"@id\":\"https:\\\/\\\/etnoart.eu\\\/#\\\/schema\\\/logo\\\/image\\\/\"},\"sameAs\":[\"https:\\\/\\\/www.facebook.com\\\/etnoart.handicraft.shop\"]}]}<\/script>\n<!-- \/ Yoast SEO plugin. -->","yoast_head_json":{"title":"Laternakandur |EtnoArt| Konsoolid ja alused lilledele","description":"Terasest sepistatud laternakandur. Sobib ka v\u00e4iksemate lillepottide riputamiseks. kaetud mati lakiga. K\u00f5rgus ~41 cm, kaugus seinast ~26 cm","robots":{"index":"index","follow":"follow","max-snippet":"max-snippet:-1","max-image-preview":"max-image-preview:large","max-video-preview":"max-video-preview:-1"},"canonical":"https:\/\/etnoart.eu\/toode\/laternakandur\/","og_locale":"lt_LT","og_type":"article","og_title":"Laternakandur |EtnoArt| Konsoolid ja alused lilledele","og_description":"Terasest sepistatud laternakandur. Sobib ka v\u00e4iksemate lillepottide riputamiseks. kaetud mati lakiga. K\u00f5rgus ~41 cm, kaugus seinast ~26 cm","og_url":"https:\/\/etnoart.eu\/toode\/laternakandur\/","og_site_name":"Etnoart","article_publisher":"https:\/\/www.facebook.com\/etnoart.handicraft.shop","article_modified_time":"2025-02-11T15:21:11+00:00","og_image":[{"width":1000,"height":1000,"url":"https:\/\/etnoart.eu\/wp-content\/uploads\/2023\/06\/Laternakandur-Bell-holder-Kellon-kannatin-Glockenhalter.png","type":"image\/png"}],"twitter_card":"summary_large_image","twitter_misc":{"Est. reading time":"2 minut\u0117s"},"schema":{"@context":"https:\/\/schema.org","@graph":[{"@type":"WebPage","@id":"https:\/\/etnoart.eu\/toode\/laternakandur\/","url":"https:\/\/etnoart.eu\/toode\/laternakandur\/","name":"Laternakandur |EtnoArt| Konsoolid ja alused lilledele","isPartOf":{"@id":"https:\/\/etnoart.eu\/#website"},"primaryImageOfPage":{"@id":"https:\/\/etnoart.eu\/toode\/laternakandur\/#primaryimage"},"image":{"@id":"https:\/\/etnoart.eu\/toode\/laternakandur\/#primaryimage"},"thumbnailUrl":"https:\/\/etnoart.eu\/wp-content\/uploads\/2023\/06\/Laternakandur-Bell-holder-Kellon-kannatin-Glockenhalter.png","datePublished":"2023-06-08T08:51:44+00:00","dateModified":"2025-02-11T15:21:11+00:00","description":"Terasest sepistatud laternakandur. Sobib ka v\u00e4iksemate lillepottide riputamiseks. kaetud mati lakiga. K\u00f5rgus ~41 cm, kaugus seinast ~26 cm","breadcrumb":{"@id":"https:\/\/etnoart.eu\/toode\/laternakandur\/#breadcrumb"},"inLanguage":"lt-LT","potentialAction":[{"@type":"ReadAction","target":["https:\/\/etnoart.eu\/toode\/laternakandur\/"]}]},{"@type":"ImageObject","inLanguage":"lt-LT","@id":"https:\/\/etnoart.eu\/toode\/laternakandur\/#primaryimage","url":"https:\/\/etnoart.eu\/wp-content\/uploads\/2023\/06\/Laternakandur-Bell-holder-Kellon-kannatin-Glockenhalter.png","contentUrl":"https:\/\/etnoart.eu\/wp-content\/uploads\/2023\/06\/Laternakandur-Bell-holder-Kellon-kannatin-Glockenhalter.png","width":1000,"height":1000,"caption":"Laternakandur"},{"@type":"BreadcrumbList","@id":"https:\/\/etnoart.eu\/toode\/laternakandur\/#breadcrumb","itemListElement":[{"@type":"ListItem","position":1,"name":"Home","item":"https:\/\/etnoart.eu\/lt\/"},{"@type":"ListItem","position":2,"name":"Pood","item":"https:\/\/etnoart.eu\/lt\/shop\/"},{"@type":"ListItem","position":3,"name":"Laternakandur"}]},{"@type":"WebSite","@id":"https:\/\/etnoart.eu\/#website","url":"https:\/\/etnoart.eu\/","name":"Etnoart","description":"K&auml;sit&ouml;&ouml;pood","publisher":{"@id":"https:\/\/etnoart.eu\/#organization"},"potentialAction":[{"@type":"SearchAction","target":{"@type":"EntryPoint","urlTemplate":"https:\/\/etnoart.eu\/?s={search_term_string}"},"query-input":{"@type":"PropertyValueSpecification","valueRequired":true,"valueName":"search_term_string"}}],"inLanguage":"lt-LT"},{"@type":"Organization","@id":"https:\/\/etnoart.eu\/#organization","name":"Etnoart O\u00dc","url":"https:\/\/etnoart.eu\/","logo":{"@type":"ImageObject","inLanguage":"lt-LT","@id":"https:\/\/etnoart.eu\/#\/schema\/logo\/image\/","url":"https:\/\/etnoart.eu\/wp-content\/uploads\/2023\/06\/etnoart-logo.png","contentUrl":"https:\/\/etnoart.eu\/wp-content\/uploads\/2023\/06\/etnoart-logo.png","width":491,"height":184,"caption":"Etnoart O\u00dc"},"image":{"@id":"https:\/\/etnoart.eu\/#\/schema\/logo\/image\/"},"sameAs":["https:\/\/www.facebook.com\/etnoart.handicraft.shop"]}]}},"builder_content":"","_links":{"self":[{"href":"https:\/\/etnoart.eu\/lt\/wp-json\/wp\/v2\/product\/1347","targetHints":{"allow":["GET"]}}],"collection":[{"href":"https:\/\/etnoart.eu\/lt\/wp-json\/wp\/v2\/product"}],"about":[{"href":"https:\/\/etnoart.eu\/lt\/wp-json\/wp\/v2\/types\/product"}],"wp:featuredmedia":[{"embeddable":true,"href":"https:\/\/etnoart.eu\/lt\/wp-json\/wp\/v2\/media\/5328"}],"wp:attachment":[{"href":"https:\/\/etnoart.eu\/lt\/wp-json\/wp\/v2\/media?parent=1347"}],"wp:term":[{"taxonomy":"product_brand","embeddable":true,"href":"https:\/\/etnoart.eu\/lt\/wp-json\/wp\/v2\/product_brand?post=1347"},{"taxonomy":"product_cat","embeddable":true,"href":"https:\/\/etnoart.eu\/lt\/wp-json\/wp\/v2\/product_cat?post=1347"},{"taxonomy":"product_tag","embeddable":true,"href":"https:\/\/etnoart.eu\/lt\/wp-json\/wp\/v2\/product_tag?post=1347"}],"curies":[{"name":"wp","href":"https:\/\/api.w.org\/{rel}","templated":true}]}}