{"id":1346,"date":"2023-06-08T08:51:44","date_gmt":"2023-06-08T08:51:44","guid":{"rendered":"https:\/\/etnoart.amsel.ee\/?post_type=product&#038;p=1346"},"modified":"2025-03-17T06:55:03","modified_gmt":"2025-03-17T06:55:03","slug":"riidevarn-3-nagiga","status":"publish","type":"product","link":"https:\/\/etnoart.eu\/lt\/toode\/riidevarn-3-nagiga\/","title":{"rendered":"Riidevarn 3 nagiga"},"content":{"rendered":"<p><strong>Riidevarn 3 nagiga<\/strong>. Seppade poolt k\u00e4sit\u00f6\u00f6na valmistatud kolm konksuga riidenagi seinale. Sepistatud nagilatt hoiab tugevalt kaares seinast eemale. Nagi laius seinal on k\u00fcll vaid 41cm, kuid kaares vorm annab ruumi riiete riputamiseks juurde. Latile on kinnitatud neetidega 3 nagikonksu . Nagikonksud on kahe-osalised, all konks riiete riputamiseks, \u00fcles-poole keeratud konks peakatete riputamiseks. Sobib nii esikusse riiete riputamiseks, kui magamistuppa hommikumantli riputamiseks. Toode on kaetud pulberlakiga. Selle l\u00e4bipaistev kiht s\u00e4ilitab naturaalse metalli pinna, kui annab kaitset ka niiskemates oludes.<\/p>\n","protected":false},"excerpt":{"rendered":"<p>K\u00e4sitsi sepistatud riidevarn 3 nagiga. Kaarekujuline metallist nagi, mille pulberlakk s\u00e4ilitab metalli naturaalse ilme ja kaitseb niiskuse eest. Sobib esikusse ja magamistuppa.<br \/>\n<strong>Kaal:<\/strong> 0,6 kg<br \/>\n<strong>Toote k\u00f5rgus:<\/strong> 15cm<br \/>\n<strong>Laius:<\/strong> 41cm<br \/>\n<strong>Riputamise kaugus seinast:<\/strong> 14cm<br \/>\n<strong>Toote viimistlus:<\/strong> Matt pulberlakk<\/p>\n","protected":false},"featured_media":5483,"template":"","meta":[],"product_brand":[],"product_cat":[44],"product_tag":[],"class_list":{"0":"post-1346","1":"product","2":"type-product","3":"status-publish","4":"has-post-thumbnail","6":"product_cat-nagid-ja-lattnagid","7":"has-post-title","8":"has-post-date","9":"has-post-category","10":"has-post-tag","11":"has-post-comment","12":"has-post-author","13":"","15":"first","16":"instock","17":"taxable","18":"shipping-taxable","19":"purchasable","20":"product-type-simple"},"yoast_head":"<!-- This site is optimized with the Yoast SEO plugin v27.3 - https:\/\/yoast.com\/product\/yoast-seo-wordpress\/ -->\n<title>Riidevarn 3 nagiga |EtnoArt| Nagid ja lattnagid<\/title>\n<meta name=\"description\" content=\"K\u00e4sitsi sepistatud riidevarn 3 nagiga. Kaarekujuline metallist nagi, mille pulberlakk s\u00e4ilitab metalli naturaalse ilme ja kaitseb niiskuse eest.\" \/>\n<meta name=\"robots\" content=\"index, follow, max-snippet:-1, max-image-preview:large, max-video-preview:-1\" \/>\n<link rel=\"canonical\" href=\"https:\/\/etnoart.eu\/toode\/riidevarn-3-nagiga\/\" \/>\n<meta property=\"og:locale\" content=\"lt_LT\" \/>\n<meta property=\"og:type\" content=\"article\" \/>\n<meta property=\"og:title\" content=\"Riidevarn 3 nagiga |EtnoArt| Nagid ja lattnagid\" \/>\n<meta property=\"og:description\" content=\"K\u00e4sitsi sepistatud riidevarn 3 nagiga. Kaarekujuline metallist nagi, mille pulberlakk s\u00e4ilitab metalli naturaalse ilme ja kaitseb niiskuse eest.\" \/>\n<meta property=\"og:url\" content=\"https:\/\/etnoart.eu\/toode\/riidevarn-3-nagiga\/\" \/>\n<meta property=\"og:site_name\" content=\"Etnoart\" \/>\n<meta property=\"article:publisher\" content=\"https:\/\/www.facebook.com\/etnoart.handicraft.shop\" \/>\n<meta property=\"article:modified_time\" content=\"2025-03-17T06:55:03+00:00\" \/>\n<meta property=\"og:image\" content=\"https:\/\/etnoart.eu\/wp-content\/uploads\/2023\/06\/Schmiedeeiserne-Garderobenleiste-3-Haken-Riidevarn-3-nagiga-Hand-forged-wall-mounted-coat-rack-3-hooks-Seinaan-kiinnitettava-kasintaottu-naulakko-3-koukulla-1.png\" \/>\n\t<meta property=\"og:image:width\" content=\"1000\" \/>\n\t<meta property=\"og:image:height\" content=\"1000\" \/>\n\t<meta property=\"og:image:type\" content=\"image\/png\" \/>\n<meta name=\"twitter:card\" content=\"summary_large_image\" \/>\n<meta name=\"twitter:label1\" content=\"Est. reading time\" \/>\n\t<meta name=\"twitter:data1\" content=\"1 minut\u0117\" \/>\n<script type=\"application\/ld+json\" class=\"yoast-schema-graph\">{\"@context\":\"https:\\\/\\\/schema.org\",\"@graph\":[{\"@type\":\"WebPage\",\"@id\":\"https:\\\/\\\/etnoart.eu\\\/toode\\\/riidevarn-3-nagiga\\\/\",\"url\":\"https:\\\/\\\/etnoart.eu\\\/toode\\\/riidevarn-3-nagiga\\\/\",\"name\":\"Riidevarn 3 nagiga |EtnoArt| Nagid ja lattnagid\",\"isPartOf\":{\"@id\":\"https:\\\/\\\/etnoart.eu\\\/#website\"},\"primaryImageOfPage\":{\"@id\":\"https:\\\/\\\/etnoart.eu\\\/toode\\\/riidevarn-3-nagiga\\\/#primaryimage\"},\"image\":{\"@id\":\"https:\\\/\\\/etnoart.eu\\\/toode\\\/riidevarn-3-nagiga\\\/#primaryimage\"},\"thumbnailUrl\":\"https:\\\/\\\/etnoart.eu\\\/wp-content\\\/uploads\\\/2023\\\/06\\\/Schmiedeeiserne-Garderobenleiste-3-Haken-Riidevarn-3-nagiga-Hand-forged-wall-mounted-coat-rack-3-hooks-Seinaan-kiinnitettava-kasintaottu-naulakko-3-koukulla-1.png\",\"datePublished\":\"2023-06-08T08:51:44+00:00\",\"dateModified\":\"2025-03-17T06:55:03+00:00\",\"description\":\"K\u00e4sitsi sepistatud riidevarn 3 nagiga. Kaarekujuline metallist nagi, mille pulberlakk s\u00e4ilitab metalli naturaalse ilme ja kaitseb niiskuse eest.\",\"breadcrumb\":{\"@id\":\"https:\\\/\\\/etnoart.eu\\\/toode\\\/riidevarn-3-nagiga\\\/#breadcrumb\"},\"inLanguage\":\"lt-LT\",\"potentialAction\":[{\"@type\":\"ReadAction\",\"target\":[\"https:\\\/\\\/etnoart.eu\\\/toode\\\/riidevarn-3-nagiga\\\/\"]}]},{\"@type\":\"ImageObject\",\"inLanguage\":\"lt-LT\",\"@id\":\"https:\\\/\\\/etnoart.eu\\\/toode\\\/riidevarn-3-nagiga\\\/#primaryimage\",\"url\":\"https:\\\/\\\/etnoart.eu\\\/wp-content\\\/uploads\\\/2023\\\/06\\\/Schmiedeeiserne-Garderobenleiste-3-Haken-Riidevarn-3-nagiga-Hand-forged-wall-mounted-coat-rack-3-hooks-Seinaan-kiinnitettava-kasintaottu-naulakko-3-koukulla-1.png\",\"contentUrl\":\"https:\\\/\\\/etnoart.eu\\\/wp-content\\\/uploads\\\/2023\\\/06\\\/Schmiedeeiserne-Garderobenleiste-3-Haken-Riidevarn-3-nagiga-Hand-forged-wall-mounted-coat-rack-3-hooks-Seinaan-kiinnitettava-kasintaottu-naulakko-3-koukulla-1.png\",\"width\":1000,\"height\":1000,\"caption\":\"Riidevarn 3 nagiga\"},{\"@type\":\"BreadcrumbList\",\"@id\":\"https:\\\/\\\/etnoart.eu\\\/toode\\\/riidevarn-3-nagiga\\\/#breadcrumb\",\"itemListElement\":[{\"@type\":\"ListItem\",\"position\":1,\"name\":\"Home\",\"item\":\"https:\\\/\\\/etnoart.eu\\\/lt\\\/\"},{\"@type\":\"ListItem\",\"position\":2,\"name\":\"Pood\",\"item\":\"https:\\\/\\\/etnoart.eu\\\/lt\\\/shop\\\/\"},{\"@type\":\"ListItem\",\"position\":3,\"name\":\"Riidevarn 3 nagiga\"}]},{\"@type\":\"WebSite\",\"@id\":\"https:\\\/\\\/etnoart.eu\\\/#website\",\"url\":\"https:\\\/\\\/etnoart.eu\\\/\",\"name\":\"Etnoart\",\"description\":\"K&auml;sit&ouml;&ouml;pood\",\"publisher\":{\"@id\":\"https:\\\/\\\/etnoart.eu\\\/#organization\"},\"potentialAction\":[{\"@type\":\"SearchAction\",\"target\":{\"@type\":\"EntryPoint\",\"urlTemplate\":\"https:\\\/\\\/etnoart.eu\\\/?s={search_term_string}\"},\"query-input\":{\"@type\":\"PropertyValueSpecification\",\"valueRequired\":true,\"valueName\":\"search_term_string\"}}],\"inLanguage\":\"lt-LT\"},{\"@type\":\"Organization\",\"@id\":\"https:\\\/\\\/etnoart.eu\\\/#organization\",\"name\":\"Etnoart O\u00dc\",\"url\":\"https:\\\/\\\/etnoart.eu\\\/\",\"logo\":{\"@type\":\"ImageObject\",\"inLanguage\":\"lt-LT\",\"@id\":\"https:\\\/\\\/etnoart.eu\\\/#\\\/schema\\\/logo\\\/image\\\/\",\"url\":\"https:\\\/\\\/etnoart.eu\\\/wp-content\\\/uploads\\\/2023\\\/06\\\/etnoart-logo.png\",\"contentUrl\":\"https:\\\/\\\/etnoart.eu\\\/wp-content\\\/uploads\\\/2023\\\/06\\\/etnoart-logo.png\",\"width\":491,\"height\":184,\"caption\":\"Etnoart O\u00dc\"},\"image\":{\"@id\":\"https:\\\/\\\/etnoart.eu\\\/#\\\/schema\\\/logo\\\/image\\\/\"},\"sameAs\":[\"https:\\\/\\\/www.facebook.com\\\/etnoart.handicraft.shop\"]}]}<\/script>\n<!-- \/ Yoast SEO plugin. -->","yoast_head_json":{"title":"Riidevarn 3 nagiga |EtnoArt| Nagid ja lattnagid","description":"K\u00e4sitsi sepistatud riidevarn 3 nagiga. Kaarekujuline metallist nagi, mille pulberlakk s\u00e4ilitab metalli naturaalse ilme ja kaitseb niiskuse eest.","robots":{"index":"index","follow":"follow","max-snippet":"max-snippet:-1","max-image-preview":"max-image-preview:large","max-video-preview":"max-video-preview:-1"},"canonical":"https:\/\/etnoart.eu\/toode\/riidevarn-3-nagiga\/","og_locale":"lt_LT","og_type":"article","og_title":"Riidevarn 3 nagiga |EtnoArt| Nagid ja lattnagid","og_description":"K\u00e4sitsi sepistatud riidevarn 3 nagiga. Kaarekujuline metallist nagi, mille pulberlakk s\u00e4ilitab metalli naturaalse ilme ja kaitseb niiskuse eest.","og_url":"https:\/\/etnoart.eu\/toode\/riidevarn-3-nagiga\/","og_site_name":"Etnoart","article_publisher":"https:\/\/www.facebook.com\/etnoart.handicraft.shop","article_modified_time":"2025-03-17T06:55:03+00:00","og_image":[{"width":1000,"height":1000,"url":"https:\/\/etnoart.eu\/wp-content\/uploads\/2023\/06\/Schmiedeeiserne-Garderobenleiste-3-Haken-Riidevarn-3-nagiga-Hand-forged-wall-mounted-coat-rack-3-hooks-Seinaan-kiinnitettava-kasintaottu-naulakko-3-koukulla-1.png","type":"image\/png"}],"twitter_card":"summary_large_image","twitter_misc":{"Est. reading time":"1 minut\u0117"},"schema":{"@context":"https:\/\/schema.org","@graph":[{"@type":"WebPage","@id":"https:\/\/etnoart.eu\/toode\/riidevarn-3-nagiga\/","url":"https:\/\/etnoart.eu\/toode\/riidevarn-3-nagiga\/","name":"Riidevarn 3 nagiga |EtnoArt| Nagid ja lattnagid","isPartOf":{"@id":"https:\/\/etnoart.eu\/#website"},"primaryImageOfPage":{"@id":"https:\/\/etnoart.eu\/toode\/riidevarn-3-nagiga\/#primaryimage"},"image":{"@id":"https:\/\/etnoart.eu\/toode\/riidevarn-3-nagiga\/#primaryimage"},"thumbnailUrl":"https:\/\/etnoart.eu\/wp-content\/uploads\/2023\/06\/Schmiedeeiserne-Garderobenleiste-3-Haken-Riidevarn-3-nagiga-Hand-forged-wall-mounted-coat-rack-3-hooks-Seinaan-kiinnitettava-kasintaottu-naulakko-3-koukulla-1.png","datePublished":"2023-06-08T08:51:44+00:00","dateModified":"2025-03-17T06:55:03+00:00","description":"K\u00e4sitsi sepistatud riidevarn 3 nagiga. Kaarekujuline metallist nagi, mille pulberlakk s\u00e4ilitab metalli naturaalse ilme ja kaitseb niiskuse eest.","breadcrumb":{"@id":"https:\/\/etnoart.eu\/toode\/riidevarn-3-nagiga\/#breadcrumb"},"inLanguage":"lt-LT","potentialAction":[{"@type":"ReadAction","target":["https:\/\/etnoart.eu\/toode\/riidevarn-3-nagiga\/"]}]},{"@type":"ImageObject","inLanguage":"lt-LT","@id":"https:\/\/etnoart.eu\/toode\/riidevarn-3-nagiga\/#primaryimage","url":"https:\/\/etnoart.eu\/wp-content\/uploads\/2023\/06\/Schmiedeeiserne-Garderobenleiste-3-Haken-Riidevarn-3-nagiga-Hand-forged-wall-mounted-coat-rack-3-hooks-Seinaan-kiinnitettava-kasintaottu-naulakko-3-koukulla-1.png","contentUrl":"https:\/\/etnoart.eu\/wp-content\/uploads\/2023\/06\/Schmiedeeiserne-Garderobenleiste-3-Haken-Riidevarn-3-nagiga-Hand-forged-wall-mounted-coat-rack-3-hooks-Seinaan-kiinnitettava-kasintaottu-naulakko-3-koukulla-1.png","width":1000,"height":1000,"caption":"Riidevarn 3 nagiga"},{"@type":"BreadcrumbList","@id":"https:\/\/etnoart.eu\/toode\/riidevarn-3-nagiga\/#breadcrumb","itemListElement":[{"@type":"ListItem","position":1,"name":"Home","item":"https:\/\/etnoart.eu\/lt\/"},{"@type":"ListItem","position":2,"name":"Pood","item":"https:\/\/etnoart.eu\/lt\/shop\/"},{"@type":"ListItem","position":3,"name":"Riidevarn 3 nagiga"}]},{"@type":"WebSite","@id":"https:\/\/etnoart.eu\/#website","url":"https:\/\/etnoart.eu\/","name":"Etnoart","description":"K&auml;sit&ouml;&ouml;pood","publisher":{"@id":"https:\/\/etnoart.eu\/#organization"},"potentialAction":[{"@type":"SearchAction","target":{"@type":"EntryPoint","urlTemplate":"https:\/\/etnoart.eu\/?s={search_term_string}"},"query-input":{"@type":"PropertyValueSpecification","valueRequired":true,"valueName":"search_term_string"}}],"inLanguage":"lt-LT"},{"@type":"Organization","@id":"https:\/\/etnoart.eu\/#organization","name":"Etnoart O\u00dc","url":"https:\/\/etnoart.eu\/","logo":{"@type":"ImageObject","inLanguage":"lt-LT","@id":"https:\/\/etnoart.eu\/#\/schema\/logo\/image\/","url":"https:\/\/etnoart.eu\/wp-content\/uploads\/2023\/06\/etnoart-logo.png","contentUrl":"https:\/\/etnoart.eu\/wp-content\/uploads\/2023\/06\/etnoart-logo.png","width":491,"height":184,"caption":"Etnoart O\u00dc"},"image":{"@id":"https:\/\/etnoart.eu\/#\/schema\/logo\/image\/"},"sameAs":["https:\/\/www.facebook.com\/etnoart.handicraft.shop"]}]}},"builder_content":"","_links":{"self":[{"href":"https:\/\/etnoart.eu\/lt\/wp-json\/wp\/v2\/product\/1346","targetHints":{"allow":["GET"]}}],"collection":[{"href":"https:\/\/etnoart.eu\/lt\/wp-json\/wp\/v2\/product"}],"about":[{"href":"https:\/\/etnoart.eu\/lt\/wp-json\/wp\/v2\/types\/product"}],"wp:featuredmedia":[{"embeddable":true,"href":"https:\/\/etnoart.eu\/lt\/wp-json\/wp\/v2\/media\/5483"}],"wp:attachment":[{"href":"https:\/\/etnoart.eu\/lt\/wp-json\/wp\/v2\/media?parent=1346"}],"wp:term":[{"taxonomy":"product_brand","embeddable":true,"href":"https:\/\/etnoart.eu\/lt\/wp-json\/wp\/v2\/product_brand?post=1346"},{"taxonomy":"product_cat","embeddable":true,"href":"https:\/\/etnoart.eu\/lt\/wp-json\/wp\/v2\/product_cat?post=1346"},{"taxonomy":"product_tag","embeddable":true,"href":"https:\/\/etnoart.eu\/lt\/wp-json\/wp\/v2\/product_tag?post=1346"}],"curies":[{"name":"wp","href":"https:\/\/api.w.org\/{rel}","templated":true}]}}