{"id":1336,"date":"2023-06-08T08:51:43","date_gmt":"2023-06-08T08:51:43","guid":{"rendered":"https:\/\/etnoart.amsel.ee\/?post_type=product&#038;p=1336"},"modified":"2025-03-25T18:03:27","modified_gmt":"2025-03-25T18:03:27","slug":"uksekoputi-vaike","status":"publish","type":"product","link":"https:\/\/etnoart.eu\/lt\/toode\/uksekoputi-vaike\/","title":{"rendered":"Uksekoputi v\u00e4ike"},"content":{"rendered":"<p><strong>Uksekoputi V\u00e4ike<\/strong> \u2013 maal\u00e4hedase iseloomuga sepisdetail sinu uksele<\/p>\n<p>See v\u00e4ike, ent pilkup\u00fc\u00fcdev uksekoputi on valmistatud k\u00e4sit\u00f6\u00f6na kogenud seppade poolt. Tugevast metallist koputi on viimistletud traditsioonilisel viisil \u2013 p\u00f5letatud linaseemne\u00f5liga mustaks \u2013 mis tagab vastupidavuse ja ajaloolise v\u00e4limuse.<\/p>\n<p>Koputi r\u00f5nga l\u00e4bim\u00f5\u00f5t on 8 cm ja see kaalub 30 grammi. Paigaldamiseks kasutatakse kahte kruvi (ei kuulu komplekti). Lisaks on kaasas sepanael, mis l\u00fc\u00fcakse ukse sisse sinna, kuhu koputi r\u00f5ngas vastu ust koputab \u2013 see hoiab ukse kahjustusteta ning lisab rustikaalset stiili.<\/p>\n<p>Toode sobib suurep\u00e4raselt neile, kes hindavad k\u00e4sit\u00f6\u00f6d, kvaliteeti ja soovivad r\u00f5hutada oma kodu v\u00f5i suvila autentsust. Kasutamiseks nii uksekellana kui ka vajadusel r\u00f5ngask\u00e4epidemena. Eriti sobilik vanemas stiilis talumajade, aitade ja saunade ustele, kus kaasaegne uksekell ei sobi.<\/p>\n<p>Miks valida see toode?<\/p>\n<p>Ainulaadne ja maal\u00e4hedane v\u00e4limus<\/p>\n<p>Tugev ja kvaliteetne k\u00e4sit\u00f6\u00f6<\/p>\n<p>Mitmek\u00fclgne kasutus (koputi ja k\u00e4epide)<\/p>\n<p>Traditsiooniline viimistlus ja autentsus<\/p>\n<p>NB! Kruvid ei kuulu komplekti. Toode on saadaval ainult musta, \u00f5lis p\u00f5letatud viimistlusega.<\/p>\n","protected":false},"excerpt":{"rendered":"<p>V\u00e4ike uksekoputi k\u00e4sit\u00f6\u00f6na sepistatud ja linaseemne\u00f5liga mustaks viimistletud. Sobib ideaalselt vanadesse talumajadesse, aita v\u00f5i sauna.<br \/>\n<strong>Kaal:<\/strong> 0,26 kg<br \/>\n<strong>V\u00e4line l\u00e4bim\u00f5\u00f5t:<\/strong> 8cm<br \/>\n<strong>Toote viimistlus:<\/strong> Mustatud \u00f5liga<\/p>\n","protected":false},"featured_media":5730,"template":"","meta":[],"product_brand":[],"product_cat":[43],"product_tag":[],"class_list":{"0":"post-1336","1":"product","2":"type-product","3":"status-publish","4":"has-post-thumbnail","6":"product_cat-kaepidemed-ja-uksekoputid","7":"has-post-title","8":"has-post-date","9":"has-post-category","10":"has-post-tag","11":"has-post-comment","12":"has-post-author","13":"","15":"first","16":"instock","17":"taxable","18":"shipping-taxable","19":"purchasable","20":"product-type-simple"},"yoast_head":"<!-- This site is optimized with the Yoast SEO plugin v27.4 - https:\/\/yoast.com\/product\/yoast-seo-wordpress\/ -->\n<title>Uksekoputi v\u00e4ike |EtnoArt| K\u00e4epidemed ja uksekoputid<\/title>\n<meta name=\"description\" content=\"V\u00e4ike uksekoputi k\u00e4sit\u00f6\u00f6na sepistatud ja linaseemne\u00f5liga mustaks viimistletud. Sobib ideaalselt vanadesse talumajadesse, aita v\u00f5i sauna.\" \/>\n<meta name=\"robots\" content=\"index, follow, max-snippet:-1, max-image-preview:large, max-video-preview:-1\" \/>\n<link rel=\"canonical\" href=\"https:\/\/etnoart.eu\/toode\/uksekoputi-vaike\/\" \/>\n<meta property=\"og:locale\" content=\"lt_LT\" \/>\n<meta property=\"og:type\" content=\"article\" \/>\n<meta property=\"og:title\" content=\"Uksekoputi v\u00e4ike |EtnoArt| K\u00e4epidemed ja uksekoputid\" \/>\n<meta property=\"og:description\" content=\"V\u00e4ike uksekoputi k\u00e4sit\u00f6\u00f6na sepistatud ja linaseemne\u00f5liga mustaks viimistletud. Sobib ideaalselt vanadesse talumajadesse, aita v\u00f5i sauna.\" \/>\n<meta property=\"og:url\" content=\"https:\/\/etnoart.eu\/toode\/uksekoputi-vaike\/\" \/>\n<meta property=\"og:site_name\" content=\"Etnoart\" \/>\n<meta property=\"article:publisher\" content=\"https:\/\/www.facebook.com\/etnoart.handicraft.shop\" \/>\n<meta property=\"article:modified_time\" content=\"2025-03-25T18:03:27+00:00\" \/>\n<meta property=\"og:image\" content=\"https:\/\/etnoart.eu\/wp-content\/uploads\/2023\/06\/Uksekoputi-vaike-Turklopfer-Ring-Ring-Door-Knocker-Rengas-ovenkolkutin.png\" \/>\n\t<meta property=\"og:image:width\" content=\"1200\" \/>\n\t<meta property=\"og:image:height\" content=\"1200\" \/>\n\t<meta property=\"og:image:type\" content=\"image\/png\" \/>\n<meta name=\"twitter:card\" content=\"summary_large_image\" \/>\n<meta name=\"twitter:label1\" content=\"Est. reading time\" \/>\n\t<meta name=\"twitter:data1\" content=\"1 minut\u0117\" \/>\n<script type=\"application\/ld+json\" class=\"yoast-schema-graph\">{\"@context\":\"https:\\\/\\\/schema.org\",\"@graph\":[{\"@type\":\"WebPage\",\"@id\":\"https:\\\/\\\/etnoart.eu\\\/toode\\\/uksekoputi-vaike\\\/\",\"url\":\"https:\\\/\\\/etnoart.eu\\\/toode\\\/uksekoputi-vaike\\\/\",\"name\":\"Uksekoputi v\u00e4ike |EtnoArt| K\u00e4epidemed ja uksekoputid\",\"isPartOf\":{\"@id\":\"https:\\\/\\\/etnoart.eu\\\/#website\"},\"primaryImageOfPage\":{\"@id\":\"https:\\\/\\\/etnoart.eu\\\/toode\\\/uksekoputi-vaike\\\/#primaryimage\"},\"image\":{\"@id\":\"https:\\\/\\\/etnoart.eu\\\/toode\\\/uksekoputi-vaike\\\/#primaryimage\"},\"thumbnailUrl\":\"https:\\\/\\\/etnoart.eu\\\/wp-content\\\/uploads\\\/2023\\\/06\\\/Uksekoputi-vaike-Turklopfer-Ring-Ring-Door-Knocker-Rengas-ovenkolkutin.png\",\"datePublished\":\"2023-06-08T08:51:43+00:00\",\"dateModified\":\"2025-03-25T18:03:27+00:00\",\"description\":\"V\u00e4ike uksekoputi k\u00e4sit\u00f6\u00f6na sepistatud ja linaseemne\u00f5liga mustaks viimistletud. Sobib ideaalselt vanadesse talumajadesse, aita v\u00f5i sauna.\",\"breadcrumb\":{\"@id\":\"https:\\\/\\\/etnoart.eu\\\/toode\\\/uksekoputi-vaike\\\/#breadcrumb\"},\"inLanguage\":\"lt-LT\",\"potentialAction\":[{\"@type\":\"ReadAction\",\"target\":[\"https:\\\/\\\/etnoart.eu\\\/toode\\\/uksekoputi-vaike\\\/\"]}]},{\"@type\":\"ImageObject\",\"inLanguage\":\"lt-LT\",\"@id\":\"https:\\\/\\\/etnoart.eu\\\/toode\\\/uksekoputi-vaike\\\/#primaryimage\",\"url\":\"https:\\\/\\\/etnoart.eu\\\/wp-content\\\/uploads\\\/2023\\\/06\\\/Uksekoputi-vaike-Turklopfer-Ring-Ring-Door-Knocker-Rengas-ovenkolkutin.png\",\"contentUrl\":\"https:\\\/\\\/etnoart.eu\\\/wp-content\\\/uploads\\\/2023\\\/06\\\/Uksekoputi-vaike-Turklopfer-Ring-Ring-Door-Knocker-Rengas-ovenkolkutin.png\",\"width\":1200,\"height\":1200,\"caption\":\"Uksekoputi v\u00e4ike\"},{\"@type\":\"BreadcrumbList\",\"@id\":\"https:\\\/\\\/etnoart.eu\\\/toode\\\/uksekoputi-vaike\\\/#breadcrumb\",\"itemListElement\":[{\"@type\":\"ListItem\",\"position\":1,\"name\":\"Home\",\"item\":\"https:\\\/\\\/etnoart.eu\\\/lt\\\/\"},{\"@type\":\"ListItem\",\"position\":2,\"name\":\"Pood\",\"item\":\"https:\\\/\\\/etnoart.eu\\\/lt\\\/shop\\\/\"},{\"@type\":\"ListItem\",\"position\":3,\"name\":\"Uksekoputi v\u00e4ike\"}]},{\"@type\":\"WebSite\",\"@id\":\"https:\\\/\\\/etnoart.eu\\\/#website\",\"url\":\"https:\\\/\\\/etnoart.eu\\\/\",\"name\":\"Etnoart\",\"description\":\"K&auml;sit&ouml;&ouml;pood\",\"publisher\":{\"@id\":\"https:\\\/\\\/etnoart.eu\\\/#organization\"},\"potentialAction\":[{\"@type\":\"SearchAction\",\"target\":{\"@type\":\"EntryPoint\",\"urlTemplate\":\"https:\\\/\\\/etnoart.eu\\\/?s={search_term_string}\"},\"query-input\":{\"@type\":\"PropertyValueSpecification\",\"valueRequired\":true,\"valueName\":\"search_term_string\"}}],\"inLanguage\":\"lt-LT\"},{\"@type\":\"Organization\",\"@id\":\"https:\\\/\\\/etnoart.eu\\\/#organization\",\"name\":\"Etnoart O\u00dc\",\"url\":\"https:\\\/\\\/etnoart.eu\\\/\",\"logo\":{\"@type\":\"ImageObject\",\"inLanguage\":\"lt-LT\",\"@id\":\"https:\\\/\\\/etnoart.eu\\\/#\\\/schema\\\/logo\\\/image\\\/\",\"url\":\"https:\\\/\\\/etnoart.eu\\\/wp-content\\\/uploads\\\/2023\\\/06\\\/etnoart-logo.png\",\"contentUrl\":\"https:\\\/\\\/etnoart.eu\\\/wp-content\\\/uploads\\\/2023\\\/06\\\/etnoart-logo.png\",\"width\":491,\"height\":184,\"caption\":\"Etnoart O\u00dc\"},\"image\":{\"@id\":\"https:\\\/\\\/etnoart.eu\\\/#\\\/schema\\\/logo\\\/image\\\/\"},\"sameAs\":[\"https:\\\/\\\/www.facebook.com\\\/etnoart.handicraft.shop\"]}]}<\/script>\n<!-- \/ Yoast SEO plugin. -->","yoast_head_json":{"title":"Uksekoputi v\u00e4ike |EtnoArt| K\u00e4epidemed ja uksekoputid","description":"V\u00e4ike uksekoputi k\u00e4sit\u00f6\u00f6na sepistatud ja linaseemne\u00f5liga mustaks viimistletud. Sobib ideaalselt vanadesse talumajadesse, aita v\u00f5i sauna.","robots":{"index":"index","follow":"follow","max-snippet":"max-snippet:-1","max-image-preview":"max-image-preview:large","max-video-preview":"max-video-preview:-1"},"canonical":"https:\/\/etnoart.eu\/toode\/uksekoputi-vaike\/","og_locale":"lt_LT","og_type":"article","og_title":"Uksekoputi v\u00e4ike |EtnoArt| K\u00e4epidemed ja uksekoputid","og_description":"V\u00e4ike uksekoputi k\u00e4sit\u00f6\u00f6na sepistatud ja linaseemne\u00f5liga mustaks viimistletud. Sobib ideaalselt vanadesse talumajadesse, aita v\u00f5i sauna.","og_url":"https:\/\/etnoart.eu\/toode\/uksekoputi-vaike\/","og_site_name":"Etnoart","article_publisher":"https:\/\/www.facebook.com\/etnoart.handicraft.shop","article_modified_time":"2025-03-25T18:03:27+00:00","og_image":[{"width":1200,"height":1200,"url":"https:\/\/etnoart.eu\/wp-content\/uploads\/2023\/06\/Uksekoputi-vaike-Turklopfer-Ring-Ring-Door-Knocker-Rengas-ovenkolkutin.png","type":"image\/png"}],"twitter_card":"summary_large_image","twitter_misc":{"Est. reading time":"1 minut\u0117"},"schema":{"@context":"https:\/\/schema.org","@graph":[{"@type":"WebPage","@id":"https:\/\/etnoart.eu\/toode\/uksekoputi-vaike\/","url":"https:\/\/etnoart.eu\/toode\/uksekoputi-vaike\/","name":"Uksekoputi v\u00e4ike |EtnoArt| K\u00e4epidemed ja uksekoputid","isPartOf":{"@id":"https:\/\/etnoart.eu\/#website"},"primaryImageOfPage":{"@id":"https:\/\/etnoart.eu\/toode\/uksekoputi-vaike\/#primaryimage"},"image":{"@id":"https:\/\/etnoart.eu\/toode\/uksekoputi-vaike\/#primaryimage"},"thumbnailUrl":"https:\/\/etnoart.eu\/wp-content\/uploads\/2023\/06\/Uksekoputi-vaike-Turklopfer-Ring-Ring-Door-Knocker-Rengas-ovenkolkutin.png","datePublished":"2023-06-08T08:51:43+00:00","dateModified":"2025-03-25T18:03:27+00:00","description":"V\u00e4ike uksekoputi k\u00e4sit\u00f6\u00f6na sepistatud ja linaseemne\u00f5liga mustaks viimistletud. Sobib ideaalselt vanadesse talumajadesse, aita v\u00f5i sauna.","breadcrumb":{"@id":"https:\/\/etnoart.eu\/toode\/uksekoputi-vaike\/#breadcrumb"},"inLanguage":"lt-LT","potentialAction":[{"@type":"ReadAction","target":["https:\/\/etnoart.eu\/toode\/uksekoputi-vaike\/"]}]},{"@type":"ImageObject","inLanguage":"lt-LT","@id":"https:\/\/etnoart.eu\/toode\/uksekoputi-vaike\/#primaryimage","url":"https:\/\/etnoart.eu\/wp-content\/uploads\/2023\/06\/Uksekoputi-vaike-Turklopfer-Ring-Ring-Door-Knocker-Rengas-ovenkolkutin.png","contentUrl":"https:\/\/etnoart.eu\/wp-content\/uploads\/2023\/06\/Uksekoputi-vaike-Turklopfer-Ring-Ring-Door-Knocker-Rengas-ovenkolkutin.png","width":1200,"height":1200,"caption":"Uksekoputi v\u00e4ike"},{"@type":"BreadcrumbList","@id":"https:\/\/etnoart.eu\/toode\/uksekoputi-vaike\/#breadcrumb","itemListElement":[{"@type":"ListItem","position":1,"name":"Home","item":"https:\/\/etnoart.eu\/lt\/"},{"@type":"ListItem","position":2,"name":"Pood","item":"https:\/\/etnoart.eu\/lt\/shop\/"},{"@type":"ListItem","position":3,"name":"Uksekoputi v\u00e4ike"}]},{"@type":"WebSite","@id":"https:\/\/etnoart.eu\/#website","url":"https:\/\/etnoart.eu\/","name":"Etnoart","description":"K&auml;sit&ouml;&ouml;pood","publisher":{"@id":"https:\/\/etnoart.eu\/#organization"},"potentialAction":[{"@type":"SearchAction","target":{"@type":"EntryPoint","urlTemplate":"https:\/\/etnoart.eu\/?s={search_term_string}"},"query-input":{"@type":"PropertyValueSpecification","valueRequired":true,"valueName":"search_term_string"}}],"inLanguage":"lt-LT"},{"@type":"Organization","@id":"https:\/\/etnoart.eu\/#organization","name":"Etnoart O\u00dc","url":"https:\/\/etnoart.eu\/","logo":{"@type":"ImageObject","inLanguage":"lt-LT","@id":"https:\/\/etnoart.eu\/#\/schema\/logo\/image\/","url":"https:\/\/etnoart.eu\/wp-content\/uploads\/2023\/06\/etnoart-logo.png","contentUrl":"https:\/\/etnoart.eu\/wp-content\/uploads\/2023\/06\/etnoart-logo.png","width":491,"height":184,"caption":"Etnoart O\u00dc"},"image":{"@id":"https:\/\/etnoart.eu\/#\/schema\/logo\/image\/"},"sameAs":["https:\/\/www.facebook.com\/etnoart.handicraft.shop"]}]}},"builder_content":"","_links":{"self":[{"href":"https:\/\/etnoart.eu\/lt\/wp-json\/wp\/v2\/product\/1336","targetHints":{"allow":["GET"]}}],"collection":[{"href":"https:\/\/etnoart.eu\/lt\/wp-json\/wp\/v2\/product"}],"about":[{"href":"https:\/\/etnoart.eu\/lt\/wp-json\/wp\/v2\/types\/product"}],"wp:featuredmedia":[{"embeddable":true,"href":"https:\/\/etnoart.eu\/lt\/wp-json\/wp\/v2\/media\/5730"}],"wp:attachment":[{"href":"https:\/\/etnoart.eu\/lt\/wp-json\/wp\/v2\/media?parent=1336"}],"wp:term":[{"taxonomy":"product_brand","embeddable":true,"href":"https:\/\/etnoart.eu\/lt\/wp-json\/wp\/v2\/product_brand?post=1336"},{"taxonomy":"product_cat","embeddable":true,"href":"https:\/\/etnoart.eu\/lt\/wp-json\/wp\/v2\/product_cat?post=1336"},{"taxonomy":"product_tag","embeddable":true,"href":"https:\/\/etnoart.eu\/lt\/wp-json\/wp\/v2\/product_tag?post=1336"}],"curies":[{"name":"wp","href":"https:\/\/api.w.org\/{rel}","templated":true}]}}