{"id":8401,"date":"2026-03-13T17:00:01","date_gmt":"2026-03-13T17:00:01","guid":{"rendered":"https:\/\/etnoart.eu\/toode\/metalltrepp-restastmetega\/"},"modified":"2026-03-13T17:43:22","modified_gmt":"2026-03-13T17:43:22","slug":"metallinen-porras-ritilaaskelmilla","status":"publish","type":"product","link":"https:\/\/etnoart.eu\/fi\/toode\/metallinen-porras-ritilaaskelmilla\/","title":{"rendered":"Metallinen porras ritil\u00e4askelmilla"},"content":{"rendered":"<p data-start=\"4755\" data-end=\"5003\">Metallinen ritil\u00e4askelmainen porras on yksinkertainen ja kest\u00e4v\u00e4 ratkaisu paikkoihin, joissa t\u00e4ytyy ylitt\u00e4\u00e4 pieni korkeusero. Rakenteessa on tukeva metallirunko ja ritil\u00e4portaat, jotka tarjoavat hyv\u00e4n pidon my\u00f6s m\u00e4riss\u00e4 tai talvisissa olosuhteissa.<\/p>\n<p data-start=\"5005\" data-end=\"5173\">Ritil\u00e4portaat p\u00e4\u00e4st\u00e4v\u00e4t lumen, veden ja lian l\u00e4pi, mink\u00e4 ansiosta portaat pysyv\u00e4t turvallisina my\u00f6s tilanteissa, joissa umpipintaiset portaat voivat muuttua liukkaiksi.<\/p>\n<p data-start=\"5175\" data-end=\"5439\">Portaita voidaan k\u00e4ytt\u00e4\u00e4 sek\u00e4 sis\u00e4ll\u00e4 ett\u00e4 ulkona. Vakiopintak\u00e4sittely on pohjamaali ja maalaus, joka soveltuu hyvin kuivempiin tiloihin, kuten kellariin tai katettuihin tiloihin. Ulkok\u00e4ytt\u00f6\u00f6n portaat voidaan tilata my\u00f6s sinkittyin\u00e4 tai sinkittyin\u00e4 ja maalattuina.<\/p>\n<p data-start=\"5441\" data-end=\"5612\">Portaat toimitetaan joko koottuna (noutotilauksissa) tai kuljetusta varten osina. Kokoaminen on helppoa \u2013 tarvitsee kirist\u00e4\u00e4 vain 8 pulttia, jotka sis\u00e4ltyv\u00e4t toimitukseen.<\/p>\n<p data-start=\"5614\" data-end=\"5785\">Soveltuu k\u00e4ytett\u00e4v\u00e4ksi kodeissa, teollisuudessa, varastoissa, konttien yhteydess\u00e4, per\u00e4vaunuissa sek\u00e4 muissa paikoissa, joissa tarvitaan kompakti ja kest\u00e4v\u00e4 metalliporras.<\/p>\n<hr data-start=\"5787\" data-end=\"5790\" \/>\n<h2 data-section-id=\"1ccgzry\" data-start=\"5792\" data-end=\"5810\">P\u00e4\u00e4ominaisuudet<\/h2>\n<ul data-start=\"5812\" data-end=\"6066\">\n<li data-section-id=\"r0tag9\" data-start=\"5812\" data-end=\"5835\">\n<p data-start=\"5814\" data-end=\"5835\">tukeva metallirunko<\/p>\n<\/li>\n<li data-section-id=\"ygmta\" data-start=\"5836\" data-end=\"5867\">\n<p data-start=\"5838\" data-end=\"5867\">liukumattomat ritil\u00e4portaat<\/p>\n<\/li>\n<li data-section-id=\"1ln8169\" data-start=\"5868\" data-end=\"5902\">\n<p data-start=\"5870\" data-end=\"5902\">soveltuu sis\u00e4- ja ulkok\u00e4ytt\u00f6\u00f6n<\/p>\n<\/li>\n<li data-section-id=\"15ls5ob\" data-start=\"5903\" data-end=\"5956\">\n<p data-start=\"5905\" data-end=\"5956\">saatavana sinkittyn\u00e4 tai sinkittyn\u00e4 ja maalattuna<\/p>\n<\/li>\n<li data-section-id=\"gij4ia\" data-start=\"5957\" data-end=\"5994\">\n<p data-start=\"5959\" data-end=\"5994\">helppo asennus (8 pulttia mukana)<\/p>\n<\/li>\n<li data-section-id=\"vv0yj\" data-start=\"5995\" data-end=\"6066\">\n<p data-start=\"5997\" data-end=\"6066\">monipuolinen k\u00e4ytt\u00f6 \u2013 koti, teollisuus, varasto, kontit, per\u00e4vaunut<\/p>\n<\/li>\n<\/ul>\n<hr data-start=\"6068\" data-end=\"6071\" \/>\n<h2 data-section-id=\"iozr4t\" data-start=\"6073\" data-end=\"6091\">Tekniset tiedot<\/h2>\n<p data-start=\"6093\" data-end=\"6190\">Tuotenimi: Metalliporras ritil\u00e4askelmilla<br data-start=\"6134\" data-end=\"6137\" \/>Mitat: 500 \u00d7 500 \u00d7 900 mm (korkeus \u00d7 syvyys \u00d7 leveys)<\/p>\n<p data-start=\"6192\" data-end=\"6243\">Korkeus: 500 mm<br data-start=\"6207\" data-end=\"6210\" \/>Leveys: 900 mm<br data-start=\"6224\" data-end=\"6227\" \/>Syvyys: 500 mm<\/p>\n<p data-start=\"6245\" data-end=\"6375\">Materiaali: metallirunko (8 mm)<br data-start=\"6276\" data-end=\"6279\" \/>Pintak\u00e4sittely: pohjamaali + maali<br data-start=\"6313\" data-end=\"6316\" \/>Vakiov\u00e4ri: harmaa<br data-start=\"6333\" data-end=\"6336\" \/>Lis\u00e4valinta: v\u00e4rit RAL-s\u00e4vyjen mukaan<\/p>\n<p data-start=\"6377\" data-end=\"6451\">Portaat: metalliset ritil\u00e4portaat<br data-start=\"6410\" data-end=\"6413\" \/>Kantavuus: enint\u00e4\u00e4n 200 kg \/ askelma<\/p>\n<p data-start=\"6453\" data-end=\"6542\">K\u00e4ytt\u00f6: sis\u00e4- ja ulkotiloihin<br data-start=\"6482\" data-end=\"6485\" \/>Toimitus: koottuna tai osina pakkauksessa (pultit mukana)<\/p>\n","protected":false},"excerpt":{"rendered":"<p data-start=\"6192\" data-end=\"6243\">Korkeus: 500 mm<br data-start=\"6207\" data-end=\"6210\" \/>Leveys: 900 mm<br data-start=\"6224\" data-end=\"6227\" \/>Syvyys: 500 mm<\/p>\n<p data-start=\"6245\" data-end=\"6375\">Materiaali: metallirunko (8 mm)<br data-start=\"6276\" data-end=\"6279\" \/>Pintak\u00e4sittely: pohjamaali + maali<br data-start=\"6313\" data-end=\"6316\" \/>Vakiov\u00e4ri: harmaa<br data-start=\"6333\" data-end=\"6336\" \/>Lis\u00e4valinta: v\u00e4rit RAL-s\u00e4vyjen mukaan<\/p>\n","protected":false},"featured_media":8402,"template":"","meta":[],"product_brand":[],"product_cat":[1183],"product_tag":[],"class_list":{"0":"post-8401","1":"product","2":"type-product","3":"status-publish","4":"has-post-thumbnail","6":"product_cat-metallirakenteet-ja-tarvikkeet","7":"product_shipping_class-liiga-suur-pakiautomaadile","8":"has-post-title","9":"has-post-date","10":"has-post-category","11":"has-post-tag","12":"has-post-comment","13":"has-post-author","14":"","16":"first","17":"instock","18":"taxable","19":"shipping-taxable","20":"purchasable","21":"product-type-simple"},"yoast_head":"<!-- This site is optimized with the Yoast SEO plugin v27.3 - https:\/\/yoast.com\/product\/yoast-seo-wordpress\/ -->\n<title>Metallinen porras ritil\u00e4askelmilla - Etnoart<\/title>\n<meta name=\"description\" content=\"Kest\u00e4v\u00e4 metalliporras ritil\u00e4askelmilla. Sopii sis\u00e4- ja ulkok\u00e4ytt\u00f6\u00f6n. Liukumaton rakenne ja helppo asennus. Mitat: 500 \u00d7 500 \u00d7 900 mm\" \/>\n<meta name=\"robots\" content=\"index, follow, max-snippet:-1, max-image-preview:large, max-video-preview:-1\" \/>\n<link rel=\"canonical\" href=\"https:\/\/etnoart.eu\/lv\/toode\/metalltrepp-restastmetega\/\" \/>\n<meta property=\"og:locale\" content=\"fi_FI\" \/>\n<meta property=\"og:type\" content=\"article\" \/>\n<meta property=\"og:title\" content=\"Metallinen porras ritil\u00e4askelmilla - Etnoart\" \/>\n<meta property=\"og:description\" content=\"Kest\u00e4v\u00e4 metalliporras ritil\u00e4askelmilla. Sopii sis\u00e4- ja ulkok\u00e4ytt\u00f6\u00f6n. Liukumaton rakenne ja helppo asennus. Mitat: 500 \u00d7 500 \u00d7 900 mm\" \/>\n<meta property=\"og:url\" content=\"https:\/\/etnoart.eu\/lv\/toode\/metalltrepp-restastmetega\/\" \/>\n<meta property=\"og:site_name\" content=\"Etnoart\" \/>\n<meta property=\"article:publisher\" content=\"https:\/\/www.facebook.com\/etnoart.handicraft.shop\" \/>\n<meta property=\"article:modified_time\" content=\"2026-03-13T17:43:22+00:00\" \/>\n<meta property=\"og:image\" content=\"https:\/\/etnoart.eu\/wp-content\/uploads\/2026\/03\/vaike-restastmetega-trepp.png\" \/>\n\t<meta property=\"og:image:width\" content=\"1877\" \/>\n\t<meta property=\"og:image:height\" content=\"1591\" \/>\n\t<meta property=\"og:image:type\" content=\"image\/png\" \/>\n<meta name=\"twitter:card\" content=\"summary_large_image\" \/>\n<meta name=\"twitter:label1\" content=\"Arvioitu lukuaika\" \/>\n\t<meta name=\"twitter:data1\" content=\"2 minuuttia\" \/>\n<script type=\"application\/ld+json\" class=\"yoast-schema-graph\">{\"@context\":\"https:\\\/\\\/schema.org\",\"@graph\":[{\"@type\":\"WebPage\",\"@id\":\"https:\\\/\\\/etnoart.eu\\\/lv\\\/toode\\\/metalltrepp-restastmetega\\\/\",\"url\":\"https:\\\/\\\/etnoart.eu\\\/lv\\\/toode\\\/metalltrepp-restastmetega\\\/\",\"name\":\"Metallinen porras ritil\u00e4askelmilla - Etnoart\",\"isPartOf\":{\"@id\":\"https:\\\/\\\/etnoart.eu\\\/#website\"},\"primaryImageOfPage\":{\"@id\":\"https:\\\/\\\/etnoart.eu\\\/lv\\\/toode\\\/metalltrepp-restastmetega\\\/#primaryimage\"},\"image\":{\"@id\":\"https:\\\/\\\/etnoart.eu\\\/lv\\\/toode\\\/metalltrepp-restastmetega\\\/#primaryimage\"},\"thumbnailUrl\":\"https:\\\/\\\/etnoart.eu\\\/wp-content\\\/uploads\\\/2026\\\/03\\\/vaike-restastmetega-trepp.png\",\"datePublished\":\"2026-03-13T17:00:01+00:00\",\"dateModified\":\"2026-03-13T17:43:22+00:00\",\"description\":\"Kest\u00e4v\u00e4 metalliporras ritil\u00e4askelmilla. Sopii sis\u00e4- ja ulkok\u00e4ytt\u00f6\u00f6n. Liukumaton rakenne ja helppo asennus. Mitat: 500 \u00d7 500 \u00d7 900 mm\",\"breadcrumb\":{\"@id\":\"https:\\\/\\\/etnoart.eu\\\/lv\\\/toode\\\/metalltrepp-restastmetega\\\/#breadcrumb\"},\"inLanguage\":\"fi\",\"potentialAction\":[{\"@type\":\"ReadAction\",\"target\":[\"https:\\\/\\\/etnoart.eu\\\/lv\\\/toode\\\/metalltrepp-restastmetega\\\/\"]}]},{\"@type\":\"ImageObject\",\"inLanguage\":\"fi\",\"@id\":\"https:\\\/\\\/etnoart.eu\\\/lv\\\/toode\\\/metalltrepp-restastmetega\\\/#primaryimage\",\"url\":\"https:\\\/\\\/etnoart.eu\\\/wp-content\\\/uploads\\\/2026\\\/03\\\/vaike-restastmetega-trepp.png\",\"contentUrl\":\"https:\\\/\\\/etnoart.eu\\\/wp-content\\\/uploads\\\/2026\\\/03\\\/vaike-restastmetega-trepp.png\",\"width\":1877,\"height\":1591,\"caption\":\"v\u00e4ike restastmetega trepp keldrisse v\u00f5i r\u00f5dule\"},{\"@type\":\"BreadcrumbList\",\"@id\":\"https:\\\/\\\/etnoart.eu\\\/lv\\\/toode\\\/metalltrepp-restastmetega\\\/#breadcrumb\",\"itemListElement\":[{\"@type\":\"ListItem\",\"position\":1,\"name\":\"Home\",\"item\":\"https:\\\/\\\/etnoart.eu\\\/fi\\\/\"},{\"@type\":\"ListItem\",\"position\":2,\"name\":\"Shop\",\"item\":\"https:\\\/\\\/etnoart.eu\\\/pood\\\/\"},{\"@type\":\"ListItem\",\"position\":3,\"name\":\"Metallinen porras ritil\u00e4askelmilla\"}]},{\"@type\":\"WebSite\",\"@id\":\"https:\\\/\\\/etnoart.eu\\\/#website\",\"url\":\"https:\\\/\\\/etnoart.eu\\\/\",\"name\":\"Etnoart\",\"description\":\"K&auml;sit&ouml;&ouml;pood\",\"publisher\":{\"@id\":\"https:\\\/\\\/etnoart.eu\\\/#organization\"},\"potentialAction\":[{\"@type\":\"SearchAction\",\"target\":{\"@type\":\"EntryPoint\",\"urlTemplate\":\"https:\\\/\\\/etnoart.eu\\\/?s={search_term_string}\"},\"query-input\":{\"@type\":\"PropertyValueSpecification\",\"valueRequired\":true,\"valueName\":\"search_term_string\"}}],\"inLanguage\":\"fi\"},{\"@type\":\"Organization\",\"@id\":\"https:\\\/\\\/etnoart.eu\\\/#organization\",\"name\":\"Etnoart O\u00dc\",\"url\":\"https:\\\/\\\/etnoart.eu\\\/\",\"logo\":{\"@type\":\"ImageObject\",\"inLanguage\":\"fi\",\"@id\":\"https:\\\/\\\/etnoart.eu\\\/#\\\/schema\\\/logo\\\/image\\\/\",\"url\":\"https:\\\/\\\/etnoart.eu\\\/wp-content\\\/uploads\\\/2023\\\/06\\\/etnoart-logo.png\",\"contentUrl\":\"https:\\\/\\\/etnoart.eu\\\/wp-content\\\/uploads\\\/2023\\\/06\\\/etnoart-logo.png\",\"width\":491,\"height\":184,\"caption\":\"Etnoart O\u00dc\"},\"image\":{\"@id\":\"https:\\\/\\\/etnoart.eu\\\/#\\\/schema\\\/logo\\\/image\\\/\"},\"sameAs\":[\"https:\\\/\\\/www.facebook.com\\\/etnoart.handicraft.shop\"]}]}<\/script>\n<!-- \/ Yoast SEO plugin. -->","yoast_head_json":{"title":"Metallinen porras ritil\u00e4askelmilla - Etnoart","description":"Kest\u00e4v\u00e4 metalliporras ritil\u00e4askelmilla. Sopii sis\u00e4- ja ulkok\u00e4ytt\u00f6\u00f6n. Liukumaton rakenne ja helppo asennus. Mitat: 500 \u00d7 500 \u00d7 900 mm","robots":{"index":"index","follow":"follow","max-snippet":"max-snippet:-1","max-image-preview":"max-image-preview:large","max-video-preview":"max-video-preview:-1"},"canonical":"https:\/\/etnoart.eu\/lv\/toode\/metalltrepp-restastmetega\/","og_locale":"fi_FI","og_type":"article","og_title":"Metallinen porras ritil\u00e4askelmilla - Etnoart","og_description":"Kest\u00e4v\u00e4 metalliporras ritil\u00e4askelmilla. Sopii sis\u00e4- ja ulkok\u00e4ytt\u00f6\u00f6n. Liukumaton rakenne ja helppo asennus. Mitat: 500 \u00d7 500 \u00d7 900 mm","og_url":"https:\/\/etnoart.eu\/lv\/toode\/metalltrepp-restastmetega\/","og_site_name":"Etnoart","article_publisher":"https:\/\/www.facebook.com\/etnoart.handicraft.shop","article_modified_time":"2026-03-13T17:43:22+00:00","og_image":[{"width":1877,"height":1591,"url":"https:\/\/etnoart.eu\/wp-content\/uploads\/2026\/03\/vaike-restastmetega-trepp.png","type":"image\/png"}],"twitter_card":"summary_large_image","twitter_misc":{"Arvioitu lukuaika":"2 minuuttia"},"schema":{"@context":"https:\/\/schema.org","@graph":[{"@type":"WebPage","@id":"https:\/\/etnoart.eu\/lv\/toode\/metalltrepp-restastmetega\/","url":"https:\/\/etnoart.eu\/lv\/toode\/metalltrepp-restastmetega\/","name":"Metallinen porras ritil\u00e4askelmilla - Etnoart","isPartOf":{"@id":"https:\/\/etnoart.eu\/#website"},"primaryImageOfPage":{"@id":"https:\/\/etnoart.eu\/lv\/toode\/metalltrepp-restastmetega\/#primaryimage"},"image":{"@id":"https:\/\/etnoart.eu\/lv\/toode\/metalltrepp-restastmetega\/#primaryimage"},"thumbnailUrl":"https:\/\/etnoart.eu\/wp-content\/uploads\/2026\/03\/vaike-restastmetega-trepp.png","datePublished":"2026-03-13T17:00:01+00:00","dateModified":"2026-03-13T17:43:22+00:00","description":"Kest\u00e4v\u00e4 metalliporras ritil\u00e4askelmilla. Sopii sis\u00e4- ja ulkok\u00e4ytt\u00f6\u00f6n. Liukumaton rakenne ja helppo asennus. Mitat: 500 \u00d7 500 \u00d7 900 mm","breadcrumb":{"@id":"https:\/\/etnoart.eu\/lv\/toode\/metalltrepp-restastmetega\/#breadcrumb"},"inLanguage":"fi","potentialAction":[{"@type":"ReadAction","target":["https:\/\/etnoart.eu\/lv\/toode\/metalltrepp-restastmetega\/"]}]},{"@type":"ImageObject","inLanguage":"fi","@id":"https:\/\/etnoart.eu\/lv\/toode\/metalltrepp-restastmetega\/#primaryimage","url":"https:\/\/etnoart.eu\/wp-content\/uploads\/2026\/03\/vaike-restastmetega-trepp.png","contentUrl":"https:\/\/etnoart.eu\/wp-content\/uploads\/2026\/03\/vaike-restastmetega-trepp.png","width":1877,"height":1591,"caption":"v\u00e4ike restastmetega trepp keldrisse v\u00f5i r\u00f5dule"},{"@type":"BreadcrumbList","@id":"https:\/\/etnoart.eu\/lv\/toode\/metalltrepp-restastmetega\/#breadcrumb","itemListElement":[{"@type":"ListItem","position":1,"name":"Home","item":"https:\/\/etnoart.eu\/fi\/"},{"@type":"ListItem","position":2,"name":"Shop","item":"https:\/\/etnoart.eu\/pood\/"},{"@type":"ListItem","position":3,"name":"Metallinen porras ritil\u00e4askelmilla"}]},{"@type":"WebSite","@id":"https:\/\/etnoart.eu\/#website","url":"https:\/\/etnoart.eu\/","name":"Etnoart","description":"K&auml;sit&ouml;&ouml;pood","publisher":{"@id":"https:\/\/etnoart.eu\/#organization"},"potentialAction":[{"@type":"SearchAction","target":{"@type":"EntryPoint","urlTemplate":"https:\/\/etnoart.eu\/?s={search_term_string}"},"query-input":{"@type":"PropertyValueSpecification","valueRequired":true,"valueName":"search_term_string"}}],"inLanguage":"fi"},{"@type":"Organization","@id":"https:\/\/etnoart.eu\/#organization","name":"Etnoart O\u00dc","url":"https:\/\/etnoart.eu\/","logo":{"@type":"ImageObject","inLanguage":"fi","@id":"https:\/\/etnoart.eu\/#\/schema\/logo\/image\/","url":"https:\/\/etnoart.eu\/wp-content\/uploads\/2023\/06\/etnoart-logo.png","contentUrl":"https:\/\/etnoart.eu\/wp-content\/uploads\/2023\/06\/etnoart-logo.png","width":491,"height":184,"caption":"Etnoart O\u00dc"},"image":{"@id":"https:\/\/etnoart.eu\/#\/schema\/logo\/image\/"},"sameAs":["https:\/\/www.facebook.com\/etnoart.handicraft.shop"]}]}},"builder_content":"","_links":{"self":[{"href":"https:\/\/etnoart.eu\/fi\/wp-json\/wp\/v2\/product\/8401","targetHints":{"allow":["GET"]}}],"collection":[{"href":"https:\/\/etnoart.eu\/fi\/wp-json\/wp\/v2\/product"}],"about":[{"href":"https:\/\/etnoart.eu\/fi\/wp-json\/wp\/v2\/types\/product"}],"wp:featuredmedia":[{"embeddable":true,"href":"https:\/\/etnoart.eu\/fi\/wp-json\/wp\/v2\/media\/8402"}],"wp:attachment":[{"href":"https:\/\/etnoart.eu\/fi\/wp-json\/wp\/v2\/media?parent=8401"}],"wp:term":[{"taxonomy":"product_brand","embeddable":true,"href":"https:\/\/etnoart.eu\/fi\/wp-json\/wp\/v2\/product_brand?post=8401"},{"taxonomy":"product_cat","embeddable":true,"href":"https:\/\/etnoart.eu\/fi\/wp-json\/wp\/v2\/product_cat?post=8401"},{"taxonomy":"product_tag","embeddable":true,"href":"https:\/\/etnoart.eu\/fi\/wp-json\/wp\/v2\/product_tag?post=8401"}],"curies":[{"name":"wp","href":"https:\/\/api.w.org\/{rel}","templated":true}]}}