{"id":6531,"date":"2023-06-08T08:53:46","date_gmt":"2023-06-08T08:53:46","guid":{"rendered":"https:\/\/etnoart.eu\/toode\/kutteuualus-tarvikutega\/"},"modified":"2026-01-20T04:51:01","modified_gmt":"2026-01-20T04:51:01","slug":"takkapuuteline-takkatarvikkeilla","status":"publish","type":"product","link":"https:\/\/etnoart.eu\/fi\/toode\/takkapuuteline-takkatarvikkeilla\/","title":{"rendered":"Takkapuuteline takkatarvikkeilla"},"content":{"rendered":"<p>T\u00e4m\u00e4 takkapuuteline takkatarvikkeilla yhdist\u00e4\u00e4 k\u00e4yt\u00e4nn\u00f6llisyyden ja perinteisen sep\u00e4ntyylin yhteen kompaktiin kokonaisuuteen.<\/p>\n<p>Vankka metallirunko ja taotun n\u00e4k\u00f6iset ripustuskoukut pit\u00e4v\u00e4t kaikki takkatarvikut siististi j\u00e4rjestyksess\u00e4 ja aina k\u00e4den ulottuvilla. Puuteline nostaa polttopuut irti lattiasta ja auttaa pit\u00e4m\u00e4\u00e4n kodin puhtaana ilman roskia ja kuorenpaloja.<\/p>\n<p>Suora ja pelkistetty muotoilu tekee setist\u00e4 kest\u00e4v\u00e4n ja helppok\u00e4ytt\u00f6isen, kun taas taotut yksityiskohdat tuovat mukaan k\u00e4sity\u00f6henkist\u00e4 ilmett\u00e4. 8,6 kg paino takaa erinomaisen vakauden, mutta rakenne pysyy silti sopivan kompaktina my\u00f6s pienempiin tiloihin ja m\u00f6kkik\u00e4ytt\u00f6\u00f6n.<\/p>\n<p>\ud83d\udd27 Perustiedot<\/p>\n<p>Tuotemalli: takkapuuteline takkatarvikkeilla<br \/>\nKorkeus: 770 mm<br \/>\nPaino: 8,6 kg<br \/>\nLattiapinta-ala: 340 \u00d7 400 mm<br \/>\nMateriaali: Metalli, jauhemaalattu pinta<br \/>\nViimeistely: Maalattu, kest\u00e4v\u00e4 pulverimaalaus<br \/>\nSis\u00e4lt\u00f6:<br \/>\nPuuteline, hiilihanko, harja, tuhkalapio ja takkapihti<br \/>\nKokoaminen: Toimitetaan valmiiksi koottuna<br \/>\nSoveltuvuus: Sis\u00e4- ja ulkok\u00e4ytt\u00f6\u00f6n<\/p>\n<p>\ud83c\udfe1 Kenelle sopii?<\/p>\n<p>Sopii omakotitaloihin, vapaa-ajan asuntoihin ja perinteisiin koteihin. Ajaton muotoilu istuu niin moderniin kuin rustiikkiseenkin sisustukseen.<\/p>\n<p>\ud83d\ude9a Myyntitiedot<\/p>\n<p>Valmistettu Virossa.<br \/>\nTilaukset l\u00e4hetet\u00e4\u00e4n viimeist\u00e4\u00e4n viikon sis\u00e4ll\u00e4 ostop\u00e4iv\u00e4st\u00e4.<\/p>\n","protected":false},"excerpt":{"rendered":"<p>Korkeus: 770 mm<br \/>\nPaino: 8,6 kg<br \/>\nLattiapinta-ala: 340 \u00d7 400 mm<br \/>\nMateriaali: Metalli, jauhemaalattu pinta<br \/>\nViimeistely: Maalattu, kest\u00e4v\u00e4 pulverimaalaus<br \/>\nSis\u00e4lt\u00f6:<br \/>\nPuuteline, hiilihanko, harja, tuhkalapio ja takkapihti<\/p>\n","protected":false},"featured_media":2331,"template":"","meta":[],"product_brand":[],"product_cat":[400],"product_tag":[],"class_list":{"0":"post-6531","1":"product","2":"type-product","3":"status-publish","4":"has-post-thumbnail","6":"product_cat-takkatarvikkeet-ja-puutelineet","7":"product_shipping_class-liiga-suur-pakiautomaadile","8":"has-post-title","9":"has-post-date","10":"has-post-category","11":"has-post-tag","12":"has-post-comment","13":"has-post-author","14":"","16":"first","17":"instock","18":"taxable","19":"shipping-taxable","20":"purchasable","21":"product-type-simple"},"yoast_head":"<!-- This site is optimized with the Yoast SEO plugin v27.5 - https:\/\/yoast.com\/product\/yoast-seo-wordpress\/ -->\n<title>takkapuuteline takkatarvikkeilla |Takkatarvikkeet ja puutelineet<\/title>\n<meta name=\"description\" content=\"Kest\u00e4v\u00e4 takkapuuteline takkatarvikkeilla. Jauhemaalattu metallinen takkasetti sis\u00e4lt\u00e4\u00e4 harjan, tuhkalapion, hiilihangon ja takkapihtit. Valmistettu Virossa.\" \/>\n<meta name=\"robots\" content=\"index, follow, max-snippet:-1, max-image-preview:large, max-video-preview:-1\" \/>\n<link rel=\"canonical\" href=\"https:\/\/etnoart.eu\/fi\/toode\/takkapuuteline-takkatarvikkeilla\/\" \/>\n<meta property=\"og:locale\" content=\"fi_FI\" \/>\n<meta property=\"og:type\" content=\"article\" \/>\n<meta property=\"og:title\" content=\"takkapuuteline takkatarvikkeilla |Takkatarvikkeet ja puutelineet\" \/>\n<meta property=\"og:description\" content=\"Kest\u00e4v\u00e4 takkapuuteline takkatarvikkeilla. Jauhemaalattu metallinen takkasetti sis\u00e4lt\u00e4\u00e4 harjan, tuhkalapion, hiilihangon ja takkapihtit. Valmistettu Virossa.\" \/>\n<meta property=\"og:url\" content=\"https:\/\/etnoart.eu\/fi\/toode\/takkapuuteline-takkatarvikkeilla\/\" \/>\n<meta property=\"og:site_name\" content=\"Etnoart\" \/>\n<meta property=\"article:publisher\" content=\"https:\/\/www.facebook.com\/etnoart.handicraft.shop\" \/>\n<meta property=\"article:modified_time\" content=\"2026-01-20T04:51:01+00:00\" \/>\n<meta property=\"og:image\" content=\"https:\/\/etnoart.eu\/wp-content\/uploads\/2023\/06\/1008-Puualus-tarvikutega-Kaminatarbed-ja-puukorvid.jpg\" \/>\n\t<meta property=\"og:image:width\" content=\"750\" \/>\n\t<meta property=\"og:image:height\" content=\"750\" \/>\n\t<meta property=\"og:image:type\" content=\"image\/jpeg\" \/>\n<meta name=\"twitter:card\" content=\"summary_large_image\" \/>\n<meta name=\"twitter:label1\" content=\"Arvioitu lukuaika\" \/>\n\t<meta name=\"twitter:data1\" content=\"1 minuutti\" \/>\n<script type=\"application\/ld+json\" class=\"yoast-schema-graph\">{\"@context\":\"https:\\\/\\\/schema.org\",\"@graph\":[{\"@type\":\"WebPage\",\"@id\":\"https:\\\/\\\/etnoart.eu\\\/fi\\\/toode\\\/takkapuuteline-takkatarvikkeilla\\\/\",\"url\":\"https:\\\/\\\/etnoart.eu\\\/fi\\\/toode\\\/takkapuuteline-takkatarvikkeilla\\\/\",\"name\":\"takkapuuteline takkatarvikkeilla |Takkatarvikkeet ja puutelineet\",\"isPartOf\":{\"@id\":\"https:\\\/\\\/etnoart.eu\\\/#website\"},\"primaryImageOfPage\":{\"@id\":\"https:\\\/\\\/etnoart.eu\\\/fi\\\/toode\\\/takkapuuteline-takkatarvikkeilla\\\/#primaryimage\"},\"image\":{\"@id\":\"https:\\\/\\\/etnoart.eu\\\/fi\\\/toode\\\/takkapuuteline-takkatarvikkeilla\\\/#primaryimage\"},\"thumbnailUrl\":\"https:\\\/\\\/etnoart.eu\\\/wp-content\\\/uploads\\\/2023\\\/06\\\/1008-Puualus-tarvikutega-Kaminatarbed-ja-puukorvid.jpg\",\"datePublished\":\"2023-06-08T08:53:46+00:00\",\"dateModified\":\"2026-01-20T04:51:01+00:00\",\"description\":\"Kest\u00e4v\u00e4 takkapuuteline takkatarvikkeilla. Jauhemaalattu metallinen takkasetti sis\u00e4lt\u00e4\u00e4 harjan, tuhkalapion, hiilihangon ja takkapihtit. Valmistettu Virossa.\",\"breadcrumb\":{\"@id\":\"https:\\\/\\\/etnoart.eu\\\/fi\\\/toode\\\/takkapuuteline-takkatarvikkeilla\\\/#breadcrumb\"},\"inLanguage\":\"fi\",\"potentialAction\":[{\"@type\":\"ReadAction\",\"target\":[\"https:\\\/\\\/etnoart.eu\\\/fi\\\/toode\\\/takkapuuteline-takkatarvikkeilla\\\/\"]}]},{\"@type\":\"ImageObject\",\"inLanguage\":\"fi\",\"@id\":\"https:\\\/\\\/etnoart.eu\\\/fi\\\/toode\\\/takkapuuteline-takkatarvikkeilla\\\/#primaryimage\",\"url\":\"https:\\\/\\\/etnoart.eu\\\/wp-content\\\/uploads\\\/2023\\\/06\\\/1008-Puualus-tarvikutega-Kaminatarbed-ja-puukorvid.jpg\",\"contentUrl\":\"https:\\\/\\\/etnoart.eu\\\/wp-content\\\/uploads\\\/2023\\\/06\\\/1008-Puualus-tarvikutega-Kaminatarbed-ja-puukorvid.jpg\",\"width\":750,\"height\":750},{\"@type\":\"BreadcrumbList\",\"@id\":\"https:\\\/\\\/etnoart.eu\\\/fi\\\/toode\\\/takkapuuteline-takkatarvikkeilla\\\/#breadcrumb\",\"itemListElement\":[{\"@type\":\"ListItem\",\"position\":1,\"name\":\"Home\",\"item\":\"https:\\\/\\\/etnoart.eu\\\/fi\\\/\"},{\"@type\":\"ListItem\",\"position\":2,\"name\":\"Shop\",\"item\":\"https:\\\/\\\/etnoart.eu\\\/pood\\\/\"},{\"@type\":\"ListItem\",\"position\":3,\"name\":\"Takkapuuteline takkatarvikkeilla\"}]},{\"@type\":\"WebSite\",\"@id\":\"https:\\\/\\\/etnoart.eu\\\/#website\",\"url\":\"https:\\\/\\\/etnoart.eu\\\/\",\"name\":\"Etnoart\",\"description\":\"K&auml;sit&ouml;&ouml;pood\",\"publisher\":{\"@id\":\"https:\\\/\\\/etnoart.eu\\\/#organization\"},\"potentialAction\":[{\"@type\":\"SearchAction\",\"target\":{\"@type\":\"EntryPoint\",\"urlTemplate\":\"https:\\\/\\\/etnoart.eu\\\/?s={search_term_string}\"},\"query-input\":{\"@type\":\"PropertyValueSpecification\",\"valueRequired\":true,\"valueName\":\"search_term_string\"}}],\"inLanguage\":\"fi\"},{\"@type\":\"Organization\",\"@id\":\"https:\\\/\\\/etnoart.eu\\\/#organization\",\"name\":\"Etnoart O\u00dc\",\"url\":\"https:\\\/\\\/etnoart.eu\\\/\",\"logo\":{\"@type\":\"ImageObject\",\"inLanguage\":\"fi\",\"@id\":\"https:\\\/\\\/etnoart.eu\\\/#\\\/schema\\\/logo\\\/image\\\/\",\"url\":\"https:\\\/\\\/etnoart.eu\\\/wp-content\\\/uploads\\\/2023\\\/06\\\/etnoart-logo.png\",\"contentUrl\":\"https:\\\/\\\/etnoart.eu\\\/wp-content\\\/uploads\\\/2023\\\/06\\\/etnoart-logo.png\",\"width\":491,\"height\":184,\"caption\":\"Etnoart O\u00dc\"},\"image\":{\"@id\":\"https:\\\/\\\/etnoart.eu\\\/#\\\/schema\\\/logo\\\/image\\\/\"},\"sameAs\":[\"https:\\\/\\\/www.facebook.com\\\/etnoart.handicraft.shop\"]}]}<\/script>\n<!-- \/ Yoast SEO plugin. -->","yoast_head_json":{"title":"takkapuuteline takkatarvikkeilla |Takkatarvikkeet ja puutelineet","description":"Kest\u00e4v\u00e4 takkapuuteline takkatarvikkeilla. Jauhemaalattu metallinen takkasetti sis\u00e4lt\u00e4\u00e4 harjan, tuhkalapion, hiilihangon ja takkapihtit. Valmistettu Virossa.","robots":{"index":"index","follow":"follow","max-snippet":"max-snippet:-1","max-image-preview":"max-image-preview:large","max-video-preview":"max-video-preview:-1"},"canonical":"https:\/\/etnoart.eu\/fi\/toode\/takkapuuteline-takkatarvikkeilla\/","og_locale":"fi_FI","og_type":"article","og_title":"takkapuuteline takkatarvikkeilla |Takkatarvikkeet ja puutelineet","og_description":"Kest\u00e4v\u00e4 takkapuuteline takkatarvikkeilla. Jauhemaalattu metallinen takkasetti sis\u00e4lt\u00e4\u00e4 harjan, tuhkalapion, hiilihangon ja takkapihtit. Valmistettu Virossa.","og_url":"https:\/\/etnoart.eu\/fi\/toode\/takkapuuteline-takkatarvikkeilla\/","og_site_name":"Etnoart","article_publisher":"https:\/\/www.facebook.com\/etnoart.handicraft.shop","article_modified_time":"2026-01-20T04:51:01+00:00","og_image":[{"width":750,"height":750,"url":"https:\/\/etnoart.eu\/wp-content\/uploads\/2023\/06\/1008-Puualus-tarvikutega-Kaminatarbed-ja-puukorvid.jpg","type":"image\/jpeg"}],"twitter_card":"summary_large_image","twitter_misc":{"Arvioitu lukuaika":"1 minuutti"},"schema":{"@context":"https:\/\/schema.org","@graph":[{"@type":"WebPage","@id":"https:\/\/etnoart.eu\/fi\/toode\/takkapuuteline-takkatarvikkeilla\/","url":"https:\/\/etnoart.eu\/fi\/toode\/takkapuuteline-takkatarvikkeilla\/","name":"takkapuuteline takkatarvikkeilla |Takkatarvikkeet ja puutelineet","isPartOf":{"@id":"https:\/\/etnoart.eu\/#website"},"primaryImageOfPage":{"@id":"https:\/\/etnoart.eu\/fi\/toode\/takkapuuteline-takkatarvikkeilla\/#primaryimage"},"image":{"@id":"https:\/\/etnoart.eu\/fi\/toode\/takkapuuteline-takkatarvikkeilla\/#primaryimage"},"thumbnailUrl":"https:\/\/etnoart.eu\/wp-content\/uploads\/2023\/06\/1008-Puualus-tarvikutega-Kaminatarbed-ja-puukorvid.jpg","datePublished":"2023-06-08T08:53:46+00:00","dateModified":"2026-01-20T04:51:01+00:00","description":"Kest\u00e4v\u00e4 takkapuuteline takkatarvikkeilla. Jauhemaalattu metallinen takkasetti sis\u00e4lt\u00e4\u00e4 harjan, tuhkalapion, hiilihangon ja takkapihtit. Valmistettu Virossa.","breadcrumb":{"@id":"https:\/\/etnoart.eu\/fi\/toode\/takkapuuteline-takkatarvikkeilla\/#breadcrumb"},"inLanguage":"fi","potentialAction":[{"@type":"ReadAction","target":["https:\/\/etnoart.eu\/fi\/toode\/takkapuuteline-takkatarvikkeilla\/"]}]},{"@type":"ImageObject","inLanguage":"fi","@id":"https:\/\/etnoart.eu\/fi\/toode\/takkapuuteline-takkatarvikkeilla\/#primaryimage","url":"https:\/\/etnoart.eu\/wp-content\/uploads\/2023\/06\/1008-Puualus-tarvikutega-Kaminatarbed-ja-puukorvid.jpg","contentUrl":"https:\/\/etnoart.eu\/wp-content\/uploads\/2023\/06\/1008-Puualus-tarvikutega-Kaminatarbed-ja-puukorvid.jpg","width":750,"height":750},{"@type":"BreadcrumbList","@id":"https:\/\/etnoart.eu\/fi\/toode\/takkapuuteline-takkatarvikkeilla\/#breadcrumb","itemListElement":[{"@type":"ListItem","position":1,"name":"Home","item":"https:\/\/etnoart.eu\/fi\/"},{"@type":"ListItem","position":2,"name":"Shop","item":"https:\/\/etnoart.eu\/pood\/"},{"@type":"ListItem","position":3,"name":"Takkapuuteline takkatarvikkeilla"}]},{"@type":"WebSite","@id":"https:\/\/etnoart.eu\/#website","url":"https:\/\/etnoart.eu\/","name":"Etnoart","description":"K&auml;sit&ouml;&ouml;pood","publisher":{"@id":"https:\/\/etnoart.eu\/#organization"},"potentialAction":[{"@type":"SearchAction","target":{"@type":"EntryPoint","urlTemplate":"https:\/\/etnoart.eu\/?s={search_term_string}"},"query-input":{"@type":"PropertyValueSpecification","valueRequired":true,"valueName":"search_term_string"}}],"inLanguage":"fi"},{"@type":"Organization","@id":"https:\/\/etnoart.eu\/#organization","name":"Etnoart O\u00dc","url":"https:\/\/etnoart.eu\/","logo":{"@type":"ImageObject","inLanguage":"fi","@id":"https:\/\/etnoart.eu\/#\/schema\/logo\/image\/","url":"https:\/\/etnoart.eu\/wp-content\/uploads\/2023\/06\/etnoart-logo.png","contentUrl":"https:\/\/etnoart.eu\/wp-content\/uploads\/2023\/06\/etnoart-logo.png","width":491,"height":184,"caption":"Etnoart O\u00dc"},"image":{"@id":"https:\/\/etnoart.eu\/#\/schema\/logo\/image\/"},"sameAs":["https:\/\/www.facebook.com\/etnoart.handicraft.shop"]}]}},"builder_content":"","_links":{"self":[{"href":"https:\/\/etnoart.eu\/fi\/wp-json\/wp\/v2\/product\/6531","targetHints":{"allow":["GET"]}}],"collection":[{"href":"https:\/\/etnoart.eu\/fi\/wp-json\/wp\/v2\/product"}],"about":[{"href":"https:\/\/etnoart.eu\/fi\/wp-json\/wp\/v2\/types\/product"}],"wp:featuredmedia":[{"embeddable":true,"href":"https:\/\/etnoart.eu\/fi\/wp-json\/wp\/v2\/media\/2331"}],"wp:attachment":[{"href":"https:\/\/etnoart.eu\/fi\/wp-json\/wp\/v2\/media?parent=6531"}],"wp:term":[{"taxonomy":"product_brand","embeddable":true,"href":"https:\/\/etnoart.eu\/fi\/wp-json\/wp\/v2\/product_brand?post=6531"},{"taxonomy":"product_cat","embeddable":true,"href":"https:\/\/etnoart.eu\/fi\/wp-json\/wp\/v2\/product_cat?post=6531"},{"taxonomy":"product_tag","embeddable":true,"href":"https:\/\/etnoart.eu\/fi\/wp-json\/wp\/v2\/product_tag?post=6531"}],"curies":[{"name":"wp","href":"https:\/\/api.w.org\/{rel}","templated":true}]}}