{"id":6461,"date":"2023-06-08T08:53:46","date_gmt":"2023-06-08T08:53:46","guid":{"rendered":"https:\/\/etnoart.eu\/toode\/puualus-tarvikutega\/"},"modified":"2026-01-20T04:20:15","modified_gmt":"2026-01-20T04:20:15","slug":"puuteline-tarvikkeilla","status":"publish","type":"product","link":"https:\/\/etnoart.eu\/fi\/toode\/puuteline-tarvikkeilla\/","title":{"rendered":"Puuteline tarvikkeilla"},"content":{"rendered":"<p>T\u00e4m\u00e4 Puuteline tarvikkeilla yhdist\u00e4\u00e4 k\u00e4yt\u00e4nn\u00f6llisen polttopuiden s\u00e4ilytyksen ja kaikki t\u00e4rkeimm\u00e4t takkaty\u00f6kalut yhteen tyylikk\u00e4\u00e4seen kokonaisuuteen. Vankka, perinteisest\u00e4 sep\u00e4n ty\u00f6st\u00e4 inspiraationsa saanut rakenne tekee siit\u00e4 sek\u00e4 katseenvangitsijan ett\u00e4 luotettavan apuv\u00e4lineen takan, kamiinan tai puuhellan viereen.<\/p>\n<p>Pohja on valmistettu taotusta metallilevyst\u00e4, jonka el\u00e4v\u00e4 pintakuviointi est\u00e4\u00e4 puuroskien ja kuorenpalojen putoamisen lattialle. Koristeelliset, k\u00e4sintaotut koukut pit\u00e4v\u00e4t harjan, k\u00fchvelin, roopin ja tuletangit aina k\u00e4den ulottuvilla. Metalliosien kevyet kierretut yksityiskohdat tuovat tuotteeseen k\u00e4sity\u00f6n tuntua ja ajattoman ilmeen.<\/p>\n<p>Teline sopii erinomaisesti niin olohuoneeseen, m\u00f6kille kuin saunatilan yhteyteen. Pulverimaalattu pinta suojaa metallia ja tekee siit\u00e4 kest\u00e4v\u00e4n my\u00f6s katetussa ulkok\u00e4yt\u00f6ss\u00e4.<\/p>\n<p>Tekniset tiedot<\/p>\n<p>Tuotemalli: Puuteline tarvikkeilla<\/p>\n<p>Korkeus: 770 mm<\/p>\n<p>Tarvittava lattiapinta-ala: 340 \u00d7 400 mm<\/p>\n<p>Paino: 10 kg<\/p>\n<p>Materiaali: Metalli, k\u00e4sintaotun n\u00e4k\u00f6inen rakenne<\/p>\n<p>Pintak\u00e4sittely: Pulverimaalattu<\/p>\n<p>V\u00e4ri: Musta \/ tumma metalli<\/p>\n<p>Toimitussis\u00e4lt\u00f6:<\/p>\n<p>Polttopuuteline<\/p>\n<p>Harja<\/p>\n<p>Kihveli (tuhkalapio)<\/p>\n<p>Roop (takkakoukku)<\/p>\n<p>Tuletangit<\/p>\n<p>Kokoaminen: Toimitetaan valmiiksi koottuna<\/p>\n<p>Soveltuvuus: Sis\u00e4tiloihin ja katettuihin ulkotiloihin<\/p>\n","protected":false},"excerpt":{"rendered":"<p>Korkeus: 770 mm<br \/>\nTarvittava lattiapinta-ala: 340 \u00d7 400 mm<br \/>\nPaino: 10 kg<br \/>\nMateriaali: Metalli, k\u00e4sintaotun n\u00e4k\u00f6inen rakenne<br \/>\nPintak\u00e4sittely: Pulverimaalattu<br \/>\nV\u00e4ri: Musta \/ tumma metalli<br \/>\nToimitussis\u00e4lt\u00f6:<br \/>\nPolttopuuteline<br \/>\nHarja<br \/>\nKihveli (tuhkalapio)<br \/>\nRoop (takkakoukku)<br \/>\nTuletangit<br \/>\nKokoaminen: Toimitetaan valmiiksi koottuna<\/p>\n","protected":false},"featured_media":2326,"template":"","meta":[],"product_brand":[],"product_cat":[400],"product_tag":[],"class_list":{"0":"post-6461","1":"product","2":"type-product","3":"status-publish","4":"has-post-thumbnail","6":"product_cat-takkatarvikkeet-ja-puutelineet","7":"product_shipping_class-liiga-suur-pakiautomaadile","8":"has-post-title","9":"has-post-date","10":"has-post-category","11":"has-post-tag","12":"has-post-comment","13":"has-post-author","14":"","16":"first","17":"instock","18":"taxable","19":"shipping-taxable","20":"purchasable","21":"product-type-simple"},"yoast_head":"<!-- This site is optimized with the Yoast SEO plugin v27.4 - https:\/\/yoast.com\/product\/yoast-seo-wordpress\/ -->\n<title>Puuteline tarvikkeilla |Takkatarvikkeet ja puutelineet<\/title>\n<meta name=\"description\" content=\"Kest\u00e4v\u00e4 teline puuteline tarvikkeilla takkaan ja kamiinaan. Polttopuiden s\u00e4ilytys ja takkaty\u00f6kalut yhdess\u00e4 \u2013 pulverimaalattu metalli, k\u00e4sintaottu ilme.\" \/>\n<meta name=\"robots\" content=\"index, follow, max-snippet:-1, max-image-preview:large, max-video-preview:-1\" \/>\n<link rel=\"canonical\" href=\"https:\/\/etnoart.eu\/fi\/toode\/puuteline-tarvikkeilla\/\" \/>\n<meta property=\"og:locale\" content=\"fi_FI\" \/>\n<meta property=\"og:type\" content=\"article\" \/>\n<meta property=\"og:title\" content=\"Puuteline tarvikkeilla |Takkatarvikkeet ja puutelineet\" \/>\n<meta property=\"og:description\" content=\"Kest\u00e4v\u00e4 teline puuteline tarvikkeilla takkaan ja kamiinaan. Polttopuiden s\u00e4ilytys ja takkaty\u00f6kalut yhdess\u00e4 \u2013 pulverimaalattu metalli, k\u00e4sintaottu ilme.\" \/>\n<meta property=\"og:url\" content=\"https:\/\/etnoart.eu\/fi\/toode\/puuteline-tarvikkeilla\/\" \/>\n<meta property=\"og:site_name\" content=\"Etnoart\" \/>\n<meta property=\"article:publisher\" content=\"https:\/\/www.facebook.com\/etnoart.handicraft.shop\" \/>\n<meta property=\"article:modified_time\" content=\"2026-01-20T04:20:15+00:00\" \/>\n<meta property=\"og:image\" content=\"https:\/\/etnoart.eu\/wp-content\/uploads\/2023\/06\/1009-Puualus-tarvikutega-Kaminatarbed-ja-puukorvid.jpg\" \/>\n\t<meta property=\"og:image:width\" content=\"750\" \/>\n\t<meta property=\"og:image:height\" content=\"750\" \/>\n\t<meta property=\"og:image:type\" content=\"image\/jpeg\" \/>\n<meta name=\"twitter:card\" content=\"summary_large_image\" \/>\n<meta name=\"twitter:label1\" content=\"Arvioitu lukuaika\" \/>\n\t<meta name=\"twitter:data1\" content=\"2 minuuttia\" \/>\n<script type=\"application\/ld+json\" class=\"yoast-schema-graph\">{\"@context\":\"https:\\\/\\\/schema.org\",\"@graph\":[{\"@type\":\"WebPage\",\"@id\":\"https:\\\/\\\/etnoart.eu\\\/fi\\\/toode\\\/puuteline-tarvikkeilla\\\/\",\"url\":\"https:\\\/\\\/etnoart.eu\\\/fi\\\/toode\\\/puuteline-tarvikkeilla\\\/\",\"name\":\"Puuteline tarvikkeilla |Takkatarvikkeet ja puutelineet\",\"isPartOf\":{\"@id\":\"https:\\\/\\\/etnoart.eu\\\/#website\"},\"primaryImageOfPage\":{\"@id\":\"https:\\\/\\\/etnoart.eu\\\/fi\\\/toode\\\/puuteline-tarvikkeilla\\\/#primaryimage\"},\"image\":{\"@id\":\"https:\\\/\\\/etnoart.eu\\\/fi\\\/toode\\\/puuteline-tarvikkeilla\\\/#primaryimage\"},\"thumbnailUrl\":\"https:\\\/\\\/etnoart.eu\\\/wp-content\\\/uploads\\\/2023\\\/06\\\/1009-Puualus-tarvikutega-Kaminatarbed-ja-puukorvid.jpg\",\"datePublished\":\"2023-06-08T08:53:46+00:00\",\"dateModified\":\"2026-01-20T04:20:15+00:00\",\"description\":\"Kest\u00e4v\u00e4 teline puuteline tarvikkeilla takkaan ja kamiinaan. Polttopuiden s\u00e4ilytys ja takkaty\u00f6kalut yhdess\u00e4 \u2013 pulverimaalattu metalli, k\u00e4sintaottu ilme.\",\"breadcrumb\":{\"@id\":\"https:\\\/\\\/etnoart.eu\\\/fi\\\/toode\\\/puuteline-tarvikkeilla\\\/#breadcrumb\"},\"inLanguage\":\"fi\",\"potentialAction\":[{\"@type\":\"ReadAction\",\"target\":[\"https:\\\/\\\/etnoart.eu\\\/fi\\\/toode\\\/puuteline-tarvikkeilla\\\/\"]}]},{\"@type\":\"ImageObject\",\"inLanguage\":\"fi\",\"@id\":\"https:\\\/\\\/etnoart.eu\\\/fi\\\/toode\\\/puuteline-tarvikkeilla\\\/#primaryimage\",\"url\":\"https:\\\/\\\/etnoart.eu\\\/wp-content\\\/uploads\\\/2023\\\/06\\\/1009-Puualus-tarvikutega-Kaminatarbed-ja-puukorvid.jpg\",\"contentUrl\":\"https:\\\/\\\/etnoart.eu\\\/wp-content\\\/uploads\\\/2023\\\/06\\\/1009-Puualus-tarvikutega-Kaminatarbed-ja-puukorvid.jpg\",\"width\":750,\"height\":750},{\"@type\":\"BreadcrumbList\",\"@id\":\"https:\\\/\\\/etnoart.eu\\\/fi\\\/toode\\\/puuteline-tarvikkeilla\\\/#breadcrumb\",\"itemListElement\":[{\"@type\":\"ListItem\",\"position\":1,\"name\":\"Home\",\"item\":\"https:\\\/\\\/etnoart.eu\\\/fi\\\/\"},{\"@type\":\"ListItem\",\"position\":2,\"name\":\"Shop\",\"item\":\"https:\\\/\\\/etnoart.eu\\\/pood\\\/\"},{\"@type\":\"ListItem\",\"position\":3,\"name\":\"Puuteline tarvikkeilla\"}]},{\"@type\":\"WebSite\",\"@id\":\"https:\\\/\\\/etnoart.eu\\\/#website\",\"url\":\"https:\\\/\\\/etnoart.eu\\\/\",\"name\":\"Etnoart\",\"description\":\"K&auml;sit&ouml;&ouml;pood\",\"publisher\":{\"@id\":\"https:\\\/\\\/etnoart.eu\\\/#organization\"},\"potentialAction\":[{\"@type\":\"SearchAction\",\"target\":{\"@type\":\"EntryPoint\",\"urlTemplate\":\"https:\\\/\\\/etnoart.eu\\\/?s={search_term_string}\"},\"query-input\":{\"@type\":\"PropertyValueSpecification\",\"valueRequired\":true,\"valueName\":\"search_term_string\"}}],\"inLanguage\":\"fi\"},{\"@type\":\"Organization\",\"@id\":\"https:\\\/\\\/etnoart.eu\\\/#organization\",\"name\":\"Etnoart O\u00dc\",\"url\":\"https:\\\/\\\/etnoart.eu\\\/\",\"logo\":{\"@type\":\"ImageObject\",\"inLanguage\":\"fi\",\"@id\":\"https:\\\/\\\/etnoart.eu\\\/#\\\/schema\\\/logo\\\/image\\\/\",\"url\":\"https:\\\/\\\/etnoart.eu\\\/wp-content\\\/uploads\\\/2023\\\/06\\\/etnoart-logo.png\",\"contentUrl\":\"https:\\\/\\\/etnoart.eu\\\/wp-content\\\/uploads\\\/2023\\\/06\\\/etnoart-logo.png\",\"width\":491,\"height\":184,\"caption\":\"Etnoart O\u00dc\"},\"image\":{\"@id\":\"https:\\\/\\\/etnoart.eu\\\/#\\\/schema\\\/logo\\\/image\\\/\"},\"sameAs\":[\"https:\\\/\\\/www.facebook.com\\\/etnoart.handicraft.shop\"]}]}<\/script>\n<!-- \/ Yoast SEO plugin. -->","yoast_head_json":{"title":"Puuteline tarvikkeilla |Takkatarvikkeet ja puutelineet","description":"Kest\u00e4v\u00e4 teline puuteline tarvikkeilla takkaan ja kamiinaan. Polttopuiden s\u00e4ilytys ja takkaty\u00f6kalut yhdess\u00e4 \u2013 pulverimaalattu metalli, k\u00e4sintaottu ilme.","robots":{"index":"index","follow":"follow","max-snippet":"max-snippet:-1","max-image-preview":"max-image-preview:large","max-video-preview":"max-video-preview:-1"},"canonical":"https:\/\/etnoart.eu\/fi\/toode\/puuteline-tarvikkeilla\/","og_locale":"fi_FI","og_type":"article","og_title":"Puuteline tarvikkeilla |Takkatarvikkeet ja puutelineet","og_description":"Kest\u00e4v\u00e4 teline puuteline tarvikkeilla takkaan ja kamiinaan. Polttopuiden s\u00e4ilytys ja takkaty\u00f6kalut yhdess\u00e4 \u2013 pulverimaalattu metalli, k\u00e4sintaottu ilme.","og_url":"https:\/\/etnoart.eu\/fi\/toode\/puuteline-tarvikkeilla\/","og_site_name":"Etnoart","article_publisher":"https:\/\/www.facebook.com\/etnoart.handicraft.shop","article_modified_time":"2026-01-20T04:20:15+00:00","og_image":[{"width":750,"height":750,"url":"https:\/\/etnoart.eu\/wp-content\/uploads\/2023\/06\/1009-Puualus-tarvikutega-Kaminatarbed-ja-puukorvid.jpg","type":"image\/jpeg"}],"twitter_card":"summary_large_image","twitter_misc":{"Arvioitu lukuaika":"2 minuuttia"},"schema":{"@context":"https:\/\/schema.org","@graph":[{"@type":"WebPage","@id":"https:\/\/etnoart.eu\/fi\/toode\/puuteline-tarvikkeilla\/","url":"https:\/\/etnoart.eu\/fi\/toode\/puuteline-tarvikkeilla\/","name":"Puuteline tarvikkeilla |Takkatarvikkeet ja puutelineet","isPartOf":{"@id":"https:\/\/etnoart.eu\/#website"},"primaryImageOfPage":{"@id":"https:\/\/etnoart.eu\/fi\/toode\/puuteline-tarvikkeilla\/#primaryimage"},"image":{"@id":"https:\/\/etnoart.eu\/fi\/toode\/puuteline-tarvikkeilla\/#primaryimage"},"thumbnailUrl":"https:\/\/etnoart.eu\/wp-content\/uploads\/2023\/06\/1009-Puualus-tarvikutega-Kaminatarbed-ja-puukorvid.jpg","datePublished":"2023-06-08T08:53:46+00:00","dateModified":"2026-01-20T04:20:15+00:00","description":"Kest\u00e4v\u00e4 teline puuteline tarvikkeilla takkaan ja kamiinaan. Polttopuiden s\u00e4ilytys ja takkaty\u00f6kalut yhdess\u00e4 \u2013 pulverimaalattu metalli, k\u00e4sintaottu ilme.","breadcrumb":{"@id":"https:\/\/etnoart.eu\/fi\/toode\/puuteline-tarvikkeilla\/#breadcrumb"},"inLanguage":"fi","potentialAction":[{"@type":"ReadAction","target":["https:\/\/etnoart.eu\/fi\/toode\/puuteline-tarvikkeilla\/"]}]},{"@type":"ImageObject","inLanguage":"fi","@id":"https:\/\/etnoart.eu\/fi\/toode\/puuteline-tarvikkeilla\/#primaryimage","url":"https:\/\/etnoart.eu\/wp-content\/uploads\/2023\/06\/1009-Puualus-tarvikutega-Kaminatarbed-ja-puukorvid.jpg","contentUrl":"https:\/\/etnoart.eu\/wp-content\/uploads\/2023\/06\/1009-Puualus-tarvikutega-Kaminatarbed-ja-puukorvid.jpg","width":750,"height":750},{"@type":"BreadcrumbList","@id":"https:\/\/etnoart.eu\/fi\/toode\/puuteline-tarvikkeilla\/#breadcrumb","itemListElement":[{"@type":"ListItem","position":1,"name":"Home","item":"https:\/\/etnoart.eu\/fi\/"},{"@type":"ListItem","position":2,"name":"Shop","item":"https:\/\/etnoart.eu\/pood\/"},{"@type":"ListItem","position":3,"name":"Puuteline tarvikkeilla"}]},{"@type":"WebSite","@id":"https:\/\/etnoart.eu\/#website","url":"https:\/\/etnoart.eu\/","name":"Etnoart","description":"K&auml;sit&ouml;&ouml;pood","publisher":{"@id":"https:\/\/etnoart.eu\/#organization"},"potentialAction":[{"@type":"SearchAction","target":{"@type":"EntryPoint","urlTemplate":"https:\/\/etnoart.eu\/?s={search_term_string}"},"query-input":{"@type":"PropertyValueSpecification","valueRequired":true,"valueName":"search_term_string"}}],"inLanguage":"fi"},{"@type":"Organization","@id":"https:\/\/etnoart.eu\/#organization","name":"Etnoart O\u00dc","url":"https:\/\/etnoart.eu\/","logo":{"@type":"ImageObject","inLanguage":"fi","@id":"https:\/\/etnoart.eu\/#\/schema\/logo\/image\/","url":"https:\/\/etnoart.eu\/wp-content\/uploads\/2023\/06\/etnoart-logo.png","contentUrl":"https:\/\/etnoart.eu\/wp-content\/uploads\/2023\/06\/etnoart-logo.png","width":491,"height":184,"caption":"Etnoart O\u00dc"},"image":{"@id":"https:\/\/etnoart.eu\/#\/schema\/logo\/image\/"},"sameAs":["https:\/\/www.facebook.com\/etnoart.handicraft.shop"]}]}},"builder_content":"","_links":{"self":[{"href":"https:\/\/etnoart.eu\/fi\/wp-json\/wp\/v2\/product\/6461","targetHints":{"allow":["GET"]}}],"collection":[{"href":"https:\/\/etnoart.eu\/fi\/wp-json\/wp\/v2\/product"}],"about":[{"href":"https:\/\/etnoart.eu\/fi\/wp-json\/wp\/v2\/types\/product"}],"wp:featuredmedia":[{"embeddable":true,"href":"https:\/\/etnoart.eu\/fi\/wp-json\/wp\/v2\/media\/2326"}],"wp:attachment":[{"href":"https:\/\/etnoart.eu\/fi\/wp-json\/wp\/v2\/media?parent=6461"}],"wp:term":[{"taxonomy":"product_brand","embeddable":true,"href":"https:\/\/etnoart.eu\/fi\/wp-json\/wp\/v2\/product_brand?post=6461"},{"taxonomy":"product_cat","embeddable":true,"href":"https:\/\/etnoart.eu\/fi\/wp-json\/wp\/v2\/product_cat?post=6461"},{"taxonomy":"product_tag","embeddable":true,"href":"https:\/\/etnoart.eu\/fi\/wp-json\/wp\/v2\/product_tag?post=6461"}],"curies":[{"name":"wp","href":"https:\/\/api.w.org\/{rel}","templated":true}]}}