{"id":6018,"date":"2023-06-08T08:52:32","date_gmt":"2023-06-08T08:52:32","guid":{"rendered":"https:\/\/etnoart.eu\/toode\/riiv-aknale\/"},"modified":"2025-04-06T15:25:10","modified_gmt":"2025-04-06T15:25:10","slug":"taottu-ikkunasalpa","status":"publish","type":"product","link":"https:\/\/etnoart.eu\/fi\/toode\/taottu-ikkunasalpa\/","title":{"rendered":"Taottu ikkunasalpa"},"content":{"rendered":"<p><strong>Taottu ikkunasalpa<\/strong> on aito k\u00e4sity\u00f6n\u00e4 valmistettu pieni, mutta vankkarakenteinen salpa, joka tuo kotiisi tai m\u00f6killesi perinteist\u00e4 tunnelmaa ja k\u00e4yt\u00e4nn\u00f6llisyytt\u00e4. Valmistuksessa on k\u00e4ytetty \u00f6ljymustattua pintak\u00e4sittely\u00e4, joka antaa riiville kauniin mattapinnan ja suojaa sit\u00e4 sis\u00e4k\u00e4yt\u00f6ss\u00e4. Puhdistus tapahtuu helposti \u00f6ljyisell\u00e4 liinalla.<\/p>\n<p>\ud83d\udccf Tekniset tiedot:<\/p>\n<p>Pituus: 11 cm<\/p>\n<p>Paino: n. 50 g<\/p>\n<p>Salvan liikevara: 2,5 cm<\/p>\n<p>Salvan halkaisija: py\u00f6re\u00e4, 6 mm<\/p>\n<p>\ud83d\udd27 Asennus: Salpa kiinnitet\u00e4\u00e4n 6 ruuvilla \u2013 4 runkoon ja 2 vastakappaleeseen. Ruuvinreikien halkaisija on 4 mm. Yl\u00f6sp\u00e4in asennettaessa salpaan kannattaa lis\u00e4t\u00e4 kiinnike (esim. koristeellinen naula), joka est\u00e4\u00e4 salpaa putoamasta painovoiman vaikutuksesta, koska siin\u00e4 ei ole sis\u00e4\u00e4nrakennettua pys\u00e4ytint\u00e4.<\/p>\n<p>\ud83c\udfe0 K\u00e4ytt\u00f6kohteet: Erinomainen vanhoihin maalaistaloihin, m\u00f6kkeihin, saunoihin ja muihin perinteisiin rakennuksiin, joissa halutaan s\u00e4ilytt\u00e4\u00e4 rustiikkinen ilme. Sopii erityisesti pieniin ikkunoihin ja luukkuihin sis\u00e4puolelta lukittavaksi. Vahva rakenne takaa ikkunan pysymisen turvallisesti suljettuna. Erityisen hyv\u00e4 vaihtoehto saunan pienille ikkunoille, joihin riitt\u00e4\u00e4 yksi vaakasuuntainen salpa.<\/p>\n<p>\u2705 Miksi t\u00e4m\u00e4 Taottu ikkunasalpa?<\/p>\n<p>K\u00e4sin taottu \u2013 jokainen kappale on ainutlaatuinen<\/p>\n<p>Tukevasti rakennettu ja kauniin rustiikkinen<\/p>\n<p>T\u00e4ydellinen lis\u00e4 puisiin ikkunoihin<\/p>\n<p>\u26a0\ufe0f Lis\u00e4tiedot:<\/p>\n<p>Ei lukitusmahdollisuutta<\/p>\n<p>Ruuvit eiv\u00e4t sis\u00e4lly toimitukseen<\/p>\n<p>Saatavilla t\u00e4ll\u00e4 hetkell\u00e4 vain \u00f6ljymustattuna versiona<\/p>\n","protected":false},"excerpt":{"rendered":"<p>K\u00e4sin taottu ikkunasalpa \u2013 perinteinen ja vahva salpa pieniin ikkunoihin ja saunoihin. \u00d6ljymustattu viimeistely sis\u00e4k\u00e4ytt\u00f6\u00f6n.<br \/>\n<strong>Paino:<\/strong> 0,1 kg<br \/>\n<strong>Leveys:<\/strong> 2,5cm<br \/>\n<strong>Tuotteen pituus:<\/strong> 11cm<br \/>\n<strong>Materiaalin poikkileikkaus:<\/strong> \u00d8-6 mm<br \/>\n<strong>Tuotteen viimeistely:<\/strong> \u00f6ljy\u00e4m\u00e4ll\u00e4 mustaus<\/p>\n","protected":false},"featured_media":6014,"template":"","meta":[],"product_brand":[],"product_cat":[394],"product_tag":[],"class_list":{"0":"post-6018","1":"product","2":"type-product","3":"status-publish","4":"has-post-thumbnail","6":"product_cat-salvat-hakaset-ja-lukko","7":"has-post-title","8":"has-post-date","9":"has-post-category","10":"has-post-tag","11":"has-post-comment","12":"has-post-author","13":"","15":"first","16":"instock","17":"taxable","18":"shipping-taxable","19":"purchasable","20":"product-type-simple"},"yoast_head":"<!-- This site is optimized with the Yoast SEO plugin v27.3 - https:\/\/yoast.com\/product\/yoast-seo-wordpress\/ -->\n<title>Taottu ikkunasalpa |EtnoArt| Riivid, Sulgurid, Lukud<\/title>\n<meta name=\"description\" content=\"K\u00e4sin taottu ikkunasalpa \u2013 perinteinen ja vahva salpa pieniin ikkunoihin ja saunoihin. \u00d6ljymustattu viimeistely sis\u00e4k\u00e4ytt\u00f6\u00f6n.\" \/>\n<meta name=\"robots\" content=\"index, follow, max-snippet:-1, max-image-preview:large, max-video-preview:-1\" \/>\n<link rel=\"canonical\" href=\"https:\/\/etnoart.eu\/fi\/toode\/taottu-ikkunasalpa\/\" \/>\n<meta property=\"og:locale\" content=\"fi_FI\" \/>\n<meta property=\"og:type\" content=\"article\" \/>\n<meta property=\"og:title\" content=\"Taottu ikkunasalpa |EtnoArt| Riivid, Sulgurid, Lukud\" \/>\n<meta property=\"og:description\" content=\"K\u00e4sin taottu ikkunasalpa \u2013 perinteinen ja vahva salpa pieniin ikkunoihin ja saunoihin. \u00d6ljymustattu viimeistely sis\u00e4k\u00e4ytt\u00f6\u00f6n.\" \/>\n<meta property=\"og:url\" content=\"https:\/\/etnoart.eu\/fi\/toode\/taottu-ikkunasalpa\/\" \/>\n<meta property=\"og:site_name\" content=\"Etnoart\" \/>\n<meta property=\"article:publisher\" content=\"https:\/\/www.facebook.com\/etnoart.handicraft.shop\" \/>\n<meta property=\"article:modified_time\" content=\"2025-04-06T15:25:10+00:00\" \/>\n<meta property=\"og:image\" content=\"https:\/\/etnoart.eu\/wp-content\/uploads\/2023\/06\/Aknariiv-vaike-riiv-aknale.png\" \/>\n\t<meta property=\"og:image:width\" content=\"1293\" \/>\n\t<meta property=\"og:image:height\" content=\"1293\" \/>\n\t<meta property=\"og:image:type\" content=\"image\/png\" \/>\n<meta name=\"twitter:card\" content=\"summary_large_image\" \/>\n<meta name=\"twitter:label1\" content=\"Arvioitu lukuaika\" \/>\n\t<meta name=\"twitter:data1\" content=\"2 minuuttia\" \/>\n<script type=\"application\/ld+json\" class=\"yoast-schema-graph\">{\"@context\":\"https:\\\/\\\/schema.org\",\"@graph\":[{\"@type\":\"WebPage\",\"@id\":\"https:\\\/\\\/etnoart.eu\\\/fi\\\/toode\\\/taottu-ikkunasalpa\\\/\",\"url\":\"https:\\\/\\\/etnoart.eu\\\/fi\\\/toode\\\/taottu-ikkunasalpa\\\/\",\"name\":\"Taottu ikkunasalpa |EtnoArt| Riivid, Sulgurid, Lukud\",\"isPartOf\":{\"@id\":\"https:\\\/\\\/etnoart.eu\\\/#website\"},\"primaryImageOfPage\":{\"@id\":\"https:\\\/\\\/etnoart.eu\\\/fi\\\/toode\\\/taottu-ikkunasalpa\\\/#primaryimage\"},\"image\":{\"@id\":\"https:\\\/\\\/etnoart.eu\\\/fi\\\/toode\\\/taottu-ikkunasalpa\\\/#primaryimage\"},\"thumbnailUrl\":\"https:\\\/\\\/etnoart.eu\\\/wp-content\\\/uploads\\\/2023\\\/06\\\/Aknariiv-vaike-riiv-aknale.png\",\"datePublished\":\"2023-06-08T08:52:32+00:00\",\"dateModified\":\"2025-04-06T15:25:10+00:00\",\"description\":\"K\u00e4sin taottu ikkunasalpa \u2013 perinteinen ja vahva salpa pieniin ikkunoihin ja saunoihin. \u00d6ljymustattu viimeistely sis\u00e4k\u00e4ytt\u00f6\u00f6n.\",\"breadcrumb\":{\"@id\":\"https:\\\/\\\/etnoart.eu\\\/fi\\\/toode\\\/taottu-ikkunasalpa\\\/#breadcrumb\"},\"inLanguage\":\"fi\",\"potentialAction\":[{\"@type\":\"ReadAction\",\"target\":[\"https:\\\/\\\/etnoart.eu\\\/fi\\\/toode\\\/taottu-ikkunasalpa\\\/\"]}]},{\"@type\":\"ImageObject\",\"inLanguage\":\"fi\",\"@id\":\"https:\\\/\\\/etnoart.eu\\\/fi\\\/toode\\\/taottu-ikkunasalpa\\\/#primaryimage\",\"url\":\"https:\\\/\\\/etnoart.eu\\\/wp-content\\\/uploads\\\/2023\\\/06\\\/Aknariiv-vaike-riiv-aknale.png\",\"contentUrl\":\"https:\\\/\\\/etnoart.eu\\\/wp-content\\\/uploads\\\/2023\\\/06\\\/Aknariiv-vaike-riiv-aknale.png\",\"width\":1293,\"height\":1293,\"caption\":\"Taottu ikkunasalpa\"},{\"@type\":\"BreadcrumbList\",\"@id\":\"https:\\\/\\\/etnoart.eu\\\/fi\\\/toode\\\/taottu-ikkunasalpa\\\/#breadcrumb\",\"itemListElement\":[{\"@type\":\"ListItem\",\"position\":1,\"name\":\"Home\",\"item\":\"https:\\\/\\\/etnoart.eu\\\/fi\\\/\"},{\"@type\":\"ListItem\",\"position\":2,\"name\":\"Shop\",\"item\":\"https:\\\/\\\/etnoart.eu\\\/pood\\\/\"},{\"@type\":\"ListItem\",\"position\":3,\"name\":\"Taottu ikkunasalpa\"}]},{\"@type\":\"WebSite\",\"@id\":\"https:\\\/\\\/etnoart.eu\\\/#website\",\"url\":\"https:\\\/\\\/etnoart.eu\\\/\",\"name\":\"Etnoart\",\"description\":\"K&auml;sit&ouml;&ouml;pood\",\"publisher\":{\"@id\":\"https:\\\/\\\/etnoart.eu\\\/#organization\"},\"potentialAction\":[{\"@type\":\"SearchAction\",\"target\":{\"@type\":\"EntryPoint\",\"urlTemplate\":\"https:\\\/\\\/etnoart.eu\\\/?s={search_term_string}\"},\"query-input\":{\"@type\":\"PropertyValueSpecification\",\"valueRequired\":true,\"valueName\":\"search_term_string\"}}],\"inLanguage\":\"fi\"},{\"@type\":\"Organization\",\"@id\":\"https:\\\/\\\/etnoart.eu\\\/#organization\",\"name\":\"Etnoart O\u00dc\",\"url\":\"https:\\\/\\\/etnoart.eu\\\/\",\"logo\":{\"@type\":\"ImageObject\",\"inLanguage\":\"fi\",\"@id\":\"https:\\\/\\\/etnoart.eu\\\/#\\\/schema\\\/logo\\\/image\\\/\",\"url\":\"https:\\\/\\\/etnoart.eu\\\/wp-content\\\/uploads\\\/2023\\\/06\\\/etnoart-logo.png\",\"contentUrl\":\"https:\\\/\\\/etnoart.eu\\\/wp-content\\\/uploads\\\/2023\\\/06\\\/etnoart-logo.png\",\"width\":491,\"height\":184,\"caption\":\"Etnoart O\u00dc\"},\"image\":{\"@id\":\"https:\\\/\\\/etnoart.eu\\\/#\\\/schema\\\/logo\\\/image\\\/\"},\"sameAs\":[\"https:\\\/\\\/www.facebook.com\\\/etnoart.handicraft.shop\"]}]}<\/script>\n<!-- \/ Yoast SEO plugin. -->","yoast_head_json":{"title":"Taottu ikkunasalpa |EtnoArt| Riivid, Sulgurid, Lukud","description":"K\u00e4sin taottu ikkunasalpa \u2013 perinteinen ja vahva salpa pieniin ikkunoihin ja saunoihin. \u00d6ljymustattu viimeistely sis\u00e4k\u00e4ytt\u00f6\u00f6n.","robots":{"index":"index","follow":"follow","max-snippet":"max-snippet:-1","max-image-preview":"max-image-preview:large","max-video-preview":"max-video-preview:-1"},"canonical":"https:\/\/etnoart.eu\/fi\/toode\/taottu-ikkunasalpa\/","og_locale":"fi_FI","og_type":"article","og_title":"Taottu ikkunasalpa |EtnoArt| Riivid, Sulgurid, Lukud","og_description":"K\u00e4sin taottu ikkunasalpa \u2013 perinteinen ja vahva salpa pieniin ikkunoihin ja saunoihin. \u00d6ljymustattu viimeistely sis\u00e4k\u00e4ytt\u00f6\u00f6n.","og_url":"https:\/\/etnoart.eu\/fi\/toode\/taottu-ikkunasalpa\/","og_site_name":"Etnoart","article_publisher":"https:\/\/www.facebook.com\/etnoart.handicraft.shop","article_modified_time":"2025-04-06T15:25:10+00:00","og_image":[{"width":1293,"height":1293,"url":"https:\/\/etnoart.eu\/wp-content\/uploads\/2023\/06\/Aknariiv-vaike-riiv-aknale.png","type":"image\/png"}],"twitter_card":"summary_large_image","twitter_misc":{"Arvioitu lukuaika":"2 minuuttia"},"schema":{"@context":"https:\/\/schema.org","@graph":[{"@type":"WebPage","@id":"https:\/\/etnoart.eu\/fi\/toode\/taottu-ikkunasalpa\/","url":"https:\/\/etnoart.eu\/fi\/toode\/taottu-ikkunasalpa\/","name":"Taottu ikkunasalpa |EtnoArt| Riivid, Sulgurid, Lukud","isPartOf":{"@id":"https:\/\/etnoart.eu\/#website"},"primaryImageOfPage":{"@id":"https:\/\/etnoart.eu\/fi\/toode\/taottu-ikkunasalpa\/#primaryimage"},"image":{"@id":"https:\/\/etnoart.eu\/fi\/toode\/taottu-ikkunasalpa\/#primaryimage"},"thumbnailUrl":"https:\/\/etnoart.eu\/wp-content\/uploads\/2023\/06\/Aknariiv-vaike-riiv-aknale.png","datePublished":"2023-06-08T08:52:32+00:00","dateModified":"2025-04-06T15:25:10+00:00","description":"K\u00e4sin taottu ikkunasalpa \u2013 perinteinen ja vahva salpa pieniin ikkunoihin ja saunoihin. \u00d6ljymustattu viimeistely sis\u00e4k\u00e4ytt\u00f6\u00f6n.","breadcrumb":{"@id":"https:\/\/etnoart.eu\/fi\/toode\/taottu-ikkunasalpa\/#breadcrumb"},"inLanguage":"fi","potentialAction":[{"@type":"ReadAction","target":["https:\/\/etnoart.eu\/fi\/toode\/taottu-ikkunasalpa\/"]}]},{"@type":"ImageObject","inLanguage":"fi","@id":"https:\/\/etnoart.eu\/fi\/toode\/taottu-ikkunasalpa\/#primaryimage","url":"https:\/\/etnoart.eu\/wp-content\/uploads\/2023\/06\/Aknariiv-vaike-riiv-aknale.png","contentUrl":"https:\/\/etnoart.eu\/wp-content\/uploads\/2023\/06\/Aknariiv-vaike-riiv-aknale.png","width":1293,"height":1293,"caption":"Taottu ikkunasalpa"},{"@type":"BreadcrumbList","@id":"https:\/\/etnoart.eu\/fi\/toode\/taottu-ikkunasalpa\/#breadcrumb","itemListElement":[{"@type":"ListItem","position":1,"name":"Home","item":"https:\/\/etnoart.eu\/fi\/"},{"@type":"ListItem","position":2,"name":"Shop","item":"https:\/\/etnoart.eu\/pood\/"},{"@type":"ListItem","position":3,"name":"Taottu ikkunasalpa"}]},{"@type":"WebSite","@id":"https:\/\/etnoart.eu\/#website","url":"https:\/\/etnoart.eu\/","name":"Etnoart","description":"K&auml;sit&ouml;&ouml;pood","publisher":{"@id":"https:\/\/etnoart.eu\/#organization"},"potentialAction":[{"@type":"SearchAction","target":{"@type":"EntryPoint","urlTemplate":"https:\/\/etnoart.eu\/?s={search_term_string}"},"query-input":{"@type":"PropertyValueSpecification","valueRequired":true,"valueName":"search_term_string"}}],"inLanguage":"fi"},{"@type":"Organization","@id":"https:\/\/etnoart.eu\/#organization","name":"Etnoart O\u00dc","url":"https:\/\/etnoart.eu\/","logo":{"@type":"ImageObject","inLanguage":"fi","@id":"https:\/\/etnoart.eu\/#\/schema\/logo\/image\/","url":"https:\/\/etnoart.eu\/wp-content\/uploads\/2023\/06\/etnoart-logo.png","contentUrl":"https:\/\/etnoart.eu\/wp-content\/uploads\/2023\/06\/etnoart-logo.png","width":491,"height":184,"caption":"Etnoart O\u00dc"},"image":{"@id":"https:\/\/etnoart.eu\/#\/schema\/logo\/image\/"},"sameAs":["https:\/\/www.facebook.com\/etnoart.handicraft.shop"]}]}},"builder_content":"","_links":{"self":[{"href":"https:\/\/etnoart.eu\/fi\/wp-json\/wp\/v2\/product\/6018","targetHints":{"allow":["GET"]}}],"collection":[{"href":"https:\/\/etnoart.eu\/fi\/wp-json\/wp\/v2\/product"}],"about":[{"href":"https:\/\/etnoart.eu\/fi\/wp-json\/wp\/v2\/types\/product"}],"wp:featuredmedia":[{"embeddable":true,"href":"https:\/\/etnoart.eu\/fi\/wp-json\/wp\/v2\/media\/6014"}],"wp:attachment":[{"href":"https:\/\/etnoart.eu\/fi\/wp-json\/wp\/v2\/media?parent=6018"}],"wp:term":[{"taxonomy":"product_brand","embeddable":true,"href":"https:\/\/etnoart.eu\/fi\/wp-json\/wp\/v2\/product_brand?post=6018"},{"taxonomy":"product_cat","embeddable":true,"href":"https:\/\/etnoart.eu\/fi\/wp-json\/wp\/v2\/product_cat?post=6018"},{"taxonomy":"product_tag","embeddable":true,"href":"https:\/\/etnoart.eu\/fi\/wp-json\/wp\/v2\/product_tag?post=6018"}],"curies":[{"name":"wp","href":"https:\/\/api.w.org\/{rel}","templated":true}]}}