{"id":5958,"date":"2023-06-08T08:56:04","date_gmt":"2023-06-08T08:56:04","guid":{"rendered":"https:\/\/etnoart.eu\/toode\/kellukese-komplekt\/"},"modified":"2025-04-05T19:26:28","modified_gmt":"2025-04-05T19:26:28","slug":"ovikello-setti","status":"publish","type":"product","link":"https:\/\/etnoart.eu\/fi\/toode\/ovikello-setti\/","title":{"rendered":"Ovikello-setti"},"content":{"rendered":"<p><strong>Ovikello-setti<\/strong> on erinomainen lahjaidea tupaantuliaisiin \u2013 se symboloi uuden kodin siunausta ja hyv\u00e4\u00e4 alkua. Lahjan saajat voivat ottaa t\u00e4m\u00e4n setin k\u00e4ytt\u00f6\u00f6n heti ovikellona ilman s\u00e4hk\u00f6liit\u00e4nt\u00f6j\u00e4 tai johtoja. Herk\u00e4sti soiva kello tuo mukanaan monimerkityksellisen symbolin, joka yhdist\u00e4\u00e4 perinteisen ja modernin merkityksen. Settiin kuuluu elegantti kello sek\u00e4 siihen sopiva sein\u00e4kiinnike. Molemmat osat on huolellisesti aseteltu tyylikk\u00e4\u00e4seen puulaatikkoon, jonka l\u00e4pin\u00e4kyv\u00e4 kansi sulkeutuu kauniisti ja korostaa lahjan valikoitua ja arvokasta luonnetta.<\/p>\n<p>Kello ja sen pidike eiv\u00e4t ole pelk\u00e4st\u00e4\u00e4n k\u00e4yt\u00e4nn\u00f6llisi\u00e4 esineit\u00e4, vaan k\u00e4sity\u00f6n\u00e4 Suomessa taottuja taideteoksia. Mestarillisuus ja yksityiskohtien tarkkuus n\u00e4kyv\u00e4t niiden ainutlaatuisessa muotoilussa ja kertovat k\u00e4sity\u00f6l\u00e4isten osaamisesta. Sek\u00e4 kellon ett\u00e4 pidikkeen pinnassa n\u00e4kyy laadukas taonta, joka lis\u00e4\u00e4 rustiikkista vieh\u00e4tysvoimaa ja luonnetta.<\/p>\n<p>Kellosetin erityinen arvo piilee my\u00f6s siin\u00e4, ett\u00e4 sek\u00e4 kello ett\u00e4 pidike ovat saatavilla myym\u00e4l\u00e4st\u00e4mme my\u00f6s erikseen.<\/p>\n<p>Yhteenvetona Ovikello-setti on monitasoinen lahja, joka sis\u00e4lt\u00e4\u00e4 sek\u00e4 k\u00e4sity\u00f6l\u00e4isten taitoa ett\u00e4 syvemp\u00e4\u00e4 symboliikkaa. Se on enemm\u00e4n kuin k\u00e4yt\u00e4nn\u00f6llinen esine \u2013 se on ainutlaatuinen taideteos, joka kantaa mukanaan hyvyytt\u00e4, onnea ja uuden alun taikaa.<\/p>\n<p>Kello ja sein\u00e4kiinnike ovat puisessa lahjarasiassa \u2013 valmiina annettavaksi!<\/p>\n<p>Laatikon mitat: 13,3 x 20 x 9,5 cm<\/p>\n<p>Pakkaus: Sulkeutuu l\u00e4pin\u00e4kyv\u00e4ll\u00e4 kannella<\/p>\n<p>Kellon mitat: Halkaisija 7 cm, korkeus 10 cm, mattapintainen jauhemaalaus<\/p>\n<p>Kiinnikkeen mitat: Korkeus 160 mm, et\u00e4isyys sein\u00e4st\u00e4 120 mm, mattapintainen jauhemaalaus<\/p>\n","protected":false},"excerpt":{"rendered":"<p>Kello sein\u00e4kiinnikkeineen on puisessa lahjarasiassa \u2013 valmis annettavaksi heti!<\/p>\n<p>Laatikon mitat: 13,3 x 20 x 9,5 cm<\/p>\n<p>Laatikko sulkeutuu l\u00e4pin\u00e4kyv\u00e4ll\u00e4 pakkauksella<\/p>\n<p>Kellon mitat: halkaisija 7 cm, korkeus 10 cm, mattapintainen jauhemaalaus<\/p>\n<p>Kiinnikkeen mitat: korkeus 160 mm, et\u00e4isyys sein\u00e4st\u00e4 120 mm, mattapintainen jauhemaalaus<\/p>\n","protected":false},"featured_media":5959,"template":"","meta":[],"product_brand":[],"product_cat":[438,388],"product_tag":[],"class_list":{"0":"post-5958","1":"product","2":"type-product","3":"status-publish","4":"has-post-thumbnail","6":"product_cat-matkamuistoja-ja-lahjoja","7":"product_cat-ovenkahvat-ja-ovenkolkuttimet","8":"has-post-title","9":"has-post-date","10":"has-post-category","11":"has-post-tag","12":"has-post-comment","13":"has-post-author","14":"","16":"first","17":"instock","18":"taxable","19":"shipping-taxable","20":"purchasable","21":"product-type-simple"},"yoast_head":"<!-- This site is optimized with the Yoast SEO plugin v27.3 - https:\/\/yoast.com\/product\/yoast-seo-wordpress\/ -->\n<title>Ovikello-setti |EtnoArt| Ovenkahvat ja ovenkolkuttimet<\/title>\n<meta name=\"description\" content=\"Ovikello-setti\u2013 Kello sein\u00e4kiinnikkeineen on puisessa lahjarasiassa, valmis annettavaksi heti! Laatikko sulkeutuu l\u00e4pin\u00e4kyv\u00e4ll\u00e4 pakkauksella.\" \/>\n<meta name=\"robots\" content=\"index, follow, max-snippet:-1, max-image-preview:large, max-video-preview:-1\" \/>\n<link rel=\"canonical\" href=\"https:\/\/etnoart.eu\/en\/toode\/kellukese-komplekt\/\" \/>\n<meta property=\"og:locale\" content=\"fi_FI\" \/>\n<meta property=\"og:type\" content=\"article\" \/>\n<meta property=\"og:title\" content=\"Ovikello-setti |EtnoArt| Ovenkahvat ja ovenkolkuttimet\" \/>\n<meta property=\"og:description\" content=\"Ovikello-setti\u2013 Kello sein\u00e4kiinnikkeineen on puisessa lahjarasiassa, valmis annettavaksi heti! Laatikko sulkeutuu l\u00e4pin\u00e4kyv\u00e4ll\u00e4 pakkauksella.\" \/>\n<meta property=\"og:url\" content=\"https:\/\/etnoart.eu\/en\/toode\/kellukese-komplekt\/\" \/>\n<meta property=\"og:site_name\" content=\"Etnoart\" \/>\n<meta property=\"article:publisher\" content=\"https:\/\/www.facebook.com\/etnoart.handicraft.shop\" \/>\n<meta property=\"article:modified_time\" content=\"2025-04-05T19:26:28+00:00\" \/>\n<meta property=\"og:image\" content=\"https:\/\/etnoart.eu\/wp-content\/uploads\/2023\/06\/kelluke-komplekt.jpg\" \/>\n\t<meta property=\"og:image:width\" content=\"945\" \/>\n\t<meta property=\"og:image:height\" content=\"945\" \/>\n\t<meta property=\"og:image:type\" content=\"image\/jpeg\" \/>\n<meta name=\"twitter:card\" content=\"summary_large_image\" \/>\n<meta name=\"twitter:label1\" content=\"Arvioitu lukuaika\" \/>\n\t<meta name=\"twitter:data1\" content=\"2 minuuttia\" \/>\n<script type=\"application\/ld+json\" class=\"yoast-schema-graph\">{\"@context\":\"https:\\\/\\\/schema.org\",\"@graph\":[{\"@type\":\"WebPage\",\"@id\":\"https:\\\/\\\/etnoart.eu\\\/en\\\/toode\\\/kellukese-komplekt\\\/\",\"url\":\"https:\\\/\\\/etnoart.eu\\\/en\\\/toode\\\/kellukese-komplekt\\\/\",\"name\":\"Ovikello-setti |EtnoArt| Ovenkahvat ja ovenkolkuttimet\",\"isPartOf\":{\"@id\":\"https:\\\/\\\/etnoart.eu\\\/#website\"},\"primaryImageOfPage\":{\"@id\":\"https:\\\/\\\/etnoart.eu\\\/en\\\/toode\\\/kellukese-komplekt\\\/#primaryimage\"},\"image\":{\"@id\":\"https:\\\/\\\/etnoart.eu\\\/en\\\/toode\\\/kellukese-komplekt\\\/#primaryimage\"},\"thumbnailUrl\":\"https:\\\/\\\/etnoart.eu\\\/wp-content\\\/uploads\\\/2023\\\/06\\\/kelluke-komplekt.jpg\",\"datePublished\":\"2023-06-08T08:56:04+00:00\",\"dateModified\":\"2025-04-05T19:26:28+00:00\",\"description\":\"Ovikello-setti\u2013 Kello sein\u00e4kiinnikkeineen on puisessa lahjarasiassa, valmis annettavaksi heti! Laatikko sulkeutuu l\u00e4pin\u00e4kyv\u00e4ll\u00e4 pakkauksella.\",\"breadcrumb\":{\"@id\":\"https:\\\/\\\/etnoart.eu\\\/en\\\/toode\\\/kellukese-komplekt\\\/#breadcrumb\"},\"inLanguage\":\"fi\",\"potentialAction\":[{\"@type\":\"ReadAction\",\"target\":[\"https:\\\/\\\/etnoart.eu\\\/en\\\/toode\\\/kellukese-komplekt\\\/\"]}]},{\"@type\":\"ImageObject\",\"inLanguage\":\"fi\",\"@id\":\"https:\\\/\\\/etnoart.eu\\\/en\\\/toode\\\/kellukese-komplekt\\\/#primaryimage\",\"url\":\"https:\\\/\\\/etnoart.eu\\\/wp-content\\\/uploads\\\/2023\\\/06\\\/kelluke-komplekt.jpg\",\"contentUrl\":\"https:\\\/\\\/etnoart.eu\\\/wp-content\\\/uploads\\\/2023\\\/06\\\/kelluke-komplekt.jpg\",\"width\":945,\"height\":945,\"caption\":\"Ovikello-setti\"},{\"@type\":\"BreadcrumbList\",\"@id\":\"https:\\\/\\\/etnoart.eu\\\/en\\\/toode\\\/kellukese-komplekt\\\/#breadcrumb\",\"itemListElement\":[{\"@type\":\"ListItem\",\"position\":1,\"name\":\"Home\",\"item\":\"https:\\\/\\\/etnoart.eu\\\/fi\\\/\"},{\"@type\":\"ListItem\",\"position\":2,\"name\":\"Shop\",\"item\":\"https:\\\/\\\/etnoart.eu\\\/pood\\\/\"},{\"@type\":\"ListItem\",\"position\":3,\"name\":\"Ovikello-setti\"}]},{\"@type\":\"WebSite\",\"@id\":\"https:\\\/\\\/etnoart.eu\\\/#website\",\"url\":\"https:\\\/\\\/etnoart.eu\\\/\",\"name\":\"Etnoart\",\"description\":\"K&auml;sit&ouml;&ouml;pood\",\"publisher\":{\"@id\":\"https:\\\/\\\/etnoart.eu\\\/#organization\"},\"potentialAction\":[{\"@type\":\"SearchAction\",\"target\":{\"@type\":\"EntryPoint\",\"urlTemplate\":\"https:\\\/\\\/etnoart.eu\\\/?s={search_term_string}\"},\"query-input\":{\"@type\":\"PropertyValueSpecification\",\"valueRequired\":true,\"valueName\":\"search_term_string\"}}],\"inLanguage\":\"fi\"},{\"@type\":\"Organization\",\"@id\":\"https:\\\/\\\/etnoart.eu\\\/#organization\",\"name\":\"Etnoart O\u00dc\",\"url\":\"https:\\\/\\\/etnoart.eu\\\/\",\"logo\":{\"@type\":\"ImageObject\",\"inLanguage\":\"fi\",\"@id\":\"https:\\\/\\\/etnoart.eu\\\/#\\\/schema\\\/logo\\\/image\\\/\",\"url\":\"https:\\\/\\\/etnoart.eu\\\/wp-content\\\/uploads\\\/2023\\\/06\\\/etnoart-logo.png\",\"contentUrl\":\"https:\\\/\\\/etnoart.eu\\\/wp-content\\\/uploads\\\/2023\\\/06\\\/etnoart-logo.png\",\"width\":491,\"height\":184,\"caption\":\"Etnoart O\u00dc\"},\"image\":{\"@id\":\"https:\\\/\\\/etnoart.eu\\\/#\\\/schema\\\/logo\\\/image\\\/\"},\"sameAs\":[\"https:\\\/\\\/www.facebook.com\\\/etnoart.handicraft.shop\"]}]}<\/script>\n<!-- \/ Yoast SEO plugin. -->","yoast_head_json":{"title":"Ovikello-setti |EtnoArt| Ovenkahvat ja ovenkolkuttimet","description":"Ovikello-setti\u2013 Kello sein\u00e4kiinnikkeineen on puisessa lahjarasiassa, valmis annettavaksi heti! Laatikko sulkeutuu l\u00e4pin\u00e4kyv\u00e4ll\u00e4 pakkauksella.","robots":{"index":"index","follow":"follow","max-snippet":"max-snippet:-1","max-image-preview":"max-image-preview:large","max-video-preview":"max-video-preview:-1"},"canonical":"https:\/\/etnoart.eu\/en\/toode\/kellukese-komplekt\/","og_locale":"fi_FI","og_type":"article","og_title":"Ovikello-setti |EtnoArt| Ovenkahvat ja ovenkolkuttimet","og_description":"Ovikello-setti\u2013 Kello sein\u00e4kiinnikkeineen on puisessa lahjarasiassa, valmis annettavaksi heti! Laatikko sulkeutuu l\u00e4pin\u00e4kyv\u00e4ll\u00e4 pakkauksella.","og_url":"https:\/\/etnoart.eu\/en\/toode\/kellukese-komplekt\/","og_site_name":"Etnoart","article_publisher":"https:\/\/www.facebook.com\/etnoart.handicraft.shop","article_modified_time":"2025-04-05T19:26:28+00:00","og_image":[{"width":945,"height":945,"url":"https:\/\/etnoart.eu\/wp-content\/uploads\/2023\/06\/kelluke-komplekt.jpg","type":"image\/jpeg"}],"twitter_card":"summary_large_image","twitter_misc":{"Arvioitu lukuaika":"2 minuuttia"},"schema":{"@context":"https:\/\/schema.org","@graph":[{"@type":"WebPage","@id":"https:\/\/etnoart.eu\/en\/toode\/kellukese-komplekt\/","url":"https:\/\/etnoart.eu\/en\/toode\/kellukese-komplekt\/","name":"Ovikello-setti |EtnoArt| Ovenkahvat ja ovenkolkuttimet","isPartOf":{"@id":"https:\/\/etnoart.eu\/#website"},"primaryImageOfPage":{"@id":"https:\/\/etnoart.eu\/en\/toode\/kellukese-komplekt\/#primaryimage"},"image":{"@id":"https:\/\/etnoart.eu\/en\/toode\/kellukese-komplekt\/#primaryimage"},"thumbnailUrl":"https:\/\/etnoart.eu\/wp-content\/uploads\/2023\/06\/kelluke-komplekt.jpg","datePublished":"2023-06-08T08:56:04+00:00","dateModified":"2025-04-05T19:26:28+00:00","description":"Ovikello-setti\u2013 Kello sein\u00e4kiinnikkeineen on puisessa lahjarasiassa, valmis annettavaksi heti! Laatikko sulkeutuu l\u00e4pin\u00e4kyv\u00e4ll\u00e4 pakkauksella.","breadcrumb":{"@id":"https:\/\/etnoart.eu\/en\/toode\/kellukese-komplekt\/#breadcrumb"},"inLanguage":"fi","potentialAction":[{"@type":"ReadAction","target":["https:\/\/etnoart.eu\/en\/toode\/kellukese-komplekt\/"]}]},{"@type":"ImageObject","inLanguage":"fi","@id":"https:\/\/etnoart.eu\/en\/toode\/kellukese-komplekt\/#primaryimage","url":"https:\/\/etnoart.eu\/wp-content\/uploads\/2023\/06\/kelluke-komplekt.jpg","contentUrl":"https:\/\/etnoart.eu\/wp-content\/uploads\/2023\/06\/kelluke-komplekt.jpg","width":945,"height":945,"caption":"Ovikello-setti"},{"@type":"BreadcrumbList","@id":"https:\/\/etnoart.eu\/en\/toode\/kellukese-komplekt\/#breadcrumb","itemListElement":[{"@type":"ListItem","position":1,"name":"Home","item":"https:\/\/etnoart.eu\/fi\/"},{"@type":"ListItem","position":2,"name":"Shop","item":"https:\/\/etnoart.eu\/pood\/"},{"@type":"ListItem","position":3,"name":"Ovikello-setti"}]},{"@type":"WebSite","@id":"https:\/\/etnoart.eu\/#website","url":"https:\/\/etnoart.eu\/","name":"Etnoart","description":"K&auml;sit&ouml;&ouml;pood","publisher":{"@id":"https:\/\/etnoart.eu\/#organization"},"potentialAction":[{"@type":"SearchAction","target":{"@type":"EntryPoint","urlTemplate":"https:\/\/etnoart.eu\/?s={search_term_string}"},"query-input":{"@type":"PropertyValueSpecification","valueRequired":true,"valueName":"search_term_string"}}],"inLanguage":"fi"},{"@type":"Organization","@id":"https:\/\/etnoart.eu\/#organization","name":"Etnoart O\u00dc","url":"https:\/\/etnoart.eu\/","logo":{"@type":"ImageObject","inLanguage":"fi","@id":"https:\/\/etnoart.eu\/#\/schema\/logo\/image\/","url":"https:\/\/etnoart.eu\/wp-content\/uploads\/2023\/06\/etnoart-logo.png","contentUrl":"https:\/\/etnoart.eu\/wp-content\/uploads\/2023\/06\/etnoart-logo.png","width":491,"height":184,"caption":"Etnoart O\u00dc"},"image":{"@id":"https:\/\/etnoart.eu\/#\/schema\/logo\/image\/"},"sameAs":["https:\/\/www.facebook.com\/etnoart.handicraft.shop"]}]}},"builder_content":"","_links":{"self":[{"href":"https:\/\/etnoart.eu\/fi\/wp-json\/wp\/v2\/product\/5958","targetHints":{"allow":["GET"]}}],"collection":[{"href":"https:\/\/etnoart.eu\/fi\/wp-json\/wp\/v2\/product"}],"about":[{"href":"https:\/\/etnoart.eu\/fi\/wp-json\/wp\/v2\/types\/product"}],"wp:featuredmedia":[{"embeddable":true,"href":"https:\/\/etnoart.eu\/fi\/wp-json\/wp\/v2\/media\/5959"}],"wp:attachment":[{"href":"https:\/\/etnoart.eu\/fi\/wp-json\/wp\/v2\/media?parent=5958"}],"wp:term":[{"taxonomy":"product_brand","embeddable":true,"href":"https:\/\/etnoart.eu\/fi\/wp-json\/wp\/v2\/product_brand?post=5958"},{"taxonomy":"product_cat","embeddable":true,"href":"https:\/\/etnoart.eu\/fi\/wp-json\/wp\/v2\/product_cat?post=5958"},{"taxonomy":"product_tag","embeddable":true,"href":"https:\/\/etnoart.eu\/fi\/wp-json\/wp\/v2\/product_tag?post=5958"}],"curies":[{"name":"wp","href":"https:\/\/api.w.org\/{rel}","templated":true}]}}