{"id":5903,"date":"2023-06-08T08:54:30","date_gmt":"2023-06-08T08:54:30","guid":{"rendered":"https:\/\/etnoart.eu\/toode\/kaepide-keerus\/"},"modified":"2025-04-05T15:20:32","modified_gmt":"2025-04-05T15:20:32","slug":"kierretty-oven-vedin","status":"publish","type":"product","link":"https:\/\/etnoart.eu\/fi\/toode\/kierretty-oven-vedin\/","title":{"rendered":"Kierretty Oven-vedin"},"content":{"rendered":"<p>T\u00e4m\u00e4 <strong>Kierretty Oven-vedin<\/strong> on valmistettu nelikulmaisesta ter\u00e4ksest\u00e4, johon on taivutettu n\u00e4ytt\u00e4v\u00e4 kierrerakenne. Kahvan molemmissa p\u00e4iss\u00e4 on taotut lehtiaiheet, jotka antavat tuotteelle koristeellisen ja voimakkaan ilmeen. Vedin on pinnoitettu s\u00e4\u00e4nkest\u00e4v\u00e4ll\u00e4 maalilla, joten se sopii sek\u00e4 sis\u00e4- ett\u00e4 ulkok\u00e4ytt\u00f6\u00f6n.<\/p>\n<p>Mitat:<\/p>\n<p>Pituus lehdest\u00e4 lehteen: 35 cm<\/p>\n<p>Paino: noin 400 g<\/p>\n<p>Asennus: Kiinnitys tapahtuu joko kahdella pitk\u00e4ll\u00e4 pultilla oven l\u00e4pi tai kahdella ruuvilla (ei sis\u00e4lly toimitukseen).<\/p>\n<p>T\u00e4m\u00e4 Kierretty Oven-vedin on suunniteltu suurille oville ja portille, ja se on erityisen hyv\u00e4 valinta, kun tarvitaan tukevaa ja helppok\u00e4ytt\u00f6ist\u00e4 kahvaa. Korkeus mahdollistaa tukevan otteen my\u00f6s talvihanskoilla.<\/p>\n<p>Tuote ei keskity pelk\u00e4st\u00e4\u00e4n k\u00e4sity\u00f6n kauneuteen vaan ennen kaikkea k\u00e4yt\u00e4nn\u00f6llisyyteen ja kest\u00e4vyyteen. Jokainen vedin on kuitenkin hieman erilainen, sill\u00e4 taontaprosessi tekee jokaisesta kappaleesta yksil\u00f6llisen.<\/p>\n","protected":false},"excerpt":{"rendered":"<p>Kierretty Oven-vedin suurille oville ja porteille. Vahva ja s\u00e4\u00e4nkest\u00e4v\u00e4 rautakahva ulko- tai sis\u00e4k\u00e4ytt\u00f6\u00f6n.<br \/>\n<strong>Tuotteen korkeus: <\/strong>350mm<br \/>\n<strong>Tuotteen paino:<\/strong> 400g<br \/>\n<strong>Tuotteen viimeistely:<\/strong> Maalattu. Tuote on maalattu s\u00e4\u00e4nkest\u00e4v\u00e4ll\u00e4 maalilla.<\/p>\n","protected":false},"featured_media":2691,"template":"","meta":[],"product_brand":[],"product_cat":[388],"product_tag":[],"class_list":{"0":"post-5903","1":"product","2":"type-product","3":"status-publish","4":"has-post-thumbnail","6":"product_cat-ovenkahvat-ja-ovenkolkuttimet","7":"has-post-title","8":"has-post-date","9":"has-post-category","10":"has-post-tag","11":"has-post-comment","12":"has-post-author","13":"","15":"first","16":"instock","17":"taxable","18":"shipping-taxable","19":"purchasable","20":"product-type-simple"},"yoast_head":"<!-- This site is optimized with the Yoast SEO plugin v27.4 - https:\/\/yoast.com\/product\/yoast-seo-wordpress\/ -->\n<title>Kierretty Oven-vedin |EtnoArt| Ovenkahvat ja ovenkolkuttimet<\/title>\n<meta name=\"description\" content=\"Kierretty Oven-vedin suurille oville ja porteille. Vahva ja s\u00e4\u00e4nkest\u00e4v\u00e4 rautakahva ulko- tai sis\u00e4k\u00e4ytt\u00f6\u00f6n. Tuote on maalattu s\u00e4\u00e4nkest\u00e4v\u00e4ll\u00e4 maalilla\" \/>\n<meta name=\"robots\" content=\"index, follow, max-snippet:-1, max-image-preview:large, max-video-preview:-1\" \/>\n<link rel=\"canonical\" href=\"https:\/\/etnoart.eu\/fi\/toode\/kierretty-oven-vedin\/\" \/>\n<meta property=\"og:locale\" content=\"fi_FI\" \/>\n<meta property=\"og:type\" content=\"article\" \/>\n<meta property=\"og:title\" content=\"Kierretty Oven-vedin |EtnoArt| Ovenkahvat ja ovenkolkuttimet\" \/>\n<meta property=\"og:description\" content=\"Kierretty Oven-vedin suurille oville ja porteille. Vahva ja s\u00e4\u00e4nkest\u00e4v\u00e4 rautakahva ulko- tai sis\u00e4k\u00e4ytt\u00f6\u00f6n. Tuote on maalattu s\u00e4\u00e4nkest\u00e4v\u00e4ll\u00e4 maalilla\" \/>\n<meta property=\"og:url\" content=\"https:\/\/etnoart.eu\/fi\/toode\/kierretty-oven-vedin\/\" \/>\n<meta property=\"og:site_name\" content=\"Etnoart\" \/>\n<meta property=\"article:publisher\" content=\"https:\/\/www.facebook.com\/etnoart.handicraft.shop\" \/>\n<meta property=\"article:modified_time\" content=\"2025-04-05T15:20:32+00:00\" \/>\n<meta property=\"og:image\" content=\"https:\/\/etnoart.eu\/wp-content\/uploads\/2023\/06\/961-KAEPIDE-KEERUS-Kaepidemed-ja-uksekoputid.jpg\" \/>\n\t<meta property=\"og:image:width\" content=\"750\" \/>\n\t<meta property=\"og:image:height\" content=\"750\" \/>\n\t<meta property=\"og:image:type\" content=\"image\/jpeg\" \/>\n<meta name=\"twitter:card\" content=\"summary_large_image\" \/>\n<meta name=\"twitter:label1\" content=\"Arvioitu lukuaika\" \/>\n\t<meta name=\"twitter:data1\" content=\"1 minuutti\" \/>\n<script type=\"application\/ld+json\" class=\"yoast-schema-graph\">{\"@context\":\"https:\\\/\\\/schema.org\",\"@graph\":[{\"@type\":\"WebPage\",\"@id\":\"https:\\\/\\\/etnoart.eu\\\/fi\\\/toode\\\/kierretty-oven-vedin\\\/\",\"url\":\"https:\\\/\\\/etnoart.eu\\\/fi\\\/toode\\\/kierretty-oven-vedin\\\/\",\"name\":\"Kierretty Oven-vedin |EtnoArt| Ovenkahvat ja ovenkolkuttimet\",\"isPartOf\":{\"@id\":\"https:\\\/\\\/etnoart.eu\\\/#website\"},\"primaryImageOfPage\":{\"@id\":\"https:\\\/\\\/etnoart.eu\\\/fi\\\/toode\\\/kierretty-oven-vedin\\\/#primaryimage\"},\"image\":{\"@id\":\"https:\\\/\\\/etnoart.eu\\\/fi\\\/toode\\\/kierretty-oven-vedin\\\/#primaryimage\"},\"thumbnailUrl\":\"https:\\\/\\\/etnoart.eu\\\/wp-content\\\/uploads\\\/2023\\\/06\\\/961-KAEPIDE-KEERUS-Kaepidemed-ja-uksekoputid.jpg\",\"datePublished\":\"2023-06-08T08:54:30+00:00\",\"dateModified\":\"2025-04-05T15:20:32+00:00\",\"description\":\"Kierretty Oven-vedin suurille oville ja porteille. Vahva ja s\u00e4\u00e4nkest\u00e4v\u00e4 rautakahva ulko- tai sis\u00e4k\u00e4ytt\u00f6\u00f6n. Tuote on maalattu s\u00e4\u00e4nkest\u00e4v\u00e4ll\u00e4 maalilla\",\"breadcrumb\":{\"@id\":\"https:\\\/\\\/etnoart.eu\\\/fi\\\/toode\\\/kierretty-oven-vedin\\\/#breadcrumb\"},\"inLanguage\":\"fi\",\"potentialAction\":[{\"@type\":\"ReadAction\",\"target\":[\"https:\\\/\\\/etnoart.eu\\\/fi\\\/toode\\\/kierretty-oven-vedin\\\/\"]}]},{\"@type\":\"ImageObject\",\"inLanguage\":\"fi\",\"@id\":\"https:\\\/\\\/etnoart.eu\\\/fi\\\/toode\\\/kierretty-oven-vedin\\\/#primaryimage\",\"url\":\"https:\\\/\\\/etnoart.eu\\\/wp-content\\\/uploads\\\/2023\\\/06\\\/961-KAEPIDE-KEERUS-Kaepidemed-ja-uksekoputid.jpg\",\"contentUrl\":\"https:\\\/\\\/etnoart.eu\\\/wp-content\\\/uploads\\\/2023\\\/06\\\/961-KAEPIDE-KEERUS-Kaepidemed-ja-uksekoputid.jpg\",\"width\":750,\"height\":750,\"caption\":\"Kierretty Oven-vedin\"},{\"@type\":\"BreadcrumbList\",\"@id\":\"https:\\\/\\\/etnoart.eu\\\/fi\\\/toode\\\/kierretty-oven-vedin\\\/#breadcrumb\",\"itemListElement\":[{\"@type\":\"ListItem\",\"position\":1,\"name\":\"Home\",\"item\":\"https:\\\/\\\/etnoart.eu\\\/fi\\\/\"},{\"@type\":\"ListItem\",\"position\":2,\"name\":\"Shop\",\"item\":\"https:\\\/\\\/etnoart.eu\\\/pood\\\/\"},{\"@type\":\"ListItem\",\"position\":3,\"name\":\"Kierretty Oven-vedin\"}]},{\"@type\":\"WebSite\",\"@id\":\"https:\\\/\\\/etnoart.eu\\\/#website\",\"url\":\"https:\\\/\\\/etnoart.eu\\\/\",\"name\":\"Etnoart\",\"description\":\"K&auml;sit&ouml;&ouml;pood\",\"publisher\":{\"@id\":\"https:\\\/\\\/etnoart.eu\\\/#organization\"},\"potentialAction\":[{\"@type\":\"SearchAction\",\"target\":{\"@type\":\"EntryPoint\",\"urlTemplate\":\"https:\\\/\\\/etnoart.eu\\\/?s={search_term_string}\"},\"query-input\":{\"@type\":\"PropertyValueSpecification\",\"valueRequired\":true,\"valueName\":\"search_term_string\"}}],\"inLanguage\":\"fi\"},{\"@type\":\"Organization\",\"@id\":\"https:\\\/\\\/etnoart.eu\\\/#organization\",\"name\":\"Etnoart O\u00dc\",\"url\":\"https:\\\/\\\/etnoart.eu\\\/\",\"logo\":{\"@type\":\"ImageObject\",\"inLanguage\":\"fi\",\"@id\":\"https:\\\/\\\/etnoart.eu\\\/#\\\/schema\\\/logo\\\/image\\\/\",\"url\":\"https:\\\/\\\/etnoart.eu\\\/wp-content\\\/uploads\\\/2023\\\/06\\\/etnoart-logo.png\",\"contentUrl\":\"https:\\\/\\\/etnoart.eu\\\/wp-content\\\/uploads\\\/2023\\\/06\\\/etnoart-logo.png\",\"width\":491,\"height\":184,\"caption\":\"Etnoart O\u00dc\"},\"image\":{\"@id\":\"https:\\\/\\\/etnoart.eu\\\/#\\\/schema\\\/logo\\\/image\\\/\"},\"sameAs\":[\"https:\\\/\\\/www.facebook.com\\\/etnoart.handicraft.shop\"]}]}<\/script>\n<!-- \/ Yoast SEO plugin. -->","yoast_head_json":{"title":"Kierretty Oven-vedin |EtnoArt| Ovenkahvat ja ovenkolkuttimet","description":"Kierretty Oven-vedin suurille oville ja porteille. Vahva ja s\u00e4\u00e4nkest\u00e4v\u00e4 rautakahva ulko- tai sis\u00e4k\u00e4ytt\u00f6\u00f6n. Tuote on maalattu s\u00e4\u00e4nkest\u00e4v\u00e4ll\u00e4 maalilla","robots":{"index":"index","follow":"follow","max-snippet":"max-snippet:-1","max-image-preview":"max-image-preview:large","max-video-preview":"max-video-preview:-1"},"canonical":"https:\/\/etnoart.eu\/fi\/toode\/kierretty-oven-vedin\/","og_locale":"fi_FI","og_type":"article","og_title":"Kierretty Oven-vedin |EtnoArt| Ovenkahvat ja ovenkolkuttimet","og_description":"Kierretty Oven-vedin suurille oville ja porteille. Vahva ja s\u00e4\u00e4nkest\u00e4v\u00e4 rautakahva ulko- tai sis\u00e4k\u00e4ytt\u00f6\u00f6n. Tuote on maalattu s\u00e4\u00e4nkest\u00e4v\u00e4ll\u00e4 maalilla","og_url":"https:\/\/etnoart.eu\/fi\/toode\/kierretty-oven-vedin\/","og_site_name":"Etnoart","article_publisher":"https:\/\/www.facebook.com\/etnoart.handicraft.shop","article_modified_time":"2025-04-05T15:20:32+00:00","og_image":[{"width":750,"height":750,"url":"https:\/\/etnoart.eu\/wp-content\/uploads\/2023\/06\/961-KAEPIDE-KEERUS-Kaepidemed-ja-uksekoputid.jpg","type":"image\/jpeg"}],"twitter_card":"summary_large_image","twitter_misc":{"Arvioitu lukuaika":"1 minuutti"},"schema":{"@context":"https:\/\/schema.org","@graph":[{"@type":"WebPage","@id":"https:\/\/etnoart.eu\/fi\/toode\/kierretty-oven-vedin\/","url":"https:\/\/etnoart.eu\/fi\/toode\/kierretty-oven-vedin\/","name":"Kierretty Oven-vedin |EtnoArt| Ovenkahvat ja ovenkolkuttimet","isPartOf":{"@id":"https:\/\/etnoart.eu\/#website"},"primaryImageOfPage":{"@id":"https:\/\/etnoart.eu\/fi\/toode\/kierretty-oven-vedin\/#primaryimage"},"image":{"@id":"https:\/\/etnoart.eu\/fi\/toode\/kierretty-oven-vedin\/#primaryimage"},"thumbnailUrl":"https:\/\/etnoart.eu\/wp-content\/uploads\/2023\/06\/961-KAEPIDE-KEERUS-Kaepidemed-ja-uksekoputid.jpg","datePublished":"2023-06-08T08:54:30+00:00","dateModified":"2025-04-05T15:20:32+00:00","description":"Kierretty Oven-vedin suurille oville ja porteille. Vahva ja s\u00e4\u00e4nkest\u00e4v\u00e4 rautakahva ulko- tai sis\u00e4k\u00e4ytt\u00f6\u00f6n. Tuote on maalattu s\u00e4\u00e4nkest\u00e4v\u00e4ll\u00e4 maalilla","breadcrumb":{"@id":"https:\/\/etnoart.eu\/fi\/toode\/kierretty-oven-vedin\/#breadcrumb"},"inLanguage":"fi","potentialAction":[{"@type":"ReadAction","target":["https:\/\/etnoart.eu\/fi\/toode\/kierretty-oven-vedin\/"]}]},{"@type":"ImageObject","inLanguage":"fi","@id":"https:\/\/etnoart.eu\/fi\/toode\/kierretty-oven-vedin\/#primaryimage","url":"https:\/\/etnoart.eu\/wp-content\/uploads\/2023\/06\/961-KAEPIDE-KEERUS-Kaepidemed-ja-uksekoputid.jpg","contentUrl":"https:\/\/etnoart.eu\/wp-content\/uploads\/2023\/06\/961-KAEPIDE-KEERUS-Kaepidemed-ja-uksekoputid.jpg","width":750,"height":750,"caption":"Kierretty Oven-vedin"},{"@type":"BreadcrumbList","@id":"https:\/\/etnoart.eu\/fi\/toode\/kierretty-oven-vedin\/#breadcrumb","itemListElement":[{"@type":"ListItem","position":1,"name":"Home","item":"https:\/\/etnoart.eu\/fi\/"},{"@type":"ListItem","position":2,"name":"Shop","item":"https:\/\/etnoart.eu\/pood\/"},{"@type":"ListItem","position":3,"name":"Kierretty Oven-vedin"}]},{"@type":"WebSite","@id":"https:\/\/etnoart.eu\/#website","url":"https:\/\/etnoart.eu\/","name":"Etnoart","description":"K&auml;sit&ouml;&ouml;pood","publisher":{"@id":"https:\/\/etnoart.eu\/#organization"},"potentialAction":[{"@type":"SearchAction","target":{"@type":"EntryPoint","urlTemplate":"https:\/\/etnoart.eu\/?s={search_term_string}"},"query-input":{"@type":"PropertyValueSpecification","valueRequired":true,"valueName":"search_term_string"}}],"inLanguage":"fi"},{"@type":"Organization","@id":"https:\/\/etnoart.eu\/#organization","name":"Etnoart O\u00dc","url":"https:\/\/etnoart.eu\/","logo":{"@type":"ImageObject","inLanguage":"fi","@id":"https:\/\/etnoart.eu\/#\/schema\/logo\/image\/","url":"https:\/\/etnoart.eu\/wp-content\/uploads\/2023\/06\/etnoart-logo.png","contentUrl":"https:\/\/etnoart.eu\/wp-content\/uploads\/2023\/06\/etnoart-logo.png","width":491,"height":184,"caption":"Etnoart O\u00dc"},"image":{"@id":"https:\/\/etnoart.eu\/#\/schema\/logo\/image\/"},"sameAs":["https:\/\/www.facebook.com\/etnoart.handicraft.shop"]}]}},"builder_content":"","_links":{"self":[{"href":"https:\/\/etnoart.eu\/fi\/wp-json\/wp\/v2\/product\/5903","targetHints":{"allow":["GET"]}}],"collection":[{"href":"https:\/\/etnoart.eu\/fi\/wp-json\/wp\/v2\/product"}],"about":[{"href":"https:\/\/etnoart.eu\/fi\/wp-json\/wp\/v2\/types\/product"}],"wp:featuredmedia":[{"embeddable":true,"href":"https:\/\/etnoart.eu\/fi\/wp-json\/wp\/v2\/media\/2691"}],"wp:attachment":[{"href":"https:\/\/etnoart.eu\/fi\/wp-json\/wp\/v2\/media?parent=5903"}],"wp:term":[{"taxonomy":"product_brand","embeddable":true,"href":"https:\/\/etnoart.eu\/fi\/wp-json\/wp\/v2\/product_brand?post=5903"},{"taxonomy":"product_cat","embeddable":true,"href":"https:\/\/etnoart.eu\/fi\/wp-json\/wp\/v2\/product_cat?post=5903"},{"taxonomy":"product_tag","embeddable":true,"href":"https:\/\/etnoart.eu\/fi\/wp-json\/wp\/v2\/product_tag?post=5903"}],"curies":[{"name":"wp","href":"https:\/\/api.w.org\/{rel}","templated":true}]}}