{"id":5895,"date":"2023-06-08T08:52:33","date_gmt":"2023-06-08T08:52:33","guid":{"rendered":"https:\/\/etnoart.eu\/toode\/kaepide-aknale\/"},"modified":"2025-04-05T14:17:33","modified_gmt":"2025-04-05T14:17:33","slug":"ikkunanpainike-takorauta","status":"publish","type":"product","link":"https:\/\/etnoart.eu\/fi\/toode\/ikkunanpainike-takorauta\/","title":{"rendered":"Ikkunanpainike  takorauta"},"content":{"rendered":"<p>T\u00e4m\u00e4 <strong>Ikkunanpainike<\/strong> on k\u00e4sin taottu perinteiseen tapaan sep\u00e4n toimesta. Materiaalina on k\u00e4ytetty aitoa takorautaa, joka on puhdistettu, kuumennettu tiettyyn l\u00e4mp\u00f6tilaan ja sitten upotettu pellava\u00f6ljyyn. T\u00e4m\u00e4 prosessi \u2013 mustaus \u2013 muodostaa rautaan suojaavan pinnan ja tuo upeasti esiin sep\u00e4nty\u00f6n yksityiskohdat. Suoraa s\u00e4\u00e4nkest\u00e4vyytt\u00e4 ei ole, joten puhdistus tapahtuu \u00f6ljyisell\u00e4 liinalla.<\/p>\n<p>Ikkunanpainike painaa noin 80 grammaa ja sen leveys on 8,5 cm. Tuote on yhteensopiva suurimman osan kaupoissa myyt\u00e4vien standardien ikkunalukkojen kanssa \u2013 kiinnityslevyn ruuvinreikien et\u00e4isyys vastaa teollisesti valmistettujen mallien mittoja.<\/p>\n<p>K\u00e4ytet\u00e4\u00e4n ikkunan lukituksen avaamiseen ja sopii erinomaisesti hirsim\u00f6kkeihin, saunoihin ja perinteisiin rakennuksiin, joissa arvostetaan rustiikkista k\u00e4sity\u00f6henke\u00e4. Painike antaa persoonallisen ilmeen ja toimii kest\u00e4v\u00e4n\u00e4 vaihtoehtona massatuotannolle.<\/p>\n<p>Jokainen kappale on ainutlaatuinen, koska k\u00e4sity\u00f6 ei toistu t\u00e4ysin samanlaisena.<\/p>\n<p>\ud83d\udd27 Ruuvit eiv\u00e4t sis\u00e4lly toimitukseen. T\u00e4ll\u00e4 hetkell\u00e4 saatavilla vain mustattuna versiona.<\/p>\n","protected":false},"excerpt":{"rendered":"<p>K\u00e4sin taottu ikkunanpainike takoraudasta. Mustattu pinta, rustiikkinen tyyli, sopii hirsim\u00f6keille ja perinteisiin ikkunoihin.<br \/>\n<strong>Leveys:<\/strong> 8,5cm<br \/>\n<strong>Tuotteen paino:<\/strong> 100g<br \/>\n<strong>Tuotteen viimeistely:<\/strong> \u00f6ljy\u00e4m\u00e4ll\u00e4 mustaus<\/p>\n","protected":false},"featured_media":5891,"template":"","meta":[],"product_brand":[],"product_cat":[388],"product_tag":[],"class_list":{"0":"post-5895","1":"product","2":"type-product","3":"status-publish","4":"has-post-thumbnail","6":"product_cat-ovenkahvat-ja-ovenkolkuttimet","7":"has-post-title","8":"has-post-date","9":"has-post-category","10":"has-post-tag","11":"has-post-comment","12":"has-post-author","13":"","15":"first","16":"instock","17":"taxable","18":"shipping-taxable","19":"purchasable","20":"product-type-simple"},"yoast_head":"<!-- This site is optimized with the Yoast SEO plugin v27.3 - https:\/\/yoast.com\/product\/yoast-seo-wordpress\/ -->\n<title>Ikkunanpainike takorauta |EtnoArt| Ovenkahvat ja ovenkolkuttimet<\/title>\n<meta name=\"description\" content=\"K\u00e4sin taottu ikkunanpainike takoraudasta. Mustattu pinta, rustiikkinen tyyli, sopii hirsim\u00f6keille ja perinteisiin ikkunoihin.\" \/>\n<meta name=\"robots\" content=\"index, follow, max-snippet:-1, max-image-preview:large, max-video-preview:-1\" \/>\n<link rel=\"canonical\" href=\"https:\/\/etnoart.eu\/fi\/toode\/ikkunanpainike-takorauta\/\" \/>\n<meta property=\"og:locale\" content=\"fi_FI\" \/>\n<meta property=\"og:type\" content=\"article\" \/>\n<meta property=\"og:title\" content=\"Ikkunanpainike takorauta |EtnoArt| Ovenkahvat ja ovenkolkuttimet\" \/>\n<meta property=\"og:description\" content=\"K\u00e4sin taottu ikkunanpainike takoraudasta. Mustattu pinta, rustiikkinen tyyli, sopii hirsim\u00f6keille ja perinteisiin ikkunoihin.\" \/>\n<meta property=\"og:url\" content=\"https:\/\/etnoart.eu\/fi\/toode\/ikkunanpainike-takorauta\/\" \/>\n<meta property=\"og:site_name\" content=\"Etnoart\" \/>\n<meta property=\"article:publisher\" content=\"https:\/\/www.facebook.com\/etnoart.handicraft.shop\" \/>\n<meta property=\"article:modified_time\" content=\"2025-04-05T14:17:33+00:00\" \/>\n<meta property=\"og:image\" content=\"https:\/\/etnoart.eu\/wp-content\/uploads\/2023\/06\/Kaepide-aknale.png\" \/>\n\t<meta property=\"og:image:width\" content=\"1000\" \/>\n\t<meta property=\"og:image:height\" content=\"1000\" \/>\n\t<meta property=\"og:image:type\" content=\"image\/png\" \/>\n<meta name=\"twitter:card\" content=\"summary_large_image\" \/>\n<meta name=\"twitter:label1\" content=\"Arvioitu lukuaika\" \/>\n\t<meta name=\"twitter:data1\" content=\"2 minuuttia\" \/>\n<script type=\"application\/ld+json\" class=\"yoast-schema-graph\">{\"@context\":\"https:\\\/\\\/schema.org\",\"@graph\":[{\"@type\":\"WebPage\",\"@id\":\"https:\\\/\\\/etnoart.eu\\\/fi\\\/toode\\\/ikkunanpainike-takorauta\\\/\",\"url\":\"https:\\\/\\\/etnoart.eu\\\/fi\\\/toode\\\/ikkunanpainike-takorauta\\\/\",\"name\":\"Ikkunanpainike takorauta |EtnoArt| Ovenkahvat ja ovenkolkuttimet\",\"isPartOf\":{\"@id\":\"https:\\\/\\\/etnoart.eu\\\/#website\"},\"primaryImageOfPage\":{\"@id\":\"https:\\\/\\\/etnoart.eu\\\/fi\\\/toode\\\/ikkunanpainike-takorauta\\\/#primaryimage\"},\"image\":{\"@id\":\"https:\\\/\\\/etnoart.eu\\\/fi\\\/toode\\\/ikkunanpainike-takorauta\\\/#primaryimage\"},\"thumbnailUrl\":\"https:\\\/\\\/etnoart.eu\\\/wp-content\\\/uploads\\\/2023\\\/06\\\/Kaepide-aknale.png\",\"datePublished\":\"2023-06-08T08:52:33+00:00\",\"dateModified\":\"2025-04-05T14:17:33+00:00\",\"description\":\"K\u00e4sin taottu ikkunanpainike takoraudasta. Mustattu pinta, rustiikkinen tyyli, sopii hirsim\u00f6keille ja perinteisiin ikkunoihin.\",\"breadcrumb\":{\"@id\":\"https:\\\/\\\/etnoart.eu\\\/fi\\\/toode\\\/ikkunanpainike-takorauta\\\/#breadcrumb\"},\"inLanguage\":\"fi\",\"potentialAction\":[{\"@type\":\"ReadAction\",\"target\":[\"https:\\\/\\\/etnoart.eu\\\/fi\\\/toode\\\/ikkunanpainike-takorauta\\\/\"]}]},{\"@type\":\"ImageObject\",\"inLanguage\":\"fi\",\"@id\":\"https:\\\/\\\/etnoart.eu\\\/fi\\\/toode\\\/ikkunanpainike-takorauta\\\/#primaryimage\",\"url\":\"https:\\\/\\\/etnoart.eu\\\/wp-content\\\/uploads\\\/2023\\\/06\\\/Kaepide-aknale.png\",\"contentUrl\":\"https:\\\/\\\/etnoart.eu\\\/wp-content\\\/uploads\\\/2023\\\/06\\\/Kaepide-aknale.png\",\"width\":1000,\"height\":1000,\"caption\":\"Ikkunanpainike takorauta\"},{\"@type\":\"BreadcrumbList\",\"@id\":\"https:\\\/\\\/etnoart.eu\\\/fi\\\/toode\\\/ikkunanpainike-takorauta\\\/#breadcrumb\",\"itemListElement\":[{\"@type\":\"ListItem\",\"position\":1,\"name\":\"Home\",\"item\":\"https:\\\/\\\/etnoart.eu\\\/fi\\\/\"},{\"@type\":\"ListItem\",\"position\":2,\"name\":\"Shop\",\"item\":\"https:\\\/\\\/etnoart.eu\\\/pood\\\/\"},{\"@type\":\"ListItem\",\"position\":3,\"name\":\"Ikkunanpainike takorauta\"}]},{\"@type\":\"WebSite\",\"@id\":\"https:\\\/\\\/etnoart.eu\\\/#website\",\"url\":\"https:\\\/\\\/etnoart.eu\\\/\",\"name\":\"Etnoart\",\"description\":\"K&auml;sit&ouml;&ouml;pood\",\"publisher\":{\"@id\":\"https:\\\/\\\/etnoart.eu\\\/#organization\"},\"potentialAction\":[{\"@type\":\"SearchAction\",\"target\":{\"@type\":\"EntryPoint\",\"urlTemplate\":\"https:\\\/\\\/etnoart.eu\\\/?s={search_term_string}\"},\"query-input\":{\"@type\":\"PropertyValueSpecification\",\"valueRequired\":true,\"valueName\":\"search_term_string\"}}],\"inLanguage\":\"fi\"},{\"@type\":\"Organization\",\"@id\":\"https:\\\/\\\/etnoart.eu\\\/#organization\",\"name\":\"Etnoart O\u00dc\",\"url\":\"https:\\\/\\\/etnoart.eu\\\/\",\"logo\":{\"@type\":\"ImageObject\",\"inLanguage\":\"fi\",\"@id\":\"https:\\\/\\\/etnoart.eu\\\/#\\\/schema\\\/logo\\\/image\\\/\",\"url\":\"https:\\\/\\\/etnoart.eu\\\/wp-content\\\/uploads\\\/2023\\\/06\\\/etnoart-logo.png\",\"contentUrl\":\"https:\\\/\\\/etnoart.eu\\\/wp-content\\\/uploads\\\/2023\\\/06\\\/etnoart-logo.png\",\"width\":491,\"height\":184,\"caption\":\"Etnoart O\u00dc\"},\"image\":{\"@id\":\"https:\\\/\\\/etnoart.eu\\\/#\\\/schema\\\/logo\\\/image\\\/\"},\"sameAs\":[\"https:\\\/\\\/www.facebook.com\\\/etnoart.handicraft.shop\"]}]}<\/script>\n<!-- \/ Yoast SEO plugin. -->","yoast_head_json":{"title":"Ikkunanpainike takorauta |EtnoArt| Ovenkahvat ja ovenkolkuttimet","description":"K\u00e4sin taottu ikkunanpainike takoraudasta. Mustattu pinta, rustiikkinen tyyli, sopii hirsim\u00f6keille ja perinteisiin ikkunoihin.","robots":{"index":"index","follow":"follow","max-snippet":"max-snippet:-1","max-image-preview":"max-image-preview:large","max-video-preview":"max-video-preview:-1"},"canonical":"https:\/\/etnoart.eu\/fi\/toode\/ikkunanpainike-takorauta\/","og_locale":"fi_FI","og_type":"article","og_title":"Ikkunanpainike takorauta |EtnoArt| Ovenkahvat ja ovenkolkuttimet","og_description":"K\u00e4sin taottu ikkunanpainike takoraudasta. Mustattu pinta, rustiikkinen tyyli, sopii hirsim\u00f6keille ja perinteisiin ikkunoihin.","og_url":"https:\/\/etnoart.eu\/fi\/toode\/ikkunanpainike-takorauta\/","og_site_name":"Etnoart","article_publisher":"https:\/\/www.facebook.com\/etnoart.handicraft.shop","article_modified_time":"2025-04-05T14:17:33+00:00","og_image":[{"width":1000,"height":1000,"url":"https:\/\/etnoart.eu\/wp-content\/uploads\/2023\/06\/Kaepide-aknale.png","type":"image\/png"}],"twitter_card":"summary_large_image","twitter_misc":{"Arvioitu lukuaika":"2 minuuttia"},"schema":{"@context":"https:\/\/schema.org","@graph":[{"@type":"WebPage","@id":"https:\/\/etnoart.eu\/fi\/toode\/ikkunanpainike-takorauta\/","url":"https:\/\/etnoart.eu\/fi\/toode\/ikkunanpainike-takorauta\/","name":"Ikkunanpainike takorauta |EtnoArt| Ovenkahvat ja ovenkolkuttimet","isPartOf":{"@id":"https:\/\/etnoart.eu\/#website"},"primaryImageOfPage":{"@id":"https:\/\/etnoart.eu\/fi\/toode\/ikkunanpainike-takorauta\/#primaryimage"},"image":{"@id":"https:\/\/etnoart.eu\/fi\/toode\/ikkunanpainike-takorauta\/#primaryimage"},"thumbnailUrl":"https:\/\/etnoart.eu\/wp-content\/uploads\/2023\/06\/Kaepide-aknale.png","datePublished":"2023-06-08T08:52:33+00:00","dateModified":"2025-04-05T14:17:33+00:00","description":"K\u00e4sin taottu ikkunanpainike takoraudasta. Mustattu pinta, rustiikkinen tyyli, sopii hirsim\u00f6keille ja perinteisiin ikkunoihin.","breadcrumb":{"@id":"https:\/\/etnoart.eu\/fi\/toode\/ikkunanpainike-takorauta\/#breadcrumb"},"inLanguage":"fi","potentialAction":[{"@type":"ReadAction","target":["https:\/\/etnoart.eu\/fi\/toode\/ikkunanpainike-takorauta\/"]}]},{"@type":"ImageObject","inLanguage":"fi","@id":"https:\/\/etnoart.eu\/fi\/toode\/ikkunanpainike-takorauta\/#primaryimage","url":"https:\/\/etnoart.eu\/wp-content\/uploads\/2023\/06\/Kaepide-aknale.png","contentUrl":"https:\/\/etnoart.eu\/wp-content\/uploads\/2023\/06\/Kaepide-aknale.png","width":1000,"height":1000,"caption":"Ikkunanpainike takorauta"},{"@type":"BreadcrumbList","@id":"https:\/\/etnoart.eu\/fi\/toode\/ikkunanpainike-takorauta\/#breadcrumb","itemListElement":[{"@type":"ListItem","position":1,"name":"Home","item":"https:\/\/etnoart.eu\/fi\/"},{"@type":"ListItem","position":2,"name":"Shop","item":"https:\/\/etnoart.eu\/pood\/"},{"@type":"ListItem","position":3,"name":"Ikkunanpainike takorauta"}]},{"@type":"WebSite","@id":"https:\/\/etnoart.eu\/#website","url":"https:\/\/etnoart.eu\/","name":"Etnoart","description":"K&auml;sit&ouml;&ouml;pood","publisher":{"@id":"https:\/\/etnoart.eu\/#organization"},"potentialAction":[{"@type":"SearchAction","target":{"@type":"EntryPoint","urlTemplate":"https:\/\/etnoart.eu\/?s={search_term_string}"},"query-input":{"@type":"PropertyValueSpecification","valueRequired":true,"valueName":"search_term_string"}}],"inLanguage":"fi"},{"@type":"Organization","@id":"https:\/\/etnoart.eu\/#organization","name":"Etnoart O\u00dc","url":"https:\/\/etnoart.eu\/","logo":{"@type":"ImageObject","inLanguage":"fi","@id":"https:\/\/etnoart.eu\/#\/schema\/logo\/image\/","url":"https:\/\/etnoart.eu\/wp-content\/uploads\/2023\/06\/etnoart-logo.png","contentUrl":"https:\/\/etnoart.eu\/wp-content\/uploads\/2023\/06\/etnoart-logo.png","width":491,"height":184,"caption":"Etnoart O\u00dc"},"image":{"@id":"https:\/\/etnoart.eu\/#\/schema\/logo\/image\/"},"sameAs":["https:\/\/www.facebook.com\/etnoart.handicraft.shop"]}]}},"builder_content":"","_links":{"self":[{"href":"https:\/\/etnoart.eu\/fi\/wp-json\/wp\/v2\/product\/5895","targetHints":{"allow":["GET"]}}],"collection":[{"href":"https:\/\/etnoart.eu\/fi\/wp-json\/wp\/v2\/product"}],"about":[{"href":"https:\/\/etnoart.eu\/fi\/wp-json\/wp\/v2\/types\/product"}],"wp:featuredmedia":[{"embeddable":true,"href":"https:\/\/etnoart.eu\/fi\/wp-json\/wp\/v2\/media\/5891"}],"wp:attachment":[{"href":"https:\/\/etnoart.eu\/fi\/wp-json\/wp\/v2\/media?parent=5895"}],"wp:term":[{"taxonomy":"product_brand","embeddable":true,"href":"https:\/\/etnoart.eu\/fi\/wp-json\/wp\/v2\/product_brand?post=5895"},{"taxonomy":"product_cat","embeddable":true,"href":"https:\/\/etnoart.eu\/fi\/wp-json\/wp\/v2\/product_cat?post=5895"},{"taxonomy":"product_tag","embeddable":true,"href":"https:\/\/etnoart.eu\/fi\/wp-json\/wp\/v2\/product_tag?post=5895"}],"curies":[{"name":"wp","href":"https:\/\/api.w.org\/{rel}","templated":true}]}}